{"id":1041,"date":"2025-04-16T05:34:12","date_gmt":"2025-04-16T05:34:12","guid":{"rendered":"https:\/\/chinacustomboxes.com\/?post_type=product&#038;p=1041"},"modified":"2025-04-30T01:44:05","modified_gmt":"2025-04-30T01:44:05","slug":"collapsible-magnetic-gifts-box-for-christmas-promotional","status":"publish","type":"product","link":"https:\/\/chinacustomboxes.com\/de\/collapsible-magnetic-gifts-box-for-christmas-promotional\/","title":{"rendered":"Zusammenklappbare magnetische Geschenke Box f\u00fcr Weihnachten Werbeartikel"},"content":{"rendered":"<h2 id=\"1-geometric-aesthetics-and-functional-innovation-\">1.\u00a0<strong>Geometrische \u00c4sthetik und funktionale Innovation<\/strong><\/h2>\n<ul>\n<li><strong>Polyeder als innovative Struktur<\/strong>: Das 12-seitige geometrische Design durchbricht die Beschr\u00e4nkungen der traditionellen quadratischen\/kreisf\u00f6rmigen Schachtel und die winklige Faltfl\u00e4che sorgt f\u00fcr eine visuelle Schichtung und skulpturale \u00e4sthetische Wirkung. Die eingebettete, mechanisch optimierte St\u00fctzstruktur sorgt daf\u00fcr, dass die Steifigkeit nach dem Falten erhalten bleibt, und die Druckfestigkeit wird um 35% erh\u00f6ht.<\/li>\n<li><strong>Dynamisches Klappsystem<\/strong>: Der Schachtelk\u00f6rper kann um 360\u00b0 frei gefaltet werden, und der Winkel und die Tiefe der Faltlinie werden durch die Stanz-Rill-Technologie genau kontrolliert. Nach dem Falten ist das Volumen auf 1\/6 des ungefalteten Zustands reduziert, und die Speicherplatzbelegungsrate ist um 58% reduziert.<\/li>\n<\/ul>\n<h2 id=\"2-environmental-protection-and-sustainability-\">2.\u00a0<strong>Umweltschutz und Nachhaltigkeit<\/strong><\/h2>\n<ul>\n<li><strong>FSC-zertifizierte Materialien<\/strong>: 100% FSC-zertifiziertes, 1,5 mm dickes Graupapier wird ausgew\u00e4hlt, und die Oberfl\u00e4che wird mit einer matten, umweltfreundlichen Beschichtung auf Wasserbasis versehen, die einen r\u00fcckverfolgbaren Bericht \u00fcber die Waldbewirtschaftung liefert und die EU-Normen zur Befreiung von der Kunststoffsteuer erf\u00fcllt.<\/li>\n<li><strong>Design f\u00fcr die Kreislaufwirtschaft<\/strong>: Kann mindestens 20-mal zerst\u00f6rungsfrei gefaltet und zusammengesetzt werden und kann nach der Verschrottung 100% recycelt oder industriell kompostiert werden, mit einem Kohlenstoff-Fu\u00dfabdruck, der 42% niedriger ist als der von herk\u00f6mmlichen <a href=\"https:\/\/chinacustomboxes.com\/de\/oem-odm-rigid-slide-drawer-style-jewelry-earring-gift-boxes\/\">Geschenkboxen<\/a>.<\/li>\n<\/ul>\n<h2 id=\"3-intelligent-interactive-experience-\">3.\u00a0<strong>Intelligente interaktive Erfahrung<\/strong><\/h2>\n<ul>\n<li><strong>Magnetisches Schnellverschlusssystem<\/strong>: Hochpr\u00e4zisionsmagnete sind in die Schl\u00fcsselverbindungen des Kastenk\u00f6rpers eingebettet, um ein sekundenschnelles \u00d6ffnen und Schlie\u00dfen auf Knopfdruck zu erm\u00f6glichen, und die Betriebseffizienz ist dreimal h\u00f6her als bei der traditionellen Zungenstruktur.<\/li>\n<li><strong>Steigerung der Markenbekanntheit<\/strong>: Die Annahme eines einzigen orangefarbenen Farb-Design, mit einem minimalistischen hei\u00dfen Silber Prozess LOGO, die Farbdifferenz Kontrolle \u0394E\u22641,5, ist der Einzelhandel Display Anerkennung von 70% erh\u00f6ht.<\/li>\n<\/ul>\n<h2 id=\"4-application-scenarios-and-value-\">4.<strong>Anwendungsszenarien und Nutzen<\/strong><\/h2>\n<ul>\n<li><strong>Markenmarketing<\/strong>: Das orangefarbene Design und die polyedrische Struktur bilden einen visuellen Schwerpunkt im Regal, und die individuelle Hei\u00dfpr\u00e4gung verst\u00e4rkt die Tiefe der Markenerinnerung.<\/li>\n<li><strong>Optimierung der Logistik<\/strong>: Nach dem Falten erreicht die Ladekapazit\u00e4t einer einzelnen Schachtel 120 St\u00fcck, und die Transportkosten werden um 52% im Vergleich zu herk\u00f6mmlichen <a href=\"https:\/\/chinacustomboxes.com\/de\/private-label-luxury-cosmetic-lipstick-slide-out-gift-boxes\/\">Geschenkboxen<\/a>.<\/li>\n<li><strong>Interaktion mit dem Benutzer<\/strong>: Unterst\u00fctzung DIY sekund\u00e4re Montage (wie Weihnachtsbaumschmuck, Desktop-Speicher), erweitern die <a href=\"https:\/\/chinacustomboxes.com\/de\/vendor-child-proof-empty-510-disposable-vape-pen-packaging\/\">Verpackung<\/a> Lebenszyklus zu verbessern und die Kundenbindung zu erh\u00f6hen.<\/li>\n<\/ul>\n<h2 id=\"5-service-support-\">5.\u00a0<strong>Unterst\u00fctzung von Dienstleistungen<\/strong><\/h2>\n<ul>\n<li><strong>Ma\u00dfgeschneiderte L\u00f6sung<\/strong>: Umfangreiche Anpassungen von Gr\u00f6\u00dfe, Magnet-Layout, Druckverfahren (Offsetdruck\/ UV-Spot\/Gold-Hei\u00dfpr\u00e4gefolie), Mindestbestellmenge 500 St\u00fcck, 7-15 Tage Lieferzeit.<\/li>\n<li><strong>Unterst\u00fctzung bei der Umweltzertifizierung<\/strong>: Unterst\u00fctzung der FSC-Rechnung und des Berichts \u00fcber den CO2-Fu\u00dfabdruck zur Erf\u00fcllung der ESG-Offenlegungsanforderungen.<\/li>\n<\/ul>","protected":false},"excerpt":{"rendered":"<p>Diese Verpackungsschachtel bricht mit dem traditionellen Geschenkschachtelformat, verbessert die visuelle Schichtung und den dreidimensionalen Sinn und eignet sich f\u00fcr hochwertige Produktverpackungen. Der Schachtelk\u00f6rper kann flexibel gefaltet werden, was das Lagervolumen erheblich reduziert, die Lager- und Transportkosten senkt und f\u00fcr die Benutzer bequem zu montieren und wiederholt zu verwenden ist.<\/p>","protected":false},"featured_media":1042,"template":"","meta":{"_kad_post_transparent":"default","_kad_post_title":"","_kad_post_layout":"default","_kad_post_sidebar_id":"","_kad_post_content_style":"default","_kad_post_vertical_padding":"default","_kad_post_feature":"","_kad_post_feature_position":"","_kad_post_header":false,"_kad_post_footer":false,"_kad_post_classname":""},"product_brand":[],"product_cat":[15,17,22,18,42],"product_tag":[398,399,400],"class_list":{"0":"post-1041","1":"product","2":"type-product","3":"status-publish","4":"has-post-thumbnail","6":"product_cat-boxes-by-shapes","7":"product_cat-boxes-by-industries","8":"product_cat-collapsible-gift-boxes","9":"product_cat-magnetic-closure-boxes","10":"product_cat-promotion-gift-boxes","11":"product_tag-christmas-collapsible-gifts-box","12":"product_tag-magnetic-gifts-box","13":"product_tag-promotional-gifts-box","15":"first","16":"instock","17":"shipping-taxable","18":"product-type-simple","19":"entry","20":"content-bg","21":"loop-entry"},"_links":{"self":[{"href":"https:\/\/chinacustomboxes.com\/de\/wp-json\/wp\/v2\/product\/1041","targetHints":{"allow":["GET"]}}],"collection":[{"href":"https:\/\/chinacustomboxes.com\/de\/wp-json\/wp\/v2\/product"}],"about":[{"href":"https:\/\/chinacustomboxes.com\/de\/wp-json\/wp\/v2\/types\/product"}],"wp:featuredmedia":[{"embeddable":true,"href":"https:\/\/chinacustomboxes.com\/de\/wp-json\/wp\/v2\/media\/1042"}],"wp:attachment":[{"href":"https:\/\/chinacustomboxes.com\/de\/wp-json\/wp\/v2\/media?parent=1041"}],"wp:term":[{"taxonomy":"product_brand","embeddable":true,"href":"https:\/\/chinacustomboxes.com\/de\/wp-json\/wp\/v2\/product_brand?post=1041"},{"taxonomy":"product_cat","embeddable":true,"href":"https:\/\/chinacustomboxes.com\/de\/wp-json\/wp\/v2\/product_cat?post=1041"},{"taxonomy":"product_tag","embeddable":true,"href":"https:\/\/chinacustomboxes.com\/de\/wp-json\/wp\/v2\/product_tag?post=1041"}],"curies":[{"name":"wp","href":"https:\/\/api.w.org\/{rel}","templated":true}]}}