{"id":1115,"date":"2025-04-16T10:55:19","date_gmt":"2025-04-16T10:55:19","guid":{"rendered":"https:\/\/chinacustomboxes.com\/?post_type=product&#038;p=1115"},"modified":"2025-04-30T08:01:36","modified_gmt":"2025-04-30T08:01:36","slug":"custom-magnetic-closure-glitter-paper-box-jewelry-necklace","status":"publish","type":"product","link":"https:\/\/chinacustomboxes.com\/de\/custom-magnetic-closure-glitter-paper-box-jewelry-necklace\/","title":{"rendered":"Benutzerdefinierte Magnetverschluss Glitter Paper Box Schmuck Halskette"},"content":{"rendered":"<h2 id=\"-customized-magnetic-buckle-glitter-paper-box-jewelry-necklace-product-description-\"><strong>Kundenspezifische Magnetverschluss Glitter Papier Box Schmuck Halskette Produkt-Beschreibung<\/strong><\/h2>\n<h2 id=\"-1-magnetic-flip-top-ritual-sense-\"><strong>1. Boxen mit Magnetverschluss<\/strong><\/h2>\n<p>Dieses Schmuckk\u00e4stchen verf\u00fcgt \u00fcber eine patentierte Magnetverschluss-Struktur. Die Box K\u00f6rper und der Deckel sind genau ausgerichtet und geschlossen durch hochpr\u00e4zise Magnete. Die Saugkraft betr\u00e4gt das 1,5-fache des Industriestandards. Sie kann mit einer Hand ge\u00f6ffnet und geschlossen werden. Beim Schlie\u00dfen ert\u00f6nt ein knackiges magnetisches Ger\u00e4usch, das der Box ein rituelles Gef\u00fchl verleiht, als w\u00fcrde man ein Schmuckst\u00fcck entsiegeln. Das Innere der Schachtel ist mit einer verst\u00e4rkten rechteckigen Ringnut versehen und mit elastischen Pufferkomponenten versehen, um Druck- und Sto\u00dffestigkeit w\u00e4hrend des Transports zu gew\u00e4hrleisten. Die Stabilit\u00e4t hat 100.000 \u00d6ffnungs- und Schlie\u00dftests bestanden und erf\u00fcllt damit die dauerhaften Anforderungen an die Aufbewahrung von hochwertigem Schmuck.<\/p>\n<p><a href=\"http:\/\/chinacustomboxes.com\/de\/magnetic-closure-boxes\/\"><img fetchpriority=\"high\" decoding=\"async\" class=\"alignnone wp-image-2186 size-full\" src=\"https:\/\/chinacustomboxes.com\/wp-content\/uploads\/2025\/04\/Gift-Magnetic-Lid-Box-3.jpg\" alt=\"Geschenk-Magnetdeckelbox\" width=\"1000\" height=\"1000\" title=\"\" srcset=\"https:\/\/chinacustomboxes.com\/wp-content\/uploads\/2025\/04\/Gift-Magnetic-Lid-Box-3.jpg 1000w, https:\/\/chinacustomboxes.com\/wp-content\/uploads\/2025\/04\/Gift-Magnetic-Lid-Box-3-300x300.jpg 300w, https:\/\/chinacustomboxes.com\/wp-content\/uploads\/2025\/04\/Gift-Magnetic-Lid-Box-3-150x150.jpg 150w, https:\/\/chinacustomboxes.com\/wp-content\/uploads\/2025\/04\/Gift-Magnetic-Lid-Box-3-768x768.jpg 768w, https:\/\/chinacustomboxes.com\/wp-content\/uploads\/2025\/04\/Gift-Magnetic-Lid-Box-3-12x12.jpg 12w, https:\/\/chinacustomboxes.com\/wp-content\/uploads\/2025\/04\/Gift-Magnetic-Lid-Box-3-600x600.jpg 600w, https:\/\/chinacustomboxes.com\/wp-content\/uploads\/2025\/04\/Gift-Magnetic-Lid-Box-3-100x100.jpg 100w\" sizes=\"(max-width: 1000px) 100vw, 1000px\" \/><\/a><\/p>\n<h2 id=\"-2-minimalist-aesthetics-and-practical-details-\"><strong>2. Minimalistische \u00c4sthetik und praktische Details<\/strong><\/h2>\n<p>Die <a href=\"https:\/\/chinacustomboxes.com\/de\/bespoke-clamshell-gift-box-for-1-gram-concentrate-live-resin\/\">Geschenkbox<\/a> skizziert eine moderne, minimalistische Kontur mit geometrischen Schnittlinien. Das hochpr\u00e4zise Formgebungsverfahren mit einer Toleranz von 0,5 mm sorgt daf\u00fcr, dass der Dosenk\u00f6rper fest sitzt. Die Kanten sind 3-fach poliert und f\u00fchlen sich fein und gratfrei an. Der Magnetverschluss ist in der Innenkante des Kastendeckels versteckt, und die matte Metallkante sorgt f\u00fcr eine optische Integration und entspricht der zeitgen\u00f6ssischen Design\u00e4sthetik.<\/p>\n<h2 id=\"-3-glitter-paper-glitter-craftsmanship-\"><strong>3. Glitter Paper Glitter Handwerkskunst<\/strong><\/h2>\n<p>Der Boxenk\u00f6rper besteht aus kundenspezifischem Glitzerpapier (Glitter Paper), und die Oberfl\u00e4che wird durch UV-H\u00e4rtung mit Glitzerpartikeln im Mikrometerbereich beschichtet. Unter der Brechung des Lichts, pr\u00e4sentiert es einen Gradienten Glanz wie Galaxie Stern Sand, und hat IP5X Verschlei\u00df und Kratzfestigkeit. Die Materialst\u00e4rke betr\u00e4gt nur 1,2 mm, was 30% leichter ist als herk\u00f6mmliche <a href=\"https:\/\/chinacustomboxes.com\/de\/rigid-glitter-paper-lid-and-base-jewelry-boxes-distributors\/\">Schmuckk\u00e4stchen<\/a>und ist sowohl tragbar als auch optisch ansprechend.<\/p>\n<p><img decoding=\"async\" class=\"alignnone wp-image-1260 size-full\" src=\"https:\/\/chinacustomboxes.com\/wp-content\/uploads\/2025\/04\/Glitter-Paper-Cosmetic-Jewellery-Necklace-Boxes-4-1.jpg\" alt=\"Glitzerpapier-Schmuckk\u00e4stchen\" width=\"960\" height=\"640\" title=\"\" srcset=\"https:\/\/chinacustomboxes.com\/wp-content\/uploads\/2025\/04\/Glitter-Paper-Cosmetic-Jewellery-Necklace-Boxes-4-1.jpg 960w, https:\/\/chinacustomboxes.com\/wp-content\/uploads\/2025\/04\/Glitter-Paper-Cosmetic-Jewellery-Necklace-Boxes-4-1-300x200.jpg 300w, https:\/\/chinacustomboxes.com\/wp-content\/uploads\/2025\/04\/Glitter-Paper-Cosmetic-Jewellery-Necklace-Boxes-4-1-768x512.jpg 768w, https:\/\/chinacustomboxes.com\/wp-content\/uploads\/2025\/04\/Glitter-Paper-Cosmetic-Jewellery-Necklace-Boxes-4-1-18x12.jpg 18w, https:\/\/chinacustomboxes.com\/wp-content\/uploads\/2025\/04\/Glitter-Paper-Cosmetic-Jewellery-Necklace-Boxes-4-1-600x400.jpg 600w\" sizes=\"(max-width: 960px) 100vw, 960px\" \/><\/p>\n<h2 id=\"-4-flocking-groove-protection-system-\"><strong>4. Beflockungsrillenschutzsystem<\/strong><\/h2>\n<p>Die kundenspezifische Aufteilung im Inneren der Box, die Halskette Nut nimmt 3D-Scanning-Modellierungstechnologie, die genau auf verschiedene Kettenl\u00e4ngen und Anh\u00e4nger Gr\u00f6\u00dfen angepasst ist. Die Oberfl\u00e4che der Rille ist mit 0,8 mm Mikrofaserbeflockung bedeckt, und der Reibungskoeffizient ist \u22640,3, um Kratzer auf Metallschmuck zu vermeiden; das U-f\u00f6rmige Kartenschlitzdesign kann die Halskettenschnalle fixieren, um Verwicklungen und Knoten zu verhindern, und ist f\u00fcr eine Vielzahl von Stilen wie Schl\u00fcsselbeinketten und lange Ketten geeignet.<\/p>\n<h2 id=\"-5-pink-and-purple-collide-with-glitter-\"><strong>5. Rosa und Lila kollidieren mit Glitzer<\/strong><\/h2>\n<p>Die Hauptfarbe der Box ist rosa und lila. Die untere Schicht ist mit 6 Farben im Siebdruckverfahren bedruckt und mit einer Perlglanzbeschichtung \u00fcberlagert. Die glitzernde Oberfl\u00e4che ist sandgestrahlt, um einen Sternenlicht-Streuungseffekt zu erzeugen. Unter dem Wechsel des Lichts, kann es die beiden Atmosph\u00e4ren von Morgenlicht und D\u00e4mmerung Rose simulieren, die St\u00e4rkung der weiblichen romantischen Gen.<\/p>\n<h2 id=\"-6-hot-stamping-slogan-strengthens-memory-\"><strong>6. Gold Hei\u00dfpr\u00e4gung Folie Slogan st\u00e4rkt Speicher<\/strong><\/h2>\n<p>Der Markenslogan wird mit Laser-Hei\u00dfpr\u00e4getechnik auf die Innenseite des Schachteldeckels gedruckt. Die Schriftart hat einen dreidimensionalen Reliefeffekt von 0,1 mm. Das Gold und der rosa und violette Hintergrund bilden einen visuellen Kontrast, und das Wertversprechen der Marke wird in dem Moment vermittelt, in dem die <a href=\"https:\/\/chinacustomboxes.com\/de\/custom-recycled-kraft-paper-candle-cardboard-boxes-wholesale\/\">Box<\/a> ge\u00f6ffnet ist.<\/p>\n<h2 id=\"-7-flexible-customization-scheme-\"><strong>7. Flexibles Anpassungsschema<\/strong><\/h2>\n<p>Unterst\u00fctzt die volldimensionale Anpassung von Boxentyp, Gr\u00f6\u00dfe und Funktion:<\/p>\n<ul>\n<li><strong>Box-Typ<\/strong>Starre Schachtel\/Zylinder-Papierschachtel\/Magnetverschluss-Schachtel (optional), die Position der Magnetschnalle kann seitlich oder oben eingestellt werden;<\/li>\n<li><strong>Farbe<\/strong>: Bietet 12 grundlegende Pantone-Farboptionen, unterst\u00fctzt spezielle Farbglitter-Verh\u00e4ltnis Anpassung;<\/li>\n<li><strong>Slogan<\/strong>: Kann durch den Namen des Kunden, ein Gedenkdatum oder eine exklusive Nachricht ersetzt werden. Die Schriftbibliothek enth\u00e4lt 15 Sprachversionen;<\/li>\n<li><strong>Auskleidung<\/strong>: Flocking \/ Seide \/ Schwamm Futter optional, Nut Layout unterst\u00fctzt Reorganisation von Schmuck-Kategorie.<\/li>\n<\/ul>\n<h2 id=\"-8-environmental-protection-and-quality-control-guarantee-\"><strong>8. Umweltschutz und Qualit\u00e4tskontrolle garantieren<\/strong><\/h2>\n<p>Der Kartonk\u00f6rper besteht aus FSC-zertifiziertem umweltfreundlichem Papiersubstrat, und bei der Herstellung werden Klebstoffe auf Wasserbasis und benzolfreie Druckfarben verwendet. Jede Charge der fertigen Produkte wird 72 Stunden lang bei konstanter Temperatur und Luftfeuchtigkeit getestet, um sicherzustellen, dass die magnetische Absorptionsleistung und die Verformungsrate des Kartons \u22640,5% sind.<\/p>","protected":false},"excerpt":{"rendered":"<ul>\n<li><strong>Geschenk der Schmuckmarke<\/strong>: Als Standardverpackung f\u00fcr hochwertige Halsketten steigert sie das Auspackerlebnis und die Markenpr\u00e4mie;<\/li>\n<li><strong>Pers\u00f6nliche Gedenksammlung<\/strong>: Individuell mit Namen und Jahrestag, wird es ein emotionaler Tr\u00e4ger f\u00fcr Hochzeiten und Jahrestag Geschenke;<\/li>\n<li><strong>Display-Requisiten f\u00fcr den Einzelhandel<\/strong>: Die magnetisch zu \u00f6ffnende und zu schlie\u00dfende Vitrine ist bequem f\u00fcr die Kunden zum Anprobieren und sch\u00fctzt gleichzeitig das Aussehen des Schmucks.<\/li>\n<\/ul>","protected":false},"featured_media":1117,"template":"","meta":{"_kad_post_transparent":"default","_kad_post_title":"","_kad_post_layout":"default","_kad_post_sidebar_id":"","_kad_post_content_style":"default","_kad_post_vertical_padding":"default","_kad_post_feature":"","_kad_post_feature_position":"","_kad_post_header":false,"_kad_post_footer":false,"_kad_post_classname":""},"product_brand":[],"product_cat":[15,17,27,31,18],"product_tag":[432,431,433],"class_list":{"0":"post-1115","1":"product","2":"type-product","3":"status-publish","4":"has-post-thumbnail","6":"product_cat-boxes-by-shapes","7":"product_cat-boxes-by-industries","8":"product_cat-clamshell-boxes","9":"product_cat-jewelry-packaging-boxes","10":"product_cat-magnetic-closure-boxes","11":"product_tag-glitter-paper-jewelry-box","12":"product_tag-magnetic-closure-box","13":"product_tag-necklace-paper-box","15":"first","16":"instock","17":"shipping-taxable","18":"product-type-simple","19":"entry","20":"content-bg","21":"loop-entry"},"_links":{"self":[{"href":"https:\/\/chinacustomboxes.com\/de\/wp-json\/wp\/v2\/product\/1115","targetHints":{"allow":["GET"]}}],"collection":[{"href":"https:\/\/chinacustomboxes.com\/de\/wp-json\/wp\/v2\/product"}],"about":[{"href":"https:\/\/chinacustomboxes.com\/de\/wp-json\/wp\/v2\/types\/product"}],"wp:featuredmedia":[{"embeddable":true,"href":"https:\/\/chinacustomboxes.com\/de\/wp-json\/wp\/v2\/media\/1117"}],"wp:attachment":[{"href":"https:\/\/chinacustomboxes.com\/de\/wp-json\/wp\/v2\/media?parent=1115"}],"wp:term":[{"taxonomy":"product_brand","embeddable":true,"href":"https:\/\/chinacustomboxes.com\/de\/wp-json\/wp\/v2\/product_brand?post=1115"},{"taxonomy":"product_cat","embeddable":true,"href":"https:\/\/chinacustomboxes.com\/de\/wp-json\/wp\/v2\/product_cat?post=1115"},{"taxonomy":"product_tag","embeddable":true,"href":"https:\/\/chinacustomboxes.com\/de\/wp-json\/wp\/v2\/product_tag?post=1115"}],"curies":[{"name":"wp","href":"https:\/\/api.w.org\/{rel}","templated":true}]}}