{"id":1132,"date":"2025-04-16T12:33:46","date_gmt":"2025-04-16T12:33:46","guid":{"rendered":"https:\/\/chinacustomboxes.com\/?post_type=product&#038;p=1132"},"modified":"2025-04-30T07:09:02","modified_gmt":"2025-04-30T07:09:02","slug":"rigid-glitter-paper-lid-and-base-jewelry-boxes-distributors","status":"publish","type":"product","link":"https:\/\/chinacustomboxes.com\/de\/rigid-glitter-paper-lid-and-base-jewelry-boxes-distributors\/","title":{"rendered":"Starre Glitzerpapier-Deckel und -Boden-Schmuckk\u00e4stchen Vertriebsh\u00e4ndler"},"content":{"rendered":"<h2 id=\"1-classic-top-and-bottom-lid-structure-design-\">1.\u00a0<strong>Klassisches Design der oberen und unteren Deckelstruktur<\/strong><\/h2>\n<p>Die verschachtelte Struktur des oberen und unteren Deckels bietet eine pr\u00e4zise Passform, reibungsloses \u00d6ffnen und Schlie\u00dfen sowie eine hervorragende Abdichtung, die hochwertigen Schmuck wirksam vor Staub und Feuchtigkeit sch\u00fctzen kann. Einige Hersteller verwenden sechsseitige Schlitzmaschinen und eine nahtlose Presstechnik, um glatte und gratfreie N\u00e4hte am Schatullenk\u00f6rper zu erzielen, was die Gesamtveredelung verbessert.<\/p>\n<p><img fetchpriority=\"high\" decoding=\"async\" class=\"alignnone wp-image-1137 size-full\" src=\"https:\/\/chinacustomboxes.com\/wp-content\/uploads\/2025\/04\/Glitter-Paper-Lid-and-Base-Box-5.jpg\" alt=\"Glitzerpapier-Deckel und -Boden-Box\" width=\"800\" height=\"800\" title=\"\" srcset=\"https:\/\/chinacustomboxes.com\/wp-content\/uploads\/2025\/04\/Glitter-Paper-Lid-and-Base-Box-5.jpg 800w, https:\/\/chinacustomboxes.com\/wp-content\/uploads\/2025\/04\/Glitter-Paper-Lid-and-Base-Box-5-300x300.jpg 300w, https:\/\/chinacustomboxes.com\/wp-content\/uploads\/2025\/04\/Glitter-Paper-Lid-and-Base-Box-5-150x150.jpg 150w, https:\/\/chinacustomboxes.com\/wp-content\/uploads\/2025\/04\/Glitter-Paper-Lid-and-Base-Box-5-768x768.jpg 768w, https:\/\/chinacustomboxes.com\/wp-content\/uploads\/2025\/04\/Glitter-Paper-Lid-and-Base-Box-5-12x12.jpg 12w, https:\/\/chinacustomboxes.com\/wp-content\/uploads\/2025\/04\/Glitter-Paper-Lid-and-Base-Box-5-600x600.jpg 600w, https:\/\/chinacustomboxes.com\/wp-content\/uploads\/2025\/04\/Glitter-Paper-Lid-and-Base-Box-5-100x100.jpg 100w\" sizes=\"(max-width: 800px) 100vw, 800px\" \/><\/p>\n<h2 id=\"2-material-and-visual-effects-\">2.\u00a0<strong>Material und visuelle Effekte<\/strong><\/h2>\n<p>Das Glitter Paper Material nutzt ein spezielles Beschichtungsverfahren, um einen dynamischen Lichtbrechungseffekt zu erzielen, kombiniert mit dem warmen und kalten Kontrastdesign des Goldes <a href=\"https:\/\/chinacustomboxes.com\/de\/customized-child-resistant-rigid-paperboard-slider-box-supplier\/\">Box<\/a> K\u00f6rper und mattes Satinband Schleife, die nicht nur visuellen Fokus anziehen kann, sondern auch Eleganz hinzuf\u00fcgen. Hersteller Druck auch die Oberfl\u00e4chenstruktur durch UV-Druck und Perlglanz-Laminierung Technologie zu verbessern.<\/p>\n<p><img decoding=\"async\" class=\"alignnone wp-image-1133 size-full\" src=\"https:\/\/chinacustomboxes.com\/wp-content\/uploads\/2025\/04\/Glitter-Paper-Lid-and-Base-Box-1.jpg\" alt=\"Glitzerpapier-Deckel und -Boden-Box\" width=\"800\" height=\"800\" title=\"\" srcset=\"https:\/\/chinacustomboxes.com\/wp-content\/uploads\/2025\/04\/Glitter-Paper-Lid-and-Base-Box-1.jpg 800w, https:\/\/chinacustomboxes.com\/wp-content\/uploads\/2025\/04\/Glitter-Paper-Lid-and-Base-Box-1-300x300.jpg 300w, https:\/\/chinacustomboxes.com\/wp-content\/uploads\/2025\/04\/Glitter-Paper-Lid-and-Base-Box-1-150x150.jpg 150w, https:\/\/chinacustomboxes.com\/wp-content\/uploads\/2025\/04\/Glitter-Paper-Lid-and-Base-Box-1-768x768.jpg 768w, https:\/\/chinacustomboxes.com\/wp-content\/uploads\/2025\/04\/Glitter-Paper-Lid-and-Base-Box-1-12x12.jpg 12w, https:\/\/chinacustomboxes.com\/wp-content\/uploads\/2025\/04\/Glitter-Paper-Lid-and-Base-Box-1-600x600.jpg 600w, https:\/\/chinacustomboxes.com\/wp-content\/uploads\/2025\/04\/Glitter-Paper-Lid-and-Base-Box-1-100x100.jpg 100w\" sizes=\"(max-width: 800px) 100vw, 800px\" \/><\/p>\n<h2 id=\"3-functional-optimization-\">3.\u00a0<strong>Funktionale Optimierung<\/strong><\/h2>\n<ul>\n<li><strong>Ergonomische Gestaltung<\/strong>: Das Verh\u00e4ltnis des Deckels zum <a href=\"https:\/\/chinacustomboxes.com\/de\/custom-hair-growth-essential-oil-cardboard-box-suppliers\/\">Box<\/a> Der Korpus wurde durch mehrfache \u00d6ffnungs- und Schlie\u00dftests optimiert und l\u00e4sst sich leicht mit einer Hand \u00f6ffnen, so dass die Benutzerfreundlichkeit gew\u00e4hrleistet ist.<\/li>\n<li><strong>R\u00e4umliche Anpassungsf\u00e4higkeit<\/strong>: Unterst\u00fctzt die individuelle Gestaltung von Futterrillen (z. B. Beflockung, Schwammf\u00e4cher), passt sich an speziell geformte Schmuckst\u00fccke wie Ringe und Halsketten an und verbessert die Raumnutzung.<\/li>\n<li><strong>Dauerhaftigkeit<\/strong>: Der Schachtelk\u00f6rper besteht aus Hartpappe oder Verbundwerkstoffen. Nach Tests h\u00e4lt er dem langfristigen \u00d6ffnen und Schlie\u00dfen ohne Verformung stand. Die Glitzerschicht hat eine starke Haftung und kein Risiko von Rissen.<\/li>\n<\/ul>\n<h2 id=\"4-personalized-adjustment-\">4.\u00a0<strong>Personalisierte Anpassung<\/strong><\/h2>\n<p>Unterst\u00fctzt die flexible Anpassung von <a href=\"https:\/\/chinacustomboxes.com\/de\/custom-skin-care-beauty-oil-folding-cartons-box-wholesale\/\">Box<\/a> Gr\u00f6\u00dfe (z. B. quadratisch, rechteckig), LOGO-Hei\u00dfpr\u00e4gung\/Siebdruck (haupts\u00e4chlich Gold- und Silberfolien-Hei\u00dfpr\u00e4gung), und k\u00f6nnen Zubeh\u00f6r (wie B\u00e4nder, Magnetschnallen) hinzuf\u00fcgen oder entfernen. Unsere Verpackungen k\u00f6nnen beispielsweise in kleinen St\u00fcckzahlen individuell angepasst werden, sie k\u00f6nnen mit LOGO bedruckt und mit Innenf\u00e4chern versehen werden.<\/p>\n<h2 id=\"5-environmental-protection-and-intelligent-upgrade-\">5.\u00a0<strong>Umweltschutz und intelligente Aufr\u00fcstung<\/strong><\/h2>\n<p>Unsere Fabrik hat FSC-zertifiziertes umweltfreundliches Papier eingef\u00fchrt und die Integration von Smart Chips oder QR-Code-Technologie erforscht, um die R\u00fcckverfolgbarkeit von Produkten und interaktive Funktionen zu realisieren.<\/p>\n<p><img decoding=\"async\" class=\"alignnone wp-image-1136 size-full\" src=\"https:\/\/chinacustomboxes.com\/wp-content\/uploads\/2025\/04\/Glitter-Paper-Lid-and-Base-Box-4.jpg\" alt=\"Glitzerpapier-Deckel und -Boden-Box\" width=\"800\" height=\"800\" title=\"\" srcset=\"https:\/\/chinacustomboxes.com\/wp-content\/uploads\/2025\/04\/Glitter-Paper-Lid-and-Base-Box-4.jpg 800w, https:\/\/chinacustomboxes.com\/wp-content\/uploads\/2025\/04\/Glitter-Paper-Lid-and-Base-Box-4-300x300.jpg 300w, https:\/\/chinacustomboxes.com\/wp-content\/uploads\/2025\/04\/Glitter-Paper-Lid-and-Base-Box-4-150x150.jpg 150w, https:\/\/chinacustomboxes.com\/wp-content\/uploads\/2025\/04\/Glitter-Paper-Lid-and-Base-Box-4-768x768.jpg 768w, https:\/\/chinacustomboxes.com\/wp-content\/uploads\/2025\/04\/Glitter-Paper-Lid-and-Base-Box-4-12x12.jpg 12w, https:\/\/chinacustomboxes.com\/wp-content\/uploads\/2025\/04\/Glitter-Paper-Lid-and-Base-Box-4-600x600.jpg 600w, https:\/\/chinacustomboxes.com\/wp-content\/uploads\/2025\/04\/Glitter-Paper-Lid-and-Base-Box-4-100x100.jpg 100w\" sizes=\"(max-width: 800px) 100vw, 800px\" \/><\/p>\n<h2 id=\"6-high-value-product-packaging-\">6.\u00a0<strong>Hochwertige Produktverpackungen<\/strong><\/h2>\n<p>Haupts\u00e4chlich geeignet f\u00fcr Kategorien wie Luxusg\u00fcter, Schmuck und hochwertige Kosmetika, die sowohl ausgestellt als auch gesch\u00fctzt werden.<\/p>","protected":false},"excerpt":{"rendered":"<p>Die Struktur der klassischen Deckel- und Bodenschachteln besteht aus einem verschachtelten Design von oberem und unterem Deckel, mit hoher Passgenauigkeit, reibungslosem \u00d6ffnen und Schlie\u00dfen, guter Abdichtung und verbessertem Produktschutz. Das Glitzerpapier bietet einen dynamischen Blinkeffekt bei Lichtbrechung und zieht sofort den Blick auf sich. Geeignet f\u00fcr hochwertige Produktverpackungen wie Luxusg\u00fcter, Schmuck, Kosmetika usw., die sowohl f\u00fcr die Pr\u00e4sentation als auch f\u00fcr die Lagerung geeignet sind.<\/p>","protected":false},"featured_media":1133,"template":"","meta":{"_kad_post_transparent":"default","_kad_post_title":"","_kad_post_layout":"default","_kad_post_sidebar_id":"","_kad_post_content_style":"default","_kad_post_vertical_padding":"default","_kad_post_feature":"","_kad_post_feature_position":"","_kad_post_header":false,"_kad_post_footer":false,"_kad_post_classname":""},"product_brand":[],"product_cat":[15,17,31,19],"product_tag":[440,99,439],"class_list":{"0":"post-1132","1":"product","2":"type-product","3":"status-publish","4":"has-post-thumbnail","6":"product_cat-boxes-by-shapes","7":"product_cat-boxes-by-industries","8":"product_cat-jewelry-packaging-boxes","9":"product_cat-lid-and-base-boxes","10":"product_tag-glitter-paper-jewelry-boxes","11":"product_tag-jewelry-rigid-boxes","12":"product_tag-lid-and-base-jewelry-boxes","14":"first","15":"instock","16":"shipping-taxable","17":"product-type-simple","18":"entry","19":"content-bg","20":"loop-entry"},"_links":{"self":[{"href":"https:\/\/chinacustomboxes.com\/de\/wp-json\/wp\/v2\/product\/1132","targetHints":{"allow":["GET"]}}],"collection":[{"href":"https:\/\/chinacustomboxes.com\/de\/wp-json\/wp\/v2\/product"}],"about":[{"href":"https:\/\/chinacustomboxes.com\/de\/wp-json\/wp\/v2\/types\/product"}],"wp:featuredmedia":[{"embeddable":true,"href":"https:\/\/chinacustomboxes.com\/de\/wp-json\/wp\/v2\/media\/1133"}],"wp:attachment":[{"href":"https:\/\/chinacustomboxes.com\/de\/wp-json\/wp\/v2\/media?parent=1132"}],"wp:term":[{"taxonomy":"product_brand","embeddable":true,"href":"https:\/\/chinacustomboxes.com\/de\/wp-json\/wp\/v2\/product_brand?post=1132"},{"taxonomy":"product_cat","embeddable":true,"href":"https:\/\/chinacustomboxes.com\/de\/wp-json\/wp\/v2\/product_cat?post=1132"},{"taxonomy":"product_tag","embeddable":true,"href":"https:\/\/chinacustomboxes.com\/de\/wp-json\/wp\/v2\/product_tag?post=1132"}],"curies":[{"name":"wp","href":"https:\/\/api.w.org\/{rel}","templated":true}]}}