{"id":1156,"date":"2025-04-16T13:34:13","date_gmt":"2025-04-16T13:34:13","guid":{"rendered":"https:\/\/chinacustomboxes.com\/?post_type=product&#038;p=1156"},"modified":"2025-04-30T07:03:32","modified_gmt":"2025-04-30T07:03:32","slug":"gold-glitter-magnetic-closure-collapsible-watch-box-dealer","status":"publish","type":"product","link":"https:\/\/chinacustomboxes.com\/de\/gold-glitter-magnetic-closure-collapsible-watch-box-dealer\/","title":{"rendered":"Gold Glitter Magnetverschluss Zusammenklappbare Uhrenbox H\u00e4ndler"},"content":{"rendered":"<h2 id=\"-golden-sequin-magnetic-clasp-folding-watch-box-product-description-\"><strong>Goldene Pailletten-Magnetverschluss-Faltuhrbox Produktbeschreibung<\/strong><\/h2>\n<h2 id=\"1-precision-magnetic-box-design-\">1.\u00a0<strong>Pr\u00e4zisions-Magnetverschluss-Box-Design<\/strong><\/h2>\n<ul>\n<li>Patentierte magnetische Struktur, der \u00d6ffnungs- und Schlie\u00dfwinkel ist durch str\u00f6mungsmechanische Simulationen optimiert, und die Einhandbedienung kann 120\u00b0 sanftes \u00d6ffnen und Schlie\u00dfen erreichen. Die Magnetkraft ist gleichm\u00e4\u00dfig verteilt, und der Passungsfehler beim Schlie\u00dfen betr\u00e4gt weniger als 0,1 mm, wodurch das Risiko eines versehentlichen \u00d6ffnens w\u00e4hrend des Transports ausgeschlossen wird.<\/li>\n<li>Der Magnet ist vollst\u00e4ndig in die Zwischenschicht des Geh\u00e4uses eingebettet, ohne freiliegendes Metall, um Kratzer auf der Uhr oder Kontaktoxidation zu vermeiden. Das minimalistische Liniendesign passt zur modernen \u00c4sthetik, und die <a href=\"https:\/\/chinacustomboxes.com\/de\/distribute-magnetic-lid-rigid-box-for-lipstick-mini-perfume\/\">Box<\/a> K\u00f6rper ist in geschlossenem Zustand so glatt wie ein Spiegel.<\/li>\n<\/ul>\n<p><img fetchpriority=\"high\" decoding=\"async\" class=\"alignnone wp-image-1159 size-full\" src=\"https:\/\/chinacustomboxes.com\/wp-content\/uploads\/2025\/04\/Glitter-Gold-Magnetic-Closure-Rigid-Box-3.jpg\" alt=\"Glitter Gold Magnetverschluss Starre Box\" width=\"750\" height=\"750\" title=\"\" srcset=\"https:\/\/chinacustomboxes.com\/wp-content\/uploads\/2025\/04\/Glitter-Gold-Magnetic-Closure-Rigid-Box-3.jpg 750w, https:\/\/chinacustomboxes.com\/wp-content\/uploads\/2025\/04\/Glitter-Gold-Magnetic-Closure-Rigid-Box-3-300x300.jpg 300w, https:\/\/chinacustomboxes.com\/wp-content\/uploads\/2025\/04\/Glitter-Gold-Magnetic-Closure-Rigid-Box-3-150x150.jpg 150w, https:\/\/chinacustomboxes.com\/wp-content\/uploads\/2025\/04\/Glitter-Gold-Magnetic-Closure-Rigid-Box-3-12x12.jpg 12w, https:\/\/chinacustomboxes.com\/wp-content\/uploads\/2025\/04\/Glitter-Gold-Magnetic-Closure-Rigid-Box-3-600x600.jpg 600w, https:\/\/chinacustomboxes.com\/wp-content\/uploads\/2025\/04\/Glitter-Gold-Magnetic-Closure-Rigid-Box-3-100x100.jpg 100w\" sizes=\"(max-width: 750px) 100vw, 750px\" \/><\/p>\n<h2 id=\"2-glitter-paper-iridescent-material-\">2.\u00a0<strong>Glitzerpapier schillerndes Material<\/strong><\/h2>\n<ul>\n<li>Die Uhrenschachtel verwendet ein spezielles Verbundverfahren f\u00fcr Glitzerpapier, das Basismaterial ist FSC-zertifizierter umweltfreundlicher Zellstoff, und die Oberfl\u00e4che ist mit einer Paillettenfolie in optischer Qualit\u00e4t \u00fcberzogen. Sie kann unter der Lichtquelle mehr als 5 schillernde Farbverl\u00e4ufe darstellen und erf\u00fcllt damit die Anforderungen an die visuelle Pr\u00e4sentation von Luxusg\u00fctern.<\/li>\n<li>Die Oberfl\u00e4che ist mit einer Nano-Antifouling-Beschichtung versehen, die 100.000 Reibungstests bestanden hat, und ihre Schwei\u00df- und \u00d6lbest\u00e4ndigkeit wurde um 300% verbessert. Die Spiegelreflexion von mehr als 90% bleibt auch nach langem Gebrauch erhalten.<\/li>\n<\/ul>\n<h2 id=\"3-safety-protection-and-convenient-storage-\">3.\u00a0<strong>Sicherheitsschutz und praktische Aufbewahrung<\/strong><\/h2>\n<ul>\n<li>Die interne Struktur nimmt eine segmentierte Pufferstruktur an: 3mm Mikrofaser Anti-Kratz-Schicht auf der Oberseite + Memory-Schaum Anti-Schock-Schicht in der Mitte + Silikon-Anti-Rutsch-Pad auf der Unterseite, die eine 3-Meter-Fall Auswirkungen widerstehen kann.<\/li>\n<li>Das faltbare, mehrschichtige Design erm\u00f6glicht die Aufbewahrung von 2-3 Uhren in einer einzigen Box, die f\u00fcr alle Gr\u00f6\u00dfen geeignet ist, von 36 mm Damenuhren bis hin zu 45 mm Taucheruhren.<\/li>\n<\/ul>\n<p><img decoding=\"async\" class=\"alignnone wp-image-1158 size-full\" src=\"https:\/\/chinacustomboxes.com\/wp-content\/uploads\/2025\/04\/Glitter-Gold-Magnetic-Closure-Rigid-Box-2.jpg\" alt=\"Glitter Gold Magnetverschluss Starre Box\" width=\"750\" height=\"750\" title=\"\" srcset=\"https:\/\/chinacustomboxes.com\/wp-content\/uploads\/2025\/04\/Glitter-Gold-Magnetic-Closure-Rigid-Box-2.jpg 750w, https:\/\/chinacustomboxes.com\/wp-content\/uploads\/2025\/04\/Glitter-Gold-Magnetic-Closure-Rigid-Box-2-300x300.jpg 300w, https:\/\/chinacustomboxes.com\/wp-content\/uploads\/2025\/04\/Glitter-Gold-Magnetic-Closure-Rigid-Box-2-150x150.jpg 150w, https:\/\/chinacustomboxes.com\/wp-content\/uploads\/2025\/04\/Glitter-Gold-Magnetic-Closure-Rigid-Box-2-12x12.jpg 12w, https:\/\/chinacustomboxes.com\/wp-content\/uploads\/2025\/04\/Glitter-Gold-Magnetic-Closure-Rigid-Box-2-600x600.jpg 600w, https:\/\/chinacustomboxes.com\/wp-content\/uploads\/2025\/04\/Glitter-Gold-Magnetic-Closure-Rigid-Box-2-100x100.jpg 100w\" sizes=\"(max-width: 750px) 100vw, 750px\" \/><\/p>\n<h2 id=\"-quality-assurance-system-\"><strong>4. Qualit\u00e4tssicherungssystem<\/strong><\/h2>\n<ul>\n<li><strong>Vermerk in der Zertifizierung<\/strong>: Der Hersteller ist ein Benchmark-Unternehmen in Chinas <a href=\"https:\/\/chinacustomboxes.com\/de\/custom-commercial-clamshell-gift-cannabis-packaging-boxes\/\">Verpackung<\/a> Das Unternehmen verf\u00fcgt \u00fcber eine FSC-Forstzertifizierung, eine Zertifizierung des Qualit\u00e4tsmanagementsystems nach ISO 9001 und eine BSCI-Zertifizierung f\u00fcr soziale Verantwortung und bedient seit 16 Jahren mehr als 50 internationale Luxusmarken.<\/li>\n<li><strong>Pr\u00fcfnormen<\/strong>: Bestandener 72-Stunden-Salzspr\u00fchtest (Korrosionsbest\u00e4ndigkeit), -20\u2103~60\u2103-Temperaturwechseltest (Verformungsschutz) und 100.000-facher Erm\u00fcdungstest beim \u00d6ffnen und Schlie\u00dfen (Haltbarkeit).<\/li>\n<\/ul>\n<h2 id=\"-application-scenarios-and-value-added-services-\"><strong>Anwendungsszenarien und Mehrwertdienste<\/strong><\/h2>\n<ul>\n<li><strong>Anpassung der Marke<\/strong>: Unterst\u00fctzt LOGO Hei\u00dfpr\u00e4gung, Futter Farbe Anpassung und exklusive Duft Implantation (z. B. Sandelholz \/ Zeder Duft), um das Gef\u00fchl der \u00d6ffnung der <a href=\"https:\/\/chinacustomboxes.com\/de\/dealer-holographic-paper-clamshell-gift-vip-credit-card-box\/\">Box<\/a> und Markenbekanntheit.<\/li>\n<li><strong>Erweiterung des Szenarios<\/strong>: Neben der Aufbewahrung von Uhren k\u00f6nnen auch wertvolle Accessoires wie Manschettenkn\u00f6pfe und Eheringe darin aufbewahrt werden, was sich f\u00fcr hochwertige Szenarien wie Hochzeitsgeschenke und VIP-Geschenke eignet.<\/li>\n<\/ul>","protected":false},"excerpt":{"rendered":"<p>Die magnetische Klappdeckelschachtel l\u00e4sst sich leichtg\u00e4ngig und nat\u00fcrlich \u00f6ffnen und schlie\u00dfen und kann einfach mit einer Hand bedient werden, was sowohl der Bequemlichkeit als auch dem Sinn f\u00fcr Rituale Rechnung tr\u00e4gt. Das Glitzerpapier bietet unter der Lichtquelle einen schillernden Effekt in verschiedenen Winkeln. Das Geh\u00e4use der Box ist sauber und hat keine \u00fcberfl\u00fcssigen Linien. Im geschlossenen Zustand ist die Magnetkraft gleichm\u00e4\u00dfig verteilt, so dass sie beim Transport nicht versehentlich ge\u00f6ffnet werden kann.<\/p>","protected":false},"featured_media":1159,"template":"","meta":{"_kad_post_transparent":"default","_kad_post_title":"","_kad_post_layout":"default","_kad_post_sidebar_id":"","_kad_post_content_style":"default","_kad_post_vertical_padding":"default","_kad_post_feature":"","_kad_post_feature_position":"","_kad_post_header":false,"_kad_post_footer":false,"_kad_post_classname":""},"product_brand":[],"product_cat":[15,17,37,18],"product_tag":[451,450,431],"class_list":{"0":"post-1156","1":"product","2":"type-product","3":"status-publish","4":"has-post-thumbnail","6":"product_cat-boxes-by-shapes","7":"product_cat-boxes-by-industries","8":"product_cat-consumer-electronics-packaging","9":"product_cat-magnetic-closure-boxes","10":"product_tag-collapsible-watch-gift-box","11":"product_tag-gold-glitter-watch-box","12":"product_tag-magnetic-closure-box","14":"first","15":"instock","16":"shipping-taxable","17":"product-type-simple","18":"entry","19":"content-bg","20":"loop-entry"},"_links":{"self":[{"href":"https:\/\/chinacustomboxes.com\/de\/wp-json\/wp\/v2\/product\/1156","targetHints":{"allow":["GET"]}}],"collection":[{"href":"https:\/\/chinacustomboxes.com\/de\/wp-json\/wp\/v2\/product"}],"about":[{"href":"https:\/\/chinacustomboxes.com\/de\/wp-json\/wp\/v2\/types\/product"}],"wp:featuredmedia":[{"embeddable":true,"href":"https:\/\/chinacustomboxes.com\/de\/wp-json\/wp\/v2\/media\/1159"}],"wp:attachment":[{"href":"https:\/\/chinacustomboxes.com\/de\/wp-json\/wp\/v2\/media?parent=1156"}],"wp:term":[{"taxonomy":"product_brand","embeddable":true,"href":"https:\/\/chinacustomboxes.com\/de\/wp-json\/wp\/v2\/product_brand?post=1156"},{"taxonomy":"product_cat","embeddable":true,"href":"https:\/\/chinacustomboxes.com\/de\/wp-json\/wp\/v2\/product_cat?post=1156"},{"taxonomy":"product_tag","embeddable":true,"href":"https:\/\/chinacustomboxes.com\/de\/wp-json\/wp\/v2\/product_tag?post=1156"}],"curies":[{"name":"wp","href":"https:\/\/api.w.org\/{rel}","templated":true}]}}