{"id":1173,"date":"2025-04-17T01:17:56","date_gmt":"2025-04-17T01:17:56","guid":{"rendered":"https:\/\/chinacustomboxes.com\/?post_type=product&#038;p=1173"},"modified":"2025-04-30T06:58:22","modified_gmt":"2025-04-30T06:58:22","slug":"vendor-order-custom-rigid-drawer-box-sigwarjewelry-packaging","status":"publish","type":"product","link":"https:\/\/chinacustomboxes.com\/de\/vendor-order-custom-rigid-drawer-box-sigwarjewelry-packaging\/","title":{"rendered":"Verk\u00e4ufer bestellen benutzerdefinierte starre Schublade Box Sigwarjewelry Verpackung"},"content":{"rendered":"<h2 id=\"-product-description-of-sigwarjewelry-custom-hard-drawer-box-paper-drawer-box-\"><strong>Produktbeschreibung von Custom Rigid Drawer Box\u00a0<\/strong><\/h2>\n<h2>1.\u00a0<strong>Ergonomisch <\/strong><strong>Schublade <\/strong><strong>Gestaltung<\/strong><\/h2>\n<p>Die Papierschublade l\u00e4sst sich m\u00fchelos mit einem Papierschubladen-\u00d6ffnungs- und Schlie\u00dfsystem \u00f6ffnen, das mit einer Pr\u00e4zisionskonstruktion und einer hochpr\u00e4zisen Werkzeugtechnologie kombiniert ist. Die Verbindungen zwischen den <a href=\"https:\/\/chinacustomboxes.com\/de\/custom-essential-oil-aromatherapy-gift-sets-boxes-packaging\/\">Box<\/a> Das Geh\u00e4use und die Schublade sind verst\u00e4rkt, um ein Lockern oder Verklemmen zu verhindern, und der Betrieb kann auch bei h\u00e4ufigem Gebrauch reibungslos beibehalten werden.<\/p>\n<p><img fetchpriority=\"high\" decoding=\"async\" class=\"alignnone wp-image-1179 size-full\" src=\"https:\/\/chinacustomboxes.com\/wp-content\/uploads\/2025\/04\/Glitter-Paper-Drawer-Style-Gift-Box-With-Ribbon-1.jpg\" alt=\"Glitter Papier Schublade Stil Geschenk Box mit Band\" width=\"750\" height=\"750\" title=\"\" srcset=\"https:\/\/chinacustomboxes.com\/wp-content\/uploads\/2025\/04\/Glitter-Paper-Drawer-Style-Gift-Box-With-Ribbon-1.jpg 750w, https:\/\/chinacustomboxes.com\/wp-content\/uploads\/2025\/04\/Glitter-Paper-Drawer-Style-Gift-Box-With-Ribbon-1-300x300.jpg 300w, https:\/\/chinacustomboxes.com\/wp-content\/uploads\/2025\/04\/Glitter-Paper-Drawer-Style-Gift-Box-With-Ribbon-1-150x150.jpg 150w, https:\/\/chinacustomboxes.com\/wp-content\/uploads\/2025\/04\/Glitter-Paper-Drawer-Style-Gift-Box-With-Ribbon-1-12x12.jpg 12w, https:\/\/chinacustomboxes.com\/wp-content\/uploads\/2025\/04\/Glitter-Paper-Drawer-Style-Gift-Box-With-Ribbon-1-600x600.jpg 600w, https:\/\/chinacustomboxes.com\/wp-content\/uploads\/2025\/04\/Glitter-Paper-Drawer-Style-Gift-Box-With-Ribbon-1-100x100.jpg 100w\" sizes=\"(max-width: 750px) 100vw, 750px\" \/><\/p>\n<h2 id=\"2-fsc-certified-environmentally-friendly-materials-\">2.\u00a0<strong>FSC-zertifizierte umweltfreundliche Materialien<\/strong><\/h2>\n<p>Die Rohstoffe bestehen aus Holzfasern aus nachhaltiger Forstwirtschaft, die vom FSC (Forest Stewardship Council) zertifiziert sind, um sicherzustellen, dass der gesamte Produktionsprozess den Umweltstandards entspricht. Das Material ber\u00fccksichtigt sowohl Umweltschutzkonzepte als auch physikalische Eigenschaften. Die Druckfestigkeit erreicht ein branchenf\u00fchrendes Niveau und sch\u00fctzt die internen Produkte wirksam vor Transportverlusten.<\/p>\n<h2 id=\"3-high-strength-coated-paper-structure-\">3.\u00a0<strong>Hochfeste beschichtete Papierstruktur<\/strong><\/h2>\n<p>Die <a href=\"https:\/\/chinacustomboxes.com\/de\/custom-kraft-paper-eyeglasses-glasses-drawer-box-wholesale\/\">Box<\/a> Der Korpus besteht aus 300 g\/m\u00b2 beschichtetem Papiermaterial, dessen H\u00e4rte und Stabilit\u00e4t durch ein mehrschichtiges Verbundverfahren verbessert wurde, und die Tragf\u00e4higkeit kann mehr als 5 kg erreichen. Das Innendesign wurde wissenschaftlich berechnet, um modulare Unterteilungen (optionales Substrat oder F\u00e4cher) zu unterst\u00fctzen, die Nutzung des Volumens zu maximieren und ist f\u00fcr exquisite Produkte wie Schmuck und Uhren geeignet.<\/p>\n<p><img decoding=\"async\" class=\"alignnone wp-image-1180 size-full\" src=\"https:\/\/chinacustomboxes.com\/wp-content\/uploads\/2025\/04\/Glitter-Paper-Drawer-Style-Gift-Box-With-Ribbon-3.jpg\" alt=\"Glitter Papier Schublade Stil Geschenk Box mit Band\" width=\"750\" height=\"750\" title=\"\" srcset=\"https:\/\/chinacustomboxes.com\/wp-content\/uploads\/2025\/04\/Glitter-Paper-Drawer-Style-Gift-Box-With-Ribbon-3.jpg 750w, https:\/\/chinacustomboxes.com\/wp-content\/uploads\/2025\/04\/Glitter-Paper-Drawer-Style-Gift-Box-With-Ribbon-3-300x300.jpg 300w, https:\/\/chinacustomboxes.com\/wp-content\/uploads\/2025\/04\/Glitter-Paper-Drawer-Style-Gift-Box-With-Ribbon-3-150x150.jpg 150w, https:\/\/chinacustomboxes.com\/wp-content\/uploads\/2025\/04\/Glitter-Paper-Drawer-Style-Gift-Box-With-Ribbon-3-12x12.jpg 12w, https:\/\/chinacustomboxes.com\/wp-content\/uploads\/2025\/04\/Glitter-Paper-Drawer-Style-Gift-Box-With-Ribbon-3-600x600.jpg 600w, https:\/\/chinacustomboxes.com\/wp-content\/uploads\/2025\/04\/Glitter-Paper-Drawer-Style-Gift-Box-With-Ribbon-3-100x100.jpg 100w\" sizes=\"(max-width: 750px) 100vw, 750px\" \/><\/p>\n<h2 id=\"4-durable-nylon-handle-\">4.\u00a0<strong>Strapazierf\u00e4higer Nylongriff<\/strong><\/h2>\n<p>Der Griff ist aus hochfestem Nylongurt mit einer Zugfestigkeit von \u00fcber 100 kg gefertigt. Er ist auch nach Zehntausenden von Ausrei\u00dfversuchen nicht gebrochen. Gleichzeitig passt er sich der Kr\u00fcmmung der Handfl\u00e4che an, um den Tragekomfort zu verbessern. Unterst\u00fctzt die individuelle Anpassung von Griffbreite, Farbe und LOGO-Druck, um den Wiedererkennungswert der Marke zu erh\u00f6hen.<\/p>\n<h2 id=\"-customized-service-and-production-advantages-\"><strong>Ma\u00dfgeschneiderter Service und Produktionsvorteile<\/strong><\/h2>\n<ul>\n<li><strong>48 Stunden Schnellg\u00e4rung<\/strong>: Auf der Grundlage des digitalen Proofing-Systems werden 3D-Renderings und physische Muster gleichzeitig geliefert, um Designdetails genau wiederherzustellen.<\/li>\n<li><strong>Flexible Mindestbestellmenge<\/strong>: Unterst\u00fctzt eine Mindestbestellmenge von 500 St\u00fcck, um den Bedarf kleiner und mittelgro\u00dfer Marken an Versuchsproduktionen zu decken, und der Zyklus der Massenproduktion wird auf 7-10 Arbeitstage verk\u00fcrzt.<\/li>\n<li><strong>Hochgradig individuell<\/strong>:<\/li>\n<li><strong>Gr\u00f6\u00dfe<\/strong>: Hochgradig individuell.<\/li>\n<li><strong>Technologie<\/strong>: Optionale Oberfl\u00e4chenbehandlungsverfahren wie Hei\u00dfpr\u00e4gung, UV-Pr\u00e4gung, Siebdruck, Pr\u00e4gung usw., die den Anforderungen an eine luxuri\u00f6se Textur entsprechen.<\/li>\n<\/ul>\n<p><img decoding=\"async\" class=\"alignnone wp-image-1183 size-full\" src=\"https:\/\/chinacustomboxes.com\/wp-content\/uploads\/2025\/04\/Glitter-Paper-Drawer-Style-Gift-Box-With-Ribbon-6.jpg\" alt=\"Glitter Papier Schublade Stil Geschenk Box mit Band\" width=\"750\" height=\"750\" title=\"\" srcset=\"https:\/\/chinacustomboxes.com\/wp-content\/uploads\/2025\/04\/Glitter-Paper-Drawer-Style-Gift-Box-With-Ribbon-6.jpg 750w, https:\/\/chinacustomboxes.com\/wp-content\/uploads\/2025\/04\/Glitter-Paper-Drawer-Style-Gift-Box-With-Ribbon-6-300x300.jpg 300w, https:\/\/chinacustomboxes.com\/wp-content\/uploads\/2025\/04\/Glitter-Paper-Drawer-Style-Gift-Box-With-Ribbon-6-150x150.jpg 150w, https:\/\/chinacustomboxes.com\/wp-content\/uploads\/2025\/04\/Glitter-Paper-Drawer-Style-Gift-Box-With-Ribbon-6-12x12.jpg 12w, https:\/\/chinacustomboxes.com\/wp-content\/uploads\/2025\/04\/Glitter-Paper-Drawer-Style-Gift-Box-With-Ribbon-6-600x600.jpg 600w, https:\/\/chinacustomboxes.com\/wp-content\/uploads\/2025\/04\/Glitter-Paper-Drawer-Style-Gift-Box-With-Ribbon-6-100x100.jpg 100w\" sizes=\"(max-width: 750px) 100vw, 750px\" \/><\/p>\n<h2 id=\"-applicable-scenarios-and-certification-guarantees-\"><strong>Anwendbare Szenarien und Zertifizierungsgarantien<\/strong><\/h2>\n<ul>\n<li><strong>Anwendbare Produkte<\/strong>: Hochwertiger Schmuck, Uhren, Luxusg\u00fcter, individuelle Geschenke und andere Produkte mit hoher Wertsch\u00f6pfung <a href=\"https:\/\/chinacustomboxes.com\/de\/custom-printed-logo-essential-oil-box-packaging-wholesale\/\">Verpackung<\/a>.<\/li>\n<li><strong>Engagement f\u00fcr die Umwelt<\/strong>: Der gesamte Prozess entspricht der FSC-Zertifizierung der Produktions- und Verkaufskette und bietet r\u00fcckverfolgbare Zertifizierungsdokumente f\u00fcr Umweltschutzmaterialien.<\/li>\n<li><strong>Garantieservice<\/strong>: 12-monatige Qualit\u00e4tssicherung, Unterst\u00fctzung der stufenweisen Qualit\u00e4tspr\u00fcfung von Chargenauftr\u00e4gen und Gew\u00e4hrleistung der Lieferkonsistenz.<\/li>\n<\/ul>","protected":false},"excerpt":{"rendered":"<p>Das \u00d6ffnungs- und Schlie\u00dfsystem der Papierschublade ist ergonomisch gestaltet und erm\u00f6glicht einen reibungslosen und arbeitssparenden Betrieb. Es wird aus FSC-zertifizierten Materialien hergestellt, wobei sowohl Umweltschutzkonzepte als auch physikalische Eigenschaften ber\u00fccksichtigt werden. Es verf\u00fcgt \u00fcber ein 48-Stunden-Schnellpr\u00fcfsystem, unterst\u00fctzt eine Mindestbestellmenge von 500 St\u00fcck und kann in hohem Ma\u00dfe an Ihr Produkt angepasst werden.<\/p>","protected":false},"featured_media":1179,"template":"","meta":{"_kad_post_transparent":"default","_kad_post_title":"","_kad_post_layout":"default","_kad_post_sidebar_id":"","_kad_post_content_style":"default","_kad_post_vertical_padding":"default","_kad_post_feature":"","_kad_post_feature_position":"","_kad_post_header":false,"_kad_post_footer":false,"_kad_post_classname":""},"product_brand":[],"product_cat":[15,17,20],"product_tag":[460,461,462],"class_list":{"0":"post-1173","1":"product","2":"type-product","3":"status-publish","4":"has-post-thumbnail","6":"product_cat-boxes-by-shapes","7":"product_cat-boxes-by-industries","8":"product_cat-drawer-style-boxes","9":"product_tag-custom-drawer-box","10":"product_tag-order-custom-rigid-box","11":"product_tag-sigwarjewelry-packaging-box-order","13":"first","14":"instock","15":"shipping-taxable","16":"product-type-simple","17":"entry","18":"content-bg","19":"loop-entry"},"_links":{"self":[{"href":"https:\/\/chinacustomboxes.com\/de\/wp-json\/wp\/v2\/product\/1173","targetHints":{"allow":["GET"]}}],"collection":[{"href":"https:\/\/chinacustomboxes.com\/de\/wp-json\/wp\/v2\/product"}],"about":[{"href":"https:\/\/chinacustomboxes.com\/de\/wp-json\/wp\/v2\/types\/product"}],"wp:featuredmedia":[{"embeddable":true,"href":"https:\/\/chinacustomboxes.com\/de\/wp-json\/wp\/v2\/media\/1179"}],"wp:attachment":[{"href":"https:\/\/chinacustomboxes.com\/de\/wp-json\/wp\/v2\/media?parent=1173"}],"wp:term":[{"taxonomy":"product_brand","embeddable":true,"href":"https:\/\/chinacustomboxes.com\/de\/wp-json\/wp\/v2\/product_brand?post=1173"},{"taxonomy":"product_cat","embeddable":true,"href":"https:\/\/chinacustomboxes.com\/de\/wp-json\/wp\/v2\/product_cat?post=1173"},{"taxonomy":"product_tag","embeddable":true,"href":"https:\/\/chinacustomboxes.com\/de\/wp-json\/wp\/v2\/product_tag?post=1173"}],"curies":[{"name":"wp","href":"https:\/\/api.w.org\/{rel}","templated":true}]}}