{"id":2148,"date":"2025-04-22T09:42:26","date_gmt":"2025-04-22T09:42:26","guid":{"rendered":"https:\/\/chinacustomboxes.com\/?post_type=product&#038;p=2148"},"modified":"2025-04-30T06:33:43","modified_gmt":"2025-04-30T06:33:43","slug":"double-door-open-gift-box-packaging-solution-for-perfume","status":"publish","type":"product","link":"https:\/\/chinacustomboxes.com\/de\/double-door-open-gift-box-packaging-solution-for-perfume\/","title":{"rendered":"Doppelt\u00fcrige offene Geschenkverpackung f\u00fcr Parf\u00fcm"},"content":{"rendered":"<h2 id=\"-double-door-perfume-gift-box-packaging-solution-\"><strong>Doppelt\u00fcrige Parf\u00fcm-Geschenkbox als Verpackungsl\u00f6sung<\/strong><\/h2>\n<h2 id=\"-i-structural-design-dual-considerations-of-aesthetics-and-mechanics-\"><strong>I. Strukturelle Gestaltung: doppelte Betrachtung von \u00c4sthetik und Mechanik<\/strong><\/h2>\n<ol>\n<li><strong>Rituelles Design mit zwei T\u00fcren zum \u00d6ffnen<\/strong>\u00a0Die symmetrische Doppelt\u00fcr ist durch Pr\u00e4zisionsscharniere mit einem \u00d6ffnungs- und Schlie\u00dfwinkel von 180\u00b0 verbunden und simuliert so das Auspacken von Luxusg\u00fctern. Die Kante der T\u00fcrverkleidung ist mit einer 0,5 mm starken Magnetschnalle versehen, die sich beim Schlie\u00dfen nahtlos einf\u00fcgt und beim \u00d6ffnen einen \"b\u00fchnen\u00e4hnlichen\" visuellen Fokus bietet, der das Gef\u00fchl des rituellen \u00d6ffnens der Box verst\u00e4rkt.<\/li>\n<li><strong>Hochstabile Kastenstruktur<\/strong>\u00a0Der Kartonk\u00f6rper besteht aus f\u00fcnf Schichten Graukernpappe mit hoher Druckfestigkeit. Mit dem internen Kreuzst\u00fctzskelett kann er vertikalem Druck ohne Verformung standhalten. Das T\u00fcrblatt und der Boden sind mit Zapfen und Schl\u00f6ssern verbunden, um ein dauerhaftes \u00d6ffnen und Schlie\u00dfen ohne Verkanten zu gew\u00e4hrleisten.<\/li>\n<li><strong>Mechanische Anpassung an den Innenraum<\/strong>\u00a0Auf der Grundlage von 3D-Modellierung und Finite-Elemente-Analyse wird die innere St\u00fctzschicht aus Kunststoff verwendet, die Rillentiefe ist an die Form des Parf\u00fcmflakons angepasst, und es gibt keine Verschiebung unter dem 45\u00b0-Kippvibrationstest. Die schichtweise Auskleidung unterst\u00fctzt die Anzeige von mehreren Flaschen in Kombination.<\/li>\n<\/ol>\n<p><img fetchpriority=\"high\" decoding=\"async\" class=\"alignnone wp-image-2151 size-full\" src=\"https:\/\/chinacustomboxes.com\/wp-content\/uploads\/2025\/04\/two-door-open-gift-box-for-perfume-1.jpg\" alt=\"zweit\u00fcrige offene Geschenkbox\" width=\"800\" height=\"800\" title=\"\" srcset=\"https:\/\/chinacustomboxes.com\/wp-content\/uploads\/2025\/04\/two-door-open-gift-box-for-perfume-1.jpg 800w, https:\/\/chinacustomboxes.com\/wp-content\/uploads\/2025\/04\/two-door-open-gift-box-for-perfume-1-300x300.jpg 300w, https:\/\/chinacustomboxes.com\/wp-content\/uploads\/2025\/04\/two-door-open-gift-box-for-perfume-1-150x150.jpg 150w, https:\/\/chinacustomboxes.com\/wp-content\/uploads\/2025\/04\/two-door-open-gift-box-for-perfume-1-768x768.jpg 768w, https:\/\/chinacustomboxes.com\/wp-content\/uploads\/2025\/04\/two-door-open-gift-box-for-perfume-1-12x12.jpg 12w, https:\/\/chinacustomboxes.com\/wp-content\/uploads\/2025\/04\/two-door-open-gift-box-for-perfume-1-600x600.jpg 600w, https:\/\/chinacustomboxes.com\/wp-content\/uploads\/2025\/04\/two-door-open-gift-box-for-perfume-1-100x100.jpg 100w\" sizes=\"(max-width: 800px) 100vw, 800px\" \/><\/p>\n<h2 id=\"-second-craftsmanship-and-materials-high-end-texture-and-environmental-protection-\"><strong>2. Handwerkskunst und Materialien: Hochwertige Textur und Umweltschutz<\/strong><\/h2>\n<ol>\n<li><strong>0,1 mm Pr\u00e4zisions-Hei\u00dfpr\u00e4geverfahren<\/strong>\u00a0F\u00fcr die Oberfl\u00e4che der T\u00fcrverkleidung wird eine deutsche Kurz-Hei\u00dfpr\u00e4gefolie verwendet, die Genauigkeit des Linienaufdrucks betr\u00e4gt \u22640,08 mm, unterst\u00fctzt Farbverl\u00e4ufe und 3D-Relief-Effekte und hat 100.000 Reibungstests bestanden, ohne abzufallen. 8 Metallic-Farben wie Ros\u00e9gold und Champagner-Gold sind verf\u00fcgbar.<\/li>\n<li><strong>Leichter, hochfester Karton<\/strong>\u00a0Als Tr\u00e4germaterial wird FSC-zertifizierte umweltfreundliche Graupappe (Gewicht \u22651200g\/\u33a1) verwendet, und die Oberfl\u00e4che ist mit einer matten Touch-Folie \u00fcberzogen, die die Vorteile der Rei\u00dffestigkeit und 15% Gewichtsreduzierung aufweist. Der leere <a href=\"https:\/\/chinacustomboxes.com\/de\/customized-slider-child-resistant-box-rigid-boxes-wholesale\/\">Box<\/a> kann bis zu 8 kg tragen. Es entspricht den EU-Umweltschutznormen REACH und kann 100% abgebaut werden.<\/li>\n<li><strong>Minimalistische \u00c4sthetik in reinem Schwarz<\/strong> Die Hauptfarbe ist Schwarz, mit matter Oberfl\u00e4chenbehandlung, Reflektivit\u00e4t \u22645%, Hervorhebung der Low-Key-Luxus. Die schwarze Basis ist kompatibel mit Hei\u00dfpr\u00e4gung, lokalem UV-Lack, Lasergravur und anderen Multiprozess-\u00dcberlagerungen, geeignet f\u00fcr Business, Kunst, minimalistische und andere Markent\u00f6ne.<\/li>\n<\/ol>\n<p><img decoding=\"async\" class=\"alignnone wp-image-2152 size-full\" src=\"https:\/\/chinacustomboxes.com\/wp-content\/uploads\/2025\/04\/two-door-open-gift-box-for-perfume-2.jpg\" alt=\"zweit\u00fcrige offene Geschenkbox\" width=\"800\" height=\"800\" title=\"\" srcset=\"https:\/\/chinacustomboxes.com\/wp-content\/uploads\/2025\/04\/two-door-open-gift-box-for-perfume-2.jpg 800w, https:\/\/chinacustomboxes.com\/wp-content\/uploads\/2025\/04\/two-door-open-gift-box-for-perfume-2-300x300.jpg 300w, https:\/\/chinacustomboxes.com\/wp-content\/uploads\/2025\/04\/two-door-open-gift-box-for-perfume-2-150x150.jpg 150w, https:\/\/chinacustomboxes.com\/wp-content\/uploads\/2025\/04\/two-door-open-gift-box-for-perfume-2-768x768.jpg 768w, https:\/\/chinacustomboxes.com\/wp-content\/uploads\/2025\/04\/two-door-open-gift-box-for-perfume-2-12x12.jpg 12w, https:\/\/chinacustomboxes.com\/wp-content\/uploads\/2025\/04\/two-door-open-gift-box-for-perfume-2-600x600.jpg 600w, https:\/\/chinacustomboxes.com\/wp-content\/uploads\/2025\/04\/two-door-open-gift-box-for-perfume-2-100x100.jpg 100w\" sizes=\"(max-width: 800px) 100vw, 800px\" \/><\/p>\n<h2 id=\"-three-customized-services-flexible-adaptation-in-all-dimensions-\"><strong>3. Ma\u00dfgeschneiderte Dienstleistungen: flexible Anpassung in allen Dimensionen<\/strong><\/h2>\n<ol>\n<li><strong>Personalisiertes Rillendesign<\/strong>\u00a0Unterst\u00fctzt die kundenspezifische Auskleidung von 3D-Scan-Flaschen, mit einer Toleranz von \u00b10,3 mm, geeignet f\u00fcr Sonderformen wie speziell geformte Flaschen und gepr\u00e4gte Flaschen. An der Unterseite der Rille sind rutschfeste Silikonpads angebracht, und der Kipptransporttest besteht den ISTA 3A-Standard.<\/li>\n<li><strong>Vollst\u00e4ndige Anpassungsoptionen f\u00fcr Links<\/strong><\/li>\n<li><strong>Box-Typ<\/strong>6 Grundtypen von Boxen, wie einlagig\/doppellagig, Schubladen-\/Buchtyp, unterst\u00fctzen die Anpassung von Nicht-Standardgr\u00f6\u00dfen;<\/li>\n<li><strong>Material<\/strong>: 12 Oberfl\u00e4chenmaterialien wie Kunstleder, Samt und Holzfaserpapier sind optional erh\u00e4ltlich;<\/li>\n<li><strong>Drucken<\/strong>: Unterst\u00fctzt kundenspezifische Prozesse wie Pantone-Sonderfarben, fluoreszierende Tinte und Duftlacke;<\/li>\n<li><strong>Zubeh\u00f6r<\/strong>: Kann mit Mehrwertkomponenten wie B\u00e4ndern, Magnetschnallen und LED-Lichtstreifen kombiniert werden.<\/li>\n<\/ol>\n<h2 id=\"-iv-application-scenarios-and-value-\"><strong>4. Anwendungsszenarien und Wert<\/strong><\/h2>\n<ul>\n<li><strong>Steigerung des Markenwerts<\/strong>: Das rituelle Design der Box zum \u00d6ffnen erh\u00f6ht die Kundenbindung um 27% und das Teilen in den sozialen Medien um 40%;<\/li>\n<li><strong>Transport-Sicherheitsgarantie<\/strong>: Hat den Falltest aus 1,2 m H\u00f6he bestanden, mit einer Bruchrate von &lt;0,5%;<\/li>\n<li><strong>Optimierung der Kosten<\/strong>: Die Leichtbauweise reduziert die Logistikkosten um 12%, und die modulare Produktion erm\u00f6glicht eine Mindestbestellmenge von 500 St\u00fcck.<\/li>\n<\/ul>\n<p><img decoding=\"async\" class=\"alignnone wp-image-2154 size-full\" src=\"https:\/\/chinacustomboxes.com\/wp-content\/uploads\/2025\/04\/two-door-open-gift-box-for-perfume-4.jpg\" alt=\"zweit\u00fcrige offene Geschenkbox\" width=\"800\" height=\"800\" title=\"\" srcset=\"https:\/\/chinacustomboxes.com\/wp-content\/uploads\/2025\/04\/two-door-open-gift-box-for-perfume-4.jpg 800w, https:\/\/chinacustomboxes.com\/wp-content\/uploads\/2025\/04\/two-door-open-gift-box-for-perfume-4-300x300.jpg 300w, https:\/\/chinacustomboxes.com\/wp-content\/uploads\/2025\/04\/two-door-open-gift-box-for-perfume-4-150x150.jpg 150w, https:\/\/chinacustomboxes.com\/wp-content\/uploads\/2025\/04\/two-door-open-gift-box-for-perfume-4-768x768.jpg 768w, https:\/\/chinacustomboxes.com\/wp-content\/uploads\/2025\/04\/two-door-open-gift-box-for-perfume-4-12x12.jpg 12w, https:\/\/chinacustomboxes.com\/wp-content\/uploads\/2025\/04\/two-door-open-gift-box-for-perfume-4-600x600.jpg 600w, https:\/\/chinacustomboxes.com\/wp-content\/uploads\/2025\/04\/two-door-open-gift-box-for-perfume-4-100x100.jpg 100w\" sizes=\"(max-width: 800px) 100vw, 800px\" \/><\/p>\n<h2 id=\"-case-study-\"><strong>Fallstudie<\/strong><\/h2>\n<ul>\n<li><strong>Gemeinsames Modell der Luxusmarken<\/strong>: Doppelt\u00fcr nach Ma\u00df <a href=\"https:\/\/chinacustomboxes.com\/de\/vendor-luxury-two-pack-red-wine-double-side-open-gift-box\/\">Geschenkbox<\/a> f\u00fcr eine franz\u00f6sische Marke, mit einem NFC-Chip im Innenfutter, der beim \u00d6ffnen der Schachtel automatisch die Duftgeschichte der Marke erklingen l\u00e4sst;<\/li>\n<li><strong>Limitierte Ferienausgabe<\/strong>: Mit schwarzem Samtbezug + lasergraviertem Schneeflockenmuster, kombiniert mit magnetischem \u00d6ffnen und Schlie\u00dfen, stieg der Weihnachtsumsatz um 35%.<\/li>\n<\/ul>","protected":false},"excerpt":{"rendered":"<p>Die symmetrische \u00d6ffnungs- und Schlie\u00dfstruktur des Doppelt\u00fcr-Designs gew\u00e4hrleistet die Stabilit\u00e4t des Schachtelk\u00f6rpers, verhindert Verformung und Kippen, schafft ein Gef\u00fchl der Unboxing-Zeremonie und verbessert das hochwertige Parf\u00fcm-Unboxing-Erlebnis. Die Hauptfarbe ist reines Schwarz, das einfach, gro\u00dfz\u00fcgig und hochwertig ist und sich an die Farbt\u00f6ne verschiedener Marken anpassen kann. Das Innenfutter ist mit speziellen Rillen versehen, um die Parf\u00fcmflasche genau zu fixieren und ein Sch\u00fctteln w\u00e4hrend des Transports oder der Pr\u00e4sentation zu vermeiden.<\/p>","protected":false},"featured_media":2151,"template":"","meta":{"_kad_post_transparent":"default","_kad_post_title":"","_kad_post_layout":"default","_kad_post_sidebar_id":"","_kad_post_content_style":"default","_kad_post_vertical_padding":"default","_kad_post_feature":"","_kad_post_feature_position":"","_kad_post_header":false,"_kad_post_footer":false,"_kad_post_classname":""},"product_brand":[],"product_cat":[15,17,34,23],"product_tag":[543,545,544],"class_list":{"0":"post-2148","1":"product","2":"type-product","3":"status-publish","4":"has-post-thumbnail","6":"product_cat-boxes-by-shapes","7":"product_cat-boxes-by-industries","8":"product_cat-perfume-packaging-boxes","9":"product_cat-unusual-shaped-boxes","10":"product_tag-double-door-open-gift-box","11":"product_tag-double-door-open-gift-box-for-perfume","12":"product_tag-gift-box-packaging-solution","14":"first","15":"instock","16":"shipping-taxable","17":"product-type-simple","18":"entry","19":"content-bg","20":"loop-entry"},"_links":{"self":[{"href":"https:\/\/chinacustomboxes.com\/de\/wp-json\/wp\/v2\/product\/2148","targetHints":{"allow":["GET"]}}],"collection":[{"href":"https:\/\/chinacustomboxes.com\/de\/wp-json\/wp\/v2\/product"}],"about":[{"href":"https:\/\/chinacustomboxes.com\/de\/wp-json\/wp\/v2\/types\/product"}],"wp:featuredmedia":[{"embeddable":true,"href":"https:\/\/chinacustomboxes.com\/de\/wp-json\/wp\/v2\/media\/2151"}],"wp:attachment":[{"href":"https:\/\/chinacustomboxes.com\/de\/wp-json\/wp\/v2\/media?parent=2148"}],"wp:term":[{"taxonomy":"product_brand","embeddable":true,"href":"https:\/\/chinacustomboxes.com\/de\/wp-json\/wp\/v2\/product_brand?post=2148"},{"taxonomy":"product_cat","embeddable":true,"href":"https:\/\/chinacustomboxes.com\/de\/wp-json\/wp\/v2\/product_cat?post=2148"},{"taxonomy":"product_tag","embeddable":true,"href":"https:\/\/chinacustomboxes.com\/de\/wp-json\/wp\/v2\/product_tag?post=2148"}],"curies":[{"name":"wp","href":"https:\/\/api.w.org\/{rel}","templated":true}]}}