{"id":2243,"date":"2025-08-08T02:13:54","date_gmt":"2025-08-08T02:13:54","guid":{"rendered":"https:\/\/chinacustomboxes.com\/?post_type=product&#038;p=2243"},"modified":"2025-08-14T07:48:26","modified_gmt":"2025-08-14T07:48:26","slug":"custom-design-luxury-lid-and-base-paper-gift-box-for-perfume","status":"publish","type":"product","link":"https:\/\/chinacustomboxes.com\/de\/custom-design-luxury-lid-and-base-paper-gift-box-for-perfume\/","title":{"rendered":"Benutzerdefinierte Design Luxus Deckel und Boden Papier Geschenkbox f\u00fcr Parf\u00fcm"},"content":{"rendered":"<h2 id=\"customized-design-luxury-cover-and-base-paper-present-box-for-perfume\">Customized Design Luxus Abdeckung und Basis Papier Geschenkbox f\u00fcr Parf\u00fcm<\/h2>\n<h2 id=\"1-traditional-lid-and-base-structure-simple-yet-tough\">1. Traditionelle Struktur von Deckel und Boden: Einfach und doch robust<\/h2>\n<ul>\n<li>Getrennter Stil *: Die Abdeckung (Deckel) und die Basis (Boden) sind geteilt, mit einem Snap-on-Stil (gr\u00f6\u00dfer auf der Oberseite und kleiner an der Unterseite) f\u00fcr ein reibungsloses \u00d6ffnen und Schlie\u00dfen, die Steigerung der Produktverpackung der Regel.<\/li>\n<li>Einfache Montage und Modifizierung *: Der modulare Aufbau vereinfacht den Produktionsprozess und erm\u00f6glicht eine schnelle \u00c4nderung von Form und Gr\u00f6\u00dfe (wie z. B. die ovale Rillenauskleidung), um verschiedenen Formen von Duftbeh\u00e4ltern gerecht zu werden.<\/li>\n<\/ul>\n<h2 id=\"2-spherical-corners-for-impact-defense\">2. Kugelf\u00f6rmige Ecken f\u00fcr Aufprallschutz<\/h2>\n<ul>\n<li>Verst\u00e4rkte Ecken *: Die <a href=\"https:\/\/chinacustomboxes.com\/de\/vendor-luxury-two-pack-red-wine-double-side-open-gift-box\/\">Box<\/a> verf\u00fcgt \u00fcber einen 90 \u00b0 rechtwinkligen Rahmen, um Verformungen w\u00e4hrend des Transports zu verhindern. Der Innenraum verf\u00fcgt \u00fcber einen d\u00e4mpfenden Rahmen (z. B. eine L-f\u00f6rmige Rutsche und ein federndes D\u00e4mpfungssystem), um St\u00f6\u00dfe durch verschiedene Anweisungen aufzufangen und den Glasbeh\u00e4lter zu sch\u00fctzen.<\/li>\n<\/ul>\n<p><img fetchpriority=\"high\" decoding=\"async\" class=\"alignnone wp-image-2245 size-full\" src=\"https:\/\/chinacustomboxes.com\/wp-content\/uploads\/2025\/08\/Custom-Design-Luxury-Lid-and-Base-Paper-Gift-Box-for-Perfume-1.jpg\" alt=\"Benutzerdefinierte Design Luxus Deckel und Boden Papier Geschenkbox f\u00fcr Parf\u00fcm\" width=\"1000\" height=\"1000\" title=\"\" srcset=\"https:\/\/chinacustomboxes.com\/wp-content\/uploads\/2025\/08\/Custom-Design-Luxury-Lid-and-Base-Paper-Gift-Box-for-Perfume-1.jpg 1000w, https:\/\/chinacustomboxes.com\/wp-content\/uploads\/2025\/08\/Custom-Design-Luxury-Lid-and-Base-Paper-Gift-Box-for-Perfume-1-300x300.jpg 300w, https:\/\/chinacustomboxes.com\/wp-content\/uploads\/2025\/08\/Custom-Design-Luxury-Lid-and-Base-Paper-Gift-Box-for-Perfume-1-150x150.jpg 150w, https:\/\/chinacustomboxes.com\/wp-content\/uploads\/2025\/08\/Custom-Design-Luxury-Lid-and-Base-Paper-Gift-Box-for-Perfume-1-768x768.jpg 768w, https:\/\/chinacustomboxes.com\/wp-content\/uploads\/2025\/08\/Custom-Design-Luxury-Lid-and-Base-Paper-Gift-Box-for-Perfume-1-12x12.jpg 12w, https:\/\/chinacustomboxes.com\/wp-content\/uploads\/2025\/08\/Custom-Design-Luxury-Lid-and-Base-Paper-Gift-Box-for-Perfume-1-600x600.jpg 600w, https:\/\/chinacustomboxes.com\/wp-content\/uploads\/2025\/08\/Custom-Design-Luxury-Lid-and-Base-Paper-Gift-Box-for-Perfume-1-100x100.jpg 100w\" sizes=\"(max-width: 1000px) 100vw, 1000px\" \/><\/p>\n<h2 id=\"3-eco-friendly-products-and-sustainability\">3. Umweltvertr\u00e4gliche Produkte und Nachhaltigkeit<\/h2>\n<ul>\n<li>FSC-zertifizierter Karton *: Hochdichter Kappa-Karton (\u2265 1200 g\/m\u00b2) aus nachhaltiger Forstwirtschaft minimiert die CO2-Belastung und steht im Einklang mit dem \u00f6kologischen Engagement der Marke deluxe.<\/li>\n<li>Druckfest und reaktionsschnell *: Die matte dunkelgr\u00fcne Beschichtung bietet eine glatte, kratzfeste Oberfl\u00e4che. Die verdickte, flexible Gummiunterlage h\u00e4lt einer Belastung von ca. 2 kg stand und verl\u00e4ngert die Lebensdauer.<\/li>\n<\/ul>\n<h2 id=\"4-flexible-personalization\">4. Flexible Personalisierung<\/h2>\n<ul>\n<li>Gr\u00f6\u00dfen- und Funktionsanpassung *: Passen Sie die Tiefe der Innenbox an die H\u00f6he und den Durchmesser des Parf\u00fcmflakons an. Die Auswahl besteht aus Fenstern, magnetischen Verschl\u00fcssen oder Schubladenpapier innen. <a href=\"https:\/\/chinacustomboxes.com\/de\/glitter-paper-collapsible-magnetic-gift-boxes-for-hair-wigs\/\">Boxen<\/a>.<\/li>\n<li>Weniger Verpackungsm\u00fcll *: Das einteilig geformte Ger\u00fcst verringert die Verwendung von Tr\u00e4germaterialien und unterst\u00fctzt umweltfreundliche zellul\u00e4re Auskleidungen (z. B. Raffia-Polsterung), um typische Kunststoff-Zahnf\u00fcllungen zu ersetzen.<\/li>\n<\/ul>\n<p><img decoding=\"async\" class=\"alignnone wp-image-2246 size-full\" src=\"https:\/\/chinacustomboxes.com\/wp-content\/uploads\/2025\/08\/Custom-Design-Luxury-Lid-and-Base-Paper-Gift-Box-for-Perfume-2.jpg\" alt=\"Benutzerdefinierte Design Luxus Deckel und Boden Papier Geschenkbox f\u00fcr Parf\u00fcm\" width=\"1000\" height=\"1000\" title=\"\" srcset=\"https:\/\/chinacustomboxes.com\/wp-content\/uploads\/2025\/08\/Custom-Design-Luxury-Lid-and-Base-Paper-Gift-Box-for-Perfume-2.jpg 1000w, https:\/\/chinacustomboxes.com\/wp-content\/uploads\/2025\/08\/Custom-Design-Luxury-Lid-and-Base-Paper-Gift-Box-for-Perfume-2-300x300.jpg 300w, https:\/\/chinacustomboxes.com\/wp-content\/uploads\/2025\/08\/Custom-Design-Luxury-Lid-and-Base-Paper-Gift-Box-for-Perfume-2-150x150.jpg 150w, https:\/\/chinacustomboxes.com\/wp-content\/uploads\/2025\/08\/Custom-Design-Luxury-Lid-and-Base-Paper-Gift-Box-for-Perfume-2-768x768.jpg 768w, https:\/\/chinacustomboxes.com\/wp-content\/uploads\/2025\/08\/Custom-Design-Luxury-Lid-and-Base-Paper-Gift-Box-for-Perfume-2-12x12.jpg 12w, https:\/\/chinacustomboxes.com\/wp-content\/uploads\/2025\/08\/Custom-Design-Luxury-Lid-and-Base-Paper-Gift-Box-for-Perfume-2-600x600.jpg 600w, https:\/\/chinacustomboxes.com\/wp-content\/uploads\/2025\/08\/Custom-Design-Luxury-Lid-and-Base-Paper-Gift-Box-for-Perfume-2-100x100.jpg 100w\" sizes=\"(max-width: 1000px) 100vw, 1000px\" \/><\/p>\n<h2 id=\"5-luxurious-surface-complete\">5. Luxuri\u00f6se Oberfl\u00e4che komplett<\/h2>\n<ul>\n<li>Hei\u00dfpr\u00e4gung und UV-Beschichtung *: Die goldene Umrandung der Verpackung ist hei\u00df gepr\u00e4gt, und das Logo ist UV-beschichtet, um eine glatte Oberfl\u00e4che zu erhalten, die verschlei\u00df- und verf\u00e4rbungsfest ist und die \u00e4sthetische Qualit\u00e4t verbessert.<\/li>\n<li>Spezielle Veredelungserweiterungen *: Pr\u00e4gung, feuchtigkeitsabweisende Schicht (ideal f\u00fcr Regionen mit hoher Luftfeuchtigkeit) oder Lederfurnier werden beibehalten, um differenzierte Marktanforderungen zu erf\u00fcllen.<\/li>\n<\/ul>\n<h2 id=\"6-dark-environment-friendly-aesthetic-style\">6. Dunkle umweltfreundliche \u00c4sthetik<\/h2>\n<ul>\n<li>Grundfarbe und Akzente *: Das Paket verf\u00fcgt \u00fcber eine dunkelgr\u00fcne\/dunkle umweltfreundliche matte Basis, die mit hellgoldenen geometrischen Linien und einer Hei\u00dfpr\u00e4gegrenze akzentuiert ist und ein nat\u00fcrliches und gro\u00dfz\u00fcgiges Ambiente erzeugt.<\/li>\n<li>Gleichm\u00e4\u00dfigkeit der Farbgebung *: Speziell auf Pantone-Farbschemata abgestimmt, sorgt es f\u00fcr gleichm\u00e4\u00dfige Farbvariationen w\u00e4hrend der gesamten Automatisierung und steigert den Wiedererkennungswert der Marke.<\/li>\n<\/ul>\n<p><img decoding=\"async\" class=\"alignnone wp-image-2247 size-full\" src=\"https:\/\/chinacustomboxes.com\/wp-content\/uploads\/2025\/08\/Custom-Design-Luxury-Lid-and-Base-Paper-Gift-Box-for-Perfume-3.jpg\" alt=\"Benutzerdefinierte Design Luxus Deckel und Boden Papier Geschenkbox f\u00fcr Parf\u00fcm\" width=\"1000\" height=\"1000\" title=\"\" srcset=\"https:\/\/chinacustomboxes.com\/wp-content\/uploads\/2025\/08\/Custom-Design-Luxury-Lid-and-Base-Paper-Gift-Box-for-Perfume-3.jpg 1000w, https:\/\/chinacustomboxes.com\/wp-content\/uploads\/2025\/08\/Custom-Design-Luxury-Lid-and-Base-Paper-Gift-Box-for-Perfume-3-300x300.jpg 300w, https:\/\/chinacustomboxes.com\/wp-content\/uploads\/2025\/08\/Custom-Design-Luxury-Lid-and-Base-Paper-Gift-Box-for-Perfume-3-150x150.jpg 150w, https:\/\/chinacustomboxes.com\/wp-content\/uploads\/2025\/08\/Custom-Design-Luxury-Lid-and-Base-Paper-Gift-Box-for-Perfume-3-768x768.jpg 768w, https:\/\/chinacustomboxes.com\/wp-content\/uploads\/2025\/08\/Custom-Design-Luxury-Lid-and-Base-Paper-Gift-Box-for-Perfume-3-12x12.jpg 12w, https:\/\/chinacustomboxes.com\/wp-content\/uploads\/2025\/08\/Custom-Design-Luxury-Lid-and-Base-Paper-Gift-Box-for-Perfume-3-600x600.jpg 600w, https:\/\/chinacustomboxes.com\/wp-content\/uploads\/2025\/08\/Custom-Design-Luxury-Lid-and-Base-Paper-Gift-Box-for-Perfume-3-100x100.jpg 100w\" sizes=\"(max-width: 1000px) 100vw, 1000px\" \/><\/p>\n<h2 id=\"7-personalized-lining-and-brand-name-included-worth\">7. Personalisiertes Futter und Markenname inbegriffen Wert<\/h2>\n<ul>\n<li>Eingebaute Auskleidung *: Die Abdr\u00fccke werden entsprechend der Form des Flakons (z. B. der Kontur eines Parf\u00fcmbeh\u00e4lters) in den Schaumstoff oder das Velours eingearbeitet, um eine \"wackelfreie\" Fixierung zu erreichen und die Gefahr von Besch\u00e4digungen zu verringern.<\/li>\n<li>Informationen zur Markenbildung *: Der Innendeckel kann mit einem Markenslogan\/einer Unterschrift versehen werden, und der <a href=\"https:\/\/chinacustomboxes.com\/de\/agency-luxury-lid-and-base-box-for-clothing-sock-packaging\/\">Deckel- und Bodenkasten<\/a> k\u00f6nnen mit einem QR-Code oder einer Umwelterkl\u00e4rung versehen werden, um das Unboxing-Erlebnis zu verbessern.<\/li>\n<\/ul>\n<h2 id=\"8-1-hour-example-turn-around-service\">8. 1-Stunden-Beispiel f\u00fcr den Turnaround-Service<\/h2>\n<ul>\n<li>Proofing und Testimonials in Echtzeit *: Digitale Formen und Hochgeschwindigkeits-Schneideger\u00e4te erm\u00f6glichen es, innerhalb von 60 Minuten nach der Online-Stil\u00fcberpr\u00fcfung physische Muster zu erstellen, wodurch die Anzahl der Stilmodelle erh\u00f6ht wird.<\/li>\n<li>Effiziente Produktion *: Die Automatisierung beginnt 72 Stunden nach der Best\u00e4tigung des Beispiels, wodurch sich die Wachstumszyklen um 50% verk\u00fcrzen und dringende Anforderungen f\u00fcr die Einf\u00fchrung einer eingeschr\u00e4nkten Version erf\u00fcllt werden.<\/li>\n<\/ul>\n<p><img loading=\"lazy\" decoding=\"async\" class=\"alignnone wp-image-2248 size-full\" src=\"https:\/\/chinacustomboxes.com\/wp-content\/uploads\/2025\/08\/Custom-Design-Luxury-Lid-and-Base-Paper-Gift-Box-for-Perfume-4.jpg\" alt=\"Benutzerdefinierte Design Luxus Deckel und Boden Papier Geschenkbox f\u00fcr Parf\u00fcm\" width=\"1000\" height=\"1000\" title=\"\" srcset=\"https:\/\/chinacustomboxes.com\/wp-content\/uploads\/2025\/08\/Custom-Design-Luxury-Lid-and-Base-Paper-Gift-Box-for-Perfume-4.jpg 1000w, https:\/\/chinacustomboxes.com\/wp-content\/uploads\/2025\/08\/Custom-Design-Luxury-Lid-and-Base-Paper-Gift-Box-for-Perfume-4-300x300.jpg 300w, https:\/\/chinacustomboxes.com\/wp-content\/uploads\/2025\/08\/Custom-Design-Luxury-Lid-and-Base-Paper-Gift-Box-for-Perfume-4-150x150.jpg 150w, https:\/\/chinacustomboxes.com\/wp-content\/uploads\/2025\/08\/Custom-Design-Luxury-Lid-and-Base-Paper-Gift-Box-for-Perfume-4-768x768.jpg 768w, https:\/\/chinacustomboxes.com\/wp-content\/uploads\/2025\/08\/Custom-Design-Luxury-Lid-and-Base-Paper-Gift-Box-for-Perfume-4-12x12.jpg 12w, https:\/\/chinacustomboxes.com\/wp-content\/uploads\/2025\/08\/Custom-Design-Luxury-Lid-and-Base-Paper-Gift-Box-for-Perfume-4-600x600.jpg 600w, https:\/\/chinacustomboxes.com\/wp-content\/uploads\/2025\/08\/Custom-Design-Luxury-Lid-and-Base-Paper-Gift-Box-for-Perfume-4-100x100.jpg 100w\" sizes=\"(max-width: 1000px) 100vw, 1000px\" \/><\/p>\n<h2 id=\"core-advantages-summary\">Zusammenfassung der wichtigsten Vorteile<\/h2>\n<ul>\n<li>Merkmale: Kommerzieller Wert und Kundennutzen<\/li>\n<li>Deckel und F\u00fchrungsrahmen : Verbessert das \u00d6ffnungsritual und st\u00e4rkt das Markenfoto<\/li>\n<li>FSC-zertifizierte Materialien : Einhaltung der EU-Nachhaltigkeitsvorschriften, die umweltbewusste Kunden anziehen<\/li>\n<li>Ma\u00dfgeschneiderte Zellauskleidung : Reduziert Transportsch\u00e4den um 90%.<\/li>\n<li>Hei\u00dfpr\u00e4gung + UV-Lackierung: Erh\u00f6ht die Regalpr\u00e4senz von 40% und f\u00f6rdert den Impulskauf.<\/li>\n<li>1-Stunden-Beispiell\u00f6sung: Beschleunigt die Markteinf\u00fchrung von Artikeln und minimiert Versuch-und-Irrtum-Preise.<\/li>\n<\/ul>","protected":false},"excerpt":{"rendered":"<p>Diese speziell f\u00fcr hochwertige Parf\u00fcmmarken entwickelte Geschenkbox ist klassisch geteilt (Deckel und Boden) und besteht aus FSC-zertifiziertem Karton. Die dunkelgr\u00fcne, matte Oberfl\u00e4che und die Goldpr\u00e4gung unterstreichen die luxuri\u00f6se Qualit\u00e4t. Eine ma\u00dfgeschneiderte Schaumstoff-\/Flanellauskleidung sichert den Parf\u00fcmflakon und sch\u00fctzt ihn vor Transportst\u00f6\u00dfen. Flexible Anpassungen von Gr\u00f6\u00dfe, Oberfl\u00e4che und Auskleidung sind m\u00f6glich, ebenso wie ein einst\u00fcndiger Musterservice, der sicherstellt, dass das Design genau den Anforderungen der Marke entspricht und ein Gleichgewicht zwischen \u00f6kologischer Nachhaltigkeit und kommerzieller Effizienz schafft.<\/p>","protected":false},"featured_media":2245,"template":"","meta":{"_kad_post_transparent":"default","_kad_post_title":"","_kad_post_layout":"default","_kad_post_sidebar_id":"","_kad_post_content_style":"default","_kad_post_vertical_padding":"default","_kad_post_feature":"","_kad_post_feature_position":"","_kad_post_header":false,"_kad_post_footer":false,"_kad_post_classname":""},"product_brand":[],"product_cat":[15,17,19,34],"product_tag":[548,547,546],"class_list":{"0":"post-2243","1":"product","2":"type-product","3":"status-publish","4":"has-post-thumbnail","6":"product_cat-boxes-by-shapes","7":"product_cat-boxes-by-industries","8":"product_cat-lid-and-base-boxes","9":"product_cat-perfume-packaging-boxes","10":"product_tag-custom-gift-box","11":"product_tag-gift-box-for-perfume","12":"product_tag-lid-and-base-paper-gift-box","14":"first","15":"instock","16":"shipping-taxable","17":"product-type-simple","18":"entry","19":"content-bg","20":"loop-entry"},"_links":{"self":[{"href":"https:\/\/chinacustomboxes.com\/de\/wp-json\/wp\/v2\/product\/2243","targetHints":{"allow":["GET"]}}],"collection":[{"href":"https:\/\/chinacustomboxes.com\/de\/wp-json\/wp\/v2\/product"}],"about":[{"href":"https:\/\/chinacustomboxes.com\/de\/wp-json\/wp\/v2\/types\/product"}],"wp:featuredmedia":[{"embeddable":true,"href":"https:\/\/chinacustomboxes.com\/de\/wp-json\/wp\/v2\/media\/2245"}],"wp:attachment":[{"href":"https:\/\/chinacustomboxes.com\/de\/wp-json\/wp\/v2\/media?parent=2243"}],"wp:term":[{"taxonomy":"product_brand","embeddable":true,"href":"https:\/\/chinacustomboxes.com\/de\/wp-json\/wp\/v2\/product_brand?post=2243"},{"taxonomy":"product_cat","embeddable":true,"href":"https:\/\/chinacustomboxes.com\/de\/wp-json\/wp\/v2\/product_cat?post=2243"},{"taxonomy":"product_tag","embeddable":true,"href":"https:\/\/chinacustomboxes.com\/de\/wp-json\/wp\/v2\/product_tag?post=2243"}],"curies":[{"name":"wp","href":"https:\/\/api.w.org\/{rel}","templated":true}]}}