{"id":2251,"date":"2025-08-15T03:00:43","date_gmt":"2025-08-15T03:00:43","guid":{"rendered":"https:\/\/chinacustomboxes.com\/?post_type=product&#038;p=2251"},"modified":"2025-08-15T05:50:23","modified_gmt":"2025-08-15T05:50:23","slug":"luxury-perfume-drawer-packaging-gift-boxes-manufacturer","status":"publish","type":"product","link":"https:\/\/chinacustomboxes.com\/de\/luxury-perfume-drawer-packaging-gift-boxes-manufacturer\/","title":{"rendered":"Luxus Parf\u00fcm Schublade Verpackung Geschenk Boxen Hersteller"},"content":{"rendered":"<h2 id=\"deluxe-fragrance-drawer-packaging-gift-boxes-accuracy-workmanship-fulfills-classic-beauty\">Deluxe Parf\u00fcm Schublade Verpackung Geschenk-Boxen: Akkurate Verarbeitung erf\u00fcllt klassische Sch\u00f6nheit<\/h2>\n<p>Unser luxuri\u00f6ses Parf\u00fcmkabinett wird mit viel Liebe zum Detail hergestellt. <a href=\"https:\/\/chinacustomboxes.com\/de\/luxury-paper-gift-bags-for-cosmetics-perfume-distributors\/\">Verpackungskisten<\/a> integrieren innovatives Design und opulente optische Reize, um die Pr\u00e4sentation von D\u00fcften neu zu definieren. Nachstehend finden Sie eine umfassende, auf Ihre Anforderungen abgestimmte Spezifikation:<\/p>\n<h2 id=\"1-smooth-drawer-device\">1. Glatte Schubladenvorrichtung<\/h2>\n<ul>\n<li>Push-Pull-Stil: Die fortschrittliche Mischung aus einer \u00e4u\u00dferen Box (Au\u00dfenbereich) und einer inneren Schublade (Innenbereich), gekoppelt mit einer beweglichen Schienenbasis, sorgt f\u00fcr ein reibungsloses \u00d6ffnen und Schlie\u00dfen und verk\u00f6rpert so perfekt das Ritual des Auspackens von hochwertigen Parfums. Die Schienenseiten sind auf den Millimeter genau poliert, um Grate zu entfernen und ein seidenweiches Ansprechverhalten zu gew\u00e4hrleisten.<\/li>\n<li>Geniales \u00d6ffnen und Schlie\u00dfen: In Abkehr von der Standardauszugsanordnung ist dieses <a href=\"https:\/\/chinacustomboxes.com\/de\/custom-child-proof-5-pre-roll-drawer-box-divider-boxes-consultant\/\">Box<\/a> umfasst ein optionales federbetriebenes System f\u00fcr eine leichte Ber\u00fchrung, das die Gefahr des Sch\u00fcttelns des Parf\u00fcmfl\u00e4schchens durch \u00fcberm\u00e4\u00dfigen Druck beseitigt.<\/li>\n<\/ul>\n<p><img fetchpriority=\"high\" decoding=\"async\" class=\"alignnone wp-image-2252 size-full\" src=\"https:\/\/chinacustomboxes.com\/wp-content\/uploads\/2025\/08\/Luxury-Perfume-Drawer-Packaging-Gift-Boxes-Manufacturer-1.jpg\" alt=\"Luxus Parf\u00fcm Schublade Verpackung Geschenk Boxen Hersteller\" width=\"1000\" height=\"1000\" title=\"\" srcset=\"https:\/\/chinacustomboxes.com\/wp-content\/uploads\/2025\/08\/Luxury-Perfume-Drawer-Packaging-Gift-Boxes-Manufacturer-1.jpg 1000w, https:\/\/chinacustomboxes.com\/wp-content\/uploads\/2025\/08\/Luxury-Perfume-Drawer-Packaging-Gift-Boxes-Manufacturer-1-300x300.jpg 300w, https:\/\/chinacustomboxes.com\/wp-content\/uploads\/2025\/08\/Luxury-Perfume-Drawer-Packaging-Gift-Boxes-Manufacturer-1-150x150.jpg 150w, https:\/\/chinacustomboxes.com\/wp-content\/uploads\/2025\/08\/Luxury-Perfume-Drawer-Packaging-Gift-Boxes-Manufacturer-1-768x768.jpg 768w, https:\/\/chinacustomboxes.com\/wp-content\/uploads\/2025\/08\/Luxury-Perfume-Drawer-Packaging-Gift-Boxes-Manufacturer-1-12x12.jpg 12w, https:\/\/chinacustomboxes.com\/wp-content\/uploads\/2025\/08\/Luxury-Perfume-Drawer-Packaging-Gift-Boxes-Manufacturer-1-600x600.jpg 600w, https:\/\/chinacustomboxes.com\/wp-content\/uploads\/2025\/08\/Luxury-Perfume-Drawer-Packaging-Gift-Boxes-Manufacturer-1-100x100.jpg 100w\" sizes=\"(max-width: 1000px) 100vw, 1000px\" \/><\/p>\n<h2 id=\"2-internal-protection-system-precision-cradle-defense\">2. Internes Schutzsystem | Precision Cradle &amp; Defense<\/h2>\n<ul>\n<li>Ma\u00dfgeschneiderte Nut: Auf der Grundlage von 3D-Modellierungsdaten wird eine spezielle Nut direkt in den Innenkasten der Schublade geschnitten, die den Parf\u00fcmbeh\u00e4lter f\u00fcr einen \"schwebenden\" sicheren Sitz fest umschlie\u00dft. Die Rille ist mit hochdichtem, umweltfreundlichem EVA-Schaumstoff (einstellbare Dichte) ausgekleidet, um Transportschwingungen zu absorbieren und Kratzer und Leckagen zu vermeiden.<\/li>\n<li>Dual Defense Design: Ein hohler Rahmen an der Unterseite der Rille erm\u00f6glicht einen sehr einfachen einh\u00e4ndigen Zugang zur Duftflasche. Eine antistatische Ausr\u00fcstung kann auch enthalten sein, um feste Funken zu verhindern, die durch Reiben mit dem Beh\u00e4lter ausgel\u00f6st werden.<\/li>\n<\/ul>\n<p><img decoding=\"async\" class=\"alignnone wp-image-2253 size-full\" src=\"https:\/\/chinacustomboxes.com\/wp-content\/uploads\/2025\/08\/Luxury-Perfume-Drawer-Packaging-Gift-Boxes-Manufacturer-2.jpg\" alt=\"Luxus Parf\u00fcm Schublade Verpackung Geschenk Boxen Hersteller\" width=\"1000\" height=\"1000\" title=\"\" srcset=\"https:\/\/chinacustomboxes.com\/wp-content\/uploads\/2025\/08\/Luxury-Perfume-Drawer-Packaging-Gift-Boxes-Manufacturer-2.jpg 1000w, https:\/\/chinacustomboxes.com\/wp-content\/uploads\/2025\/08\/Luxury-Perfume-Drawer-Packaging-Gift-Boxes-Manufacturer-2-300x300.jpg 300w, https:\/\/chinacustomboxes.com\/wp-content\/uploads\/2025\/08\/Luxury-Perfume-Drawer-Packaging-Gift-Boxes-Manufacturer-2-150x150.jpg 150w, https:\/\/chinacustomboxes.com\/wp-content\/uploads\/2025\/08\/Luxury-Perfume-Drawer-Packaging-Gift-Boxes-Manufacturer-2-768x768.jpg 768w, https:\/\/chinacustomboxes.com\/wp-content\/uploads\/2025\/08\/Luxury-Perfume-Drawer-Packaging-Gift-Boxes-Manufacturer-2-12x12.jpg 12w, https:\/\/chinacustomboxes.com\/wp-content\/uploads\/2025\/08\/Luxury-Perfume-Drawer-Packaging-Gift-Boxes-Manufacturer-2-600x600.jpg 600w, https:\/\/chinacustomboxes.com\/wp-content\/uploads\/2025\/08\/Luxury-Perfume-Drawer-Packaging-Gift-Boxes-Manufacturer-2-100x100.jpg 100w\" sizes=\"(max-width: 1000px) 100vw, 1000px\" \/><\/p>\n<h2 id=\"3-box-product-feeling-natural-appearance-tactile-luxury\">3. Box Product &amp; Feeling | Nat\u00fcrliches Aussehen &amp; haptischer Luxus<\/h2>\n<ul>\n<li>Nat\u00fcrliches Erscheinungsbild der Oberfl\u00e4che: Hergestellt aus importiertem Kr\u00e4uterduftpapier oder kunstvoll gepr\u00e4gt <a href=\"https:\/\/chinacustomboxes.com\/de\/exporter-unique-marble-paper-shopping-gift-bag-for-hair-wigs\/\">Papier<\/a>Die Oberfl\u00e4che ist mit einer wasserbasierten Ausr\u00fcstung versehen, die Feuchtigkeit und Fingerabdr\u00fccke abweist. Die Oberfl\u00e4che ist mit einem Finish auf Wasserbasis behandelt, das Feuchtigkeit und Fingerabdr\u00fccke abweist.<\/li>\n<li>Dekorative 3D-Verarbeitung: Unregelm\u00e4\u00dfige gelbe und wei\u00dfe Texturen werden durch fantasievolle Pr\u00e4gung und Displaydruck erreicht, wodurch eine dreidimensionale Textur (konkave und konvexe Tiefe 0,3 - 0,5 mm) und eine Verschlei\u00dffestigkeit von bis zu 10.000 Reibzyklen ohne Abbl\u00e4ttern entsteht.<\/li>\n<\/ul>\n<p><img decoding=\"async\" class=\"alignnone wp-image-2254 size-full\" src=\"https:\/\/chinacustomboxes.com\/wp-content\/uploads\/2025\/08\/Luxury-Perfume-Drawer-Packaging-Gift-Boxes-Manufacturer-3.jpg\" alt=\"Luxus Parf\u00fcm Schublade Verpackung Geschenk Boxen Hersteller\" width=\"1000\" height=\"1000\" title=\"\" srcset=\"https:\/\/chinacustomboxes.com\/wp-content\/uploads\/2025\/08\/Luxury-Perfume-Drawer-Packaging-Gift-Boxes-Manufacturer-3.jpg 1000w, https:\/\/chinacustomboxes.com\/wp-content\/uploads\/2025\/08\/Luxury-Perfume-Drawer-Packaging-Gift-Boxes-Manufacturer-3-300x300.jpg 300w, https:\/\/chinacustomboxes.com\/wp-content\/uploads\/2025\/08\/Luxury-Perfume-Drawer-Packaging-Gift-Boxes-Manufacturer-3-150x150.jpg 150w, https:\/\/chinacustomboxes.com\/wp-content\/uploads\/2025\/08\/Luxury-Perfume-Drawer-Packaging-Gift-Boxes-Manufacturer-3-768x768.jpg 768w, https:\/\/chinacustomboxes.com\/wp-content\/uploads\/2025\/08\/Luxury-Perfume-Drawer-Packaging-Gift-Boxes-Manufacturer-3-12x12.jpg 12w, https:\/\/chinacustomboxes.com\/wp-content\/uploads\/2025\/08\/Luxury-Perfume-Drawer-Packaging-Gift-Boxes-Manufacturer-3-600x600.jpg 600w, https:\/\/chinacustomboxes.com\/wp-content\/uploads\/2025\/08\/Luxury-Perfume-Drawer-Packaging-Gift-Boxes-Manufacturer-3-100x100.jpg 100w\" sizes=\"(max-width: 1000px) 100vw, 1000px\" \/><\/p>\n<h2 id=\"4-user-friendly-information-fine-tuned-useful-aspects\">4. Benutzerfreundliche Informationen | Feinabgestimmte n\u00fctzliche Aspekte<\/h2>\n<ul>\n<li>\u00d6ffnungshilfe: Ein eingebetteter schwarzer, gewebter Baumwollgriff (Breite \u2265 15 mm) verbessert den Komfort beim \u00d6ffnen des Schrankes; der Griff ist am Ende mit einer Stahlniete gesichert, um eine dauerhafte Verformung zu gew\u00e4hrleisten.<\/li>\n<li>Hochwertiger Logo-Stil: Das Metall-Markenschild ist mit einer Zinklegierung galvanisiert, die in Gold, Platin oder Bronze erh\u00e4ltlich ist. Mit der Mikro\u00e4tztechnik wird eine Logotiefe von \u2264 0,1 mm erreicht.<\/li>\n<\/ul>\n<h2 id=\"5-shade-and-aesthetic-logic-iconic-shade-strategy\">5. Farbton und \u00e4sthetische Logik | Ikonische Farbstrategie<\/h2>\n<ul>\n<li>Standard-Luxusfarbe: Ein tiefes, dunkles Gr\u00fcn (Pantone 627C) ist die Hauptfarbe, in der \u2265 85% von <a href=\"https:\/\/chinacustomboxes.com\/de\/customized-slider-child-resistant-box-rigid-boxes-wholesale\/\">die Box<\/a> Oberfl\u00e4che, die Natur und Ewigkeit symbolisiert. Die mattschwarzen Schubladenabdeckungen und die Stahletiketten schaffen einen Kontrast zwischen Hell und Dunkel, der die \u00e4sthetische Kraftstruktur verst\u00e4rkt.<\/li>\n<li>Langlebige Handhabung des Farbtons: Gedruckt mit pflanzlicher Tinte auf Wasserbasis, die Farbabweichung ist \u2264 0,5 \u0394E (weltweite Anforderung), und es folgt FSC-Umweltzertifizierung.<\/li>\n<\/ul>\n<p><img loading=\"lazy\" decoding=\"async\" class=\"alignnone wp-image-2255 size-full\" src=\"https:\/\/chinacustomboxes.com\/wp-content\/uploads\/2025\/08\/Luxury-Perfume-Drawer-Packaging-Gift-Boxes-Manufacturer-4.jpg\" alt=\"Luxus Parf\u00fcm Schublade Verpackung Geschenk Boxen Hersteller\" width=\"1000\" height=\"1000\" title=\"\" srcset=\"https:\/\/chinacustomboxes.com\/wp-content\/uploads\/2025\/08\/Luxury-Perfume-Drawer-Packaging-Gift-Boxes-Manufacturer-4.jpg 1000w, https:\/\/chinacustomboxes.com\/wp-content\/uploads\/2025\/08\/Luxury-Perfume-Drawer-Packaging-Gift-Boxes-Manufacturer-4-300x300.jpg 300w, https:\/\/chinacustomboxes.com\/wp-content\/uploads\/2025\/08\/Luxury-Perfume-Drawer-Packaging-Gift-Boxes-Manufacturer-4-150x150.jpg 150w, https:\/\/chinacustomboxes.com\/wp-content\/uploads\/2025\/08\/Luxury-Perfume-Drawer-Packaging-Gift-Boxes-Manufacturer-4-768x768.jpg 768w, https:\/\/chinacustomboxes.com\/wp-content\/uploads\/2025\/08\/Luxury-Perfume-Drawer-Packaging-Gift-Boxes-Manufacturer-4-12x12.jpg 12w, https:\/\/chinacustomboxes.com\/wp-content\/uploads\/2025\/08\/Luxury-Perfume-Drawer-Packaging-Gift-Boxes-Manufacturer-4-600x600.jpg 600w, https:\/\/chinacustomboxes.com\/wp-content\/uploads\/2025\/08\/Luxury-Perfume-Drawer-Packaging-Gift-Boxes-Manufacturer-4-100x100.jpg 100w\" sizes=\"(max-width: 1000px) 100vw, 1000px\" \/><\/p>\n<h2 id=\"6-precision-production-criteria-millimeter-perfect-design\">6. Kriterien f\u00fcr die Pr\u00e4zisionsfertigung | Millimetergenaues Design<\/h2>\n<ul>\n<li>Form-Pr\u00e4zisionskontrolle: Der Geh\u00e4usek\u00f6rper besteht aus einer CNC-gefertigten Pr\u00e4zisionsform und Schimmel (Widerstand \u00b1 0,05 mm), was zu scharfen Ecken und keinen Abplatzungen f\u00fchrt. Das Kabinett Schiene Spiel ist \u2264 0,2 mm, die reibungslose Bewegung und Zeichnung zu gew\u00e4hrleisten.<\/li>\n<li>Staubfreie Produktionsumgebung: Das gesamte Verfahren wird in einem Reinraum der Klasse 10.000 durchgef\u00fchrt, wodurch Staubverunreinigungen entfernt werden und eine sch\u00f6ne Oberfl\u00e4chenstruktur gew\u00e4hrleistet wird.<\/li>\n<\/ul>\n<p><img loading=\"lazy\" decoding=\"async\" class=\"alignnone wp-image-2256 size-full\" src=\"https:\/\/chinacustomboxes.com\/wp-content\/uploads\/2025\/08\/Luxury-Perfume-Drawer-Packaging-Gift-Boxes-Manufacturer-5.jpg\" alt=\"Luxus Parf\u00fcm Schublade Verpackung Geschenk Boxen Hersteller\" width=\"1000\" height=\"1000\" title=\"\" srcset=\"https:\/\/chinacustomboxes.com\/wp-content\/uploads\/2025\/08\/Luxury-Perfume-Drawer-Packaging-Gift-Boxes-Manufacturer-5.jpg 1000w, https:\/\/chinacustomboxes.com\/wp-content\/uploads\/2025\/08\/Luxury-Perfume-Drawer-Packaging-Gift-Boxes-Manufacturer-5-300x300.jpg 300w, https:\/\/chinacustomboxes.com\/wp-content\/uploads\/2025\/08\/Luxury-Perfume-Drawer-Packaging-Gift-Boxes-Manufacturer-5-150x150.jpg 150w, https:\/\/chinacustomboxes.com\/wp-content\/uploads\/2025\/08\/Luxury-Perfume-Drawer-Packaging-Gift-Boxes-Manufacturer-5-768x768.jpg 768w, https:\/\/chinacustomboxes.com\/wp-content\/uploads\/2025\/08\/Luxury-Perfume-Drawer-Packaging-Gift-Boxes-Manufacturer-5-12x12.jpg 12w, https:\/\/chinacustomboxes.com\/wp-content\/uploads\/2025\/08\/Luxury-Perfume-Drawer-Packaging-Gift-Boxes-Manufacturer-5-600x600.jpg 600w, https:\/\/chinacustomboxes.com\/wp-content\/uploads\/2025\/08\/Luxury-Perfume-Drawer-Packaging-Gift-Boxes-Manufacturer-5-100x100.jpg 100w\" sizes=\"(max-width: 1000px) 100vw, 1000px\" \/><\/p>\n<h2 id=\"7-rapid-development-capabilities-agile-prototyping-manufacturing\">7. Schnelle Entwicklungsm\u00f6glichkeiten | Agile Prototyping &amp; Fertigung<\/h2>\n<ul>\n<li>Digitaler Entwicklungsprozess: Unterst\u00fctzt 3D-Modellierung (Rhino\/SolidWorks) zur Echtzeit-Simulation des Kastenger\u00fcsts. Lasergeschnittene Beispiele k\u00f6nnen innerhalb von 8 Stunden \u00fcberpr\u00fcft werden, was die Entwicklung von Modellversionen beschleunigt.<\/li>\n<li>Vielseitiges Produktionsfeedback: Der Automatisierungszyklus betr\u00e4gt 15-20 Tage (bestehend aus ma\u00dfgeschneiderten Prozessen), h\u00e4lt eine Mindestbestellmenge von 500 St\u00fcck aufrecht und arbeitet mit OEM\/ODM-Anforderungen.<\/li>\n<\/ul>","protected":false},"excerpt":{"rendered":"<p>Die Schubladen-Parf\u00fcm-Geschenkbox verf\u00fcgt \u00fcber ein Gleitschienendesign, das beim \u00d6ffnen ein Gef\u00fchl von Ritual erzeugt. Hochpr\u00e4zise EVA-Rillen sind eingebettet, damit der Parf\u00fcmflakon \"schweben\" und fixiert werden kann. Die nat\u00fcrliche Textur des Kr\u00e4uterduftpapiers und das detaillierte Metalletikett schaffen ein ruhiges und luxuri\u00f6ses Erlebnis. Die Schachtel wird im Millimeterbereich gestanzt, was zu scharfen Kanten und Ecken f\u00fchrt. Die dunkelgr\u00fcne Grundfarbe wird durch einen kunstvoll gepr\u00e4gten Siebdruck erg\u00e4nzt, wodurch ein nachhaltiger visueller Klassiker entsteht. Die 3D-Modellierung wird f\u00fcr eine schnelle Pr\u00fcfung unterst\u00fctzt, die Lieferung erfolgt weltweit innerhalb von 15 Tagen.<\/p>","protected":false},"featured_media":2252,"template":"","meta":{"_kad_post_transparent":"default","_kad_post_title":"","_kad_post_layout":"default","_kad_post_sidebar_id":"","_kad_post_content_style":"default","_kad_post_vertical_padding":"default","_kad_post_feature":"","_kad_post_feature_position":"","_kad_post_header":false,"_kad_post_footer":false,"_kad_post_classname":""},"product_brand":[],"product_cat":[15,17,20,34],"product_tag":[551,549,550],"class_list":{"0":"post-2251","1":"product","2":"type-product","3":"status-publish","4":"has-post-thumbnail","6":"product_cat-boxes-by-shapes","7":"product_cat-boxes-by-industries","8":"product_cat-drawer-style-boxes","9":"product_cat-perfume-packaging-boxes","10":"product_tag-gift-boxes-manufacturer","11":"product_tag-luxury-perfume-packaging","12":"product_tag-perfume-drawer-boxes","14":"first","15":"instock","16":"shipping-taxable","17":"product-type-simple","18":"entry","19":"content-bg","20":"loop-entry"},"_links":{"self":[{"href":"https:\/\/chinacustomboxes.com\/de\/wp-json\/wp\/v2\/product\/2251","targetHints":{"allow":["GET"]}}],"collection":[{"href":"https:\/\/chinacustomboxes.com\/de\/wp-json\/wp\/v2\/product"}],"about":[{"href":"https:\/\/chinacustomboxes.com\/de\/wp-json\/wp\/v2\/types\/product"}],"wp:featuredmedia":[{"embeddable":true,"href":"https:\/\/chinacustomboxes.com\/de\/wp-json\/wp\/v2\/media\/2252"}],"wp:attachment":[{"href":"https:\/\/chinacustomboxes.com\/de\/wp-json\/wp\/v2\/media?parent=2251"}],"wp:term":[{"taxonomy":"product_brand","embeddable":true,"href":"https:\/\/chinacustomboxes.com\/de\/wp-json\/wp\/v2\/product_brand?post=2251"},{"taxonomy":"product_cat","embeddable":true,"href":"https:\/\/chinacustomboxes.com\/de\/wp-json\/wp\/v2\/product_cat?post=2251"},{"taxonomy":"product_tag","embeddable":true,"href":"https:\/\/chinacustomboxes.com\/de\/wp-json\/wp\/v2\/product_tag?post=2251"}],"curies":[{"name":"wp","href":"https:\/\/api.w.org\/{rel}","templated":true}]}}