{"id":2259,"date":"2025-08-19T02:29:33","date_gmt":"2025-08-19T02:29:33","guid":{"rendered":"https:\/\/chinacustomboxes.com\/?post_type=product&#038;p=2259"},"modified":"2025-08-19T03:48:14","modified_gmt":"2025-08-19T03:48:14","slug":"body-lotion-essential-oil-perfume-paper-drawer-boxes-dealer","status":"publish","type":"product","link":"https:\/\/chinacustomboxes.com\/de\/body-lotion-essential-oil-perfume-paper-drawer-boxes-dealer\/","title":{"rendered":"K\u00f6rperlotion \u00c4therisches \u00d6l Parf\u00fcm Papier Schubladenboxen H\u00e4ndler"},"content":{"rendered":"<h2 id=\"1-the-costs-paper-drawer-boxes-for-cosmetics-oils-and-perfumes-\">1.\u00a0<strong>Die Kosten Papierschubladenboxen f\u00fcr Kosmetika, \u00e4therische \u00d6le, K\u00f6rperlotion und Parfums<\/strong><\/h2>\n<p>F\u00fcr anspruchsvolle Marken in den Bereichen K\u00f6rperlotion, \u00e4therische \u00d6le und Parf\u00fcm ist die Produktverpackung nicht nur ein Beh\u00e4ltnis, sondern ein wesentlicher Teil der Markengeschichte und des Kundenerlebnisses. Wir bieten den besten Service, um diese Geschichte zu veredeln: die ma\u00dfgeschneiderte Papierschachtel, eine Verk\u00f6rperung von Klasse, Sicherheit und sinnlicher Freude.<\/p>\n<p>Als f\u00fchrender H\u00e4ndler und Partner f\u00fcr hochwertige Produktverpackungen wissen wir, dass Ihr Produkt eine Pr\u00e4sentation verdient, die ebenso sorgf\u00e4ltig gestaltet ist wie sein Inhalt. Die <a href=\"https:\/\/chinacustomboxes.com\/de\/drawer-style-boxes\/\">Schubladenboxen<\/a>Die auch als Schiebeschachtel oder Schachtel mit Tray bezeichnete Schachtel bietet ein interaktives und bemerkenswertes Unboxing-Erlebnis, das von Anfang an einen Kostenton erzeugt. Das sanfte Aufschieben des Geh\u00e4uses, die allm\u00e4hliche Enth\u00fcllung des Produkts, das sich sicher darin befindet - das ist mehr als nur das \u00d6ffnen einer Schachtel; es ist ein Moment der Erkundung und der Vorfreude, der den Wiedererkennungswert Ihrer Marke erheblich steigert.<\/p>\n<p><img fetchpriority=\"high\" decoding=\"async\" class=\"alignnone wp-image-2261 size-full\" src=\"https:\/\/chinacustomboxes.com\/wp-content\/uploads\/2025\/08\/Body-Lotion-Essential-Oil-Perfume-Paper-Drawer-Boxes-Dealer-2.jpg\" alt=\"K\u00f6rperlotion \u00c4therisches \u00d6l Parf\u00fcm Papier Schubladenboxen H\u00e4ndler\" width=\"1000\" height=\"1000\" title=\"\" srcset=\"https:\/\/chinacustomboxes.com\/wp-content\/uploads\/2025\/08\/Body-Lotion-Essential-Oil-Perfume-Paper-Drawer-Boxes-Dealer-2.jpg 1000w, https:\/\/chinacustomboxes.com\/wp-content\/uploads\/2025\/08\/Body-Lotion-Essential-Oil-Perfume-Paper-Drawer-Boxes-Dealer-2-300x300.jpg 300w, https:\/\/chinacustomboxes.com\/wp-content\/uploads\/2025\/08\/Body-Lotion-Essential-Oil-Perfume-Paper-Drawer-Boxes-Dealer-2-150x150.jpg 150w, https:\/\/chinacustomboxes.com\/wp-content\/uploads\/2025\/08\/Body-Lotion-Essential-Oil-Perfume-Paper-Drawer-Boxes-Dealer-2-768x768.jpg 768w, https:\/\/chinacustomboxes.com\/wp-content\/uploads\/2025\/08\/Body-Lotion-Essential-Oil-Perfume-Paper-Drawer-Boxes-Dealer-2-12x12.jpg 12w, https:\/\/chinacustomboxes.com\/wp-content\/uploads\/2025\/08\/Body-Lotion-Essential-Oil-Perfume-Paper-Drawer-Boxes-Dealer-2-600x600.jpg 600w, https:\/\/chinacustomboxes.com\/wp-content\/uploads\/2025\/08\/Body-Lotion-Essential-Oil-Perfume-Paper-Drawer-Boxes-Dealer-2-100x100.jpg 100w\" sizes=\"(max-width: 1000px) 100vw, 1000px\" \/><\/p>\n<h2 id=\"2-the-art-of-presentation-why-a-paper-drawer-boxes-is-the-superior-selection-\">2.\u00a0<strong>Die Kunst der Pr\u00e4sentation: Warum eine Papierschachtel die beste Wahl ist\u00a0<\/strong>.<\/h2>\n<ul>\n<li><strong>Eine unvergessliche Unboxing-Reise:\u00a0<\/strong>Der Hauptvorteil der Schubladenbox ist das fortschrittliche Auspacken, das sie bietet. Das sanfte, kontrollierte Herausschieben des Innenfachs aus seiner H\u00fclle ist ein taktiles Erlebnis, das sowohl befriedigend als auch edel ist.<\/li>\n<li><strong>Kultivierung eines Kosten-Markennamens Bild:\u00a0<\/strong>Die robuste, stabile Bauweise von Schubladenboxen l\u00e4sst schnell auf hohe Qualit\u00e4t schlie\u00dfen. Dieses Design ist ein Synonym f\u00fcr hochwertige Produkte, von Premium-Elektronik bis hin zu edlem Modeschmuck. Indem Sie diese Produktverpackung f\u00fcr Ihre Lotionen, \u00d6le oder Parfums verwenden, bringen Sie Ihren Markennamen mit dieser Annahme von Qualit\u00e4t und sorgf\u00e4ltigem Informationsinteresse in Einklang.<\/li>\n<li><strong>Funktionalit\u00e4t trifft auf Langlebigkeit:\u00a0<\/strong>Schubladenboxen sind von Natur aus n\u00fctzlich und langlebig. Viele Kunden verwenden diese attraktiven <a href=\"https:\/\/chinacustomboxes.com\/de\/luxury-quality-double-door-box-for-arab-perfume-skincare\/\">Boxen<\/a> f\u00fcr die Aufbewahrung von Schmuck, Erinnerungsst\u00fccken oder Schreibwaren, wodurch Ihre Verpackung zu einem langlebigen Wertgegenstand wird. Diese Wiederverwendbarkeit ist nicht nur ein umweltbewusster Vorteil, sondern auch ein subtiles und effizientes Werbemittel, das Ihren Markennamen noch lange nach dem Gebrauch des Artikels erkennbar macht.<\/li>\n<li><strong>Unnachgiebige Verteidigung f\u00fcr empfindliche Produkte:\u00a0<\/strong>Parf\u00fcms, \u00e4therische \u00d6le und Cremes werden oft in zerbrechlichen Glasflaschen oder empfindlichen Beh\u00e4ltern aufbewahrt. Der robuste Rahmen einer starren Box mit pr\u00e4zisionsgefertigten Inneneinrichtungen bietet unvergleichliche Sicherheit gegen St\u00f6\u00dfe, Vibrationen und Verschiebungen w\u00e4hrend des Transports. Dies garantiert, dass Ihr Produkt in dem Zustand ankommt, den Ihre Kunden erwarten, und sichert sowohl das Produkt als auch die Glaubw\u00fcrdigkeit Ihres Markennamens.<\/li>\n<\/ul>\n<p><img decoding=\"async\" class=\"alignnone wp-image-2260 size-full\" src=\"https:\/\/chinacustomboxes.com\/wp-content\/uploads\/2025\/08\/Body-Lotion-Essential-Oil-Perfume-Paper-Drawer-Boxes-Dealer-1.jpg\" alt=\"K\u00f6rperlotion \u00c4therisches \u00d6l Parf\u00fcm Papier Schubladenboxen H\u00e4ndler\" width=\"1000\" height=\"1000\" title=\"\" srcset=\"https:\/\/chinacustomboxes.com\/wp-content\/uploads\/2025\/08\/Body-Lotion-Essential-Oil-Perfume-Paper-Drawer-Boxes-Dealer-1.jpg 1000w, https:\/\/chinacustomboxes.com\/wp-content\/uploads\/2025\/08\/Body-Lotion-Essential-Oil-Perfume-Paper-Drawer-Boxes-Dealer-1-300x300.jpg 300w, https:\/\/chinacustomboxes.com\/wp-content\/uploads\/2025\/08\/Body-Lotion-Essential-Oil-Perfume-Paper-Drawer-Boxes-Dealer-1-150x150.jpg 150w, https:\/\/chinacustomboxes.com\/wp-content\/uploads\/2025\/08\/Body-Lotion-Essential-Oil-Perfume-Paper-Drawer-Boxes-Dealer-1-768x768.jpg 768w, https:\/\/chinacustomboxes.com\/wp-content\/uploads\/2025\/08\/Body-Lotion-Essential-Oil-Perfume-Paper-Drawer-Boxes-Dealer-1-12x12.jpg 12w, https:\/\/chinacustomboxes.com\/wp-content\/uploads\/2025\/08\/Body-Lotion-Essential-Oil-Perfume-Paper-Drawer-Boxes-Dealer-1-600x600.jpg 600w, https:\/\/chinacustomboxes.com\/wp-content\/uploads\/2025\/08\/Body-Lotion-Essential-Oil-Perfume-Paper-Drawer-Boxes-Dealer-1-100x100.jpg 100w\" sizes=\"(max-width: 1000px) 100vw, 1000px\" \/><\/p>\n<h2 id=\"3-uncompromising-quality-a-deep-dive-into-our-materials-\">3.\u00a0<strong>Kompromisslose Qualit\u00e4t: Ein tiefer Einblick in unsere Materialien\u00a0<\/strong>.<\/h2>\n<p>Das elegante Gef\u00fchl unserer Schubladenboxen beginnt mit der Auswahl der besten Rohstoffe. Wir bauen jede Box von innen nach au\u00dfen und stellen sicher, dass jede Schicht zu einem Endprodukt beitr\u00e4gt, das sowohl strukturell solide als auch kosmetisch spektakul\u00e4r ist.<\/p>\n<p><strong>Das Kernger\u00fcst: Die innere St\u00e4rke\u00a0<\/strong>. Die Grundlage unserer Schubladenboxen ist eine hochdichte, steife Pappe, die gew\u00f6hnlich als Graupappe oder Spanplatte bezeichnet wird. Dieses aus recyceltem Papier hergestellte Produkt bietet eine ph\u00e4nomenale Z\u00e4higkeit und Widerstandsf\u00e4higkeit gegen Biegen und Brechen. Wir bieten eine Reihe von Dichten an, in der Regel von 1,5 mm bis 3 mm (etwa 800 g\/m\u00b2 bis 2000 g\/m\u00b2), so dass Sie den f\u00fcr Ihr Produkt optimalen Grad an Steifigkeit und Gewicht w\u00e4hlen k\u00f6nnen. Dieser solide Kern ist der verborgene Held, der der Schachtel ihre lang anhaltende, dauerhafte Qualit\u00e4t verleiht.<\/p>\n<p><strong>Die \u00e4u\u00dfere H\u00fclle: Eine Leinwand f\u00fcr Ihren Markennamen\u00a0<\/strong>. Der starre Kern wird anschlie\u00dfend gr\u00fcndlich mit einem Papier Ihrer Wahl ummantelt, das am Ende der visuelle und haptische Ausdruck Ihrer Markenidentifikation ist. Unsere umfangreiche Auswahl besteht aus:.<\/p>\n<ul>\n<li><strong>Spezialisierte und strukturierte Papiere:\u00a0<\/strong>Strukturierte Papierverpackungen haben eine zeitlose, anspruchsvolle und taktil ansprechende Oberfl\u00e4che, die sich luxuri\u00f6s anf\u00fchlt. Wir bieten eine gro\u00dfe Auswahl an Erscheinungsbildern, von dezentem Leinen bis zu kr\u00e4ftigem Kunstleder.<\/li>\n<li><strong>Kunstdruckpapier:\u00a0<\/strong>Eine glatte, flexible Wahl mit einer erstklassigen Oberfl\u00e4che, die sich f\u00fcr einen farbechten Farbdruck und dynamische Grafiken eignet.<\/li>\n<li><strong>Kraftpapier:\u00a0<\/strong>F\u00fcr Marken, die einen nat\u00fcrlichen, biologischen oder umweltfreundlichen Wert hervorheben, bietet Kraftpapier eine rustikale und nat\u00fcrliche \u00c4sthetik. Es ist sowohl recycelbar als auch nat\u00fcrlich abbaubar.<\/li>\n<li><strong>Mattes Schwarzes Papier:\u00a0<\/strong>Der Inbegriff von moderner Eleganz und Minimalismus. Ein tiefes, nicht reflektierendes, mattschwarzes Finish erzeugt eine kraftvolle Deklaration der Hochwertigkeit und ist eine beliebte Wahl f\u00fcr hochwertige Kosmetik- und Duftlinien.<\/li>\n<\/ul>\n<p><strong>Das Innere: Ihr Produkt in Sicherheit und Stil einbetten\u00a0<\/strong>. Das Innere der Verpackung ist genauso wichtig wie das \u00c4u\u00dfere. Passgenaue Einlagen sind notwendig, um Ihre Produkte perfekt zu sichern und zu versorgen. Unsere Optionen umfassen:.<\/p>\n<ul>\n<li><strong>EVA-Schaum (Ethylen-Vinyl-Acetat):\u00a0<\/strong>EVA-Schaum ist ein dicker, glatter Schaumstoff, der St\u00f6\u00dfe und Ersch\u00fctterungen hervorragend abf\u00e4ngt und als Goldstandard f\u00fcr Sicherheit gilt. Er kann pr\u00e4zise gestanzt werden, damit er sich den spezifischen Konturen jeder Art von Flasche oder Beh\u00e4lter anpasst und diese fest an ihrem Platz h\u00e4lt. Er ist in verschiedenen Farben wie Schwarz oder Wei\u00df erh\u00e4ltlich und bietet einen sauberen, professionellen Hintergrund, der Ihren Artikel hervorhebt.<\/li>\n<li><strong>Samt und Textilfutter:\u00a0<\/strong>F\u00fcr einen zus\u00e4tzlichen Hauch von Luxus k\u00f6nnen die Schaumstoffeinlagen mit weichem Velours oder anderen Materialien \u00fcberzogen werden, um das sensorische Erlebnis des Auspackens zu verbessern.<\/li>\n<li><strong>Geformter Papierzellstoff:\u00a0<\/strong>Eine dauerhafte und umweltfreundliche Option: Geformte Zellstoffeinlagen werden aus Recyclingpapier hergestellt und k\u00f6nnen in jede beliebige Form gebracht werden, wobei sie einen hohen Schutz bieten und sich nat\u00fcrlich und nat\u00fcrlich anf\u00fchlen.<\/li>\n<li><strong>Gestanzte Pappe:\u00a0<\/strong>Eine kosteng\u00fcnstige und recycelbare Option: Kartoneinlagen k\u00f6nnen geschichtet und geschnitten werden, um eine sichere Verpackung f\u00fcr Ihre Produkte zu schaffen.<\/li>\n<\/ul>\n<p><img decoding=\"async\" class=\"alignnone wp-image-2262 size-full\" src=\"https:\/\/chinacustomboxes.com\/wp-content\/uploads\/2025\/08\/Body-Lotion-Essential-Oil-Perfume-Paper-Drawer-Boxes-Dealer-3.jpg\" alt=\"K\u00f6rperlotion \u00c4therisches \u00d6l Parf\u00fcm Papier Schubladenboxen H\u00e4ndler\" width=\"1000\" height=\"1000\" title=\"\" srcset=\"https:\/\/chinacustomboxes.com\/wp-content\/uploads\/2025\/08\/Body-Lotion-Essential-Oil-Perfume-Paper-Drawer-Boxes-Dealer-3.jpg 1000w, https:\/\/chinacustomboxes.com\/wp-content\/uploads\/2025\/08\/Body-Lotion-Essential-Oil-Perfume-Paper-Drawer-Boxes-Dealer-3-300x300.jpg 300w, https:\/\/chinacustomboxes.com\/wp-content\/uploads\/2025\/08\/Body-Lotion-Essential-Oil-Perfume-Paper-Drawer-Boxes-Dealer-3-150x150.jpg 150w, https:\/\/chinacustomboxes.com\/wp-content\/uploads\/2025\/08\/Body-Lotion-Essential-Oil-Perfume-Paper-Drawer-Boxes-Dealer-3-768x768.jpg 768w, https:\/\/chinacustomboxes.com\/wp-content\/uploads\/2025\/08\/Body-Lotion-Essential-Oil-Perfume-Paper-Drawer-Boxes-Dealer-3-12x12.jpg 12w, https:\/\/chinacustomboxes.com\/wp-content\/uploads\/2025\/08\/Body-Lotion-Essential-Oil-Perfume-Paper-Drawer-Boxes-Dealer-3-600x600.jpg 600w, https:\/\/chinacustomboxes.com\/wp-content\/uploads\/2025\/08\/Body-Lotion-Essential-Oil-Perfume-Paper-Drawer-Boxes-Dealer-3-100x100.jpg 100w\" sizes=\"(max-width: 1000px) 100vw, 1000px\" \/><\/p>\n<h2 id=\"4-infinite-opportunities-customization-that-tells-your-tale-\">4.\u00a0<strong>Unendliche M\u00f6glichkeiten: Personalisierung, die Ihre Geschichte erz\u00e4hlt\u00a0<\/strong>.<\/h2>\n<p>Ihr Markenname ist einzigartig, und Ihr Produkt <a href=\"https:\/\/chinacustomboxes.com\/de\/holographic-laser-paper-rainbow-a5-deep-gift-box-with-ribbon\/\">Verpackung<\/a> auch sein muss. Wir bieten eine Reihe von detaillierten Anpassungsm\u00f6glichkeiten, um sicherzustellen, dass Ihre Vision perfekt umgesetzt wird. Jede Komponente der Box kann so angepasst werden, dass sie das Wesen Ihrer Marke widerspiegelt.<\/p>\n<p><strong>Druck- und Veredelungstechniken f\u00fcr visuelle Wirkung:\u00a0<\/strong>.<\/p>\n<ul>\n<li><strong>Alufolie Pr\u00e4gung:\u00a0<\/strong>Verleihen Sie Ihren Produkten einen Hauch von metallischem Glanz mit der Hei\u00dfpr\u00e4gung von Aluminiumfolie. Zeitlose Gold- und Silberaluminiumfolien bieten zeitlosen Luxus, w\u00e4hrend Ros\u00e9gold-, Kupfer- und holografische Folien einen modernen, modischen Reiz ausstrahlen. Dies eignet sich hervorragend f\u00fcr Logodesigns und wichtige Layoutaspekte.<\/li>\n<li><strong>Embossing und Debossing:\u00a0<\/strong>Entwickeln Sie einen subtilen, dreidimensionalen Effekt, indem Sie Ihr Logo oder Muster in das Papier hineindr\u00fccken (Pr\u00e4gung) oder es entt\u00e4uschen (Entpr\u00e4gung). Dies verleiht dem Papier ein raffiniertes Aussehen, das zum Anfassen einl\u00e4dt.<\/li>\n<li><strong>Bereich UV-Beschichtung:\u00a0<\/strong>Verwenden Sie einen Hochglanzlack, um Bereiche einer mattierten Schachtel zu detaillieren, um einen auff\u00e4lligen Kontrast in den Strukturen zu schaffen. Auf diese Weise kann ein Logo, ein Muster oder eine Marke hervorgehoben werden, so dass sie visuell auffallen.<\/li>\n<li><strong>Farbe und Markenname Konsistenz:\u00a0<\/strong>Wir verwenden innovative CMYK- und Pantone (PMS)-Farbabstimmungssysteme, um sicherzustellen, dass die Farben Ihrer Marke mit exzellenter Pr\u00e4zision nachgebildet werden und die Markenintegrit\u00e4t Ihrer gesamten Verpackung erhalten bleibt.<\/li>\n<\/ul>\n<p><strong>Praktische Verzierungen f\u00fcr einen eleganten Touch:\u00a0<\/strong>.<\/p>\n<ul>\n<li><strong>Bow Pull-Tab:\u00a0<\/strong>Die elegante und zugleich praktische Zuglasche, wie sie auf den Bildern zu sehen ist, ist ein Markenzeichen der Premium-Schubladenboxen. Sie bietet eine nahtlose M\u00f6glichkeit, die Schublade zu \u00f6ffnen, w\u00e4hrend sie einen Farbtupfer und ein weiches, ansprechendes Element hinzuf\u00fcgt. Die B\u00e4nder k\u00f6nnen in einer gro\u00dfen Auswahl an Farben gestaltet und sogar mit Ihrem Markennamen bedruckt werden.<\/li>\n<li><strong>Magnetische Verschl\u00fcsse:\u00a0<\/strong>F\u00fcr ein anderes, luxuri\u00f6ses Erlebnis k\u00f6nnen Magnetverschl\u00fcsse in der H\u00fclle und im Tray angebracht werden, die ein angenehmes und sicheres Schnappverschlussgef\u00fchl vermitteln und die Premiumqualit\u00e4t der Produktverpackung noch besser unterstreichen.<\/li>\n<\/ul>\n<p><img loading=\"lazy\" decoding=\"async\" class=\"alignnone wp-image-2263 size-full\" src=\"https:\/\/chinacustomboxes.com\/wp-content\/uploads\/2025\/08\/Body-Lotion-Essential-Oil-Perfume-Paper-Drawer-Boxes-Dealer-4.jpg\" alt=\"K\u00f6rperlotion \u00c4therisches \u00d6l Parf\u00fcm Papier Schubladenboxen H\u00e4ndler\" width=\"1000\" height=\"1000\" title=\"\" srcset=\"https:\/\/chinacustomboxes.com\/wp-content\/uploads\/2025\/08\/Body-Lotion-Essential-Oil-Perfume-Paper-Drawer-Boxes-Dealer-4.jpg 1000w, https:\/\/chinacustomboxes.com\/wp-content\/uploads\/2025\/08\/Body-Lotion-Essential-Oil-Perfume-Paper-Drawer-Boxes-Dealer-4-300x300.jpg 300w, https:\/\/chinacustomboxes.com\/wp-content\/uploads\/2025\/08\/Body-Lotion-Essential-Oil-Perfume-Paper-Drawer-Boxes-Dealer-4-150x150.jpg 150w, https:\/\/chinacustomboxes.com\/wp-content\/uploads\/2025\/08\/Body-Lotion-Essential-Oil-Perfume-Paper-Drawer-Boxes-Dealer-4-768x768.jpg 768w, https:\/\/chinacustomboxes.com\/wp-content\/uploads\/2025\/08\/Body-Lotion-Essential-Oil-Perfume-Paper-Drawer-Boxes-Dealer-4-12x12.jpg 12w, https:\/\/chinacustomboxes.com\/wp-content\/uploads\/2025\/08\/Body-Lotion-Essential-Oil-Perfume-Paper-Drawer-Boxes-Dealer-4-600x600.jpg 600w, https:\/\/chinacustomboxes.com\/wp-content\/uploads\/2025\/08\/Body-Lotion-Essential-Oil-Perfume-Paper-Drawer-Boxes-Dealer-4-100x100.jpg 100w\" sizes=\"(max-width: 1000px) 100vw, 1000px\" \/><\/p>\n<h2 id=\"5-your-partner-in-product-packaging-quality-the-dealer-advantage-\">5.\u00a0<strong>Ihr Partner f\u00fcr Produktverpackungsqualit\u00e4t: Der H\u00e4ndler-Vorteil\u00a0<\/strong>.<\/h2>\n<p>Navigieren in der Welt der <a href=\"https:\/\/chinacustomboxes.com\/de\/silver-hologram-paper-folding-gift-sephora-packaging-boxes\/\">kundenspezifische Verpackung<\/a> kann kompliziert sein. Als Ihr engagierter Lieferant f\u00fcr Produktverpackungen geht unsere Funktion weit \u00fcber die blo\u00dfe Bereitstellung von Kartons hinaus. Wir fungieren als Ihr Berater, Jobmanager und Qualit\u00e4tssicherungsexperte und vereinfachen den gesamten Prozess von der Idee bis zum Vertrieb.<\/p>\n<ul>\n<li><strong>Professionelle Beratung:\u00a0<\/strong>Unser Team von Fachleuten bietet sehr n\u00fctzliche Ratschl\u00e4ge zu Produktoptionen, architektonischem Design und Endverarbeitungsoptionen, um Sie bei der Entwicklung einer der effizientesten und kosteng\u00fcnstigsten Produktverpackungen f\u00fcr Ihre Bed\u00fcrfnisse zu unterst\u00fctzen.<\/li>\n<li><strong>Nahtlose \u00dcberwachung der Lieferkette:\u00a0<\/strong>Wir nutzen unser umfangreiches Netzwerk von erstklassigen Produktionspartnern, um die bestm\u00f6gliche Fertigung zu gew\u00e4hrleisten. Wir k\u00fcmmern uns um die gesamte Logistik, vom Prototyping \u00fcber die Organisation der Produktion bis hin zum endg\u00fcltigen Versand. So stellen wir eine prompte Auslieferung sicher und Sie k\u00f6nnen sich auf Ihr Kerngesch\u00e4ft konzentrieren.<\/li>\n<li><strong>Hohe Qualit\u00e4t, auf die Sie z\u00e4hlen k\u00f6nnen:\u00a0<\/strong>Wir wenden strenge Qualit\u00e4tssicherungskriterien in jeder Phase der Herstellung an. Von der Pr\u00e4zision der Stanzungen bis zur Konsistenz der Farben stellen wir sicher, dass jede Schachtel, die Sie erhalten, perfekt ist.<\/li>\n<li><strong>L\u00f6sungen f\u00fcr jeden Bereich:\u00a0<\/strong>Ganz gleich, ob Sie ein Markenartikelhersteller sind, der ein brandneues Produkt auf den Markt bringt, oder ein anerkanntes Unternehmen, das eine Gro\u00dfserie plant - wir verf\u00fcgen \u00fcber die Anpassungsf\u00e4higkeit und die Ressourcen, um Auftr\u00e4ge jeder Gr\u00f6\u00dfenordnung zu bearbeiten, und garantieren Ihnen erschwingliche Preise und engagierte L\u00f6sungen.<\/li>\n<\/ul>","protected":false},"excerpt":{"rendered":"<p>Body lotion essential oil perfume paper drawer boxes dealer beschreiben Produktverpackungen, die Body lotion mit \u00e4therischen \u00d6len integrieren, h\u00e4ufig in einer Weise, die eine individuelle Anpassung des Aromas erlaubt. Diese Boxen k\u00f6nnen sowohl die K\u00f6rperlotion als auch wichtige \u00d6le enthalten, oder sie k\u00f6nnen so entwickelt sein, dass sie sowohl die Creme als auch einen separaten Beh\u00e4lter mit \u00e4therischen \u00d6len enthalten, die der Benutzer mischen und anpassen kann. Die Verpackungen enthalten oft Anleitungen oder Tipps zur Herstellung individueller Duftmischungen.<\/p>","protected":false},"featured_media":2261,"template":"","meta":{"_kad_post_transparent":"default","_kad_post_title":"","_kad_post_layout":"default","_kad_post_sidebar_id":"","_kad_post_content_style":"default","_kad_post_vertical_padding":"default","_kad_post_feature":"","_kad_post_feature_position":"","_kad_post_header":false,"_kad_post_footer":false,"_kad_post_classname":""},"product_brand":[],"product_cat":[15,17,28,20,34],"product_tag":[552,553,554],"class_list":{"0":"post-2259","1":"product","2":"type-product","3":"status-publish","4":"has-post-thumbnail","6":"product_cat-boxes-by-shapes","7":"product_cat-boxes-by-industries","8":"product_cat-cosmetic-packaging-boxes","9":"product_cat-drawer-style-boxes","10":"product_cat-perfume-packaging-boxes","11":"product_tag-body-lotion-boxes","12":"product_tag-essential-oil-boxes","13":"product_tag-paper-drawer-boxes","15":"first","16":"instock","17":"shipping-taxable","18":"product-type-simple","19":"entry","20":"content-bg","21":"loop-entry"},"_links":{"self":[{"href":"https:\/\/chinacustomboxes.com\/de\/wp-json\/wp\/v2\/product\/2259","targetHints":{"allow":["GET"]}}],"collection":[{"href":"https:\/\/chinacustomboxes.com\/de\/wp-json\/wp\/v2\/product"}],"about":[{"href":"https:\/\/chinacustomboxes.com\/de\/wp-json\/wp\/v2\/types\/product"}],"wp:featuredmedia":[{"embeddable":true,"href":"https:\/\/chinacustomboxes.com\/de\/wp-json\/wp\/v2\/media\/2261"}],"wp:attachment":[{"href":"https:\/\/chinacustomboxes.com\/de\/wp-json\/wp\/v2\/media?parent=2259"}],"wp:term":[{"taxonomy":"product_brand","embeddable":true,"href":"https:\/\/chinacustomboxes.com\/de\/wp-json\/wp\/v2\/product_brand?post=2259"},{"taxonomy":"product_cat","embeddable":true,"href":"https:\/\/chinacustomboxes.com\/de\/wp-json\/wp\/v2\/product_cat?post=2259"},{"taxonomy":"product_tag","embeddable":true,"href":"https:\/\/chinacustomboxes.com\/de\/wp-json\/wp\/v2\/product_tag?post=2259"}],"curies":[{"name":"wp","href":"https:\/\/api.w.org\/{rel}","templated":true}]}}