{"id":2273,"date":"2025-08-20T03:15:00","date_gmt":"2025-08-20T03:15:00","guid":{"rendered":"https:\/\/chinacustomboxes.com\/?post_type=product&#038;p=2273"},"modified":"2025-08-20T03:44:20","modified_gmt":"2025-08-20T03:44:20","slug":"eye-cream-carrier-oil-cosmetic-magnetic-lid-boxes-factory","status":"publish","type":"product","link":"https:\/\/chinacustomboxes.com\/de\/eye-cream-carrier-oil-cosmetic-magnetic-lid-boxes-factory\/","title":{"rendered":"Augencreme Tr\u00e4ger\u00f6l Kosmetische Magnetische Deckel Boxen Fabrik"},"content":{"rendered":"<h2 id=\"premium-custom-made-magnetic-lid-eye-cream-essence-freeze-dried-powder-appeal-boxes\">Premium Custom-made Magnetdeckel Augencreme Essenz gefriergetrocknete Pulver Appeal Boxen<br \/>\n<span style=\"font-size: 17px; font-weight: 400;\">Wir wissen, dass auf dem hart umk\u00e4mpften Kosmetikmarkt die Verpackung nicht nur ein Beh\u00e4ltnis f\u00fcr das Produkt ist, sondern auch das Medium f\u00fcr die erste emotionale Verbindung zwischen der Marke und dem Verbraucher. Sie transportiert die Philosophie der Marke, vermittelt die Professionalit\u00e4t des Produkts und beeinflusst letztendlich die Kaufentscheidung des Verbrauchers. Deshalb haben wir unsere Bem\u00fchungen auf die Schaffung dieses <a href=\"https:\/\/chinacustomboxes.com\/de\/exporting-custom-luxury-magnetic-closure-rigid-shoes-boxes\/\">Magnetdeckel-Sch\u00f6nheitsbox<\/a>Wir haben uns zum Ziel gesetzt, Ihren Produkten ein perfektes Zuhause zu bieten, indem wir jedes Detail sorgf\u00e4ltig ausarbeiten und Schutz, Funktionalit\u00e4t und Kunstfertigkeit miteinander verbinden.<\/span><\/h2>\n<h2 id=\"1-ingenious-magnetic-structure-elegant-opening-and-closing-exuding-high-end\">1. Geniale magnetische Struktur: Elegantes \u00d6ffnen und Schlie\u00dfen, High-End ausstrahlend<\/h2>\n<p>Wir haben uns von den herk\u00f6mmlichen Schnapp- oder Flip-Top-Modellen abgewandt und uns innovativ f\u00fcr eine integrierte, leistungsstarke <a href=\"https:\/\/chinacustomboxes.com\/de\/magnetic-closure-boxes\/\">Magnetverschluss Boxen<\/a>. Wenn der Deckel sanft geschlossen wird, rasten die Magnete pr\u00e4zise ein und geben ein klares und gleichm\u00e4\u00dfiges Klicken von sich, das ein ausgepr\u00e4gtes Gef\u00fchl von Routine und Erf\u00fcllung vermittelt. Dieser Stil stellt nicht nur den Nutzen und die Sicherheit der Box sicher, indem er ein versehentliches \u00d6ffnen w\u00e4hrend der Mobilit\u00e4t oder des Transports erfolgreich verhindert, sondern sein sanftes \u00d6ffnungs- und Schlie\u00dferlebnis verk\u00f6rpert makellos die Raffinesse und den Luxus, die von High-End-Kosmetik gesucht werden. Jedes \u00d6ffnen ist eine stilvolle Markenkommunikation.<\/p>\n<p><img fetchpriority=\"high\" decoding=\"async\" class=\"alignnone wp-image-2276 size-full\" src=\"https:\/\/chinacustomboxes.com\/wp-content\/uploads\/2025\/08\/Eye-Cream-Carrier-Oil-Cosmetic-Magnetic-Lid-Boxes-Factory-3.jpg\" alt=\"Augencreme Tr\u00e4ger\u00f6l Kosmetische Magnetische Deckel Boxen Fabrik\" width=\"1000\" height=\"1000\" title=\"\" srcset=\"https:\/\/chinacustomboxes.com\/wp-content\/uploads\/2025\/08\/Eye-Cream-Carrier-Oil-Cosmetic-Magnetic-Lid-Boxes-Factory-3.jpg 1000w, https:\/\/chinacustomboxes.com\/wp-content\/uploads\/2025\/08\/Eye-Cream-Carrier-Oil-Cosmetic-Magnetic-Lid-Boxes-Factory-3-300x300.jpg 300w, https:\/\/chinacustomboxes.com\/wp-content\/uploads\/2025\/08\/Eye-Cream-Carrier-Oil-Cosmetic-Magnetic-Lid-Boxes-Factory-3-150x150.jpg 150w, https:\/\/chinacustomboxes.com\/wp-content\/uploads\/2025\/08\/Eye-Cream-Carrier-Oil-Cosmetic-Magnetic-Lid-Boxes-Factory-3-768x768.jpg 768w, https:\/\/chinacustomboxes.com\/wp-content\/uploads\/2025\/08\/Eye-Cream-Carrier-Oil-Cosmetic-Magnetic-Lid-Boxes-Factory-3-12x12.jpg 12w, https:\/\/chinacustomboxes.com\/wp-content\/uploads\/2025\/08\/Eye-Cream-Carrier-Oil-Cosmetic-Magnetic-Lid-Boxes-Factory-3-600x600.jpg 600w, https:\/\/chinacustomboxes.com\/wp-content\/uploads\/2025\/08\/Eye-Cream-Carrier-Oil-Cosmetic-Magnetic-Lid-Boxes-Factory-3-100x100.jpg 100w\" sizes=\"(max-width: 1000px) 100vw, 1000px\" \/><\/p>\n<h2 id=\"2-scientific-interior-format-customized-and-organized\">2. Wissenschaftliches Innenformat: Ma\u00dfgeschneidert und organisiert<\/h2>\n<p>Wir kennen die Unterschiede in Gr\u00f6\u00dfe und Art der verschiedenen Kosmetika (z. B. gefriergetrocknete Pulver, Ampullen, Lotionen, Augentropfen usw.) genau. Aus diesem Grund bieten wir v\u00f6llig ma\u00dfgeschneiderte L\u00f6sungen f\u00fcr den Innenbereich an. Ganz gleich, ob es sich um ein einzelnes Fl\u00e4schchen handelt, das eine spezielle Positionierung erfordert, oder um ein Produkt, das in mehreren Schichten gelagert werden muss, wir k\u00f6nnen es mit Pr\u00e4zision entwickeln. Dieses \u00e4u\u00dferst anpassungsf\u00e4hige Layout erm\u00f6glicht nicht nur eine saubere und perfekte Pr\u00e4sentation der Produkte, sondern erh\u00f6ht durch die gestaffelte Aufbewahrung auch die Praktikabilit\u00e4t und die Raumausnutzung der Verpackung erheblich, so dass die Kunden die Dinge auf einen Blick entdecken und zugreifen k\u00f6nnen.<\/p>\n<h2 id=\"3-eco-friendly-lamination-lightweight-and-sturdy-with-a-phenomenal-touch\">3. Umweltfreundliche Laminierung: Leicht und robust, mit ph\u00e4nomenalem Touch<\/h2>\n<p>Dieser Produktverpackungskarton schafft ein optimales Gleichgewicht zwischen Umweltfreundlichkeit und Robustheit bei der Produktauswahl. Die Schachtel wird aus hochwertigem Papier hergestellt, das seine Beweglichkeit f\u00fcr den einfachen Transport und die Transportf\u00e4higkeit beibeh\u00e4lt. Dar\u00fcber hinaus wird die Oberfl\u00e4che einem innovativen Laminierungsverfahren unterzogen, das ihr ein seidenweiches Gef\u00fchl verleiht und gleichzeitig ihre Widerstandsf\u00e4higkeit gegen Anziehen, Kratzen und N\u00e4sse deutlich erh\u00f6ht. Das bedeutet, dass die Box auch bei Feuchtigkeit stabil bleibt und die darin befindlichen Produkte gut sch\u00fctzt. Dies ist eine umweltfreundliche und produktschonende Option.<\/p>\n<p><img decoding=\"async\" class=\"alignnone wp-image-2275 size-full\" src=\"https:\/\/chinacustomboxes.com\/wp-content\/uploads\/2025\/08\/Eye-Cream-Carrier-Oil-Cosmetic-Magnetic-Lid-Boxes-Factory-2.jpg\" alt=\"Augencreme Tr\u00e4ger\u00f6l Kosmetische Magnetische Deckel Boxen Fabrik\" width=\"1000\" height=\"1000\" title=\"\" srcset=\"https:\/\/chinacustomboxes.com\/wp-content\/uploads\/2025\/08\/Eye-Cream-Carrier-Oil-Cosmetic-Magnetic-Lid-Boxes-Factory-2.jpg 1000w, https:\/\/chinacustomboxes.com\/wp-content\/uploads\/2025\/08\/Eye-Cream-Carrier-Oil-Cosmetic-Magnetic-Lid-Boxes-Factory-2-300x300.jpg 300w, https:\/\/chinacustomboxes.com\/wp-content\/uploads\/2025\/08\/Eye-Cream-Carrier-Oil-Cosmetic-Magnetic-Lid-Boxes-Factory-2-150x150.jpg 150w, https:\/\/chinacustomboxes.com\/wp-content\/uploads\/2025\/08\/Eye-Cream-Carrier-Oil-Cosmetic-Magnetic-Lid-Boxes-Factory-2-768x768.jpg 768w, https:\/\/chinacustomboxes.com\/wp-content\/uploads\/2025\/08\/Eye-Cream-Carrier-Oil-Cosmetic-Magnetic-Lid-Boxes-Factory-2-12x12.jpg 12w, https:\/\/chinacustomboxes.com\/wp-content\/uploads\/2025\/08\/Eye-Cream-Carrier-Oil-Cosmetic-Magnetic-Lid-Boxes-Factory-2-600x600.jpg 600w, https:\/\/chinacustomboxes.com\/wp-content\/uploads\/2025\/08\/Eye-Cream-Carrier-Oil-Cosmetic-Magnetic-Lid-Boxes-Factory-2-100x100.jpg 100w\" sizes=\"(max-width: 1000px) 100vw, 1000px\" \/><\/p>\n<h2 id=\"4-eva-cellular-lining-security-thorough-interest-to-shielding\">4. EVA Cellular Lining Sicherheit: Gr\u00fcndliches Interesse an Abschirmung<\/h2>\n<p>Die Produktsicherheit steht bei unserem Stil an erster Stelle. F\u00fcr die Zellauskleidung verwenden wir EVA-Schaumstoff mit hoher Dichte, der durch ein Pr\u00e4zisionsstanzverfahren intakt ist. Die fertige Schaumstoffauskleidung weist eine glatte, gratfreie Oberfl\u00e4che auf, die gew\u00e4hrleistet, dass der Beh\u00e4lter oder das Etikett beim Einsetzen oder Entnehmen der Produkte nicht besch\u00e4digt wird. Die exzellente Haltbarkeit und die d\u00e4mpfenden Eigenschaften des EVA-Materials fangen \u00e4u\u00dfere St\u00f6\u00dfe und Resonanzen effizient ab und bieten Ihren Produkten einen dauerhaften und gr\u00fcndlichen Schutz w\u00e4hrend komplexer Transport- und Lagerraumeinstellungen, so dass sie die Kunden in einwandfreiem Zustand erreichen.<\/p>\n<h2 id=\"5-modern-aesthetic-style-technological-structure-basic-beauty\">5. Moderner \u00e4sthetischer Stil: Technologische Struktur, grundlegende Sch\u00f6nheit<\/h2>\n<p>F\u00fcr das \u00e4u\u00dfere Design w\u00e4hlten wir ein silbernes Farbschema, das ein technisches und fortschrittliches Gef\u00fchl vermittelt und die Ideen von \"klinischer Hautpflege\" und \"Pr\u00e4zision und Effizienz\", die in der zeitgen\u00f6ssischen Hautpflege im Vordergrund stehen, perfekt aufgreift. Die Oberfl\u00e4che der Verpackung ist mit tonalen Linien verziert, die die Gleichf\u00f6rmigkeit des langweiligen Farbdesigns aufheben und ein Gef\u00fchl von \u00dcberlagerung und Dynamik vermitteln. Das gesamte Design ist minimalistisch und stilvoll, ohne jedoch auf raffinierte Details zu verzichten. Diese Layout-Sprache zieht schnell die Aufmerksamkeit der Zielkunden auf sich und vermittelt das einzigartige Gef\u00fchl von Professionalit\u00e4t und Effizienz der Marke.<\/p>\n<p><img decoding=\"async\" class=\"alignnone wp-image-2274 size-full\" src=\"https:\/\/chinacustomboxes.com\/wp-content\/uploads\/2025\/08\/Eye-Cream-Carrier-Oil-Cosmetic-Magnetic-Lid-Boxes-Factory-1.jpg\" alt=\"Augencreme Tr\u00e4ger\u00f6l Kosmetische Magnetische Deckel Boxen Fabrik\" width=\"1000\" height=\"1000\" title=\"\" srcset=\"https:\/\/chinacustomboxes.com\/wp-content\/uploads\/2025\/08\/Eye-Cream-Carrier-Oil-Cosmetic-Magnetic-Lid-Boxes-Factory-1.jpg 1000w, https:\/\/chinacustomboxes.com\/wp-content\/uploads\/2025\/08\/Eye-Cream-Carrier-Oil-Cosmetic-Magnetic-Lid-Boxes-Factory-1-300x300.jpg 300w, https:\/\/chinacustomboxes.com\/wp-content\/uploads\/2025\/08\/Eye-Cream-Carrier-Oil-Cosmetic-Magnetic-Lid-Boxes-Factory-1-150x150.jpg 150w, https:\/\/chinacustomboxes.com\/wp-content\/uploads\/2025\/08\/Eye-Cream-Carrier-Oil-Cosmetic-Magnetic-Lid-Boxes-Factory-1-768x768.jpg 768w, https:\/\/chinacustomboxes.com\/wp-content\/uploads\/2025\/08\/Eye-Cream-Carrier-Oil-Cosmetic-Magnetic-Lid-Boxes-Factory-1-12x12.jpg 12w, https:\/\/chinacustomboxes.com\/wp-content\/uploads\/2025\/08\/Eye-Cream-Carrier-Oil-Cosmetic-Magnetic-Lid-Boxes-Factory-1-600x600.jpg 600w, https:\/\/chinacustomboxes.com\/wp-content\/uploads\/2025\/08\/Eye-Cream-Carrier-Oil-Cosmetic-Magnetic-Lid-Boxes-Factory-1-100x100.jpg 100w\" sizes=\"(max-width: 1000px) 100vw, 1000px\" \/><\/p>\n<h2 id=\"6-high-definition-printing-innovation-accurate-interaction-showing-professionalism-and-reliability\">6. Hochaufl\u00f6sende Druckinnovation: Genaue Interaktion, die Professionalit\u00e4t und Zuverl\u00e4ssigkeit zeigt<\/h2>\n<p>Wir verwenden branchenf\u00fchrende Druckwerkzeuge und moderne Technologien, um sicherzustellen, dass jedes Wort und jedes Logodesign von hervorragender Qualit\u00e4t ist, ohne jegliche Verunglimpfung oder Verwischung. Wir halten strenge Anforderungen an die Farbverwaltung ein, um die h\u00f6chstm\u00f6gliche Farbtreue im endg\u00fcltigen Druckprodukt zu gew\u00e4hrleisten, das perfekt zum Layout der \u00e4sthetischen Identit\u00e4t (VI) Ihres Markennamens passt. Dieses gr\u00fcndliche Interesse an Informationen ist ein starker Beweis f\u00fcr unsere Professionalit\u00e4t und ein feierliches Bekenntnis zu den professionellen Standards der \u00e4sthetischen Markenkommunikation.<\/p>\n<h2 id=\"7-full-service-modification-flexible-and-versatile-for-a-tailored-experience\">7. Full-Service-Modifikation: Flexibel und vielseitig f\u00fcr ein ma\u00dfgeschneidertes Erlebnis<\/h2>\n<p>Wir sind der festen \u00dcberzeugung, dass jeder wirksame Markenname seine eigene, einzigartige Signatur verdient. Zu diesem Zweck bieten wir einen umfassenden Service zur individuellen Gestaltung vom Konzept bis zum fertigen Produkt. Sie k\u00f6nnen ganz einfach den Rahmen der Schachtel, das Material des Hauptk\u00f6rpers (z. B. Spezialpapier, Kunstdruckpapier, Papier mit Lederstruktur), die Oberfl\u00e4chenbehandlung (z. B. Gold-\/Silber-Hei\u00dfpr\u00e4gung, UV-Pr\u00e4gung, Entpr\u00e4gung, Pr\u00e4gung) und die Druckoptionen w\u00e4hlen. Unser engagiertes Team arbeitet sorgf\u00e4ltig mit Ihnen zusammen, um Ihr Markenkonzept und Ihre innovativen Ideen in spezielle Verpackungen zu verwandeln, die flexibel die besonderen Anforderungen Ihrer Marke erf\u00fcllen.<\/p>\n<p><img loading=\"lazy\" decoding=\"async\" class=\"alignnone wp-image-2277 size-full\" src=\"https:\/\/chinacustomboxes.com\/wp-content\/uploads\/2025\/08\/Eye-Cream-Carrier-Oil-Cosmetic-Magnetic-Lid-Boxes-Factory-4.jpg\" alt=\"Augencreme Tr\u00e4ger\u00f6l Kosmetische Magnetische Deckel Boxen Fabrik\" width=\"1000\" height=\"1000\" title=\"\" srcset=\"https:\/\/chinacustomboxes.com\/wp-content\/uploads\/2025\/08\/Eye-Cream-Carrier-Oil-Cosmetic-Magnetic-Lid-Boxes-Factory-4.jpg 1000w, https:\/\/chinacustomboxes.com\/wp-content\/uploads\/2025\/08\/Eye-Cream-Carrier-Oil-Cosmetic-Magnetic-Lid-Boxes-Factory-4-300x300.jpg 300w, https:\/\/chinacustomboxes.com\/wp-content\/uploads\/2025\/08\/Eye-Cream-Carrier-Oil-Cosmetic-Magnetic-Lid-Boxes-Factory-4-150x150.jpg 150w, https:\/\/chinacustomboxes.com\/wp-content\/uploads\/2025\/08\/Eye-Cream-Carrier-Oil-Cosmetic-Magnetic-Lid-Boxes-Factory-4-768x768.jpg 768w, https:\/\/chinacustomboxes.com\/wp-content\/uploads\/2025\/08\/Eye-Cream-Carrier-Oil-Cosmetic-Magnetic-Lid-Boxes-Factory-4-12x12.jpg 12w, https:\/\/chinacustomboxes.com\/wp-content\/uploads\/2025\/08\/Eye-Cream-Carrier-Oil-Cosmetic-Magnetic-Lid-Boxes-Factory-4-600x600.jpg 600w, https:\/\/chinacustomboxes.com\/wp-content\/uploads\/2025\/08\/Eye-Cream-Carrier-Oil-Cosmetic-Magnetic-Lid-Boxes-Factory-4-100x100.jpg 100w\" sizes=\"(max-width: 1000px) 100vw, 1000px\" \/><\/p>\n<h2 id=\"8-1-hour-express-prototyping-seize-the-opportunity-and-win-the-marketplace\">8. 1-Stunden-Express-Prototyping: Ergreifen Sie die Chance und gewinnen Sie den Markt<\/h2>\n<p>In einem sich schnell ver\u00e4ndernden Markt ist Schnelligkeit ein Vorteil. Unsere 1-Stunden-Express-Prototyping-L\u00f6sung verk\u00fcrzt Ihren Entwicklungs- und Entwicklungszyklus f\u00fcr neue Produkte erheblich. Sobald Sie Ihr Layout fertiggestellt haben, stellen wir Ihnen in k\u00fcrzester Zeit realit\u00e4tsgetreue Muster zur Verf\u00fcgung, anhand derer Sie Struktur, Produkt und Druck \u00fcberpr\u00fcfen k\u00f6nnen. Dieser zuverl\u00e4ssige Service hilft Ihnen, Ihre Strategien schneller auszuw\u00e4hlen und anzupassen, damit Ihre Marke die M\u00f6glichkeiten des Marktes nutzen kann und immer einen Schritt voraus ist.<\/p>","protected":false},"excerpt":{"rendered":"<p>Cremetr\u00e4ger\u00f6l Augencreme Essenz gefriergetrocknetes Pulver Kosmetische Magnetverschluss-Deckelschachteln sind eine Art von Verpackung f\u00fcr Sch\u00f6nheitsprodukte, die mit einem Magnetverschluss f\u00fcr sicheres und bequemes \u00d6ffnen und Schlie\u00dfen ausgestattet sind. Sie werden in der Regel aus robusten Materialien wie festem Karton hergestellt und k\u00f6nnen mit verschiedenen Veredelungen und Aufdrucken versehen werden, um die Pr\u00e4sentation des Produkts zu verbessern.<\/p>","protected":false},"featured_media":2277,"template":"","meta":{"_kad_post_transparent":"default","_kad_post_title":"","_kad_post_layout":"default","_kad_post_sidebar_id":"","_kad_post_content_style":"default","_kad_post_vertical_padding":"default","_kad_post_feature":"","_kad_post_feature_position":"","_kad_post_header":false,"_kad_post_footer":false,"_kad_post_classname":""},"product_brand":[],"product_cat":[15,17,28,18],"product_tag":[559,558,458],"class_list":{"0":"post-2273","1":"product","2":"type-product","3":"status-publish","4":"has-post-thumbnail","6":"product_cat-boxes-by-shapes","7":"product_cat-boxes-by-industries","8":"product_cat-cosmetic-packaging-boxes","9":"product_cat-magnetic-closure-boxes","10":"product_tag-carrier-oil-cosmetic-boxes","11":"product_tag-eye-cream-boxes","12":"product_tag-magnetic-lid-boxes","14":"first","15":"instock","16":"shipping-taxable","17":"product-type-simple","18":"entry","19":"content-bg","20":"loop-entry"},"_links":{"self":[{"href":"https:\/\/chinacustomboxes.com\/de\/wp-json\/wp\/v2\/product\/2273","targetHints":{"allow":["GET"]}}],"collection":[{"href":"https:\/\/chinacustomboxes.com\/de\/wp-json\/wp\/v2\/product"}],"about":[{"href":"https:\/\/chinacustomboxes.com\/de\/wp-json\/wp\/v2\/types\/product"}],"wp:featuredmedia":[{"embeddable":true,"href":"https:\/\/chinacustomboxes.com\/de\/wp-json\/wp\/v2\/media\/2277"}],"wp:attachment":[{"href":"https:\/\/chinacustomboxes.com\/de\/wp-json\/wp\/v2\/media?parent=2273"}],"wp:term":[{"taxonomy":"product_brand","embeddable":true,"href":"https:\/\/chinacustomboxes.com\/de\/wp-json\/wp\/v2\/product_brand?post=2273"},{"taxonomy":"product_cat","embeddable":true,"href":"https:\/\/chinacustomboxes.com\/de\/wp-json\/wp\/v2\/product_cat?post=2273"},{"taxonomy":"product_tag","embeddable":true,"href":"https:\/\/chinacustomboxes.com\/de\/wp-json\/wp\/v2\/product_tag?post=2273"}],"curies":[{"name":"wp","href":"https:\/\/api.w.org\/{rel}","templated":true}]}}