{"id":2278,"date":"2025-08-20T03:45:08","date_gmt":"2025-08-20T03:45:08","guid":{"rendered":"https:\/\/chinacustomboxes.com\/?post_type=product&#038;p=2278"},"modified":"2025-08-20T05:37:21","modified_gmt":"2025-08-20T05:37:21","slug":"callus-remover-nail-brush-paper-drawer-boxes-manufacturer","status":"publish","type":"product","link":"https:\/\/chinacustomboxes.com\/de\/callus-remover-nail-brush-paper-drawer-boxes-manufacturer\/","title":{"rendered":"Hornhautentferner Nagelb\u00fcrste Papierschubladenboxen Hersteller"},"content":{"rendered":"<h2 id=\"high-end-exfoliating-brush-nail-brush-drawer-style-paper-product-packaging\">Hochwertige Peeling-B\u00fcrste\/Nagelb\u00fcrste Schublade-Stil Papier Produktverpackung<\/h2>\n<p>Auf dem immer st\u00e4rker umk\u00e4mpften Markt f\u00fcr individuelle Behandlungen erfordern herausragende Artikel ebenso herausragende Produkte. <a href=\"https:\/\/chinacustomboxes.com\/de\/valentines-day-heart-shaped-gift-box-packaging-for-jewelry\/\">Verpackung<\/a> um ihren Wert zu vermitteln. Unsere speziell angefertigten Premium-Papierverpackungen f\u00fcr Scheuerb\u00fcrsten und Nagelb\u00fcrsten sind mehr als nur eine Schutzh\u00fclle; sie fungieren ebenfalls als wichtiger Ber\u00fchrungspunkt, der das Markenimage verbessert und das Kundenerlebnis maximiert.<\/p>\n<p><img fetchpriority=\"high\" decoding=\"async\" class=\"alignnone wp-image-2282 size-full\" src=\"https:\/\/chinacustomboxes.com\/wp-content\/uploads\/2025\/08\/Callus-Remover-Nail-Brush-Paper-Drawer-Supplies-Manufacturer-4.jpg\" alt=\"Hornhautentferner Nagelb\u00fcrste Papierschublade Zubeh\u00f6r Hersteller\" width=\"1000\" height=\"1000\" title=\"\" srcset=\"https:\/\/chinacustomboxes.com\/wp-content\/uploads\/2025\/08\/Callus-Remover-Nail-Brush-Paper-Drawer-Supplies-Manufacturer-4.jpg 1000w, https:\/\/chinacustomboxes.com\/wp-content\/uploads\/2025\/08\/Callus-Remover-Nail-Brush-Paper-Drawer-Supplies-Manufacturer-4-300x300.jpg 300w, https:\/\/chinacustomboxes.com\/wp-content\/uploads\/2025\/08\/Callus-Remover-Nail-Brush-Paper-Drawer-Supplies-Manufacturer-4-150x150.jpg 150w, https:\/\/chinacustomboxes.com\/wp-content\/uploads\/2025\/08\/Callus-Remover-Nail-Brush-Paper-Drawer-Supplies-Manufacturer-4-768x768.jpg 768w, https:\/\/chinacustomboxes.com\/wp-content\/uploads\/2025\/08\/Callus-Remover-Nail-Brush-Paper-Drawer-Supplies-Manufacturer-4-12x12.jpg 12w, https:\/\/chinacustomboxes.com\/wp-content\/uploads\/2025\/08\/Callus-Remover-Nail-Brush-Paper-Drawer-Supplies-Manufacturer-4-600x600.jpg 600w, https:\/\/chinacustomboxes.com\/wp-content\/uploads\/2025\/08\/Callus-Remover-Nail-Brush-Paper-Drawer-Supplies-Manufacturer-4-100x100.jpg 100w\" sizes=\"(max-width: 1000px) 100vw, 1000px\" \/><\/p>\n<h2 id=\"1-ingenious-pull-out-framework-reinforces-brand-name-memorability\">1. Genialer Pull-Out-Rahmen verst\u00e4rkt den Wiedererkennungswert des Markennamens<\/h2>\n<p>Unser innovatives, schubladenartiges \u00d6ffnungs- und Schlie\u00dfsystem wurde entwickelt, um Ihnen und Ihren Kunden ein bemerkenswert sanftes Unboxing-Erlebnis zu bieten. Die pr\u00e4zise eingestellte D\u00e4mpfung vermittelt bei jedem \u00d6ffnen ein Gef\u00fchl von Routine und reduziert effektiv die Reibung, die bei herk\u00f6mmlichen Produktverpackungen entsteht. Dieses einzigartige interaktive Erlebnis zieht sofort die Aufmerksamkeit der Kunden auf sich und verbindet auf perfekte Weise Kompetenz mit Spa\u00df und schafft eine tiefe und besondere Verbindung zum Markennamen in ihren K\u00f6pfen.<\/p>\n<p><img decoding=\"async\" class=\"alignnone wp-image-2279 size-full\" src=\"https:\/\/chinacustomboxes.com\/wp-content\/uploads\/2025\/08\/Callus-Remover-Nail-Brush-Paper-Drawer-Supplies-Manufacturer-1.jpg\" alt=\"Hornhautentferner Nagelb\u00fcrste Papierschublade Zubeh\u00f6r Hersteller\" width=\"1000\" height=\"1000\" title=\"\" srcset=\"https:\/\/chinacustomboxes.com\/wp-content\/uploads\/2025\/08\/Callus-Remover-Nail-Brush-Paper-Drawer-Supplies-Manufacturer-1.jpg 1000w, https:\/\/chinacustomboxes.com\/wp-content\/uploads\/2025\/08\/Callus-Remover-Nail-Brush-Paper-Drawer-Supplies-Manufacturer-1-300x300.jpg 300w, https:\/\/chinacustomboxes.com\/wp-content\/uploads\/2025\/08\/Callus-Remover-Nail-Brush-Paper-Drawer-Supplies-Manufacturer-1-150x150.jpg 150w, https:\/\/chinacustomboxes.com\/wp-content\/uploads\/2025\/08\/Callus-Remover-Nail-Brush-Paper-Drawer-Supplies-Manufacturer-1-768x768.jpg 768w, https:\/\/chinacustomboxes.com\/wp-content\/uploads\/2025\/08\/Callus-Remover-Nail-Brush-Paper-Drawer-Supplies-Manufacturer-1-12x12.jpg 12w, https:\/\/chinacustomboxes.com\/wp-content\/uploads\/2025\/08\/Callus-Remover-Nail-Brush-Paper-Drawer-Supplies-Manufacturer-1-600x600.jpg 600w, https:\/\/chinacustomboxes.com\/wp-content\/uploads\/2025\/08\/Callus-Remover-Nail-Brush-Paper-Drawer-Supplies-Manufacturer-1-100x100.jpg 100w\" sizes=\"(max-width: 1000px) 100vw, 1000px\" \/><\/p>\n<h2 id=\"2-accurate-cellular-lining-matching-guarantees-hassle-free-transport\">2. Genaue Anpassung der Zellauskleidung garantiert problemlosen Transport<\/h2>\n<p>Die Sicherheit der Gegenst\u00e4nde w\u00e4hrend des gesamten Transports hat bei unserem Design oberste Priorit\u00e4t. Das Innere des <a href=\"https:\/\/chinacustomboxes.com\/de\/\">Box<\/a> verwendet eine hochdichte EVA-Zellenauskleidung, die eine hervorragende Sto\u00dfd\u00e4mpfung, Polsterung und Formbest\u00e4ndigkeit bietet. Durch spezielle Berechnungen und die Herstellung von Formen garantieren wir, dass die Formen der gerillten Auskleidung vollst\u00e4ndig an Ihre einzigartig geformten Produkte (wie Scheuerb\u00fcrsten und Nagelb\u00fcrsten) angepasst sind, wobei die Tiefe speziell auf die Box selbst abgestimmt ist. Dadurch wird jegliches Verrutschen oder Zittern w\u00e4hrend des Transports vermieden und die Gefahr von Besch\u00e4digungen verringert.<\/p>\n<h2 id=\"3-elegant-hot-marking-workmanship-emphasizes-brand-costs\">3. Elegante Hei\u00dfpr\u00e4getechnik unterstreicht die Markenkosten<\/h2>\n<p>Um den Wert Ihrer Marke hervorzuheben, verwenden wir ein exquisites Warmpr\u00e4geverfahren auf der Oberfl\u00e4che der Schachtel. Diese Technik entwickelt einen scharfen, reichhaltigen Metallglanz f\u00fcr das Markenlogo und wichtige Details, w\u00e4hrend sie gleichzeitig klare, sch\u00f6ne Muster und lebendige, fesselnde Farben f\u00fcr einen effektiven \u00e4sthetischen Einfluss erzeugt. Die sch\u00f6ne Hei\u00dfpr\u00e4gung hebt nicht nur die Gesamtqualit\u00e4t der Produktverpackung hervor, sondern vermittelt den Kunden auch die hochwertige und professionelle Markenpositionierung des Artikels und steigert erfolgreich den Premiumwert des Markennamens.<\/p>\n<p><img decoding=\"async\" class=\"alignnone wp-image-2280 size-full\" src=\"https:\/\/chinacustomboxes.com\/wp-content\/uploads\/2025\/08\/Callus-Remover-Nail-Brush-Paper-Drawer-Supplies-Manufacturer-2.jpg\" alt=\"Hornhautentferner Nagelb\u00fcrste Papierschublade Zubeh\u00f6r Hersteller\" width=\"1000\" height=\"1000\" title=\"\" srcset=\"https:\/\/chinacustomboxes.com\/wp-content\/uploads\/2025\/08\/Callus-Remover-Nail-Brush-Paper-Drawer-Supplies-Manufacturer-2.jpg 1000w, https:\/\/chinacustomboxes.com\/wp-content\/uploads\/2025\/08\/Callus-Remover-Nail-Brush-Paper-Drawer-Supplies-Manufacturer-2-300x300.jpg 300w, https:\/\/chinacustomboxes.com\/wp-content\/uploads\/2025\/08\/Callus-Remover-Nail-Brush-Paper-Drawer-Supplies-Manufacturer-2-150x150.jpg 150w, https:\/\/chinacustomboxes.com\/wp-content\/uploads\/2025\/08\/Callus-Remover-Nail-Brush-Paper-Drawer-Supplies-Manufacturer-2-768x768.jpg 768w, https:\/\/chinacustomboxes.com\/wp-content\/uploads\/2025\/08\/Callus-Remover-Nail-Brush-Paper-Drawer-Supplies-Manufacturer-2-12x12.jpg 12w, https:\/\/chinacustomboxes.com\/wp-content\/uploads\/2025\/08\/Callus-Remover-Nail-Brush-Paper-Drawer-Supplies-Manufacturer-2-600x600.jpg 600w, https:\/\/chinacustomboxes.com\/wp-content\/uploads\/2025\/08\/Callus-Remover-Nail-Brush-Paper-Drawer-Supplies-Manufacturer-2-100x100.jpg 100w\" sizes=\"(max-width: 1000px) 100vw, 1000px\" \/><\/p>\n<h2 id=\"4-sophisticated-purple-appearances-sparks-expectancy\">4. Anspruchsvolles lila Erscheinungsbild weckt Erwartungshaltung<\/h2>\n<p>Die Produktverpackung verwendet ein raffiniertes Lila als Grundfarbe. Aus farbpsychologischer Sicht wird Violett h\u00e4ufig mit Luxus, Kreativit\u00e4t und Aristokratie in Verbindung gebracht. Dieser weiche, aber tiefe Farbton vermindert die visuelle Erm\u00fcdung, die durch l\u00e4ngeres Betrachten entsteht, und erzeugt eine ruhige und seltsame Atmosph\u00e4re, die die Neugier auf die darin enthaltenen Produkte und ein Gef\u00fchl der Erwartung beim \u00d6ffnen weckt.<\/p>\n<h2 id=\"5-long-lasting-bow-pull-ring-in-depth-high-quality\">5. Langlebiger Bow Pull Ring: Hohe Qualit\u00e4t im Detail<\/h2>\n<p>Der Zugring am <a href=\"https:\/\/chinacustomboxes.com\/de\/drawer-style-boxes\/\">Schubladenbox<\/a> wird aus hochwertigem Bogen hergestellt und durch ein verst\u00e4rktes Verfahren sicher am Verpackungsk\u00f6rper befestigt. Wir wissen, dass dieses Detail die Stelle ist, an der die Verbraucher am h\u00e4ufigsten mit der Produktverpackung in Ber\u00fchrung kommen, deshalb haben wir es so entwickelt, dass es unglaublich widerstandsf\u00e4hig ist. Auch nach Tausenden von Zugvorg\u00e4ngen beh\u00e4lt der Bandzugring seine urspr\u00fcngliche Form, bleibt fest und unbeweglich und unterstreicht die hohe Qualit\u00e4t der Marke in jedem Detail.<\/p>\n<p><img loading=\"lazy\" decoding=\"async\" class=\"alignnone wp-image-2281 size-full\" src=\"https:\/\/chinacustomboxes.com\/wp-content\/uploads\/2025\/08\/Callus-Remover-Nail-Brush-Paper-Drawer-Supplies-Manufacturer-3.jpg\" alt=\"Hornhautentferner Nagelb\u00fcrste Papierschublade Zubeh\u00f6r Hersteller\" width=\"1000\" height=\"1000\" title=\"\" srcset=\"https:\/\/chinacustomboxes.com\/wp-content\/uploads\/2025\/08\/Callus-Remover-Nail-Brush-Paper-Drawer-Supplies-Manufacturer-3.jpg 1000w, https:\/\/chinacustomboxes.com\/wp-content\/uploads\/2025\/08\/Callus-Remover-Nail-Brush-Paper-Drawer-Supplies-Manufacturer-3-300x300.jpg 300w, https:\/\/chinacustomboxes.com\/wp-content\/uploads\/2025\/08\/Callus-Remover-Nail-Brush-Paper-Drawer-Supplies-Manufacturer-3-150x150.jpg 150w, https:\/\/chinacustomboxes.com\/wp-content\/uploads\/2025\/08\/Callus-Remover-Nail-Brush-Paper-Drawer-Supplies-Manufacturer-3-768x768.jpg 768w, https:\/\/chinacustomboxes.com\/wp-content\/uploads\/2025\/08\/Callus-Remover-Nail-Brush-Paper-Drawer-Supplies-Manufacturer-3-12x12.jpg 12w, https:\/\/chinacustomboxes.com\/wp-content\/uploads\/2025\/08\/Callus-Remover-Nail-Brush-Paper-Drawer-Supplies-Manufacturer-3-600x600.jpg 600w, https:\/\/chinacustomboxes.com\/wp-content\/uploads\/2025\/08\/Callus-Remover-Nail-Brush-Paper-Drawer-Supplies-Manufacturer-3-100x100.jpg 100w\" sizes=\"(max-width: 1000px) 100vw, 1000px\" \/><\/p>\n<h2 id=\"6-high-performance-eva-lining-suitable-for-odd-shaped-products\">6. Leistungsstarkes EVA-Futter: Geeignet f\u00fcr unregelm\u00e4\u00dfig geformte Produkte<\/h2>\n<p>Um den ungleichm\u00e4\u00dfigen Formen von K\u00f6rperpflegeprodukten gerecht zu werden, haben wir uns f\u00fcr EVA als Innenauskleidung entschieden. Als neues, umweltfreundliches Kunststoffverpackungsmaterial bietet EVA au\u00dfergew\u00f6hnliche Polsterung, Sto\u00dfd\u00e4mpfung, W\u00e4rmeisolierung, Feuchtigkeitsbest\u00e4ndigkeit und chemische Best\u00e4ndigkeit. Es kann in jede beliebige Form gebracht und geschnitten werden, wodurch es sich perfekt an die Bed\u00fcrfnisse von unregelm\u00e4\u00dfig geformten Produkten anpasst und den sichersten Schutz f\u00fcr Ihre Artikel bietet.<\/p>\n<p><img loading=\"lazy\" decoding=\"async\" class=\"alignnone wp-image-2283 size-full\" src=\"https:\/\/chinacustomboxes.com\/wp-content\/uploads\/2025\/08\/Callus-Remover-Nail-Brush-Paper-Drawer-Supplies-Manufacturer-5.jpg\" alt=\"Hornhautentferner Nagelb\u00fcrste Papierschublade Zubeh\u00f6r Hersteller\" width=\"1000\" height=\"1000\" title=\"\" srcset=\"https:\/\/chinacustomboxes.com\/wp-content\/uploads\/2025\/08\/Callus-Remover-Nail-Brush-Paper-Drawer-Supplies-Manufacturer-5.jpg 1000w, https:\/\/chinacustomboxes.com\/wp-content\/uploads\/2025\/08\/Callus-Remover-Nail-Brush-Paper-Drawer-Supplies-Manufacturer-5-300x300.jpg 300w, https:\/\/chinacustomboxes.com\/wp-content\/uploads\/2025\/08\/Callus-Remover-Nail-Brush-Paper-Drawer-Supplies-Manufacturer-5-150x150.jpg 150w, https:\/\/chinacustomboxes.com\/wp-content\/uploads\/2025\/08\/Callus-Remover-Nail-Brush-Paper-Drawer-Supplies-Manufacturer-5-768x768.jpg 768w, https:\/\/chinacustomboxes.com\/wp-content\/uploads\/2025\/08\/Callus-Remover-Nail-Brush-Paper-Drawer-Supplies-Manufacturer-5-12x12.jpg 12w, https:\/\/chinacustomboxes.com\/wp-content\/uploads\/2025\/08\/Callus-Remover-Nail-Brush-Paper-Drawer-Supplies-Manufacturer-5-600x600.jpg 600w, https:\/\/chinacustomboxes.com\/wp-content\/uploads\/2025\/08\/Callus-Remover-Nail-Brush-Paper-Drawer-Supplies-Manufacturer-5-100x100.jpg 100w\" sizes=\"(max-width: 1000px) 100vw, 1000px\" \/><\/p>\n<h2 id=\"7-72-hour-speedy-prototyping-performance-and-high-quality\">7. 72-Stunden-Prototyping, Leistung und hohe Qualit\u00e4t<\/h2>\n<p>Wir sind uns bewusst, dass sich der Markt st\u00e4ndig ver\u00e4ndert und Effizienz entscheidend ist. Aus diesem Grund versprechen wir Ihnen einen detaillierten und schnellen Prototyping-Service. Von dem Moment an, in dem Sie Ihren Entwurf best\u00e4tigen, schlie\u00dfen wir die Herstellung und \u00dcberpr\u00fcfung aller erforderlichen Muster, bestehend aus Materialauswahl, Verfahrensanwendung und Druckfarbe, innerhalb von 72 Stunden ab und stellen so sicher, dass Ihr Artikel so schnell und so gut wie m\u00f6glich auf den Markt kommt.<\/p>","protected":false},"excerpt":{"rendered":"<p>Nagelb\u00fcrsten-Schubladenboxen f\u00fcr Hornhautentferner sind Beh\u00e4lter zur Aufbewahrung und Organisation von Nagelkunstpinseln, damit sie sauber, gesch\u00fctzt und leicht zug\u00e4nglich sind. Sie sind in verschiedenen Ausf\u00fchrungen und Materialien erh\u00e4ltlich, von einfachen Kunststoffbeh\u00e4ltern bis hin zu aufwendigeren Boxen mit individuellen F\u00e4chern oder schillernden Oberfl\u00e4chen. Diese Boxen sind sowohl f\u00fcr professionelle Nageltechniker als auch f\u00fcr Privatpersonen, die zu Hause gerne selbst N\u00e4gel machen, n\u00fctzlich.<\/p>","protected":false},"featured_media":2281,"template":"","meta":{"_kad_post_transparent":"default","_kad_post_title":"","_kad_post_layout":"default","_kad_post_sidebar_id":"","_kad_post_content_style":"default","_kad_post_vertical_padding":"default","_kad_post_feature":"","_kad_post_feature_position":"","_kad_post_header":false,"_kad_post_footer":false,"_kad_post_classname":""},"product_brand":[],"product_cat":[15,17,28,20],"product_tag":[560,562,561],"class_list":{"0":"post-2278","1":"product","2":"type-product","3":"status-publish","4":"has-post-thumbnail","6":"product_cat-boxes-by-shapes","7":"product_cat-boxes-by-industries","8":"product_cat-cosmetic-packaging-boxes","9":"product_cat-drawer-style-boxes","10":"product_tag-callus-remover-drawer-boxes","11":"product_tag-nail-brush-paper-boxes","12":"product_tag-paper-drawer-boxes-manufacturer","14":"first","15":"instock","16":"shipping-taxable","17":"product-type-simple","18":"entry","19":"content-bg","20":"loop-entry"},"_links":{"self":[{"href":"https:\/\/chinacustomboxes.com\/de\/wp-json\/wp\/v2\/product\/2278","targetHints":{"allow":["GET"]}}],"collection":[{"href":"https:\/\/chinacustomboxes.com\/de\/wp-json\/wp\/v2\/product"}],"about":[{"href":"https:\/\/chinacustomboxes.com\/de\/wp-json\/wp\/v2\/types\/product"}],"wp:featuredmedia":[{"embeddable":true,"href":"https:\/\/chinacustomboxes.com\/de\/wp-json\/wp\/v2\/media\/2281"}],"wp:attachment":[{"href":"https:\/\/chinacustomboxes.com\/de\/wp-json\/wp\/v2\/media?parent=2278"}],"wp:term":[{"taxonomy":"product_brand","embeddable":true,"href":"https:\/\/chinacustomboxes.com\/de\/wp-json\/wp\/v2\/product_brand?post=2278"},{"taxonomy":"product_cat","embeddable":true,"href":"https:\/\/chinacustomboxes.com\/de\/wp-json\/wp\/v2\/product_cat?post=2278"},{"taxonomy":"product_tag","embeddable":true,"href":"https:\/\/chinacustomboxes.com\/de\/wp-json\/wp\/v2\/product_tag?post=2278"}],"curies":[{"name":"wp","href":"https:\/\/api.w.org\/{rel}","templated":true}]}}