{"id":2291,"date":"2025-08-21T03:44:11","date_gmt":"2025-08-21T03:44:11","guid":{"rendered":"https:\/\/chinacustomboxes.com\/?post_type=product&#038;p=2291"},"modified":"2025-08-21T05:56:24","modified_gmt":"2025-08-21T05:56:24","slug":"face-mask-cream-lotion-eye-mask-top-and-bottom-boxes-oem","status":"publish","type":"product","link":"https:\/\/chinacustomboxes.com\/de\/face-mask-cream-lotion-eye-mask-top-and-bottom-boxes-oem\/","title":{"rendered":"Gesichtsmaske Creme Lotion Augenmaske Top und Bottom Boxen OEM"},"content":{"rendered":"<h2 id=\"face-mask-lotion-lotion-eye-mask-series-high-end-customized-skin-care-top-and-bottom-boxes-oem\">Gesichtsmaske Lotion Lotion Augenmaske Serie High-End Customized Skin Care Top und Bottom Boxen OEM<\/h2>\n<h2 id=\"item-overview\">Artikel\u00fcbersicht<\/h2>\n<p>Diese Kollektion von Schachtelverpackungen mit folgenden Merkmalen <a href=\"https:\/\/chinacustomboxes.com\/de\/lid-and-base-boxes\/\">obere und untere Felder<\/a>wurde speziell f\u00fcr hochwertige Gesichtsmasken, Lotionen, Lotionen, Augenmasken und andere Eleganz- und Hautpflegeprodukte entwickelt. Sie verbindet m\u00fchelos minimalistische \u00c4sthetik mit pr\u00e4chtiger Handwerkskunst. Sie ist mehr als nur eine \u00e4u\u00dfere Sicherheitsabdeckung, sondern unterstreicht die hohe Qualit\u00e4t und das Kundenerlebnis der Marke.<\/p>\n<h2 id=\"1-integrated-precision-opening-and-closing-structure\">1. Integrierte Pr\u00e4zisionsstruktur zum \u00d6ffnen und Schlie\u00dfen<\/h2>\n<p>Das klassische \"Oben und Unten\"-Design bietet ein unvergleichliches integriertes \u00d6ffnungs- und Schlie\u00dferlebnis. Hochpr\u00e4zise Stanz- und Formteile sorgen daf\u00fcr, dass sich Deckel und Korpus spezifisch aneinander schmiegen und im geschlossenen Zustand eine glatte Passform und ein glattes, integriertes Erscheinungsbild ergeben. Der \u00d6ffnungs- und Schlie\u00dfvorgang ist extrem leichtg\u00e4ngig, mit genau dem richtigen Ma\u00df an D\u00e4mpfung, was einen problemlosen Zugang gew\u00e4hrleistet, w\u00e4hrend er im geschlossenen Zustand gesch\u00fctzte Sicherheit bietet und ein Gef\u00fchl von Spitzenqualit\u00e4t und Verl\u00e4sslichkeit vermittelt.<\/p>\n<p><img fetchpriority=\"high\" decoding=\"async\" class=\"alignnone wp-image-2292 size-full\" src=\"https:\/\/chinacustomboxes.com\/wp-content\/uploads\/2025\/08\/Face-Mask-Cream-Lotion-Eye-Mask-Top-and-Bottom-Boxes-OEM-1.jpg\" alt=\"Gesichtsmaske Creme Lotion Augenmaske Top und Bottom Boxen OEM\" width=\"1000\" height=\"1000\" title=\"\" srcset=\"https:\/\/chinacustomboxes.com\/wp-content\/uploads\/2025\/08\/Face-Mask-Cream-Lotion-Eye-Mask-Top-and-Bottom-Boxes-OEM-1.jpg 1000w, https:\/\/chinacustomboxes.com\/wp-content\/uploads\/2025\/08\/Face-Mask-Cream-Lotion-Eye-Mask-Top-and-Bottom-Boxes-OEM-1-300x300.jpg 300w, https:\/\/chinacustomboxes.com\/wp-content\/uploads\/2025\/08\/Face-Mask-Cream-Lotion-Eye-Mask-Top-and-Bottom-Boxes-OEM-1-150x150.jpg 150w, https:\/\/chinacustomboxes.com\/wp-content\/uploads\/2025\/08\/Face-Mask-Cream-Lotion-Eye-Mask-Top-and-Bottom-Boxes-OEM-1-768x768.jpg 768w, https:\/\/chinacustomboxes.com\/wp-content\/uploads\/2025\/08\/Face-Mask-Cream-Lotion-Eye-Mask-Top-and-Bottom-Boxes-OEM-1-12x12.jpg 12w, https:\/\/chinacustomboxes.com\/wp-content\/uploads\/2025\/08\/Face-Mask-Cream-Lotion-Eye-Mask-Top-and-Bottom-Boxes-OEM-1-600x600.jpg 600w, https:\/\/chinacustomboxes.com\/wp-content\/uploads\/2025\/08\/Face-Mask-Cream-Lotion-Eye-Mask-Top-and-Bottom-Boxes-OEM-1-100x100.jpg 100w\" sizes=\"(max-width: 1000px) 100vw, 1000px\" \/><\/p>\n<h2 id=\"2-straightforward-smooth-modern-aesthetic-layout\">2. Unkompliziertes, glattes, modernes und \u00e4sthetisches Layout<\/h2>\n<p>Die aufger\u00e4umten, klaren Linien der Verpackung verzichten auf \u00fcberfl\u00fcssige Verzierungen und symbolisieren ein Gef\u00fchl von St\u00e4rke und Hochwertigkeit in seiner reinsten Form. Dieser minimale Stil macht sie extrem vielseitig und perfekt geeignet f\u00fcr die Verpackungsanforderungen von Luxusg\u00fctern, Premium-Kosmetik und Premium-Geschenken, die ein hohes Ma\u00df an hoher Qualit\u00e4t erfordern und das Markenimage erfolgreich verbessern.<\/p>\n<h2 id=\"3-excellent-load-bearing-capacity-and-storage-stability\">3. Hervorragende Tragf\u00e4higkeit und Lagerstabilit\u00e4t<\/h2>\n<p>Der architektonische Stil tr\u00e4gt der Praktikabilit\u00e4t Rechnung. Der verst\u00e4rkte Boden bietet eine hervorragende Tragf\u00e4higkeit und sch\u00fctzt das Innere des Produkts wirksam vor Quetschungen. Selbst wenn das Produkt w\u00e4hrend der Lagerung oder des Transports in mehreren Lagen gestapelt wird, ist die <a href=\"https:\/\/chinacustomboxes.com\/de\/\">Box<\/a> bleibt stabil und verformungsbest\u00e4ndig und erf\u00fcllt damit die hohen Anforderungen an die Verpackungsstabilit\u00e4t, die in der modernen Logistik gefordert werden.<\/p>\n<p><img decoding=\"async\" class=\"alignnone wp-image-2294 size-full\" src=\"https:\/\/chinacustomboxes.com\/wp-content\/uploads\/2025\/08\/Face-Mask-Cream-Lotion-Eye-Mask-Top-and-Bottom-Boxes-OEM-3.jpg\" alt=\"Gesichtsmaske Creme Lotion Augenmaske Top und Bottom Boxen OEM\" width=\"1000\" height=\"1000\" title=\"\" srcset=\"https:\/\/chinacustomboxes.com\/wp-content\/uploads\/2025\/08\/Face-Mask-Cream-Lotion-Eye-Mask-Top-and-Bottom-Boxes-OEM-3.jpg 1000w, https:\/\/chinacustomboxes.com\/wp-content\/uploads\/2025\/08\/Face-Mask-Cream-Lotion-Eye-Mask-Top-and-Bottom-Boxes-OEM-3-300x300.jpg 300w, https:\/\/chinacustomboxes.com\/wp-content\/uploads\/2025\/08\/Face-Mask-Cream-Lotion-Eye-Mask-Top-and-Bottom-Boxes-OEM-3-150x150.jpg 150w, https:\/\/chinacustomboxes.com\/wp-content\/uploads\/2025\/08\/Face-Mask-Cream-Lotion-Eye-Mask-Top-and-Bottom-Boxes-OEM-3-768x768.jpg 768w, https:\/\/chinacustomboxes.com\/wp-content\/uploads\/2025\/08\/Face-Mask-Cream-Lotion-Eye-Mask-Top-and-Bottom-Boxes-OEM-3-12x12.jpg 12w, https:\/\/chinacustomboxes.com\/wp-content\/uploads\/2025\/08\/Face-Mask-Cream-Lotion-Eye-Mask-Top-and-Bottom-Boxes-OEM-3-600x600.jpg 600w, https:\/\/chinacustomboxes.com\/wp-content\/uploads\/2025\/08\/Face-Mask-Cream-Lotion-Eye-Mask-Top-and-Bottom-Boxes-OEM-3-100x100.jpg 100w\" sizes=\"(max-width: 1000px) 100vw, 1000px\" \/><\/p>\n<h2 id=\"4-picked-composite-products-for-resilience\">4. Ausgew\u00e4hlte Verbundwerkstoffprodukte f\u00fcr Widerstandsf\u00e4higkeit<\/h2>\n<p>Als Oberpapier verwenden wir 157g C2S beidseitig gestrichenes Papier, das sich durch eine glatte, gro\u00dfe Oberfl\u00e4che und eine hohe Farbwiedergabe auszeichnet. Die Innenverkleidung besteht aus 1200g hochdichtem Karton. Die beste Mischung aus diesen beiden Materialien bietet das Produkt <a href=\"https:\/\/chinacustomboxes.com\/de\/brand-double-door-box-for-skincare-bottle-fragrance-perfume\/\">Verpackung<\/a> Hervorragende Ausdauer und Strapazierf\u00e4higkeit, die den besten Schutz f\u00fcr Ihr Objekt bieten.<\/p>\n<h2 id=\"5-warm-stamping-in-red-gold-for-an-extravagant-and-celebratory-sense\">5. Warme Pr\u00e4gung in Rotgold f\u00fcr ein extravagantes und feierliches Gef\u00fchl<\/h2>\n<p>Der Schriftzug \"Logo\" und das ber\u00fchmte vergr\u00f6\u00dferte Muster auf dem Deckel sind in au\u00dfergew\u00f6hnlicher Weise in Rotgold hei\u00dfgepr\u00e4gt. Diese Technik erzeugt nicht nur einen soliden visuellen Einfluss und ein extravagantes, hochwertiges Gef\u00fchl, sondern der einzigartige Metallglanz beh\u00e4lt auch bei starkem Licht eine bemerkenswerte Qualit\u00e4t und Sch\u00f6nheit. Jedes \u00d6ffnen der Verpackung ist ein feierliches Markenerlebnis.<\/p>\n<p><img decoding=\"async\" class=\"alignnone wp-image-2295 size-full\" src=\"https:\/\/chinacustomboxes.com\/wp-content\/uploads\/2025\/08\/Face-Mask-Cream-Lotion-Eye-Mask-Top-and-Bottom-Boxes-OEM-4.jpg\" alt=\"Gesichtsmaske Creme Lotion Augenmaske Top und Bottom Boxen OEM\" width=\"800\" height=\"800\" title=\"\" srcset=\"https:\/\/chinacustomboxes.com\/wp-content\/uploads\/2025\/08\/Face-Mask-Cream-Lotion-Eye-Mask-Top-and-Bottom-Boxes-OEM-4.jpg 800w, https:\/\/chinacustomboxes.com\/wp-content\/uploads\/2025\/08\/Face-Mask-Cream-Lotion-Eye-Mask-Top-and-Bottom-Boxes-OEM-4-300x300.jpg 300w, https:\/\/chinacustomboxes.com\/wp-content\/uploads\/2025\/08\/Face-Mask-Cream-Lotion-Eye-Mask-Top-and-Bottom-Boxes-OEM-4-150x150.jpg 150w, https:\/\/chinacustomboxes.com\/wp-content\/uploads\/2025\/08\/Face-Mask-Cream-Lotion-Eye-Mask-Top-and-Bottom-Boxes-OEM-4-768x768.jpg 768w, https:\/\/chinacustomboxes.com\/wp-content\/uploads\/2025\/08\/Face-Mask-Cream-Lotion-Eye-Mask-Top-and-Bottom-Boxes-OEM-4-12x12.jpg 12w, https:\/\/chinacustomboxes.com\/wp-content\/uploads\/2025\/08\/Face-Mask-Cream-Lotion-Eye-Mask-Top-and-Bottom-Boxes-OEM-4-600x600.jpg 600w, https:\/\/chinacustomboxes.com\/wp-content\/uploads\/2025\/08\/Face-Mask-Cream-Lotion-Eye-Mask-Top-and-Bottom-Boxes-OEM-4-100x100.jpg 100w\" sizes=\"(max-width: 800px) 100vw, 800px\" \/><\/p>\n<h2 id=\"6-ultra-fast-oem-modification-solution\">6. Ultra-schnelle OEM Modifikationsl\u00f6sung<\/h2>\n<p>Wir wissen, wie wichtig die Zeit f\u00fcr Marken ist. Aus diesem Grund versprechen wir, branchenf\u00fchrende L\u00f6sungen f\u00fcr eine schnelle Reaktion anzubieten:.<\/p>\n<p>1-Stunden-Beispielfertigung: Nach Genehmigung des Layouts k\u00f6nnen wir das erste Beispiel in nur 1 Stunde erstellen.<\/p>\n<p>3-Stunden-Unterst\u00fctzung bei der Verifizierung: Die von Ihnen gew\u00e4hlte Material- und Prozesskombination kann innerhalb von 3 Stunden \u00fcberpr\u00fcft werden, um die hohe Qualit\u00e4t und Effektivit\u00e4t der letzten Fertigung sicherzustellen.<\/p>","protected":false},"excerpt":{"rendered":"<p>Diese hochwertige, ma\u00dfgefertigte Produktverpackung hat eine zeitlose Deckel- und Bodenstruktur, die aus 1200g hochdichtem Karton und 157g Kunstdruckpapier gefertigt ist. Sie ist haltbar und belastbar und eignet sich bestens zum Stapeln und Versenden. Die schlanken Linien und das minimalistische, hochwertige Layout der Schachtel eignen sich hervorragend f\u00fcr die Verpackung von Beauty- und High-End-Produkten. Das einzigartige hei\u00dfgepr\u00e4gte goldene Klettermuster des Deckels verleiht einen Hauch von High-End und verst\u00e4rkt das Gef\u00fchl von Party beim \u00d6ffnen der Verpackung. Wir bieten einen effektiven OEM-Service an, der aus einer einst\u00fcndigen Musterproduktion und einer dreist\u00fcndigen Verfahrenspr\u00fcfung besteht und somit die perfekte Option f\u00fcr die Entwicklung einer hochwertigen Markenerfahrung darstellt.<\/p>","protected":false},"featured_media":2292,"template":"","meta":{"_kad_post_transparent":"default","_kad_post_title":"","_kad_post_layout":"default","_kad_post_sidebar_id":"","_kad_post_content_style":"default","_kad_post_vertical_padding":"default","_kad_post_feature":"","_kad_post_feature_position":"","_kad_post_header":false,"_kad_post_footer":false,"_kad_post_classname":""},"product_brand":[],"product_cat":[15,17,28,20],"product_tag":[567,566,565],"class_list":{"0":"post-2291","1":"product","2":"type-product","3":"status-publish","4":"has-post-thumbnail","6":"product_cat-boxes-by-shapes","7":"product_cat-boxes-by-industries","8":"product_cat-cosmetic-packaging-boxes","9":"product_cat-drawer-style-boxes","10":"product_tag-eye-mask-top-and-bottom-boxes","11":"product_tag-face-cream-lotion-boxes","12":"product_tag-face-mask-boxes","14":"first","15":"instock","16":"shipping-taxable","17":"product-type-simple","18":"entry","19":"content-bg","20":"loop-entry"},"_links":{"self":[{"href":"https:\/\/chinacustomboxes.com\/de\/wp-json\/wp\/v2\/product\/2291","targetHints":{"allow":["GET"]}}],"collection":[{"href":"https:\/\/chinacustomboxes.com\/de\/wp-json\/wp\/v2\/product"}],"about":[{"href":"https:\/\/chinacustomboxes.com\/de\/wp-json\/wp\/v2\/types\/product"}],"wp:featuredmedia":[{"embeddable":true,"href":"https:\/\/chinacustomboxes.com\/de\/wp-json\/wp\/v2\/media\/2292"}],"wp:attachment":[{"href":"https:\/\/chinacustomboxes.com\/de\/wp-json\/wp\/v2\/media?parent=2291"}],"wp:term":[{"taxonomy":"product_brand","embeddable":true,"href":"https:\/\/chinacustomboxes.com\/de\/wp-json\/wp\/v2\/product_brand?post=2291"},{"taxonomy":"product_cat","embeddable":true,"href":"https:\/\/chinacustomboxes.com\/de\/wp-json\/wp\/v2\/product_cat?post=2291"},{"taxonomy":"product_tag","embeddable":true,"href":"https:\/\/chinacustomboxes.com\/de\/wp-json\/wp\/v2\/product_tag?post=2291"}],"curies":[{"name":"wp","href":"https:\/\/api.w.org\/{rel}","templated":true}]}}