{"id":2297,"date":"2025-08-21T05:57:01","date_gmt":"2025-08-21T05:57:01","guid":{"rendered":"https:\/\/chinacustomboxes.com\/?post_type=product&#038;p=2297"},"modified":"2025-08-21T06:22:12","modified_gmt":"2025-08-21T06:22:12","slug":"hydrosol-derma-rolling-system-magnetic-closure-boxes-factory","status":"publish","type":"product","link":"https:\/\/chinacustomboxes.com\/de\/hydrosol-derma-rolling-system-magnetic-closure-boxes-factory\/","title":{"rendered":"Hydrosol Derma Rolling System Magnetverschlussboxen Fabrik"},"content":{"rendered":"<h2 id=\"hydrosol-derma-rolling-system-magnetic-closure-box\">Hydrosol Derma Rolling System Boxen mit Magnetverschluss<\/h2>\n<p>Das einzigartige Hydrosol Derma Rolling System stellt sich vor <a href=\"https:\/\/chinacustomboxes.com\/de\/magnetic-closure-boxes\/\">Magnetverschlussboxen<\/a>Diese Boxen vereinen stilvollen Stil, \u00fcberlegene F\u00e4higkeiten und hervorragende Handwerkskunst, um Ihr Markenimage und Ihre Kundenerfahrung zu verbessern. Seine au\u00dfergew\u00f6hnliche hohe Qualit\u00e4t ist von dem Moment an offensichtlich, wenn Sie es \u00f6ffnen.<\/p>\n<h2 id=\"1-easy-opening-and-closing-smooth-experience-\">1.\u00a0<strong>Einfaches \u00d6ffnen und Schlie\u00dfen, reibungslose Erfahrung<\/strong><\/h2>\n<p>Das einzigartige magnetische Verschlusssystem macht das \u00d6ffnen und Schlie\u00dfen zu einem Vergn\u00fcgen. Der Deckel ist leicht mit einer Hand zu bedienen, l\u00e4sst sich pr\u00e4zise \u00f6ffnen und schnappt sofort zu. Dies sorgt nicht nur f\u00fcr ein reibungsloses und nahtloses Erlebnis, sondern garantiert auch die Sicherheit und den Komfort der Charm-Tools im Inneren w\u00e4hrend des Transports und der Lagerung.<\/p>\n<p><img fetchpriority=\"high\" decoding=\"async\" class=\"alignnone wp-image-2299 size-full\" src=\"https:\/\/chinacustomboxes.com\/wp-content\/uploads\/2025\/08\/Hydrosol-Derma-Rolling-System-Magnetic-Closure-Boxes-Factory-2.jpg\" alt=\"Hydrosol Derma Rolling System Magnetverschlussboxen Fabrik\" width=\"1000\" height=\"1000\" title=\"\" srcset=\"https:\/\/chinacustomboxes.com\/wp-content\/uploads\/2025\/08\/Hydrosol-Derma-Rolling-System-Magnetic-Closure-Boxes-Factory-2.jpg 1000w, https:\/\/chinacustomboxes.com\/wp-content\/uploads\/2025\/08\/Hydrosol-Derma-Rolling-System-Magnetic-Closure-Boxes-Factory-2-300x300.jpg 300w, https:\/\/chinacustomboxes.com\/wp-content\/uploads\/2025\/08\/Hydrosol-Derma-Rolling-System-Magnetic-Closure-Boxes-Factory-2-150x150.jpg 150w, https:\/\/chinacustomboxes.com\/wp-content\/uploads\/2025\/08\/Hydrosol-Derma-Rolling-System-Magnetic-Closure-Boxes-Factory-2-768x768.jpg 768w, https:\/\/chinacustomboxes.com\/wp-content\/uploads\/2025\/08\/Hydrosol-Derma-Rolling-System-Magnetic-Closure-Boxes-Factory-2-12x12.jpg 12w, https:\/\/chinacustomboxes.com\/wp-content\/uploads\/2025\/08\/Hydrosol-Derma-Rolling-System-Magnetic-Closure-Boxes-Factory-2-600x600.jpg 600w, https:\/\/chinacustomboxes.com\/wp-content\/uploads\/2025\/08\/Hydrosol-Derma-Rolling-System-Magnetic-Closure-Boxes-Factory-2-100x100.jpg 100w\" sizes=\"(max-width: 1000px) 100vw, 1000px\" \/><\/p>\n<h2 id=\"2-multifunctional-storage-space-neat-and-organized-\">2.\u00a0<strong>Multifunktionaler Stauraum, \u00fcbersichtlich und organisiert<\/strong><\/h2>\n<p>Diese <a href=\"https:\/\/chinacustomboxes.com\/de\/\">Boxen<\/a> verf\u00fcgt \u00fcber einen stabilen und dennoch kleinen Rahmen, der den Innenraum optimal ausnutzt. Es ist daf\u00fcr gedacht, einen Derma-Roller, ein Gua-Sha-Brett, einen Sch\u00f6nheitsschwamm und andere elegante Werkzeuge ordentlich zu verstauen. Ob f\u00fcr die t\u00e4gliche Aufbewahrung oder auf Reisen, es h\u00e4lt alles geordnet und sch\u00f6n.<\/p>\n<h2 id=\"3-eco-friendly-products-durable-and-strong-\">3.\u00a0<strong>Umweltfreundliche Produkte, langlebig und robust<\/strong><\/h2>\n<p>Die Boxen werden aus hochfestem, beschichtetem Papier hergestellt und verbessert, um das perfekte Gleichgewicht zwischen geringem Gewicht und au\u00dfergew\u00f6hnlicher Tragf\u00e4higkeit zu erreichen. Die hervorragende Druck- und Verformungsfestigkeit sichert die Komponenten wirksam vor \u00e4u\u00dferen Kr\u00e4ften. Dar\u00fcber hinaus w\u00e4hlen wir Materialien, die nachhaltigen Methoden folgen, was unser Engagement f\u00fcr die \u00f6kologische Pflicht demonstriert.<\/p>\n<p><img decoding=\"async\" class=\"alignnone wp-image-2301 size-full\" src=\"https:\/\/chinacustomboxes.com\/wp-content\/uploads\/2025\/08\/Hydrosol-Derma-Rolling-System-Magnetic-Closure-Boxes-Factory-4.jpg\" alt=\"Hydrosol Derma Rolling System Magnetverschlussboxen Fabrik\" width=\"1000\" height=\"1000\" title=\"\" srcset=\"https:\/\/chinacustomboxes.com\/wp-content\/uploads\/2025\/08\/Hydrosol-Derma-Rolling-System-Magnetic-Closure-Boxes-Factory-4.jpg 1000w, https:\/\/chinacustomboxes.com\/wp-content\/uploads\/2025\/08\/Hydrosol-Derma-Rolling-System-Magnetic-Closure-Boxes-Factory-4-300x300.jpg 300w, https:\/\/chinacustomboxes.com\/wp-content\/uploads\/2025\/08\/Hydrosol-Derma-Rolling-System-Magnetic-Closure-Boxes-Factory-4-150x150.jpg 150w, https:\/\/chinacustomboxes.com\/wp-content\/uploads\/2025\/08\/Hydrosol-Derma-Rolling-System-Magnetic-Closure-Boxes-Factory-4-768x768.jpg 768w, https:\/\/chinacustomboxes.com\/wp-content\/uploads\/2025\/08\/Hydrosol-Derma-Rolling-System-Magnetic-Closure-Boxes-Factory-4-12x12.jpg 12w, https:\/\/chinacustomboxes.com\/wp-content\/uploads\/2025\/08\/Hydrosol-Derma-Rolling-System-Magnetic-Closure-Boxes-Factory-4-600x600.jpg 600w, https:\/\/chinacustomboxes.com\/wp-content\/uploads\/2025\/08\/Hydrosol-Derma-Rolling-System-Magnetic-Closure-Boxes-Factory-4-100x100.jpg 100w\" sizes=\"(max-width: 1000px) 100vw, 1000px\" \/><\/p>\n<h2 id=\"4-accuracy-molding-charming-craftsmanship-\">4.\u00a0<strong>Pr\u00e4zise Formgebung, charmante Handwerkskunst<\/strong><\/h2>\n<p>Durch ausgekl\u00fcgeltes Laserschneiden und hochpr\u00e4zise Formgebungsverfahren stellen wir sicher, dass jeder Quadratzentimeter der Verpackung glatt und perfekt konstruiert ist. Dies sorgt nicht nur f\u00fcr ein reibungsloses \u00d6ffnen und Schlie\u00dfen des Deckels, sondern auch daf\u00fcr, dass sich der innere Rahmen problemlos an die speziellen Formen der verschiedenen Ger\u00e4te anpasst und einen gesch\u00fctzten Schutz bietet.<\/p>\n<h2 id=\"5-soft-and-luxurious-a-visual-feast-\">5.\u00a0<strong>Weich und luxuri\u00f6s, ein visuelles Vergn\u00fcgen<\/strong><\/h2>\n<p>Der Stil ist das Herz und die Seele dieses <a href=\"https:\/\/chinacustomboxes.com\/de\/luxury-paper-gift-bags-for-cosmetics-perfume-distributors\/\">Verpackung<\/a>. Die gesamte Box ist mit einem weichen, rosa-lila Marmormuster ausgestattet. Die nat\u00fcrliche Zirkulation und die edle Farbe unterstreichen perfekt die \u00e4sthetischen Vorlieben der Verbraucherinnen. Goldene geometrische Akzente f\u00fcgen der weichen Basis einen Hauch von modernem High-End hinzu und erzeugen ein geradliniges und doch raffiniertes Erscheinungsbild.<\/p>\n<p><img decoding=\"async\" class=\"alignnone wp-image-2300 size-full\" src=\"https:\/\/chinacustomboxes.com\/wp-content\/uploads\/2025\/08\/Hydrosol-Derma-Rolling-System-Magnetic-Closure-Boxes-Factory-3.jpg\" alt=\"Hydrosol Derma Rolling System Magnetverschlussboxen Fabrik\" width=\"1000\" height=\"1000\" title=\"\" srcset=\"https:\/\/chinacustomboxes.com\/wp-content\/uploads\/2025\/08\/Hydrosol-Derma-Rolling-System-Magnetic-Closure-Boxes-Factory-3.jpg 1000w, https:\/\/chinacustomboxes.com\/wp-content\/uploads\/2025\/08\/Hydrosol-Derma-Rolling-System-Magnetic-Closure-Boxes-Factory-3-300x300.jpg 300w, https:\/\/chinacustomboxes.com\/wp-content\/uploads\/2025\/08\/Hydrosol-Derma-Rolling-System-Magnetic-Closure-Boxes-Factory-3-150x150.jpg 150w, https:\/\/chinacustomboxes.com\/wp-content\/uploads\/2025\/08\/Hydrosol-Derma-Rolling-System-Magnetic-Closure-Boxes-Factory-3-768x768.jpg 768w, https:\/\/chinacustomboxes.com\/wp-content\/uploads\/2025\/08\/Hydrosol-Derma-Rolling-System-Magnetic-Closure-Boxes-Factory-3-12x12.jpg 12w, https:\/\/chinacustomboxes.com\/wp-content\/uploads\/2025\/08\/Hydrosol-Derma-Rolling-System-Magnetic-Closure-Boxes-Factory-3-600x600.jpg 600w, https:\/\/chinacustomboxes.com\/wp-content\/uploads\/2025\/08\/Hydrosol-Derma-Rolling-System-Magnetic-Closure-Boxes-Factory-3-100x100.jpg 100w\" sizes=\"(max-width: 1000px) 100vw, 1000px\" \/><\/p>\n<h2 id=\"6-hot-stamping-highlights-superior-top-quality-\">6.\u00a0<strong>Hei\u00dfpr\u00e4gung unterstreicht \u00fcberlegene Spitzenqualit\u00e4t<\/strong><\/h2>\n<p>Um die visuelle Wirkung und den Markenwert zus\u00e4tzlich zu steigern, verwenden wir die pr\u00e4zise Hei\u00dfpr\u00e4getechnik f\u00fcr wichtige Markenlogos und Stillinien. Der Metallglanz und das dreidimensionale Relief, die durch die Hei\u00dfpr\u00e4gung entstehen, erh\u00f6hen nicht nur die Gesamtqualit\u00e4t der Produktverpackung, sondern heben sie auch von verschiedenen anderen Produkten ab und machen sie zu einer optimalen Wahl f\u00fcr die Pr\u00e4sentation von Premium-Kosmetik.<\/p>\n<h2 id=\"7-flexible-modification-to-fulfill-your-demands-\">7.\u00a0<strong>Flexible Modifikation zur Erf\u00fcllung Ihrer Anforderungen<\/strong><\/h2>\n<p>Wir verstehen die unterschiedlichen Bed\u00fcrfnisse der verschiedenen Marken und Produkte. Daher k\u00f6nnen wir den Rahmen der Verpackung vollst\u00e4ndig auf Ihre Anforderungen abstimmen. Ob es sich um Rollen in verschiedenen Gr\u00f6\u00dfen, speziell geformte Gua-Sha-Klingen oder andere Kosmetika oder Ger\u00e4te handelt, wir bieten ma\u00dfgeschneiderte Dienstleistungen, um eine perfekte Kompatibilit\u00e4t sicherzustellen.<\/p>","protected":false},"excerpt":{"rendered":"<p>Die Hydrosol Derma Rolling System Magnetverschlussboxen sind eine Aufbewahrungsl\u00f6sung, die speziell f\u00fcr hochwertige Eleganzger\u00e4te entwickelt wurde. Der m\u00fchelose Magnetverschluss erm\u00f6glicht ein einfaches \u00d6ffnen und Schlie\u00dfen mit einer Hand und bietet Sicherheit und Nutzen. Die strapazierf\u00e4hige, tragbare Box ist aus hochfestem, geschichtetem Papier gefertigt, wodurch sie leicht und druckfest ist und eine Reihe von Ger\u00e4ten, einschlie\u00dflich Massageroller und Guasha-Boards, vollst\u00e4ndig aufnehmen kann. Das weiche rosa-lila Marmormuster, das durch vergoldete geometrische Linien erg\u00e4nzt wird, entwickelt ein luxuri\u00f6ses Gef\u00fchl, das die weibliche Optik perfekt unterstreicht. Laser-Reduzierung und Pr\u00e4zisionsformung sorgen f\u00fcr ein nahtloses Benutzererlebnis und eine pr\u00e4zise Passform innerhalb der Verpackung. Das Futter kann ebenfalls an Ihre Bed\u00fcrfnisse angepasst werden, was es zu einer ausgezeichneten Wahl f\u00fcr die Aufwertung Ihres Markenbildes macht.<\/p>","protected":false},"featured_media":2299,"template":"","meta":{"_kad_post_transparent":"default","_kad_post_title":"","_kad_post_layout":"default","_kad_post_sidebar_id":"","_kad_post_content_style":"default","_kad_post_vertical_padding":"default","_kad_post_feature":"","_kad_post_feature_position":"","_kad_post_header":false,"_kad_post_footer":false,"_kad_post_classname":""},"product_brand":[],"product_cat":[15,17,28,18],"product_tag":[569,568,570],"class_list":{"0":"post-2297","1":"product","2":"type-product","3":"status-publish","4":"has-post-thumbnail","6":"product_cat-boxes-by-shapes","7":"product_cat-boxes-by-industries","8":"product_cat-cosmetic-packaging-boxes","9":"product_cat-magnetic-closure-boxes","10":"product_tag-derma-rolling-system-boxes","11":"product_tag-hydrosol-magnetic-closure-boxes","12":"product_tag-magnetic-closure-boxes-factory","14":"first","15":"instock","16":"shipping-taxable","17":"product-type-simple","18":"entry","19":"content-bg","20":"loop-entry"},"_links":{"self":[{"href":"https:\/\/chinacustomboxes.com\/de\/wp-json\/wp\/v2\/product\/2297","targetHints":{"allow":["GET"]}}],"collection":[{"href":"https:\/\/chinacustomboxes.com\/de\/wp-json\/wp\/v2\/product"}],"about":[{"href":"https:\/\/chinacustomboxes.com\/de\/wp-json\/wp\/v2\/types\/product"}],"wp:featuredmedia":[{"embeddable":true,"href":"https:\/\/chinacustomboxes.com\/de\/wp-json\/wp\/v2\/media\/2299"}],"wp:attachment":[{"href":"https:\/\/chinacustomboxes.com\/de\/wp-json\/wp\/v2\/media?parent=2297"}],"wp:term":[{"taxonomy":"product_brand","embeddable":true,"href":"https:\/\/chinacustomboxes.com\/de\/wp-json\/wp\/v2\/product_brand?post=2297"},{"taxonomy":"product_cat","embeddable":true,"href":"https:\/\/chinacustomboxes.com\/de\/wp-json\/wp\/v2\/product_cat?post=2297"},{"taxonomy":"product_tag","embeddable":true,"href":"https:\/\/chinacustomboxes.com\/de\/wp-json\/wp\/v2\/product_tag?post=2297"}],"curies":[{"name":"wp","href":"https:\/\/api.w.org\/{rel}","templated":true}]}}