{"id":2312,"date":"2025-08-22T02:37:25","date_gmt":"2025-08-22T02:37:25","guid":{"rendered":"https:\/\/chinacustomboxes.com\/?post_type=product&#038;p=2312"},"modified":"2025-08-22T02:37:26","modified_gmt":"2025-08-22T02:37:26","slug":"louis-vuitton-luxury-bags-lid-and-base-set-rigid-boxes-oem","status":"publish","type":"product","link":"https:\/\/chinacustomboxes.com\/de\/louis-vuitton-luxury-bags-lid-and-base-set-rigid-boxes-oem\/","title":{"rendered":"Louis Vuitton Luxury Bags Deckel und Boden Set Starre Boxen OEM"},"content":{"rendered":"<h2 id=\"louis-vuitton-luxury-bags-lid-and-base-set-rigid-boxes-oem\">Louis Vuitton Luxury Bags Deckel und Boden Set Starre Boxen OEM<\/h2>\n<h2 id=\"1-item-positioning-and-structure\">1 Positionierung und Struktur der Artikel<\/h2>\n<ul>\n<li><strong>Zeitlose Kombination \"Deckelbox + Geschenkt\u00fcte\u00a0<\/strong>: Die aus festem Graukarton gefertigte und mit Spezialpapier \u00fcberzogene Schachtel dient sowohl als Beh\u00e4lter als auch als Diskussionsgrundlage, w\u00e4hrend die Tasche zum Mitnehmen und als sekund\u00e4rer Bildschirm verwendet wird, wobei N\u00fctzlichkeit und Zeremonie im Einklang stehen.<\/li>\n<li><strong>Sicherer Sitz von Deckel und Boden\u00a0<\/strong>: Die <a href=\"https:\/\/chinacustomboxes.com\/de\/lid-and-base-boxes\/\">Deckel- und Bodenk\u00e4sten<\/a> sind pr\u00e4zise gestanzt, mit quadratischen Ecken f\u00fcr reibungsloses \u00d6ffnen und Schlie\u00dfen und einer <strong>straff in Form\u00a0<\/strong>und verbessert die Belastbarkeit und Sto\u00dffestigkeit f\u00fcr einen zuverl\u00e4ssigen Transport und die Pr\u00e4sentation.<\/li>\n<li><strong>Multiszenen-Geschenkt\u00fcte\u00a0<\/strong>: Dreidimensional, robust und stabil, bequem zu transportieren, ideal f\u00fcr die Abholung im Gesch\u00e4ft, zum Verschenken, f\u00fcr Offline-Veranstaltungen und f\u00fcr Geschenksets zu Weihnachten. Das reibungslose \u00d6ffnen und Schlie\u00dfen f\u00f6rdert die doppelte Nutzung und Wiederverwendung.<\/li>\n<\/ul>\n<p><img fetchpriority=\"high\" decoding=\"async\" class=\"alignnone wp-image-2313 size-full\" src=\"https:\/\/chinacustomboxes.com\/wp-content\/uploads\/2025\/08\/Louis-Vuitton-Luxury-Bags-Lid-and-Base-Set-Rigid-Boxes-OEM-1.jpg\" alt=\"Louis Vuitton Luxury Bags Deckel und Boden Set Starre Boxen OEM\" width=\"1000\" height=\"1000\" title=\"\" srcset=\"https:\/\/chinacustomboxes.com\/wp-content\/uploads\/2025\/08\/Louis-Vuitton-Luxury-Bags-Lid-and-Base-Set-Rigid-Boxes-OEM-1.jpg 1000w, https:\/\/chinacustomboxes.com\/wp-content\/uploads\/2025\/08\/Louis-Vuitton-Luxury-Bags-Lid-and-Base-Set-Rigid-Boxes-OEM-1-300x300.jpg 300w, https:\/\/chinacustomboxes.com\/wp-content\/uploads\/2025\/08\/Louis-Vuitton-Luxury-Bags-Lid-and-Base-Set-Rigid-Boxes-OEM-1-150x150.jpg 150w, https:\/\/chinacustomboxes.com\/wp-content\/uploads\/2025\/08\/Louis-Vuitton-Luxury-Bags-Lid-and-Base-Set-Rigid-Boxes-OEM-1-768x768.jpg 768w, https:\/\/chinacustomboxes.com\/wp-content\/uploads\/2025\/08\/Louis-Vuitton-Luxury-Bags-Lid-and-Base-Set-Rigid-Boxes-OEM-1-12x12.jpg 12w, https:\/\/chinacustomboxes.com\/wp-content\/uploads\/2025\/08\/Louis-Vuitton-Luxury-Bags-Lid-and-Base-Set-Rigid-Boxes-OEM-1-600x600.jpg 600w, https:\/\/chinacustomboxes.com\/wp-content\/uploads\/2025\/08\/Louis-Vuitton-Luxury-Bags-Lid-and-Base-Set-Rigid-Boxes-OEM-1-100x100.jpg 100w\" sizes=\"(max-width: 1000px) 100vw, 1000px\" \/><\/p>\n<h2 id=\"2-look-and-brand-name-sophistication\">2 Aussehen und Markenname Raffinesse<\/h2>\n<ul>\n<li><strong>Hauptfarbton: Extrem ges\u00e4ttigtes Orange\u00a0<\/strong>: \u00c4u\u00dferst \u00e4sthetisch und mit hohem Wiedererkennungswert im Regal, erregt es schnell Aufmerksamkeit in den sozialen Medien und in Offline-Gesch\u00e4ften.<\/li>\n<li><strong>Farb-Ideen\u00a0<\/strong>: Der orangefarbene Farbton \"Safran Imp\u00e9rial\", den Louis Vuitton seit 2016 verwendet, wird oft mit dem\u00a0<strong>blaues Band\/Handgriff\u00a0<\/strong>und schafft so eine zeitgem\u00e4\u00dfe und zugleich klassische Markensignatur.<\/li>\n<\/ul>\n<h2 id=\"3-products-and-environmental-protection\">3 Produkte und Umweltschutz<\/h2>\n<ul>\n<li><strong>Nachhaltigkeit und Langlebigkeit\u00a0<\/strong>: Sowohl die <a href=\"https:\/\/chinacustomboxes.com\/de\/\">Geschenkbox<\/a> und die vorliegende Tasche sind aus nachhaltigen Ressourcen hergestellt und enthalten recycelte Webinhalte. Die robuste Struktur und die wiederverwendbaren \u00d6ffnungs- und Verschlusssysteme verringern die Gefahr von Logistik- und Umschlagverlusten und erf\u00fcllen die Anforderungen an die Robustheit und Konformit\u00e4t von Luxusproduktverpackungen.<\/li>\n<li>Verweis auf \u00f6ffentliche Informationen der Branche und der Marke: LV gibt f\u00f6rmlich an, dass sein Geschenkkartonpapier \"aus nachhaltigen W\u00e4ldern stammt, aus etwa 40% recycelten Fasern besteht und zusammenklappbar ist, um den Einfluss der Lieferung zu verringern\" (als Hinweis auf die Umweltausrichtung und Effizienzziele).<\/li>\n<\/ul>\n<p><img decoding=\"async\" class=\"alignnone wp-image-2315 size-full\" src=\"https:\/\/chinacustomboxes.com\/wp-content\/uploads\/2025\/08\/Louis-Vuitton-Luxury-Bags-Lid-and-Base-Set-Rigid-Boxes-OEM-3.jpg\" alt=\"Louis Vuitton Luxury Bags Deckel und Boden Set Starre Boxen OEM\" width=\"1000\" height=\"1000\" title=\"\" srcset=\"https:\/\/chinacustomboxes.com\/wp-content\/uploads\/2025\/08\/Louis-Vuitton-Luxury-Bags-Lid-and-Base-Set-Rigid-Boxes-OEM-3.jpg 1000w, https:\/\/chinacustomboxes.com\/wp-content\/uploads\/2025\/08\/Louis-Vuitton-Luxury-Bags-Lid-and-Base-Set-Rigid-Boxes-OEM-3-300x300.jpg 300w, https:\/\/chinacustomboxes.com\/wp-content\/uploads\/2025\/08\/Louis-Vuitton-Luxury-Bags-Lid-and-Base-Set-Rigid-Boxes-OEM-3-150x150.jpg 150w, https:\/\/chinacustomboxes.com\/wp-content\/uploads\/2025\/08\/Louis-Vuitton-Luxury-Bags-Lid-and-Base-Set-Rigid-Boxes-OEM-3-768x768.jpg 768w, https:\/\/chinacustomboxes.com\/wp-content\/uploads\/2025\/08\/Louis-Vuitton-Luxury-Bags-Lid-and-Base-Set-Rigid-Boxes-OEM-3-12x12.jpg 12w, https:\/\/chinacustomboxes.com\/wp-content\/uploads\/2025\/08\/Louis-Vuitton-Luxury-Bags-Lid-and-Base-Set-Rigid-Boxes-OEM-3-600x600.jpg 600w, https:\/\/chinacustomboxes.com\/wp-content\/uploads\/2025\/08\/Louis-Vuitton-Luxury-Bags-Lid-and-Base-Set-Rigid-Boxes-OEM-3-100x100.jpg 100w\" sizes=\"(max-width: 1000px) 100vw, 1000px\" \/><\/p>\n<h2 id=\"4-structure-and-workmanship-details\">4 Aufbau und Ausf\u00fchrungsdetails<\/h2>\n<ul>\n<li><strong>Starre Struktur\u00a0<\/strong>: In der Regel schlagen wir 1200- 1800g Graukarton (oder schwarzen Kernkarton) + 120- 180g Spezialpapier vor; die vordere und untere Deckeltiefe wird auf die Artikelspezifikationen abgestimmt, mit\u00a0<strong>Passungstoleranzkontrolle\u00a0<\/strong>und sorgt f\u00fcr ein \"begrenztes, aber bequemes\" \u00d6ffnungsgef\u00fchl.<\/li>\n<li><strong>Hochpr\u00e4ziser Druck\u00a0<\/strong>: Pr\u00e4zise Farbanpassung von Fl\u00e4chenfarben\/PANTONE, Rasterpunktkontrolle und Druck mit hoher Zeilenanzahl, um sicherzustellen, dass\u00a0<strong>klare und scharfe Logodesigns, gratfreie Seiten und regelm\u00e4\u00dfige Farbvariationen\u00a0<\/strong>.\u00a0<strong>Die fakultativen Pr\u00e4mienverfahren bestehen aus\u00a0<\/strong>Hei\u00dfpr\u00e4gung, Pr\u00e4gung und UV-Lackierung **.<\/li>\n<li><strong>Auskleidung und Schutz\u00a0<\/strong>: Erh\u00e4ltlich in EVA, Velours, beflocktem Papier oder geformtem Zellstoff f\u00fcr verschiedene Gr\u00f6\u00dfen, bestehend aus Handtaschen, Budgets und Accessoires. ** Kratzfeste, staubdichte und feuchtigkeitsabsorbierende Varianten stehen zur Verf\u00fcgung.<\/li>\n<li><strong>Geschenkbeutel Bau und Konstruktion\u00a0<\/strong>: Erh\u00e4ltlich in den Ausf\u00fchrungen Laminat oder Basispapier, verst\u00e4rkte Klappen und Tr\u00e4gerpapier.\u00a0<strong>Gurtband, geripptes oder blaues Kabel\u00a0<\/strong>sind erh\u00e4ltlich, die mit Perforationen und Nieten verst\u00e4rkt sind, um ein ausgewogenes Gef\u00fchl und eine hohe Widerstandsf\u00e4higkeit zu gew\u00e4hrleisten.<\/li>\n<\/ul>\n<p><img decoding=\"async\" class=\"alignnone wp-image-2316 size-full\" src=\"https:\/\/chinacustomboxes.com\/wp-content\/uploads\/2025\/08\/Louis-Vuitton-Luxury-Bags-Lid-and-Base-Set-Rigid-Boxes-OEM-4.jpg\" alt=\"Louis Vuitton Luxury Bags Deckel und Boden Set Starre Boxen OEM\" width=\"1000\" height=\"1000\" title=\"\" srcset=\"https:\/\/chinacustomboxes.com\/wp-content\/uploads\/2025\/08\/Louis-Vuitton-Luxury-Bags-Lid-and-Base-Set-Rigid-Boxes-OEM-4.jpg 1000w, https:\/\/chinacustomboxes.com\/wp-content\/uploads\/2025\/08\/Louis-Vuitton-Luxury-Bags-Lid-and-Base-Set-Rigid-Boxes-OEM-4-300x300.jpg 300w, https:\/\/chinacustomboxes.com\/wp-content\/uploads\/2025\/08\/Louis-Vuitton-Luxury-Bags-Lid-and-Base-Set-Rigid-Boxes-OEM-4-150x150.jpg 150w, https:\/\/chinacustomboxes.com\/wp-content\/uploads\/2025\/08\/Louis-Vuitton-Luxury-Bags-Lid-and-Base-Set-Rigid-Boxes-OEM-4-768x768.jpg 768w, https:\/\/chinacustomboxes.com\/wp-content\/uploads\/2025\/08\/Louis-Vuitton-Luxury-Bags-Lid-and-Base-Set-Rigid-Boxes-OEM-4-12x12.jpg 12w, https:\/\/chinacustomboxes.com\/wp-content\/uploads\/2025\/08\/Louis-Vuitton-Luxury-Bags-Lid-and-Base-Set-Rigid-Boxes-OEM-4-600x600.jpg 600w, https:\/\/chinacustomboxes.com\/wp-content\/uploads\/2025\/08\/Louis-Vuitton-Luxury-Bags-Lid-and-Base-Set-Rigid-Boxes-OEM-4-100x100.jpg 100w\" sizes=\"(max-width: 1000px) 100vw, 1000px\" \/><\/p>\n<h2 id=\"5-application-situations\">5 Anwendungssituationen<\/h2>\n<ul>\n<li><strong>Hochwertige Geschenke\/Urlaubsgeschenke\/Pakete\u00a0<\/strong>: Wie z. B. Urlaubsgeschenke in limitierter Auflage, VIP-Geschenke und Geschenkboxen mit Co-Branding; geeignet sowohl f\u00fcr Offline-Gesch\u00e4ftsbildschirme als auch f\u00fcr direkte Einkaufspost oder Geschenkproduktverpackungen.<\/li>\n<\/ul>\n<h2 id=\"6-quality-control-and-shipment\">6 Qualit\u00e4tskontrolle und Versand<\/h2>\n<ul>\n<li><strong>Farbtonunterscheidung und Dimensionskontrolle\u00a0<\/strong>: Erstellen von ICC-Konturen f\u00fcr das Proofing und von Kontrast- und Farbtabellen; stichprobenartige \u00dcberpr\u00fcfung der wesentlichen Ma\u00dfe und der diagonalen Parallelit\u00e4t; Durchf\u00fchrung von Auslieferungspr\u00fcfungen auf Reibechtheit, Falzfestigkeit, Druck- und Fallfestigkeit.<\/li>\n<li><strong>Sicherheit und Compliance\u00a0<\/strong>: Papier und Druckfarben k\u00f6nnen auf Wunsch mit FSC\/REACH-Konformit\u00e4tskriterien versehen werden (je nach Kundenauftrag und lokalen Richtlinien).<\/li>\n<li><strong>Schnelle Prototyping-Kapazit\u00e4ten\u00a0<\/strong>: Die Nutzung unserer\u00a0<strong>intelligente Produktionslinie\u00a0<\/strong>und\u00a0<strong>modulare Stanz-\/Futtermittelkollektion\u00a0<\/strong>unterst\u00fctzen wir das Proofing innerhalb\u00a0<strong>1 Stunde\u00a0<\/strong>(mit lokaler\/online Verifizierung von Beweisbildern und Standardteilen), was eine schnelle Reaktion auf beschleunigte Anfragen und Kleinserien erm\u00f6glicht.<\/li>\n<\/ul>\n<p><img loading=\"lazy\" decoding=\"async\" class=\"alignnone wp-image-2318 size-full\" src=\"https:\/\/chinacustomboxes.com\/wp-content\/uploads\/2025\/08\/Louis-Vuitton-Luxury-Bags-Lid-and-Base-Set-Rigid-Boxes-OEM-6.jpg\" alt=\"Louis Vuitton Luxury Bags Deckel und Boden Set Starre Boxen OEM\" width=\"1000\" height=\"1000\" title=\"\" srcset=\"https:\/\/chinacustomboxes.com\/wp-content\/uploads\/2025\/08\/Louis-Vuitton-Luxury-Bags-Lid-and-Base-Set-Rigid-Boxes-OEM-6.jpg 1000w, https:\/\/chinacustomboxes.com\/wp-content\/uploads\/2025\/08\/Louis-Vuitton-Luxury-Bags-Lid-and-Base-Set-Rigid-Boxes-OEM-6-300x300.jpg 300w, https:\/\/chinacustomboxes.com\/wp-content\/uploads\/2025\/08\/Louis-Vuitton-Luxury-Bags-Lid-and-Base-Set-Rigid-Boxes-OEM-6-150x150.jpg 150w, https:\/\/chinacustomboxes.com\/wp-content\/uploads\/2025\/08\/Louis-Vuitton-Luxury-Bags-Lid-and-Base-Set-Rigid-Boxes-OEM-6-768x768.jpg 768w, https:\/\/chinacustomboxes.com\/wp-content\/uploads\/2025\/08\/Louis-Vuitton-Luxury-Bags-Lid-and-Base-Set-Rigid-Boxes-OEM-6-12x12.jpg 12w, https:\/\/chinacustomboxes.com\/wp-content\/uploads\/2025\/08\/Louis-Vuitton-Luxury-Bags-Lid-and-Base-Set-Rigid-Boxes-OEM-6-600x600.jpg 600w, https:\/\/chinacustomboxes.com\/wp-content\/uploads\/2025\/08\/Louis-Vuitton-Luxury-Bags-Lid-and-Base-Set-Rigid-Boxes-OEM-6-100x100.jpg 100w\" sizes=\"(max-width: 1000px) 100vw, 1000px\" \/><\/p>\n<h2 id=\"7-customization\">7 Anpassung<\/h2>\n<ul>\n<li><strong>Gr\u00f6\u00dfe\u00a0<\/strong>: Ma\u00dfanfertigung f\u00fcr Geldb\u00f6rsen, kleine Naturlederartikel und Accessoires (Unterst\u00fctzung von Verpackungsmitteln in mehreren Gr\u00f6\u00dfen).<\/li>\n<li><strong>Verarbeitung\u00a0<\/strong>: Fl\u00e4chenfarbton + warme Markierung (Logo), Velours-Zellfutter, verdeckter Magnet-\/Abziehverschluss, leicht abrei\u00dfbare Lasche usw.\u00a0<em>* Ger\u00e4te\u00a0<\/em>: Tonale Geschenkt\u00fcte, Schleife, Gru\u00df-\/Geschenkkarte, s\u00e4urefreies Papier, Siegelaufkleber, Stauraum <a href=\"https:\/\/chinacustomboxes.com\/de\/drawer-style-boxes\/\">Schubladenbox<\/a>.<\/li>\n<\/ul>","protected":false},"excerpt":{"rendered":"<p>Dieses Produkt verf\u00fcgt \u00fcber ein\u00a0<strong>traditionelle Geschenkschachtel mit einem oberen und unteren Deckel und einer Geschenktasche\u00a0<\/strong>mischen. Die\u00a0<strong>Deckel und Boden in der Form fest zusammen\u00a0<\/strong>und bietet sicheren Schutz. Die Geschenktasche ist\u00a0<strong>tragbar und langlebig\u00a0<\/strong>Sie l\u00e4sst sich problemlos \u00f6ffnen und schlie\u00dfen und eignet sich daher hervorragend f\u00fcr hochwertige Geschenke und Urlaubskollektionen. Dieser Artikel verwendet\u00a0<strong>umweltfreundlich und langlebig\u00a0<\/strong>Papier, wodurch\u00a0<strong>Hochpr\u00e4zisionsdruck\u00a0<\/strong>(klar, gratfrei und normaler Farbton). Die\u00a0<strong>stark ges\u00e4ttigtes Orange\u00a0<\/strong>Farbgestaltung entwickelt eine solide visuelle Identifikation. Nutzung von\u00a0<strong>Intelligente Produktionslinien und modulare Bauweise\u00a0<\/strong>kann die Pr\u00fcfung abgeschlossen werden\u00a0<strong>innerhalb 1 Stunde\u00a0<\/strong>und erm\u00f6glicht eine schnelle Reaktion auf unmittelbare Vertriebsanforderungen.<\/p>","protected":false},"featured_media":2313,"template":"","meta":{"_kad_post_transparent":"default","_kad_post_title":"","_kad_post_layout":"default","_kad_post_sidebar_id":"","_kad_post_content_style":"default","_kad_post_vertical_padding":"default","_kad_post_feature":"","_kad_post_feature_position":"","_kad_post_header":false,"_kad_post_footer":false,"_kad_post_classname":""},"product_brand":[],"product_cat":[19,15,17,30],"product_tag":[573,575,574],"class_list":{"0":"post-2312","1":"product","2":"type-product","3":"status-publish","4":"has-post-thumbnail","6":"product_cat-lid-and-base-boxes","7":"product_cat-boxes-by-shapes","8":"product_cat-boxes-by-industries","9":"product_cat-clothing-packaging-boxes","10":"product_tag-lid-and-base-boxes","11":"product_tag-louis-vuitton-packaging-boxes","12":"product_tag-rigid-boxes-oem","14":"first","15":"instock","16":"shipping-taxable","17":"product-type-simple","18":"entry","19":"content-bg","20":"loop-entry"},"_links":{"self":[{"href":"https:\/\/chinacustomboxes.com\/de\/wp-json\/wp\/v2\/product\/2312","targetHints":{"allow":["GET"]}}],"collection":[{"href":"https:\/\/chinacustomboxes.com\/de\/wp-json\/wp\/v2\/product"}],"about":[{"href":"https:\/\/chinacustomboxes.com\/de\/wp-json\/wp\/v2\/types\/product"}],"wp:featuredmedia":[{"embeddable":true,"href":"https:\/\/chinacustomboxes.com\/de\/wp-json\/wp\/v2\/media\/2313"}],"wp:attachment":[{"href":"https:\/\/chinacustomboxes.com\/de\/wp-json\/wp\/v2\/media?parent=2312"}],"wp:term":[{"taxonomy":"product_brand","embeddable":true,"href":"https:\/\/chinacustomboxes.com\/de\/wp-json\/wp\/v2\/product_brand?post=2312"},{"taxonomy":"product_cat","embeddable":true,"href":"https:\/\/chinacustomboxes.com\/de\/wp-json\/wp\/v2\/product_cat?post=2312"},{"taxonomy":"product_tag","embeddable":true,"href":"https:\/\/chinacustomboxes.com\/de\/wp-json\/wp\/v2\/product_tag?post=2312"}],"curies":[{"name":"wp","href":"https:\/\/api.w.org\/{rel}","templated":true}]}}