{"id":2332,"date":"2025-08-25T02:17:42","date_gmt":"2025-08-25T02:17:42","guid":{"rendered":"https:\/\/chinacustomboxes.com\/?post_type=product&#038;p=2332"},"modified":"2025-08-25T03:13:29","modified_gmt":"2025-08-25T03:13:29","slug":"custom-cannabis-concentrate-containers-packaging-wholesale","status":"publish","type":"product","link":"https:\/\/chinacustomboxes.com\/de\/custom-cannabis-concentrate-containers-packaging-wholesale\/","title":{"rendered":"Kundenspezifische Cannabis-Konzentrat-Beh\u00e4lter Verpackung Gro\u00dfhandel"},"content":{"rendered":"<h2 id=\"personalized-cannabis-concentrate-container-packaging-the-ultimate-blend-of-luxury-defense-and-brand-visual-appeals\">Personalisierte Cannabiskonzentrat-Verpackungen: Die ultimative Mischung aus Luxus, Schutz und visuellen Reizen der Marke<\/h2>\n<p>Auf dem hart umk\u00e4mpften Cannabismarkt ben\u00f6tigen ph\u00e4nomenale Produkte eine ebenso ph\u00e4nomenale Verpackung, um ihren Wert zu pr\u00e4sentieren und Kunden anzuziehen. Unser <a href=\"https:\/\/chinacustomboxes.com\/de\/cannabis-packaging\/\">kundenspezifische Cannabis-Konzentrat-Beh\u00e4lter-Verpackung<\/a>g, die speziell f\u00fcr High-End-Marken entwickelt wurde, will einen perfekten Verpackungsservice bieten, der Luxus, Schutz und Markenindividualit\u00e4t durch unvergleichliches Design, hochwertige Produkte und charmante Handwerkskunst vereint.<\/p>\n<p><img fetchpriority=\"high\" decoding=\"async\" class=\"alignnone wp-image-2337 size-full\" src=\"https:\/\/chinacustomboxes.com\/wp-content\/uploads\/2025\/08\/Custom-Cannabis-Concentrate-Containers-Packaging-Wholesale-11.jpg\" alt=\"Kundenspezifische Cannabis-Konzentrat-Beh\u00e4lter Verpackung Gro\u00dfhandel\" width=\"1000\" height=\"1000\" title=\"\" srcset=\"https:\/\/chinacustomboxes.com\/wp-content\/uploads\/2025\/08\/Custom-Cannabis-Concentrate-Containers-Packaging-Wholesale-11.jpg 1000w, https:\/\/chinacustomboxes.com\/wp-content\/uploads\/2025\/08\/Custom-Cannabis-Concentrate-Containers-Packaging-Wholesale-11-300x300.jpg 300w, https:\/\/chinacustomboxes.com\/wp-content\/uploads\/2025\/08\/Custom-Cannabis-Concentrate-Containers-Packaging-Wholesale-11-150x150.jpg 150w, https:\/\/chinacustomboxes.com\/wp-content\/uploads\/2025\/08\/Custom-Cannabis-Concentrate-Containers-Packaging-Wholesale-11-768x768.jpg 768w, https:\/\/chinacustomboxes.com\/wp-content\/uploads\/2025\/08\/Custom-Cannabis-Concentrate-Containers-Packaging-Wholesale-11-12x12.jpg 12w, https:\/\/chinacustomboxes.com\/wp-content\/uploads\/2025\/08\/Custom-Cannabis-Concentrate-Containers-Packaging-Wholesale-11-600x600.jpg 600w, https:\/\/chinacustomboxes.com\/wp-content\/uploads\/2025\/08\/Custom-Cannabis-Concentrate-Containers-Packaging-Wholesale-11-100x100.jpg 100w\" sizes=\"(max-width: 1000px) 100vw, 1000px\" \/><\/p>\n<h2 id=\"1-the-phenomenal-experience-of-magnetic-flip-top-gift-boxes\">1. Die ph\u00e4nomenale Erfahrung der Geschenkboxen mit magnetischem Flip-Top-Verschluss<\/h2>\n<p>Das Herzst\u00fcck dieser Verpackung sind die innovativen Flip-Top-Geschenkboxen, die auch als <a href=\"https:\/\/chinacustomboxes.com\/de\/magnetic-closure-boxes\/\">Magnetverschlussboxen<\/a>. Sein Hauptmerkmal ist der eingebaute starke Magnetverschluss. Diese Konstruktion erm\u00f6glicht nicht nur ein unglaublich sanftes \u00d6ffnen und Schlie\u00dfen, sondern erzeugt auch ein faszinierendes \"Klick\"-Ger\u00e4usch, das ein luxuri\u00f6ses und feierliches Erlebnis f\u00fcr den Einzelnen darstellt. Im Vergleich zu herk\u00f6mmlichen Faltschachteln bietet diese haltbare, starre Schachtelstruktur einen bemerkenswerten Schutz, der den sicheren Transport und die Lagerung von wichtigen Produkten wie z.B. Brennpunkten gew\u00e4hrleistet.<\/p>\n<h2 id=\"2-strong-stiff-building-and-construction\">2. Starkes steifes Geb\u00e4ude und Konstruktion<\/h2>\n<p>Wir haben uns f\u00fcr hochwertigen Hartkarton als Hauptmaterial f\u00fcr die <a href=\"https:\/\/chinacustomboxes.com\/de\/\">Verpackungskisten<\/a>und garantiert so seine St\u00e4rke und Haltbarkeit. Dieser starke Rahmen h\u00e4lt nicht nur \u00e4u\u00dferen Belastungen stand und bietet solide Sicherheit f\u00fcr den Artikel im Inneren, sondern verbessert auch das Premium-Image des Markennamens erheblich.<\/p>\n<p><img decoding=\"async\" class=\"alignnone wp-image-2335 size-full\" src=\"https:\/\/chinacustomboxes.com\/wp-content\/uploads\/2025\/08\/Custom-Cannabis-Concentrate-Containers-Packaging-Wholesale-9.jpg\" alt=\"Kundenspezifische Cannabis-Konzentrat-Beh\u00e4lter Verpackung Gro\u00dfhandel\" width=\"1000\" height=\"1000\" title=\"\" srcset=\"https:\/\/chinacustomboxes.com\/wp-content\/uploads\/2025\/08\/Custom-Cannabis-Concentrate-Containers-Packaging-Wholesale-9.jpg 1000w, https:\/\/chinacustomboxes.com\/wp-content\/uploads\/2025\/08\/Custom-Cannabis-Concentrate-Containers-Packaging-Wholesale-9-300x300.jpg 300w, https:\/\/chinacustomboxes.com\/wp-content\/uploads\/2025\/08\/Custom-Cannabis-Concentrate-Containers-Packaging-Wholesale-9-150x150.jpg 150w, https:\/\/chinacustomboxes.com\/wp-content\/uploads\/2025\/08\/Custom-Cannabis-Concentrate-Containers-Packaging-Wholesale-9-768x768.jpg 768w, https:\/\/chinacustomboxes.com\/wp-content\/uploads\/2025\/08\/Custom-Cannabis-Concentrate-Containers-Packaging-Wholesale-9-12x12.jpg 12w, https:\/\/chinacustomboxes.com\/wp-content\/uploads\/2025\/08\/Custom-Cannabis-Concentrate-Containers-Packaging-Wholesale-9-600x600.jpg 600w, https:\/\/chinacustomboxes.com\/wp-content\/uploads\/2025\/08\/Custom-Cannabis-Concentrate-Containers-Packaging-Wholesale-9-100x100.jpg 100w\" sizes=\"(max-width: 1000px) 100vw, 1000px\" \/><\/p>\n<h2 id=\"3-dynamic-and-luxurious-area-uv-finish\">3. Dynamische und luxuri\u00f6se UV-Fl\u00e4che<\/h2>\n<p>F\u00fcr das Cannabisblattmuster auf dem Cover wird eine einzigartige Area-UV-Oberfl\u00e4che (Spot-UV-Beschichtung) verwendet. Bei dieser Strategie wird eine hochgl\u00e4nzende Klarlackschicht auf Detailbereiche aufgetragen, die einen auff\u00e4lligen Kontrast zur matten Oberfl\u00e4che des Umschlags bildet und eine lebendige, dreidimensionale \u00e4sthetische Wirkung entfaltet. Dadurch wird nicht nur die luxuri\u00f6se Haptik und der Regalcharme der Verpackung erheblich verbessert, sondern auch ein gewisser F\u00e4lschungsschutz erreicht.<\/p>\n<h2 id=\"4-distinctive-color-style\">4. Unverwechselbarer Farbstil<\/h2>\n<p>Das starke, dynamische Design des Umschlags mit seinen Regenbogenverl\u00e4ufen zieht sofort die Aufmerksamkeit der Verbraucher auf sich. Dieses Layout steht im Einklang mit den visuellen Mustern moderner Cannabisverpackungen, die sich von veralteten Stereotypen l\u00f6sen und eine modernere und elegantere \u00e4sthetische Sprache einf\u00fchren wollen. Der Boden der Schachtel ist in einem leuchtenden, reinen Blau gehalten, das einen harmonischen und doch auff\u00e4lligen Vergleich mit dem leuchtenden Deckel bildet.<\/p>\n<p><img decoding=\"async\" class=\"alignnone wp-image-2334 size-full\" src=\"https:\/\/chinacustomboxes.com\/wp-content\/uploads\/2025\/08\/Custom-Cannabis-Concentrate-Containers-Packaging-Wholesale-8.jpg\" alt=\"Kundenspezifische Cannabis-Konzentrat-Beh\u00e4lter Verpackung Gro\u00dfhandel\" width=\"1000\" height=\"1000\" title=\"\" srcset=\"https:\/\/chinacustomboxes.com\/wp-content\/uploads\/2025\/08\/Custom-Cannabis-Concentrate-Containers-Packaging-Wholesale-8.jpg 1000w, https:\/\/chinacustomboxes.com\/wp-content\/uploads\/2025\/08\/Custom-Cannabis-Concentrate-Containers-Packaging-Wholesale-8-300x300.jpg 300w, https:\/\/chinacustomboxes.com\/wp-content\/uploads\/2025\/08\/Custom-Cannabis-Concentrate-Containers-Packaging-Wholesale-8-150x150.jpg 150w, https:\/\/chinacustomboxes.com\/wp-content\/uploads\/2025\/08\/Custom-Cannabis-Concentrate-Containers-Packaging-Wholesale-8-768x768.jpg 768w, https:\/\/chinacustomboxes.com\/wp-content\/uploads\/2025\/08\/Custom-Cannabis-Concentrate-Containers-Packaging-Wholesale-8-12x12.jpg 12w, https:\/\/chinacustomboxes.com\/wp-content\/uploads\/2025\/08\/Custom-Cannabis-Concentrate-Containers-Packaging-Wholesale-8-600x600.jpg 600w, https:\/\/chinacustomboxes.com\/wp-content\/uploads\/2025\/08\/Custom-Cannabis-Concentrate-Containers-Packaging-Wholesale-8-100x100.jpg 100w\" sizes=\"(max-width: 1000px) 100vw, 1000px\" \/><\/p>\n<h2 id=\"5-skillfully-hidden-magnets\">5. Geschickt versteckte Magnete<\/h2>\n<p>Das wesentliche Merkmal dieser Verpackung sind die Magnete, die auf intelligente Weise im Deckel und in den Schachteln versteckt sind. Dieses nahtlose Layout sorgt f\u00fcr ein aufger\u00e4umtes, glattes Aussehen ohne unn\u00f6tige Druckkn\u00f6pfe. Der Magnetverschluss sorgt f\u00fcr einen spezifischen und sicheren Sitz, so dass die Ware unter allen Bedingungen sicher und gesch\u00fctzt bleibt.<\/p>\n<p><img loading=\"lazy\" decoding=\"async\" class=\"alignnone wp-image-2333 size-full\" src=\"https:\/\/chinacustomboxes.com\/wp-content\/uploads\/2025\/08\/Custom-Cannabis-Concentrate-Containers-Packaging-Wholesale-7.jpg\" alt=\"Kundenspezifische Cannabis-Konzentrat-Beh\u00e4lter Verpackung Gro\u00dfhandel\" width=\"1000\" height=\"1000\" title=\"\" srcset=\"https:\/\/chinacustomboxes.com\/wp-content\/uploads\/2025\/08\/Custom-Cannabis-Concentrate-Containers-Packaging-Wholesale-7.jpg 1000w, https:\/\/chinacustomboxes.com\/wp-content\/uploads\/2025\/08\/Custom-Cannabis-Concentrate-Containers-Packaging-Wholesale-7-300x300.jpg 300w, https:\/\/chinacustomboxes.com\/wp-content\/uploads\/2025\/08\/Custom-Cannabis-Concentrate-Containers-Packaging-Wholesale-7-150x150.jpg 150w, https:\/\/chinacustomboxes.com\/wp-content\/uploads\/2025\/08\/Custom-Cannabis-Concentrate-Containers-Packaging-Wholesale-7-768x768.jpg 768w, https:\/\/chinacustomboxes.com\/wp-content\/uploads\/2025\/08\/Custom-Cannabis-Concentrate-Containers-Packaging-Wholesale-7-12x12.jpg 12w, https:\/\/chinacustomboxes.com\/wp-content\/uploads\/2025\/08\/Custom-Cannabis-Concentrate-Containers-Packaging-Wholesale-7-600x600.jpg 600w, https:\/\/chinacustomboxes.com\/wp-content\/uploads\/2025\/08\/Custom-Cannabis-Concentrate-Containers-Packaging-Wholesale-7-100x100.jpg 100w\" sizes=\"(max-width: 1000px) 100vw, 1000px\" \/><\/p>\n<h2 id=\"6-custom-made-eva-foam-liner\">6. Ma\u00dfgeschneiderte EVA-Schaumstoffeinlage<\/h2>\n<p>Das Innere der Box ist mit einem EVA-Schaumstoff ausgekleidet, der an die Form des Artikels angepasst ist. EVA (Ethylen-Vinylacetat-Copolymer) ist ein hochdichtes Material mit au\u00dfergew\u00f6hnlichen polsternden und sto\u00dfd\u00e4mpfenden Eigenschaften, das das Produkt optimal sch\u00fctzt. Die Auskleidung ist mit kreisf\u00f6rmigen Rillen versehen, die auf die Gr\u00f6\u00dfe des Konzentratbeh\u00e4lters zugeschnitten sind. So wird das Produkt fest gesch\u00fctzt und Vibrationen und St\u00f6\u00dfe w\u00e4hrend des Transports wirksam abgefangen. Die schwarz-wei\u00dfe Auskleidung verbessert den \u00e4sthetischen Charme des Artikels beim \u00d6ffnen der Kartons noch mehr.<\/p>\n<p><img loading=\"lazy\" decoding=\"async\" class=\"alignnone wp-image-2338 size-full\" src=\"https:\/\/chinacustomboxes.com\/wp-content\/uploads\/2025\/08\/Custom-Cannabis-Concentrate-Containers-Packaging-Wholesale-12.jpg\" alt=\"Kundenspezifische Cannabis-Konzentrat-Beh\u00e4lter Verpackung Gro\u00dfhandel\" width=\"1000\" height=\"1000\" title=\"\" srcset=\"https:\/\/chinacustomboxes.com\/wp-content\/uploads\/2025\/08\/Custom-Cannabis-Concentrate-Containers-Packaging-Wholesale-12.jpg 1000w, https:\/\/chinacustomboxes.com\/wp-content\/uploads\/2025\/08\/Custom-Cannabis-Concentrate-Containers-Packaging-Wholesale-12-300x300.jpg 300w, https:\/\/chinacustomboxes.com\/wp-content\/uploads\/2025\/08\/Custom-Cannabis-Concentrate-Containers-Packaging-Wholesale-12-150x150.jpg 150w, https:\/\/chinacustomboxes.com\/wp-content\/uploads\/2025\/08\/Custom-Cannabis-Concentrate-Containers-Packaging-Wholesale-12-768x768.jpg 768w, https:\/\/chinacustomboxes.com\/wp-content\/uploads\/2025\/08\/Custom-Cannabis-Concentrate-Containers-Packaging-Wholesale-12-12x12.jpg 12w, https:\/\/chinacustomboxes.com\/wp-content\/uploads\/2025\/08\/Custom-Cannabis-Concentrate-Containers-Packaging-Wholesale-12-600x600.jpg 600w, https:\/\/chinacustomboxes.com\/wp-content\/uploads\/2025\/08\/Custom-Cannabis-Concentrate-Containers-Packaging-Wholesale-12-100x100.jpg 100w\" sizes=\"(max-width: 1000px) 100vw, 1000px\" \/><\/p>\n<h2 id=\"7-highly-adjustable-and-expert-solution\">7. Hochgradig anpassbare und fachkundige L\u00f6sung<\/h2>\n<p>Wir verstehen, dass jede Marke ihren eigenen Charakter und ihre eigenen Anforderungen hat. Diese Verpackung zeichnet sich durch eine hohe Anpassungsf\u00e4higkeit aus. Von der besonderen Form der magnetischen Flip-Top-Verschlussboxen \u00fcber den personalisierten Regenbogendruck und die fl\u00e4chige UV-Behandlung bis hin zur ma\u00dfgeschneiderten EVA-Zellenauskleidung kann jede Information an die Anforderungen Ihrer Marke angepasst werden, um sicherzustellen, dass die endg\u00fcltige Verpackung einwandfrei mit Ihrem Markenfoto und den Produkteigenschaften \u00fcbereinstimmt.<\/p>\n<p>Dank unserer langj\u00e4hrigen Erfahrung in der Branche verf\u00fcgen wir \u00fcber ein tiefes Verst\u00e4ndnis der Eigenschaften von Materialien, Verarbeitungsinnovationen und Markttrends. Wir k\u00f6nnen nicht nur Ihre Layout-Ideen richtig umsetzen, sondern auch fachliche Empfehlungen geben, die Ihnen helfen, die Verpackungsoptionen zu verbessern und m\u00f6gliche Probleme zu vermeiden, um so die hohe Qualit\u00e4t und Wettbewerbsf\u00e4higkeit Ihres Endprodukts zu gew\u00e4hrleisten.<\/p>","protected":false},"excerpt":{"rendered":"<p>Diese hochwertige, personalisierte Verpackung speziell f\u00fcr Cannabiskonzentrate verf\u00fcgt \u00fcber einen Magnetverschluss, der ein leichtes \u00d6ffnen erm\u00f6glicht und ein aufwendiges und rituelles Gef\u00fchl vermittelt. Der Deckel ist mit einem Regenbogenfarbverlauf und einem punktuellen UV-Cannabisblattmuster bedruckt, was einen auff\u00e4lligen und sofort erkennbaren visuellen Effekt erzeugt. Das Innere ist mit einem speziell reduzierten EVA-Schaumstoff ausgekleidet, der Ihre Ware optimal vor St\u00f6\u00dfen sch\u00fctzt. Vollst\u00e4ndig anpassbar vom Au\u00dfendesign bis zum Innenrahmen, ist es eine optimale Wahl, um Ihr Markenfoto zu verst\u00e4rken und die Sicherheit Ihrer Artikel zu gew\u00e4hrleisten.<\/p>","protected":false},"featured_media":2334,"template":"","meta":{"_kad_post_transparent":"default","_kad_post_title":"","_kad_post_layout":"default","_kad_post_sidebar_id":"","_kad_post_content_style":"default","_kad_post_vertical_padding":"default","_kad_post_feature":"","_kad_post_feature_position":"","_kad_post_header":false,"_kad_post_footer":false,"_kad_post_classname":""},"product_brand":[],"product_cat":[15,17,39,18],"product_tag":[579,580,581],"class_list":{"0":"post-2332","1":"product","2":"type-product","3":"status-publish","4":"has-post-thumbnail","6":"product_cat-boxes-by-shapes","7":"product_cat-boxes-by-industries","8":"product_cat-cannabis-packaging","9":"product_cat-magnetic-closure-boxes","10":"product_tag-cannabis-concentrate-packaging","11":"product_tag-concentrate-containers-packaging","12":"product_tag-custom-concentrate-packaging","14":"first","15":"instock","16":"shipping-taxable","17":"product-type-simple","18":"entry","19":"content-bg","20":"loop-entry"},"_links":{"self":[{"href":"https:\/\/chinacustomboxes.com\/de\/wp-json\/wp\/v2\/product\/2332","targetHints":{"allow":["GET"]}}],"collection":[{"href":"https:\/\/chinacustomboxes.com\/de\/wp-json\/wp\/v2\/product"}],"about":[{"href":"https:\/\/chinacustomboxes.com\/de\/wp-json\/wp\/v2\/types\/product"}],"wp:featuredmedia":[{"embeddable":true,"href":"https:\/\/chinacustomboxes.com\/de\/wp-json\/wp\/v2\/media\/2334"}],"wp:attachment":[{"href":"https:\/\/chinacustomboxes.com\/de\/wp-json\/wp\/v2\/media?parent=2332"}],"wp:term":[{"taxonomy":"product_brand","embeddable":true,"href":"https:\/\/chinacustomboxes.com\/de\/wp-json\/wp\/v2\/product_brand?post=2332"},{"taxonomy":"product_cat","embeddable":true,"href":"https:\/\/chinacustomboxes.com\/de\/wp-json\/wp\/v2\/product_cat?post=2332"},{"taxonomy":"product_tag","embeddable":true,"href":"https:\/\/chinacustomboxes.com\/de\/wp-json\/wp\/v2\/product_tag?post=2332"}],"curies":[{"name":"wp","href":"https:\/\/api.w.org\/{rel}","templated":true}]}}