{"id":2339,"date":"2025-08-25T03:15:37","date_gmt":"2025-08-25T03:15:37","guid":{"rendered":"https:\/\/chinacustomboxes.com\/?post_type=product&#038;p=2339"},"modified":"2025-08-25T03:35:48","modified_gmt":"2025-08-25T03:35:48","slug":"3ml-5ml-7ml-concentrate-container-magnetic-packaging-boxes","status":"publish","type":"product","link":"https:\/\/chinacustomboxes.com\/de\/3ml-5ml-7ml-concentrate-container-magnetic-packaging-boxes\/","title":{"rendered":"3ml 5ml 7ml Konzentratbeh\u00e4lter Magnetische Verpackungsboxen"},"content":{"rendered":"<h2>Konzentratbeh\u00e4lter Clamshell Boxen mit Magnetverschluss f\u00fcr 3ml, 5ml und 7ml<\/h2>\n<p>Wir freuen uns, Ihnen den Magnetverschluss vorstellen zu k\u00f6nnen <a href=\"https:\/\/chinacustomboxes.com\/de\/clamshell-boxes\/\">Zweischalen-Boxen<\/a> speziell entwickelt f\u00fcr 3ml, 5ml und 7ml Konzentratbeh\u00e4lter. Durch die Kombination von stilvollem Design, erstklassigem Schutz und umweltfreundlichen Eigenschaften sind diese Boxen die geeignete Wahl, um den Wert und das Markenimage Ihres Produkts zu steigern.<\/p>\n<p><img fetchpriority=\"high\" decoding=\"async\" class=\"alignnone wp-image-2344 size-full\" src=\"https:\/\/chinacustomboxes.com\/wp-content\/uploads\/2025\/08\/3ml-5ml-7ml-Concentrate-Container-Magnetic-Packaging-Boxes-5.jpg\" alt=\"3ml 5ml 7ml Konzentratbeh\u00e4lter Magnetische Verpackungsboxen\" width=\"1000\" height=\"1000\" title=\"\" srcset=\"https:\/\/chinacustomboxes.com\/wp-content\/uploads\/2025\/08\/3ml-5ml-7ml-Concentrate-Container-Magnetic-Packaging-Boxes-5.jpg 1000w, https:\/\/chinacustomboxes.com\/wp-content\/uploads\/2025\/08\/3ml-5ml-7ml-Concentrate-Container-Magnetic-Packaging-Boxes-5-300x300.jpg 300w, https:\/\/chinacustomboxes.com\/wp-content\/uploads\/2025\/08\/3ml-5ml-7ml-Concentrate-Container-Magnetic-Packaging-Boxes-5-150x150.jpg 150w, https:\/\/chinacustomboxes.com\/wp-content\/uploads\/2025\/08\/3ml-5ml-7ml-Concentrate-Container-Magnetic-Packaging-Boxes-5-768x768.jpg 768w, https:\/\/chinacustomboxes.com\/wp-content\/uploads\/2025\/08\/3ml-5ml-7ml-Concentrate-Container-Magnetic-Packaging-Boxes-5-12x12.jpg 12w, https:\/\/chinacustomboxes.com\/wp-content\/uploads\/2025\/08\/3ml-5ml-7ml-Concentrate-Container-Magnetic-Packaging-Boxes-5-600x600.jpg 600w, https:\/\/chinacustomboxes.com\/wp-content\/uploads\/2025\/08\/3ml-5ml-7ml-Concentrate-Container-Magnetic-Packaging-Boxes-5-100x100.jpg 100w\" sizes=\"(max-width: 1000px) 100vw, 1000px\" \/><\/p>\n<h2 id=\"-1-a-blend-of-standard-framework-and-modern-visual-appeals-\"><strong>1. Eine Mischung aus Standardrahmen und modernen visuellen Reizen\u00a0<\/strong>.<\/h2>\n<p>Diese Boxen verf\u00fcgen \u00fcber die zeitlosen und dennoch n\u00fctzlichen \"Flip-Top Boxen mit Klappschalen <a href=\"https:\/\/chinacustomboxes.com\/de\/magnetic-closure-boxes\/\">Boxen mit Magnetverschluss<\/a>\" Layout. Die schlichte quadratische Form und die stromlinienf\u00f6rmigen Linien sorgen f\u00fcr ein hochwertiges und raffiniertes Aussehen, egal ob sie im Regal stehen oder in der Hand gehalten werden. Die vorderen und unteren Abdeckungen lassen sich nicht nur sehr leicht \u00f6ffnen, sondern verf\u00fcgen auch \u00fcber starke integrierte Magnete, die daf\u00fcr sorgen, dass die Abdeckung sicher und gezielt schlie\u00dft und das Produkt im Inneren hervorragend sch\u00fctzt.<\/p>\n<p><img decoding=\"async\" class=\"alignnone wp-image-2343 size-full\" src=\"https:\/\/chinacustomboxes.com\/wp-content\/uploads\/2025\/08\/3ml-5ml-7ml-Concentrate-Container-Magnetic-Packaging-Boxes-4.jpg\" alt=\"3ml 5ml 7ml Konzentratbeh\u00e4lter Magnetische Verpackungsboxen\" width=\"1000\" height=\"1000\" title=\"\" srcset=\"https:\/\/chinacustomboxes.com\/wp-content\/uploads\/2025\/08\/3ml-5ml-7ml-Concentrate-Container-Magnetic-Packaging-Boxes-4.jpg 1000w, https:\/\/chinacustomboxes.com\/wp-content\/uploads\/2025\/08\/3ml-5ml-7ml-Concentrate-Container-Magnetic-Packaging-Boxes-4-300x300.jpg 300w, https:\/\/chinacustomboxes.com\/wp-content\/uploads\/2025\/08\/3ml-5ml-7ml-Concentrate-Container-Magnetic-Packaging-Boxes-4-150x150.jpg 150w, https:\/\/chinacustomboxes.com\/wp-content\/uploads\/2025\/08\/3ml-5ml-7ml-Concentrate-Container-Magnetic-Packaging-Boxes-4-768x768.jpg 768w, https:\/\/chinacustomboxes.com\/wp-content\/uploads\/2025\/08\/3ml-5ml-7ml-Concentrate-Container-Magnetic-Packaging-Boxes-4-12x12.jpg 12w, https:\/\/chinacustomboxes.com\/wp-content\/uploads\/2025\/08\/3ml-5ml-7ml-Concentrate-Container-Magnetic-Packaging-Boxes-4-600x600.jpg 600w, https:\/\/chinacustomboxes.com\/wp-content\/uploads\/2025\/08\/3ml-5ml-7ml-Concentrate-Container-Magnetic-Packaging-Boxes-4-100x100.jpg 100w\" sizes=\"(max-width: 1000px) 100vw, 1000px\" \/><\/p>\n<h2 id=\"-2-eco-friendly-products-in-line-with-green-trends-\"><strong>2. Umweltfreundliche Produkte, im Einklang mit gr\u00fcnen Trends\u00a0<\/strong>.<\/h2>\n<p>Die Verpackungen werden gr\u00f6\u00dftenteils aus erstklassigem Papier hergestellt, was ihre Leichtigkeit und Langlebigkeit garantiert, die Verformung w\u00e4hrend des Transports und der Lagerung wirksam verhindert und mit den aktuellen Trends f\u00fcr nachhaltiges Wachstum in Einklang gebracht wird. Die von uns verwendeten Papierprodukte sind sowohl recycelbar als auch nat\u00fcrlich abbaubar und eignen sich daher f\u00fcr die F\u00f6rderung eines gr\u00fcnen Markenbildes.<\/p>\n<p><img decoding=\"async\" class=\"alignnone wp-image-2341 size-full\" src=\"https:\/\/chinacustomboxes.com\/wp-content\/uploads\/2025\/08\/3ml-5ml-7ml-Concentrate-Container-Magnetic-Packaging-Boxes-2.jpg\" alt=\"3ml 5ml 7ml Konzentratbeh\u00e4lter Magnetische Verpackungsboxen\" width=\"1000\" height=\"1000\" title=\"\" srcset=\"https:\/\/chinacustomboxes.com\/wp-content\/uploads\/2025\/08\/3ml-5ml-7ml-Concentrate-Container-Magnetic-Packaging-Boxes-2.jpg 1000w, https:\/\/chinacustomboxes.com\/wp-content\/uploads\/2025\/08\/3ml-5ml-7ml-Concentrate-Container-Magnetic-Packaging-Boxes-2-300x300.jpg 300w, https:\/\/chinacustomboxes.com\/wp-content\/uploads\/2025\/08\/3ml-5ml-7ml-Concentrate-Container-Magnetic-Packaging-Boxes-2-150x150.jpg 150w, https:\/\/chinacustomboxes.com\/wp-content\/uploads\/2025\/08\/3ml-5ml-7ml-Concentrate-Container-Magnetic-Packaging-Boxes-2-768x768.jpg 768w, https:\/\/chinacustomboxes.com\/wp-content\/uploads\/2025\/08\/3ml-5ml-7ml-Concentrate-Container-Magnetic-Packaging-Boxes-2-12x12.jpg 12w, https:\/\/chinacustomboxes.com\/wp-content\/uploads\/2025\/08\/3ml-5ml-7ml-Concentrate-Container-Magnetic-Packaging-Boxes-2-600x600.jpg 600w, https:\/\/chinacustomboxes.com\/wp-content\/uploads\/2025\/08\/3ml-5ml-7ml-Concentrate-Container-Magnetic-Packaging-Boxes-2-100x100.jpg 100w\" sizes=\"(max-width: 1000px) 100vw, 1000px\" \/><\/p>\n<h2 id=\"-3-craftsmanship-demonstrates-superior-top-quality-\"><strong>3. Handwerkskunst beweist h\u00f6chste Qualit\u00e4t\u00a0<\/strong>.<\/h2>\n<p>Unsere akribische Liebe zum Detail zeigt sich in jedem Detail. Die Ecken der Verpackung sind sorgf\u00e4ltig ausgearbeitet und speziell gefaltet, und die Seiten sind glatt und gratfrei, was von h\u00f6chster Verarbeitungsqualit\u00e4t zeugt. Die Magnete sind gekonnt in der Kartonzwischenlage versteckt, was f\u00fcr eine nahtlose \u00c4sthetik sorgt und gleichzeitig einen soliden Verschluss gew\u00e4hrleistet. Jede Information zeugt von der Hingabe und Kompetenz des Herstellers.<\/p>\n<p><img decoding=\"async\" class=\"alignnone wp-image-2341 size-full\" src=\"https:\/\/chinacustomboxes.com\/wp-content\/uploads\/2025\/08\/3ml-5ml-7ml-Concentrate-Container-Magnetic-Packaging-Boxes-2.jpg\" alt=\"3ml 5ml 7ml Konzentratbeh\u00e4lter Magnetische Verpackungsboxen\" width=\"1000\" height=\"1000\" title=\"\" srcset=\"https:\/\/chinacustomboxes.com\/wp-content\/uploads\/2025\/08\/3ml-5ml-7ml-Concentrate-Container-Magnetic-Packaging-Boxes-2.jpg 1000w, https:\/\/chinacustomboxes.com\/wp-content\/uploads\/2025\/08\/3ml-5ml-7ml-Concentrate-Container-Magnetic-Packaging-Boxes-2-300x300.jpg 300w, https:\/\/chinacustomboxes.com\/wp-content\/uploads\/2025\/08\/3ml-5ml-7ml-Concentrate-Container-Magnetic-Packaging-Boxes-2-150x150.jpg 150w, https:\/\/chinacustomboxes.com\/wp-content\/uploads\/2025\/08\/3ml-5ml-7ml-Concentrate-Container-Magnetic-Packaging-Boxes-2-768x768.jpg 768w, https:\/\/chinacustomboxes.com\/wp-content\/uploads\/2025\/08\/3ml-5ml-7ml-Concentrate-Container-Magnetic-Packaging-Boxes-2-12x12.jpg 12w, https:\/\/chinacustomboxes.com\/wp-content\/uploads\/2025\/08\/3ml-5ml-7ml-Concentrate-Container-Magnetic-Packaging-Boxes-2-600x600.jpg 600w, https:\/\/chinacustomboxes.com\/wp-content\/uploads\/2025\/08\/3ml-5ml-7ml-Concentrate-Container-Magnetic-Packaging-Boxes-2-100x100.jpg 100w\" sizes=\"(max-width: 1000px) 100vw, 1000px\" \/><\/p>\n<h2 id=\"-4-spectacular-layout-records-the-eye-\"><strong>4. Spektakul\u00e4res Layout Rekorde f\u00fcr das Auge\u00a0<\/strong>.<\/h2>\n<p>Die Oberfl\u00e4che der Box weist ein auff\u00e4lliges, verschiedenfarbiges geometrisches Muster auf, das einen dynamischen, regenbogenartigen Farbton erzeugt. Ein Hanfblattmuster, das ebenfalls aus geometrischen Bl\u00f6cken besteht, ist auf der Oberseite des Deckels fixiert. Dies hebt die Eigenschaften des Produkts geschickt hervor und verleiht ihm gleichzeitig eine zeitgem\u00e4\u00dfe, kreative \u00c4sthetik, die sofort die Aufmerksamkeit der Kunden auf sich zieht und es aus der Masse herausstechen l\u00e4sst.<\/p>\n<h2 id=\"-5-magnetic-closure-enhances-the-unboxing-experience-\"><strong>5. Magnetverschluss Clamshell Verbessert das Unboxing-Erlebnis <\/strong>.<\/h2>\n<p>Zu den wichtigsten H\u00f6hepunkten dieser <a href=\"https:\/\/chinacustomboxes.com\/de\/\">Boxen<\/a> ist der eingebaute magnetische Klappverschluss. Im Gegensatz zu herk\u00f6mmlichen Steck- oder Schnappverschl\u00fcssen ist der Magnetverschluss bequemer und stabiler und erzeugt ein angenehmes \"Klick\"-Ger\u00e4usch, das das Auspackerlebnis des Einzelnen erheblich verbessert und die Qualit\u00e4t und den Wert des Produkts auf subtile Weise hervorhebt.<\/p>\n<p><img loading=\"lazy\" decoding=\"async\" class=\"alignnone wp-image-2340 size-full\" src=\"https:\/\/chinacustomboxes.com\/wp-content\/uploads\/2025\/08\/3ml-5ml-7ml-Concentrate-Container-Magnetic-Packaging-Boxes-1.jpg\" alt=\"3ml 5ml 7ml Konzentratbeh\u00e4lter Magnetische Verpackungsboxen\" width=\"1000\" height=\"1000\" title=\"\" srcset=\"https:\/\/chinacustomboxes.com\/wp-content\/uploads\/2025\/08\/3ml-5ml-7ml-Concentrate-Container-Magnetic-Packaging-Boxes-1.jpg 1000w, https:\/\/chinacustomboxes.com\/wp-content\/uploads\/2025\/08\/3ml-5ml-7ml-Concentrate-Container-Magnetic-Packaging-Boxes-1-300x300.jpg 300w, https:\/\/chinacustomboxes.com\/wp-content\/uploads\/2025\/08\/3ml-5ml-7ml-Concentrate-Container-Magnetic-Packaging-Boxes-1-150x150.jpg 150w, https:\/\/chinacustomboxes.com\/wp-content\/uploads\/2025\/08\/3ml-5ml-7ml-Concentrate-Container-Magnetic-Packaging-Boxes-1-768x768.jpg 768w, https:\/\/chinacustomboxes.com\/wp-content\/uploads\/2025\/08\/3ml-5ml-7ml-Concentrate-Container-Magnetic-Packaging-Boxes-1-12x12.jpg 12w, https:\/\/chinacustomboxes.com\/wp-content\/uploads\/2025\/08\/3ml-5ml-7ml-Concentrate-Container-Magnetic-Packaging-Boxes-1-600x600.jpg 600w, https:\/\/chinacustomboxes.com\/wp-content\/uploads\/2025\/08\/3ml-5ml-7ml-Concentrate-Container-Magnetic-Packaging-Boxes-1-100x100.jpg 100w\" sizes=\"(max-width: 1000px) 100vw, 1000px\" \/><\/p>\n<h2 id=\"-6-precision-cellular-lining-for-comprehensive-defense-\"><strong>6. Pr\u00e4zisionszellfutter f\u00fcr eine umfassende Verteidigung\u00a0<\/strong>.<\/h2>\n<p>Das Innere der Boxen ist mit einer ma\u00dfgeschneiderten wei\u00dfen Schaumstoffauskleidung (typischerweise EVA-Schaum oder vergleichbares Material) versehen, die genau auf verschiedene Konzentratbeh\u00e4lter wie 3 ml, 5 ml und 7 ml abgestimmt ist. Die kugelf\u00f6rmigen Rillen bedecken und sichern den Beh\u00e4lter einwandfrei und verhindern, dass er innerhalb der Boxen trinkt oder zusammenst\u00f6\u00dft, und bieten ausgezeichnete Polsterung und Schutz f\u00fcr zerbrechliche Glas- oder Keramikbeh\u00e4lter.<\/p>\n<h2 id=\"-7-very-adjustable-for-an-one-of-a-kind-brand-identity-\"><strong>7. Sehr anpassungsf\u00e4hig f\u00fcr eine einmalige Markenidentit\u00e4t\u00a0<\/strong>.<\/h2>\n<p>Wir sind uns der Bedeutung der Einzigartigkeit einer Marke bewusst und bieten daher ein hohes Ma\u00df an Individualisierbarkeit dieser Verpackungen. Ob Gr\u00f6\u00dfe und Form der Verpackung, das Papiermaterial (z. B. Kunstdruckpapier, Kraftpapier, Spezialpapier), das Druckverfahren (z. B. Warmpr\u00e4gung, UV, Kaschierung, Pr\u00e4gung) oder das Innenfutter und die Farbe - wir k\u00f6nnen sie auf Ihre besonderen Anforderungen zuschneiden, um eine unverwechselbare, hochwertige Produktverpackung herzustellen.<\/p>","protected":false},"excerpt":{"rendered":"<p>Diese magnetischen Clamshell-Verpackungsboxen f\u00fcr Konzentratbeh\u00e4lter von 3 ml, 5 ml und 7 ml verf\u00fcgen \u00fcber ein klassisches Flip-Top-Design mit integriertem Magneten f\u00fcr einen sicheren Verschluss. Aus hochwertigem, umweltfreundlichem Papier hergestellt, sind die Boxen widerstandsf\u00e4hig und langlebig. Die Oberfl\u00e4che ist mit einem dynamischen, lebendigen geometrischen Muster und dem Hanf-Falllaub-Logo versehen, was eine auff\u00e4llige \u00e4sthetische Wirkung erzeugt. Das Innere ist mit einem exakt gefertigten EVA-Schaumstoff ausgekleidet, der f\u00fcr eine hervorragende Sicherheit der Artikel sorgt. Vom Material bis zum Druckverfahren extrem personalisiert, ist es eine optimale Option, um Ihr Markenfoto zu verbessern und Kunden anzulocken.<\/p>","protected":false},"featured_media":2340,"template":"","meta":{"_kad_post_transparent":"default","_kad_post_title":"","_kad_post_layout":"default","_kad_post_sidebar_id":"","_kad_post_content_style":"default","_kad_post_vertical_padding":"default","_kad_post_feature":"","_kad_post_feature_position":"","_kad_post_header":false,"_kad_post_footer":false,"_kad_post_classname":""},"product_brand":[],"product_cat":[15,17,39,27,18],"product_tag":[580,478,581],"class_list":{"0":"post-2339","1":"product","2":"type-product","3":"status-publish","4":"has-post-thumbnail","6":"product_cat-boxes-by-shapes","7":"product_cat-boxes-by-industries","8":"product_cat-cannabis-packaging","9":"product_cat-clamshell-boxes","10":"product_cat-magnetic-closure-boxes","11":"product_tag-concentrate-containers-packaging","12":"product_tag-custom-cannabis-boxes","13":"product_tag-custom-concentrate-packaging","15":"first","16":"instock","17":"shipping-taxable","18":"product-type-simple","19":"entry","20":"content-bg","21":"loop-entry"},"_links":{"self":[{"href":"https:\/\/chinacustomboxes.com\/de\/wp-json\/wp\/v2\/product\/2339","targetHints":{"allow":["GET"]}}],"collection":[{"href":"https:\/\/chinacustomboxes.com\/de\/wp-json\/wp\/v2\/product"}],"about":[{"href":"https:\/\/chinacustomboxes.com\/de\/wp-json\/wp\/v2\/types\/product"}],"wp:featuredmedia":[{"embeddable":true,"href":"https:\/\/chinacustomboxes.com\/de\/wp-json\/wp\/v2\/media\/2340"}],"wp:attachment":[{"href":"https:\/\/chinacustomboxes.com\/de\/wp-json\/wp\/v2\/media?parent=2339"}],"wp:term":[{"taxonomy":"product_brand","embeddable":true,"href":"https:\/\/chinacustomboxes.com\/de\/wp-json\/wp\/v2\/product_brand?post=2339"},{"taxonomy":"product_cat","embeddable":true,"href":"https:\/\/chinacustomboxes.com\/de\/wp-json\/wp\/v2\/product_cat?post=2339"},{"taxonomy":"product_tag","embeddable":true,"href":"https:\/\/chinacustomboxes.com\/de\/wp-json\/wp\/v2\/product_tag?post=2339"}],"curies":[{"name":"wp","href":"https:\/\/api.w.org\/{rel}","templated":true}]}}