{"id":2364,"date":"2025-08-26T02:23:22","date_gmt":"2025-08-26T02:23:22","guid":{"rendered":"https:\/\/chinacustomboxes.com\/?post_type=product&#038;p=2364"},"modified":"2025-08-26T02:51:33","modified_gmt":"2025-08-26T02:51:33","slug":"magnetic-closure-boxes-for-live-resin-crumble-wax-dab-hash","status":"publish","type":"product","link":"https:\/\/chinacustomboxes.com\/de\/magnetic-closure-boxes-for-live-resin-crumble-wax-dab-hash\/","title":{"rendered":"Magnetische Verschlussboxen f\u00fcr Live Resin Crumble Wax Dab Hash"},"content":{"rendered":"<h2 id=\"magnetic-closure-boxes-for-live-resin-crumble-wax-dab-and-hash\">Magnetverschlussboxen f\u00fcr Live Resin, Crumble, Wax, Dab und Hash<\/h2>\n<p>F\u00fcr Kostenprodukte wie Live Resin, Crumble, Wax, Dab und Hash entwickelt, ist diese <a href=\"https:\/\/chinacustomboxes.com\/de\/magnetic-closure-boxes\/\">Magnetverschlussboxen<\/a> ist die beste Wahl f\u00fcr die Verbesserung Ihres Markenimages und der Benutzererfahrung. Es umfasst ein stilvolles Layout, eine langlebige Konstruktion und sorgf\u00e4ltige Informationen, die von der ersten Minute an ein unvergleichliches Gef\u00fchl der Hochwertigkeit vermitteln.<\/p>\n<p><img fetchpriority=\"high\" decoding=\"async\" class=\"alignnone wp-image-2366 size-full\" src=\"https:\/\/chinacustomboxes.com\/wp-content\/uploads\/2025\/08\/Marijuana-Concentrate-Containers-Packaging-Magnetic-Boxes-3.jpg\" alt=\"Marihuana-Konzentrat-Beh\u00e4lter Verpackungen Magnetische Boxen\" width=\"1000\" height=\"1000\" title=\"\" srcset=\"https:\/\/chinacustomboxes.com\/wp-content\/uploads\/2025\/08\/Marijuana-Concentrate-Containers-Packaging-Magnetic-Boxes-3.jpg 1000w, https:\/\/chinacustomboxes.com\/wp-content\/uploads\/2025\/08\/Marijuana-Concentrate-Containers-Packaging-Magnetic-Boxes-3-300x300.jpg 300w, https:\/\/chinacustomboxes.com\/wp-content\/uploads\/2025\/08\/Marijuana-Concentrate-Containers-Packaging-Magnetic-Boxes-3-150x150.jpg 150w, https:\/\/chinacustomboxes.com\/wp-content\/uploads\/2025\/08\/Marijuana-Concentrate-Containers-Packaging-Magnetic-Boxes-3-768x768.jpg 768w, https:\/\/chinacustomboxes.com\/wp-content\/uploads\/2025\/08\/Marijuana-Concentrate-Containers-Packaging-Magnetic-Boxes-3-12x12.jpg 12w, https:\/\/chinacustomboxes.com\/wp-content\/uploads\/2025\/08\/Marijuana-Concentrate-Containers-Packaging-Magnetic-Boxes-3-600x600.jpg 600w, https:\/\/chinacustomboxes.com\/wp-content\/uploads\/2025\/08\/Marijuana-Concentrate-Containers-Packaging-Magnetic-Boxes-3-100x100.jpg 100w\" sizes=\"(max-width: 1000px) 100vw, 1000px\" \/><\/p>\n<h2 id=\"-1-timeless-book-shaped-framework-and-a-pleasant-opening-and-closing-experience-\"><strong>1. Zeitloser Rahmen in Form eines Buches und ein angenehmes Erlebnis beim \u00d6ffnen und Schlie\u00dfen<\/strong><\/h2>\n<p>Diese Produktverpackung weist eine traditionelle \"Magnetverschlussboxen\"-Struktur mit einem modernen Magnetverschluss auf. Dieses Layout sieht nicht nur raffiniert und hochwertig aus, sondern erzeugt auch ein klares, angenehmes \"Klick\"-Ger\u00e4usch beim \u00d6ffnen, was den Premium-Charakter des Produkts und das Gef\u00fchl der Routine beim Kunden erheblich verst\u00e4rkt. Das Flip-Top-Layout erm\u00f6glicht zahlreiche Zugriffs- und Aufbewahrungsm\u00f6glichkeiten, w\u00e4hrend clever versteckte Magnete daf\u00fcr sorgen, dass der Deckel fest verschlossen bleibt, wodurch die wertvollen Gegenst\u00e4nde im Inneren effizient gesch\u00fctzt und ein unbeabsichtigtes \u00d6ffnen verhindert werden.<\/p>\n<p><img decoding=\"async\" class=\"alignnone wp-image-2368 size-full\" src=\"https:\/\/chinacustomboxes.com\/wp-content\/uploads\/2025\/08\/Marijuana-Concentrate-Containers-Packaging-Magnetic-Boxes-5.jpg\" alt=\"Marihuana-Konzentrat-Beh\u00e4lter Verpackungen Magnetische Boxen\" width=\"1000\" height=\"1000\" title=\"\" srcset=\"https:\/\/chinacustomboxes.com\/wp-content\/uploads\/2025\/08\/Marijuana-Concentrate-Containers-Packaging-Magnetic-Boxes-5.jpg 1000w, https:\/\/chinacustomboxes.com\/wp-content\/uploads\/2025\/08\/Marijuana-Concentrate-Containers-Packaging-Magnetic-Boxes-5-300x300.jpg 300w, https:\/\/chinacustomboxes.com\/wp-content\/uploads\/2025\/08\/Marijuana-Concentrate-Containers-Packaging-Magnetic-Boxes-5-150x150.jpg 150w, https:\/\/chinacustomboxes.com\/wp-content\/uploads\/2025\/08\/Marijuana-Concentrate-Containers-Packaging-Magnetic-Boxes-5-768x768.jpg 768w, https:\/\/chinacustomboxes.com\/wp-content\/uploads\/2025\/08\/Marijuana-Concentrate-Containers-Packaging-Magnetic-Boxes-5-12x12.jpg 12w, https:\/\/chinacustomboxes.com\/wp-content\/uploads\/2025\/08\/Marijuana-Concentrate-Containers-Packaging-Magnetic-Boxes-5-600x600.jpg 600w, https:\/\/chinacustomboxes.com\/wp-content\/uploads\/2025\/08\/Marijuana-Concentrate-Containers-Packaging-Magnetic-Boxes-5-100x100.jpg 100w\" sizes=\"(max-width: 1000px) 100vw, 1000px\" \/><\/p>\n<h2 id=\"-2-tough-and-reputable-high-quality-materials-\"><strong>2. Robuste und seri\u00f6se Materialien von hoher Qualit\u00e4t<\/strong><\/h2>\n<p>Der Kern der Verpackung besteht aus hochdichtem, festem Papier, das eine starke Struktur und hohe Belastbarkeit bietet und das Produkt w\u00e4hrend des komplizierten Transports und der Lagerung erfolgreich vor Quetschungen und Auswirkungen sch\u00fctzt. Die \u00e4u\u00dfere Schicht ist mit hochwertigem beschichtetem Papier bedeckt, das eine glatte und zerbrechliche Oberfl\u00e4che aufweist und eine hervorragende Grundlage f\u00fcr den exquisiten Druck und die genaue Reproduktion von Farben und Mustern bietet.<\/p>\n<h2 id=\"-3-continually-fine-tuned-craftsmanship-\"><strong>3. Kontinuierliche Feinabstimmung der Handwerkskunst<\/strong><\/h2>\n<p>Wir streben nach Exzellenz in jedem Detail. Die Kanten der Verpackung sind leicht abgeschlossen, und das Laminierbodenpapier ist glatt und blasenfrei, was das hohe Niveau der Handwerkskunst vollst\u00e4ndig demonstriert. Das Layout auf dem Deckel der Verpackung wird mit einer \u00fcberlegenen modernen Vollfarbdrucktechnologie gedruckt, die satte Farben und gestochen scharfe Bilder erzeugt und komplizierte Markenlogo-Designs und -Layouts makellos einf\u00e4ngt.<\/p>\n<p><img decoding=\"async\" class=\"alignnone wp-image-2369 size-full\" src=\"https:\/\/chinacustomboxes.com\/wp-content\/uploads\/2025\/08\/Marijuana-Concentrate-Containers-Packaging-Magnetic-Boxes-6.jpg\" alt=\"Marihuana-Konzentrat-Beh\u00e4lter Verpackungen Magnetische Boxen\" width=\"1000\" height=\"1000\" title=\"\" srcset=\"https:\/\/chinacustomboxes.com\/wp-content\/uploads\/2025\/08\/Marijuana-Concentrate-Containers-Packaging-Magnetic-Boxes-6.jpg 1000w, https:\/\/chinacustomboxes.com\/wp-content\/uploads\/2025\/08\/Marijuana-Concentrate-Containers-Packaging-Magnetic-Boxes-6-300x300.jpg 300w, https:\/\/chinacustomboxes.com\/wp-content\/uploads\/2025\/08\/Marijuana-Concentrate-Containers-Packaging-Magnetic-Boxes-6-150x150.jpg 150w, https:\/\/chinacustomboxes.com\/wp-content\/uploads\/2025\/08\/Marijuana-Concentrate-Containers-Packaging-Magnetic-Boxes-6-768x768.jpg 768w, https:\/\/chinacustomboxes.com\/wp-content\/uploads\/2025\/08\/Marijuana-Concentrate-Containers-Packaging-Magnetic-Boxes-6-12x12.jpg 12w, https:\/\/chinacustomboxes.com\/wp-content\/uploads\/2025\/08\/Marijuana-Concentrate-Containers-Packaging-Magnetic-Boxes-6-600x600.jpg 600w, https:\/\/chinacustomboxes.com\/wp-content\/uploads\/2025\/08\/Marijuana-Concentrate-Containers-Packaging-Magnetic-Boxes-6-100x100.jpg 100w\" sizes=\"(max-width: 1000px) 100vw, 1000px\" \/><\/p>\n<h2 id=\"-4-vibrant-and-trendy-aesthetic-layout-\"><strong>4. Lebendiges und trendiges \u00e4sthetisches Layout<\/strong><\/h2>\n<p>Das allgemeine Layout der Produktverpackung ist jugendlich, trendy und temperamentvoll. Der leuchtend gr\u00fcne, bonbonfarbene Hintergrund in Verbindung mit einer fantastischen Wassermelonen-Cartoon-Pers\u00f6nlichkeit mit Sonnenbrille sorgt f\u00fcr eine stilvolle und entspannte Atmosph\u00e4re. Dieses auff\u00e4llige, \u00e4sthetische Design weckt sofort das Interesse der Kunden und tr\u00e4gt dazu bei, dass Ihr Artikel im Regal die Aufmerksamkeit auf sich zieht und sich nahtlos in seine stilvolle Marktpositionierung einf\u00fcgt.<\/p>\n<h2 id=\"-5-hassle-free-and-high-end-magnetic-clamp-\"><strong>5. Problemlose und hochwertige Magnetschelle<\/strong><\/h2>\n<p>Wirksame Magnete, die direkt in den Deckel und <a href=\"https:\/\/chinacustomboxes.com\/de\/\">Boxen<\/a> K\u00f6rper sind eine Kernfunktion dieser Verpackung. Sie sind nicht nur ein praktischer Verschluss, sondern auch eine Layoutkomponente, die den Wert des Artikels erh\u00f6ht. Im Vergleich zu typischen Produktverpackungen mit Laschen oder Schnappverschl\u00fcssen ist der magnetische Stil fortschrittlicher und m\u00fcheloser, was den Gesamtwert und die Benutzererfahrung der Verpackung erheblich steigert.<\/p>\n<p><img loading=\"lazy\" decoding=\"async\" class=\"alignnone wp-image-2367 size-full\" src=\"https:\/\/chinacustomboxes.com\/wp-content\/uploads\/2025\/08\/Marijuana-Concentrate-Containers-Packaging-Magnetic-Boxes-4.jpg\" alt=\"Marihuana-Konzentrat-Beh\u00e4lter Verpackungen Magnetische Boxen\" width=\"1000\" height=\"1000\" title=\"\" srcset=\"https:\/\/chinacustomboxes.com\/wp-content\/uploads\/2025\/08\/Marijuana-Concentrate-Containers-Packaging-Magnetic-Boxes-4.jpg 1000w, https:\/\/chinacustomboxes.com\/wp-content\/uploads\/2025\/08\/Marijuana-Concentrate-Containers-Packaging-Magnetic-Boxes-4-300x300.jpg 300w, https:\/\/chinacustomboxes.com\/wp-content\/uploads\/2025\/08\/Marijuana-Concentrate-Containers-Packaging-Magnetic-Boxes-4-150x150.jpg 150w, https:\/\/chinacustomboxes.com\/wp-content\/uploads\/2025\/08\/Marijuana-Concentrate-Containers-Packaging-Magnetic-Boxes-4-768x768.jpg 768w, https:\/\/chinacustomboxes.com\/wp-content\/uploads\/2025\/08\/Marijuana-Concentrate-Containers-Packaging-Magnetic-Boxes-4-12x12.jpg 12w, https:\/\/chinacustomboxes.com\/wp-content\/uploads\/2025\/08\/Marijuana-Concentrate-Containers-Packaging-Magnetic-Boxes-4-600x600.jpg 600w, https:\/\/chinacustomboxes.com\/wp-content\/uploads\/2025\/08\/Marijuana-Concentrate-Containers-Packaging-Magnetic-Boxes-4-100x100.jpg 100w\" sizes=\"(max-width: 1000px) 100vw, 1000px\" \/><\/p>\n<h2 id=\"-6-customized-inside-protection-\"><strong>6. Ma\u00dfgeschneiderter Innenschutz<\/strong><\/h2>\n<p>Um das Produkt optimal zu sch\u00fctzen, enth\u00e4lt die Verpackung im Inneren eine personalisierte EVA-Schaumstoffauskleidung. Diese Auskleidung, die an die spezifische Gr\u00f6\u00dfe und Form Ihres Artikelbeh\u00e4lters (z. B. eines Silikon- oder Glasbeh\u00e4lters) angepasst ist, h\u00e4lt Ihren Artikel sicher an Ort und Stelle und bietet ausgezeichnete Polsterung und Schutz, indem sie Resonanz und Aufprall erfolgreich stoppt und sicherstellt, dass Ihr Artikel unversehrt erscheint.<\/p>\n<p><img loading=\"lazy\" decoding=\"async\" class=\"alignnone wp-image-2365 size-full\" src=\"https:\/\/chinacustomboxes.com\/wp-content\/uploads\/2025\/08\/Marijuana-Concentrate-Containers-Packaging-Magnetic-Boxes-2.jpg\" alt=\"Marihuana-Konzentrat-Beh\u00e4lter Verpackungen Magnetische Boxen\" width=\"1000\" height=\"1000\" title=\"\" srcset=\"https:\/\/chinacustomboxes.com\/wp-content\/uploads\/2025\/08\/Marijuana-Concentrate-Containers-Packaging-Magnetic-Boxes-2.jpg 1000w, https:\/\/chinacustomboxes.com\/wp-content\/uploads\/2025\/08\/Marijuana-Concentrate-Containers-Packaging-Magnetic-Boxes-2-300x300.jpg 300w, https:\/\/chinacustomboxes.com\/wp-content\/uploads\/2025\/08\/Marijuana-Concentrate-Containers-Packaging-Magnetic-Boxes-2-150x150.jpg 150w, https:\/\/chinacustomboxes.com\/wp-content\/uploads\/2025\/08\/Marijuana-Concentrate-Containers-Packaging-Magnetic-Boxes-2-768x768.jpg 768w, https:\/\/chinacustomboxes.com\/wp-content\/uploads\/2025\/08\/Marijuana-Concentrate-Containers-Packaging-Magnetic-Boxes-2-12x12.jpg 12w, https:\/\/chinacustomboxes.com\/wp-content\/uploads\/2025\/08\/Marijuana-Concentrate-Containers-Packaging-Magnetic-Boxes-2-600x600.jpg 600w, https:\/\/chinacustomboxes.com\/wp-content\/uploads\/2025\/08\/Marijuana-Concentrate-Containers-Packaging-Magnetic-Boxes-2-100x100.jpg 100w\" sizes=\"(max-width: 1000px) 100vw, 1000px\" \/><\/p>\n<h2 id=\"-7-comprehensive-personalization-solutions-\"><strong>7. Umfassende Personalisierungsl\u00f6sungen<\/strong><\/h2>\n<p>Wir verstehen die Originalit\u00e4t jedes Markennamens und bieten detaillierte Personalisierungsl\u00f6sungen:.<\/p>\n<ul>\n<li><strong>Gr\u00f6\u00dfe und Form\u00a0<\/strong>: Wir k\u00f6nnen jede Art von Gr\u00f6\u00dfe von magnetischen Verschluss-Boxen oder andere innovative anpassen <a href=\"https:\/\/chinacustomboxes.com\/de\/boxes-by-shapes\/\">Kistenformen<\/a> an die Formen und Gr\u00f6\u00dfen Ihrer Produkte anzupassen.<\/li>\n<li><strong>Produkt-Optionen\u00a0<\/strong>: Wir bieten eine Vielzahl von Papieralternativen, von normalem Karton bis hin zu Spezialdokumenten in zahlreichen Dichten und Farben, die aus responsiven Dokumenten bestehen.<\/li>\n<li><strong>Prozess abschlie\u00dfen\u00a0<\/strong>: Wir unterst\u00fctzen eine Reihe von Verfahren, darunter Warmpr\u00e4gung, UV-Pr\u00e4gung, Pr\u00e4gung und Laminierung (gl\u00e4nzend oder matt), um die Qualit\u00e4t und die \u00e4sthetische Wirkung der Verpackung zus\u00e4tzlich zu verbessern.<\/li>\n<li><strong>Ver\u00f6ffentlichung von Inhalten\u00a0<\/strong>: Wir drucken pr\u00e4zise Ihren Markenstil, der Ihr Logo, Ihre Produktinformationen und Ihr \u00e4sthetisches Layout makellos zur Geltung bringt.<\/li>\n<\/ul>","protected":false},"excerpt":{"rendered":"<p>Diese Premium-Magnetverpackung f\u00fcr Produkte wie Live Resin und Crumble hat ein traditionelles \"buchf\u00f6rmiges\" Layout und \u00f6ffnet und sammelt sich mit einem knackigen Klick, was ein wirklich unvergessliches Erlebnis schafft. Die Verpackung besteht aus einem robusten Kartonrahmen, der mit glattem, geschichtetem Papier \u00fcberzogen ist, und einem trendigen, fantastischen Wassermelonen-Anime-Design f\u00fcr einen auffallenden \u00e4sthetischen Effekt. Im Inneren sorgt EVA-Schaumstoff, der speziell an die Form des Produkts angepasst ist, f\u00fcr besten Schutz. Diese raffinierte, temperamentvolle und n\u00fctzliche Verpackung ist komplett personalisiert, von der Gr\u00f6\u00dfe und dem Produkt bis hin zur warmen Markierung und UV-Behandlung, was sie zu einer perfekten Option macht, um den Wert Ihrer Marke hervorzuheben.<\/p>","protected":false},"featured_media":2368,"template":"","meta":{"_kad_post_transparent":"default","_kad_post_title":"","_kad_post_layout":"default","_kad_post_sidebar_id":"","_kad_post_content_style":"default","_kad_post_vertical_padding":"default","_kad_post_feature":"","_kad_post_feature_position":"","_kad_post_header":false,"_kad_post_footer":false,"_kad_post_classname":""},"product_brand":[],"product_cat":[15,17,39,18],"product_tag":[584,585,581],"class_list":{"0":"post-2364","1":"product","2":"type-product","3":"status-publish","4":"has-post-thumbnail","6":"product_cat-boxes-by-shapes","7":"product_cat-boxes-by-industries","8":"product_cat-cannabis-packaging","9":"product_cat-magnetic-closure-boxes","10":"product_tag-concentrate-container-boxes","11":"product_tag-concentrate-packaging-boxes","12":"product_tag-custom-concentrate-packaging","14":"first","15":"instock","16":"shipping-taxable","17":"product-type-simple","18":"entry","19":"content-bg","20":"loop-entry"},"_links":{"self":[{"href":"https:\/\/chinacustomboxes.com\/de\/wp-json\/wp\/v2\/product\/2364","targetHints":{"allow":["GET"]}}],"collection":[{"href":"https:\/\/chinacustomboxes.com\/de\/wp-json\/wp\/v2\/product"}],"about":[{"href":"https:\/\/chinacustomboxes.com\/de\/wp-json\/wp\/v2\/types\/product"}],"wp:featuredmedia":[{"embeddable":true,"href":"https:\/\/chinacustomboxes.com\/de\/wp-json\/wp\/v2\/media\/2368"}],"wp:attachment":[{"href":"https:\/\/chinacustomboxes.com\/de\/wp-json\/wp\/v2\/media?parent=2364"}],"wp:term":[{"taxonomy":"product_brand","embeddable":true,"href":"https:\/\/chinacustomboxes.com\/de\/wp-json\/wp\/v2\/product_brand?post=2364"},{"taxonomy":"product_cat","embeddable":true,"href":"https:\/\/chinacustomboxes.com\/de\/wp-json\/wp\/v2\/product_cat?post=2364"},{"taxonomy":"product_tag","embeddable":true,"href":"https:\/\/chinacustomboxes.com\/de\/wp-json\/wp\/v2\/product_tag?post=2364"}],"curies":[{"name":"wp","href":"https:\/\/api.w.org\/{rel}","templated":true}]}}