{"id":2370,"date":"2025-08-27T03:23:55","date_gmt":"2025-08-27T03:23:55","guid":{"rendered":"https:\/\/chinacustomboxes.com\/?post_type=product&#038;p=2370"},"modified":"2025-09-03T07:49:16","modified_gmt":"2025-09-03T07:49:16","slug":"custom-magnetic-lid-eyeshadow-palette-packaging-wholesale","status":"publish","type":"product","link":"https:\/\/chinacustomboxes.com\/de\/custom-magnetic-lid-eyeshadow-palette-packaging-wholesale\/","title":{"rendered":"Benutzerdefinierte magnetischen Deckel Lidschatten Palette Verpackung Gro\u00dfhandel"},"content":{"rendered":"<h2 id=\"custom-magnetic-lid-eyeshadow-palette-packaging-wholesale\">Benutzerdefinierte magnetischen Deckel Lidschatten Palette Verpackung Gro\u00dfhandel<\/h2>\n<p>Wir freuen uns, Ihnen unsere neue Verpackung f\u00fcr eine Lidschattenpalette mit magnetischem Deckel vorzustellen. Motiviert durch die Kombination von klassischen B\u00fcchern und moderner \u00c4sthetik, m\u00f6chten wir Premium-Kosmetikmarken eine Verpackung anbieten, die sowohl k\u00fcnstlerische Anziehungskraft als auch praktische Funktionalit\u00e4t vereint.<\/p>\n<h2 id=\"-1-timeless-magnetic-book-shaped-box-style-a-blend-of-sophistication-and-safety-\"><strong>1. Zeitloser magnetischer Deckelverschluss Boxen Stil: Eine Mischung aus Raffinesse und Sicherheit <\/strong>.<\/h2>\n<p>Die Verpackung dieser Lidschattenpalette enth\u00e4lt eine traditionelle <a href=\"https:\/\/chinacustomboxes.com\/de\/magnetic-closure-boxes\/\">Boxen mit Magnetverschluss<\/a> Design mit schlanken Linien, das an einen zerbrechlichen Notizblock oder eine elegante Clutch erinnert. Der integrierte, verborgene Magnetverschluss erm\u00f6glicht das m\u00fchelose \u00d6ffnen und Schlie\u00dfen des Deckels mit einem klaren Klick, was das Benutzererlebnis erheblich verbessert und gleichzeitig sicherstellt, dass die Palette w\u00e4hrend des Transports sicher in ihrer Position bleibt und die empfindlichen Lidschattenprodukte darin erfolgreich gesch\u00fctzt werden.<\/p>\n<p><img fetchpriority=\"high\" decoding=\"async\" class=\"alignnone wp-image-2376 size-full\" src=\"https:\/\/chinacustomboxes.com\/wp-content\/uploads\/2025\/08\/Custom-Magnetic-Lid-Eyeshadow-Palette-Packaging-Wholesale-5.jpg\" alt=\"Benutzerdefinierte magnetischen Deckel Lidschatten Palette Verpackung Gro\u00dfhandel\" width=\"1000\" height=\"1000\" title=\"\" srcset=\"https:\/\/chinacustomboxes.com\/wp-content\/uploads\/2025\/08\/Custom-Magnetic-Lid-Eyeshadow-Palette-Packaging-Wholesale-5.jpg 1000w, https:\/\/chinacustomboxes.com\/wp-content\/uploads\/2025\/08\/Custom-Magnetic-Lid-Eyeshadow-Palette-Packaging-Wholesale-5-300x300.jpg 300w, https:\/\/chinacustomboxes.com\/wp-content\/uploads\/2025\/08\/Custom-Magnetic-Lid-Eyeshadow-Palette-Packaging-Wholesale-5-150x150.jpg 150w, https:\/\/chinacustomboxes.com\/wp-content\/uploads\/2025\/08\/Custom-Magnetic-Lid-Eyeshadow-Palette-Packaging-Wholesale-5-768x768.jpg 768w, https:\/\/chinacustomboxes.com\/wp-content\/uploads\/2025\/08\/Custom-Magnetic-Lid-Eyeshadow-Palette-Packaging-Wholesale-5-12x12.jpg 12w, https:\/\/chinacustomboxes.com\/wp-content\/uploads\/2025\/08\/Custom-Magnetic-Lid-Eyeshadow-Palette-Packaging-Wholesale-5-600x600.jpg 600w, https:\/\/chinacustomboxes.com\/wp-content\/uploads\/2025\/08\/Custom-Magnetic-Lid-Eyeshadow-Palette-Packaging-Wholesale-5-100x100.jpg 100w\" sizes=\"(max-width: 1000px) 100vw, 1000px\" \/><\/p>\n<h2 id=\"-2-premium-product-choice-durability-and-quality-\"><strong>2. Erstklassige Produktauswahl: Langlebigkeit und Qualit\u00e4t\u00a0<\/strong>.<\/h2>\n<p>Die Hauptverpackung wird aus hochdichtem, festem Papier hergestellt, das eine stabile und druckfeste Schachtel garantiert und den Artikel w\u00e4hrend des Transports und des t\u00e4glichen Gebrauchs wirksam vor unbeabsichtigten Sch\u00e4den sch\u00fctzt. Die \u00e4u\u00dfere Schicht ist mit Spezialpapier oder hochgewichtigem Lagenpapier kaschiert, was eine glatte und polierte Haptik erzeugt und der Verpackung ein unvergleichliches Gef\u00fchl von Hochwertigkeit verleiht. Die insgesamt reichhaltige Struktur der Produkte spiegelt die Premium-Positionierung des Markennamens perfekt wider.<\/p>\n<p><img decoding=\"async\" class=\"alignnone wp-image-2375 size-full\" src=\"https:\/\/chinacustomboxes.com\/wp-content\/uploads\/2025\/08\/Custom-Magnetic-Lid-Eyeshadow-Palette-Packaging-Wholesale-4.jpg\" alt=\"Benutzerdefinierte magnetischen Deckel Lidschatten Palette Verpackung Gro\u00dfhandel\" width=\"1000\" height=\"1000\" title=\"\" srcset=\"https:\/\/chinacustomboxes.com\/wp-content\/uploads\/2025\/08\/Custom-Magnetic-Lid-Eyeshadow-Palette-Packaging-Wholesale-4.jpg 1000w, https:\/\/chinacustomboxes.com\/wp-content\/uploads\/2025\/08\/Custom-Magnetic-Lid-Eyeshadow-Palette-Packaging-Wholesale-4-300x300.jpg 300w, https:\/\/chinacustomboxes.com\/wp-content\/uploads\/2025\/08\/Custom-Magnetic-Lid-Eyeshadow-Palette-Packaging-Wholesale-4-150x150.jpg 150w, https:\/\/chinacustomboxes.com\/wp-content\/uploads\/2025\/08\/Custom-Magnetic-Lid-Eyeshadow-Palette-Packaging-Wholesale-4-768x768.jpg 768w, https:\/\/chinacustomboxes.com\/wp-content\/uploads\/2025\/08\/Custom-Magnetic-Lid-Eyeshadow-Palette-Packaging-Wholesale-4-12x12.jpg 12w, https:\/\/chinacustomboxes.com\/wp-content\/uploads\/2025\/08\/Custom-Magnetic-Lid-Eyeshadow-Palette-Packaging-Wholesale-4-600x600.jpg 600w, https:\/\/chinacustomboxes.com\/wp-content\/uploads\/2025\/08\/Custom-Magnetic-Lid-Eyeshadow-Palette-Packaging-Wholesale-4-100x100.jpg 100w\" sizes=\"(max-width: 1000px) 100vw, 1000px\" \/><\/p>\n<h2 id=\"-3-stunning-surface-area-workmanship-a-three-dimensional-feast-for-the-tactile-and-visual-picks-up-\"><strong>3. Atemberaubende Verarbeitung der Oberfl\u00e4che: Ein dreidimensionales Fest f\u00fcr den taktilen und visuellen Sinneseindruck\u00a0<\/strong>.<\/h2>\n<p>Das auff\u00e4lligste Merkmal dieser Verpackung ist ihre bemerkenswerte Oberfl\u00e4chentherapie. Der Entwickler hat geschickt 3D-Pr\u00e4gungen oder Klebstoff\/Kristallkleber-Strategien eingesetzt, um ein realistisches dreidimensionales Ergebnis der auf dem Foto gezeigten Perlen- und Rubinbl\u00fctenmuster zu erzielen. Wenn man \u00fcber die Oberfl\u00e4che gleitet, legt die zarte Struktur eine einzigartige wellenf\u00f6rmige Struktur frei, die eine erstaunliche Wirkung erzeugt. Ein spezieller Vierfarbdruck (CMYK) oder Schmuckfarbendruck gibt den sanften Glanz und die zarten Falten der Seidengeschichte makellos wieder und erweckt das gesamte Design wie ein Kunstwerk zum Leben.<\/p>\n<p><img decoding=\"async\" class=\"alignnone wp-image-2374 size-full\" src=\"https:\/\/chinacustomboxes.com\/wp-content\/uploads\/2025\/08\/Custom-Magnetic-Lid-Eyeshadow-Palette-Packaging-Wholesale-3.jpg\" alt=\"Benutzerdefinierte magnetischen Deckel Lidschatten Palette Verpackung Gro\u00dfhandel\" width=\"1000\" height=\"1000\" title=\"\" srcset=\"https:\/\/chinacustomboxes.com\/wp-content\/uploads\/2025\/08\/Custom-Magnetic-Lid-Eyeshadow-Palette-Packaging-Wholesale-3.jpg 1000w, https:\/\/chinacustomboxes.com\/wp-content\/uploads\/2025\/08\/Custom-Magnetic-Lid-Eyeshadow-Palette-Packaging-Wholesale-3-300x300.jpg 300w, https:\/\/chinacustomboxes.com\/wp-content\/uploads\/2025\/08\/Custom-Magnetic-Lid-Eyeshadow-Palette-Packaging-Wholesale-3-150x150.jpg 150w, https:\/\/chinacustomboxes.com\/wp-content\/uploads\/2025\/08\/Custom-Magnetic-Lid-Eyeshadow-Palette-Packaging-Wholesale-3-768x768.jpg 768w, https:\/\/chinacustomboxes.com\/wp-content\/uploads\/2025\/08\/Custom-Magnetic-Lid-Eyeshadow-Palette-Packaging-Wholesale-3-12x12.jpg 12w, https:\/\/chinacustomboxes.com\/wp-content\/uploads\/2025\/08\/Custom-Magnetic-Lid-Eyeshadow-Palette-Packaging-Wholesale-3-600x600.jpg 600w, https:\/\/chinacustomboxes.com\/wp-content\/uploads\/2025\/08\/Custom-Magnetic-Lid-Eyeshadow-Palette-Packaging-Wholesale-3-100x100.jpg 100w\" sizes=\"(max-width: 1000px) 100vw, 1000px\" \/><\/p>\n<h2 id=\"-4-glamorous-shade-looks-a-visual-discussion-of-the-aristocracy-and-beauty-\"><strong>4. Glamour\u00f6se Schattenblicke: Eine visuelle Diskussion \u00fcber die Aristokratie und die Sch\u00f6nheit<\/strong><\/h2>\n<p>Die gesamte Verpackung ist in sanftem Champagnergold und Off-White gehalten und schafft eine gem\u00fctliche, stilvolle und weibliche Atmosph\u00e4re. Die nat\u00fcrlichen Farbtonwechsel und der extreme Glanz, der an flie\u00dfende Seide erinnert, heben den Schimmer des Modeschmucks perfekt hervor, ziehen schnell die Aufmerksamkeit der Verbraucher auf sich und wecken ein starkes Kaufbed\u00fcrfnis.<\/p>\n<h2 id=\"-5-user-friendly-internal-layout-taken-into-consideration-for-functionality-and-mobility-\"><strong>5. Benutzerfreundliches internes Layout: Ber\u00fccksichtigung von Funktionalit\u00e4t und Mobilit\u00e4t\u00a0<\/strong>.<\/h2>\n<p>Um den Mehrwert und die Praktikabilit\u00e4t des Produkts zu erh\u00f6hen, ist ein hochaufl\u00f6sender Schminkspiegel sorgf\u00e4ltig in den Deckel integriert. Die ideale Gr\u00f6\u00dfe des Spiegels und seine hohe Klarheit erm\u00f6glichen ein einfaches Auftragen und Auffrischen des Make-ups zu jeder Zeit und an jedem Ort. Dieses durchdachte Design erh\u00f6ht die Funktionalit\u00e4t und Mobilit\u00e4t des Produkts betr\u00e4chtlich und macht es zu einem ausgezeichneten Reise- oder Alltagsbegleiter f\u00fcr Gro\u00dfstadtsch\u00f6nheiten.<\/p>\n<p><img loading=\"lazy\" decoding=\"async\" class=\"alignnone wp-image-2373 size-full\" src=\"https:\/\/chinacustomboxes.com\/wp-content\/uploads\/2025\/08\/Custom-Magnetic-Lid-Eyeshadow-Palette-Packaging-Wholesale-2.jpg\" alt=\"Benutzerdefinierte magnetischen Deckel Lidschatten Palette Verpackung Gro\u00dfhandel\" width=\"1000\" height=\"1000\" title=\"\" srcset=\"https:\/\/chinacustomboxes.com\/wp-content\/uploads\/2025\/08\/Custom-Magnetic-Lid-Eyeshadow-Palette-Packaging-Wholesale-2.jpg 1000w, https:\/\/chinacustomboxes.com\/wp-content\/uploads\/2025\/08\/Custom-Magnetic-Lid-Eyeshadow-Palette-Packaging-Wholesale-2-300x300.jpg 300w, https:\/\/chinacustomboxes.com\/wp-content\/uploads\/2025\/08\/Custom-Magnetic-Lid-Eyeshadow-Palette-Packaging-Wholesale-2-150x150.jpg 150w, https:\/\/chinacustomboxes.com\/wp-content\/uploads\/2025\/08\/Custom-Magnetic-Lid-Eyeshadow-Palette-Packaging-Wholesale-2-768x768.jpg 768w, https:\/\/chinacustomboxes.com\/wp-content\/uploads\/2025\/08\/Custom-Magnetic-Lid-Eyeshadow-Palette-Packaging-Wholesale-2-12x12.jpg 12w, https:\/\/chinacustomboxes.com\/wp-content\/uploads\/2025\/08\/Custom-Magnetic-Lid-Eyeshadow-Palette-Packaging-Wholesale-2-600x600.jpg 600w, https:\/\/chinacustomboxes.com\/wp-content\/uploads\/2025\/08\/Custom-Magnetic-Lid-Eyeshadow-Palette-Packaging-Wholesale-2-100x100.jpg 100w\" sizes=\"(max-width: 1000px) 100vw, 1000px\" \/><\/p>\n<h2 id=\"-6-accuracy-lined-security-a-guarantee-of-stability-and-security-\"><strong>6. Genauigkeitsgepr\u00fcfte Sicherheit: Eine Garantie f\u00fcr Stabilit\u00e4t und Sicherheit\u00a0<\/strong>.<\/h2>\n<p>Der Boden der Lidschattenpalette im Inneren der Verpackung ist speziell gestanzt, mit einer speziell angefertigten kreisf\u00f6rmigen Rille f\u00fcr jeden einzelnen Lidschatten. Diese Form h\u00e4lt die Palette sicher in Position und verhindert effektiv, dass der Puder durch Zittern, St\u00f6\u00dfe oder unerwartete St\u00fcrze besch\u00e4digt wird, und bietet den zuverl\u00e4ssigsten und umfassendsten Schutz f\u00fcr das Produkt.<\/p>\n<h2 id=\"-7-full-customization-produce-your-special-brand-stamp-\"><strong>7. Vollst\u00e4ndige Anpassung: Produzieren Sie Ihren speziellen Markenstempel\u00a0<\/strong>.<\/h2>\n<p>Wir verstehen die Einzigartigkeit jedes Markennamens und bieten umfassende Anpassungsdienste:.<\/p>\n<ul>\n<li><strong>Gr\u00f6\u00dfen und technische Daten\u00a0<\/strong>: Marken k\u00f6nnen leicht<a href=\"https:\/\/chinacustomboxes.com\/de\/\"> Verpackungsschachteln individuell gestalten<\/a> von jeder Art von Dimension auf der Grundlage der Menge und Dimension ihrer Lidschatten.<\/li>\n<li><strong>Auswahl des Materials\u00a0<\/strong>: Wir bieten eine Reihe von Spezialpapieren, responsiven Dokumenten und umweltfreundlichen Papieren f\u00fcr jedes Design und jeden Geldbeutel.<\/li>\n<li><strong>Handwerkliche Kombinationen\u00a0<\/strong>: Sie k\u00f6nnen hochwertige Verfahren wie Warmbeschriftung, UV-Behandlung, Pr\u00e4gung und Laminierung offen kombinieren, um besondere visuelle und reaktionsf\u00e4hige Effekte zu erzielen.<\/li>\n<li><strong>Reproduktion von Designs\u00a0<\/strong>: Wir versprechen Ihnen, genau nach Ihrem Markenstil zu drucken, indem wir ein fortschrittliches Farb\u00fcberwachungssystem nutzen, um jede Farb- und Musterinformation genau zu duplizieren.<\/li>\n<\/ul>\n<p><img loading=\"lazy\" decoding=\"async\" class=\"alignnone wp-image-2372 size-full\" src=\"https:\/\/chinacustomboxes.com\/wp-content\/uploads\/2025\/08\/Custom-Magnetic-Lid-Eyeshadow-Palette-Packaging-Wholesale-1.jpg\" alt=\"Benutzerdefinierte magnetischen Deckel Lidschatten Palette Verpackung Gro\u00dfhandel\" width=\"1000\" height=\"1000\" title=\"\" srcset=\"https:\/\/chinacustomboxes.com\/wp-content\/uploads\/2025\/08\/Custom-Magnetic-Lid-Eyeshadow-Palette-Packaging-Wholesale-1.jpg 1000w, https:\/\/chinacustomboxes.com\/wp-content\/uploads\/2025\/08\/Custom-Magnetic-Lid-Eyeshadow-Palette-Packaging-Wholesale-1-300x300.jpg 300w, https:\/\/chinacustomboxes.com\/wp-content\/uploads\/2025\/08\/Custom-Magnetic-Lid-Eyeshadow-Palette-Packaging-Wholesale-1-150x150.jpg 150w, https:\/\/chinacustomboxes.com\/wp-content\/uploads\/2025\/08\/Custom-Magnetic-Lid-Eyeshadow-Palette-Packaging-Wholesale-1-768x768.jpg 768w, https:\/\/chinacustomboxes.com\/wp-content\/uploads\/2025\/08\/Custom-Magnetic-Lid-Eyeshadow-Palette-Packaging-Wholesale-1-12x12.jpg 12w, https:\/\/chinacustomboxes.com\/wp-content\/uploads\/2025\/08\/Custom-Magnetic-Lid-Eyeshadow-Palette-Packaging-Wholesale-1-600x600.jpg 600w, https:\/\/chinacustomboxes.com\/wp-content\/uploads\/2025\/08\/Custom-Magnetic-Lid-Eyeshadow-Palette-Packaging-Wholesale-1-100x100.jpg 100w\" sizes=\"(max-width: 1000px) 100vw, 1000px\" \/><\/p>\n<h2 id=\"-8-ultra-fast-digital-proofing-take-the-market-opportunity-\"><strong>8. Ultraschnelles digitales Proofing: Nutzen Sie die Marktchance<\/strong><\/h2>\n<p>Mit fortschrittlicher elektronischer Proofing-Ausr\u00fcstung und effektiver Teamarbeit versichern wir, dass wir die Musterfertigung in nur einer Stunde abschlie\u00dfen k\u00f6nnen. Dieser \"what you see is what you obtain\"-Service erm\u00f6glicht es Ihnen, Ihr Layout umgehend zu validieren und sich das Endprodukt in k\u00fcrzester Zeit vorzustellen. Dies beschleunigt die Entwicklung und Markteinf\u00fchrung Ihrer Produkte und hilft Ihnen, sich einen Vorteil auf dem hart umk\u00e4mpften Markt zu verschaffen.<\/p>","protected":false},"excerpt":{"rendered":"<p>Diese elegante magnetische Lidschattenpalette verf\u00fcgt \u00fcber einen eleganten Magnetverschluss mit einem verdeckten magnetischen Halt, der ein trendiges \u00d6ffnen und Schlie\u00dfen erm\u00f6glicht. Die robuste Graukartonkonstruktion und der zerbrechliche Spezialpapiertr\u00e4ger verk\u00f6rpern ihre au\u00dfergew\u00f6hnliche Qualit\u00e4t. Seine auff\u00e4lligste Funktion ist die pr\u00e4chtige 3D-Pr\u00e4gung, die ein dreidimensionales Perlen- und Rautenblumenmuster erzeugt, das eine sensationelle taktile und \u00e4sthetische Wirkung erzielt. Die sanft schimmernden Weingold- und Off-White-T\u00f6ne schaffen eine glamour\u00f6se und warme Atmosph\u00e4re. Ein integrierter hochaufl\u00f6sender Schminkspiegel und eine pr\u00e4zise gestanzte Auskleidung sorgen f\u00fcr Mobilit\u00e4t und Produktsicherheit. Wir bieten umfassende Personalisierungsl\u00f6sungen, von der Dimension \u00fcber das Produkt bis hin zur Verarbeitung, und versichern Ihnen eine schnelle Pr\u00fcfung innerhalb einer Stunde, damit Sie Ihre Layout-Konzepte sofort umsetzen und einen besonderen, brandneuen Hit produzieren k\u00f6nnen.<\/p>","protected":false},"featured_media":2375,"template":"","meta":{"_kad_post_transparent":"default","_kad_post_title":"","_kad_post_layout":"default","_kad_post_sidebar_id":"","_kad_post_content_style":"default","_kad_post_vertical_padding":"default","_kad_post_feature":"","_kad_post_feature_position":"","_kad_post_header":false,"_kad_post_footer":false,"_kad_post_classname":""},"product_brand":[],"product_cat":[15,17,28,18],"product_tag":[588,590,589],"class_list":{"0":"post-2370","1":"product","2":"type-product","3":"status-publish","4":"has-post-thumbnail","6":"product_cat-boxes-by-shapes","7":"product_cat-boxes-by-industries","8":"product_cat-cosmetic-packaging-boxes","9":"product_cat-magnetic-closure-boxes","10":"product_tag-custom-magnetic-lid-boxes","11":"product_tag-custom-packaging-boxes-wholesale","12":"product_tag-eyeshadow-palette-packaging","14":"first","15":"instock","16":"shipping-taxable","17":"product-type-simple","18":"entry","19":"content-bg","20":"loop-entry"},"_links":{"self":[{"href":"https:\/\/chinacustomboxes.com\/de\/wp-json\/wp\/v2\/product\/2370","targetHints":{"allow":["GET"]}}],"collection":[{"href":"https:\/\/chinacustomboxes.com\/de\/wp-json\/wp\/v2\/product"}],"about":[{"href":"https:\/\/chinacustomboxes.com\/de\/wp-json\/wp\/v2\/types\/product"}],"wp:featuredmedia":[{"embeddable":true,"href":"https:\/\/chinacustomboxes.com\/de\/wp-json\/wp\/v2\/media\/2375"}],"wp:attachment":[{"href":"https:\/\/chinacustomboxes.com\/de\/wp-json\/wp\/v2\/media?parent=2370"}],"wp:term":[{"taxonomy":"product_brand","embeddable":true,"href":"https:\/\/chinacustomboxes.com\/de\/wp-json\/wp\/v2\/product_brand?post=2370"},{"taxonomy":"product_cat","embeddable":true,"href":"https:\/\/chinacustomboxes.com\/de\/wp-json\/wp\/v2\/product_cat?post=2370"},{"taxonomy":"product_tag","embeddable":true,"href":"https:\/\/chinacustomboxes.com\/de\/wp-json\/wp\/v2\/product_tag?post=2370"}],"curies":[{"name":"wp","href":"https:\/\/api.w.org\/{rel}","templated":true}]}}