{"id":2377,"date":"2025-09-03T07:25:49","date_gmt":"2025-09-03T07:25:49","guid":{"rendered":"https:\/\/chinacustomboxes.com\/?post_type=product&#038;p=2377"},"modified":"2025-09-03T07:25:49","modified_gmt":"2025-09-03T07:25:49","slug":"magnetic-closure-makeup-palettes-eyeshadow-packaging-boxes","status":"publish","type":"product","link":"https:\/\/chinacustomboxes.com\/de\/magnetic-closure-makeup-palettes-eyeshadow-packaging-boxes\/","title":{"rendered":"Magnetischer Verschluss Makeup Paletten Lidschatten Verpackungen Boxen"},"content":{"rendered":"<h2 id=\"magnetic-eyeshadow-box-a-perfect-blend-of-elegant-layout-and-superior-craftsmanship\">Magnetischer Verschluss Makeup Paletten Lidschatten Verpackungen Boxen<\/h2>\n<p>Wir freuen uns, Ihnen unser neues<a href=\"https:\/\/chinacustomboxes.com\/de\/magnetic-closure-boxes\/\"> Magnetverschlussboxen<\/a>inspiriert von einem gebundenen Buch. Es soll eine hervorragende Verpackung f\u00fcr Ihre Make-up-Produkte sein, die k\u00fcnstlerischen Charme mit n\u00fctzlichen F\u00e4higkeiten verbindet.<\/p>\n<p><img fetchpriority=\"high\" decoding=\"async\" class=\"wp-image-2378 size-full\" src=\"https:\/\/chinacustomboxes.com\/wp-content\/uploads\/2025\/09\/Magnetic-Closure-Makeup-Palettes-Eyeshadow-Packaging-Boxes-1.jpg\" alt=\"Magnetischer Verschluss Makeup Paletten Lidschatten Verpackungen Boxen\" width=\"1000\" height=\"1000\" title=\"\" srcset=\"https:\/\/chinacustomboxes.com\/wp-content\/uploads\/2025\/09\/Magnetic-Closure-Makeup-Palettes-Eyeshadow-Packaging-Boxes-1.jpg 1000w, https:\/\/chinacustomboxes.com\/wp-content\/uploads\/2025\/09\/Magnetic-Closure-Makeup-Palettes-Eyeshadow-Packaging-Boxes-1-300x300.jpg 300w, https:\/\/chinacustomboxes.com\/wp-content\/uploads\/2025\/09\/Magnetic-Closure-Makeup-Palettes-Eyeshadow-Packaging-Boxes-1-150x150.jpg 150w, https:\/\/chinacustomboxes.com\/wp-content\/uploads\/2025\/09\/Magnetic-Closure-Makeup-Palettes-Eyeshadow-Packaging-Boxes-1-768x768.jpg 768w, https:\/\/chinacustomboxes.com\/wp-content\/uploads\/2025\/09\/Magnetic-Closure-Makeup-Palettes-Eyeshadow-Packaging-Boxes-1-12x12.jpg 12w, https:\/\/chinacustomboxes.com\/wp-content\/uploads\/2025\/09\/Magnetic-Closure-Makeup-Palettes-Eyeshadow-Packaging-Boxes-1-600x600.jpg 600w, https:\/\/chinacustomboxes.com\/wp-content\/uploads\/2025\/09\/Magnetic-Closure-Makeup-Palettes-Eyeshadow-Packaging-Boxes-1-100x100.jpg 100w\" sizes=\"(max-width: 1000px) 100vw, 1000px\" \/><\/p>\n<h2 id=\"1-unique-publication-style-\">1.\u00a0<strong>Einzigartiger Publikationsstil<\/strong><\/h2>\n<p>Die anspruchsvolle <a href=\"https:\/\/chinacustomboxes.com\/de\/unusual-shaped-boxes\/\">doppelt\u00fcrige \u00d6ffnung<\/a> Stil erzeugt ein buch\u00e4hnliches Erscheinungsbild, das an ein sch\u00f6nes Buch erinnert und ein sehr fantasievolles und sammelw\u00fcrdiges Erlebnis erzeugt. Die proportionalen Doppelt\u00fcren schlie\u00dfen mit \u00dcberraschungsmagneten und schaffen ein ritualisiertes \u00d6ffnungserlebnis, das ein faszinierendes Unboxing-Erlebnis bietet und Ihr Markenimage erheblich aufwertet.<\/p>\n<h2 id=\"2-premium-products-sturdy-security-\">2.\u00a0<strong>Hochwertige Produkte, solide Sicherheit<\/strong><\/h2>\n<p>Die <a href=\"https:\/\/chinacustomboxes.com\/de\/\">Boxen<\/a> ist aus erstklassigem Graukarton gefertigt und mit hochwertigem Papier \u00fcberzogen, was seine Widerstandsf\u00e4higkeit und Langlebigkeit garantiert. Dieses Produkt ist nicht nur extrem druckfest und sichert die empfindlichen Lidschattenpaletten im Inneren, sondern bietet auch ein kostspieliges, fein abgestimmtes Gef\u00fchl.<\/p>\n<p><img decoding=\"async\" class=\"alignnone wp-image-2379 size-full\" src=\"https:\/\/chinacustomboxes.com\/wp-content\/uploads\/2025\/09\/Magnetic-Closure-Makeup-Palettes-Eyeshadow-Packaging-Boxes-2.jpg\" alt=\"Magnetischer Verschluss Makeup Paletten Lidschatten Verpackungen Boxen\" width=\"1000\" height=\"1000\" title=\"\" srcset=\"https:\/\/chinacustomboxes.com\/wp-content\/uploads\/2025\/09\/Magnetic-Closure-Makeup-Palettes-Eyeshadow-Packaging-Boxes-2.jpg 1000w, https:\/\/chinacustomboxes.com\/wp-content\/uploads\/2025\/09\/Magnetic-Closure-Makeup-Palettes-Eyeshadow-Packaging-Boxes-2-300x300.jpg 300w, https:\/\/chinacustomboxes.com\/wp-content\/uploads\/2025\/09\/Magnetic-Closure-Makeup-Palettes-Eyeshadow-Packaging-Boxes-2-150x150.jpg 150w, https:\/\/chinacustomboxes.com\/wp-content\/uploads\/2025\/09\/Magnetic-Closure-Makeup-Palettes-Eyeshadow-Packaging-Boxes-2-768x768.jpg 768w, https:\/\/chinacustomboxes.com\/wp-content\/uploads\/2025\/09\/Magnetic-Closure-Makeup-Palettes-Eyeshadow-Packaging-Boxes-2-12x12.jpg 12w, https:\/\/chinacustomboxes.com\/wp-content\/uploads\/2025\/09\/Magnetic-Closure-Makeup-Palettes-Eyeshadow-Packaging-Boxes-2-600x600.jpg 600w, https:\/\/chinacustomboxes.com\/wp-content\/uploads\/2025\/09\/Magnetic-Closure-Makeup-Palettes-Eyeshadow-Packaging-Boxes-2-100x100.jpg 100w\" sizes=\"(max-width: 1000px) 100vw, 1000px\" \/><\/p>\n<h2 id=\"3-beautiful-workmanship-showcasing-taste-\">3.\u00a0<strong>Sch\u00f6ne Handwerkskunst, die Geschmack zeigt<\/strong><\/h2>\n<p>Die Oberfl\u00e4che der Schachtel ist mit einem sch\u00f6nen, einheitlichen Muster verziert. Durch Pr\u00e4gung und andere Verfahren entsteht ein raffinierter, schimmernder Effekt und eine dreidimensionale Erleichterung im Licht, die ein wirklich angenehmes \u00e4sthetisches und haptisches Erlebnis erzeugt.<\/p>\n<h2 id=\"4-harmonious-color-aesthetic-appeals-\">4.\u00a0<strong>Harmonische Farb\u00e4sthetik spricht an<\/strong><\/h2>\n<p>Der Gesamtstil umfasst eine frische, lebendige, umweltfreundliche Farbe, die ein nat\u00fcrliches, gesundes, ausgewogenes und jugendliches Markenimage hervorruft. Das monochromatische, raffinierte Muster verleiht dem Stil Tiefe und Klasse, w\u00e4hrend es gleichzeitig ein harmonisches und einheitliches Farbschema beibeh\u00e4lt, wodurch es sich von der Gruppe abhebt.<\/p>\n<p><img decoding=\"async\" class=\"alignnone wp-image-2380 size-full\" src=\"https:\/\/chinacustomboxes.com\/wp-content\/uploads\/2025\/09\/Magnetic-Closure-Makeup-Palettes-Eyeshadow-Packaging-Boxes-3.jpg\" alt=\"Magnetischer Verschluss Makeup Paletten Lidschatten Verpackungen Boxen\" width=\"1000\" height=\"1000\" title=\"\" srcset=\"https:\/\/chinacustomboxes.com\/wp-content\/uploads\/2025\/09\/Magnetic-Closure-Makeup-Palettes-Eyeshadow-Packaging-Boxes-3.jpg 1000w, https:\/\/chinacustomboxes.com\/wp-content\/uploads\/2025\/09\/Magnetic-Closure-Makeup-Palettes-Eyeshadow-Packaging-Boxes-3-300x300.jpg 300w, https:\/\/chinacustomboxes.com\/wp-content\/uploads\/2025\/09\/Magnetic-Closure-Makeup-Palettes-Eyeshadow-Packaging-Boxes-3-150x150.jpg 150w, https:\/\/chinacustomboxes.com\/wp-content\/uploads\/2025\/09\/Magnetic-Closure-Makeup-Palettes-Eyeshadow-Packaging-Boxes-3-768x768.jpg 768w, https:\/\/chinacustomboxes.com\/wp-content\/uploads\/2025\/09\/Magnetic-Closure-Makeup-Palettes-Eyeshadow-Packaging-Boxes-3-12x12.jpg 12w, https:\/\/chinacustomboxes.com\/wp-content\/uploads\/2025\/09\/Magnetic-Closure-Makeup-Palettes-Eyeshadow-Packaging-Boxes-3-600x600.jpg 600w, https:\/\/chinacustomboxes.com\/wp-content\/uploads\/2025\/09\/Magnetic-Closure-Makeup-Palettes-Eyeshadow-Packaging-Boxes-3-100x100.jpg 100w\" sizes=\"(max-width: 1000px) 100vw, 1000px\" \/><\/p>\n<h2 id=\"5-user-friendly-useful-design-\">5.\u00a0<strong>Benutzerfreundliches, n\u00fctzliches Design<\/strong><\/h2>\n<p>Ein hochaufl\u00f6sender Make-up-Spiegel, der geschickt in den Innendeckel integriert ist, erm\u00f6glicht es den Kunden, ihr Make-up jederzeit und \u00fcberall aufzutragen und zu retuschieren, was den praktischen Nutzen und die Bequemlichkeit des Artikels erheblich verbessert. Starke eingebaute Magnete sorgen daf\u00fcr, dass die Verpackung schnell und sicher geschlossen wird und das Produkt sicher und zuverl\u00e4ssig gesch\u00fctzt ist.<\/p>\n<p><img loading=\"lazy\" decoding=\"async\" class=\"alignnone wp-image-2383 size-full\" src=\"https:\/\/chinacustomboxes.com\/wp-content\/uploads\/2025\/09\/Magnetic-Closure-Makeup-Palettes-Eyeshadow-Packaging-Boxes-6.jpg\" alt=\"Magnetischer Verschluss Makeup Paletten Lidschatten Verpackungen Boxen\" width=\"1000\" height=\"1000\" title=\"\" srcset=\"https:\/\/chinacustomboxes.com\/wp-content\/uploads\/2025\/09\/Magnetic-Closure-Makeup-Palettes-Eyeshadow-Packaging-Boxes-6.jpg 1000w, https:\/\/chinacustomboxes.com\/wp-content\/uploads\/2025\/09\/Magnetic-Closure-Makeup-Palettes-Eyeshadow-Packaging-Boxes-6-300x300.jpg 300w, https:\/\/chinacustomboxes.com\/wp-content\/uploads\/2025\/09\/Magnetic-Closure-Makeup-Palettes-Eyeshadow-Packaging-Boxes-6-150x150.jpg 150w, https:\/\/chinacustomboxes.com\/wp-content\/uploads\/2025\/09\/Magnetic-Closure-Makeup-Palettes-Eyeshadow-Packaging-Boxes-6-768x768.jpg 768w, https:\/\/chinacustomboxes.com\/wp-content\/uploads\/2025\/09\/Magnetic-Closure-Makeup-Palettes-Eyeshadow-Packaging-Boxes-6-12x12.jpg 12w, https:\/\/chinacustomboxes.com\/wp-content\/uploads\/2025\/09\/Magnetic-Closure-Makeup-Palettes-Eyeshadow-Packaging-Boxes-6-600x600.jpg 600w, https:\/\/chinacustomboxes.com\/wp-content\/uploads\/2025\/09\/Magnetic-Closure-Makeup-Palettes-Eyeshadow-Packaging-Boxes-6-100x100.jpg 100w\" sizes=\"(max-width: 1000px) 100vw, 1000px\" \/><\/p>\n<h2 id=\"6-exact-lining-for-stable-storage-space-\">6.\u00a0<strong>Exakte Auskleidung f\u00fcr stabilen Stauraum<\/strong><\/h2>\n<p>Das Innere verf\u00fcgt \u00fcber ein pr\u00e4zise gestanztes, der Form des Artikels angepasstes Futter, das sicherstellt, dass jeder Lidschatten, jedes Puder und jeder Pinsel sicher aufbewahrt und gesch\u00fctzt ist, wodurch Besch\u00e4digungen und Br\u00fcche w\u00e4hrend des Transports erfolgreich verhindert werden.<\/p>\n<p><img loading=\"lazy\" decoding=\"async\" class=\"alignnone wp-image-2381 size-full\" src=\"https:\/\/chinacustomboxes.com\/wp-content\/uploads\/2025\/09\/Magnetic-Closure-Makeup-Palettes-Eyeshadow-Packaging-Boxes-4.jpg\" alt=\"Magnetischer Verschluss Makeup Paletten Lidschatten Verpackungen Boxen\" width=\"1000\" height=\"1000\" title=\"\" srcset=\"https:\/\/chinacustomboxes.com\/wp-content\/uploads\/2025\/09\/Magnetic-Closure-Makeup-Palettes-Eyeshadow-Packaging-Boxes-4.jpg 1000w, https:\/\/chinacustomboxes.com\/wp-content\/uploads\/2025\/09\/Magnetic-Closure-Makeup-Palettes-Eyeshadow-Packaging-Boxes-4-300x300.jpg 300w, https:\/\/chinacustomboxes.com\/wp-content\/uploads\/2025\/09\/Magnetic-Closure-Makeup-Palettes-Eyeshadow-Packaging-Boxes-4-150x150.jpg 150w, https:\/\/chinacustomboxes.com\/wp-content\/uploads\/2025\/09\/Magnetic-Closure-Makeup-Palettes-Eyeshadow-Packaging-Boxes-4-768x768.jpg 768w, https:\/\/chinacustomboxes.com\/wp-content\/uploads\/2025\/09\/Magnetic-Closure-Makeup-Palettes-Eyeshadow-Packaging-Boxes-4-12x12.jpg 12w, https:\/\/chinacustomboxes.com\/wp-content\/uploads\/2025\/09\/Magnetic-Closure-Makeup-Palettes-Eyeshadow-Packaging-Boxes-4-600x600.jpg 600w, https:\/\/chinacustomboxes.com\/wp-content\/uploads\/2025\/09\/Magnetic-Closure-Makeup-Palettes-Eyeshadow-Packaging-Boxes-4-100x100.jpg 100w\" sizes=\"(max-width: 1000px) 100vw, 1000px\" \/><\/p>\n<h2 id=\"7-full-modification-solution-\">7.\u00a0<strong>Vollst\u00e4ndige Modifikationsl\u00f6sung<\/strong><\/h2>\n<p>Wir haben ein tiefes Verst\u00e4ndnis f\u00fcr die Originalit\u00e4t jeder Marke und bieten umfassende Personalisierungsl\u00f6sungen an, vom Rahmen der Schachteln, der Gr\u00f6\u00dfe und der Produktauswahl bis hin zu den Druckfarben, Oberfl\u00e4chenbehandlungen (wie Warmpr\u00e4gung, UV-Behandlung, Pr\u00e4gung usw.) und der Gestaltung des Futters. Unabh\u00e4ngig von Ihren innovativen Bed\u00fcrfnissen kann unser engagiertes Team diese direkt in individuelle Verpackungen umwandeln, die perfekt auf die Platzierung Ihrer Marke und die Qualit\u00e4t Ihrer Produkte abgestimmt sind.<\/p>\n<p><img loading=\"lazy\" decoding=\"async\" class=\"alignnone wp-image-2382 size-full\" src=\"https:\/\/chinacustomboxes.com\/wp-content\/uploads\/2025\/09\/Magnetic-Closure-Makeup-Palettes-Eyeshadow-Packaging-Boxes-5.jpg\" alt=\"Magnetischer Verschluss Makeup Paletten Lidschatten Verpackungen Boxen\" width=\"1000\" height=\"1000\" title=\"\" srcset=\"https:\/\/chinacustomboxes.com\/wp-content\/uploads\/2025\/09\/Magnetic-Closure-Makeup-Palettes-Eyeshadow-Packaging-Boxes-5.jpg 1000w, https:\/\/chinacustomboxes.com\/wp-content\/uploads\/2025\/09\/Magnetic-Closure-Makeup-Palettes-Eyeshadow-Packaging-Boxes-5-300x300.jpg 300w, https:\/\/chinacustomboxes.com\/wp-content\/uploads\/2025\/09\/Magnetic-Closure-Makeup-Palettes-Eyeshadow-Packaging-Boxes-5-150x150.jpg 150w, https:\/\/chinacustomboxes.com\/wp-content\/uploads\/2025\/09\/Magnetic-Closure-Makeup-Palettes-Eyeshadow-Packaging-Boxes-5-768x768.jpg 768w, https:\/\/chinacustomboxes.com\/wp-content\/uploads\/2025\/09\/Magnetic-Closure-Makeup-Palettes-Eyeshadow-Packaging-Boxes-5-12x12.jpg 12w, https:\/\/chinacustomboxes.com\/wp-content\/uploads\/2025\/09\/Magnetic-Closure-Makeup-Palettes-Eyeshadow-Packaging-Boxes-5-600x600.jpg 600w, https:\/\/chinacustomboxes.com\/wp-content\/uploads\/2025\/09\/Magnetic-Closure-Makeup-Palettes-Eyeshadow-Packaging-Boxes-5-100x100.jpg 100w\" sizes=\"(max-width: 1000px) 100vw, 1000px\" \/><\/p>\n<h2 id=\"8-reliable-prototyping-and-specialist-guarantee-\">8.\u00a0<strong>Zuverl\u00e4ssiges Prototyping und Fachgarantie<\/strong><\/h2>\n<p>Wir wissen, wie wichtig die Zeit f\u00fcr Marken ist. Durch den Einsatz innovativer Ausr\u00fcstung und einer \u00e4u\u00dferst effizienten Gruppe stellen wir sicher, dass Vorabmuster in nur einer Stunde produziert werden k\u00f6nnen. So k\u00f6nnen Sie Ihre Stile schnell beurteilen, Ihren Produktentwicklungszyklus drastisch verk\u00fcrzen und Ihre Produkte viel schneller auf den Markt bringen. Wir verf\u00fcgen \u00fcber mehrj\u00e4hrige Erfahrung im Verpackungs- und Druckbereich, die wir zahlreichen renommierten privaten und weltweiten Marken zur Verf\u00fcgung stellen. Unser strenges Qualit\u00e4tskontrollsystem und unsere Liebe zum Detail gew\u00e4hrleisten, dass Sie erstklassige Verpackungen erhalten.<\/p>","protected":false},"excerpt":{"rendered":"<p>Diese <strong>magnetische Lidschattenverpackung<\/strong> verf\u00fcgt \u00fcber eine raffinierte Doppelt\u00fcr in Buchform, die beim \u00d6ffnen ein elegantes Aussehen und ein Gef\u00fchl der Feierlichkeit vermittelt. Hochwertiger Graukarton und gestrichenes Papier wurden aufgrund ihrer Langlebigkeit und ihres effizienten Produktschutzes sorgf\u00e4ltig ausgew\u00e4hlt. Ein dreidimensionales, tonales Muster in einem erfrischenden und lebendigen Gr\u00fcnton unterstreicht das junge und gesunde Image der Marke. Ein integrierter hochaufl\u00f6sender Schminkspiegel erh\u00f6ht die Praktikabilit\u00e4t und Bequemlichkeit, w\u00e4hrend ein starker Magnetverschluss f\u00fcr einen gesch\u00fctzten und seri\u00f6sen Sitz sorgt. Ein speziell gestanztes Futter bietet sicheren Schutz f\u00fcr Ihr Produkt. Wir bieten detaillierte Anpassungsdienste und schnelle Korrekturen. Mit unserer speziellen Erfahrung und strengen Qualit\u00e4tskontrolle k\u00f6nnen wir hochwertige Verpackungen entwickeln, die perfekt zu Ihrem Markenimage passen.<\/p>","protected":false},"featured_media":2378,"template":"","meta":{"_kad_post_transparent":"default","_kad_post_title":"","_kad_post_layout":"default","_kad_post_sidebar_id":"","_kad_post_content_style":"default","_kad_post_vertical_padding":"default","_kad_post_feature":"","_kad_post_feature_position":"","_kad_post_header":false,"_kad_post_footer":false,"_kad_post_classname":""},"product_brand":[],"product_cat":[15,17,28,18],"product_tag":[452,587,586],"class_list":{"0":"post-2377","1":"product","2":"type-product","3":"status-publish","4":"has-post-thumbnail","6":"product_cat-boxes-by-shapes","7":"product_cat-boxes-by-industries","8":"product_cat-cosmetic-packaging-boxes","9":"product_cat-magnetic-closure-boxes","10":"product_tag-magnetic-closure-boxes","11":"product_tag-makeup-packaging-boxes","12":"product_tag-palettes-eyeshadow-packaging","14":"first","15":"instock","16":"shipping-taxable","17":"product-type-simple","18":"entry","19":"content-bg","20":"loop-entry"},"_links":{"self":[{"href":"https:\/\/chinacustomboxes.com\/de\/wp-json\/wp\/v2\/product\/2377","targetHints":{"allow":["GET"]}}],"collection":[{"href":"https:\/\/chinacustomboxes.com\/de\/wp-json\/wp\/v2\/product"}],"about":[{"href":"https:\/\/chinacustomboxes.com\/de\/wp-json\/wp\/v2\/types\/product"}],"wp:featuredmedia":[{"embeddable":true,"href":"https:\/\/chinacustomboxes.com\/de\/wp-json\/wp\/v2\/media\/2378"}],"wp:attachment":[{"href":"https:\/\/chinacustomboxes.com\/de\/wp-json\/wp\/v2\/media?parent=2377"}],"wp:term":[{"taxonomy":"product_brand","embeddable":true,"href":"https:\/\/chinacustomboxes.com\/de\/wp-json\/wp\/v2\/product_brand?post=2377"},{"taxonomy":"product_cat","embeddable":true,"href":"https:\/\/chinacustomboxes.com\/de\/wp-json\/wp\/v2\/product_cat?post=2377"},{"taxonomy":"product_tag","embeddable":true,"href":"https:\/\/chinacustomboxes.com\/de\/wp-json\/wp\/v2\/product_tag?post=2377"}],"curies":[{"name":"wp","href":"https:\/\/api.w.org\/{rel}","templated":true}]}}