{"id":2384,"date":"2025-09-08T02:34:47","date_gmt":"2025-09-08T02:34:47","guid":{"rendered":"https:\/\/chinacustomboxes.com\/?post_type=product&#038;p=2384"},"modified":"2025-09-08T02:34:47","modified_gmt":"2025-09-08T02:34:47","slug":"neck-lid-and-base-boxes-for-candle-perfume-cosmetic-china","status":"publish","type":"product","link":"https:\/\/chinacustomboxes.com\/de\/neck-lid-and-base-boxes-for-candle-perfume-cosmetic-china\/","title":{"rendered":"Hals Deckel und Boden Boxen f\u00fcr Kerze Parf\u00fcm Kosmetik China"},"content":{"rendered":"<h2 id=\"-luxury-and-style-a-tasteful-choice-neck-boxes-for-candles-perfumes-and-cosmetics-\">Hals Deckel und Boden Boxen f\u00fcr Kerze Parf\u00fcm Kosmetik China<\/h2>\n<p>Entwickelt f\u00fcr Premium-Kerzen, Parfums und Kosmetika, diese unflexible Produktverpackungen verf\u00fcgt \u00fcber eine klassische und charmante Hals-Box (zus\u00e4tzlich als eine <a href=\"https:\/\/chinacustomboxes.com\/de\/lid-and-base-boxes\/\">Schulterdeckel- und Bodenboxen<\/a>) Struktur. Ihr einzigartiger Stil bietet nicht nur einen hervorragenden Schutz f\u00fcr die Artikel, sondern unterstreicht auch das Gef\u00fchl von Luxus und Wert der Marke durch ein feierliches Er\u00f6ffnungserlebnis. Wir w\u00e4hlen erstklassige Produkte aus und verarbeiten sie in hervorragender Weise, um bemerkenswerte Markenverpackungen herzustellen.<\/p>\n<p><img fetchpriority=\"high\" decoding=\"async\" class=\"alignnone wp-image-2385 size-large\" src=\"https:\/\/chinacustomboxes.com\/wp-content\/uploads\/2025\/09\/Lid-and-Baase-for-Candle-1-1024x1024.jpg\" alt=\"Deckel und Sockel f\u00fcr Parf\u00fcmkerze\" width=\"1024\" height=\"1024\" title=\"\" srcset=\"https:\/\/chinacustomboxes.com\/wp-content\/uploads\/2025\/09\/Lid-and-Baase-for-Candle-1-1024x1024.jpg 1024w, https:\/\/chinacustomboxes.com\/wp-content\/uploads\/2025\/09\/Lid-and-Baase-for-Candle-1-300x300.jpg 300w, https:\/\/chinacustomboxes.com\/wp-content\/uploads\/2025\/09\/Lid-and-Baase-for-Candle-1-150x150.jpg 150w, https:\/\/chinacustomboxes.com\/wp-content\/uploads\/2025\/09\/Lid-and-Baase-for-Candle-1-768x768.jpg 768w, https:\/\/chinacustomboxes.com\/wp-content\/uploads\/2025\/09\/Lid-and-Baase-for-Candle-1-1536x1536.jpg 1536w, https:\/\/chinacustomboxes.com\/wp-content\/uploads\/2025\/09\/Lid-and-Baase-for-Candle-1-12x12.jpg 12w, https:\/\/chinacustomboxes.com\/wp-content\/uploads\/2025\/09\/Lid-and-Baase-for-Candle-1-600x600.jpg 600w, https:\/\/chinacustomboxes.com\/wp-content\/uploads\/2025\/09\/Lid-and-Baase-for-Candle-1-100x100.jpg 100w, https:\/\/chinacustomboxes.com\/wp-content\/uploads\/2025\/09\/Lid-and-Baase-for-Candle-1.jpg 1920w\" sizes=\"(max-width: 1024px) 100vw, 1024px\" \/><\/p>\n<h2 id=\"1-standard-neck-box-framework-\">1.\u00a0<strong>Rahmen f\u00fcr Standard-Halsk\u00e4sten\u00a0<\/strong><\/h2>\n<p>Diese Kerze, dieser Duft und <a href=\"https:\/\/chinacustomboxes.com\/de\/cosmetic-packaging-boxes\/\">Kosmetikboxen<\/a> verf\u00fcgt \u00fcber einen traditionellen Rahmen f\u00fcr Halsk\u00e4sten. Diese Boxen bestehen aus einem Deckel, einem Boden und einem integrierten \"Hals\" (auch als \"Schulter\" bezeichnet), so dass Deckel und Boden nahtlos ineinander \u00fcbergehen. Der leichte D\u00e4mpfungseffekt beim \u00d6ffnen verbessert das Unboxing-Erlebnis, erzeugt ein Gef\u00fchl von Spannung und Wertigkeit und verleiht dem Produkt zus\u00e4tzlich einen Hauch von High-End. Dieser stabile Rahmen bietet einen hervorragenden Schutz f\u00fcr das Produkt im Inneren.<\/p>\n<p><img decoding=\"async\" class=\"alignnone wp-image-2386 size-full\" src=\"https:\/\/chinacustomboxes.com\/wp-content\/uploads\/2025\/09\/Lid-and-Baase-for-Candle-2.jpg\" alt=\"Deckel und Sockel f\u00fcr Parf\u00fcmkerze\" width=\"1919\" height=\"1919\" title=\"\" srcset=\"https:\/\/chinacustomboxes.com\/wp-content\/uploads\/2025\/09\/Lid-and-Baase-for-Candle-2.jpg 1919w, https:\/\/chinacustomboxes.com\/wp-content\/uploads\/2025\/09\/Lid-and-Baase-for-Candle-2-300x300.jpg 300w, https:\/\/chinacustomboxes.com\/wp-content\/uploads\/2025\/09\/Lid-and-Baase-for-Candle-2-1024x1024.jpg 1024w, https:\/\/chinacustomboxes.com\/wp-content\/uploads\/2025\/09\/Lid-and-Baase-for-Candle-2-150x150.jpg 150w, https:\/\/chinacustomboxes.com\/wp-content\/uploads\/2025\/09\/Lid-and-Baase-for-Candle-2-768x768.jpg 768w, https:\/\/chinacustomboxes.com\/wp-content\/uploads\/2025\/09\/Lid-and-Baase-for-Candle-2-1536x1536.jpg 1536w, https:\/\/chinacustomboxes.com\/wp-content\/uploads\/2025\/09\/Lid-and-Baase-for-Candle-2-12x12.jpg 12w, https:\/\/chinacustomboxes.com\/wp-content\/uploads\/2025\/09\/Lid-and-Baase-for-Candle-2-600x600.jpg 600w, https:\/\/chinacustomboxes.com\/wp-content\/uploads\/2025\/09\/Lid-and-Baase-for-Candle-2-100x100.jpg 100w\" sizes=\"(max-width: 1919px) 100vw, 1919px\" \/><\/p>\n<h2 id=\"2-carefully-picked-high-quality-products-\">2.\u00a0<strong>Sorgf\u00e4ltig ausgew\u00e4hlte, qualitativ hochwertige Produkte<\/strong><\/h2>\n<p>Diese Schachteln haben einen dicken Kartonboden, der ihre Haltbarkeit und Langlebigkeit gew\u00e4hrleistet. Die \u00e4u\u00dfere Schicht ist mit sorgf\u00e4ltig ausgew\u00e4hltem Kunstdruckpapier bedeckt, das ein besonderes Aussehen und eine besondere Haptik hat, was die Gesamtqualit\u00e4t der Produktverpackung erheblich verbessert. Das Innenfutter besteht aus weichem, schwarzem Velours, das zerbrechliche Gegenst\u00e4nde erfolgreich sch\u00fctzt und sichert und verhindert, dass sie w\u00e4hrend des Transports oder auf dem Bildschirm verrutschen oder besch\u00e4digt werden. Viele chinesische Anbieter legen derzeit gro\u00dfen Wert auf den Umweltschutz und verwenden recycelbare, umweltfreundliche Materialien.<\/p>\n<p><img decoding=\"async\" class=\"alignnone wp-image-2387 size-large\" src=\"https:\/\/chinacustomboxes.com\/wp-content\/uploads\/2025\/09\/Lid-and-Baase-for-Candle-3-1024x1024.jpg\" alt=\"Deckel und Sockel f\u00fcr Parf\u00fcmkerze\" width=\"1024\" height=\"1024\" title=\"\" srcset=\"https:\/\/chinacustomboxes.com\/wp-content\/uploads\/2025\/09\/Lid-and-Baase-for-Candle-3-1024x1024.jpg 1024w, https:\/\/chinacustomboxes.com\/wp-content\/uploads\/2025\/09\/Lid-and-Baase-for-Candle-3-300x300.jpg 300w, https:\/\/chinacustomboxes.com\/wp-content\/uploads\/2025\/09\/Lid-and-Baase-for-Candle-3-150x150.jpg 150w, https:\/\/chinacustomboxes.com\/wp-content\/uploads\/2025\/09\/Lid-and-Baase-for-Candle-3-768x768.jpg 768w, https:\/\/chinacustomboxes.com\/wp-content\/uploads\/2025\/09\/Lid-and-Baase-for-Candle-3-1536x1536.jpg 1536w, https:\/\/chinacustomboxes.com\/wp-content\/uploads\/2025\/09\/Lid-and-Baase-for-Candle-3-12x12.jpg 12w, https:\/\/chinacustomboxes.com\/wp-content\/uploads\/2025\/09\/Lid-and-Baase-for-Candle-3-600x600.jpg 600w, https:\/\/chinacustomboxes.com\/wp-content\/uploads\/2025\/09\/Lid-and-Baase-for-Candle-3-100x100.jpg 100w, https:\/\/chinacustomboxes.com\/wp-content\/uploads\/2025\/09\/Lid-and-Baase-for-Candle-3.jpg 1919w\" sizes=\"(max-width: 1024px) 100vw, 1024px\" \/><\/p>\n<h2 id=\"3-exquisite-craftsmanship-\">3.\u00a0<strong>Exquisite Handwerkskunst\u00a0<\/strong><\/h2>\n<p>Dieses steife Produkt<a href=\"https:\/\/chinacustomboxes.com\/de\/\"> Verpackungskisten<\/a> zeigt ein hohes Ma\u00df an Handwerkskunst. Die Oberfl\u00e4che der Verpackung ist glatt, mit sauberen, makellosen Seiten. Das Markenlogo und verschiedene andere Texte auf dem Umschlag werden mit Hilfe eines hochpr\u00e4zisen Hei\u00dfpr\u00e4geverfahrens aufgebracht. Die klare, hochgl\u00e4nzende Schrift bildet einen auff\u00e4lligen \u00e4sthetischen Kontrast zu den mattschwarzen Schachteln und sorgt f\u00fcr eine auff\u00e4llige und attraktive Wirkung. Hei\u00dfpr\u00e4gung, Pr\u00e4gung und UV-Druck sind typische Veredelungstechniken f\u00fcr \u00e4sthetische Produktverpackungen, die den wahrgenommenen Wert des Produkts angemessen steigern.<\/p>\n<h2 id=\"4-downplayed-luxury-shade-combination-\">4.\u00a0<strong>Abgespeckte Luxus-Farbkombination\u00a0<\/strong><\/h2>\n<p>Der Text der Produktverpackungen ist in einem tiefen, matten Schwarz gehalten, das ein geheimnisvolles Ambiente von untersch\u00e4tzter Hochwertigkeit erzeugt. Der Hals, ein markanter Abschluss, wird durch ein schillerndes Gold hervorgehoben. Diese traditionelle Schwarz-Gold-Kombination unterstreicht zus\u00e4tzlich die Premium-Positionierung des Produkts und stellt eine herausragende Pr\u00e4ferenz dar. Diese Farbkombination hat nicht nur eine starke \u00e4sthetische Wirkung, sondern passt auch perfekt zum Marktauftritt von hochwertigen Kosmetika, D\u00fcften und gro\u00dfen Kerzenlichtern.<\/p>\n<p><img loading=\"lazy\" decoding=\"async\" class=\"alignnone wp-image-2388 size-large\" src=\"https:\/\/chinacustomboxes.com\/wp-content\/uploads\/2025\/09\/Lid-and-Baase-for-Candle-4-1024x1024.jpg\" alt=\"Deckel und Sockel f\u00fcr Parf\u00fcmkerze\" width=\"1024\" height=\"1024\" title=\"\" srcset=\"https:\/\/chinacustomboxes.com\/wp-content\/uploads\/2025\/09\/Lid-and-Baase-for-Candle-4-1024x1024.jpg 1024w, https:\/\/chinacustomboxes.com\/wp-content\/uploads\/2025\/09\/Lid-and-Baase-for-Candle-4-300x300.jpg 300w, https:\/\/chinacustomboxes.com\/wp-content\/uploads\/2025\/09\/Lid-and-Baase-for-Candle-4-150x150.jpg 150w, https:\/\/chinacustomboxes.com\/wp-content\/uploads\/2025\/09\/Lid-and-Baase-for-Candle-4-768x768.jpg 768w, https:\/\/chinacustomboxes.com\/wp-content\/uploads\/2025\/09\/Lid-and-Baase-for-Candle-4-1536x1536.jpg 1536w, https:\/\/chinacustomboxes.com\/wp-content\/uploads\/2025\/09\/Lid-and-Baase-for-Candle-4-12x12.jpg 12w, https:\/\/chinacustomboxes.com\/wp-content\/uploads\/2025\/09\/Lid-and-Baase-for-Candle-4-600x600.jpg 600w, https:\/\/chinacustomboxes.com\/wp-content\/uploads\/2025\/09\/Lid-and-Baase-for-Candle-4-100x100.jpg 100w, https:\/\/chinacustomboxes.com\/wp-content\/uploads\/2025\/09\/Lid-and-Baase-for-Candle-4.jpg 1920w\" sizes=\"(max-width: 1024px) 100vw, 1024px\" \/><\/p>\n<h2 id=\"5-simple-yet-amazing-design-aesthetic-\">5.\u00a0<strong>Einfache, aber beeindruckende Design\u00e4sthetik\u00a0<\/strong><\/h2>\n<p>Das Gesamtdesign h\u00e4lt sich an minimale Prinzipien und vermeidet zu viel Dekoration. Stattdessen unterstreicht es die ganzheitliche Spitzenqualit\u00e4t des Artikels mit hochwertigen Materialien und sorgf\u00e4ltiger Verarbeitung. Das einzige \"Ger\u00e4t\" ist das gl\u00e4nzende, vergoldete Markenlogo auf dem Cover. Dieses einfache Layout konzentriert sich effizient auf die Marke selbst und tr\u00e4gt dazu bei, die Aufmerksamkeit der Verbraucher schnell zu gewinnen und den Wiedererkennungswert der Marke zu steigern.<\/p>\n<h2 id=\"6-personalized-protective-lining-\">6.\u00a0<strong>Personalisierte Schutzauskleidung\u00a0<\/strong><\/h2>\n<p>Die Schaumstoffauskleidung ist ein wichtiges Element hochwertiger Verpackungen, da ihre Hauptfunktion darin besteht, das Produkt zu sch\u00fctzen und zu erhalten. Wir sind in der Lage, die Form und Gr\u00f6\u00dfe Ihres Produkts pr\u00e4zise auszustanzen und zu portieren, so dass sie sich nahtlos in die Schachteln einf\u00fcgt und die Bewegung effizient stoppt, wodurch das Risiko einer Besch\u00e4digung w\u00e4hrend des Transports minimiert wird. Dar\u00fcber hinaus steigert das weiche Futtermaterial das Erlebnis des Auspackens und den wahrgenommenen Wert des Artikels erheblich.<\/p>\n<p><img loading=\"lazy\" decoding=\"async\" class=\"alignnone wp-image-2389 size-large\" src=\"https:\/\/chinacustomboxes.com\/wp-content\/uploads\/2025\/09\/Lid-and-Baase-for-Candle-5-1024x1024.jpg\" alt=\"Deckel und Sockel f\u00fcr Parf\u00fcmkerze\" width=\"1024\" height=\"1024\" title=\"\" srcset=\"https:\/\/chinacustomboxes.com\/wp-content\/uploads\/2025\/09\/Lid-and-Baase-for-Candle-5-1024x1024.jpg 1024w, https:\/\/chinacustomboxes.com\/wp-content\/uploads\/2025\/09\/Lid-and-Baase-for-Candle-5-300x300.jpg 300w, https:\/\/chinacustomboxes.com\/wp-content\/uploads\/2025\/09\/Lid-and-Baase-for-Candle-5-150x150.jpg 150w, https:\/\/chinacustomboxes.com\/wp-content\/uploads\/2025\/09\/Lid-and-Baase-for-Candle-5-768x768.jpg 768w, https:\/\/chinacustomboxes.com\/wp-content\/uploads\/2025\/09\/Lid-and-Baase-for-Candle-5-1536x1536.jpg 1536w, https:\/\/chinacustomboxes.com\/wp-content\/uploads\/2025\/09\/Lid-and-Baase-for-Candle-5-12x12.jpg 12w, https:\/\/chinacustomboxes.com\/wp-content\/uploads\/2025\/09\/Lid-and-Baase-for-Candle-5-600x600.jpg 600w, https:\/\/chinacustomboxes.com\/wp-content\/uploads\/2025\/09\/Lid-and-Baase-for-Candle-5-100x100.jpg 100w, https:\/\/chinacustomboxes.com\/wp-content\/uploads\/2025\/09\/Lid-and-Baase-for-Candle-5.jpg 1920w\" sizes=\"(max-width: 1024px) 100vw, 1024px\" \/><\/p>\n<h2 id=\"7-flexible-and-diverse-customization-services-\">7.\u00a0<strong>Flexible und vielf\u00e4ltige Anpassungsdienste\u00a0<\/strong><\/h2>\n<p>Als wichtiger internationaler Standort f\u00fcr die Herstellung von Produktverpackungen nutzen chinesische Hersteller in der Regel \u00e4u\u00dferst anpassungsf\u00e4hige \u00c4nderungsdienste. Die Kunden k\u00f6nnen die Form, die Abmessungen, das Material, das Druckverfahren (z. B. Spot-Farbdruck, Warmpr\u00e4gung, Spot-UV usw.) und die Wahl der Auskleidung vollst\u00e4ndig an ihre speziellen Markenbed\u00fcrfnisse anpassen und so einen ma\u00dfgeschneiderten Verpackungsservice anbieten, der am besten zu ihrem Markenimage und ihren Produkteigenschaften passt.<\/p>","protected":false},"excerpt":{"rendered":"<p>Diese Produktverpackung mit steifem Hals wurde f\u00fcr Kerzen, Parf\u00fcms und Kosmetika entwickelt und verk\u00f6rpert mit ihrer klassischen oberen und unteren Deckelstruktur, den hochwertigen Produkten und der exquisiten Handwerkskunst perfekt High-End und Klasse. Die klassische Farbkombination aus mattem Schwarz und warmer Pr\u00e4gung, das schlichte, aber markante Design und die ma\u00dfgeschneiderte Sicherheitsauskleidung bieten nicht nur einen soliden Schutz f\u00fcr Ihre Produkte, sondern verbessern auch den Wert Ihrer Marke und das Kundenerlebnis in \u00e4sthetischer und haptischer Hinsicht. Wir bieten umfassende Anpassungsl\u00f6sungen, um Ihnen bei der Erstellung einzigartiger Markenverpackungen zu helfen.<\/p>","protected":false},"featured_media":2385,"template":"","meta":{"_kad_post_transparent":"default","_kad_post_title":"","_kad_post_layout":"default","_kad_post_sidebar_id":"","_kad_post_content_style":"default","_kad_post_vertical_padding":"default","_kad_post_feature":"","_kad_post_feature_position":"","_kad_post_header":false,"_kad_post_footer":false,"_kad_post_classname":""},"product_brand":[],"product_cat":[15,17,33,28,19,34],"product_tag":[595,594,596],"class_list":{"0":"post-2384","1":"product","2":"type-product","3":"status-publish","4":"has-post-thumbnail","6":"product_cat-boxes-by-shapes","7":"product_cat-boxes-by-industries","8":"product_cat-candle-packaging-boxes","9":"product_cat-cosmetic-packaging-boxes","10":"product_cat-lid-and-base-boxes","11":"product_cat-perfume-packaging-boxes","12":"product_tag-lid-and-base-boxes-for-candle","13":"product_tag-neck-lid-and-base-boxes","14":"product_tag-perfume-boxes-china","16":"first","17":"instock","18":"shipping-taxable","19":"product-type-simple","20":"entry","21":"content-bg","22":"loop-entry"},"_links":{"self":[{"href":"https:\/\/chinacustomboxes.com\/de\/wp-json\/wp\/v2\/product\/2384","targetHints":{"allow":["GET"]}}],"collection":[{"href":"https:\/\/chinacustomboxes.com\/de\/wp-json\/wp\/v2\/product"}],"about":[{"href":"https:\/\/chinacustomboxes.com\/de\/wp-json\/wp\/v2\/types\/product"}],"wp:featuredmedia":[{"embeddable":true,"href":"https:\/\/chinacustomboxes.com\/de\/wp-json\/wp\/v2\/media\/2385"}],"wp:attachment":[{"href":"https:\/\/chinacustomboxes.com\/de\/wp-json\/wp\/v2\/media?parent=2384"}],"wp:term":[{"taxonomy":"product_brand","embeddable":true,"href":"https:\/\/chinacustomboxes.com\/de\/wp-json\/wp\/v2\/product_brand?post=2384"},{"taxonomy":"product_cat","embeddable":true,"href":"https:\/\/chinacustomboxes.com\/de\/wp-json\/wp\/v2\/product_cat?post=2384"},{"taxonomy":"product_tag","embeddable":true,"href":"https:\/\/chinacustomboxes.com\/de\/wp-json\/wp\/v2\/product_tag?post=2384"}],"curies":[{"name":"wp","href":"https:\/\/api.w.org\/{rel}","templated":true}]}}