{"id":2390,"date":"2025-09-08T02:19:02","date_gmt":"2025-09-08T02:19:02","guid":{"rendered":"https:\/\/chinacustomboxes.com\/?post_type=product&#038;p=2390"},"modified":"2025-09-08T02:19:02","modified_gmt":"2025-09-08T02:19:02","slug":"custom-makeup-cosmetic-set-packaging-rigid-boxes-wholesale","status":"publish","type":"product","link":"https:\/\/chinacustomboxes.com\/de\/custom-makeup-cosmetic-set-packaging-rigid-boxes-wholesale\/","title":{"rendered":"Benutzerdefinierte Makeup Kosmetik Set Verpackung Starre Boxen Gro\u00dfhandel"},"content":{"rendered":"<h2 id=\"custom-makeup-cosmetic-establish-packaging-inflexible-boxes-wholesale\">Benutzerdefinierte Makeup Kosmetik Set Verpackung Starre Boxen Gro\u00dfhandel<\/h2>\n<p>Diese individuell gestalteten Kartons f\u00fcr \u00e4sthetische Kollektionen sollen das Markenimage und die Kundenerfahrung verbessern. Sein einzigartiger Rahmen mit zwei Faltt\u00fcren sorgt nicht nur f\u00fcr ein Gef\u00fchl der Routine beim Auspacken, sondern auch f\u00fcr eine einwandfreie Pr\u00e4sentation der Artikel f\u00fcr die Verbraucher. Wir w\u00e4hlen sorgf\u00e4ltig hochwertige Pappe als Kernprodukt aus, die mit einer hochdichten EVA-Zellenauskleidung versehen ist, um Ihren Artikeln einen stabilen und zuverl\u00e4ssigen Schutz zu bieten. Vom edlen wei\u00dfen und rosafarbenen Farbmuster \u00fcber die exquisite Warmpr\u00e4gung bis hin zum pr\u00e4zisen V-Rillenschnitt zeigt jedes Detail die erstklassige Handwerkskunst der kundenspezifischen Verarbeitung. Wir unterst\u00fctzen eine gr\u00fcndliche Anpassung von der Gr\u00f6\u00dfe, dem Material bis hin zum Ver\u00f6ffentlichungsmaterial und gew\u00e4hrleisten eine schnelle Reaktionszeit von \"1 Stunde Beispielumlaufzeit\", was Ihrer Marke hilft, im harten Marktwettbewerb Aufmerksamkeit zu erregen.<\/p>\n<p><img fetchpriority=\"high\" decoding=\"async\" class=\"alignnone wp-image-2395 size-large\" src=\"https:\/\/chinacustomboxes.com\/wp-content\/uploads\/2025\/09\/Cosmetic-Paackaging-boxes-5-1024x1024.jpg\" alt=\"Make-up-Kosmetik-Verpackungsschachteln\" width=\"1024\" height=\"1024\" title=\"\" srcset=\"https:\/\/chinacustomboxes.com\/wp-content\/uploads\/2025\/09\/Cosmetic-Paackaging-boxes-5-1024x1024.jpg 1024w, https:\/\/chinacustomboxes.com\/wp-content\/uploads\/2025\/09\/Cosmetic-Paackaging-boxes-5-300x300.jpg 300w, https:\/\/chinacustomboxes.com\/wp-content\/uploads\/2025\/09\/Cosmetic-Paackaging-boxes-5-150x150.jpg 150w, https:\/\/chinacustomboxes.com\/wp-content\/uploads\/2025\/09\/Cosmetic-Paackaging-boxes-5-768x768.jpg 768w, https:\/\/chinacustomboxes.com\/wp-content\/uploads\/2025\/09\/Cosmetic-Paackaging-boxes-5-1536x1536.jpg 1536w, https:\/\/chinacustomboxes.com\/wp-content\/uploads\/2025\/09\/Cosmetic-Paackaging-boxes-5-12x12.jpg 12w, https:\/\/chinacustomboxes.com\/wp-content\/uploads\/2025\/09\/Cosmetic-Paackaging-boxes-5-600x600.jpg 600w, https:\/\/chinacustomboxes.com\/wp-content\/uploads\/2025\/09\/Cosmetic-Paackaging-boxes-5-100x100.jpg 100w, https:\/\/chinacustomboxes.com\/wp-content\/uploads\/2025\/09\/Cosmetic-Paackaging-boxes-5.jpg 1920w\" sizes=\"(max-width: 1024px) 100vw, 1024px\" \/><\/p>\n<h2 id=\"-1-cutting-edge-bi-fold-door-framework-develops-a-phenomenal-unboxing-experience-\"><strong>1. Der hochmoderne Rahmen der Faltt\u00fcr erm\u00f6glicht ein ph\u00e4nomenales Auspackerlebnis\u00a0<\/strong><\/h2>\n<p>Diese \u00e4sthetische Verpackung greift die Struktur der zweifach gefalteten Schachteln auf, die typischerweise in <a href=\"https:\/\/chinacustomboxes.com\/de\/\">Premium-Geschenkboxen<\/a>Dadurch entsteht ein einzigartiges Gef\u00fchl der Routine und ein Gef\u00fchl der Erkundung f\u00fcr die Kunden, wodurch der Wert des Produkts und des Markenbildes erheblich gesteigert wird. Das Doppelt\u00fcr-Design erm\u00f6glicht es, die Artikel im Inneren vollst\u00e4ndig und deutlich f\u00fcr die Kunden zu zeigen, ein klares Format und bequemen Zugang zu geben, die Verbesserung der Artikel Anzeige Bildschirm Erfahrung. Das Kartonmaterial in Kombination mit der innovativen Struktur macht die Verpackung unglaublich robust und sch\u00fctzt die zerbrechlichen Kosmetika im Inneren effektiv vor Besch\u00e4digungen w\u00e4hrend des Transports und der Lagerung.<\/p>\n<h2 id=\"-2-meticulously-picked-high-quality-base-materials-develop-a-premium-appearance-\"><strong>2. Sorgf\u00e4ltig ausgew\u00e4hlte, hochwertige Grundmaterialien sorgen f\u00fcr ein erstklassiges Erscheinungsbild\u00a0<\/strong><\/h2>\n<p>Die Produktauswahl f\u00fcr<a href=\"https:\/\/chinacustomboxes.com\/de\/boxes-by-shapes\/\"> starre K\u00e4sten<\/a> f\u00fcr Make-up-Kosmetikverpackungen ist die Grundlage f\u00fcr ihr erstklassiges Aussehen und ihre Schutzfunktion. Das Grundger\u00fcst der Schachteln besteht aus schwerem, hochfestem Graukarton oder Pappe, der f\u00fcr Festigkeit und Belastbarkeit sorgt und somit weniger anf\u00e4llig f\u00fcr Verformungen ist. Die \u00e4u\u00dfere Schicht kann mit hochwertigem gestrichenem Papier, mattem Papier oder Spezialpapier \u00fcberzogen sein. Diese Papiere bieten eine glatte und zerbrechliche Oberfl\u00e4che, eine hohe Farbwiedergabe und eine angenehme Haptik und bilden damit eine hervorragende Grundlage f\u00fcr die sp\u00e4tere Bearbeitung.<\/p>\n<p><img decoding=\"async\" class=\"alignnone wp-image-2394 size-large\" src=\"https:\/\/chinacustomboxes.com\/wp-content\/uploads\/2025\/09\/Cosmetic-Paackaging-boxes-4-1024x1024.jpg\" alt=\"Make-up-Kosmetik-Verpackungsschachteln\" width=\"1024\" height=\"1024\" title=\"\" srcset=\"https:\/\/chinacustomboxes.com\/wp-content\/uploads\/2025\/09\/Cosmetic-Paackaging-boxes-4-1024x1024.jpg 1024w, https:\/\/chinacustomboxes.com\/wp-content\/uploads\/2025\/09\/Cosmetic-Paackaging-boxes-4-300x300.jpg 300w, https:\/\/chinacustomboxes.com\/wp-content\/uploads\/2025\/09\/Cosmetic-Paackaging-boxes-4-150x150.jpg 150w, https:\/\/chinacustomboxes.com\/wp-content\/uploads\/2025\/09\/Cosmetic-Paackaging-boxes-4-768x768.jpg 768w, https:\/\/chinacustomboxes.com\/wp-content\/uploads\/2025\/09\/Cosmetic-Paackaging-boxes-4-1536x1536.jpg 1536w, https:\/\/chinacustomboxes.com\/wp-content\/uploads\/2025\/09\/Cosmetic-Paackaging-boxes-4-12x12.jpg 12w, https:\/\/chinacustomboxes.com\/wp-content\/uploads\/2025\/09\/Cosmetic-Paackaging-boxes-4-600x600.jpg 600w, https:\/\/chinacustomboxes.com\/wp-content\/uploads\/2025\/09\/Cosmetic-Paackaging-boxes-4-100x100.jpg 100w, https:\/\/chinacustomboxes.com\/wp-content\/uploads\/2025\/09\/Cosmetic-Paackaging-boxes-4.jpg 1920w\" sizes=\"(max-width: 1024px) 100vw, 1024px\" \/><\/p>\n<h2 id=\"-3-charming-craftsmanship-builds-a-brand-s-distinctive-taste-\"><strong>3. Charmante Handwerkskunst sorgt f\u00fcr den unverwechselbaren Geschmack einer Marke\u00a0<\/strong><\/h2>\n<p>Eine sch\u00f6ne handwerkliche Verarbeitung ist f\u00fcr die Erzielung von Designeffekten und die Qualit\u00e4t der Verpackung unerl\u00e4sslich. Bei dieser Make-up-Kosmetikset-Produktverpackung werden eine Reihe innovativer Druck- und Veredelungsverfahren eingesetzt:.<\/p>\n<ul>\n<li><strong>Hochaufl\u00f6sender Druck:\u00a0<\/strong>Die Artikelvorstellung und das Portr\u00e4t auf der R\u00fcckseite der Verpackung weisen zarte Schattierungen und flie\u00dfende \u00dcberg\u00e4nge auf und zeugen von hoher Druckpr\u00e4zision.<\/li>\n<li><strong>Hei\u00dfpr\u00e4gen:\u00a0<\/strong>Ein Teil des Textes ist hei\u00dfgepr\u00e4gt, was einen edlen Metallglanz erzeugt und den Wiedererkennungswert des Markennamens und das Gef\u00fchl von Luxus erheblich verbessert.<\/li>\n<li><strong>Pr\u00e4zisionsumformung:\u00a0<\/strong>Die Kanten und Ecken der Schachteln sind scharf und kantig, dank einer pr\u00e4zisen Stanzung und V-Rillung, die es dem Karton erm\u00f6glicht, nach dem Falten ideale 90-Grad-Winkel zu bilden, was zu einem sauberen und sch\u00f6nen Aussehen f\u00fchrt.<\/li>\n<\/ul>\n<h2 id=\"-4-timeless-color-combination-catches-consumers-focus-\"><strong>4. Zeitlose Farbkombination zieht die Aufmerksamkeit der Verbraucher auf sich\u00a0<\/strong><\/h2>\n<p>Diese <a href=\"https:\/\/chinacustomboxes.com\/de\/boxes-by-industries\/\">Verpackungskisten<\/a> verwendet eine klassische Kombination aus Wei\u00df und Rosa. Wei\u00df als Grundfarbe sorgt f\u00fcr ein reines, einfaches und innovatives Erscheinungsbild. Rosa als Akzentfarbe auf der Zellauskleidung und den Seiten verleiht dem Produkt einen weichen, bezaubernden und weiblichen Touch, der die visuellen Vorlieben der Zielgruppe perfekt widerspiegelt. Die durchg\u00e4ngig rosafarbene Farbgebung, von den Seiten der Au\u00dfenboxen bis zum Rand der Innenh\u00fclle und der Auskleidung, ergibt ein harmonisches und konstantes Gesamtdesign, das ein \u00e4sthetisch ansprechendes und professionelles Erscheinungsbild erzeugt.<\/p>\n<p><img decoding=\"async\" class=\"alignnone wp-image-2393 size-large\" src=\"https:\/\/chinacustomboxes.com\/wp-content\/uploads\/2025\/09\/Cosmetic-Paackaging-boxes-3-1024x1024.jpg\" alt=\"Make-up-Kosmetik-Verpackungsschachteln\" width=\"1024\" height=\"1024\" title=\"\" srcset=\"https:\/\/chinacustomboxes.com\/wp-content\/uploads\/2025\/09\/Cosmetic-Paackaging-boxes-3-1024x1024.jpg 1024w, https:\/\/chinacustomboxes.com\/wp-content\/uploads\/2025\/09\/Cosmetic-Paackaging-boxes-3-300x300.jpg 300w, https:\/\/chinacustomboxes.com\/wp-content\/uploads\/2025\/09\/Cosmetic-Paackaging-boxes-3-150x150.jpg 150w, https:\/\/chinacustomboxes.com\/wp-content\/uploads\/2025\/09\/Cosmetic-Paackaging-boxes-3-768x768.jpg 768w, https:\/\/chinacustomboxes.com\/wp-content\/uploads\/2025\/09\/Cosmetic-Paackaging-boxes-3-1536x1536.jpg 1536w, https:\/\/chinacustomboxes.com\/wp-content\/uploads\/2025\/09\/Cosmetic-Paackaging-boxes-3-12x12.jpg 12w, https:\/\/chinacustomboxes.com\/wp-content\/uploads\/2025\/09\/Cosmetic-Paackaging-boxes-3-600x600.jpg 600w, https:\/\/chinacustomboxes.com\/wp-content\/uploads\/2025\/09\/Cosmetic-Paackaging-boxes-3-100x100.jpg 100w, https:\/\/chinacustomboxes.com\/wp-content\/uploads\/2025\/09\/Cosmetic-Paackaging-boxes-3.jpg 1919w\" sizes=\"(max-width: 1024px) 100vw, 1024px\" \/><\/p>\n<h2 id=\"-5-inventive-design-information-enhance-interaction-and-link-\"><strong>5. Erfindungsreiche Design-Informationen verbessern die Interaktion und Verkn\u00fcpfung\u00a0<\/strong><\/h2>\n<ul>\n<li><strong>\u00d6ffnung im Umschlagstil:\u00a0<\/strong>Die Vorderseite der Au\u00dfenverpackungen in Form eines Briefumschlags ist schlicht, aber trendig und fordert die Kunden auf, die Verpackungen zu \u00f6ffnen und bietet Interaktivit\u00e4t und Spa\u00df.<\/li>\n<li><strong>Integrierter QR-Code:\u00a0<\/strong>Ein QR-Code auf der Innenseite der Schachteln, ein \u00fcbliches Merkmal moderner Verpackungen, leitet die Verbraucher zum Scannen an, um weitere Produktdetails, p\u00e4dagogische Anleitungen oder Veranstaltungen der Marke zu finden, und schl\u00e4gt so eine wichtige Br\u00fccke zwischen Online und Offline.<\/li>\n<\/ul>\n<p><img loading=\"lazy\" decoding=\"async\" class=\"alignnone wp-image-2392 size-large\" src=\"https:\/\/chinacustomboxes.com\/wp-content\/uploads\/2025\/09\/Cosmetic-Paackaging-boxes-2-1024x1024.jpg\" alt=\"Make-up-Kosmetik-Verpackungsschachteln\" width=\"1024\" height=\"1024\" title=\"\" srcset=\"https:\/\/chinacustomboxes.com\/wp-content\/uploads\/2025\/09\/Cosmetic-Paackaging-boxes-2-1024x1024.jpg 1024w, https:\/\/chinacustomboxes.com\/wp-content\/uploads\/2025\/09\/Cosmetic-Paackaging-boxes-2-300x300.jpg 300w, https:\/\/chinacustomboxes.com\/wp-content\/uploads\/2025\/09\/Cosmetic-Paackaging-boxes-2-150x150.jpg 150w, https:\/\/chinacustomboxes.com\/wp-content\/uploads\/2025\/09\/Cosmetic-Paackaging-boxes-2-768x768.jpg 768w, https:\/\/chinacustomboxes.com\/wp-content\/uploads\/2025\/09\/Cosmetic-Paackaging-boxes-2-1536x1536.jpg 1536w, https:\/\/chinacustomboxes.com\/wp-content\/uploads\/2025\/09\/Cosmetic-Paackaging-boxes-2-12x12.jpg 12w, https:\/\/chinacustomboxes.com\/wp-content\/uploads\/2025\/09\/Cosmetic-Paackaging-boxes-2-600x600.jpg 600w, https:\/\/chinacustomboxes.com\/wp-content\/uploads\/2025\/09\/Cosmetic-Paackaging-boxes-2-100x100.jpg 100w, https:\/\/chinacustomboxes.com\/wp-content\/uploads\/2025\/09\/Cosmetic-Paackaging-boxes-2.jpg 1920w\" sizes=\"(max-width: 1024px) 100vw, 1024px\" \/><\/p>\n<h2 id=\"-6-specialist-lining-for-product-protection-\"><strong>6. Spezialauskleidung f\u00fcr den Produktschutz\u00a0<\/strong><\/h2>\n<p>Die Innenauskleidung dieser <a href=\"https:\/\/chinacustomboxes.com\/de\/cosmetic-packaging-boxes\/\">makeup kosmetik set produkt verpackungsboxen<\/a> besteht aus hochdichtem EVA, das genau an die Form des Artikels angepasst ist. Dieses Material bietet hervorragende Polsterungs- und Sto\u00dfd\u00e4mpfungseigenschaften, h\u00e4lt jedes Produkt fest in Position und sch\u00fctzt vor Resonanz und Auswirkungen.<\/p>\n<h2 id=\"-7-comprehensive-and-highly-personalized-to-meet-private-demands-\"><strong>7. Umfassend und hochgradig personalisiert, um private Bed\u00fcrfnisse zu erf\u00fcllen\u00a0<\/strong><\/h2>\n<p>Diese steifen Verpackungen f\u00fcr Make-up-Kosmetik sind ein Paradebeispiel f\u00fcr hohe Modifikation. Ob es sich um den Verpackungsrahmen, die Abmessungen, die Materialoptionen, den gedruckten Inhalt (Markenlogo, Slogan, Artikelinformationen usw.) oder den Schlitz der Auskleidung handelt, wir k\u00f6nnen sie auf Ihre spezifischen Bed\u00fcrfnisse zuschneiden und die individuellen Anforderungen verschiedener Marken und Produkte vollst\u00e4ndig erf\u00fcllen.<\/p>\n<p><img loading=\"lazy\" decoding=\"async\" class=\"alignnone wp-image-2391 size-large\" src=\"https:\/\/chinacustomboxes.com\/wp-content\/uploads\/2025\/09\/Cosmetic-Paackaging-boxes-1-1024x1024.jpg\" alt=\"Make-up-Kosmetik-Verpackungsschachteln\" width=\"1024\" height=\"1024\" title=\"\" srcset=\"https:\/\/chinacustomboxes.com\/wp-content\/uploads\/2025\/09\/Cosmetic-Paackaging-boxes-1-1024x1024.jpg 1024w, https:\/\/chinacustomboxes.com\/wp-content\/uploads\/2025\/09\/Cosmetic-Paackaging-boxes-1-300x300.jpg 300w, https:\/\/chinacustomboxes.com\/wp-content\/uploads\/2025\/09\/Cosmetic-Paackaging-boxes-1-150x150.jpg 150w, https:\/\/chinacustomboxes.com\/wp-content\/uploads\/2025\/09\/Cosmetic-Paackaging-boxes-1-768x768.jpg 768w, https:\/\/chinacustomboxes.com\/wp-content\/uploads\/2025\/09\/Cosmetic-Paackaging-boxes-1-1536x1536.jpg 1536w, https:\/\/chinacustomboxes.com\/wp-content\/uploads\/2025\/09\/Cosmetic-Paackaging-boxes-1-12x12.jpg 12w, https:\/\/chinacustomboxes.com\/wp-content\/uploads\/2025\/09\/Cosmetic-Paackaging-boxes-1-600x600.jpg 600w, https:\/\/chinacustomboxes.com\/wp-content\/uploads\/2025\/09\/Cosmetic-Paackaging-boxes-1-100x100.jpg 100w, https:\/\/chinacustomboxes.com\/wp-content\/uploads\/2025\/09\/Cosmetic-Paackaging-boxes-1.jpg 1919w\" sizes=\"(max-width: 1024px) 100vw, 1024px\" \/><\/p>\n<h2 id=\"-8-1-hour-sample-turnaround-shows-superior-manufacturing-capabilities-\"><strong>8. \"1-Stunden-Musterumlauf\" zeigt \u00fcberlegene Fertigungskapazit\u00e4ten\u00a0<\/strong><\/h2>\n<p>Der \"1-Hour Example Turn-around\" beweist die hohe Reaktionsf\u00e4higkeit und die Proofing-Kapazit\u00e4ten des Herstellers. Dies deutet darauf hin, dass die Produktionsst\u00e4tte \u00fcber ein zuverl\u00e4ssiges Styling-Team, digitale Proofing-Ger\u00e4te und innovative Fertigungsverfahren verf\u00fcgt, die es uns erm\u00f6glichen, die Layout-Prinzipien des Kunden in k\u00fcrzester Zeit in physische Muster umzuwandeln, was den Entscheidungsprozess erheblich verk\u00fcrzt und die Markteinf\u00fchrung beschleunigt.<\/p>","protected":false},"excerpt":{"rendered":"<p>Entdecken Sie unsere personalisierten Gro\u00dfhandelsverpackungen aus Karton, die speziell f\u00fcr Charme-Marken angefertigt werden. Dieses Geschenk-Boxen, mit seiner speziellen bifold T\u00fcr-Layout, produziert nicht nur eine au\u00dfergew\u00f6hnliche unboxing Erfahrung f\u00fcr Ihre Kosmetik-Set, noch zus\u00e4tzlich bietet au\u00dfergew\u00f6hnliche Artikel Sicherheit durch seine robuste Struktur und genaue EVA zellul\u00e4ren Futter. Wir verwenden eine Vielzahl von ausgefeilten Techniken, einschlie\u00dflich hochaufl\u00f6sendem Druck und Hei\u00dfpr\u00e4gung, in Verbindung mit einem ausgekl\u00fcgelten wei\u00df-rosa Farbmuster, um die \u00fcberlegene Qualit\u00e4t Ihres Markennamens voll zur Geltung zu bringen. Wir unterst\u00fctzen die vollst\u00e4ndige \u00c4nderung von Abmessungen, Produkt und Druck und bieten eine schnelle L\u00f6sung mit \"Beispielproduktion innerhalb von 1 Stunde\", was ein hervorragender Verpackungsdienst f\u00fcr Sie ist, um den Wert Ihres Markennamens zu steigern und Kunden anzuziehen.<\/p>","protected":false},"featured_media":2391,"template":"","meta":{"_kad_post_transparent":"default","_kad_post_title":"","_kad_post_layout":"default","_kad_post_sidebar_id":"","_kad_post_content_style":"default","_kad_post_vertical_padding":"default","_kad_post_feature":"","_kad_post_feature_position":"","_kad_post_header":false,"_kad_post_footer":false,"_kad_post_classname":""},"product_brand":[],"product_cat":[15,17,28,23],"product_tag":[593,591,592],"class_list":{"0":"post-2390","1":"product","2":"type-product","3":"status-publish","4":"has-post-thumbnail","6":"product_cat-boxes-by-shapes","7":"product_cat-boxes-by-industries","8":"product_cat-cosmetic-packaging-boxes","9":"product_cat-unusual-shaped-boxes","10":"product_tag-cosmetic-set-boxes-wholesale","11":"product_tag-custom-makeup-boxes","12":"product_tag-packaging-rigid-boxes","14":"first","15":"instock","16":"shipping-taxable","17":"product-type-simple","18":"entry","19":"content-bg","20":"loop-entry"},"_links":{"self":[{"href":"https:\/\/chinacustomboxes.com\/de\/wp-json\/wp\/v2\/product\/2390","targetHints":{"allow":["GET"]}}],"collection":[{"href":"https:\/\/chinacustomboxes.com\/de\/wp-json\/wp\/v2\/product"}],"about":[{"href":"https:\/\/chinacustomboxes.com\/de\/wp-json\/wp\/v2\/types\/product"}],"wp:featuredmedia":[{"embeddable":true,"href":"https:\/\/chinacustomboxes.com\/de\/wp-json\/wp\/v2\/media\/2391"}],"wp:attachment":[{"href":"https:\/\/chinacustomboxes.com\/de\/wp-json\/wp\/v2\/media?parent=2390"}],"wp:term":[{"taxonomy":"product_brand","embeddable":true,"href":"https:\/\/chinacustomboxes.com\/de\/wp-json\/wp\/v2\/product_brand?post=2390"},{"taxonomy":"product_cat","embeddable":true,"href":"https:\/\/chinacustomboxes.com\/de\/wp-json\/wp\/v2\/product_cat?post=2390"},{"taxonomy":"product_tag","embeddable":true,"href":"https:\/\/chinacustomboxes.com\/de\/wp-json\/wp\/v2\/product_tag?post=2390"}],"curies":[{"name":"wp","href":"https:\/\/api.w.org\/{rel}","templated":true}]}}