{"id":1041,"date":"2025-04-16T05:34:12","date_gmt":"2025-04-16T05:34:12","guid":{"rendered":"https:\/\/chinacustomboxes.com\/?post_type=product&#038;p=1041"},"modified":"2025-04-30T01:44:05","modified_gmt":"2025-04-30T01:44:05","slug":"collapsible-magnetic-gifts-box-for-christmas-promotional","status":"publish","type":"product","link":"https:\/\/chinacustomboxes.com\/es\/collapsible-magnetic-gifts-box-for-christmas-promotional\/","title":{"rendered":"Caja magn\u00e9tica plegable para regalos de Navidad Promocional"},"content":{"rendered":"<h2 id=\"1-geometric-aesthetics-and-functional-innovation-\">1.\u00a0<strong>Est\u00e9tica geom\u00e9trica e innovaci\u00f3n funcional<\/strong><\/h2>\n<ul>\n<li><strong>Estructura poliedro innovadora<\/strong>: Adoptando un dise\u00f1o geom\u00e9trico s\u00f3lido de 12 lados, rompiendo las limitaciones del tipo de caja cuadrada\/circular tradicional, la superficie de plegado angular forma un efecto est\u00e9tico visual estratificado y escultural. La estructura de soporte de optimizaci\u00f3n mec\u00e1nica incorporada garantiza el mantenimiento de la rigidez tras el plegado, y la resistencia a la compresi\u00f3n aumenta en 35%.<\/li>\n<li><strong>Sistema de plegado din\u00e1mico<\/strong>: El cuerpo de la caja admite un plegado libre de 360\u00b0, y el \u00e1ngulo y la profundidad de la l\u00ednea de plegado se controlan con precisi\u00f3n mediante la tecnolog\u00eda de hendido por troquelado. Tras el plegado, el volumen se reduce a 1\/6 del estado desplegado, y el \u00edndice de ocupaci\u00f3n del espacio de almacenamiento se reduce en 58%.<\/li>\n<\/ul>\n<h2 id=\"2-environmental-protection-and-sustainability-\">2.\u00a0<strong>Protecci\u00f3n del medio ambiente y sostenibilidad<\/strong><\/h2>\n<ul>\n<li><strong>Materiales con certificaci\u00f3n FSC<\/strong>: 100% Se selecciona papel cart\u00f3n gris de 1,5 mm de grosor con certificaci\u00f3n FSC, y la superficie se recubre con un revestimiento mate al agua respetuoso con el medio ambiente, lo que proporciona un informe de gesti\u00f3n forestal con trazabilidad de la fuente, que cumple las normas de exenci\u00f3n de impuestos sobre pl\u00e1sticos de la UE.<\/li>\n<li><strong>Dise\u00f1o de econom\u00eda circular<\/strong>: Admite al menos 20 veces de plegado y ensamblado no destructivo, y puede ser 100% reciclado o compostado industrialmente despu\u00e9s del desguace, con una huella de carbono 42% inferior a la de los tradicionales. <a href=\"https:\/\/chinacustomboxes.com\/es\/oem-odm-rigid-slide-drawer-style-jewelry-earring-gift-boxes\/\">cajas de regalo<\/a>.<\/li>\n<\/ul>\n<h2 id=\"3-intelligent-interactive-experience-\">3.\u00a0<strong>Experiencia interactiva inteligente<\/strong><\/h2>\n<ul>\n<li><strong>Sistema magn\u00e9tico de hebilla r\u00e1pida<\/strong>: Los imanes de alta precisi\u00f3n est\u00e1n incrustados en las articulaciones clave del cuerpo de la caja para lograr la apertura y el cierre de \"un toque\" en cuesti\u00f3n de segundos, y la eficiencia operativa es 3 veces mayor que la de la estructura de leng\u00fceta tradicional.<\/li>\n<li><strong>Mejora del reconocimiento de marca<\/strong>: La adopci\u00f3n de un solo dise\u00f1o de color naranja, con un proceso de plata caliente LOGO minimalista, el control de la diferencia de color \u0394E\u22641,5, el reconocimiento de la pantalla al por menor se incrementa en 70%.<\/li>\n<\/ul>\n<h2 id=\"4-application-scenarios-and-value-\">4.<strong>Escenarios de aplicaci\u00f3n y valor<\/strong><\/h2>\n<ul>\n<li><strong>Marketing de marca<\/strong>: El dise\u00f1o de color naranja y la estructura de poliedro forman un foco visual en el expositor del estante, y la estampaci\u00f3n en caliente personalizada realza la profundidad del recuerdo de la marca.<\/li>\n<li><strong>Optimizaci\u00f3n log\u00edstica<\/strong>: Tras el plegado, la capacidad de carga de una sola caja alcanza las 120 piezas, y el coste de transporte se reduce en 52% en comparaci\u00f3n con el tradicional. <a href=\"https:\/\/chinacustomboxes.com\/es\/private-label-luxury-cosmetic-lipstick-slide-out-gift-boxes\/\">cajas de regalo<\/a>.<\/li>\n<li><strong>Interacci\u00f3n con el usuario<\/strong>: Soporte DIY montaje secundario (como adornos de \u00e1rbol de Navidad, almacenamiento de escritorio), ampliar la <a href=\"https:\/\/chinacustomboxes.com\/es\/vendor-child-proof-empty-510-disposable-vape-pen-packaging\/\">envasado<\/a> y aumentar la fidelidad del usuario.<\/li>\n<\/ul>\n<h2 id=\"5-service-support-\">5.\u00a0<strong>Servicio de asistencia<\/strong><\/h2>\n<ul>\n<li><strong>Soluci\u00f3n a medida<\/strong>: Proporcionar una profunda personalizaci\u00f3n del tama\u00f1o, el dise\u00f1o del im\u00e1n, el proceso de impresi\u00f3n (impresi\u00f3n offset \/ UV mancha \/ oro l\u00e1mina de estampaci\u00f3n en caliente), la cantidad m\u00ednima de pedido de 500 piezas, 7-15 d\u00edas de entrega.<\/li>\n<li><strong>Apoyo a la certificaci\u00f3n medioambiental<\/strong>: Respaldar la factura FSC y el informe de huella de carbono para cumplir los requisitos de divulgaci\u00f3n ESG.<\/li>\n<\/ul>","protected":false},"excerpt":{"rendered":"<p>Esta caja de embalaje rompe el formato tradicional de las cajas de regalo, realza la estratificaci\u00f3n visual y el sentido tridimensional, y es adecuada para las necesidades de embalaje de productos de gama alta. El cuerpo de la caja se puede plegar de forma flexible, lo que reduce enormemente el volumen de almacenamiento y los costes de almacenamiento y transporte, y resulta c\u00f3modo de montar y utilizar repetidamente.<\/p>","protected":false},"featured_media":1042,"template":"","meta":{"_kad_post_transparent":"default","_kad_post_title":"","_kad_post_layout":"default","_kad_post_sidebar_id":"","_kad_post_content_style":"default","_kad_post_vertical_padding":"default","_kad_post_feature":"","_kad_post_feature_position":"","_kad_post_header":false,"_kad_post_footer":false,"_kad_post_classname":""},"product_brand":[],"product_cat":[15,17,22,18,42],"product_tag":[398,399,400],"class_list":{"0":"post-1041","1":"product","2":"type-product","3":"status-publish","4":"has-post-thumbnail","6":"product_cat-boxes-by-shapes","7":"product_cat-boxes-by-industries","8":"product_cat-collapsible-gift-boxes","9":"product_cat-magnetic-closure-boxes","10":"product_cat-promotion-gift-boxes","11":"product_tag-christmas-collapsible-gifts-box","12":"product_tag-magnetic-gifts-box","13":"product_tag-promotional-gifts-box","15":"first","16":"instock","17":"shipping-taxable","18":"product-type-simple","19":"entry","20":"content-bg","21":"loop-entry"},"_links":{"self":[{"href":"https:\/\/chinacustomboxes.com\/es\/wp-json\/wp\/v2\/product\/1041","targetHints":{"allow":["GET"]}}],"collection":[{"href":"https:\/\/chinacustomboxes.com\/es\/wp-json\/wp\/v2\/product"}],"about":[{"href":"https:\/\/chinacustomboxes.com\/es\/wp-json\/wp\/v2\/types\/product"}],"wp:featuredmedia":[{"embeddable":true,"href":"https:\/\/chinacustomboxes.com\/es\/wp-json\/wp\/v2\/media\/1042"}],"wp:attachment":[{"href":"https:\/\/chinacustomboxes.com\/es\/wp-json\/wp\/v2\/media?parent=1041"}],"wp:term":[{"taxonomy":"product_brand","embeddable":true,"href":"https:\/\/chinacustomboxes.com\/es\/wp-json\/wp\/v2\/product_brand?post=1041"},{"taxonomy":"product_cat","embeddable":true,"href":"https:\/\/chinacustomboxes.com\/es\/wp-json\/wp\/v2\/product_cat?post=1041"},{"taxonomy":"product_tag","embeddable":true,"href":"https:\/\/chinacustomboxes.com\/es\/wp-json\/wp\/v2\/product_tag?post=1041"}],"curies":[{"name":"wp","href":"https:\/\/api.w.org\/{rel}","templated":true}]}}