{"id":1132,"date":"2025-04-16T12:33:46","date_gmt":"2025-04-16T12:33:46","guid":{"rendered":"https:\/\/chinacustomboxes.com\/?post_type=product&#038;p=1132"},"modified":"2025-04-30T07:09:02","modified_gmt":"2025-04-30T07:09:02","slug":"rigid-glitter-paper-lid-and-base-jewelry-boxes-distributors","status":"publish","type":"product","link":"https:\/\/chinacustomboxes.com\/es\/rigid-glitter-paper-lid-and-base-jewelry-boxes-distributors\/","title":{"rendered":"Cajas de joyer\u00eda de tapa y base de papel con purpurina r\u00edgida Distribuidores"},"content":{"rendered":"<h2 id=\"1-classic-top-and-bottom-lid-structure-design-\">1.\u00a0<strong>Dise\u00f1o cl\u00e1sico de estructura de tapa superior e inferior<\/strong><\/h2>\n<p>La estructura anidada de las tapas superior e inferior tiene un ajuste preciso, una apertura y cierre suaves y un sellado excelente, lo que puede proteger eficazmente las joyas de gran valor de la erosi\u00f3n del polvo y la humedad. Algunos fabricantes utilizan m\u00e1quinas ranuradoras de seis lados y tecnolog\u00eda de prensado sin costuras para lograr costuras del cuerpo de la caja lisas y sin rebabas, mejorando el refinamiento general.<\/p>\n<p><img fetchpriority=\"high\" decoding=\"async\" class=\"alignnone wp-image-1137 size-full\" src=\"https:\/\/chinacustomboxes.com\/wp-content\/uploads\/2025\/04\/Glitter-Paper-Lid-and-Base-Box-5.jpg\" alt=\"Caja con tapa y base de papel con purpurina\" width=\"800\" height=\"800\" title=\"\" srcset=\"https:\/\/chinacustomboxes.com\/wp-content\/uploads\/2025\/04\/Glitter-Paper-Lid-and-Base-Box-5.jpg 800w, https:\/\/chinacustomboxes.com\/wp-content\/uploads\/2025\/04\/Glitter-Paper-Lid-and-Base-Box-5-300x300.jpg 300w, https:\/\/chinacustomboxes.com\/wp-content\/uploads\/2025\/04\/Glitter-Paper-Lid-and-Base-Box-5-150x150.jpg 150w, https:\/\/chinacustomboxes.com\/wp-content\/uploads\/2025\/04\/Glitter-Paper-Lid-and-Base-Box-5-768x768.jpg 768w, https:\/\/chinacustomboxes.com\/wp-content\/uploads\/2025\/04\/Glitter-Paper-Lid-and-Base-Box-5-12x12.jpg 12w, https:\/\/chinacustomboxes.com\/wp-content\/uploads\/2025\/04\/Glitter-Paper-Lid-and-Base-Box-5-600x600.jpg 600w, https:\/\/chinacustomboxes.com\/wp-content\/uploads\/2025\/04\/Glitter-Paper-Lid-and-Base-Box-5-100x100.jpg 100w\" sizes=\"(max-width: 800px) 100vw, 800px\" \/><\/p>\n<h2 id=\"2-material-and-visual-effects-\">2.\u00a0<strong>Material y efectos visuales<\/strong><\/h2>\n<p>El material Glitter Paper utiliza un proceso de revestimiento especial para conseguir un efecto din\u00e1mico de refracci\u00f3n de la luz, combinado con el dise\u00f1o de contrastes c\u00e1lidos y fr\u00edos del dorado <a href=\"https:\/\/chinacustomboxes.com\/es\/customized-child-resistant-rigid-paperboard-slider-box-supplier\/\">caja<\/a> cuerpo y lazo de cinta de raso mate, que no s\u00f3lo puede atraer la atenci\u00f3n visual, sino tambi\u00e9n a\u00f1adir elegancia. Fabricantes Impresi\u00f3n tambi\u00e9n mejorar la textura de la superficie a trav\u00e9s de la impresi\u00f3n UV y la tecnolog\u00eda de laminaci\u00f3n nacarado.<\/p>\n<p><img decoding=\"async\" class=\"alignnone wp-image-1133 size-full\" src=\"https:\/\/chinacustomboxes.com\/wp-content\/uploads\/2025\/04\/Glitter-Paper-Lid-and-Base-Box-1.jpg\" alt=\"Caja con tapa y base de papel con purpurina\" width=\"800\" height=\"800\" title=\"\" srcset=\"https:\/\/chinacustomboxes.com\/wp-content\/uploads\/2025\/04\/Glitter-Paper-Lid-and-Base-Box-1.jpg 800w, https:\/\/chinacustomboxes.com\/wp-content\/uploads\/2025\/04\/Glitter-Paper-Lid-and-Base-Box-1-300x300.jpg 300w, https:\/\/chinacustomboxes.com\/wp-content\/uploads\/2025\/04\/Glitter-Paper-Lid-and-Base-Box-1-150x150.jpg 150w, https:\/\/chinacustomboxes.com\/wp-content\/uploads\/2025\/04\/Glitter-Paper-Lid-and-Base-Box-1-768x768.jpg 768w, https:\/\/chinacustomboxes.com\/wp-content\/uploads\/2025\/04\/Glitter-Paper-Lid-and-Base-Box-1-12x12.jpg 12w, https:\/\/chinacustomboxes.com\/wp-content\/uploads\/2025\/04\/Glitter-Paper-Lid-and-Base-Box-1-600x600.jpg 600w, https:\/\/chinacustomboxes.com\/wp-content\/uploads\/2025\/04\/Glitter-Paper-Lid-and-Base-Box-1-100x100.jpg 100w\" sizes=\"(max-width: 800px) 100vw, 800px\" \/><\/p>\n<h2 id=\"3-functional-optimization-\">3.\u00a0<strong>Optimizaci\u00f3n funcional<\/strong><\/h2>\n<ul>\n<li><strong>Dise\u00f1o ergon\u00f3mico<\/strong>: La relaci\u00f3n entre la tapa y el <a href=\"https:\/\/chinacustomboxes.com\/es\/custom-hair-growth-essential-oil-cardboard-box-suppliers\/\">caja<\/a> El cuerpo ha sido optimizado mediante m\u00faltiples pruebas de apertura y cierre, y puede abrirse f\u00e1cilmente con una sola mano, con una experiencia de uso agradable.<\/li>\n<li><strong>Adaptabilidad espacial<\/strong>: Admite la personalizaci\u00f3n de las ranuras de revestimiento (como flocado, compartimentos de esponja), se adapta a joyas con formas especiales, como anillos y collares, y mejora el aprovechamiento del espacio.<\/li>\n<li><strong>Durabilidad<\/strong>: El cuerpo de la caja es de cart\u00f3n duro o materiales compuestos. Tras las pruebas realizadas, puede soportar la apertura y el cierre a largo plazo sin deformarse. La capa de purpurina tiene una fuerte adherencia y no hay riesgo de que se agriete.<\/li>\n<\/ul>\n<h2 id=\"4-personalized-adjustment-\">4.\u00a0<strong>Ajuste personalizado<\/strong><\/h2>\n<p>Admite el ajuste flexible de <a href=\"https:\/\/chinacustomboxes.com\/es\/custom-skin-care-beauty-oil-folding-cartons-box-wholesale\/\">caja<\/a> tama\u00f1o (cuadrado, rectangular, etc.), estampaci\u00f3n en caliente\/impresi\u00f3n serigr\u00e1fica del logotipo (principalmente estampaci\u00f3n en caliente con l\u00e1mina de oro y plata), y puede a\u00f1adir o quitar accesorios (cintas, hebillas magn\u00e9ticas, etc.). Por ejemplo, nuestro embalaje ofrece servicios de personalizaci\u00f3n de lotes peque\u00f1os, admite la impresi\u00f3n de LOGO y el dise\u00f1o de compartimentos de forro.<\/p>\n<h2 id=\"5-environmental-protection-and-intelligent-upgrade-\">5.\u00a0<strong>Protecci\u00f3n medioambiental y actualizaci\u00f3n inteligente<\/strong><\/h2>\n<p>Nuestra f\u00e1brica ha introducido materiales de papel respetuosos con el medio ambiente con certificaci\u00f3n FSC, y ha explorado la integraci\u00f3n de chips inteligentes o tecnolog\u00eda de c\u00f3digo QR para realizar la trazabilidad de los productos y funciones interactivas.<\/p>\n<p><img decoding=\"async\" class=\"alignnone wp-image-1136 size-full\" src=\"https:\/\/chinacustomboxes.com\/wp-content\/uploads\/2025\/04\/Glitter-Paper-Lid-and-Base-Box-4.jpg\" alt=\"Caja con tapa y base de papel con purpurina\" width=\"800\" height=\"800\" title=\"\" srcset=\"https:\/\/chinacustomboxes.com\/wp-content\/uploads\/2025\/04\/Glitter-Paper-Lid-and-Base-Box-4.jpg 800w, https:\/\/chinacustomboxes.com\/wp-content\/uploads\/2025\/04\/Glitter-Paper-Lid-and-Base-Box-4-300x300.jpg 300w, https:\/\/chinacustomboxes.com\/wp-content\/uploads\/2025\/04\/Glitter-Paper-Lid-and-Base-Box-4-150x150.jpg 150w, https:\/\/chinacustomboxes.com\/wp-content\/uploads\/2025\/04\/Glitter-Paper-Lid-and-Base-Box-4-768x768.jpg 768w, https:\/\/chinacustomboxes.com\/wp-content\/uploads\/2025\/04\/Glitter-Paper-Lid-and-Base-Box-4-12x12.jpg 12w, https:\/\/chinacustomboxes.com\/wp-content\/uploads\/2025\/04\/Glitter-Paper-Lid-and-Base-Box-4-600x600.jpg 600w, https:\/\/chinacustomboxes.com\/wp-content\/uploads\/2025\/04\/Glitter-Paper-Lid-and-Base-Box-4-100x100.jpg 100w\" sizes=\"(max-width: 800px) 100vw, 800px\" \/><\/p>\n<h2 id=\"6-high-value-product-packaging-\">6.\u00a0<strong>Envasado de productos de alto valor<\/strong><\/h2>\n<p>Adecuada principalmente para categor\u00edas como art\u00edculos de lujo, joyer\u00eda y cosm\u00e9tica de gama alta, tanto de exposici\u00f3n como de protecci\u00f3n.<\/p>","protected":false},"excerpt":{"rendered":"<p>La estructura cl\u00e1sica de la tapa y la caja base adopta un dise\u00f1o anidado de tapas superior e inferior, con gran ajuste, apertura y cierre suaves, buen sellado y mayor protecci\u00f3n del producto. El material de papel con purpurina presenta un efecto din\u00e1mico de parpadeo bajo la refracci\u00f3n de la luz, atrayendo instant\u00e1neamente la atenci\u00f3n visual. Adecuado para el envasado de productos de alto valor, como art\u00edculos de lujo, joyas, cosm\u00e9ticos, etc., con funcionalidad tanto de exposici\u00f3n como de almacenamiento.<\/p>","protected":false},"featured_media":1133,"template":"","meta":{"_kad_post_transparent":"default","_kad_post_title":"","_kad_post_layout":"default","_kad_post_sidebar_id":"","_kad_post_content_style":"default","_kad_post_vertical_padding":"default","_kad_post_feature":"","_kad_post_feature_position":"","_kad_post_header":false,"_kad_post_footer":false,"_kad_post_classname":""},"product_brand":[],"product_cat":[15,17,31,19],"product_tag":[440,99,439],"class_list":{"0":"post-1132","1":"product","2":"type-product","3":"status-publish","4":"has-post-thumbnail","6":"product_cat-boxes-by-shapes","7":"product_cat-boxes-by-industries","8":"product_cat-jewelry-packaging-boxes","9":"product_cat-lid-and-base-boxes","10":"product_tag-glitter-paper-jewelry-boxes","11":"product_tag-jewelry-rigid-boxes","12":"product_tag-lid-and-base-jewelry-boxes","14":"first","15":"instock","16":"shipping-taxable","17":"product-type-simple","18":"entry","19":"content-bg","20":"loop-entry"},"_links":{"self":[{"href":"https:\/\/chinacustomboxes.com\/es\/wp-json\/wp\/v2\/product\/1132","targetHints":{"allow":["GET"]}}],"collection":[{"href":"https:\/\/chinacustomboxes.com\/es\/wp-json\/wp\/v2\/product"}],"about":[{"href":"https:\/\/chinacustomboxes.com\/es\/wp-json\/wp\/v2\/types\/product"}],"wp:featuredmedia":[{"embeddable":true,"href":"https:\/\/chinacustomboxes.com\/es\/wp-json\/wp\/v2\/media\/1133"}],"wp:attachment":[{"href":"https:\/\/chinacustomboxes.com\/es\/wp-json\/wp\/v2\/media?parent=1132"}],"wp:term":[{"taxonomy":"product_brand","embeddable":true,"href":"https:\/\/chinacustomboxes.com\/es\/wp-json\/wp\/v2\/product_brand?post=1132"},{"taxonomy":"product_cat","embeddable":true,"href":"https:\/\/chinacustomboxes.com\/es\/wp-json\/wp\/v2\/product_cat?post=1132"},{"taxonomy":"product_tag","embeddable":true,"href":"https:\/\/chinacustomboxes.com\/es\/wp-json\/wp\/v2\/product_tag?post=1132"}],"curies":[{"name":"wp","href":"https:\/\/api.w.org\/{rel}","templated":true}]}}