{"id":1150,"date":"2025-04-16T13:14:34","date_gmt":"2025-04-16T13:14:34","guid":{"rendered":"https:\/\/chinacustomboxes.com\/?post_type=product&#038;p=1150"},"modified":"2025-04-30T07:05:15","modified_gmt":"2025-04-30T07:05:15","slug":"glitter-red-hot-foil-stamping-boxes-for-wig-hair-extension","status":"publish","type":"product","link":"https:\/\/chinacustomboxes.com\/es\/glitter-red-hot-foil-stamping-boxes-for-wig-hair-extension\/","title":{"rendered":"Glitter Rojo Hot Foil Estampaci\u00f3n Cajas para Peluca Extensi\u00f3n de cabello"},"content":{"rendered":"<h2 id=\"product-description-of-flashing-gold-stamping-magnetic-closure-wig-storage-box\">Descripci\u00f3n del producto de oro intermitente Estampaci\u00f3n Cierre magn\u00e9tico Peluca Caja de almacenamiento<\/h2>\n<h2 id=\"-1-magnetic-closure-system-the-perfect-combination-of-convenience-and-stability-\"><strong>1. Sistema de cierre magn\u00e9tico: La combinaci\u00f3n perfecta de comodidad y estabilidad<\/strong><\/h2>\n<p>Este producto adopta\u00a0<strong>Sistema de cierre magn\u00e9tico<\/strong>La tecnolog\u00eda de control magn\u00e9tico de precisi\u00f3n y la incorporaci\u00f3n de m\u00f3dulos de imanes potentes en la parte superior e inferior de la carcasa garantizan un rendimiento \u00f3ptimo. <a href=\"https:\/\/chinacustomboxes.com\/es\/custom-bath-soap-sleeve-slide-drawer-boxes-wholesale\/\">cajas<\/a> para lograr el toque y cierre con una sola mano, y la fuerza de adsorci\u00f3n tras el cierre puede alcanzar m\u00e1s de 3,5N, lo que garantiza que la caja sea estable y no se afloje durante el transporte o el uso a alta frecuencia. En comparaci\u00f3n con las hebillas tradicionales, el dise\u00f1o magn\u00e9tico evita el riesgo de desgaste mec\u00e1nico, y el dise\u00f1o de ranura magn\u00e9tica oculta hace que el aspecto sea sin protuberancias, lo que satisface los requisitos de los productos de gama alta para l\u00edneas sencillas.<\/p>\n<p><img fetchpriority=\"high\" decoding=\"async\" class=\"alignnone wp-image-1153 size-full\" src=\"https:\/\/chinacustomboxes.com\/wp-content\/uploads\/2025\/04\/Glitter-Paper-Red-Hot-Foil-Hair-Extension-Wig-Packaging-Box-4.jpg\" alt=\"Glitter Papel Rojo Caliente Foil Extensi\u00f3n de cabello Peluca Caja de embalaje\" width=\"750\" height=\"750\" title=\"\" srcset=\"https:\/\/chinacustomboxes.com\/wp-content\/uploads\/2025\/04\/Glitter-Paper-Red-Hot-Foil-Hair-Extension-Wig-Packaging-Box-4.jpg 750w, https:\/\/chinacustomboxes.com\/wp-content\/uploads\/2025\/04\/Glitter-Paper-Red-Hot-Foil-Hair-Extension-Wig-Packaging-Box-4-300x300.jpg 300w, https:\/\/chinacustomboxes.com\/wp-content\/uploads\/2025\/04\/Glitter-Paper-Red-Hot-Foil-Hair-Extension-Wig-Packaging-Box-4-150x150.jpg 150w, https:\/\/chinacustomboxes.com\/wp-content\/uploads\/2025\/04\/Glitter-Paper-Red-Hot-Foil-Hair-Extension-Wig-Packaging-Box-4-12x12.jpg 12w, https:\/\/chinacustomboxes.com\/wp-content\/uploads\/2025\/04\/Glitter-Paper-Red-Hot-Foil-Hair-Extension-Wig-Packaging-Box-4-600x600.jpg 600w, https:\/\/chinacustomboxes.com\/wp-content\/uploads\/2025\/04\/Glitter-Paper-Red-Hot-Foil-Hair-Extension-Wig-Packaging-Box-4-100x100.jpg 100w\" sizes=\"(max-width: 750px) 100vw, 750px\" \/><\/p>\n<h2 id=\"-2-one-handed-opening-and-closing-and-high-frequency-adaptability-\"><strong>2. Apertura y cierre con una sola mano y adaptabilidad de alta frecuencia<\/strong><\/h2>\n<p>El cuerpo de la caja abandona la estructura tradicional de hebilla y optimiza la l\u00f3gica de funcionamiento mediante la\u00a0<strong>sistema de apertura y cierre magn\u00e9tico asistido por muelle<\/strong>el usuario s\u00f3lo tiene que presionar con un dedo el punto de activaci\u00f3n situado en el lateral del cuerpo de la caja, la fuerza magn\u00e9tica se libera al instante y el muelle ayuda a la <a href=\"https:\/\/chinacustomboxes.com\/es\/custom-perfume-cosmetic-skincare-drawer-paper-boxes-factory\/\">caja<\/a> tapa para abrirse en un \u00e1ngulo de unos 30\u00b0. No se necesitan las dos manos para todo el proceso, lo que resulta especialmente adecuado para peluquer\u00edas, retransmisiones en directo y otras escenas en las que hay que coger y poner pelucas r\u00e1pidamente.<\/p>\n<p><img decoding=\"async\" class=\"alignnone wp-image-1152 size-full\" src=\"https:\/\/chinacustomboxes.com\/wp-content\/uploads\/2025\/04\/Glitter-Paper-Red-Hot-Foil-Hair-Extension-Wig-Packaging-Box-3.jpg\" alt=\"Glitter Papel Rojo Caliente Foil Extensi\u00f3n de cabello Peluca Caja de embalaje\" width=\"750\" height=\"750\" title=\"\" srcset=\"https:\/\/chinacustomboxes.com\/wp-content\/uploads\/2025\/04\/Glitter-Paper-Red-Hot-Foil-Hair-Extension-Wig-Packaging-Box-3.jpg 750w, https:\/\/chinacustomboxes.com\/wp-content\/uploads\/2025\/04\/Glitter-Paper-Red-Hot-Foil-Hair-Extension-Wig-Packaging-Box-3-300x300.jpg 300w, https:\/\/chinacustomboxes.com\/wp-content\/uploads\/2025\/04\/Glitter-Paper-Red-Hot-Foil-Hair-Extension-Wig-Packaging-Box-3-150x150.jpg 150w, https:\/\/chinacustomboxes.com\/wp-content\/uploads\/2025\/04\/Glitter-Paper-Red-Hot-Foil-Hair-Extension-Wig-Packaging-Box-3-12x12.jpg 12w, https:\/\/chinacustomboxes.com\/wp-content\/uploads\/2025\/04\/Glitter-Paper-Red-Hot-Foil-Hair-Extension-Wig-Packaging-Box-3-600x600.jpg 600w, https:\/\/chinacustomboxes.com\/wp-content\/uploads\/2025\/04\/Glitter-Paper-Red-Hot-Foil-Hair-Extension-Wig-Packaging-Box-3-100x100.jpg 100w\" sizes=\"(max-width: 750px) 100vw, 750px\" \/><\/p>\n<h2 id=\"-three-minimalist-geometry-and-space-utilization-\"><strong>3. Geometr\u00eda minimalista y aprovechamiento del espacio<\/strong><\/h2>\n<p>El cuerpo de la caja adopta\u00a0<strong>dise\u00f1o de geometr\u00eda hexa\u00e9drica<\/strong>, y los bordes y esquinas se transicionan con esquinas redondeadas R2, teniendo en cuenta tanto el sentido comercial resistente como el tacto seguro. La disposici\u00f3n interna se basa en particiones modulares, que pueden adaptarse a accesorios como pelucas y herramientas de cuidado. La tolerancia de mordida es de \u22640,1 mm al apilar, y el \u00edndice de ocupaci\u00f3n del espacio de transporte se reduce en 40% en comparaci\u00f3n con el tradicional <a href=\"https:\/\/chinacustomboxes.com\/es\/fabrication-cannabis-cbd-oil-packaging-custom-folding-carton\/\">envasado<\/a>. El grosor de la pared exterior es de 3 mm, y se seleccionan materiales compuestos ligeros, con una resistencia a la compresi\u00f3n de 50 kg, que satisface las necesidades del transporte a larga distancia.<\/p>\n<p><img decoding=\"async\" class=\"alignnone wp-image-1151 size-full\" src=\"https:\/\/chinacustomboxes.com\/wp-content\/uploads\/2025\/04\/Glitter-Paper-Red-Hot-Foil-Hair-Extension-Wig-Packaging-Box-1.jpg\" alt=\"Glitter Papel Rojo Caliente Foil Extensi\u00f3n de cabello Peluca Caja de embalaje\" width=\"750\" height=\"750\" title=\"\" srcset=\"https:\/\/chinacustomboxes.com\/wp-content\/uploads\/2025\/04\/Glitter-Paper-Red-Hot-Foil-Hair-Extension-Wig-Packaging-Box-1.jpg 750w, https:\/\/chinacustomboxes.com\/wp-content\/uploads\/2025\/04\/Glitter-Paper-Red-Hot-Foil-Hair-Extension-Wig-Packaging-Box-1-300x300.jpg 300w, https:\/\/chinacustomboxes.com\/wp-content\/uploads\/2025\/04\/Glitter-Paper-Red-Hot-Foil-Hair-Extension-Wig-Packaging-Box-1-150x150.jpg 150w, https:\/\/chinacustomboxes.com\/wp-content\/uploads\/2025\/04\/Glitter-Paper-Red-Hot-Foil-Hair-Extension-Wig-Packaging-Box-1-12x12.jpg 12w, https:\/\/chinacustomboxes.com\/wp-content\/uploads\/2025\/04\/Glitter-Paper-Red-Hot-Foil-Hair-Extension-Wig-Packaging-Box-1-600x600.jpg 600w, https:\/\/chinacustomboxes.com\/wp-content\/uploads\/2025\/04\/Glitter-Paper-Red-Hot-Foil-Hair-Extension-Wig-Packaging-Box-1-100x100.jpg 100w\" sizes=\"(max-width: 750px) 100vw, 750px\" \/><\/p>\n<h2 id=\"-four-high-end-visual-language-and-surface-technology-\"><strong>4. Lenguaje visual y tecnolog\u00eda de superficie de alta gama<\/strong><\/h2>\n<ol>\n<li><strong>Tecnolog\u00eda de color y estampaci\u00f3n en caliente<\/strong>: El cuerpo de la caja se basa en\u00a0<strong>revestimiento PET negro mate<\/strong>con grabado l\u00e1ser\u00a0<strong>rojo vivo dorado texto\/LOGO<\/strong>El contraste bicolor crea un foco visual que refuerza el reconocimiento de la marca.<\/li>\n<li><strong>Norma de precisi\u00f3n industrial<\/strong>: El cuerpo de la caja adopta\u00a0<strong>proceso de moldeo por inyecci\u00f3n sin costuras<\/strong>, la tolerancia de la junta se controla dentro de \u00b10,05 mm, el borde se pule con precisi\u00f3n mediante CNC, el tacto es suave y sin rebabas, y cumple la norma de tratamiento de superficies de los equipos m\u00e9dicos.<\/li>\n<\/ol>\n<h2 id=\"-v-customized-service-plan-\"><strong>5. Plan de servicio personalizado<\/strong><\/h2>\n<ol>\n<li><strong>Tama\u00f1o y estructura<\/strong>: Soporta alta personalizaci\u00f3n, proporciona tama\u00f1o personalizado, y tambi\u00e9n puede dise\u00f1ar el cuerpo de la caja de forma especial en la demanda.<\/li>\n<li><strong>Color y accesorios<\/strong>: Adem\u00e1s del cl\u00e1sico color negro y dorado, est\u00e1n disponibles 6 esquemas de estampaci\u00f3n en caliente, como oro champ\u00e1n y oro rosa, y admite espejo magn\u00e9tico incorporado, capa de silicona a prueba de humedad y otros accesorios.<\/li>\n<\/ol>\n<p><img loading=\"lazy\" decoding=\"async\" class=\"alignnone wp-image-1154 size-full\" src=\"https:\/\/chinacustomboxes.com\/wp-content\/uploads\/2025\/04\/Glitter-Paper-Red-Hot-Foil-Hair-Extension-Wig-Packaging-Box-5.jpg\" alt=\"Glitter Papel Rojo Caliente Foil Extensi\u00f3n de cabello Peluca Caja de embalaje\" width=\"750\" height=\"750\" title=\"\" srcset=\"https:\/\/chinacustomboxes.com\/wp-content\/uploads\/2025\/04\/Glitter-Paper-Red-Hot-Foil-Hair-Extension-Wig-Packaging-Box-5.jpg 750w, https:\/\/chinacustomboxes.com\/wp-content\/uploads\/2025\/04\/Glitter-Paper-Red-Hot-Foil-Hair-Extension-Wig-Packaging-Box-5-300x300.jpg 300w, https:\/\/chinacustomboxes.com\/wp-content\/uploads\/2025\/04\/Glitter-Paper-Red-Hot-Foil-Hair-Extension-Wig-Packaging-Box-5-150x150.jpg 150w, https:\/\/chinacustomboxes.com\/wp-content\/uploads\/2025\/04\/Glitter-Paper-Red-Hot-Foil-Hair-Extension-Wig-Packaging-Box-5-12x12.jpg 12w, https:\/\/chinacustomboxes.com\/wp-content\/uploads\/2025\/04\/Glitter-Paper-Red-Hot-Foil-Hair-Extension-Wig-Packaging-Box-5-600x600.jpg 600w, https:\/\/chinacustomboxes.com\/wp-content\/uploads\/2025\/04\/Glitter-Paper-Red-Hot-Foil-Hair-Extension-Wig-Packaging-Box-5-100x100.jpg 100w\" sizes=\"(max-width: 750px) 100vw, 750px\" \/><\/p>\n<h2 id=\"-six-applicable-scenarios-and-added-value-enhancement-\"><strong>6. Escenarios aplicables y aumento del valor a\u00f1adido<\/strong><\/h2>\n<p>Este producto puede integrarse perfectamente en el sistema de exposici\u00f3n de art\u00edculos de lujo, cosm\u00e9ticos de gama alta y otras categor\u00edas con su\u00a0<strong>lenguaje de dise\u00f1o empresarial<\/strong>\u00a0y\u00a0<strong>calidad industrial<\/strong>por ejemplo:<\/p>\n<ul>\n<li><strong>Contadores fuera de l\u00ednea<\/strong>: forman un conjunto visual unificado cuando se apilan para su visualizaci\u00f3n, mejorando la imagen del terminal;<\/li>\n<li><strong>Log\u00edstica de comercio electr\u00f3nico<\/strong>: reducen el \u00edndice de rotura y los costes de transporte gracias a su estructura resistente a la presi\u00f3n y su dise\u00f1o ligero;<\/li>\n<li><strong>Mercado de regalos<\/strong>: admiten la estampaci\u00f3n en caliente de logotipos exclusivos del cliente para crear cajas de regalo de marca compartida de alta gama.<\/li>\n<\/ul>","protected":false},"excerpt":{"rendered":"<p>El sistema de cierre magn\u00e9tico es f\u00e1cil de manejar y cierra con firmeza, lo que mejora la experiencia del usuario. No requiere hebillas complicadas y puede abrirse y cerrarse f\u00e1cilmente con una sola mano. Es adecuado para escenarios de uso de alta frecuencia. Las l\u00edneas son sencillas y ordenadas, el \u00edndice de utilizaci\u00f3n del espacio es alto, y es f\u00e1cil de apilar y transportar. La forma geom\u00e9trica regular confiere al producto un aire comercial de gama alta, adecuado para categor\u00edas de alto valor a\u00f1adido, como las pelucas.<\/p>","protected":false},"featured_media":1151,"template":"","meta":{"_kad_post_transparent":"default","_kad_post_title":"","_kad_post_layout":"default","_kad_post_sidebar_id":"","_kad_post_content_style":"default","_kad_post_vertical_padding":"default","_kad_post_feature":"","_kad_post_feature_position":"","_kad_post_header":false,"_kad_post_footer":false,"_kad_post_classname":""},"product_brand":[],"product_cat":[15,17,27,18,35],"product_tag":[449,448,447],"class_list":{"0":"post-1150","1":"product","2":"type-product","3":"status-publish","4":"has-post-thumbnail","6":"product_cat-boxes-by-shapes","7":"product_cat-boxes-by-industries","8":"product_cat-clamshell-boxes","9":"product_cat-magnetic-closure-boxes","10":"product_cat-wigs-packaging-boxes","11":"product_tag-custom-wig-boxes","12":"product_tag-hair-extension-boxes","13":"product_tag-wig-glitter-boxes","15":"first","16":"instock","17":"shipping-taxable","18":"product-type-simple","19":"entry","20":"content-bg","21":"loop-entry"},"_links":{"self":[{"href":"https:\/\/chinacustomboxes.com\/es\/wp-json\/wp\/v2\/product\/1150","targetHints":{"allow":["GET"]}}],"collection":[{"href":"https:\/\/chinacustomboxes.com\/es\/wp-json\/wp\/v2\/product"}],"about":[{"href":"https:\/\/chinacustomboxes.com\/es\/wp-json\/wp\/v2\/types\/product"}],"wp:featuredmedia":[{"embeddable":true,"href":"https:\/\/chinacustomboxes.com\/es\/wp-json\/wp\/v2\/media\/1151"}],"wp:attachment":[{"href":"https:\/\/chinacustomboxes.com\/es\/wp-json\/wp\/v2\/media?parent=1150"}],"wp:term":[{"taxonomy":"product_brand","embeddable":true,"href":"https:\/\/chinacustomboxes.com\/es\/wp-json\/wp\/v2\/product_brand?post=1150"},{"taxonomy":"product_cat","embeddable":true,"href":"https:\/\/chinacustomboxes.com\/es\/wp-json\/wp\/v2\/product_cat?post=1150"},{"taxonomy":"product_tag","embeddable":true,"href":"https:\/\/chinacustomboxes.com\/es\/wp-json\/wp\/v2\/product_tag?post=1150"}],"curies":[{"name":"wp","href":"https:\/\/api.w.org\/{rel}","templated":true}]}}