{"id":2148,"date":"2025-04-22T09:42:26","date_gmt":"2025-04-22T09:42:26","guid":{"rendered":"https:\/\/chinacustomboxes.com\/?post_type=product&#038;p=2148"},"modified":"2025-04-30T06:33:43","modified_gmt":"2025-04-30T06:33:43","slug":"double-door-open-gift-box-packaging-solution-for-perfume","status":"publish","type":"product","link":"https:\/\/chinacustomboxes.com\/es\/double-door-open-gift-box-packaging-solution-for-perfume\/","title":{"rendered":"Soluci\u00f3n de envasado en caja de regalo abierta de doble puerta para perfumes"},"content":{"rendered":"<h2 id=\"-double-door-perfume-gift-box-packaging-solution-\"><strong>Soluci\u00f3n de envasado en cajas de regalo de doble puerta para perfumes<\/strong><\/h2>\n<h2 id=\"-i-structural-design-dual-considerations-of-aesthetics-and-mechanics-\"><strong>I. Dise\u00f1o estructural: doble consideraci\u00f3n est\u00e9tica y mec\u00e1nica<\/strong><\/h2>\n<ol>\n<li><strong>Dise\u00f1o ritual de apertura de doble puerta<\/strong>\u00a0Se ha adoptado una estructura sim\u00e9trica de doble puerta, conectada por bisagras de precisi\u00f3n, con un \u00e1ngulo de apertura y cierre de 180\u00b0, que simula la experiencia de desembalar art\u00edculos de lujo. El borde del panel de la puerta est\u00e1 dise\u00f1ado con una hebilla magn\u00e9tica incrustada de 0,5 mm, que encaja a la perfecci\u00f3n cuando est\u00e1 cerrada y presenta un enfoque visual \"escenogr\u00e1fico\" cuando se abre, realzando la sensaci\u00f3n de ritual al abrir la caja.<\/li>\n<li><strong>Estructura de caja de gran estabilidad<\/strong>\u00a0El cuerpo de la caja est\u00e1 hecho de cinco capas de cart\u00f3n de n\u00facleo gris con alta resistencia a la compresi\u00f3n. Con el esqueleto de soporte transversal interno, puede soportar la presi\u00f3n vertical sin deformarse. El panel de la puerta y la base adoptan el proceso de uni\u00f3n de mortaja y espiga para garantizar la apertura y el cierre a largo plazo sin inclinaci\u00f3n.<\/li>\n<li><strong>Adaptaci\u00f3n mec\u00e1nica al espacio interior<\/strong>\u00a0Bas\u00e1ndose en el modelado 3D y el an\u00e1lisis de elementos finitos, la capa de soporte interna adopta un soporte interior de pl\u00e1stico, la profundidad de la ranura se adapta a la forma del frasco de perfume y no se produce ning\u00fan desplazamiento en la prueba de vibraci\u00f3n de inclinaci\u00f3n de 45\u00b0. El dise\u00f1o del revestimiento en capas admite la presentaci\u00f3n de varios frascos combinados.<\/li>\n<\/ol>\n<p><img fetchpriority=\"high\" decoding=\"async\" class=\"alignnone wp-image-2151 size-full\" src=\"https:\/\/chinacustomboxes.com\/wp-content\/uploads\/2025\/04\/two-door-open-gift-box-for-perfume-1.jpg\" alt=\"caja de regalo abierta de dos puertas\" width=\"800\" height=\"800\" title=\"\" srcset=\"https:\/\/chinacustomboxes.com\/wp-content\/uploads\/2025\/04\/two-door-open-gift-box-for-perfume-1.jpg 800w, https:\/\/chinacustomboxes.com\/wp-content\/uploads\/2025\/04\/two-door-open-gift-box-for-perfume-1-300x300.jpg 300w, https:\/\/chinacustomboxes.com\/wp-content\/uploads\/2025\/04\/two-door-open-gift-box-for-perfume-1-150x150.jpg 150w, https:\/\/chinacustomboxes.com\/wp-content\/uploads\/2025\/04\/two-door-open-gift-box-for-perfume-1-768x768.jpg 768w, https:\/\/chinacustomboxes.com\/wp-content\/uploads\/2025\/04\/two-door-open-gift-box-for-perfume-1-12x12.jpg 12w, https:\/\/chinacustomboxes.com\/wp-content\/uploads\/2025\/04\/two-door-open-gift-box-for-perfume-1-600x600.jpg 600w, https:\/\/chinacustomboxes.com\/wp-content\/uploads\/2025\/04\/two-door-open-gift-box-for-perfume-1-100x100.jpg 100w\" sizes=\"(max-width: 800px) 100vw, 800px\" \/><\/p>\n<h2 id=\"-second-craftsmanship-and-materials-high-end-texture-and-environmental-protection-\"><strong>2. Artesan\u00eda y materiales: textura de alta gama y protecci\u00f3n del medio ambiente.<\/strong><\/h2>\n<ol>\n<li><strong>Proceso de estampaci\u00f3n en caliente de 0,1 mm de precisi\u00f3n<\/strong>\u00a0La superficie del panel de la puerta utiliza pel\u00edcula de estampaci\u00f3n en caliente Kurz alemana, el error de precisi\u00f3n de sobreimpresi\u00f3n de la l\u00ednea es \u22640,08 mm, admite color degradado y efecto de relieve 3D, y ha superado 100.000 pruebas de fricci\u00f3n sin caerse. Hay disponibles 8 colores met\u00e1licos, como oro rosa y oro champ\u00e1n.<\/li>\n<li><strong>Cart\u00f3n ligero de alta resistencia<\/strong>\u00a0El material de base utiliza cart\u00f3n gris respetuoso con el medio ambiente con certificaci\u00f3n FSC (peso \u22651200g\/\u33a1), y la superficie est\u00e1 recubierta de pel\u00edcula t\u00e1ctil mate, que tiene las ventajas de la resistencia al desgarro y la reducci\u00f3n de peso 15%. Los vac\u00edos <a href=\"https:\/\/chinacustomboxes.com\/es\/customized-slider-child-resistant-box-rigid-boxes-wholesale\/\">caja<\/a> puede soportar hasta 8 kg. Cumple las normas de protecci\u00f3n medioambiental REACH de la UE y puede degradarse 100%.<\/li>\n<li><strong>Est\u00e9tica minimalista en negro puro<\/strong> El color principal es Negro, con tratamiento de superficie mate, reflectividad \u22645%, destacando el lujo de bajo perfil. La base de color negro es compatible con la estampaci\u00f3n en caliente, barniz UV local, grabado l\u00e1ser y otra superposici\u00f3n multiproceso, adecuado para los negocios, el arte, minimalista y otros tonos de marca.<\/li>\n<\/ol>\n<p><img decoding=\"async\" class=\"alignnone wp-image-2152 size-full\" src=\"https:\/\/chinacustomboxes.com\/wp-content\/uploads\/2025\/04\/two-door-open-gift-box-for-perfume-2.jpg\" alt=\"caja de regalo abierta de dos puertas\" width=\"800\" height=\"800\" title=\"\" srcset=\"https:\/\/chinacustomboxes.com\/wp-content\/uploads\/2025\/04\/two-door-open-gift-box-for-perfume-2.jpg 800w, https:\/\/chinacustomboxes.com\/wp-content\/uploads\/2025\/04\/two-door-open-gift-box-for-perfume-2-300x300.jpg 300w, https:\/\/chinacustomboxes.com\/wp-content\/uploads\/2025\/04\/two-door-open-gift-box-for-perfume-2-150x150.jpg 150w, https:\/\/chinacustomboxes.com\/wp-content\/uploads\/2025\/04\/two-door-open-gift-box-for-perfume-2-768x768.jpg 768w, https:\/\/chinacustomboxes.com\/wp-content\/uploads\/2025\/04\/two-door-open-gift-box-for-perfume-2-12x12.jpg 12w, https:\/\/chinacustomboxes.com\/wp-content\/uploads\/2025\/04\/two-door-open-gift-box-for-perfume-2-600x600.jpg 600w, https:\/\/chinacustomboxes.com\/wp-content\/uploads\/2025\/04\/two-door-open-gift-box-for-perfume-2-100x100.jpg 100w\" sizes=\"(max-width: 800px) 100vw, 800px\" \/><\/p>\n<h2 id=\"-three-customized-services-flexible-adaptation-in-all-dimensions-\"><strong>3. Servicios personalizados: adaptaci\u00f3n flexible en todas las dimensiones<\/strong><\/h2>\n<ol>\n<li><strong>Dise\u00f1o de ranura personalizado<\/strong>\u00a0Admite el revestimiento personalizado del tipo de botella de escaneado 3D, con una tolerancia de \u00b10,3 mm, adecuado para formas especiales, como botellas con formas especiales y botellas con relieve. Se a\u00f1aden almohadillas de silicona antideslizantes en la parte inferior de la ranura, y la prueba de transporte por inclinaci\u00f3n supera la norma ISTA 3A.<\/li>\n<li><strong>Opciones de personalizaci\u00f3n de enlaces completos<\/strong><\/li>\n<li><strong>Tipo de caja<\/strong>6 tipos b\u00e1sicos de cajas: de una capa, de dos capas, tipo caj\u00f3n, tipo libro, admiten la personalizaci\u00f3n de tama\u00f1os no est\u00e1ndar;<\/li>\n<li><strong>Material<\/strong>: 12 materiales de superficie opcionales, como imitaci\u00f3n de cuero, terciopelo y papel veteado;<\/li>\n<li><strong>Impresi\u00f3n<\/strong>: Admite procesos personalizados, como colores especiales Pantone, tinta fluorescente y recubrimiento de fragancia;<\/li>\n<li><strong>Accesorios<\/strong>: Puede combinarse con componentes de valor a\u00f1adido como cintas, hebillas magn\u00e9ticas y tiras de luz LED.<\/li>\n<\/ol>\n<h2 id=\"-iv-application-scenarios-and-value-\"><strong>4. Escenarios de aplicaci\u00f3n y valor<\/strong><\/h2>\n<ul>\n<li><strong>Aumento del valor de la marca<\/strong>: El dise\u00f1o ritual de apertura de la caja aumenta la retenci\u00f3n de clientes en 27% y la compartici\u00f3n en redes sociales en 40%;<\/li>\n<li><strong>Garant\u00eda de seguridad en el transporte<\/strong>: Super\u00f3 la prueba de ca\u00edda de 1,2 m, con un \u00edndice de rotura de &lt;0,5%;<\/li>\n<li><strong>Optimizaci\u00f3n de costes<\/strong>: El dise\u00f1o ligero reduce los costes log\u00edsticos en 12%, y la producci\u00f3n modular admite un pedido m\u00ednimo de 500 piezas.<\/li>\n<\/ul>\n<p><img decoding=\"async\" class=\"alignnone wp-image-2154 size-full\" src=\"https:\/\/chinacustomboxes.com\/wp-content\/uploads\/2025\/04\/two-door-open-gift-box-for-perfume-4.jpg\" alt=\"caja de regalo abierta de dos puertas\" width=\"800\" height=\"800\" title=\"\" srcset=\"https:\/\/chinacustomboxes.com\/wp-content\/uploads\/2025\/04\/two-door-open-gift-box-for-perfume-4.jpg 800w, https:\/\/chinacustomboxes.com\/wp-content\/uploads\/2025\/04\/two-door-open-gift-box-for-perfume-4-300x300.jpg 300w, https:\/\/chinacustomboxes.com\/wp-content\/uploads\/2025\/04\/two-door-open-gift-box-for-perfume-4-150x150.jpg 150w, https:\/\/chinacustomboxes.com\/wp-content\/uploads\/2025\/04\/two-door-open-gift-box-for-perfume-4-768x768.jpg 768w, https:\/\/chinacustomboxes.com\/wp-content\/uploads\/2025\/04\/two-door-open-gift-box-for-perfume-4-12x12.jpg 12w, https:\/\/chinacustomboxes.com\/wp-content\/uploads\/2025\/04\/two-door-open-gift-box-for-perfume-4-600x600.jpg 600w, https:\/\/chinacustomboxes.com\/wp-content\/uploads\/2025\/04\/two-door-open-gift-box-for-perfume-4-100x100.jpg 100w\" sizes=\"(max-width: 800px) 100vw, 800px\" \/><\/p>\n<h2 id=\"-case-study-\"><strong>Estudio de caso<\/strong><\/h2>\n<ul>\n<li><strong>Modelo conjunto de marca de lujo<\/strong>: Puerta doble a medida <a href=\"https:\/\/chinacustomboxes.com\/es\/vendor-luxury-two-pack-red-wine-double-side-open-gift-box\/\">caja de regalo<\/a> para una marca francesa, con un chip NFC incrustado en el forro, y el audio de la historia de la fragancia de la marca se activa autom\u00e1ticamente al abrir la caja;<\/li>\n<li><strong>Edici\u00f3n limitada de vacaciones<\/strong>: Con revestimiento de terciopelo negro + motivo de copo de nieve grabado con l\u00e1ser, combinado con apertura y cierre magn\u00e9ticos, las ventas navide\u00f1as aumentaron en 35%.<\/li>\n<\/ul>","protected":false},"excerpt":{"rendered":"<p>La estructura sim\u00e9trica de apertura y cierre del dise\u00f1o de doble puerta garantiza la estabilidad del cuerpo de la caja, evita la deformaci\u00f3n y la inclinaci\u00f3n, crea una sensaci\u00f3n de ceremonia de unboxing y mejora la experiencia de unboxing de perfumes de alta gama. Est\u00e1 dise\u00f1ada con negro puro como color principal, que es sencillo, generoso y de gama alta, y puede adaptarse a los tonos de diferentes marcas. El forro est\u00e1 dise\u00f1ado con ranuras espec\u00edficas para fijar con precisi\u00f3n el frasco de perfume y evitar que se agite durante el transporte o la exposici\u00f3n.<\/p>","protected":false},"featured_media":2151,"template":"","meta":{"_kad_post_transparent":"default","_kad_post_title":"","_kad_post_layout":"default","_kad_post_sidebar_id":"","_kad_post_content_style":"default","_kad_post_vertical_padding":"default","_kad_post_feature":"","_kad_post_feature_position":"","_kad_post_header":false,"_kad_post_footer":false,"_kad_post_classname":""},"product_brand":[],"product_cat":[15,17,34,23],"product_tag":[543,545,544],"class_list":{"0":"post-2148","1":"product","2":"type-product","3":"status-publish","4":"has-post-thumbnail","6":"product_cat-boxes-by-shapes","7":"product_cat-boxes-by-industries","8":"product_cat-perfume-packaging-boxes","9":"product_cat-unusual-shaped-boxes","10":"product_tag-double-door-open-gift-box","11":"product_tag-double-door-open-gift-box-for-perfume","12":"product_tag-gift-box-packaging-solution","14":"first","15":"instock","16":"shipping-taxable","17":"product-type-simple","18":"entry","19":"content-bg","20":"loop-entry"},"_links":{"self":[{"href":"https:\/\/chinacustomboxes.com\/es\/wp-json\/wp\/v2\/product\/2148","targetHints":{"allow":["GET"]}}],"collection":[{"href":"https:\/\/chinacustomboxes.com\/es\/wp-json\/wp\/v2\/product"}],"about":[{"href":"https:\/\/chinacustomboxes.com\/es\/wp-json\/wp\/v2\/types\/product"}],"wp:featuredmedia":[{"embeddable":true,"href":"https:\/\/chinacustomboxes.com\/es\/wp-json\/wp\/v2\/media\/2151"}],"wp:attachment":[{"href":"https:\/\/chinacustomboxes.com\/es\/wp-json\/wp\/v2\/media?parent=2148"}],"wp:term":[{"taxonomy":"product_brand","embeddable":true,"href":"https:\/\/chinacustomboxes.com\/es\/wp-json\/wp\/v2\/product_brand?post=2148"},{"taxonomy":"product_cat","embeddable":true,"href":"https:\/\/chinacustomboxes.com\/es\/wp-json\/wp\/v2\/product_cat?post=2148"},{"taxonomy":"product_tag","embeddable":true,"href":"https:\/\/chinacustomboxes.com\/es\/wp-json\/wp\/v2\/product_tag?post=2148"}],"curies":[{"name":"wp","href":"https:\/\/api.w.org\/{rel}","templated":true}]}}