{"id":2243,"date":"2025-08-08T02:13:54","date_gmt":"2025-08-08T02:13:54","guid":{"rendered":"https:\/\/chinacustomboxes.com\/?post_type=product&#038;p=2243"},"modified":"2025-08-14T07:48:26","modified_gmt":"2025-08-14T07:48:26","slug":"custom-design-luxury-lid-and-base-paper-gift-box-for-perfume","status":"publish","type":"product","link":"https:\/\/chinacustomboxes.com\/es\/custom-design-luxury-lid-and-base-paper-gift-box-for-perfume\/","title":{"rendered":"Dise\u00f1o personalizado de lujo Tapa y Base de Papel Caja de Regalo para Perfume"},"content":{"rendered":"<h2 id=\"customized-design-luxury-cover-and-base-paper-present-box-for-perfume\">Dise\u00f1o personalizado de lujo de la cubierta y la base de papel Caja de regalo para el perfume<\/h2>\n<h2 id=\"1-traditional-lid-and-base-structure-simple-yet-tough\">1. Estructura tradicional de tapa y base: Simple pero resistente<\/h2>\n<ul>\n<li>Estilo Separado *: La tapa (cubierta) y la base (base) est\u00e1n divididas, con un estilo de encaje a presi\u00f3n (m\u00e1s grande en la parte superior y m\u00e1s peque\u00f1o en la parte inferior) para una apertura y cierre suaves, potenciando la regla del envase del producto.<\/li>\n<li>Facilidad de montaje y modificaci\u00f3n *: La estructura modular simplifica el proceso de producci\u00f3n, permitiendo cambios r\u00e1pidos de forma y tama\u00f1o (como el revestimiento de ranura ovalada) para adaptarse a diferentes formas de envases de fragancias.<\/li>\n<\/ul>\n<h2 id=\"2-spherical-corners-for-impact-defense\">2. Esquinas esf\u00e9ricas para defensa contra impactos<\/h2>\n<ul>\n<li>Esquinas reforzadas *: El <a href=\"https:\/\/chinacustomboxes.com\/es\/vendor-luxury-two-pack-red-wine-double-side-open-gift-box\/\">caja<\/a> cuenta con un marco en \u00e1ngulo recto de 90\u00b0 para detener la deformaci\u00f3n durante el transporte. El interior incorpora un marco de amortiguaci\u00f3n (como un vertedero en forma de L + sistema de amortiguaci\u00f3n de resorte) para tomar en el impacto de varias instrucciones y proteger el contenedor de vidrio.<\/li>\n<\/ul>\n<p><img fetchpriority=\"high\" decoding=\"async\" class=\"alignnone wp-image-2245 size-full\" src=\"https:\/\/chinacustomboxes.com\/wp-content\/uploads\/2025\/08\/Custom-Design-Luxury-Lid-and-Base-Paper-Gift-Box-for-Perfume-1.jpg\" alt=\"Dise\u00f1o personalizado de lujo Tapa y Base de Papel Caja de Regalo para Perfume\" width=\"1000\" height=\"1000\" title=\"\" srcset=\"https:\/\/chinacustomboxes.com\/wp-content\/uploads\/2025\/08\/Custom-Design-Luxury-Lid-and-Base-Paper-Gift-Box-for-Perfume-1.jpg 1000w, https:\/\/chinacustomboxes.com\/wp-content\/uploads\/2025\/08\/Custom-Design-Luxury-Lid-and-Base-Paper-Gift-Box-for-Perfume-1-300x300.jpg 300w, https:\/\/chinacustomboxes.com\/wp-content\/uploads\/2025\/08\/Custom-Design-Luxury-Lid-and-Base-Paper-Gift-Box-for-Perfume-1-150x150.jpg 150w, https:\/\/chinacustomboxes.com\/wp-content\/uploads\/2025\/08\/Custom-Design-Luxury-Lid-and-Base-Paper-Gift-Box-for-Perfume-1-768x768.jpg 768w, https:\/\/chinacustomboxes.com\/wp-content\/uploads\/2025\/08\/Custom-Design-Luxury-Lid-and-Base-Paper-Gift-Box-for-Perfume-1-12x12.jpg 12w, https:\/\/chinacustomboxes.com\/wp-content\/uploads\/2025\/08\/Custom-Design-Luxury-Lid-and-Base-Paper-Gift-Box-for-Perfume-1-600x600.jpg 600w, https:\/\/chinacustomboxes.com\/wp-content\/uploads\/2025\/08\/Custom-Design-Luxury-Lid-and-Base-Paper-Gift-Box-for-Perfume-1-100x100.jpg 100w\" sizes=\"(max-width: 1000px) 100vw, 1000px\" \/><\/p>\n<h2 id=\"3-eco-friendly-products-and-sustainability\">3. Productos ecol\u00f3gicos y sostenibilidad<\/h2>\n<ul>\n<li>Cart\u00f3n con certificaci\u00f3n FSC *: El cart\u00f3n Kappa de alta densidad (\u2265 1200gsm) procedente de bosques sostenibles minimiza el impacto de carbono y se alinea con el compromiso ecol\u00f3gico de la marca de lujo.<\/li>\n<li>Resistente a la compresi\u00f3n y con capacidad de respuesta *: El revestimiento verde oscuro mate proporciona una superficie lisa y resistente a los ara\u00f1azos. El soporte de caucho grueso y flexible soporta una carga de aproximadamente 2 kg, lo que prolonga la vida \u00fatil.<\/li>\n<\/ul>\n<h2 id=\"4-flexible-personalization\">4. Personalizaci\u00f3n flexible<\/h2>\n<ul>\n<li>Ajuste de tama\u00f1o y funci\u00f3n *: Personalice la profundidad interna de la caja en funci\u00f3n de la altura y el di\u00e1metro del frasco de perfume. Las opciones consisten en con ventana, cierres magn\u00e9ticos o interior de papel de caj\u00f3n <a href=\"https:\/\/chinacustomboxes.com\/es\/glitter-paper-collapsible-magnetic-gift-boxes-for-hair-wigs\/\">cajas<\/a>.<\/li>\n<li>Disminuci\u00f3n de residuos de envases *: La estructura moldeada de una sola pieza disminuye el uso de materiales de soporte y admite revestimientos celulares ecol\u00f3gicos (como el relleno de rafia) para sustituir los t\u00edpicos rellenos dentales de pl\u00e1stico.<\/li>\n<\/ul>\n<p><img decoding=\"async\" class=\"alignnone wp-image-2246 size-full\" src=\"https:\/\/chinacustomboxes.com\/wp-content\/uploads\/2025\/08\/Custom-Design-Luxury-Lid-and-Base-Paper-Gift-Box-for-Perfume-2.jpg\" alt=\"Dise\u00f1o personalizado de lujo Tapa y Base de Papel Caja de Regalo para Perfume\" width=\"1000\" height=\"1000\" title=\"\" srcset=\"https:\/\/chinacustomboxes.com\/wp-content\/uploads\/2025\/08\/Custom-Design-Luxury-Lid-and-Base-Paper-Gift-Box-for-Perfume-2.jpg 1000w, https:\/\/chinacustomboxes.com\/wp-content\/uploads\/2025\/08\/Custom-Design-Luxury-Lid-and-Base-Paper-Gift-Box-for-Perfume-2-300x300.jpg 300w, https:\/\/chinacustomboxes.com\/wp-content\/uploads\/2025\/08\/Custom-Design-Luxury-Lid-and-Base-Paper-Gift-Box-for-Perfume-2-150x150.jpg 150w, https:\/\/chinacustomboxes.com\/wp-content\/uploads\/2025\/08\/Custom-Design-Luxury-Lid-and-Base-Paper-Gift-Box-for-Perfume-2-768x768.jpg 768w, https:\/\/chinacustomboxes.com\/wp-content\/uploads\/2025\/08\/Custom-Design-Luxury-Lid-and-Base-Paper-Gift-Box-for-Perfume-2-12x12.jpg 12w, https:\/\/chinacustomboxes.com\/wp-content\/uploads\/2025\/08\/Custom-Design-Luxury-Lid-and-Base-Paper-Gift-Box-for-Perfume-2-600x600.jpg 600w, https:\/\/chinacustomboxes.com\/wp-content\/uploads\/2025\/08\/Custom-Design-Luxury-Lid-and-Base-Paper-Gift-Box-for-Perfume-2-100x100.jpg 100w\" sizes=\"(max-width: 1000px) 100vw, 1000px\" \/><\/p>\n<h2 id=\"5-luxurious-surface-complete\">5. Lujosa superficie completa<\/h2>\n<ul>\n<li>Marcado en caliente y recubrimiento UV *: El contorno dorado alrededor del envase se estampa en caliente, y el logotipo se recubre con UV para conseguir una superficie elegante, proporcionando resistencia al desgaste y a la decoloraci\u00f3n y mejorando la calidad est\u00e9tica.<\/li>\n<li>Extensiones de refinado especiales *: El gofrado, la capa antihumedad (ideal para regiones de alta humedad) o la chapa de cuero se mantienen para satisfacer las demandas diferenciadas del mercado.<\/li>\n<\/ul>\n<h2 id=\"6-dark-environment-friendly-aesthetic-style\">6. Estilo est\u00e9tico oscuro respetuoso con el medio ambiente<\/h2>\n<ul>\n<li>Color principal y acentos *: El paquete presenta una base mate de color verde oscuro\/respetuoso con el medio ambiente, acentuada con l\u00edneas geom\u00e9tricas de color dorado claro y un l\u00edmite de estampado en caliente, que producen un ambiente natural y suntuoso.<\/li>\n<li>Uniformidad de tonos *: La adaptaci\u00f3n espec\u00edfica a los esquemas de color Pantone garantiza una variaci\u00f3n de color regular en toda la automatizaci\u00f3n y mejora el reconocimiento de la marca.<\/li>\n<\/ul>\n<p><img decoding=\"async\" class=\"alignnone wp-image-2247 size-full\" src=\"https:\/\/chinacustomboxes.com\/wp-content\/uploads\/2025\/08\/Custom-Design-Luxury-Lid-and-Base-Paper-Gift-Box-for-Perfume-3.jpg\" alt=\"Dise\u00f1o personalizado de lujo Tapa y Base de Papel Caja de Regalo para Perfume\" width=\"1000\" height=\"1000\" title=\"\" srcset=\"https:\/\/chinacustomboxes.com\/wp-content\/uploads\/2025\/08\/Custom-Design-Luxury-Lid-and-Base-Paper-Gift-Box-for-Perfume-3.jpg 1000w, https:\/\/chinacustomboxes.com\/wp-content\/uploads\/2025\/08\/Custom-Design-Luxury-Lid-and-Base-Paper-Gift-Box-for-Perfume-3-300x300.jpg 300w, https:\/\/chinacustomboxes.com\/wp-content\/uploads\/2025\/08\/Custom-Design-Luxury-Lid-and-Base-Paper-Gift-Box-for-Perfume-3-150x150.jpg 150w, https:\/\/chinacustomboxes.com\/wp-content\/uploads\/2025\/08\/Custom-Design-Luxury-Lid-and-Base-Paper-Gift-Box-for-Perfume-3-768x768.jpg 768w, https:\/\/chinacustomboxes.com\/wp-content\/uploads\/2025\/08\/Custom-Design-Luxury-Lid-and-Base-Paper-Gift-Box-for-Perfume-3-12x12.jpg 12w, https:\/\/chinacustomboxes.com\/wp-content\/uploads\/2025\/08\/Custom-Design-Luxury-Lid-and-Base-Paper-Gift-Box-for-Perfume-3-600x600.jpg 600w, https:\/\/chinacustomboxes.com\/wp-content\/uploads\/2025\/08\/Custom-Design-Luxury-Lid-and-Base-Paper-Gift-Box-for-Perfume-3-100x100.jpg 100w\" sizes=\"(max-width: 1000px) 100vw, 1000px\" \/><\/p>\n<h2 id=\"7-personalized-lining-and-brand-name-included-worth\">7. Forro personalizado y marca incluida Valor<\/h2>\n<ul>\n<li>Forro instalado *: Las impresiones se esculpen en la espuma o el terciopelo de acuerdo con la forma de la botella (por ejemplo, el contorno de un envase de perfume) para lograr una fijaci\u00f3n \"sin sacudidas\" y reducir la amenaza de da\u00f1os.<\/li>\n<li>Informaci\u00f3n de marca *: La tapa interior se puede estampar en caliente con un eslogan\/firma de marca, y el <a href=\"https:\/\/chinacustomboxes.com\/es\/agency-luxury-lid-and-base-box-for-clothing-sock-packaging\/\">caja de tapa y base<\/a> pueden incluir un c\u00f3digo QR o una declaraci\u00f3n medioambiental para mejorar la experiencia de desembalaje.<\/li>\n<\/ul>\n<h2 id=\"8-1-hour-example-turn-around-service\">8. Ejemplo de servicio de entrega en 1 hora<\/h2>\n<ul>\n<li>Pruebas y testimonios en tiempo real *: Los moldes digitales y el equipo de corte de alta velocidad permiten crear ejemplos f\u00edsicos en un plazo de 60 minutos a partir de la verificaci\u00f3n de estilo en l\u00ednea, lo que aumenta los modelos de estilo.<\/li>\n<li>Producci\u00f3n eficiente *: La automatizaci\u00f3n comienza 72 horas despu\u00e9s de la confirmaci\u00f3n del ejemplo, lo que reduce los ciclos de crecimiento en 50% y satisface las necesidades urgentes de lanzamiento de versiones restringidas.<\/li>\n<\/ul>\n<p><img loading=\"lazy\" decoding=\"async\" class=\"alignnone wp-image-2248 size-full\" src=\"https:\/\/chinacustomboxes.com\/wp-content\/uploads\/2025\/08\/Custom-Design-Luxury-Lid-and-Base-Paper-Gift-Box-for-Perfume-4.jpg\" alt=\"Dise\u00f1o personalizado de lujo Tapa y Base de Papel Caja de Regalo para Perfume\" width=\"1000\" height=\"1000\" title=\"\" srcset=\"https:\/\/chinacustomboxes.com\/wp-content\/uploads\/2025\/08\/Custom-Design-Luxury-Lid-and-Base-Paper-Gift-Box-for-Perfume-4.jpg 1000w, https:\/\/chinacustomboxes.com\/wp-content\/uploads\/2025\/08\/Custom-Design-Luxury-Lid-and-Base-Paper-Gift-Box-for-Perfume-4-300x300.jpg 300w, https:\/\/chinacustomboxes.com\/wp-content\/uploads\/2025\/08\/Custom-Design-Luxury-Lid-and-Base-Paper-Gift-Box-for-Perfume-4-150x150.jpg 150w, https:\/\/chinacustomboxes.com\/wp-content\/uploads\/2025\/08\/Custom-Design-Luxury-Lid-and-Base-Paper-Gift-Box-for-Perfume-4-768x768.jpg 768w, https:\/\/chinacustomboxes.com\/wp-content\/uploads\/2025\/08\/Custom-Design-Luxury-Lid-and-Base-Paper-Gift-Box-for-Perfume-4-12x12.jpg 12w, https:\/\/chinacustomboxes.com\/wp-content\/uploads\/2025\/08\/Custom-Design-Luxury-Lid-and-Base-Paper-Gift-Box-for-Perfume-4-600x600.jpg 600w, https:\/\/chinacustomboxes.com\/wp-content\/uploads\/2025\/08\/Custom-Design-Luxury-Lid-and-Base-Paper-Gift-Box-for-Perfume-4-100x100.jpg 100w\" sizes=\"(max-width: 1000px) 100vw, 1000px\" \/><\/p>\n<h2 id=\"core-advantages-summary\">Resumen de las principales ventajas<\/h2>\n<ul>\n<li>Caracter\u00edsticas : Valor comercial y ventajas para el cliente<\/li>\n<li>Tapa y marco l\u00edder : Mejora el ritual de apertura y refuerza la foto de costes de la marca<\/li>\n<li>Materiales con certificaci\u00f3n FSC : Cumplen la legislaci\u00f3n de la UE sobre sostenibilidad y atraen a clientes ecoconscientes<\/li>\n<li>Forro celular personalizado : Reduce los da\u00f1os de transporte en 90%.<\/li>\n<li>Estampaci\u00f3n en caliente + Acabado UV : Aumenta la presencia en los estantes mediante 40%, impulsando las adquisiciones por impulso.<\/li>\n<li>Soluci\u00f3n de ejemplo de 1 hora : Acelera el lanzamiento de art\u00edculos y minimiza los precios de prueba y error.<\/li>\n<\/ul>","protected":false},"excerpt":{"rendered":"<p>Dise\u00f1ada espec\u00edficamente para marcas de perfumes de alta gama, esta caja de regalo personalizada presenta una estructura cl\u00e1sica de secci\u00f3n dividida (tapa superior y caja base) y est\u00e1 fabricada en cart\u00f3n con certificaci\u00f3n FSC. Su acabado en verde oscuro mate y el estampado dorado acent\u00faan su lujosa calidad. Un forro de espuma y franela a medida asegura el frasco de perfume y lo protege de los impactos del transporte. Se pueden realizar ajustes flexibles en el tama\u00f1o, el acabado y el forro, as\u00ed como un servicio de entrega de muestras en una hora para garantizar que el dise\u00f1o se ajusta con precisi\u00f3n a las necesidades de la marca, equilibrando la sostenibilidad medioambiental con la eficiencia comercial.<\/p>","protected":false},"featured_media":2245,"template":"","meta":{"_kad_post_transparent":"default","_kad_post_title":"","_kad_post_layout":"default","_kad_post_sidebar_id":"","_kad_post_content_style":"default","_kad_post_vertical_padding":"default","_kad_post_feature":"","_kad_post_feature_position":"","_kad_post_header":false,"_kad_post_footer":false,"_kad_post_classname":""},"product_brand":[],"product_cat":[15,17,19,34],"product_tag":[548,547,546],"class_list":{"0":"post-2243","1":"product","2":"type-product","3":"status-publish","4":"has-post-thumbnail","6":"product_cat-boxes-by-shapes","7":"product_cat-boxes-by-industries","8":"product_cat-lid-and-base-boxes","9":"product_cat-perfume-packaging-boxes","10":"product_tag-custom-gift-box","11":"product_tag-gift-box-for-perfume","12":"product_tag-lid-and-base-paper-gift-box","14":"first","15":"instock","16":"shipping-taxable","17":"product-type-simple","18":"entry","19":"content-bg","20":"loop-entry"},"_links":{"self":[{"href":"https:\/\/chinacustomboxes.com\/es\/wp-json\/wp\/v2\/product\/2243","targetHints":{"allow":["GET"]}}],"collection":[{"href":"https:\/\/chinacustomboxes.com\/es\/wp-json\/wp\/v2\/product"}],"about":[{"href":"https:\/\/chinacustomboxes.com\/es\/wp-json\/wp\/v2\/types\/product"}],"wp:featuredmedia":[{"embeddable":true,"href":"https:\/\/chinacustomboxes.com\/es\/wp-json\/wp\/v2\/media\/2245"}],"wp:attachment":[{"href":"https:\/\/chinacustomboxes.com\/es\/wp-json\/wp\/v2\/media?parent=2243"}],"wp:term":[{"taxonomy":"product_brand","embeddable":true,"href":"https:\/\/chinacustomboxes.com\/es\/wp-json\/wp\/v2\/product_brand?post=2243"},{"taxonomy":"product_cat","embeddable":true,"href":"https:\/\/chinacustomboxes.com\/es\/wp-json\/wp\/v2\/product_cat?post=2243"},{"taxonomy":"product_tag","embeddable":true,"href":"https:\/\/chinacustomboxes.com\/es\/wp-json\/wp\/v2\/product_tag?post=2243"}],"curies":[{"name":"wp","href":"https:\/\/api.w.org\/{rel}","templated":true}]}}