{"id":2251,"date":"2025-08-15T03:00:43","date_gmt":"2025-08-15T03:00:43","guid":{"rendered":"https:\/\/chinacustomboxes.com\/?post_type=product&#038;p=2251"},"modified":"2025-08-15T05:50:23","modified_gmt":"2025-08-15T05:50:23","slug":"luxury-perfume-drawer-packaging-gift-boxes-manufacturer","status":"publish","type":"product","link":"https:\/\/chinacustomboxes.com\/es\/luxury-perfume-drawer-packaging-gift-boxes-manufacturer\/","title":{"rendered":"Caj\u00f3n de lujo para perfumes Cajas de regalo Fabricante"},"content":{"rendered":"<h2 id=\"deluxe-fragrance-drawer-packaging-gift-boxes-accuracy-workmanship-fulfills-classic-beauty\">Cajas de regalo de lujo con caj\u00f3n para fragancias: La precisi\u00f3n de la mano de obra satisface la belleza cl\u00e1sica<\/h2>\n<p>Fabricado con gran atenci\u00f3n al detalle, nuestro lujoso armario para perfumes <a href=\"https:\/\/chinacustomboxes.com\/es\/luxury-paper-gift-bags-for-cosmetics-perfume-distributors\/\">cajas de embalaje<\/a> integran un dise\u00f1o innovador y un opulento atractivo visual para redefinir la presentaci\u00f3n de las fragancias. A continuaci\u00f3n encontrar\u00e1 una completa especificaci\u00f3n de art\u00edculos adaptada a sus requisitos:<\/p>\n<h2 id=\"1-smooth-drawer-device\">1. Dispositivo de caj\u00f3n liso<\/h2>\n<ul>\n<li>Estilo Push-Pull: Utilizando una avanzada mezcla de una caja exterior (espacio exterior) y un caj\u00f3n interior (caj\u00f3n interior), junto con una base de carril m\u00f3vil, garantiza una apertura y cierre suaves, personificando a la perfecci\u00f3n el ritual de apertura de los perfumes de gama alta. Los laterales de los ra\u00edles est\u00e1n pulidos al mil\u00edmetro para eliminar las rebabas y proporcionar una experiencia de respuesta suave como la seda.<\/li>\n<li>Apertura y cierre ingeniosos: Dejando a un lado la disposici\u00f3n extra\u00edble est\u00e1ndar, este <a href=\"https:\/\/chinacustomboxes.com\/es\/custom-child-proof-5-pre-roll-drawer-box-divider-boxes-consultant\/\">caja<\/a> incluye un sistema opcional accionado por muelle para un toque ligero, lo que elimina la amenaza de que el frasco de fragancias se agite debido a una fuerza excesiva.<\/li>\n<\/ul>\n<p><img fetchpriority=\"high\" decoding=\"async\" class=\"alignnone wp-image-2252 size-full\" src=\"https:\/\/chinacustomboxes.com\/wp-content\/uploads\/2025\/08\/Luxury-Perfume-Drawer-Packaging-Gift-Boxes-Manufacturer-1.jpg\" alt=\"Caj\u00f3n de lujo para perfumes Cajas de regalo Fabricante\" width=\"1000\" height=\"1000\" title=\"\" srcset=\"https:\/\/chinacustomboxes.com\/wp-content\/uploads\/2025\/08\/Luxury-Perfume-Drawer-Packaging-Gift-Boxes-Manufacturer-1.jpg 1000w, https:\/\/chinacustomboxes.com\/wp-content\/uploads\/2025\/08\/Luxury-Perfume-Drawer-Packaging-Gift-Boxes-Manufacturer-1-300x300.jpg 300w, https:\/\/chinacustomboxes.com\/wp-content\/uploads\/2025\/08\/Luxury-Perfume-Drawer-Packaging-Gift-Boxes-Manufacturer-1-150x150.jpg 150w, https:\/\/chinacustomboxes.com\/wp-content\/uploads\/2025\/08\/Luxury-Perfume-Drawer-Packaging-Gift-Boxes-Manufacturer-1-768x768.jpg 768w, https:\/\/chinacustomboxes.com\/wp-content\/uploads\/2025\/08\/Luxury-Perfume-Drawer-Packaging-Gift-Boxes-Manufacturer-1-12x12.jpg 12w, https:\/\/chinacustomboxes.com\/wp-content\/uploads\/2025\/08\/Luxury-Perfume-Drawer-Packaging-Gift-Boxes-Manufacturer-1-600x600.jpg 600w, https:\/\/chinacustomboxes.com\/wp-content\/uploads\/2025\/08\/Luxury-Perfume-Drawer-Packaging-Gift-Boxes-Manufacturer-1-100x100.jpg 100w\" sizes=\"(max-width: 1000px) 100vw, 1000px\" \/><\/p>\n<h2 id=\"2-internal-protection-system-precision-cradle-defense\">2. Sistema de protecci\u00f3n interna | Precision Cradle &amp; Defense<\/h2>\n<ul>\n<li>Ranura personalizada: Bas\u00e1ndose en la informaci\u00f3n de modelado 3D, se corta una ranura espec\u00edfica justo en la caja interna del caj\u00f3n, cubriendo firmemente el recipiente del perfume para un ajuste seguro \"flotante\". La ranura est\u00e1 forrada con espuma EVA ecol\u00f3gica de alta densidad (densidad ajustable) para absorber adecuadamente las vibraciones del transporte y evitar ara\u00f1azos y fugas.<\/li>\n<li>Dise\u00f1o de doble defensa: Un marco hueco en la parte inferior de la ranura permite un acceso muy f\u00e1cil con una sola mano al frasco de fragancia. Tambi\u00e9n se puede incluir un acabado antiest\u00e1tico para evitar chispas fijas provocadas por el roce con el recipiente.<\/li>\n<\/ul>\n<p><img decoding=\"async\" class=\"alignnone wp-image-2253 size-full\" src=\"https:\/\/chinacustomboxes.com\/wp-content\/uploads\/2025\/08\/Luxury-Perfume-Drawer-Packaging-Gift-Boxes-Manufacturer-2.jpg\" alt=\"Caj\u00f3n de lujo para perfumes Cajas de regalo Fabricante\" width=\"1000\" height=\"1000\" title=\"\" srcset=\"https:\/\/chinacustomboxes.com\/wp-content\/uploads\/2025\/08\/Luxury-Perfume-Drawer-Packaging-Gift-Boxes-Manufacturer-2.jpg 1000w, https:\/\/chinacustomboxes.com\/wp-content\/uploads\/2025\/08\/Luxury-Perfume-Drawer-Packaging-Gift-Boxes-Manufacturer-2-300x300.jpg 300w, https:\/\/chinacustomboxes.com\/wp-content\/uploads\/2025\/08\/Luxury-Perfume-Drawer-Packaging-Gift-Boxes-Manufacturer-2-150x150.jpg 150w, https:\/\/chinacustomboxes.com\/wp-content\/uploads\/2025\/08\/Luxury-Perfume-Drawer-Packaging-Gift-Boxes-Manufacturer-2-768x768.jpg 768w, https:\/\/chinacustomboxes.com\/wp-content\/uploads\/2025\/08\/Luxury-Perfume-Drawer-Packaging-Gift-Boxes-Manufacturer-2-12x12.jpg 12w, https:\/\/chinacustomboxes.com\/wp-content\/uploads\/2025\/08\/Luxury-Perfume-Drawer-Packaging-Gift-Boxes-Manufacturer-2-600x600.jpg 600w, https:\/\/chinacustomboxes.com\/wp-content\/uploads\/2025\/08\/Luxury-Perfume-Drawer-Packaging-Gift-Boxes-Manufacturer-2-100x100.jpg 100w\" sizes=\"(max-width: 1000px) 100vw, 1000px\" \/><\/p>\n<h2 id=\"3-box-product-feeling-natural-appearance-tactile-luxury\">3. Producto y sensaci\u00f3n de caja | Aspecto natural y lujo t\u00e1ctil<\/h2>\n<ul>\n<li>Superficie de aspecto natural: De papel perfumado de hierbas importado o art\u00edsticamente gofrado <a href=\"https:\/\/chinacustomboxes.com\/es\/exporter-unique-marble-paper-shopping-gift-bag-for-hair-wigs\/\">papel<\/a>, se protege el aspecto natural de la fibra, ofreciendo un acabado mate y un tacto c\u00e1lido. La superficie est\u00e1 tratada con un acabado al agua para resistir la humedad y las huellas dactilares.<\/li>\n<li>Elaboraci\u00f3n decorativa en 3D: Las texturas irregulares amarillas y blancas se consiguen mediante un imaginativo estampado en relieve e impresi\u00f3n en pantalla, creando una textura tridimensional (profundidad c\u00f3ncava y convexa de 0,3 a 0,5 mm) y con una resistencia al desgaste de hasta 10.000 ciclos de fricci\u00f3n sin desprenderse.<\/li>\n<\/ul>\n<p><img decoding=\"async\" class=\"alignnone wp-image-2254 size-full\" src=\"https:\/\/chinacustomboxes.com\/wp-content\/uploads\/2025\/08\/Luxury-Perfume-Drawer-Packaging-Gift-Boxes-Manufacturer-3.jpg\" alt=\"Caj\u00f3n de lujo para perfumes Cajas de regalo Fabricante\" width=\"1000\" height=\"1000\" title=\"\" srcset=\"https:\/\/chinacustomboxes.com\/wp-content\/uploads\/2025\/08\/Luxury-Perfume-Drawer-Packaging-Gift-Boxes-Manufacturer-3.jpg 1000w, https:\/\/chinacustomboxes.com\/wp-content\/uploads\/2025\/08\/Luxury-Perfume-Drawer-Packaging-Gift-Boxes-Manufacturer-3-300x300.jpg 300w, https:\/\/chinacustomboxes.com\/wp-content\/uploads\/2025\/08\/Luxury-Perfume-Drawer-Packaging-Gift-Boxes-Manufacturer-3-150x150.jpg 150w, https:\/\/chinacustomboxes.com\/wp-content\/uploads\/2025\/08\/Luxury-Perfume-Drawer-Packaging-Gift-Boxes-Manufacturer-3-768x768.jpg 768w, https:\/\/chinacustomboxes.com\/wp-content\/uploads\/2025\/08\/Luxury-Perfume-Drawer-Packaging-Gift-Boxes-Manufacturer-3-12x12.jpg 12w, https:\/\/chinacustomboxes.com\/wp-content\/uploads\/2025\/08\/Luxury-Perfume-Drawer-Packaging-Gift-Boxes-Manufacturer-3-600x600.jpg 600w, https:\/\/chinacustomboxes.com\/wp-content\/uploads\/2025\/08\/Luxury-Perfume-Drawer-Packaging-Gift-Boxes-Manufacturer-3-100x100.jpg 100w\" sizes=\"(max-width: 1000px) 100vw, 1000px\" \/><\/p>\n<h2 id=\"4-user-friendly-information-fine-tuned-useful-aspects\">4. Informaci\u00f3n f\u00e1cil de usar | Aspectos \u00fatiles afinados<\/h2>\n<ul>\n<li>Soporte de apertura: Un negro incrustado tejido de algod\u00f3n lidiar con (ancho \u2265 15mm) mejora la comodidad de apertura del gabinete; el mango est\u00e1 salvaguardado con un remache de acero en el extremo para asegurarse de deformaci\u00f3n duradera.<\/li>\n<li>Estilo de logotipo de gama alta: La etiqueta met\u00e1lica con el nombre de la marca est\u00e1 galvanizada con aleaci\u00f3n de zinc, f\u00e1cilmente disponible en oro, platino o bronce. La tecnolog\u00eda de micrograbado consigue una profundidad de dise\u00f1o del logotipo de \u2264 0,1 mm.<\/li>\n<\/ul>\n<h2 id=\"5-shade-and-aesthetic-logic-iconic-shade-strategy\">5. Sombra y l\u00f3gica est\u00e9tica | Estrategia de sombra ic\u00f3nica<\/h2>\n<ul>\n<li>Color est\u00e1ndar de lujo: Un verde oscuro intenso (Pantone 627C) es el principal, habitando \u2265 85% de <a href=\"https:\/\/chinacustomboxes.com\/es\/customized-slider-child-resistant-box-rigid-boxes-wholesale\/\">la caja<\/a> superficie, significando naturaleza y eternidad. Las tapas de los cajones en negro mate y las etiquetas de acero crean un contraste de luz y oscuridad, mejorando la estructura de poder est\u00e9tico.<\/li>\n<li>Tonalidad duradera: Impreso utilizando tinta a base de agua a base de plantas, la discrepancia de sombra es \u2264 0,5 \u0394E (requisito mundial), y sigue la certificaci\u00f3n ambiental FSC.<\/li>\n<\/ul>\n<p><img loading=\"lazy\" decoding=\"async\" class=\"alignnone wp-image-2255 size-full\" src=\"https:\/\/chinacustomboxes.com\/wp-content\/uploads\/2025\/08\/Luxury-Perfume-Drawer-Packaging-Gift-Boxes-Manufacturer-4.jpg\" alt=\"Caj\u00f3n de lujo para perfumes Cajas de regalo Fabricante\" width=\"1000\" height=\"1000\" title=\"\" srcset=\"https:\/\/chinacustomboxes.com\/wp-content\/uploads\/2025\/08\/Luxury-Perfume-Drawer-Packaging-Gift-Boxes-Manufacturer-4.jpg 1000w, https:\/\/chinacustomboxes.com\/wp-content\/uploads\/2025\/08\/Luxury-Perfume-Drawer-Packaging-Gift-Boxes-Manufacturer-4-300x300.jpg 300w, https:\/\/chinacustomboxes.com\/wp-content\/uploads\/2025\/08\/Luxury-Perfume-Drawer-Packaging-Gift-Boxes-Manufacturer-4-150x150.jpg 150w, https:\/\/chinacustomboxes.com\/wp-content\/uploads\/2025\/08\/Luxury-Perfume-Drawer-Packaging-Gift-Boxes-Manufacturer-4-768x768.jpg 768w, https:\/\/chinacustomboxes.com\/wp-content\/uploads\/2025\/08\/Luxury-Perfume-Drawer-Packaging-Gift-Boxes-Manufacturer-4-12x12.jpg 12w, https:\/\/chinacustomboxes.com\/wp-content\/uploads\/2025\/08\/Luxury-Perfume-Drawer-Packaging-Gift-Boxes-Manufacturer-4-600x600.jpg 600w, https:\/\/chinacustomboxes.com\/wp-content\/uploads\/2025\/08\/Luxury-Perfume-Drawer-Packaging-Gift-Boxes-Manufacturer-4-100x100.jpg 100w\" sizes=\"(max-width: 1000px) 100vw, 1000px\" \/><\/p>\n<h2 id=\"6-precision-production-criteria-millimeter-perfect-design\">6. Criterios de producci\u00f3n de precisi\u00f3n | Dise\u00f1o milim\u00e9tricamente perfecto<\/h2>\n<ul>\n<li>Control de precisi\u00f3n del molde: El cuerpo del paquete hace uso de un molde tallado con precisi\u00f3n CNC y moho (resistencia \u00b1 0,05 mm), lo que lleva a esquinas afiladas y sin astillado. La holgura del carril del gabinete es \u2264 0,2 mm, asegurando el movimiento y el dibujo lisos.<\/li>\n<li>Entorno de fabricaci\u00f3n sin polvo: Todo el procedimiento se lleva a cabo en una sala limpia Course 10.000, lo que elimina la contaminaci\u00f3n por polvo y garantiza una superficie de bella textura.<\/li>\n<\/ul>\n<p><img loading=\"lazy\" decoding=\"async\" class=\"alignnone wp-image-2256 size-full\" src=\"https:\/\/chinacustomboxes.com\/wp-content\/uploads\/2025\/08\/Luxury-Perfume-Drawer-Packaging-Gift-Boxes-Manufacturer-5.jpg\" alt=\"Caj\u00f3n de lujo para perfumes Cajas de regalo Fabricante\" width=\"1000\" height=\"1000\" title=\"\" srcset=\"https:\/\/chinacustomboxes.com\/wp-content\/uploads\/2025\/08\/Luxury-Perfume-Drawer-Packaging-Gift-Boxes-Manufacturer-5.jpg 1000w, https:\/\/chinacustomboxes.com\/wp-content\/uploads\/2025\/08\/Luxury-Perfume-Drawer-Packaging-Gift-Boxes-Manufacturer-5-300x300.jpg 300w, https:\/\/chinacustomboxes.com\/wp-content\/uploads\/2025\/08\/Luxury-Perfume-Drawer-Packaging-Gift-Boxes-Manufacturer-5-150x150.jpg 150w, https:\/\/chinacustomboxes.com\/wp-content\/uploads\/2025\/08\/Luxury-Perfume-Drawer-Packaging-Gift-Boxes-Manufacturer-5-768x768.jpg 768w, https:\/\/chinacustomboxes.com\/wp-content\/uploads\/2025\/08\/Luxury-Perfume-Drawer-Packaging-Gift-Boxes-Manufacturer-5-12x12.jpg 12w, https:\/\/chinacustomboxes.com\/wp-content\/uploads\/2025\/08\/Luxury-Perfume-Drawer-Packaging-Gift-Boxes-Manufacturer-5-600x600.jpg 600w, https:\/\/chinacustomboxes.com\/wp-content\/uploads\/2025\/08\/Luxury-Perfume-Drawer-Packaging-Gift-Boxes-Manufacturer-5-100x100.jpg 100w\" sizes=\"(max-width: 1000px) 100vw, 1000px\" \/><\/p>\n<h2 id=\"7-rapid-development-capabilities-agile-prototyping-manufacturing\">7. Capacidades de desarrollo r\u00e1pido | Prototipado y fabricaci\u00f3n \u00e1giles<\/h2>\n<ul>\n<li>Proceso de desarrollo digital: Admite modelado en 3D (Rhino\/SolidWorks) para la simulaci\u00f3n en tiempo real de la estructura de la caja. Los ejemplos cortados con l\u00e1ser pueden verificarse en 8 horas, lo que acelera las versiones de estilo.<\/li>\n<li>Respuesta de producci\u00f3n vers\u00e1til: El ciclo de automatizaci\u00f3n es de 15-20 d\u00edas (consiste en procesos a medida), sostiene MOQ 500 piezas y trabaja con demandas OEM\/ODM.<\/li>\n<\/ul>","protected":false},"excerpt":{"rendered":"<p>El estuche de regalo para perfumes con caj\u00f3n presenta un dise\u00f1o de ra\u00edles deslizantes que crea una sensaci\u00f3n de ritual al abrirlo. Las ranuras de EVA de alta precisi\u00f3n est\u00e1n incrustadas para permitir que el frasco de perfume quede \"suspendido\" y fijo. La textura natural del papel perfumado con hierbas y la detallada etiqueta met\u00e1lica crean una experiencia tranquila y lujosa. La caja est\u00e1 troquelada al mil\u00edmetro, lo que da como resultado bordes y esquinas afilados. Su color primario verde oscuro se complementa con una art\u00edstica serigraf\u00eda en relieve, creando un cl\u00e1sico visual sostenible. El modelado en 3D permite realizar pruebas r\u00e1pidas y la entrega en todo el mundo se realiza en un plazo de 15 d\u00edas.<\/p>","protected":false},"featured_media":2252,"template":"","meta":{"_kad_post_transparent":"default","_kad_post_title":"","_kad_post_layout":"default","_kad_post_sidebar_id":"","_kad_post_content_style":"default","_kad_post_vertical_padding":"default","_kad_post_feature":"","_kad_post_feature_position":"","_kad_post_header":false,"_kad_post_footer":false,"_kad_post_classname":""},"product_brand":[],"product_cat":[15,17,20,34],"product_tag":[551,549,550],"class_list":{"0":"post-2251","1":"product","2":"type-product","3":"status-publish","4":"has-post-thumbnail","6":"product_cat-boxes-by-shapes","7":"product_cat-boxes-by-industries","8":"product_cat-drawer-style-boxes","9":"product_cat-perfume-packaging-boxes","10":"product_tag-gift-boxes-manufacturer","11":"product_tag-luxury-perfume-packaging","12":"product_tag-perfume-drawer-boxes","14":"first","15":"instock","16":"shipping-taxable","17":"product-type-simple","18":"entry","19":"content-bg","20":"loop-entry"},"_links":{"self":[{"href":"https:\/\/chinacustomboxes.com\/es\/wp-json\/wp\/v2\/product\/2251","targetHints":{"allow":["GET"]}}],"collection":[{"href":"https:\/\/chinacustomboxes.com\/es\/wp-json\/wp\/v2\/product"}],"about":[{"href":"https:\/\/chinacustomboxes.com\/es\/wp-json\/wp\/v2\/types\/product"}],"wp:featuredmedia":[{"embeddable":true,"href":"https:\/\/chinacustomboxes.com\/es\/wp-json\/wp\/v2\/media\/2252"}],"wp:attachment":[{"href":"https:\/\/chinacustomboxes.com\/es\/wp-json\/wp\/v2\/media?parent=2251"}],"wp:term":[{"taxonomy":"product_brand","embeddable":true,"href":"https:\/\/chinacustomboxes.com\/es\/wp-json\/wp\/v2\/product_brand?post=2251"},{"taxonomy":"product_cat","embeddable":true,"href":"https:\/\/chinacustomboxes.com\/es\/wp-json\/wp\/v2\/product_cat?post=2251"},{"taxonomy":"product_tag","embeddable":true,"href":"https:\/\/chinacustomboxes.com\/es\/wp-json\/wp\/v2\/product_tag?post=2251"}],"curies":[{"name":"wp","href":"https:\/\/api.w.org\/{rel}","templated":true}]}}