{"id":2259,"date":"2025-08-19T02:29:33","date_gmt":"2025-08-19T02:29:33","guid":{"rendered":"https:\/\/chinacustomboxes.com\/?post_type=product&#038;p=2259"},"modified":"2025-08-19T03:48:14","modified_gmt":"2025-08-19T03:48:14","slug":"body-lotion-essential-oil-perfume-paper-drawer-boxes-dealer","status":"publish","type":"product","link":"https:\/\/chinacustomboxes.com\/es\/body-lotion-essential-oil-perfume-paper-drawer-boxes-dealer\/","title":{"rendered":"Loci\u00f3n Corporal Aceite Esencial Perfume Papel Caj\u00f3n Cajas Distribuidor"},"content":{"rendered":"<h2 id=\"1-the-costs-paper-drawer-boxes-for-cosmetics-oils-and-perfumes-\">1.\u00a0<strong>Las Cajas Caj\u00f3n de Papel para Cosm\u00e9ticos, Aceites Esenciales, Lociones Corporales y Perfumes de Costs<\/strong><\/h2>\n<p>Para las marcas m\u00e1s exigentes del sector de las lociones corporales, los aceites esenciales y los perfumes, el envase del producto no es s\u00f3lo un recipiente; es una parte vital de la narrativa de la marca y de la experiencia del consumidor. Proporcionamos el servicio supremo para elevar esta historia: la caja armario de papel personalizada, una encarnaci\u00f3n de clase, seguridad y alegr\u00eda sensorial.<\/p>\n<p>Como principal distribuidor y socio en el embalaje de productos de gama alta, reconocemos que su producto merece una presentaci\u00f3n tan minuciosamente elaborada como su contenido. En <a href=\"https:\/\/chinacustomboxes.com\/es\/drawer-style-boxes\/\">cajas de cajones<\/a>La caja deslizante, tambi\u00e9n llamada caja deslizante o caja de fundas y bandejas, proporciona una experiencia de desembalaje interactiva y extraordinaria que establece un tono de costes desde el principio. El suave deslizamiento de la caja, la revelaci\u00f3n progresiva del producto que contiene, es algo m\u00e1s que abrir una caja: es un momento de exploraci\u00f3n y anticipaci\u00f3n que aumenta significativamente el valor visual de su marca.<\/p>\n<p><img fetchpriority=\"high\" decoding=\"async\" class=\"alignnone wp-image-2261 size-full\" src=\"https:\/\/chinacustomboxes.com\/wp-content\/uploads\/2025\/08\/Body-Lotion-Essential-Oil-Perfume-Paper-Drawer-Boxes-Dealer-2.jpg\" alt=\"Loci\u00f3n Corporal Aceite Esencial Perfume Papel Caj\u00f3n Cajas Distribuidor\" width=\"1000\" height=\"1000\" title=\"\" srcset=\"https:\/\/chinacustomboxes.com\/wp-content\/uploads\/2025\/08\/Body-Lotion-Essential-Oil-Perfume-Paper-Drawer-Boxes-Dealer-2.jpg 1000w, https:\/\/chinacustomboxes.com\/wp-content\/uploads\/2025\/08\/Body-Lotion-Essential-Oil-Perfume-Paper-Drawer-Boxes-Dealer-2-300x300.jpg 300w, https:\/\/chinacustomboxes.com\/wp-content\/uploads\/2025\/08\/Body-Lotion-Essential-Oil-Perfume-Paper-Drawer-Boxes-Dealer-2-150x150.jpg 150w, https:\/\/chinacustomboxes.com\/wp-content\/uploads\/2025\/08\/Body-Lotion-Essential-Oil-Perfume-Paper-Drawer-Boxes-Dealer-2-768x768.jpg 768w, https:\/\/chinacustomboxes.com\/wp-content\/uploads\/2025\/08\/Body-Lotion-Essential-Oil-Perfume-Paper-Drawer-Boxes-Dealer-2-12x12.jpg 12w, https:\/\/chinacustomboxes.com\/wp-content\/uploads\/2025\/08\/Body-Lotion-Essential-Oil-Perfume-Paper-Drawer-Boxes-Dealer-2-600x600.jpg 600w, https:\/\/chinacustomboxes.com\/wp-content\/uploads\/2025\/08\/Body-Lotion-Essential-Oil-Perfume-Paper-Drawer-Boxes-Dealer-2-100x100.jpg 100w\" sizes=\"(max-width: 1000px) 100vw, 1000px\" \/><\/p>\n<h2 id=\"2-the-art-of-presentation-why-a-paper-drawer-boxes-is-the-superior-selection-\">2.\u00a0<strong>El Arte de la Presentaci\u00f3n: Por qu\u00e9 una Caja Caj\u00f3n de Papel es la Selecci\u00f3n Superior\u00a0<\/strong>.<\/h2>\n<ul>\n<li><strong>Un viaje inolvidable:\u00a0<\/strong>La principal ventaja de la caja de cajones es el desembalaje avanzado que proporciona. La actividad suave y controlada de deslizar la bandeja interna fuera de su funda produce una experiencia t\u00e1ctil satisfactoria y con clase.<\/li>\n<li><strong>Cultivar una imagen de marca de costes:\u00a0<\/strong>La construcci\u00f3n resistente y r\u00edgida de las cajas de cajones indica r\u00e1pidamente alta calidad. Este dise\u00f1o es sin\u00f3nimo de productos de gama alta, desde electr\u00f3nica de primera calidad hasta bisuter\u00eda fina. Al adoptar este envase de producto para sus lociones, aceites o perfumes, usted alinea su marca con esta presunci\u00f3n de calidad y meticuloso inter\u00e9s por la informaci\u00f3n.<\/li>\n<li><strong>La funcionalidad se une a la longevidad:\u00a0<\/strong>Las cajas de cajones son \u00fatiles y duraderas por naturaleza. Muchos clientes reutilizan estas atractivas <a href=\"https:\/\/chinacustomboxes.com\/es\/luxury-quality-double-door-box-for-arab-perfume-skincare\/\">cajas<\/a> para guardar joyas, recuerdos o art\u00edculos de papeler\u00eda, convirtiendo su envase en un art\u00edculo de valor duradero. Esta reutilizaci\u00f3n no es solo una ventaja ecol\u00f3gica, sino tambi\u00e9n un medio publicitario sutil y eficaz, que mantiene su marca visible mucho despu\u00e9s de que se haya utilizado el art\u00edculo.<\/li>\n<li><strong>Defensa inflexible para productos delicados:\u00a0<\/strong>Los perfumes, aceites vitales y cremas a menudo se alojan en fr\u00e1giles frascos de cristal o delicados contenedores. El robusto armaz\u00f3n de una caja armario inflexible, integrado con instalaciones interiores dise\u00f1adas con precisi\u00f3n, proporciona una seguridad inigualable contra impactos, vibraciones y desplazamientos durante el transporte. Esto garantiza que su art\u00edculo llegue en el estado impecable que esperan sus clientes, asegurando tanto el art\u00edculo como la credibilidad de su marca.<\/li>\n<\/ul>\n<p><img decoding=\"async\" class=\"alignnone wp-image-2260 size-full\" src=\"https:\/\/chinacustomboxes.com\/wp-content\/uploads\/2025\/08\/Body-Lotion-Essential-Oil-Perfume-Paper-Drawer-Boxes-Dealer-1.jpg\" alt=\"Loci\u00f3n Corporal Aceite Esencial Perfume Papel Caj\u00f3n Cajas Distribuidor\" width=\"1000\" height=\"1000\" title=\"\" srcset=\"https:\/\/chinacustomboxes.com\/wp-content\/uploads\/2025\/08\/Body-Lotion-Essential-Oil-Perfume-Paper-Drawer-Boxes-Dealer-1.jpg 1000w, https:\/\/chinacustomboxes.com\/wp-content\/uploads\/2025\/08\/Body-Lotion-Essential-Oil-Perfume-Paper-Drawer-Boxes-Dealer-1-300x300.jpg 300w, https:\/\/chinacustomboxes.com\/wp-content\/uploads\/2025\/08\/Body-Lotion-Essential-Oil-Perfume-Paper-Drawer-Boxes-Dealer-1-150x150.jpg 150w, https:\/\/chinacustomboxes.com\/wp-content\/uploads\/2025\/08\/Body-Lotion-Essential-Oil-Perfume-Paper-Drawer-Boxes-Dealer-1-768x768.jpg 768w, https:\/\/chinacustomboxes.com\/wp-content\/uploads\/2025\/08\/Body-Lotion-Essential-Oil-Perfume-Paper-Drawer-Boxes-Dealer-1-12x12.jpg 12w, https:\/\/chinacustomboxes.com\/wp-content\/uploads\/2025\/08\/Body-Lotion-Essential-Oil-Perfume-Paper-Drawer-Boxes-Dealer-1-600x600.jpg 600w, https:\/\/chinacustomboxes.com\/wp-content\/uploads\/2025\/08\/Body-Lotion-Essential-Oil-Perfume-Paper-Drawer-Boxes-Dealer-1-100x100.jpg 100w\" sizes=\"(max-width: 1000px) 100vw, 1000px\" \/><\/p>\n<h2 id=\"3-uncompromising-quality-a-deep-dive-into-our-materials-\">3.\u00a0<strong>Calidad sin concesiones: Una inmersi\u00f3n profunda en nuestros materiales\u00a0<\/strong>.<\/h2>\n<p>La elegancia de nuestras cajas de cajones comienza con la selecci\u00f3n de materias primas de calidad superior. Construimos cada caj\u00f3n de dentro a fuera, asegur\u00e1ndonos de que cada capa contribuya a un producto final estructuralmente s\u00f3lido y est\u00e9ticamente espectacular.<\/p>\n<p><strong>El marco b\u00e1sico: La fuerza interior\u00a0<\/strong>. La base de nuestras cajas para cajones es un cart\u00f3n r\u00edgido de alta densidad, que suele describirse como cart\u00f3n gris o aglomerado. Este producto, fabricado a partir de papel reciclado, proporciona una dureza y una resistencia fenomenales a la flexi\u00f3n o la rotura. Ofrecemos una gama de densidades, generalmente de 1,5 mm a 3 mm (aproximadamente de 800 g\/m\u00b2 a 2.000 g\/m\u00b2), lo que le permite elegir el nivel excelente de rigidez y peso para su art\u00edculo. Este n\u00facleo s\u00f3lido es el h\u00e9roe oculto que ofrece a la caja su calidad duradera y resistente.<\/p>\n<p><strong>La cubierta exterior: Un lienzo para su marca\u00a0<\/strong>. A continuaci\u00f3n, el n\u00facleo inflexible se recubre completamente con un papel de su elecci\u00f3n, que acaba siendo la expresi\u00f3n visual y t\u00e1ctil de la identificaci\u00f3n de su marca. Nuestra amplia gama incluye:.<\/p>\n<ul>\n<li><strong>Papeles especializados y con textura:\u00a0<\/strong>La envoltura de papel con textura utiliza una superficie atemporal, sofisticada y atractiva al tacto, que resulta lujosa al tacto. Ofrecemos una amplia gama de apariencias, desde la sutil ropa de cama hasta la resistente polipiel.<\/li>\n<li><strong>Papel art\u00edstico:\u00a0<\/strong>Una opci\u00f3n suave y flexible con un acabado de primera calidad, adecuada para la impresi\u00f3n de tonos de alta fidelidad y gr\u00e1ficos din\u00e1micos.<\/li>\n<li><strong>Papel Kraft:\u00a0<\/strong>Para las marcas que destacan el valor de lo totalmente natural, org\u00e1nico o respetuoso con el medio ambiente, el papel kraft ofrece una est\u00e9tica r\u00fastica y natural. Es reciclable y degradable de forma natural.<\/li>\n<li><strong>Papel negro mate:\u00a0<\/strong>El ep\u00edtome de la elegancia moderna y el minimalismo. Un acabado negro mate profundo y antirreflectante produce una poderosa declaraci\u00f3n de alta gama y es una selecci\u00f3n popular para l\u00edneas de cosm\u00e9ticos y fragancias premium.<\/li>\n<\/ul>\n<p><strong>El interior: Seguridad y estilo para su producto\u00a0<\/strong>. El interior del envase es tan importante como el exterior. Los insertos a medida son necesarios para asegurar y suministrar perfectamente sus productos. Nuestras opciones incluyen:.<\/p>\n<ul>\n<li><strong>Espuma EVA (etileno-acetato de vinilo):\u00a0<\/strong>Com\u00fanmente considerada el patr\u00f3n oro de la seguridad, la espuma EVA es una espuma gruesa y lisa que ofrece un magn\u00edfico soporte frente a golpes y efectos. Puede troquelarse con precisi\u00f3n para adaptarse a los contornos espec\u00edficos de cualquier tipo de botella o contenedor, manteni\u00e9ndolo firmemente en su sitio. Disponible en varios colores, como blanco o negro, proporciona un fondo limpio y profesional que resalta su art\u00edculo.<\/li>\n<li><strong>Terciopelo y forros textiles:\u00a0<\/strong>Para a\u00f1adir un toque de lujo, los insertos de espuma pueden recubrirse de suave terciopelo u otros materiales, mejorando la experiencia sensorial del unboxing.<\/li>\n<li><strong>Pulpa de papel moldeada:\u00a0<\/strong>Una opci\u00f3n duradera y respetuosa con el medio ambiente, los insertos de pasta moldeada se fabrican a partir de papel reciclado y se les puede dar cualquier forma, utilizando una gran defensa con un tacto natural y natural.<\/li>\n<li><strong>Cart\u00f3n troquelado:\u00a0<\/strong>Una opci\u00f3n rentable y reciclable, los insertos de cart\u00f3n pueden superponerse y cortarse para producir un seguro adecuado para sus productos.<\/li>\n<\/ul>\n<p><img decoding=\"async\" class=\"alignnone wp-image-2262 size-full\" src=\"https:\/\/chinacustomboxes.com\/wp-content\/uploads\/2025\/08\/Body-Lotion-Essential-Oil-Perfume-Paper-Drawer-Boxes-Dealer-3.jpg\" alt=\"Loci\u00f3n Corporal Aceite Esencial Perfume Papel Caj\u00f3n Cajas Distribuidor\" width=\"1000\" height=\"1000\" title=\"\" srcset=\"https:\/\/chinacustomboxes.com\/wp-content\/uploads\/2025\/08\/Body-Lotion-Essential-Oil-Perfume-Paper-Drawer-Boxes-Dealer-3.jpg 1000w, https:\/\/chinacustomboxes.com\/wp-content\/uploads\/2025\/08\/Body-Lotion-Essential-Oil-Perfume-Paper-Drawer-Boxes-Dealer-3-300x300.jpg 300w, https:\/\/chinacustomboxes.com\/wp-content\/uploads\/2025\/08\/Body-Lotion-Essential-Oil-Perfume-Paper-Drawer-Boxes-Dealer-3-150x150.jpg 150w, https:\/\/chinacustomboxes.com\/wp-content\/uploads\/2025\/08\/Body-Lotion-Essential-Oil-Perfume-Paper-Drawer-Boxes-Dealer-3-768x768.jpg 768w, https:\/\/chinacustomboxes.com\/wp-content\/uploads\/2025\/08\/Body-Lotion-Essential-Oil-Perfume-Paper-Drawer-Boxes-Dealer-3-12x12.jpg 12w, https:\/\/chinacustomboxes.com\/wp-content\/uploads\/2025\/08\/Body-Lotion-Essential-Oil-Perfume-Paper-Drawer-Boxes-Dealer-3-600x600.jpg 600w, https:\/\/chinacustomboxes.com\/wp-content\/uploads\/2025\/08\/Body-Lotion-Essential-Oil-Perfume-Paper-Drawer-Boxes-Dealer-3-100x100.jpg 100w\" sizes=\"(max-width: 1000px) 100vw, 1000px\" \/><\/p>\n<h2 id=\"4-infinite-opportunities-customization-that-tells-your-tale-\">4.\u00a0<strong>Infinitas oportunidades: Personalizaci\u00f3n que cuenta su historia\u00a0<\/strong>.<\/h2>\n<p>Su marca es \u00fanica, y su producto <a href=\"https:\/\/chinacustomboxes.com\/es\/holographic-laser-paper-rainbow-a5-deep-gift-box-with-ribbon\/\">envasado<\/a> tambi\u00e9n debe serlo. Ofrecemos un conjunto detallado de opciones de personalizaci\u00f3n para garantizar que su visi\u00f3n cobre vida de forma impecable. Cada componente de la caja del armario puede adaptarse para reflejar la esencia de su marca.<\/p>\n<p><strong>T\u00e9cnicas de impresi\u00f3n y acabado para un impacto visual:\u00a0<\/strong>.<\/p>\n<ul>\n<li><strong>Papel de aluminio Estampaci\u00f3n:\u00a0<\/strong>Incluya un toque de brillo met\u00e1lico con el estampado en caliente de papel de aluminio. Las atemporales l\u00e1minas de aluminio doradas y plateadas aportan un lujo atemporal, mientras que las l\u00e1minas de oro rosa, cobre y hologr\u00e1ficas ofrecen un encanto moderno y actual. Esto es excelente para dise\u00f1os de logotipos y aspectos clave del dise\u00f1o.<\/li>\n<li><strong>Estampaci\u00f3n y gofrado:\u00a0<\/strong>Desarrolle un sutil efecto tridimensional levantando (gofrado) o decepcionando (debossing) su logotipo o motivo en el papel. Esto a\u00f1ade un aspecto sofisticado que invita al tacto.<\/li>\n<li><strong>\u00c1rea Recubrimiento UV:\u00a0<\/strong>Utilice un barniz de alto brillo para detallar zonas de una caja con acabado mate y crear un llamativo contraste de estructuras. Este m\u00e9todo puede resaltar el dise\u00f1o de un logotipo, un patr\u00f3n o una marca, haciendo que destaque visualmente.<\/li>\n<li><strong>Consistencia de color y marca:\u00a0<\/strong>Utilizamos innovadores sistemas de igualaci\u00f3n de tonos CMYK y Pantone (PMS) para garantizar que los colores de su marca se recrean con excelente precisi\u00f3n, manteniendo la integridad de la marca en todos sus envases.<\/li>\n<\/ul>\n<p><strong>Adornos pr\u00e1cticos para un toque elegante:\u00a0<\/strong>.<\/p>\n<ul>\n<li><strong>Tirador de proa:\u00a0<\/strong>El elegante y pr\u00e1ctico tirador de lazo, como el que aparece en las im\u00e1genes, es una marca registrada de las cajoneras de primera calidad. Proporciona una forma sencilla de abrir el caj\u00f3n al tiempo que a\u00f1ade un toque de color y un elemento suave y sensible. Los lazos se pueden confeccionar en una amplia gama de colores e incluso se pueden imprimir con su marca.<\/li>\n<li><strong>Cierres magn\u00e9ticos:\u00a0<\/strong>Para una experiencia de lujo diferente, se pueden instalar cierres magn\u00e9ticos dentro de la funda y la bandeja, lo que proporciona una sensaci\u00f3n de cierre a presi\u00f3n agradable y segura que potencia mejor la calidad superior del envase del producto.<\/li>\n<\/ul>\n<p><img loading=\"lazy\" decoding=\"async\" class=\"alignnone wp-image-2263 size-full\" src=\"https:\/\/chinacustomboxes.com\/wp-content\/uploads\/2025\/08\/Body-Lotion-Essential-Oil-Perfume-Paper-Drawer-Boxes-Dealer-4.jpg\" alt=\"Loci\u00f3n Corporal Aceite Esencial Perfume Papel Caj\u00f3n Cajas Distribuidor\" width=\"1000\" height=\"1000\" title=\"\" srcset=\"https:\/\/chinacustomboxes.com\/wp-content\/uploads\/2025\/08\/Body-Lotion-Essential-Oil-Perfume-Paper-Drawer-Boxes-Dealer-4.jpg 1000w, https:\/\/chinacustomboxes.com\/wp-content\/uploads\/2025\/08\/Body-Lotion-Essential-Oil-Perfume-Paper-Drawer-Boxes-Dealer-4-300x300.jpg 300w, https:\/\/chinacustomboxes.com\/wp-content\/uploads\/2025\/08\/Body-Lotion-Essential-Oil-Perfume-Paper-Drawer-Boxes-Dealer-4-150x150.jpg 150w, https:\/\/chinacustomboxes.com\/wp-content\/uploads\/2025\/08\/Body-Lotion-Essential-Oil-Perfume-Paper-Drawer-Boxes-Dealer-4-768x768.jpg 768w, https:\/\/chinacustomboxes.com\/wp-content\/uploads\/2025\/08\/Body-Lotion-Essential-Oil-Perfume-Paper-Drawer-Boxes-Dealer-4-12x12.jpg 12w, https:\/\/chinacustomboxes.com\/wp-content\/uploads\/2025\/08\/Body-Lotion-Essential-Oil-Perfume-Paper-Drawer-Boxes-Dealer-4-600x600.jpg 600w, https:\/\/chinacustomboxes.com\/wp-content\/uploads\/2025\/08\/Body-Lotion-Essential-Oil-Perfume-Paper-Drawer-Boxes-Dealer-4-100x100.jpg 100w\" sizes=\"(max-width: 1000px) 100vw, 1000px\" \/><\/p>\n<h2 id=\"5-your-partner-in-product-packaging-quality-the-dealer-advantage-\">5.\u00a0<strong>Su socio en calidad de envasado de productos: La ventaja del distribuidor\u00a0<\/strong>.<\/h2>\n<p>Navegar por el mundo de <a href=\"https:\/\/chinacustomboxes.com\/es\/silver-hologram-paper-folding-gift-sephora-packaging-boxes\/\">envases personalizados<\/a> puede ser complicado. Como su proveedor especializado en el embalaje de productos, nuestra funci\u00f3n va mucho m\u00e1s all\u00e1 del mero suministro de cajas. Funcionamos como su asesor, gestor de trabajo y experto en control de calidad, simplificando todo el proceso, desde la idea hasta la distribuci\u00f3n.<\/p>\n<ul>\n<li><strong>Orientaci\u00f3n profesional:\u00a0<\/strong>Nuestro equipo de profesionales ofrece asesoramiento muy \u00fatil sobre la opci\u00f3n de producto, el dise\u00f1o arquitect\u00f3nico y las opciones de acabado para ayudarle a desarrollar uno de los envases de producto m\u00e1s eficaces y econ\u00f3micos para sus necesidades de detalles.<\/li>\n<li><strong>Seguimiento ininterrumpido de la cadena de suministro:\u00a0<\/strong>Utilizamos nuestra importante red de socios fabricantes de primer nivel para garantizar la mejor fabricaci\u00f3n. Nos encargamos de toda la log\u00edstica, desde la creaci\u00f3n de prototipos y la organizaci\u00f3n de la producci\u00f3n hasta el env\u00edo final, lo que garantiza una distribuci\u00f3n r\u00e1pida y le permite concentrarse en su actividad principal.<\/li>\n<li><strong>Alta calidad con la que puede contar:\u00a0<\/strong>Aplicamos rigurosos criterios de garant\u00eda de calidad en todas las fases de fabricaci\u00f3n. Desde la precisi\u00f3n de los troquelados hasta la consistencia del color, nos aseguramos de que cada caja que obtenga sea perfecta.<\/li>\n<li><strong>Soluciones para cada Gama:\u00a0<\/strong>Tanto si se trata de la marca de una tienda que lanza un nuevo producto como de una empresa reconocida que planifica una tirada a gran escala, contamos con la adaptabilidad y los recursos necesarios para gestionar pedidos de todos los tama\u00f1os, garantiz\u00e1ndole precios asequibles y una soluci\u00f3n dedicada.<\/li>\n<\/ul>","protected":false},"excerpt":{"rendered":"<p>Cajas de papel para loci\u00f3n corporal aceite esencial perfume distribuidor describe remedios de envasado de productos que integran loci\u00f3n corporal con aceites esenciales, con frecuencia de una manera que permite la personalizaci\u00f3n del aroma. Estas cajas pueden contener tanto la loci\u00f3n corporal como aceites importantes, o pueden estar desarrolladas para contener tanto la crema como un recipiente separado de aceites esenciales para que el usuario los mezcle y combine. El envase suele contener instrucciones o consejos para crear mezclas de aromas personalizadas.<\/p>","protected":false},"featured_media":2261,"template":"","meta":{"_kad_post_transparent":"default","_kad_post_title":"","_kad_post_layout":"default","_kad_post_sidebar_id":"","_kad_post_content_style":"default","_kad_post_vertical_padding":"default","_kad_post_feature":"","_kad_post_feature_position":"","_kad_post_header":false,"_kad_post_footer":false,"_kad_post_classname":""},"product_brand":[],"product_cat":[15,17,28,20,34],"product_tag":[552,553,554],"class_list":{"0":"post-2259","1":"product","2":"type-product","3":"status-publish","4":"has-post-thumbnail","6":"product_cat-boxes-by-shapes","7":"product_cat-boxes-by-industries","8":"product_cat-cosmetic-packaging-boxes","9":"product_cat-drawer-style-boxes","10":"product_cat-perfume-packaging-boxes","11":"product_tag-body-lotion-boxes","12":"product_tag-essential-oil-boxes","13":"product_tag-paper-drawer-boxes","15":"first","16":"instock","17":"shipping-taxable","18":"product-type-simple","19":"entry","20":"content-bg","21":"loop-entry"},"_links":{"self":[{"href":"https:\/\/chinacustomboxes.com\/es\/wp-json\/wp\/v2\/product\/2259","targetHints":{"allow":["GET"]}}],"collection":[{"href":"https:\/\/chinacustomboxes.com\/es\/wp-json\/wp\/v2\/product"}],"about":[{"href":"https:\/\/chinacustomboxes.com\/es\/wp-json\/wp\/v2\/types\/product"}],"wp:featuredmedia":[{"embeddable":true,"href":"https:\/\/chinacustomboxes.com\/es\/wp-json\/wp\/v2\/media\/2261"}],"wp:attachment":[{"href":"https:\/\/chinacustomboxes.com\/es\/wp-json\/wp\/v2\/media?parent=2259"}],"wp:term":[{"taxonomy":"product_brand","embeddable":true,"href":"https:\/\/chinacustomboxes.com\/es\/wp-json\/wp\/v2\/product_brand?post=2259"},{"taxonomy":"product_cat","embeddable":true,"href":"https:\/\/chinacustomboxes.com\/es\/wp-json\/wp\/v2\/product_cat?post=2259"},{"taxonomy":"product_tag","embeddable":true,"href":"https:\/\/chinacustomboxes.com\/es\/wp-json\/wp\/v2\/product_tag?post=2259"}],"curies":[{"name":"wp","href":"https:\/\/api.w.org\/{rel}","templated":true}]}}