{"id":2273,"date":"2025-08-20T03:15:00","date_gmt":"2025-08-20T03:15:00","guid":{"rendered":"https:\/\/chinacustomboxes.com\/?post_type=product&#038;p=2273"},"modified":"2025-08-20T03:44:20","modified_gmt":"2025-08-20T03:44:20","slug":"eye-cream-carrier-oil-cosmetic-magnetic-lid-boxes-factory","status":"publish","type":"product","link":"https:\/\/chinacustomboxes.com\/es\/eye-cream-carrier-oil-cosmetic-magnetic-lid-boxes-factory\/","title":{"rendered":"Crema de Ojos Aceite Portador Cosm\u00e9ticos Tapa Magn\u00e9tica Cajas F\u00e1brica"},"content":{"rendered":"<h2 id=\"premium-custom-made-magnetic-lid-eye-cream-essence-freeze-dried-powder-appeal-boxes\">Premium Tapa magn\u00e9tica a medida Crema de ojos Esencia Polvo Liofilizado Cajas de apelaci\u00f3n<br \/>\n<span style=\"font-size: 17px; font-weight: 400;\">Entendemos que en el ferozmente competitivo mercado de los cosm\u00e9ticos, el envase no es s\u00f3lo un contenedor para el producto, sino tambi\u00e9n el medio para la primera conexi\u00f3n emocional entre la marca y el consumidor. Es portador de la filosof\u00eda de la marca, transmite la profesionalidad del producto y, en \u00faltima instancia, influye en la decisi\u00f3n de compra del consumidor. Por eso hemos dedicado nuestros esfuerzos a crear este <a href=\"https:\/\/chinacustomboxes.com\/es\/exporting-custom-luxury-magnetic-closure-rigid-shoes-boxes\/\">estuche de belleza con tapa magn\u00e9tica<\/a>El objetivo es ofrecer un hogar perfecto para sus productos, cuidando hasta el \u00faltimo detalle y combinando protecci\u00f3n, funcionalidad y arte.<\/span><\/h2>\n<h2 id=\"1-ingenious-magnetic-structure-elegant-opening-and-closing-exuding-high-end\">1. Ingeniosa Estructura Magn\u00e9tica: Apertura y cierre elegantes, que emanan alta gama<\/h2>\n<p>Hemos abandonado los estilos convencionales de cierre a presi\u00f3n o abatible y hemos adoptado de forma innovadora un sistema integrado y potente de <a href=\"https:\/\/chinacustomboxes.com\/es\/magnetic-closure-boxes\/\">cierre magn\u00e9tico Cajas<\/a>. Cuando la tapa se cierra suavemente, los imanes encajan con precisi\u00f3n, emitiendo un clic n\u00edtido y constante, produciendo una sensaci\u00f3n distintiva de rutina y satisfacci\u00f3n. Este estilo no s\u00f3lo garantiza el beneficio y la seguridad de la caja, evitando con \u00e9xito la apertura accidental durante la movilidad o el transporte, sino que su suave experiencia de apertura y cierre personifica a la perfecci\u00f3n la sofisticaci\u00f3n y el lujo que buscan los cosm\u00e9ticos de gama alta. Cada apertura es una elegante comunicaci\u00f3n de marca.<\/p>\n<p><img fetchpriority=\"high\" decoding=\"async\" class=\"alignnone wp-image-2276 size-full\" src=\"https:\/\/chinacustomboxes.com\/wp-content\/uploads\/2025\/08\/Eye-Cream-Carrier-Oil-Cosmetic-Magnetic-Lid-Boxes-Factory-3.jpg\" alt=\"Crema de Ojos Aceite Portador Cosm\u00e9ticos Tapa Magn\u00e9tica Cajas F\u00e1brica\" width=\"1000\" height=\"1000\" title=\"\" srcset=\"https:\/\/chinacustomboxes.com\/wp-content\/uploads\/2025\/08\/Eye-Cream-Carrier-Oil-Cosmetic-Magnetic-Lid-Boxes-Factory-3.jpg 1000w, https:\/\/chinacustomboxes.com\/wp-content\/uploads\/2025\/08\/Eye-Cream-Carrier-Oil-Cosmetic-Magnetic-Lid-Boxes-Factory-3-300x300.jpg 300w, https:\/\/chinacustomboxes.com\/wp-content\/uploads\/2025\/08\/Eye-Cream-Carrier-Oil-Cosmetic-Magnetic-Lid-Boxes-Factory-3-150x150.jpg 150w, https:\/\/chinacustomboxes.com\/wp-content\/uploads\/2025\/08\/Eye-Cream-Carrier-Oil-Cosmetic-Magnetic-Lid-Boxes-Factory-3-768x768.jpg 768w, https:\/\/chinacustomboxes.com\/wp-content\/uploads\/2025\/08\/Eye-Cream-Carrier-Oil-Cosmetic-Magnetic-Lid-Boxes-Factory-3-12x12.jpg 12w, https:\/\/chinacustomboxes.com\/wp-content\/uploads\/2025\/08\/Eye-Cream-Carrier-Oil-Cosmetic-Magnetic-Lid-Boxes-Factory-3-600x600.jpg 600w, https:\/\/chinacustomboxes.com\/wp-content\/uploads\/2025\/08\/Eye-Cream-Carrier-Oil-Cosmetic-Magnetic-Lid-Boxes-Factory-3-100x100.jpg 100w\" sizes=\"(max-width: 1000px) 100vw, 1000px\" \/><\/p>\n<h2 id=\"2-scientific-interior-format-customized-and-organized\">2. Formato interior cient\u00edfico: Personalizado y organizado<\/h2>\n<p>Conocemos a fondo las diferencias de dimensi\u00f3n y tipo entre los distintos cosm\u00e9ticos (como polvos liofilizados, ampollas, lociones, lociones para los ojos, etc.). Por eso, ofrecemos soluciones de interior totalmente a medida. Tanto si se trata de un vial solitario que requiere una colocaci\u00f3n espec\u00edfica como de un establecimiento que requiere almacenamiento en capas, podemos desarrollarlo con precisi\u00f3n. Este dise\u00f1o altamente adaptable no s\u00f3lo permite exponer los productos de forma ordenada y perfecta, sino que tambi\u00e9n aumenta significativamente la practicidad del envase y la utilizaci\u00f3n del espacio gracias a su estilo de almacenamiento en capas, facilitando a los clientes el descubrimiento y el acceso a las cosas de un vistazo.<\/p>\n<h2 id=\"3-eco-friendly-lamination-lightweight-and-sturdy-with-a-phenomenal-touch\">3. Laminaci\u00f3n ecol\u00f3gica: Ligero y resistente, con un tacto fenomenal<\/h2>\n<p>Esta caja de embalaje de productos logra el mejor equilibrio entre respeto ecol\u00f3gico y robustez en su selecci\u00f3n de productos. La caja est\u00e1 fabricada con papel de alta calidad, que mantiene su agilidad inherente para facilitar el transporte y la transportabilidad. Adem\u00e1s, la superficie se somete a un innovador procedimiento de laminado que le confiere una sensaci\u00f3n suave como la seda y mejora significativamente su resistencia a los golpes, los ara\u00f1azos y la humedad. Esto significa que la caja mantiene su estabilidad incluso en problemas de humedad, protegiendo adecuadamente los productos que contiene. Se trata de una opci\u00f3n respetuosa con el medio ambiente y los productos.<\/p>\n<p><img decoding=\"async\" class=\"alignnone wp-image-2275 size-full\" src=\"https:\/\/chinacustomboxes.com\/wp-content\/uploads\/2025\/08\/Eye-Cream-Carrier-Oil-Cosmetic-Magnetic-Lid-Boxes-Factory-2.jpg\" alt=\"Crema de Ojos Aceite Portador Cosm\u00e9ticos Tapa Magn\u00e9tica Cajas F\u00e1brica\" width=\"1000\" height=\"1000\" title=\"\" srcset=\"https:\/\/chinacustomboxes.com\/wp-content\/uploads\/2025\/08\/Eye-Cream-Carrier-Oil-Cosmetic-Magnetic-Lid-Boxes-Factory-2.jpg 1000w, https:\/\/chinacustomboxes.com\/wp-content\/uploads\/2025\/08\/Eye-Cream-Carrier-Oil-Cosmetic-Magnetic-Lid-Boxes-Factory-2-300x300.jpg 300w, https:\/\/chinacustomboxes.com\/wp-content\/uploads\/2025\/08\/Eye-Cream-Carrier-Oil-Cosmetic-Magnetic-Lid-Boxes-Factory-2-150x150.jpg 150w, https:\/\/chinacustomboxes.com\/wp-content\/uploads\/2025\/08\/Eye-Cream-Carrier-Oil-Cosmetic-Magnetic-Lid-Boxes-Factory-2-768x768.jpg 768w, https:\/\/chinacustomboxes.com\/wp-content\/uploads\/2025\/08\/Eye-Cream-Carrier-Oil-Cosmetic-Magnetic-Lid-Boxes-Factory-2-12x12.jpg 12w, https:\/\/chinacustomboxes.com\/wp-content\/uploads\/2025\/08\/Eye-Cream-Carrier-Oil-Cosmetic-Magnetic-Lid-Boxes-Factory-2-600x600.jpg 600w, https:\/\/chinacustomboxes.com\/wp-content\/uploads\/2025\/08\/Eye-Cream-Carrier-Oil-Cosmetic-Magnetic-Lid-Boxes-Factory-2-100x100.jpg 100w\" sizes=\"(max-width: 1000px) 100vw, 1000px\" \/><\/p>\n<h2 id=\"4-eva-cellular-lining-security-thorough-interest-to-shielding\">4. Seguridad del forro celular EVA: Inter\u00e9s minucioso por el blindaje<\/h2>\n<p>La seguridad del producto es una de las principales preocupaciones de nuestro estilo. Para el revestimiento celular, utilizamos espuma EVA de alta densidad, creada intacta mediante un procedimiento de troquelado de precisi\u00f3n. El forro celular acabado presenta una superficie lisa y sin rebabas, lo que garantiza que no se produzcan rasgu\u00f1os ni da\u00f1os en el envase o la etiqueta al colocar o retirar los productos. La excelente durabilidad y capacidad de amortiguaci\u00f3n del material EVA absorbe eficazmente los golpes y la resonancia del exterior, ofreciendo una seguridad duradera y completa para sus productos durante los complejos entornos de transporte y almacenamiento, garantizando que lleguen a los clientes en perfectas condiciones.<\/p>\n<h2 id=\"5-modern-aesthetic-style-technological-structure-basic-beauty\">5. Estilo est\u00e9tico moderno: Estructura tecnol\u00f3gica, belleza b\u00e1sica<\/h2>\n<p>Para el dise\u00f1o exterior, seleccionamos un esquema de color plateado que emana una sensaci\u00f3n t\u00e9cnica y avanzada, aceptando a la perfecci\u00f3n las ideas de \"cuidado cl\u00ednico de la piel\" y \"precisi\u00f3n y eficacia\" destacadas en el cuidado contempor\u00e1neo de la piel. La superficie del envase est\u00e1 decorada con l\u00edneas tonales, que da\u00f1an la uniformidad del tedioso dise\u00f1o de color y a\u00f1aden una sensaci\u00f3n de estratificaci\u00f3n y dinamismo. El dise\u00f1o total es minimalista y elegante, pero mantiene detalles refinados. Este lenguaje de dise\u00f1o capta r\u00e1pidamente la atenci\u00f3n de los consumidores objetivo y transmite el sentido \u00fanico de profesionalidad y eficacia de la marca.<\/p>\n<p><img decoding=\"async\" class=\"alignnone wp-image-2274 size-full\" src=\"https:\/\/chinacustomboxes.com\/wp-content\/uploads\/2025\/08\/Eye-Cream-Carrier-Oil-Cosmetic-Magnetic-Lid-Boxes-Factory-1.jpg\" alt=\"Crema de Ojos Aceite Portador Cosm\u00e9ticos Tapa Magn\u00e9tica Cajas F\u00e1brica\" width=\"1000\" height=\"1000\" title=\"\" srcset=\"https:\/\/chinacustomboxes.com\/wp-content\/uploads\/2025\/08\/Eye-Cream-Carrier-Oil-Cosmetic-Magnetic-Lid-Boxes-Factory-1.jpg 1000w, https:\/\/chinacustomboxes.com\/wp-content\/uploads\/2025\/08\/Eye-Cream-Carrier-Oil-Cosmetic-Magnetic-Lid-Boxes-Factory-1-300x300.jpg 300w, https:\/\/chinacustomboxes.com\/wp-content\/uploads\/2025\/08\/Eye-Cream-Carrier-Oil-Cosmetic-Magnetic-Lid-Boxes-Factory-1-150x150.jpg 150w, https:\/\/chinacustomboxes.com\/wp-content\/uploads\/2025\/08\/Eye-Cream-Carrier-Oil-Cosmetic-Magnetic-Lid-Boxes-Factory-1-768x768.jpg 768w, https:\/\/chinacustomboxes.com\/wp-content\/uploads\/2025\/08\/Eye-Cream-Carrier-Oil-Cosmetic-Magnetic-Lid-Boxes-Factory-1-12x12.jpg 12w, https:\/\/chinacustomboxes.com\/wp-content\/uploads\/2025\/08\/Eye-Cream-Carrier-Oil-Cosmetic-Magnetic-Lid-Boxes-Factory-1-600x600.jpg 600w, https:\/\/chinacustomboxes.com\/wp-content\/uploads\/2025\/08\/Eye-Cream-Carrier-Oil-Cosmetic-Magnetic-Lid-Boxes-Factory-1-100x100.jpg 100w\" sizes=\"(max-width: 1000px) 100vw, 1000px\" \/><\/p>\n<h2 id=\"6-high-definition-printing-innovation-accurate-interaction-showing-professionalism-and-reliability\">6. Innovaci\u00f3n en impresi\u00f3n de alta definici\u00f3n: Interacci\u00f3n precisa, muestra de profesionalidad y fiabilidad<\/h2>\n<p>Utilizamos herramientas de impresi\u00f3n l\u00edderes en el sector y tecnolog\u00eda moderna para garantizar que cada palabra y cada dise\u00f1o de logotipo tengan una calidad espl\u00e9ndida, sin denigraciones ni borrones. Mantenemos estrictos requisitos de administraci\u00f3n de tonos, asegurando la mayor fidelidad de color posible en el producto impreso final, ajust\u00e1ndonos perfectamente al dise\u00f1o de la identidad est\u00e9tica (VI) de su marca. Este minucioso inter\u00e9s por la informaci\u00f3n es un poderoso testimonio de nuestra profesionalidad y una solemne dedicaci\u00f3n a las normas profesionales de la comunicaci\u00f3n est\u00e9tica de marca.<\/p>\n<h2 id=\"7-full-service-modification-flexible-and-versatile-for-a-tailored-experience\">7. Modificaci\u00f3n de servicio completo: Flexible y vers\u00e1til para una experiencia a medida<\/h2>\n<p>Creemos firmemente que toda marca eficaz merece su propia firma \u00fanica. Con este fin, ofrecemos un servicio completo de personalizaci\u00f3n, desde el concepto hasta el art\u00edculo completo. Puede elegir f\u00e1cilmente el marco de la caja, el material del cuerpo principal (como papel especializado, papel art\u00edstico, papel con textura de cuero), el tratamiento de la superficie (como estampaci\u00f3n en caliente en oro\/plata, gofrado UV, debossing, gofrado) y las opciones de impresi\u00f3n. Nuestro dedicado equipo trabajar\u00e1 cuidadosamente con usted para transformar el concepto de su marca y sus ideas innovadoras en envases especiales, satisfaciendo con flexibilidad los distinguidos requisitos del mercado de su marca.<\/p>\n<p><img loading=\"lazy\" decoding=\"async\" class=\"alignnone wp-image-2277 size-full\" src=\"https:\/\/chinacustomboxes.com\/wp-content\/uploads\/2025\/08\/Eye-Cream-Carrier-Oil-Cosmetic-Magnetic-Lid-Boxes-Factory-4.jpg\" alt=\"Crema de Ojos Aceite Portador Cosm\u00e9ticos Tapa Magn\u00e9tica Cajas F\u00e1brica\" width=\"1000\" height=\"1000\" title=\"\" srcset=\"https:\/\/chinacustomboxes.com\/wp-content\/uploads\/2025\/08\/Eye-Cream-Carrier-Oil-Cosmetic-Magnetic-Lid-Boxes-Factory-4.jpg 1000w, https:\/\/chinacustomboxes.com\/wp-content\/uploads\/2025\/08\/Eye-Cream-Carrier-Oil-Cosmetic-Magnetic-Lid-Boxes-Factory-4-300x300.jpg 300w, https:\/\/chinacustomboxes.com\/wp-content\/uploads\/2025\/08\/Eye-Cream-Carrier-Oil-Cosmetic-Magnetic-Lid-Boxes-Factory-4-150x150.jpg 150w, https:\/\/chinacustomboxes.com\/wp-content\/uploads\/2025\/08\/Eye-Cream-Carrier-Oil-Cosmetic-Magnetic-Lid-Boxes-Factory-4-768x768.jpg 768w, https:\/\/chinacustomboxes.com\/wp-content\/uploads\/2025\/08\/Eye-Cream-Carrier-Oil-Cosmetic-Magnetic-Lid-Boxes-Factory-4-12x12.jpg 12w, https:\/\/chinacustomboxes.com\/wp-content\/uploads\/2025\/08\/Eye-Cream-Carrier-Oil-Cosmetic-Magnetic-Lid-Boxes-Factory-4-600x600.jpg 600w, https:\/\/chinacustomboxes.com\/wp-content\/uploads\/2025\/08\/Eye-Cream-Carrier-Oil-Cosmetic-Magnetic-Lid-Boxes-Factory-4-100x100.jpg 100w\" sizes=\"(max-width: 1000px) 100vw, 1000px\" \/><\/p>\n<h2 id=\"8-1-hour-express-prototyping-seize-the-opportunity-and-win-the-marketplace\">8. Prototipado expr\u00e9s en 1 hora: Aprovechar la oportunidad y ganar el mercado<\/h2>\n<p>En un mercado que cambia con rapidez, la velocidad es una ventaja. Nuestra soluci\u00f3n de prototipado expr\u00e9s en 1 hora est\u00e1 pensada para acortar considerablemente su ciclo de desarrollo y creaci\u00f3n de nuevos productos. Una vez que haya terminado su dise\u00f1o, le proporcionaremos muestras f\u00edsicas de alta fidelidad en tiempo de documento para que examine la estructura, el producto y la impresi\u00f3n. Este fiable servicio le ayuda a elegir y ajustar sus estrategias mucho m\u00e1s r\u00e1pido, ayudando en \u00faltima instancia a que su marca aproveche las posibilidades del mercado y se mantenga un paso por delante.<\/p>","protected":false},"excerpt":{"rendered":"<p>Las cajas con tapa magn\u00e9tica para cosm\u00e9ticos son un tipo de envase dise\u00f1ado para productos de belleza, con un cierre magn\u00e9tico para una apertura y cierre seguros y c\u00f3modos. Suelen fabricarse con materiales resistentes, como cart\u00f3n r\u00edgido, y pueden personalizarse con distintos acabados y opciones de impresi\u00f3n para mejorar la presentaci\u00f3n del producto.<\/p>","protected":false},"featured_media":2277,"template":"","meta":{"_kad_post_transparent":"default","_kad_post_title":"","_kad_post_layout":"default","_kad_post_sidebar_id":"","_kad_post_content_style":"default","_kad_post_vertical_padding":"default","_kad_post_feature":"","_kad_post_feature_position":"","_kad_post_header":false,"_kad_post_footer":false,"_kad_post_classname":""},"product_brand":[],"product_cat":[15,17,28,18],"product_tag":[559,558,458],"class_list":{"0":"post-2273","1":"product","2":"type-product","3":"status-publish","4":"has-post-thumbnail","6":"product_cat-boxes-by-shapes","7":"product_cat-boxes-by-industries","8":"product_cat-cosmetic-packaging-boxes","9":"product_cat-magnetic-closure-boxes","10":"product_tag-carrier-oil-cosmetic-boxes","11":"product_tag-eye-cream-boxes","12":"product_tag-magnetic-lid-boxes","14":"first","15":"instock","16":"shipping-taxable","17":"product-type-simple","18":"entry","19":"content-bg","20":"loop-entry"},"_links":{"self":[{"href":"https:\/\/chinacustomboxes.com\/es\/wp-json\/wp\/v2\/product\/2273","targetHints":{"allow":["GET"]}}],"collection":[{"href":"https:\/\/chinacustomboxes.com\/es\/wp-json\/wp\/v2\/product"}],"about":[{"href":"https:\/\/chinacustomboxes.com\/es\/wp-json\/wp\/v2\/types\/product"}],"wp:featuredmedia":[{"embeddable":true,"href":"https:\/\/chinacustomboxes.com\/es\/wp-json\/wp\/v2\/media\/2277"}],"wp:attachment":[{"href":"https:\/\/chinacustomboxes.com\/es\/wp-json\/wp\/v2\/media?parent=2273"}],"wp:term":[{"taxonomy":"product_brand","embeddable":true,"href":"https:\/\/chinacustomboxes.com\/es\/wp-json\/wp\/v2\/product_brand?post=2273"},{"taxonomy":"product_cat","embeddable":true,"href":"https:\/\/chinacustomboxes.com\/es\/wp-json\/wp\/v2\/product_cat?post=2273"},{"taxonomy":"product_tag","embeddable":true,"href":"https:\/\/chinacustomboxes.com\/es\/wp-json\/wp\/v2\/product_tag?post=2273"}],"curies":[{"name":"wp","href":"https:\/\/api.w.org\/{rel}","templated":true}]}}