{"id":2278,"date":"2025-08-20T03:45:08","date_gmt":"2025-08-20T03:45:08","guid":{"rendered":"https:\/\/chinacustomboxes.com\/?post_type=product&#038;p=2278"},"modified":"2025-08-20T05:37:21","modified_gmt":"2025-08-20T05:37:21","slug":"callus-remover-nail-brush-paper-drawer-boxes-manufacturer","status":"publish","type":"product","link":"https:\/\/chinacustomboxes.com\/es\/callus-remover-nail-brush-paper-drawer-boxes-manufacturer\/","title":{"rendered":"Quita callos Cepillo de u\u00f1as Papel Caj\u00f3n Cajas Fabricante"},"content":{"rendered":"<h2 id=\"high-end-exfoliating-brush-nail-brush-drawer-style-paper-product-packaging\">Cepillo exfoliante\/cepillo para u\u00f1as de gama alta Embalaje de productos de papel tipo caj\u00f3n<\/h2>\n<p>En el cada vez m\u00e1s competitivo mercado del tratamiento individual, los art\u00edculos excepcionales requieren productos igualmente fenomenales <a href=\"https:\/\/chinacustomboxes.com\/es\/valentines-day-heart-shaped-gift-box-packaging-for-jewelry\/\">envasado<\/a> para comunicar su valor. Nuestros envases de papel premium especialmente dise\u00f1ados para cepillos de limpieza y cepillos de u\u00f1as son mucho m\u00e1s que una simple protecci\u00f3n; tambi\u00e9n funcionan como un punto de contacto vital que mejora la imagen de marca y maximiza la experiencia del cliente.<\/p>\n<p><img fetchpriority=\"high\" decoding=\"async\" class=\"alignnone wp-image-2282 size-full\" src=\"https:\/\/chinacustomboxes.com\/wp-content\/uploads\/2025\/08\/Callus-Remover-Nail-Brush-Paper-Drawer-Supplies-Manufacturer-4.jpg\" alt=\"Quita Callos Cepillo U\u00f1as Papel Caj\u00f3n Suministros Fabricantes\" width=\"1000\" height=\"1000\" title=\"\" srcset=\"https:\/\/chinacustomboxes.com\/wp-content\/uploads\/2025\/08\/Callus-Remover-Nail-Brush-Paper-Drawer-Supplies-Manufacturer-4.jpg 1000w, https:\/\/chinacustomboxes.com\/wp-content\/uploads\/2025\/08\/Callus-Remover-Nail-Brush-Paper-Drawer-Supplies-Manufacturer-4-300x300.jpg 300w, https:\/\/chinacustomboxes.com\/wp-content\/uploads\/2025\/08\/Callus-Remover-Nail-Brush-Paper-Drawer-Supplies-Manufacturer-4-150x150.jpg 150w, https:\/\/chinacustomboxes.com\/wp-content\/uploads\/2025\/08\/Callus-Remover-Nail-Brush-Paper-Drawer-Supplies-Manufacturer-4-768x768.jpg 768w, https:\/\/chinacustomboxes.com\/wp-content\/uploads\/2025\/08\/Callus-Remover-Nail-Brush-Paper-Drawer-Supplies-Manufacturer-4-12x12.jpg 12w, https:\/\/chinacustomboxes.com\/wp-content\/uploads\/2025\/08\/Callus-Remover-Nail-Brush-Paper-Drawer-Supplies-Manufacturer-4-600x600.jpg 600w, https:\/\/chinacustomboxes.com\/wp-content\/uploads\/2025\/08\/Callus-Remover-Nail-Brush-Paper-Drawer-Supplies-Manufacturer-4-100x100.jpg 100w\" sizes=\"(max-width: 1000px) 100vw, 1000px\" \/><\/p>\n<h2 id=\"1-ingenious-pull-out-framework-reinforces-brand-name-memorability\">1. El ingenioso marco desplegable refuerza la memorizaci\u00f3n del nombre de la marca<\/h2>\n<p>Nuestro innovador sistema de apertura y cierre tipo caj\u00f3n se ha creado para ofrecerle a usted y a sus clientes una experiencia de desembalaje extraordinariamente suave. La amortiguaci\u00f3n ajustada con precisi\u00f3n desarrolla una sensaci\u00f3n de rutina con cada apertura, reduciendo eficazmente la fricci\u00f3n relacionada con el embalaje tradicional del producto. Esta experiencia interactiva \u00fanica capta r\u00e1pidamente la atenci\u00f3n de los clientes, combinando a la perfecci\u00f3n capacidad y diversi\u00f3n, y desarrollando un v\u00ednculo profundo y especial con la marca en sus mentes.<\/p>\n<p><img decoding=\"async\" class=\"alignnone wp-image-2279 size-full\" src=\"https:\/\/chinacustomboxes.com\/wp-content\/uploads\/2025\/08\/Callus-Remover-Nail-Brush-Paper-Drawer-Supplies-Manufacturer-1.jpg\" alt=\"Quita Callos Cepillo U\u00f1as Papel Caj\u00f3n Suministros Fabricantes\" width=\"1000\" height=\"1000\" title=\"\" srcset=\"https:\/\/chinacustomboxes.com\/wp-content\/uploads\/2025\/08\/Callus-Remover-Nail-Brush-Paper-Drawer-Supplies-Manufacturer-1.jpg 1000w, https:\/\/chinacustomboxes.com\/wp-content\/uploads\/2025\/08\/Callus-Remover-Nail-Brush-Paper-Drawer-Supplies-Manufacturer-1-300x300.jpg 300w, https:\/\/chinacustomboxes.com\/wp-content\/uploads\/2025\/08\/Callus-Remover-Nail-Brush-Paper-Drawer-Supplies-Manufacturer-1-150x150.jpg 150w, https:\/\/chinacustomboxes.com\/wp-content\/uploads\/2025\/08\/Callus-Remover-Nail-Brush-Paper-Drawer-Supplies-Manufacturer-1-768x768.jpg 768w, https:\/\/chinacustomboxes.com\/wp-content\/uploads\/2025\/08\/Callus-Remover-Nail-Brush-Paper-Drawer-Supplies-Manufacturer-1-12x12.jpg 12w, https:\/\/chinacustomboxes.com\/wp-content\/uploads\/2025\/08\/Callus-Remover-Nail-Brush-Paper-Drawer-Supplies-Manufacturer-1-600x600.jpg 600w, https:\/\/chinacustomboxes.com\/wp-content\/uploads\/2025\/08\/Callus-Remover-Nail-Brush-Paper-Drawer-Supplies-Manufacturer-1-100x100.jpg 100w\" sizes=\"(max-width: 1000px) 100vw, 1000px\" \/><\/p>\n<h2 id=\"2-accurate-cellular-lining-matching-guarantees-hassle-free-transport\">2. La precisi\u00f3n del revestimiento celular garantiza un transporte sin problemas<\/h2>\n<p>La seguridad de los art\u00edculos durante el transporte es una de las principales prioridades de nuestro dise\u00f1o. El interior del <a href=\"https:\/\/chinacustomboxes.com\/es\/\">caja<\/a> utiliza un forro celular de EVA de alta densidad, que proporciona una excelente absorci\u00f3n de impactos, acolchado y retenci\u00f3n de la forma. Gracias a c\u00e1lculos espec\u00edficos y a la fabricaci\u00f3n de moldes, garantizamos que las formas del forro acanalado se adapten completamente a sus productos de forma \u00fanica (como cepillos de fregar y cepillos de u\u00f1as), con la profundidad espec\u00edficamente adaptada a la propia caja. Esto evita eficazmente cualquier desplazamiento o temblor durante el transporte, reduciendo el riesgo de da\u00f1os.<\/p>\n<h2 id=\"3-elegant-hot-marking-workmanship-emphasizes-brand-costs\">3. La elegante mano de obra del marcado en caliente acent\u00faa los costes de la marca<\/h2>\n<p>Para resaltar el valor de su marca, utilizamos un exquisito proceso de estampaci\u00f3n en caliente en la superficie de la caja. Esta t\u00e9cnica crea un brillo met\u00e1lico intenso y n\u00edtido para el dise\u00f1o del logotipo de la marca y los detalles vitales, al tiempo que produce patrones claros y hermosos y colores vibrantes y cautivadores para una influencia est\u00e9tica eficaz. El bello marcado en caliente no s\u00f3lo eleva la calidad general del envase del producto, sino que tambi\u00e9n transmite a los clientes el posicionamiento de marca profesional y de primera calidad del art\u00edculo, aumentando con \u00e9xito el valor de la marca.<\/p>\n<p><img decoding=\"async\" class=\"alignnone wp-image-2280 size-full\" src=\"https:\/\/chinacustomboxes.com\/wp-content\/uploads\/2025\/08\/Callus-Remover-Nail-Brush-Paper-Drawer-Supplies-Manufacturer-2.jpg\" alt=\"Quita Callos Cepillo U\u00f1as Papel Caj\u00f3n Suministros Fabricantes\" width=\"1000\" height=\"1000\" title=\"\" srcset=\"https:\/\/chinacustomboxes.com\/wp-content\/uploads\/2025\/08\/Callus-Remover-Nail-Brush-Paper-Drawer-Supplies-Manufacturer-2.jpg 1000w, https:\/\/chinacustomboxes.com\/wp-content\/uploads\/2025\/08\/Callus-Remover-Nail-Brush-Paper-Drawer-Supplies-Manufacturer-2-300x300.jpg 300w, https:\/\/chinacustomboxes.com\/wp-content\/uploads\/2025\/08\/Callus-Remover-Nail-Brush-Paper-Drawer-Supplies-Manufacturer-2-150x150.jpg 150w, https:\/\/chinacustomboxes.com\/wp-content\/uploads\/2025\/08\/Callus-Remover-Nail-Brush-Paper-Drawer-Supplies-Manufacturer-2-768x768.jpg 768w, https:\/\/chinacustomboxes.com\/wp-content\/uploads\/2025\/08\/Callus-Remover-Nail-Brush-Paper-Drawer-Supplies-Manufacturer-2-12x12.jpg 12w, https:\/\/chinacustomboxes.com\/wp-content\/uploads\/2025\/08\/Callus-Remover-Nail-Brush-Paper-Drawer-Supplies-Manufacturer-2-600x600.jpg 600w, https:\/\/chinacustomboxes.com\/wp-content\/uploads\/2025\/08\/Callus-Remover-Nail-Brush-Paper-Drawer-Supplies-Manufacturer-2-100x100.jpg 100w\" sizes=\"(max-width: 1000px) 100vw, 1000px\" \/><\/p>\n<h2 id=\"4-sophisticated-purple-appearances-sparks-expectancy\">4. La sofisticada apariencia p\u00farpura despierta expectaci\u00f3n<\/h2>\n<p>El envase del producto utiliza un sofisticado morado como color principal. Desde el punto de vista de la psicolog\u00eda del color, el morado suele relacionarse con el lujo, la creatividad y la aristocracia. Este tono suave, pero profundo, disminuye adecuadamente el cansancio visual provocado por la observaci\u00f3n prolongada, produciendo un ambiente tranquilo y extra\u00f1o que despierta la curiosidad sobre los productos que contiene y una sensaci\u00f3n de expectaci\u00f3n al abrirlo.<\/p>\n<h2 id=\"5-long-lasting-bow-pull-ring-in-depth-high-quality\">5. Anillo de tiro de proa de larga duraci\u00f3n: Alta calidad en profundidad<\/h2>\n<p>El anillo de tiro del <a href=\"https:\/\/chinacustomboxes.com\/es\/drawer-style-boxes\/\">caja de cajones<\/a> est\u00e1 fabricado con un arco de alta calidad y fijado firmemente al cuerpo del envase mediante un procedimiento reforzado. Entendemos que este detalle es el lugar donde los consumidores se relacionan m\u00e1s a menudo con el envase del producto, por lo que lo hemos desarrollado para que sea incre\u00edblemente resistente. Tambi\u00e9n despu\u00e9s de miles de tirones y tirones, el anillo de sujeci\u00f3n del lazo conserva su forma inicial, manteni\u00e9ndose firme e inamovible, resaltando la alta calidad superior de la marca en cada detalle.<\/p>\n<p><img loading=\"lazy\" decoding=\"async\" class=\"alignnone wp-image-2281 size-full\" src=\"https:\/\/chinacustomboxes.com\/wp-content\/uploads\/2025\/08\/Callus-Remover-Nail-Brush-Paper-Drawer-Supplies-Manufacturer-3.jpg\" alt=\"Quita Callos Cepillo U\u00f1as Papel Caj\u00f3n Suministros Fabricantes\" width=\"1000\" height=\"1000\" title=\"\" srcset=\"https:\/\/chinacustomboxes.com\/wp-content\/uploads\/2025\/08\/Callus-Remover-Nail-Brush-Paper-Drawer-Supplies-Manufacturer-3.jpg 1000w, https:\/\/chinacustomboxes.com\/wp-content\/uploads\/2025\/08\/Callus-Remover-Nail-Brush-Paper-Drawer-Supplies-Manufacturer-3-300x300.jpg 300w, https:\/\/chinacustomboxes.com\/wp-content\/uploads\/2025\/08\/Callus-Remover-Nail-Brush-Paper-Drawer-Supplies-Manufacturer-3-150x150.jpg 150w, https:\/\/chinacustomboxes.com\/wp-content\/uploads\/2025\/08\/Callus-Remover-Nail-Brush-Paper-Drawer-Supplies-Manufacturer-3-768x768.jpg 768w, https:\/\/chinacustomboxes.com\/wp-content\/uploads\/2025\/08\/Callus-Remover-Nail-Brush-Paper-Drawer-Supplies-Manufacturer-3-12x12.jpg 12w, https:\/\/chinacustomboxes.com\/wp-content\/uploads\/2025\/08\/Callus-Remover-Nail-Brush-Paper-Drawer-Supplies-Manufacturer-3-600x600.jpg 600w, https:\/\/chinacustomboxes.com\/wp-content\/uploads\/2025\/08\/Callus-Remover-Nail-Brush-Paper-Drawer-Supplies-Manufacturer-3-100x100.jpg 100w\" sizes=\"(max-width: 1000px) 100vw, 1000px\" \/><\/p>\n<h2 id=\"6-high-performance-eva-lining-suitable-for-odd-shaped-products\">6. Forro de EVA de alto rendimiento: Adecuado para productos con formas extra\u00f1as<\/h2>\n<p>Para hacer frente a las formas irregulares de los utensilios de cuidado personal, elegimos EVA como producto de revestimiento interno. Como nuevo material de envasado pl\u00e1stico respetuoso con el medio ambiente, el EVA proporciona una amortiguaci\u00f3n, absorci\u00f3n de impactos, aislamiento t\u00e9rmico, resistencia a la humedad y resistencia qu\u00edmica excepcionales. Puede fijarse y cortarse a la forma que se prefiera, ajust\u00e1ndose perfectamente a las necesidades de los productos de forma irregular y proporcionando la defensa m\u00e1s segura para sus art\u00edculos.<\/p>\n<p><img loading=\"lazy\" decoding=\"async\" class=\"alignnone wp-image-2283 size-full\" src=\"https:\/\/chinacustomboxes.com\/wp-content\/uploads\/2025\/08\/Callus-Remover-Nail-Brush-Paper-Drawer-Supplies-Manufacturer-5.jpg\" alt=\"Quita Callos Cepillo U\u00f1as Papel Caj\u00f3n Suministros Fabricantes\" width=\"1000\" height=\"1000\" title=\"\" srcset=\"https:\/\/chinacustomboxes.com\/wp-content\/uploads\/2025\/08\/Callus-Remover-Nail-Brush-Paper-Drawer-Supplies-Manufacturer-5.jpg 1000w, https:\/\/chinacustomboxes.com\/wp-content\/uploads\/2025\/08\/Callus-Remover-Nail-Brush-Paper-Drawer-Supplies-Manufacturer-5-300x300.jpg 300w, https:\/\/chinacustomboxes.com\/wp-content\/uploads\/2025\/08\/Callus-Remover-Nail-Brush-Paper-Drawer-Supplies-Manufacturer-5-150x150.jpg 150w, https:\/\/chinacustomboxes.com\/wp-content\/uploads\/2025\/08\/Callus-Remover-Nail-Brush-Paper-Drawer-Supplies-Manufacturer-5-768x768.jpg 768w, https:\/\/chinacustomboxes.com\/wp-content\/uploads\/2025\/08\/Callus-Remover-Nail-Brush-Paper-Drawer-Supplies-Manufacturer-5-12x12.jpg 12w, https:\/\/chinacustomboxes.com\/wp-content\/uploads\/2025\/08\/Callus-Remover-Nail-Brush-Paper-Drawer-Supplies-Manufacturer-5-600x600.jpg 600w, https:\/\/chinacustomboxes.com\/wp-content\/uploads\/2025\/08\/Callus-Remover-Nail-Brush-Paper-Drawer-Supplies-Manufacturer-5-100x100.jpg 100w\" sizes=\"(max-width: 1000px) 100vw, 1000px\" \/><\/p>\n<h2 id=\"7-72-hour-speedy-prototyping-performance-and-high-quality\">7. Creaci\u00f3n r\u00e1pida de prototipos en 72 horas, rendimiento y alta calidad<\/h2>\n<p>Somos conscientes de que el mercado cambia con regularidad y de que la eficacia es crucial. Por ello, nos comprometemos a ofrecer un servicio de creaci\u00f3n de prototipos detallado y r\u00e1pido. Desde el momento en que confirme su dise\u00f1o, finalizaremos la producci\u00f3n y verificaci\u00f3n de todas las muestras necesarias, consistentes en la selecci\u00f3n de materiales, la aplicaci\u00f3n de procedimientos y el tono de impresi\u00f3n, en un plazo de 72 horas, garantizando que su art\u00edculo llegue al mercado con la mayor rapidez y finura.<\/p>","protected":false},"excerpt":{"rendered":"<p>Las cajas caj\u00f3n de papel para pinceles de u\u00f1as removedores de callos son recipientes dise\u00f1ados para guardar y organizar los pinceles de nail art, manteni\u00e9ndolos limpios, protegidos y f\u00e1cilmente accesibles. Est\u00e1n disponibles en varios estilos y materiales, desde simples estuches de pl\u00e1stico hasta cajas m\u00e1s elaboradas con compartimentos individuales o acabados iridiscentes. Estas cajas son \u00fatiles tanto para los t\u00e9cnicos de u\u00f1as profesionales como para las personas que disfrutan haciendo su propio nail art en casa.<\/p>","protected":false},"featured_media":2281,"template":"","meta":{"_kad_post_transparent":"default","_kad_post_title":"","_kad_post_layout":"default","_kad_post_sidebar_id":"","_kad_post_content_style":"default","_kad_post_vertical_padding":"default","_kad_post_feature":"","_kad_post_feature_position":"","_kad_post_header":false,"_kad_post_footer":false,"_kad_post_classname":""},"product_brand":[],"product_cat":[15,17,28,20],"product_tag":[560,562,561],"class_list":{"0":"post-2278","1":"product","2":"type-product","3":"status-publish","4":"has-post-thumbnail","6":"product_cat-boxes-by-shapes","7":"product_cat-boxes-by-industries","8":"product_cat-cosmetic-packaging-boxes","9":"product_cat-drawer-style-boxes","10":"product_tag-callus-remover-drawer-boxes","11":"product_tag-nail-brush-paper-boxes","12":"product_tag-paper-drawer-boxes-manufacturer","14":"first","15":"instock","16":"shipping-taxable","17":"product-type-simple","18":"entry","19":"content-bg","20":"loop-entry"},"_links":{"self":[{"href":"https:\/\/chinacustomboxes.com\/es\/wp-json\/wp\/v2\/product\/2278","targetHints":{"allow":["GET"]}}],"collection":[{"href":"https:\/\/chinacustomboxes.com\/es\/wp-json\/wp\/v2\/product"}],"about":[{"href":"https:\/\/chinacustomboxes.com\/es\/wp-json\/wp\/v2\/types\/product"}],"wp:featuredmedia":[{"embeddable":true,"href":"https:\/\/chinacustomboxes.com\/es\/wp-json\/wp\/v2\/media\/2281"}],"wp:attachment":[{"href":"https:\/\/chinacustomboxes.com\/es\/wp-json\/wp\/v2\/media?parent=2278"}],"wp:term":[{"taxonomy":"product_brand","embeddable":true,"href":"https:\/\/chinacustomboxes.com\/es\/wp-json\/wp\/v2\/product_brand?post=2278"},{"taxonomy":"product_cat","embeddable":true,"href":"https:\/\/chinacustomboxes.com\/es\/wp-json\/wp\/v2\/product_cat?post=2278"},{"taxonomy":"product_tag","embeddable":true,"href":"https:\/\/chinacustomboxes.com\/es\/wp-json\/wp\/v2\/product_tag?post=2278"}],"curies":[{"name":"wp","href":"https:\/\/api.w.org\/{rel}","templated":true}]}}