{"id":2291,"date":"2025-08-21T03:44:11","date_gmt":"2025-08-21T03:44:11","guid":{"rendered":"https:\/\/chinacustomboxes.com\/?post_type=product&#038;p=2291"},"modified":"2025-08-21T05:56:24","modified_gmt":"2025-08-21T05:56:24","slug":"face-mask-cream-lotion-eye-mask-top-and-bottom-boxes-oem","status":"publish","type":"product","link":"https:\/\/chinacustomboxes.com\/es\/face-mask-cream-lotion-eye-mask-top-and-bottom-boxes-oem\/","title":{"rendered":"M\u00e1scara facial Crema Loci\u00f3n M\u00e1scara de ojos Cajas superior e inferior OEM"},"content":{"rendered":"<h2 id=\"face-mask-lotion-lotion-eye-mask-series-high-end-customized-skin-care-top-and-bottom-boxes-oem\">M\u00e1scara facial Loci\u00f3n Loci\u00f3n Ojos M\u00e1scara Serie High-End Cuidado de la Piel Personalizada Superior e Inferior Cajas OEM<\/h2>\n<h2 id=\"item-overview\">Descripci\u00f3n del art\u00edculo<\/h2>\n<p>Esta colecci\u00f3n de envases de caja, con <a href=\"https:\/\/chinacustomboxes.com\/es\/lid-and-base-boxes\/\">cajas superior e inferior<\/a>, se ha desarrollado espec\u00edficamente para mascarillas faciales, lociones, colirios y otros productos de elegancia y cuidado de la piel de primera calidad. Mezcla sin esfuerzo una est\u00e9tica de estilo minimalista con una espl\u00e9ndida artesan\u00eda. M\u00e1s que un simple revestimiento exterior de seguridad, act\u00faa como una expansi\u00f3n de la alta calidad y la experiencia del cliente de la marca.<\/p>\n<h2 id=\"1-integrated-precision-opening-and-closing-structure\">1. Estructura integrada de apertura y cierre de precisi\u00f3n<\/h2>\n<p>El dise\u00f1o cl\u00e1sico \"arriba y abajo\" proporciona una experiencia inigualable de apertura y cierre integrados. El troquelado y el moldeado de alta precisi\u00f3n garantizan que la tapa y el cuerpo encajen a la perfecci\u00f3n, creando un ajuste suave al cerrarse y un aspecto suave e integrado. El procedimiento de apertura y cierre es extremadamente suave, con la cantidad justa de amortiguaci\u00f3n, lo que garantiza un acceso sin problemas y proporciona una seguridad protegida cuando est\u00e1 cerrado, estimulando una sensaci\u00f3n de m\u00e1xima calidad y confianza.<\/p>\n<p><img fetchpriority=\"high\" decoding=\"async\" class=\"alignnone wp-image-2292 size-full\" src=\"https:\/\/chinacustomboxes.com\/wp-content\/uploads\/2025\/08\/Face-Mask-Cream-Lotion-Eye-Mask-Top-and-Bottom-Boxes-OEM-1.jpg\" alt=\"M\u00e1scara facial Crema Loci\u00f3n M\u00e1scara de ojos Cajas superior e inferior OEM\" width=\"1000\" height=\"1000\" title=\"\" srcset=\"https:\/\/chinacustomboxes.com\/wp-content\/uploads\/2025\/08\/Face-Mask-Cream-Lotion-Eye-Mask-Top-and-Bottom-Boxes-OEM-1.jpg 1000w, https:\/\/chinacustomboxes.com\/wp-content\/uploads\/2025\/08\/Face-Mask-Cream-Lotion-Eye-Mask-Top-and-Bottom-Boxes-OEM-1-300x300.jpg 300w, https:\/\/chinacustomboxes.com\/wp-content\/uploads\/2025\/08\/Face-Mask-Cream-Lotion-Eye-Mask-Top-and-Bottom-Boxes-OEM-1-150x150.jpg 150w, https:\/\/chinacustomboxes.com\/wp-content\/uploads\/2025\/08\/Face-Mask-Cream-Lotion-Eye-Mask-Top-and-Bottom-Boxes-OEM-1-768x768.jpg 768w, https:\/\/chinacustomboxes.com\/wp-content\/uploads\/2025\/08\/Face-Mask-Cream-Lotion-Eye-Mask-Top-and-Bottom-Boxes-OEM-1-12x12.jpg 12w, https:\/\/chinacustomboxes.com\/wp-content\/uploads\/2025\/08\/Face-Mask-Cream-Lotion-Eye-Mask-Top-and-Bottom-Boxes-OEM-1-600x600.jpg 600w, https:\/\/chinacustomboxes.com\/wp-content\/uploads\/2025\/08\/Face-Mask-Cream-Lotion-Eye-Mask-Top-and-Bottom-Boxes-OEM-1-100x100.jpg 100w\" sizes=\"(max-width: 1000px) 100vw, 1000px\" \/><\/p>\n<h2 id=\"2-straightforward-smooth-modern-aesthetic-layout\">2. Dise\u00f1o sencillo, suave y de est\u00e9tica moderna<\/h2>\n<p>Las l\u00edneas ordenadas y despejadas del envase evitan cualquier adorno innecesario, simbolizando una sensaci\u00f3n de fuerza y alta gama en su forma m\u00e1s pura. Este estilo minimalista lo hace extremadamente vers\u00e1til y se adapta perfectamente a las necesidades de envasado de productos de lujo, cosm\u00e9ticos de primera calidad y regalos de alta gama, que exigen un alto nivel de calidad, mejorando con \u00e9xito la imagen de marca.<\/p>\n<h2 id=\"3-excellent-load-bearing-capacity-and-storage-stability\">3. Excelente capacidad de carga y estabilidad de almacenamiento<\/h2>\n<p>El estilo arquitect\u00f3nico tiene en cuenta la practicidad. El fondo reforzado proporciona una excelente capacidad de carga, asegurando eficazmente el interior del producto contra el aplastamiento. Incluso cuando se apilan en numerosas capas durante el almacenamiento o el transporte, el <a href=\"https:\/\/chinacustomboxes.com\/es\/\">caja<\/a> se mantiene robusto y resiste la deformaci\u00f3n, cumpliendo por completo los elevados criterios de estabilidad de los envases que exige la log\u00edstica contempor\u00e1nea.<\/p>\n<p><img decoding=\"async\" class=\"alignnone wp-image-2294 size-full\" src=\"https:\/\/chinacustomboxes.com\/wp-content\/uploads\/2025\/08\/Face-Mask-Cream-Lotion-Eye-Mask-Top-and-Bottom-Boxes-OEM-3.jpg\" alt=\"M\u00e1scara facial Crema Loci\u00f3n M\u00e1scara de ojos Cajas superior e inferior OEM\" width=\"1000\" height=\"1000\" title=\"\" srcset=\"https:\/\/chinacustomboxes.com\/wp-content\/uploads\/2025\/08\/Face-Mask-Cream-Lotion-Eye-Mask-Top-and-Bottom-Boxes-OEM-3.jpg 1000w, https:\/\/chinacustomboxes.com\/wp-content\/uploads\/2025\/08\/Face-Mask-Cream-Lotion-Eye-Mask-Top-and-Bottom-Boxes-OEM-3-300x300.jpg 300w, https:\/\/chinacustomboxes.com\/wp-content\/uploads\/2025\/08\/Face-Mask-Cream-Lotion-Eye-Mask-Top-and-Bottom-Boxes-OEM-3-150x150.jpg 150w, https:\/\/chinacustomboxes.com\/wp-content\/uploads\/2025\/08\/Face-Mask-Cream-Lotion-Eye-Mask-Top-and-Bottom-Boxes-OEM-3-768x768.jpg 768w, https:\/\/chinacustomboxes.com\/wp-content\/uploads\/2025\/08\/Face-Mask-Cream-Lotion-Eye-Mask-Top-and-Bottom-Boxes-OEM-3-12x12.jpg 12w, https:\/\/chinacustomboxes.com\/wp-content\/uploads\/2025\/08\/Face-Mask-Cream-Lotion-Eye-Mask-Top-and-Bottom-Boxes-OEM-3-600x600.jpg 600w, https:\/\/chinacustomboxes.com\/wp-content\/uploads\/2025\/08\/Face-Mask-Cream-Lotion-Eye-Mask-Top-and-Bottom-Boxes-OEM-3-100x100.jpg 100w\" sizes=\"(max-width: 1000px) 100vw, 1000px\" \/><\/p>\n<h2 id=\"4-picked-composite-products-for-resilience\">4. Productos compuestos elegidos por su resistencia<\/h2>\n<p>Utilizamos papel estucado de doble cara C2S de 157 g como papel frontal, que se caracteriza por su superficie lisa y gran recreaci\u00f3n del color. El forro interior se sustenta en cart\u00f3n de alta densidad de 1200 g. La mejor mezcla de estos dos materiales ofrece el producto <a href=\"https:\/\/chinacustomboxes.com\/es\/brand-double-door-box-for-skincare-bottle-fragrance-perfume\/\">envasado<\/a> resistencia y durabilidad excepcionales, que proporcionan una protecci\u00f3n suprema para su art\u00edculo.<\/p>\n<h2 id=\"5-warm-stamping-in-red-gold-for-an-extravagant-and-celebratory-sense\">5. Estampado c\u00e1lido en oro rojo para un sentido extravagante y festivo<\/h2>\n<p>La inscripci\u00f3n \"Logo\" y el famoso motivo aumentado de la cubierta est\u00e1n excepcionalmente estampados en caliente en oro rojo. Esta t\u00e9cnica no s\u00f3lo crea una s\u00f3lida influencia visual y una sensaci\u00f3n extravagante y de alta gama, sino que su brillo met\u00e1lico \u00fanico mantiene una calidad y belleza notables incluso bajo una luz intensa. Cada apertura del envase es una experiencia de marca ceremonial.<\/p>\n<p><img decoding=\"async\" class=\"alignnone wp-image-2295 size-full\" src=\"https:\/\/chinacustomboxes.com\/wp-content\/uploads\/2025\/08\/Face-Mask-Cream-Lotion-Eye-Mask-Top-and-Bottom-Boxes-OEM-4.jpg\" alt=\"M\u00e1scara facial Crema Loci\u00f3n M\u00e1scara de ojos Cajas superior e inferior OEM\" width=\"800\" height=\"800\" title=\"\" srcset=\"https:\/\/chinacustomboxes.com\/wp-content\/uploads\/2025\/08\/Face-Mask-Cream-Lotion-Eye-Mask-Top-and-Bottom-Boxes-OEM-4.jpg 800w, https:\/\/chinacustomboxes.com\/wp-content\/uploads\/2025\/08\/Face-Mask-Cream-Lotion-Eye-Mask-Top-and-Bottom-Boxes-OEM-4-300x300.jpg 300w, https:\/\/chinacustomboxes.com\/wp-content\/uploads\/2025\/08\/Face-Mask-Cream-Lotion-Eye-Mask-Top-and-Bottom-Boxes-OEM-4-150x150.jpg 150w, https:\/\/chinacustomboxes.com\/wp-content\/uploads\/2025\/08\/Face-Mask-Cream-Lotion-Eye-Mask-Top-and-Bottom-Boxes-OEM-4-768x768.jpg 768w, https:\/\/chinacustomboxes.com\/wp-content\/uploads\/2025\/08\/Face-Mask-Cream-Lotion-Eye-Mask-Top-and-Bottom-Boxes-OEM-4-12x12.jpg 12w, https:\/\/chinacustomboxes.com\/wp-content\/uploads\/2025\/08\/Face-Mask-Cream-Lotion-Eye-Mask-Top-and-Bottom-Boxes-OEM-4-600x600.jpg 600w, https:\/\/chinacustomboxes.com\/wp-content\/uploads\/2025\/08\/Face-Mask-Cream-Lotion-Eye-Mask-Top-and-Bottom-Boxes-OEM-4-100x100.jpg 100w\" sizes=\"(max-width: 800px) 100vw, 800px\" \/><\/p>\n<h2 id=\"6-ultra-fast-oem-modification-solution\">6. Soluci\u00f3n de modificaci\u00f3n OEM ultrarr\u00e1pida<\/h2>\n<p>Somos conscientes de la importancia del tiempo para las marcas. Por ello, nos comprometemos a ofrecer soluciones de respuesta r\u00e1pida l\u00edderes en el sector.<\/p>\n<p>Fabricaci\u00f3n de ejemplos en 1 hora: Tras la autorizaci\u00f3n de maquetaci\u00f3n, podemos crear el primer ejemplo en tan solo 1 hora.<\/p>\n<p>Asistencia de verificaci\u00f3n en 3 horas: Su combinaci\u00f3n de material y proceso seleccionada puede verificarse en 3 horas para garantizar la alta calidad y eficacia de la \u00faltima fabricaci\u00f3n.<\/p>","protected":false},"excerpt":{"rendered":"<p>Esta caja de embalaje de productos de primera calidad hecha a medida presenta una estructura de cubierta de cajas superior e inferior atemporal, fabricada con cart\u00f3n de alta densidad de 1200 g y papel art\u00edstico de 157 g. Es duradera y resistente, ideal para apilar y enviar. Las l\u00edneas elegantes de la caja y su dise\u00f1o minimalista y de alta gama la convierten en una opci\u00f3n excelente para el envasado de productos de belleza y de gama alta. El estampado dorado en caliente de la tapa, \u00fanico en su clase, le da un toque de alta gama que aumenta la sensaci\u00f3n de fiesta al abrir el paquete. Ofrecemos servicios OEM eficaces, que consisten en la producci\u00f3n de muestras en una hora y la verificaci\u00f3n de procedimientos en tres horas, por lo que es la opci\u00f3n perfecta para desarrollar una experiencia de marca de primera calidad.<\/p>","protected":false},"featured_media":2292,"template":"","meta":{"_kad_post_transparent":"default","_kad_post_title":"","_kad_post_layout":"default","_kad_post_sidebar_id":"","_kad_post_content_style":"default","_kad_post_vertical_padding":"default","_kad_post_feature":"","_kad_post_feature_position":"","_kad_post_header":false,"_kad_post_footer":false,"_kad_post_classname":""},"product_brand":[],"product_cat":[15,17,28,20],"product_tag":[567,566,565],"class_list":{"0":"post-2291","1":"product","2":"type-product","3":"status-publish","4":"has-post-thumbnail","6":"product_cat-boxes-by-shapes","7":"product_cat-boxes-by-industries","8":"product_cat-cosmetic-packaging-boxes","9":"product_cat-drawer-style-boxes","10":"product_tag-eye-mask-top-and-bottom-boxes","11":"product_tag-face-cream-lotion-boxes","12":"product_tag-face-mask-boxes","14":"first","15":"instock","16":"shipping-taxable","17":"product-type-simple","18":"entry","19":"content-bg","20":"loop-entry"},"_links":{"self":[{"href":"https:\/\/chinacustomboxes.com\/es\/wp-json\/wp\/v2\/product\/2291","targetHints":{"allow":["GET"]}}],"collection":[{"href":"https:\/\/chinacustomboxes.com\/es\/wp-json\/wp\/v2\/product"}],"about":[{"href":"https:\/\/chinacustomboxes.com\/es\/wp-json\/wp\/v2\/types\/product"}],"wp:featuredmedia":[{"embeddable":true,"href":"https:\/\/chinacustomboxes.com\/es\/wp-json\/wp\/v2\/media\/2292"}],"wp:attachment":[{"href":"https:\/\/chinacustomboxes.com\/es\/wp-json\/wp\/v2\/media?parent=2291"}],"wp:term":[{"taxonomy":"product_brand","embeddable":true,"href":"https:\/\/chinacustomboxes.com\/es\/wp-json\/wp\/v2\/product_brand?post=2291"},{"taxonomy":"product_cat","embeddable":true,"href":"https:\/\/chinacustomboxes.com\/es\/wp-json\/wp\/v2\/product_cat?post=2291"},{"taxonomy":"product_tag","embeddable":true,"href":"https:\/\/chinacustomboxes.com\/es\/wp-json\/wp\/v2\/product_tag?post=2291"}],"curies":[{"name":"wp","href":"https:\/\/api.w.org\/{rel}","templated":true}]}}