{"id":2297,"date":"2025-08-21T05:57:01","date_gmt":"2025-08-21T05:57:01","guid":{"rendered":"https:\/\/chinacustomboxes.com\/?post_type=product&#038;p=2297"},"modified":"2025-08-21T06:22:12","modified_gmt":"2025-08-21T06:22:12","slug":"hydrosol-derma-rolling-system-magnetic-closure-boxes-factory","status":"publish","type":"product","link":"https:\/\/chinacustomboxes.com\/es\/hydrosol-derma-rolling-system-magnetic-closure-boxes-factory\/","title":{"rendered":"Cajas con cierre magn\u00e9tico Hydrosol Derma Rolling System Factory"},"content":{"rendered":"<h2 id=\"hydrosol-derma-rolling-system-magnetic-closure-box\">Cajas con cierre magn\u00e9tico Hydrosol Derma Rolling System<\/h2>\n<p>Presentamos el sistema \u00fanico Hydrosol Derma Rolling System <a href=\"https:\/\/chinacustomboxes.com\/es\/magnetic-closure-boxes\/\">cajas con cierre magn\u00e9tico<\/a>Estas cajas integran un estilo elegante, una capacidad superior y una artesan\u00eda espl\u00e9ndida para potenciar la imagen de su marca y la experiencia de sus clientes. Su extraordinaria calidad es evidente desde el momento en que se abre.<\/p>\n<h2 id=\"1-easy-opening-and-closing-smooth-experience-\">1.\u00a0<strong>Apertura y cierre sencillos, experiencia sin sobresaltos<\/strong><\/h2>\n<p>El exclusivo sistema de cierre magn\u00e9tico hace que abrir y cerrar sea una satisfacci\u00f3n. F\u00e1cil de manejar con una sola mano, la tapa se abre con precisi\u00f3n y se cierra r\u00e1pidamente. Esto no s\u00f3lo proporciona una experiencia suave y sin fisuras, sino que tambi\u00e9n garantiza la seguridad y la comodidad de las herramientas del encanto en el interior durante el transporte y el almacenamiento.<\/p>\n<p><img fetchpriority=\"high\" decoding=\"async\" class=\"alignnone wp-image-2299 size-full\" src=\"https:\/\/chinacustomboxes.com\/wp-content\/uploads\/2025\/08\/Hydrosol-Derma-Rolling-System-Magnetic-Closure-Boxes-Factory-2.jpg\" alt=\"Cajas con cierre magn\u00e9tico Hydrosol Derma Rolling System Factory\" width=\"1000\" height=\"1000\" title=\"\" srcset=\"https:\/\/chinacustomboxes.com\/wp-content\/uploads\/2025\/08\/Hydrosol-Derma-Rolling-System-Magnetic-Closure-Boxes-Factory-2.jpg 1000w, https:\/\/chinacustomboxes.com\/wp-content\/uploads\/2025\/08\/Hydrosol-Derma-Rolling-System-Magnetic-Closure-Boxes-Factory-2-300x300.jpg 300w, https:\/\/chinacustomboxes.com\/wp-content\/uploads\/2025\/08\/Hydrosol-Derma-Rolling-System-Magnetic-Closure-Boxes-Factory-2-150x150.jpg 150w, https:\/\/chinacustomboxes.com\/wp-content\/uploads\/2025\/08\/Hydrosol-Derma-Rolling-System-Magnetic-Closure-Boxes-Factory-2-768x768.jpg 768w, https:\/\/chinacustomboxes.com\/wp-content\/uploads\/2025\/08\/Hydrosol-Derma-Rolling-System-Magnetic-Closure-Boxes-Factory-2-12x12.jpg 12w, https:\/\/chinacustomboxes.com\/wp-content\/uploads\/2025\/08\/Hydrosol-Derma-Rolling-System-Magnetic-Closure-Boxes-Factory-2-600x600.jpg 600w, https:\/\/chinacustomboxes.com\/wp-content\/uploads\/2025\/08\/Hydrosol-Derma-Rolling-System-Magnetic-Closure-Boxes-Factory-2-100x100.jpg 100w\" sizes=\"(max-width: 1000px) 100vw, 1000px\" \/><\/p>\n<h2 id=\"2-multifunctional-storage-space-neat-and-organized-\">2.\u00a0<strong>Espacio de almacenamiento multifuncional, ordenado y organizado<\/strong><\/h2>\n<p>Este <a href=\"https:\/\/chinacustomboxes.com\/es\/\">cajas<\/a> incluye un marco resistente pero peque\u00f1o que aprovecha al m\u00e1ximo el espacio interior. Est\u00e1 hecho para organizar ordenadamente un rodillo Derma, una tabla gua sha, una esponja de belleza y otras herramientas de elegancia. Ya sea para guardarlo a diario o para llevarlo de viaje, lo mantiene todo ordenado y bonito.<\/p>\n<h2 id=\"3-eco-friendly-products-durable-and-strong-\">3.\u00a0<strong>Productos ecol\u00f3gicos, duraderos y resistentes<\/strong><\/h2>\n<p>Las cajas est\u00e1n fabricadas con papel recubierto de alta resistencia y mejoradas para lograr el equilibrio perfecto entre ligereza y excepcional capacidad de carga. Su magn\u00edfica resistencia a la presi\u00f3n y la contorsi\u00f3n asegura eficazmente los componentes frente a fuerzas externas. Adem\u00e1s, elegimos materiales que siguen m\u00e9todos duraderos, lo que demuestra nuestra dedicaci\u00f3n al deber ecol\u00f3gico.<\/p>\n<p><img decoding=\"async\" class=\"alignnone wp-image-2301 size-full\" src=\"https:\/\/chinacustomboxes.com\/wp-content\/uploads\/2025\/08\/Hydrosol-Derma-Rolling-System-Magnetic-Closure-Boxes-Factory-4.jpg\" alt=\"Cajas con cierre magn\u00e9tico Hydrosol Derma Rolling System Factory\" width=\"1000\" height=\"1000\" title=\"\" srcset=\"https:\/\/chinacustomboxes.com\/wp-content\/uploads\/2025\/08\/Hydrosol-Derma-Rolling-System-Magnetic-Closure-Boxes-Factory-4.jpg 1000w, https:\/\/chinacustomboxes.com\/wp-content\/uploads\/2025\/08\/Hydrosol-Derma-Rolling-System-Magnetic-Closure-Boxes-Factory-4-300x300.jpg 300w, https:\/\/chinacustomboxes.com\/wp-content\/uploads\/2025\/08\/Hydrosol-Derma-Rolling-System-Magnetic-Closure-Boxes-Factory-4-150x150.jpg 150w, https:\/\/chinacustomboxes.com\/wp-content\/uploads\/2025\/08\/Hydrosol-Derma-Rolling-System-Magnetic-Closure-Boxes-Factory-4-768x768.jpg 768w, https:\/\/chinacustomboxes.com\/wp-content\/uploads\/2025\/08\/Hydrosol-Derma-Rolling-System-Magnetic-Closure-Boxes-Factory-4-12x12.jpg 12w, https:\/\/chinacustomboxes.com\/wp-content\/uploads\/2025\/08\/Hydrosol-Derma-Rolling-System-Magnetic-Closure-Boxes-Factory-4-600x600.jpg 600w, https:\/\/chinacustomboxes.com\/wp-content\/uploads\/2025\/08\/Hydrosol-Derma-Rolling-System-Magnetic-Closure-Boxes-Factory-4-100x100.jpg 100w\" sizes=\"(max-width: 1000px) 100vw, 1000px\" \/><\/p>\n<h2 id=\"4-accuracy-molding-charming-craftsmanship-\">4.\u00a0<strong>Moldeado de precisi\u00f3n, artesan\u00eda con encanto<\/strong><\/h2>\n<p>Utilizando sofisticados procedimientos de corte por l\u00e1ser y moldeado de alta precisi\u00f3n, nos aseguramos de que cada cent\u00edmetro cuadrado del embalaje sea liso y est\u00e9 perfectamente construido. Esto no s\u00f3lo garantiza la apertura y cierre suaves de la tapa, sino que tambi\u00e9n permite que el armaz\u00f3n interior se adapte perfectamente a las formas especiales de los distintos dispositivos, proporcionando protecci\u00f3n.<\/p>\n<h2 id=\"5-soft-and-luxurious-a-visual-feast-\">5.\u00a0<strong>Suave y lujoso, un fest\u00edn visual<\/strong><\/h2>\n<p>El estilo es el coraz\u00f3n y el alma de este <a href=\"https:\/\/chinacustomboxes.com\/es\/luxury-paper-gift-bags-for-cosmetics-perfume-distributors\/\">envasado<\/a>. Todas las cajas est\u00e1n decoradas con un suave estampado de m\u00e1rmol rosa p\u00farpura. Su circulaci\u00f3n natural y su color con clase realzan perfectamente las opciones est\u00e9ticas de las consumidoras. Los detalles geom\u00e9tricos dorados a\u00f1aden un toque contempor\u00e1neo de alta gama a la suave base, dando lugar a una imagen sencilla pero refinada.<\/p>\n<p><img decoding=\"async\" class=\"alignnone wp-image-2300 size-full\" src=\"https:\/\/chinacustomboxes.com\/wp-content\/uploads\/2025\/08\/Hydrosol-Derma-Rolling-System-Magnetic-Closure-Boxes-Factory-3.jpg\" alt=\"Cajas con cierre magn\u00e9tico Hydrosol Derma Rolling System Factory\" width=\"1000\" height=\"1000\" title=\"\" srcset=\"https:\/\/chinacustomboxes.com\/wp-content\/uploads\/2025\/08\/Hydrosol-Derma-Rolling-System-Magnetic-Closure-Boxes-Factory-3.jpg 1000w, https:\/\/chinacustomboxes.com\/wp-content\/uploads\/2025\/08\/Hydrosol-Derma-Rolling-System-Magnetic-Closure-Boxes-Factory-3-300x300.jpg 300w, https:\/\/chinacustomboxes.com\/wp-content\/uploads\/2025\/08\/Hydrosol-Derma-Rolling-System-Magnetic-Closure-Boxes-Factory-3-150x150.jpg 150w, https:\/\/chinacustomboxes.com\/wp-content\/uploads\/2025\/08\/Hydrosol-Derma-Rolling-System-Magnetic-Closure-Boxes-Factory-3-768x768.jpg 768w, https:\/\/chinacustomboxes.com\/wp-content\/uploads\/2025\/08\/Hydrosol-Derma-Rolling-System-Magnetic-Closure-Boxes-Factory-3-12x12.jpg 12w, https:\/\/chinacustomboxes.com\/wp-content\/uploads\/2025\/08\/Hydrosol-Derma-Rolling-System-Magnetic-Closure-Boxes-Factory-3-600x600.jpg 600w, https:\/\/chinacustomboxes.com\/wp-content\/uploads\/2025\/08\/Hydrosol-Derma-Rolling-System-Magnetic-Closure-Boxes-Factory-3-100x100.jpg 100w\" sizes=\"(max-width: 1000px) 100vw, 1000px\" \/><\/p>\n<h2 id=\"6-hot-stamping-highlights-superior-top-quality-\">6.\u00a0<strong>La estampaci\u00f3n en caliente destaca la calidad superior<\/strong><\/h2>\n<p>Para aumentar a\u00fan m\u00e1s el impacto visual y el valor de la marca, utilizamos la tecnolog\u00eda de marcado en caliente de precisi\u00f3n en los logotipos y las l\u00edneas de estilo esenciales de la marca. El brillo met\u00e1lico y el relieve tridimensional obtenidos mediante la estampaci\u00f3n en caliente no solo aumentan la calidad total del envase del producto, sino que tambi\u00e9n lo diferencian de otros productos, lo que lo convierte en una opci\u00f3n \u00f3ptima para exponer cosm\u00e9ticos de primera calidad.<\/p>\n<h2 id=\"7-flexible-modification-to-fulfill-your-demands-\">7.\u00a0<strong>Modificaci\u00f3n flexible para satisfacer sus demandas<\/strong><\/h2>\n<p>Comprendemos las diversas necesidades de las distintas marcas y productos. Como resultado, el marco de revestimiento del envase puede adaptarse completamente para satisfacer sus demandas concretas. Tanto si se trata de rodillos de distintos tama\u00f1os, cuchillas gua sha con forma personalizada u otros cosm\u00e9ticos o dispositivos, ofrecemos servicios personalizados para garantizar una compatibilidad perfecta.<\/p>","protected":false},"excerpt":{"rendered":"<p>Las cajas con cierre magn\u00e9tico Hydrosol Derma Rolling System son una soluci\u00f3n de almacenamiento creada espec\u00edficamente para dispositivos de alta elegancia. Su cierre magn\u00e9tico sin complicaciones permite abrirlo y cerrarlo muy f\u00e1cilmente con una sola mano, incorporando seguridad y beneficio. La caja, duradera y port\u00e1til, est\u00e1 fabricada con papel estratificado de alta resistencia, lo que la hace ligera y resistente a la presi\u00f3n, acomodando completamente una selecci\u00f3n de dispositivos, incluyendo rodillos de terapia de masaje y tablas de guasha. Su suave patr\u00f3n de m\u00e1rmol rosa-p\u00farpura complementado con l\u00edneas geom\u00e9tricas doradas desarrolla una sensaci\u00f3n de lujo que realza a la perfecci\u00f3n el visual femenino. La reducci\u00f3n por l\u00e1ser y el moldeado de precisi\u00f3n garantizan una experiencia de uso perfecta y un ajuste preciso dentro del paquete. El forro tambi\u00e9n puede personalizarse seg\u00fan sus necesidades, lo que lo convierte en una excelente opci\u00f3n para realzar la imagen de su marca.<\/p>","protected":false},"featured_media":2299,"template":"","meta":{"_kad_post_transparent":"default","_kad_post_title":"","_kad_post_layout":"default","_kad_post_sidebar_id":"","_kad_post_content_style":"default","_kad_post_vertical_padding":"default","_kad_post_feature":"","_kad_post_feature_position":"","_kad_post_header":false,"_kad_post_footer":false,"_kad_post_classname":""},"product_brand":[],"product_cat":[15,17,28,18],"product_tag":[569,568,570],"class_list":{"0":"post-2297","1":"product","2":"type-product","3":"status-publish","4":"has-post-thumbnail","6":"product_cat-boxes-by-shapes","7":"product_cat-boxes-by-industries","8":"product_cat-cosmetic-packaging-boxes","9":"product_cat-magnetic-closure-boxes","10":"product_tag-derma-rolling-system-boxes","11":"product_tag-hydrosol-magnetic-closure-boxes","12":"product_tag-magnetic-closure-boxes-factory","14":"first","15":"instock","16":"shipping-taxable","17":"product-type-simple","18":"entry","19":"content-bg","20":"loop-entry"},"_links":{"self":[{"href":"https:\/\/chinacustomboxes.com\/es\/wp-json\/wp\/v2\/product\/2297","targetHints":{"allow":["GET"]}}],"collection":[{"href":"https:\/\/chinacustomboxes.com\/es\/wp-json\/wp\/v2\/product"}],"about":[{"href":"https:\/\/chinacustomboxes.com\/es\/wp-json\/wp\/v2\/types\/product"}],"wp:featuredmedia":[{"embeddable":true,"href":"https:\/\/chinacustomboxes.com\/es\/wp-json\/wp\/v2\/media\/2299"}],"wp:attachment":[{"href":"https:\/\/chinacustomboxes.com\/es\/wp-json\/wp\/v2\/media?parent=2297"}],"wp:term":[{"taxonomy":"product_brand","embeddable":true,"href":"https:\/\/chinacustomboxes.com\/es\/wp-json\/wp\/v2\/product_brand?post=2297"},{"taxonomy":"product_cat","embeddable":true,"href":"https:\/\/chinacustomboxes.com\/es\/wp-json\/wp\/v2\/product_cat?post=2297"},{"taxonomy":"product_tag","embeddable":true,"href":"https:\/\/chinacustomboxes.com\/es\/wp-json\/wp\/v2\/product_tag?post=2297"}],"curies":[{"name":"wp","href":"https:\/\/api.w.org\/{rel}","templated":true}]}}