{"id":2312,"date":"2025-08-22T02:37:25","date_gmt":"2025-08-22T02:37:25","guid":{"rendered":"https:\/\/chinacustomboxes.com\/?post_type=product&#038;p=2312"},"modified":"2025-08-22T02:37:26","modified_gmt":"2025-08-22T02:37:26","slug":"louis-vuitton-luxury-bags-lid-and-base-set-rigid-boxes-oem","status":"publish","type":"product","link":"https:\/\/chinacustomboxes.com\/es\/louis-vuitton-luxury-bags-lid-and-base-set-rigid-boxes-oem\/","title":{"rendered":"Louis Vuitton Bolsos de Lujo Juego de Tapa y Base Cajas R\u00edgidas OEM"},"content":{"rendered":"<h2 id=\"louis-vuitton-luxury-bags-lid-and-base-set-rigid-boxes-oem\">Louis Vuitton Bolsos de Lujo Juego de Tapa y Base Cajas R\u00edgidas OEM<\/h2>\n<h2 id=\"1-item-positioning-and-structure\">1 Posicionamiento y estructura de los art\u00edculos<\/h2>\n<ul>\n<li><strong>Combinaci\u00f3n atemporal de \"caja de tapa + bolsa de regalo\u00a0<\/strong>: Fabricada con cart\u00f3n gris r\u00edgido y recubierta con papel especial, la caja sirve tanto de contenedor como de debate, mientras que la bolsa se utiliza para llevar y como pantalla secundaria, equilibrando la utilidad con el sentido de la ceremonia.<\/li>\n<li><strong>Ajuste seguro de la tapa y la base\u00a0<\/strong>: La <a href=\"https:\/\/chinacustomboxes.com\/es\/lid-and-base-boxes\/\">cajas de tapa y base<\/a> est\u00e1n troqueladas con precisi\u00f3n, con esquinas cuadradas para una apertura y cierre suaves y un <strong>en forma\u00a0<\/strong>La resistencia a la tensi\u00f3n y a los golpes mejora la fiabilidad del transporte y la exposici\u00f3n.<\/li>\n<li><strong>Bolsa de regalo multiescena\u00a0<\/strong>: Tridimensional, robusto y estable, es c\u00f3modo de llevar, ideal para recoger en la tienda, hacer regalos, eventos fuera de l\u00ednea y lotes de regalos navide\u00f1os. La experiencia de apertura y cierre suaves favorece el uso duplicado y la reutilizaci\u00f3n.<\/li>\n<\/ul>\n<p><img fetchpriority=\"high\" decoding=\"async\" class=\"alignnone wp-image-2313 size-full\" src=\"https:\/\/chinacustomboxes.com\/wp-content\/uploads\/2025\/08\/Louis-Vuitton-Luxury-Bags-Lid-and-Base-Set-Rigid-Boxes-OEM-1.jpg\" alt=\"Louis Vuitton Bolsos de Lujo Juego de Tapa y Base Cajas R\u00edgidas OEM\" width=\"1000\" height=\"1000\" title=\"\" srcset=\"https:\/\/chinacustomboxes.com\/wp-content\/uploads\/2025\/08\/Louis-Vuitton-Luxury-Bags-Lid-and-Base-Set-Rigid-Boxes-OEM-1.jpg 1000w, https:\/\/chinacustomboxes.com\/wp-content\/uploads\/2025\/08\/Louis-Vuitton-Luxury-Bags-Lid-and-Base-Set-Rigid-Boxes-OEM-1-300x300.jpg 300w, https:\/\/chinacustomboxes.com\/wp-content\/uploads\/2025\/08\/Louis-Vuitton-Luxury-Bags-Lid-and-Base-Set-Rigid-Boxes-OEM-1-150x150.jpg 150w, https:\/\/chinacustomboxes.com\/wp-content\/uploads\/2025\/08\/Louis-Vuitton-Luxury-Bags-Lid-and-Base-Set-Rigid-Boxes-OEM-1-768x768.jpg 768w, https:\/\/chinacustomboxes.com\/wp-content\/uploads\/2025\/08\/Louis-Vuitton-Luxury-Bags-Lid-and-Base-Set-Rigid-Boxes-OEM-1-12x12.jpg 12w, https:\/\/chinacustomboxes.com\/wp-content\/uploads\/2025\/08\/Louis-Vuitton-Luxury-Bags-Lid-and-Base-Set-Rigid-Boxes-OEM-1-600x600.jpg 600w, https:\/\/chinacustomboxes.com\/wp-content\/uploads\/2025\/08\/Louis-Vuitton-Luxury-Bags-Lid-and-Base-Set-Rigid-Boxes-OEM-1-100x100.jpg 100w\" sizes=\"(max-width: 1000px) 100vw, 1000px\" \/><\/p>\n<h2 id=\"2-look-and-brand-name-sophistication\">2 Look y sofisticaci\u00f3n de marca<\/h2>\n<ul>\n<li><strong>Tono principal: Naranja muy saturado\u00a0<\/strong>: De gran impacto est\u00e9tico y muy reconocible en el lineal, capta r\u00e1pidamente la atenci\u00f3n en las redes sociales y en los escaparates fuera de l\u00ednea.<\/li>\n<li><strong>Ideas de color\u00a0<\/strong>: Consulte el tono naranja \"Safran Imp\u00e9rial\" que Louis Vuitton ha utilizado desde 2016, a menudo emparejado con la\u00a0<strong>cinta azul\/mango\u00a0<\/strong>creando una firma de marca contempor\u00e1nea y cl\u00e1sica a la vez.<\/li>\n<\/ul>\n<h2 id=\"3-products-and-environmental-protection\">3 Productos y protecci\u00f3n del medio ambiente<\/h2>\n<ul>\n<li><strong>Sostenibilidad y longevidad\u00a0<\/strong>: Tanto el <a href=\"https:\/\/chinacustomboxes.com\/es\/\">caja de regalo<\/a> y la presente bolsa se fabrican con recursos duraderos y contienen web reciclada. La estructura resistente y la apertura y cierre reciclables reducen el peligro de p\u00e9rdidas por log\u00edstica y vuelco, y satisfacen las necesidades de robustez y conformidad de los envases de productos de lujo.<\/li>\n<li>Referencia a la informaci\u00f3n p\u00fablica de la industria y la marca: LV especifica formalmente que su papel para cajas de regalo \"procede de bosques duraderos, est\u00e1 compuesto por aproximadamente 40% de fibra reciclada y es plegable para disminuir la influencia de la entrega\" (como referencia a la direcci\u00f3n medioambiental y a los objetivos de eficiencia).<\/li>\n<\/ul>\n<p><img decoding=\"async\" class=\"alignnone wp-image-2315 size-full\" src=\"https:\/\/chinacustomboxes.com\/wp-content\/uploads\/2025\/08\/Louis-Vuitton-Luxury-Bags-Lid-and-Base-Set-Rigid-Boxes-OEM-3.jpg\" alt=\"Louis Vuitton Bolsos de Lujo Juego de Tapa y Base Cajas R\u00edgidas OEM\" width=\"1000\" height=\"1000\" title=\"\" srcset=\"https:\/\/chinacustomboxes.com\/wp-content\/uploads\/2025\/08\/Louis-Vuitton-Luxury-Bags-Lid-and-Base-Set-Rigid-Boxes-OEM-3.jpg 1000w, https:\/\/chinacustomboxes.com\/wp-content\/uploads\/2025\/08\/Louis-Vuitton-Luxury-Bags-Lid-and-Base-Set-Rigid-Boxes-OEM-3-300x300.jpg 300w, https:\/\/chinacustomboxes.com\/wp-content\/uploads\/2025\/08\/Louis-Vuitton-Luxury-Bags-Lid-and-Base-Set-Rigid-Boxes-OEM-3-150x150.jpg 150w, https:\/\/chinacustomboxes.com\/wp-content\/uploads\/2025\/08\/Louis-Vuitton-Luxury-Bags-Lid-and-Base-Set-Rigid-Boxes-OEM-3-768x768.jpg 768w, https:\/\/chinacustomboxes.com\/wp-content\/uploads\/2025\/08\/Louis-Vuitton-Luxury-Bags-Lid-and-Base-Set-Rigid-Boxes-OEM-3-12x12.jpg 12w, https:\/\/chinacustomboxes.com\/wp-content\/uploads\/2025\/08\/Louis-Vuitton-Luxury-Bags-Lid-and-Base-Set-Rigid-Boxes-OEM-3-600x600.jpg 600w, https:\/\/chinacustomboxes.com\/wp-content\/uploads\/2025\/08\/Louis-Vuitton-Luxury-Bags-Lid-and-Base-Set-Rigid-Boxes-OEM-3-100x100.jpg 100w\" sizes=\"(max-width: 1000px) 100vw, 1000px\" \/><\/p>\n<h2 id=\"4-structure-and-workmanship-details\">4 Estructura y detalles de fabricaci\u00f3n<\/h2>\n<ul>\n<li><strong>Estructura r\u00edgida\u00a0<\/strong>: Normalmente, sugerimos cart\u00f3n gris de 1200- 1800g (o cart\u00f3n de n\u00facleo negro) + papel especial de 120- 180g instalando; las profundidades de la tapa superior e inferior se adaptan a las especificaciones del art\u00edculo, con\u00a0<strong>control de tolerancia de ajuste\u00a0<\/strong>La sensaci\u00f3n de apertura es \"limitada pero c\u00f3moda\".<\/li>\n<li><strong>Impresi\u00f3n de alta precisi\u00f3n\u00a0<\/strong>: Mantiene la coincidencia precisa de color de \u00e1rea\/PANTONE, el control de tramado de puntos y la impresi\u00f3n de alto recuento de l\u00edneas, lo que garantiza\u00a0<strong>dise\u00f1os de logotipos claros y n\u00edtidos, laterales sin rebabas y variaci\u00f3n de color regular\u00a0<\/strong>.\u00a0<strong>Los procesos de primas opcionales consisten en\u00a0<\/strong>marcado en caliente, gofrado y barniz UV de lugar **.<\/li>\n<li><strong>Revestimiento y protecci\u00f3n\u00a0<\/strong>: Disponibles en EVA, terciopelo, papel flocado o pasta moldeada para adaptarse a diferentes dimensiones, consistentes en bolsos, presupuestos y accesorios. ** Hay opciones resistentes a los ara\u00f1azos, a prueba de polvo y que absorben la humedad.<\/li>\n<li><strong>Bolsa actual Construcci\u00f3n\u00a0<\/strong>: Se ofrecen en acabados laminados o de papel base, solapas reforzadas y papel soporte.\u00a0<strong>Cinta, nervadura o cable azul\u00a0<\/strong>reforzadas con perforaciones y remaches para un tacto y una resistencia equilibrados.<\/li>\n<\/ul>\n<p><img decoding=\"async\" class=\"alignnone wp-image-2316 size-full\" src=\"https:\/\/chinacustomboxes.com\/wp-content\/uploads\/2025\/08\/Louis-Vuitton-Luxury-Bags-Lid-and-Base-Set-Rigid-Boxes-OEM-4.jpg\" alt=\"Louis Vuitton Bolsos de Lujo Juego de Tapa y Base Cajas R\u00edgidas OEM\" width=\"1000\" height=\"1000\" title=\"\" srcset=\"https:\/\/chinacustomboxes.com\/wp-content\/uploads\/2025\/08\/Louis-Vuitton-Luxury-Bags-Lid-and-Base-Set-Rigid-Boxes-OEM-4.jpg 1000w, https:\/\/chinacustomboxes.com\/wp-content\/uploads\/2025\/08\/Louis-Vuitton-Luxury-Bags-Lid-and-Base-Set-Rigid-Boxes-OEM-4-300x300.jpg 300w, https:\/\/chinacustomboxes.com\/wp-content\/uploads\/2025\/08\/Louis-Vuitton-Luxury-Bags-Lid-and-Base-Set-Rigid-Boxes-OEM-4-150x150.jpg 150w, https:\/\/chinacustomboxes.com\/wp-content\/uploads\/2025\/08\/Louis-Vuitton-Luxury-Bags-Lid-and-Base-Set-Rigid-Boxes-OEM-4-768x768.jpg 768w, https:\/\/chinacustomboxes.com\/wp-content\/uploads\/2025\/08\/Louis-Vuitton-Luxury-Bags-Lid-and-Base-Set-Rigid-Boxes-OEM-4-12x12.jpg 12w, https:\/\/chinacustomboxes.com\/wp-content\/uploads\/2025\/08\/Louis-Vuitton-Luxury-Bags-Lid-and-Base-Set-Rigid-Boxes-OEM-4-600x600.jpg 600w, https:\/\/chinacustomboxes.com\/wp-content\/uploads\/2025\/08\/Louis-Vuitton-Luxury-Bags-Lid-and-Base-Set-Rigid-Boxes-OEM-4-100x100.jpg 100w\" sizes=\"(max-width: 1000px) 100vw, 1000px\" \/><\/p>\n<h2 id=\"5-application-situations\">5 Situaciones de aplicaci\u00f3n<\/h2>\n<ul>\n<li><strong>Regalos de gama alta\/Regalos de Navidad\/Paquetes\u00a0<\/strong>: Como regalos de vacaciones de edici\u00f3n limitada, regalos VIP y cajas de regalo de marca compartida; adecuados tanto para la pantalla de tiendas fuera de l\u00ednea como para el correo de compras directas o el embalaje de productos de regalo.<\/li>\n<\/ul>\n<h2 id=\"6-quality-control-and-shipment\">6 Control de calidad y env\u00edo<\/h2>\n<ul>\n<li><strong>Distinci\u00f3n de tonos y control de dimensiones\u00a0<\/strong>: Realizaci\u00f3n de contornos ICC para pruebas y tablas de contraste frente a tonos; comprobaci\u00f3n puntual de medidas esenciales y paralelismo diagonal; realizaci\u00f3n de ex\u00e1menes de entrega para comprobar la solidez al frote, la resistencia al plegado, la compresi\u00f3n y la resistencia a la decoloraci\u00f3n.<\/li>\n<li><strong>Seguridad y conformidad\u00a0<\/strong>: El papel y las tintas pueden personalizarse con opciones de conformidad FSC\/REACH bajo demanda (sujeto al pedido del consumidor y a las directrices locales).<\/li>\n<li><strong>R\u00e1pida creaci\u00f3n de prototipos\u00a0<\/strong>: Aprovechar nuestra\u00a0<strong>l\u00ednea de producci\u00f3n inteligente\u00a0<\/strong>y\u00a0<strong>colecci\u00f3n modular de troqueles\/forros\u00a0<\/strong>apoyamos las pruebas en\u00a0<strong>1 hora\u00a0<\/strong>(con verificaci\u00f3n local\/en l\u00ednea de las ilustraciones de las pruebas y las piezas est\u00e1ndar), lo que permite actuar con rapidez ante solicitudes aceleradas y de lotes peque\u00f1os.<\/li>\n<\/ul>\n<p><img loading=\"lazy\" decoding=\"async\" class=\"alignnone wp-image-2318 size-full\" src=\"https:\/\/chinacustomboxes.com\/wp-content\/uploads\/2025\/08\/Louis-Vuitton-Luxury-Bags-Lid-and-Base-Set-Rigid-Boxes-OEM-6.jpg\" alt=\"Louis Vuitton Bolsos de Lujo Juego de Tapa y Base Cajas R\u00edgidas OEM\" width=\"1000\" height=\"1000\" title=\"\" srcset=\"https:\/\/chinacustomboxes.com\/wp-content\/uploads\/2025\/08\/Louis-Vuitton-Luxury-Bags-Lid-and-Base-Set-Rigid-Boxes-OEM-6.jpg 1000w, https:\/\/chinacustomboxes.com\/wp-content\/uploads\/2025\/08\/Louis-Vuitton-Luxury-Bags-Lid-and-Base-Set-Rigid-Boxes-OEM-6-300x300.jpg 300w, https:\/\/chinacustomboxes.com\/wp-content\/uploads\/2025\/08\/Louis-Vuitton-Luxury-Bags-Lid-and-Base-Set-Rigid-Boxes-OEM-6-150x150.jpg 150w, https:\/\/chinacustomboxes.com\/wp-content\/uploads\/2025\/08\/Louis-Vuitton-Luxury-Bags-Lid-and-Base-Set-Rigid-Boxes-OEM-6-768x768.jpg 768w, https:\/\/chinacustomboxes.com\/wp-content\/uploads\/2025\/08\/Louis-Vuitton-Luxury-Bags-Lid-and-Base-Set-Rigid-Boxes-OEM-6-12x12.jpg 12w, https:\/\/chinacustomboxes.com\/wp-content\/uploads\/2025\/08\/Louis-Vuitton-Luxury-Bags-Lid-and-Base-Set-Rigid-Boxes-OEM-6-600x600.jpg 600w, https:\/\/chinacustomboxes.com\/wp-content\/uploads\/2025\/08\/Louis-Vuitton-Luxury-Bags-Lid-and-Base-Set-Rigid-Boxes-OEM-6-100x100.jpg 100w\" sizes=\"(max-width: 1000px) 100vw, 1000px\" \/><\/p>\n<h2 id=\"7-customization\">7 Personalizaci\u00f3n<\/h2>\n<ul>\n<li><strong>Talla\u00a0<\/strong>: Personalizar por dimensiones para bolsos, peque\u00f1os art\u00edculos de cuero natural y accesorios (sosteniendo remedios de embalaje incorporados de varios tama\u00f1os).<\/li>\n<li><strong>Mano de obra\u00a0<\/strong>: Tonalidad de la zona + marcado c\u00e1lido (logotipo), forro celular de terciopelo, cierre magn\u00e9tico\/despegable oculto, leng\u00fceta f\u00e1cil de rasgar, etc.\u00a0<em>* Dispositivos\u00a0<\/em>: Bolsa de regalo tonal, cinta, tarjeta de felicitaci\u00f3n\/regalo, papel sin \u00e1cido, etiqueta adhesiva de precinto, espacio de almacenamiento <a href=\"https:\/\/chinacustomboxes.com\/es\/drawer-style-boxes\/\">caja de cajones<\/a>.<\/li>\n<\/ul>","protected":false},"excerpt":{"rendered":"<p>Este producto cuenta con un\u00a0<strong>caja de regalo tradicional con tapa superior e inferior y bolsa de regalo\u00a0<\/strong>mezcla. En\u00a0<strong>tapa y fondo en forma bien juntos\u00a0<\/strong>que ofrece una protecci\u00f3n segura. La bolsa de regalo es\u00a0<strong>port\u00e1til y duradero\u00a0<\/strong>, abri\u00e9ndose y cerr\u00e1ndose con suavidad, lo que la hace excelente para regalos de alta gama y colecciones vacacionales. Este art\u00edculo utiliza\u00a0<strong>ecol\u00f3gico y duradero\u00a0<\/strong>papel, permitiendo\u00a0<strong>impresi\u00f3n de alta precisi\u00f3n\u00a0<\/strong>(transparente, sin rebabas y de tono normal). El sitio\u00a0<strong>naranja muy saturado\u00a0<\/strong>El dise\u00f1o del color desarrolla una s\u00f3lida identificaci\u00f3n visual. Aprovechar\u00a0<strong>l\u00edneas de producci\u00f3n inteligentes y estilo modular\u00a0<\/strong>se pueden terminar las pruebas\u00a0<strong>en menos de 1 hora\u00a0<\/strong>que permite responder con rapidez a las demandas inmediatas de distribuci\u00f3n.<\/p>","protected":false},"featured_media":2313,"template":"","meta":{"_kad_post_transparent":"default","_kad_post_title":"","_kad_post_layout":"default","_kad_post_sidebar_id":"","_kad_post_content_style":"default","_kad_post_vertical_padding":"default","_kad_post_feature":"","_kad_post_feature_position":"","_kad_post_header":false,"_kad_post_footer":false,"_kad_post_classname":""},"product_brand":[],"product_cat":[19,15,17,30],"product_tag":[573,575,574],"class_list":{"0":"post-2312","1":"product","2":"type-product","3":"status-publish","4":"has-post-thumbnail","6":"product_cat-lid-and-base-boxes","7":"product_cat-boxes-by-shapes","8":"product_cat-boxes-by-industries","9":"product_cat-clothing-packaging-boxes","10":"product_tag-lid-and-base-boxes","11":"product_tag-louis-vuitton-packaging-boxes","12":"product_tag-rigid-boxes-oem","14":"first","15":"instock","16":"shipping-taxable","17":"product-type-simple","18":"entry","19":"content-bg","20":"loop-entry"},"_links":{"self":[{"href":"https:\/\/chinacustomboxes.com\/es\/wp-json\/wp\/v2\/product\/2312","targetHints":{"allow":["GET"]}}],"collection":[{"href":"https:\/\/chinacustomboxes.com\/es\/wp-json\/wp\/v2\/product"}],"about":[{"href":"https:\/\/chinacustomboxes.com\/es\/wp-json\/wp\/v2\/types\/product"}],"wp:featuredmedia":[{"embeddable":true,"href":"https:\/\/chinacustomboxes.com\/es\/wp-json\/wp\/v2\/media\/2313"}],"wp:attachment":[{"href":"https:\/\/chinacustomboxes.com\/es\/wp-json\/wp\/v2\/media?parent=2312"}],"wp:term":[{"taxonomy":"product_brand","embeddable":true,"href":"https:\/\/chinacustomboxes.com\/es\/wp-json\/wp\/v2\/product_brand?post=2312"},{"taxonomy":"product_cat","embeddable":true,"href":"https:\/\/chinacustomboxes.com\/es\/wp-json\/wp\/v2\/product_cat?post=2312"},{"taxonomy":"product_tag","embeddable":true,"href":"https:\/\/chinacustomboxes.com\/es\/wp-json\/wp\/v2\/product_tag?post=2312"}],"curies":[{"name":"wp","href":"https:\/\/api.w.org\/{rel}","templated":true}]}}