{"id":2319,"date":"2025-08-22T03:33:22","date_gmt":"2025-08-22T03:33:22","guid":{"rendered":"https:\/\/chinacustomboxes.com\/?post_type=product&#038;p=2319"},"modified":"2025-08-22T03:33:23","modified_gmt":"2025-08-22T03:33:23","slug":"candle-scent-aromatherapy-neck-lid-and-base-gift-boxes-odm","status":"publish","type":"product","link":"https:\/\/chinacustomboxes.com\/es\/candle-scent-aromatherapy-neck-lid-and-base-gift-boxes-odm\/","title":{"rendered":"Vela Aroma Aromaterapia Cuello Tapa y base Cajas de regalo ODM"},"content":{"rendered":"<h2 id=\"custom-made-odm-aromatherapy-scent-candle-lid-and-base-gift-box\">Aromaterapia ODM hecho a medida Vela de aroma Tapa y Base Caja de regalo<\/h2>\n<h2 id=\"1-structural-design-a-combination-of-timeless-and-ingenious-with-phenomenal-details-\">1. Dise\u00f1o estructural: Una combinaci\u00f3n de intemporalidad e ingenio, con detalles fenomenales.<\/h2>\n<p>Esta caja de regalo para velas arom\u00e1ticas incluye el estilo tradicional de \"tapa y base\", en el que la tapa superior forma la \"parte superior\" y la inferior la \"base\". Se abre y se cierra con suavidad y comodidad, lo que la convierte en la forma de caja est\u00e1ndar preferida para el envasado de productos de regalo. De hecho, hemos refinado este dise\u00f1o incluyendo un estilo de \"cuello\", a\u00f1adiendo un borde extra a la base. Este ingenioso estilo garantiza un ajuste suave entre el <a href=\"https:\/\/chinacustomboxes.com\/es\/lid-and-base-boxes\/\">cajas de tapa y base<\/a> al cerrarse, creando unos laterales ordenados y n\u00edtidos y una est\u00e9tica visual sencilla pero sofisticada. Este marco para el cuello y los hombros no s\u00f3lo mejora considerablemente el cierre y la seguridad de la caja, ofreciendo una amplia protecci\u00f3n para el art\u00edculo que contiene, sino que adem\u00e1s muestra cuidadosamente el aspecto refinado, de primera calidad y personalizado.<\/p>\n<p><img fetchpriority=\"high\" decoding=\"async\" class=\"alignnone wp-image-2320 size-full\" src=\"https:\/\/chinacustomboxes.com\/wp-content\/uploads\/2025\/08\/Candle-Scent-Aromatherapy-Neck-Lid-and-base-Gift-Boxes-ODM-1.jpg\" alt=\"Vela Aroma Aromaterapia Cuello Tapa y base Cajas de regalo ODM\" width=\"750\" height=\"750\" title=\"\" srcset=\"https:\/\/chinacustomboxes.com\/wp-content\/uploads\/2025\/08\/Candle-Scent-Aromatherapy-Neck-Lid-and-base-Gift-Boxes-ODM-1.jpg 750w, https:\/\/chinacustomboxes.com\/wp-content\/uploads\/2025\/08\/Candle-Scent-Aromatherapy-Neck-Lid-and-base-Gift-Boxes-ODM-1-300x300.jpg 300w, https:\/\/chinacustomboxes.com\/wp-content\/uploads\/2025\/08\/Candle-Scent-Aromatherapy-Neck-Lid-and-base-Gift-Boxes-ODM-1-150x150.jpg 150w, https:\/\/chinacustomboxes.com\/wp-content\/uploads\/2025\/08\/Candle-Scent-Aromatherapy-Neck-Lid-and-base-Gift-Boxes-ODM-1-12x12.jpg 12w, https:\/\/chinacustomboxes.com\/wp-content\/uploads\/2025\/08\/Candle-Scent-Aromatherapy-Neck-Lid-and-base-Gift-Boxes-ODM-1-600x600.jpg 600w, https:\/\/chinacustomboxes.com\/wp-content\/uploads\/2025\/08\/Candle-Scent-Aromatherapy-Neck-Lid-and-base-Gift-Boxes-ODM-1-100x100.jpg 100w\" sizes=\"(max-width: 750px) 100vw, 750px\" \/><\/p>\n<h2 id=\"2-material-choice-similarly-stressing-quality-and-security-a-commitment-to-top-quality-both-throughout-\">2. Elecci\u00f3n de los materiales: tambi\u00e9n se hace hincapi\u00e9 en la calidad y la seguridad.<\/h2>\n<p>Entendemos que los productos son vitales para la calidad del envasado. El tejido exterior de este <a href=\"https:\/\/chinacustomboxes.com\/es\/distribute-magnetic-lid-rigid-box-for-lipstick-mini-perfume\/\">caja de regalo<\/a> se construye generalmente con papel art\u00edstico de primera calidad, cuya delicada estructura y tacto acogedor realzan instant\u00e1neamente el embalaje general del producto. El n\u00facleo interno es de cart\u00f3n gris grueso y duradero, lo que garantiza una rigidez y una capacidad de carga extraordinarias. De este modo se protegen eficazmente los delicados recipientes de aromaterapia y las velas que contienen, contra la influencia y el aplastamiento durante el transporte y la exposici\u00f3n. Esta mezcla de papel art\u00edstico y cart\u00f3n gris logra el mejor equilibrio entre est\u00e9tica y funcionalidad, garantizando que cada regalo se presente a los consumidores en perfectas condiciones.<\/p>\n<h2 id=\"3-printing-and-craftsmanship-meticulous-workmanship-gives-the-packaging-a-distinct-visual-allure-\">3. Impresi\u00f3n y artesan\u00eda: La meticulosa elaboraci\u00f3n confiere al envase un atractivo visual inconfundible.<\/h2>\n<p>Para crear un efecto est\u00e9tico distintivo, ofrecemos una gama de opciones de impresi\u00f3n y acabado. Un atributo clave de este dise\u00f1o <a href=\"https:\/\/chinacustomboxes.com\/es\/\">caja<\/a> es el encantador acabado plateado del borde interior de la tapa. Esta informaci\u00f3n a\u00f1ade un toque de sombra al suave dise\u00f1o total, actuando como toque final y mejorando considerablemente la sensaci\u00f3n refinada y extravagante del envase. Adem\u00e1s, se pueden utilizar procedimientos personalizables como el marcado en caliente, el gofrado y las terapias UV puntuales para potenciar la profundidad y el matiz del envase del producto, resaltando m\u00e1s el logotipo de la marca.<\/p>\n<p><img decoding=\"async\" class=\"alignnone wp-image-2321 size-full\" src=\"https:\/\/chinacustomboxes.com\/wp-content\/uploads\/2025\/08\/Candle-Scent-Aromatherapy-Neck-Lid-and-base-Gift-Boxes-ODM-2.jpg\" alt=\"Vela Aroma Aromaterapia Cuello Tapa y base Cajas de regalo ODM\" width=\"750\" height=\"750\" title=\"\" srcset=\"https:\/\/chinacustomboxes.com\/wp-content\/uploads\/2025\/08\/Candle-Scent-Aromatherapy-Neck-Lid-and-base-Gift-Boxes-ODM-2.jpg 750w, https:\/\/chinacustomboxes.com\/wp-content\/uploads\/2025\/08\/Candle-Scent-Aromatherapy-Neck-Lid-and-base-Gift-Boxes-ODM-2-300x300.jpg 300w, https:\/\/chinacustomboxes.com\/wp-content\/uploads\/2025\/08\/Candle-Scent-Aromatherapy-Neck-Lid-and-base-Gift-Boxes-ODM-2-150x150.jpg 150w, https:\/\/chinacustomboxes.com\/wp-content\/uploads\/2025\/08\/Candle-Scent-Aromatherapy-Neck-Lid-and-base-Gift-Boxes-ODM-2-12x12.jpg 12w, https:\/\/chinacustomboxes.com\/wp-content\/uploads\/2025\/08\/Candle-Scent-Aromatherapy-Neck-Lid-and-base-Gift-Boxes-ODM-2-600x600.jpg 600w, https:\/\/chinacustomboxes.com\/wp-content\/uploads\/2025\/08\/Candle-Scent-Aromatherapy-Neck-Lid-and-base-Gift-Boxes-ODM-2-100x100.jpg 100w\" sizes=\"(max-width: 750px) 100vw, 750px\" \/><\/p>\n<h2 id=\"4-color-visual-appeals-tranquil-lavender-producing-an-immersive-sensory-experience-\">4. Color Visual Appeals: Tranquil Lavender, Producing an Immersive Sensory Experience.<\/h2>\n<p>El cuerpo principal del envase utiliza un suave y elegante tono lavanda. Esta creativa elecci\u00f3n de color estimula r\u00e1pidamente el encanto de las organizaciones con la fragancia relajante y curativa del producto, creando eficazmente un ambiente tranquilo y relajante que se alinea completamente con el posicionamiento del art\u00edculo de aromaterapia. Este uso unificado y armonioso del color no s\u00f3lo potencia el art\u00edculo, sino que tambi\u00e9n ayuda a desarrollar una identificaci\u00f3n est\u00e9tica de marca s\u00f3lida y especial, atrayendo y cautivando al instante a los clientes objetivo.<\/p>\n<h2 id=\"5-decorative-information-moderate-sophistication-revealed-in-the-details-\">5. Informaci\u00f3n decorativa: Sofisticaci\u00f3n moderada, revelada en los detalles.<\/h2>\n<p>La esencia del dise\u00f1o reside a menudo en los detalles. El borde plateado, aparentemente relajado, que rodea la cara interna de la tapa principal personifica esta filosof\u00eda. Como componente atractivo, refinado y discreto, establece una sutil comparaci\u00f3n con el tono lavanda primario, lo que reduce la monoton\u00eda de la combinaci\u00f3n de colores y mejora la clase y el valor del dise\u00f1o total, creando una sensaci\u00f3n de sorpresa al abrir el paquete.<\/p>\n<p><img decoding=\"async\" class=\"alignnone wp-image-2322 size-full\" src=\"https:\/\/chinacustomboxes.com\/wp-content\/uploads\/2025\/08\/Candle-Scent-Aromatherapy-Neck-Lid-and-base-Gift-Boxes-ODM-3.jpg\" alt=\"Vela Aroma Aromaterapia Cuello Tapa y base Cajas de regalo ODM\" width=\"1919\" height=\"1919\" title=\"\" srcset=\"https:\/\/chinacustomboxes.com\/wp-content\/uploads\/2025\/08\/Candle-Scent-Aromatherapy-Neck-Lid-and-base-Gift-Boxes-ODM-3.jpg 1919w, https:\/\/chinacustomboxes.com\/wp-content\/uploads\/2025\/08\/Candle-Scent-Aromatherapy-Neck-Lid-and-base-Gift-Boxes-ODM-3-300x300.jpg 300w, https:\/\/chinacustomboxes.com\/wp-content\/uploads\/2025\/08\/Candle-Scent-Aromatherapy-Neck-Lid-and-base-Gift-Boxes-ODM-3-1024x1024.jpg 1024w, https:\/\/chinacustomboxes.com\/wp-content\/uploads\/2025\/08\/Candle-Scent-Aromatherapy-Neck-Lid-and-base-Gift-Boxes-ODM-3-150x150.jpg 150w, https:\/\/chinacustomboxes.com\/wp-content\/uploads\/2025\/08\/Candle-Scent-Aromatherapy-Neck-Lid-and-base-Gift-Boxes-ODM-3-768x768.jpg 768w, https:\/\/chinacustomboxes.com\/wp-content\/uploads\/2025\/08\/Candle-Scent-Aromatherapy-Neck-Lid-and-base-Gift-Boxes-ODM-3-1536x1536.jpg 1536w, https:\/\/chinacustomboxes.com\/wp-content\/uploads\/2025\/08\/Candle-Scent-Aromatherapy-Neck-Lid-and-base-Gift-Boxes-ODM-3-12x12.jpg 12w, https:\/\/chinacustomboxes.com\/wp-content\/uploads\/2025\/08\/Candle-Scent-Aromatherapy-Neck-Lid-and-base-Gift-Boxes-ODM-3-600x600.jpg 600w, https:\/\/chinacustomboxes.com\/wp-content\/uploads\/2025\/08\/Candle-Scent-Aromatherapy-Neck-Lid-and-base-Gift-Boxes-ODM-3-100x100.jpg 100w\" sizes=\"(max-width: 1919px) 100vw, 1919px\" \/><\/p>\n<h2 id=\"6-internal-security-precision-molded-lining-provides-the-ultimate-product-defense-\">6. Seguridad interna: El forro moldeado con precisi\u00f3n proporciona la m\u00e1xima defensa del producto.<\/h2>\n<p>Para asegurarnos de que los art\u00edculos de aromaterapia siguen estando seguros dentro de la caja, moldeamos el forro a medida espec\u00edficamente seg\u00fan la forma del art\u00edculo. Disponemos de una gran variedad de productos de forro, como espuma EVA para un acolchado y una absorci\u00f3n de impactos excepcionales, algod\u00f3n perlado EPE ligero y respetuoso con el medio ambiente, o envoltorios de llagas muy entonados. Estos materiales envuelven y sujetan con seguridad productos como frascos de aromaterapia y portavelas, evitando eficazmente que se agiten e influyan. Este revestimiento celular de ajuste preciso no s\u00f3lo garantiza la seguridad del producto, sino que tambi\u00e9n demuestra nuestra profesionalidad y fiabilidad y nuestra minuciosa atenci\u00f3n al detalle, lo que produce una experiencia de envasado de productos fresca y bien organizada.<\/p>\n<h2 id=\"7-odm-totally-custom-made-services-develop-your-own-brand-identity-\">7. Servicios ODM totalmente a medida: Desarrolle su propia identidad de marca.<\/h2>\n<p>Proporcionamos soluciones ODM (fabricante de dise\u00f1o inicial) minuciosas, que le permiten personalizar totalmente cada aspecto de su caja, incluida la estructura de la caja, las dimensiones, los materiales exteriores e interiores, la impresi\u00f3n, la combinaci\u00f3n de tonos y la manipulaci\u00f3n, en funci\u00f3n del posicionamiento de su marca y los requisitos de los art\u00edculos. Tanto si desea alterar los colores tem\u00e1ticos de su marca, incluir de forma destacada el dise\u00f1o de su logotipo o personalizar el dise\u00f1o interior para adaptarlo a su colecci\u00f3n de productos, nuestro grupo de profesionales le ofrece una opci\u00f3n \u00fanica, creando envases \u00fanicos y espec\u00edficos para su marca.<\/p>\n<p><img loading=\"lazy\" decoding=\"async\" class=\"alignnone wp-image-2323 size-full\" src=\"https:\/\/chinacustomboxes.com\/wp-content\/uploads\/2025\/08\/Candle-Scent-Aromatherapy-Neck-Lid-and-base-Gift-Boxes-ODM-4.jpg\" alt=\"Vela Aroma Aromaterapia Cuello Tapa y base Cajas de regalo ODM\" width=\"1600\" height=\"1600\" title=\"\" srcset=\"https:\/\/chinacustomboxes.com\/wp-content\/uploads\/2025\/08\/Candle-Scent-Aromatherapy-Neck-Lid-and-base-Gift-Boxes-ODM-4.jpg 1600w, https:\/\/chinacustomboxes.com\/wp-content\/uploads\/2025\/08\/Candle-Scent-Aromatherapy-Neck-Lid-and-base-Gift-Boxes-ODM-4-300x300.jpg 300w, https:\/\/chinacustomboxes.com\/wp-content\/uploads\/2025\/08\/Candle-Scent-Aromatherapy-Neck-Lid-and-base-Gift-Boxes-ODM-4-1024x1024.jpg 1024w, https:\/\/chinacustomboxes.com\/wp-content\/uploads\/2025\/08\/Candle-Scent-Aromatherapy-Neck-Lid-and-base-Gift-Boxes-ODM-4-150x150.jpg 150w, https:\/\/chinacustomboxes.com\/wp-content\/uploads\/2025\/08\/Candle-Scent-Aromatherapy-Neck-Lid-and-base-Gift-Boxes-ODM-4-768x768.jpg 768w, https:\/\/chinacustomboxes.com\/wp-content\/uploads\/2025\/08\/Candle-Scent-Aromatherapy-Neck-Lid-and-base-Gift-Boxes-ODM-4-1536x1536.jpg 1536w, https:\/\/chinacustomboxes.com\/wp-content\/uploads\/2025\/08\/Candle-Scent-Aromatherapy-Neck-Lid-and-base-Gift-Boxes-ODM-4-12x12.jpg 12w, https:\/\/chinacustomboxes.com\/wp-content\/uploads\/2025\/08\/Candle-Scent-Aromatherapy-Neck-Lid-and-base-Gift-Boxes-ODM-4-600x600.jpg 600w, https:\/\/chinacustomboxes.com\/wp-content\/uploads\/2025\/08\/Candle-Scent-Aromatherapy-Neck-Lid-and-base-Gift-Boxes-ODM-4-100x100.jpg 100w\" sizes=\"(max-width: 1600px) 100vw, 1600px\" \/><\/p>\n<h2 id=\"8-core-benefit-1-hour-prototyping-assisting-brands-seize-market-opportunities-\">8. Ventaja principal: creaci\u00f3n de prototipos en 1 hora, ayuda a las marcas a aprovechar las oportunidades de mercado.<\/h2>\n<p>El tiempo es vital en un mercado ferozmente competitivo. Lo reconocemos, y aprovechando nuestras duraderas capacidades de fabricaci\u00f3n y asimilaci\u00f3n de dise\u00f1os, prometemos solemnemente \"prototipos en 1 hora\". Esta eficaz y r\u00e1pida capacidad de respuesta y creaci\u00f3n de prototipos le permite ver ejemplos casi terminados en un tiempo r\u00e9cord, lo que acorta dr\u00e1sticamente su ciclo de elecci\u00f3n y el tiempo de comercializaci\u00f3n, ayudando a su marca a confiscar posibilidades en un mercado que cambia r\u00e1pidamente.<\/p>","protected":false},"excerpt":{"rendered":"<p>Esta caja de regalo para velas arom\u00e1ticas, con un elegante color lavanda, produce un ambiente tranquilo y reconfortante. Su estilo cl\u00e1sico de tapa y parte superior con hombro y cuello garantiza un cierre herm\u00e9tico y l\u00edneas limpias, emanando una sensaci\u00f3n de primera calidad. Fabricado en resistente cart\u00f3n gris con un papel art\u00edstico fr\u00e1gil y sensible, combina aspecto y seguridad. El ribete plateado alrededor del borde interior de la tapa a\u00f1ade un toque de informaci\u00f3n pulida. El interior est\u00e1 moldeado espec\u00edficamente a la forma del producto, con forros amortiguadores como EVA o algod\u00f3n perlado para garantizar un transporte seguro. Proporcionamos soluciones integrales de personalizaci\u00f3n ODM, desde la estructura y los productos hasta los procesos de impresi\u00f3n, y garantizamos \"una r\u00e1pida entrega del ejemplo en 1 hora\", ayud\u00e1ndole a producir envases especiales para productos de marca y a captar r\u00e1pidamente cuota de mercado.<\/p>","protected":false},"featured_media":2320,"template":"","meta":{"_kad_post_transparent":"default","_kad_post_title":"","_kad_post_layout":"default","_kad_post_sidebar_id":"","_kad_post_content_style":"default","_kad_post_vertical_padding":"default","_kad_post_feature":"","_kad_post_feature_position":"","_kad_post_header":false,"_kad_post_footer":false,"_kad_post_classname":""},"product_brand":[],"product_cat":[15,17,33,19,34],"product_tag":[576,577,578],"class_list":{"0":"post-2319","1":"product","2":"type-product","3":"status-publish","4":"has-post-thumbnail","6":"product_cat-boxes-by-shapes","7":"product_cat-boxes-by-industries","8":"product_cat-candle-packaging-boxes","9":"product_cat-lid-and-base-boxes","10":"product_cat-perfume-packaging-boxes","11":"product_tag-candle-gift-boxes","12":"product_tag-neck-lid-and-base-gift-boxes","13":"product_tag-scent-aromatherapy-gift-boxes-odm","15":"first","16":"instock","17":"shipping-taxable","18":"product-type-simple","19":"entry","20":"content-bg","21":"loop-entry"},"_links":{"self":[{"href":"https:\/\/chinacustomboxes.com\/es\/wp-json\/wp\/v2\/product\/2319","targetHints":{"allow":["GET"]}}],"collection":[{"href":"https:\/\/chinacustomboxes.com\/es\/wp-json\/wp\/v2\/product"}],"about":[{"href":"https:\/\/chinacustomboxes.com\/es\/wp-json\/wp\/v2\/types\/product"}],"wp:featuredmedia":[{"embeddable":true,"href":"https:\/\/chinacustomboxes.com\/es\/wp-json\/wp\/v2\/media\/2320"}],"wp:attachment":[{"href":"https:\/\/chinacustomboxes.com\/es\/wp-json\/wp\/v2\/media?parent=2319"}],"wp:term":[{"taxonomy":"product_brand","embeddable":true,"href":"https:\/\/chinacustomboxes.com\/es\/wp-json\/wp\/v2\/product_brand?post=2319"},{"taxonomy":"product_cat","embeddable":true,"href":"https:\/\/chinacustomboxes.com\/es\/wp-json\/wp\/v2\/product_cat?post=2319"},{"taxonomy":"product_tag","embeddable":true,"href":"https:\/\/chinacustomboxes.com\/es\/wp-json\/wp\/v2\/product_tag?post=2319"}],"curies":[{"name":"wp","href":"https:\/\/api.w.org\/{rel}","templated":true}]}}