{"id":2332,"date":"2025-08-25T02:17:42","date_gmt":"2025-08-25T02:17:42","guid":{"rendered":"https:\/\/chinacustomboxes.com\/?post_type=product&#038;p=2332"},"modified":"2025-08-25T03:13:29","modified_gmt":"2025-08-25T03:13:29","slug":"custom-cannabis-concentrate-containers-packaging-wholesale","status":"publish","type":"product","link":"https:\/\/chinacustomboxes.com\/es\/custom-cannabis-concentrate-containers-packaging-wholesale\/","title":{"rendered":"Envases personalizados para concentrados de cannabis al por mayor"},"content":{"rendered":"<h2 id=\"personalized-cannabis-concentrate-container-packaging-the-ultimate-blend-of-luxury-defense-and-brand-visual-appeals\">Envases personalizados para concentrados de cannabis: La mezcla definitiva de lujo, defensa y atractivo visual de la marca<\/h2>\n<p>En un mercado tan competitivo como el del cannabis, los productos excelentes requieren un envase igual de excelente para mostrar su valor y atraer a los clientes. Nuestro <a href=\"https:\/\/chinacustomboxes.com\/es\/cannabis-packaging\/\">envases personalizados para concentrados de cannabis<\/a>g, creada especialmente para marcas de gama alta, pretende ofrecer un servicio de envasado perfecto que integre lujo, protecci\u00f3n e individualidad de marca a trav\u00e9s de un dise\u00f1o inigualable, productos de primera calidad y una artesan\u00eda encantadora.<\/p>\n<p><img fetchpriority=\"high\" decoding=\"async\" class=\"alignnone wp-image-2337 size-full\" src=\"https:\/\/chinacustomboxes.com\/wp-content\/uploads\/2025\/08\/Custom-Cannabis-Concentrate-Containers-Packaging-Wholesale-11.jpg\" alt=\"Envases personalizados para concentrados de cannabis al por mayor\" width=\"1000\" height=\"1000\" title=\"\" srcset=\"https:\/\/chinacustomboxes.com\/wp-content\/uploads\/2025\/08\/Custom-Cannabis-Concentrate-Containers-Packaging-Wholesale-11.jpg 1000w, https:\/\/chinacustomboxes.com\/wp-content\/uploads\/2025\/08\/Custom-Cannabis-Concentrate-Containers-Packaging-Wholesale-11-300x300.jpg 300w, https:\/\/chinacustomboxes.com\/wp-content\/uploads\/2025\/08\/Custom-Cannabis-Concentrate-Containers-Packaging-Wholesale-11-150x150.jpg 150w, https:\/\/chinacustomboxes.com\/wp-content\/uploads\/2025\/08\/Custom-Cannabis-Concentrate-Containers-Packaging-Wholesale-11-768x768.jpg 768w, https:\/\/chinacustomboxes.com\/wp-content\/uploads\/2025\/08\/Custom-Cannabis-Concentrate-Containers-Packaging-Wholesale-11-12x12.jpg 12w, https:\/\/chinacustomboxes.com\/wp-content\/uploads\/2025\/08\/Custom-Cannabis-Concentrate-Containers-Packaging-Wholesale-11-600x600.jpg 600w, https:\/\/chinacustomboxes.com\/wp-content\/uploads\/2025\/08\/Custom-Cannabis-Concentrate-Containers-Packaging-Wholesale-11-100x100.jpg 100w\" sizes=\"(max-width: 1000px) 100vw, 1000px\" \/><\/p>\n<h2 id=\"1-the-phenomenal-experience-of-magnetic-flip-top-gift-boxes\">1. La experiencia fenomenal de las cajas de regalo con cierre magn\u00e9tico abatible<\/h2>\n<p>El n\u00facleo de este envase gira en torno a su innovador estilo de cajas de regalo abatibles, denominadas adem\u00e1s <a href=\"https:\/\/chinacustomboxes.com\/es\/magnetic-closure-boxes\/\">cajas con cierre magn\u00e9tico<\/a>. Su atributo clave es el potente dispositivo de cierre magn\u00e9tico incorporado. Este dise\u00f1o no s\u00f3lo permite una apertura y cierre incre\u00edblemente suaves, sino que tambi\u00e9n produce un fascinante sonido de \"clic\", produciendo una experiencia lujosa y ceremonial para el individuo. En comparaci\u00f3n con las cajas plegables tradicionales, esta duradera estructura de caja r\u00edgida proporciona una notable protecci\u00f3n, garantizando la seguridad del transporte y el espacio de almacenamiento de productos importantes como los focos.<\/p>\n<h2 id=\"2-strong-stiff-building-and-construction\">2. Construcci\u00f3n s\u00f3lida y r\u00edgida<\/h2>\n<p>Elegimos cart\u00f3n inflexible de primera calidad como material principal para el <a href=\"https:\/\/chinacustomboxes.com\/es\/\">cajas de embalaje<\/a>garantizando su resistencia y durabilidad. Este s\u00f3lido armaz\u00f3n no s\u00f3lo resiste eficazmente las tensiones exteriores, proporcionando una s\u00f3lida seguridad al art\u00edculo en su interior, sino que tambi\u00e9n mejora sustancialmente la imagen de calidad de la marca.<\/p>\n<p><img decoding=\"async\" class=\"alignnone wp-image-2335 size-full\" src=\"https:\/\/chinacustomboxes.com\/wp-content\/uploads\/2025\/08\/Custom-Cannabis-Concentrate-Containers-Packaging-Wholesale-9.jpg\" alt=\"Envases personalizados para concentrados de cannabis al por mayor\" width=\"1000\" height=\"1000\" title=\"\" srcset=\"https:\/\/chinacustomboxes.com\/wp-content\/uploads\/2025\/08\/Custom-Cannabis-Concentrate-Containers-Packaging-Wholesale-9.jpg 1000w, https:\/\/chinacustomboxes.com\/wp-content\/uploads\/2025\/08\/Custom-Cannabis-Concentrate-Containers-Packaging-Wholesale-9-300x300.jpg 300w, https:\/\/chinacustomboxes.com\/wp-content\/uploads\/2025\/08\/Custom-Cannabis-Concentrate-Containers-Packaging-Wholesale-9-150x150.jpg 150w, https:\/\/chinacustomboxes.com\/wp-content\/uploads\/2025\/08\/Custom-Cannabis-Concentrate-Containers-Packaging-Wholesale-9-768x768.jpg 768w, https:\/\/chinacustomboxes.com\/wp-content\/uploads\/2025\/08\/Custom-Cannabis-Concentrate-Containers-Packaging-Wholesale-9-12x12.jpg 12w, https:\/\/chinacustomboxes.com\/wp-content\/uploads\/2025\/08\/Custom-Cannabis-Concentrate-Containers-Packaging-Wholesale-9-600x600.jpg 600w, https:\/\/chinacustomboxes.com\/wp-content\/uploads\/2025\/08\/Custom-Cannabis-Concentrate-Containers-Packaging-Wholesale-9-100x100.jpg 100w\" sizes=\"(max-width: 1000px) 100vw, 1000px\" \/><\/p>\n<h2 id=\"3-dynamic-and-luxurious-area-uv-finish\">3. \u00c1rea din\u00e1mica y lujosa Acabado UV<\/h2>\n<p>El estampado de hojas ca\u00eddas de cannabis de la cubierta utiliza una superficie \u00fanica Area UV (recubrimiento UV localizado). Esta estrategia aplica una capa transparente de alto brillo a las zonas con detalles, lo que crea un llamativo contraste con el acabado mate de la cubierta y genera un impacto est\u00e9tico vibrante y tridimensional. Esto no s\u00f3lo mejora sustancialmente la sensaci\u00f3n de lujo del envase y el encanto del estante, sino que adem\u00e1s ofrece un grado de antifalsificaci\u00f3n.<\/p>\n<h2 id=\"4-distinctive-color-style\">4. Estilo de color distintivo<\/h2>\n<p>El fuerte y din\u00e1mico dise\u00f1o en degradado arco iris de la cubierta capta al instante la atenci\u00f3n de los consumidores. Este dise\u00f1o se alinea con los patrones visuales de los envases de cannabis actuales, que pretenden romper con estereotipos obsoletos y dar la bienvenida a un lenguaje est\u00e9tico mucho m\u00e1s moderno y elegante. La base de la caja es de un azul vivo y puro, que establece una comparaci\u00f3n armoniosa y a la vez llamativa con la viva cubierta.<\/p>\n<p><img decoding=\"async\" class=\"alignnone wp-image-2334 size-full\" src=\"https:\/\/chinacustomboxes.com\/wp-content\/uploads\/2025\/08\/Custom-Cannabis-Concentrate-Containers-Packaging-Wholesale-8.jpg\" alt=\"Envases personalizados para concentrados de cannabis al por mayor\" width=\"1000\" height=\"1000\" title=\"\" srcset=\"https:\/\/chinacustomboxes.com\/wp-content\/uploads\/2025\/08\/Custom-Cannabis-Concentrate-Containers-Packaging-Wholesale-8.jpg 1000w, https:\/\/chinacustomboxes.com\/wp-content\/uploads\/2025\/08\/Custom-Cannabis-Concentrate-Containers-Packaging-Wholesale-8-300x300.jpg 300w, https:\/\/chinacustomboxes.com\/wp-content\/uploads\/2025\/08\/Custom-Cannabis-Concentrate-Containers-Packaging-Wholesale-8-150x150.jpg 150w, https:\/\/chinacustomboxes.com\/wp-content\/uploads\/2025\/08\/Custom-Cannabis-Concentrate-Containers-Packaging-Wholesale-8-768x768.jpg 768w, https:\/\/chinacustomboxes.com\/wp-content\/uploads\/2025\/08\/Custom-Cannabis-Concentrate-Containers-Packaging-Wholesale-8-12x12.jpg 12w, https:\/\/chinacustomboxes.com\/wp-content\/uploads\/2025\/08\/Custom-Cannabis-Concentrate-Containers-Packaging-Wholesale-8-600x600.jpg 600w, https:\/\/chinacustomboxes.com\/wp-content\/uploads\/2025\/08\/Custom-Cannabis-Concentrate-Containers-Packaging-Wholesale-8-100x100.jpg 100w\" sizes=\"(max-width: 1000px) 100vw, 1000px\" \/><\/p>\n<h2 id=\"5-skillfully-hidden-magnets\">5. Imanes h\u00e1bilmente ocultos<\/h2>\n<p>La caracter\u00edstica esencial de este envase son los imanes inteligentemente escondidos dentro de la tapa y las cajas. Esta disposici\u00f3n sin costuras crea un aspecto ordenado y liso, sin broches innecesarios. El cierre magn\u00e9tico garantiza un ajuste espec\u00edfico y seguro, asegurando que el art\u00edculo en su interior permanezca a salvo y seguro en todas las condiciones.<\/p>\n<p><img loading=\"lazy\" decoding=\"async\" class=\"alignnone wp-image-2333 size-full\" src=\"https:\/\/chinacustomboxes.com\/wp-content\/uploads\/2025\/08\/Custom-Cannabis-Concentrate-Containers-Packaging-Wholesale-7.jpg\" alt=\"Envases personalizados para concentrados de cannabis al por mayor\" width=\"1000\" height=\"1000\" title=\"\" srcset=\"https:\/\/chinacustomboxes.com\/wp-content\/uploads\/2025\/08\/Custom-Cannabis-Concentrate-Containers-Packaging-Wholesale-7.jpg 1000w, https:\/\/chinacustomboxes.com\/wp-content\/uploads\/2025\/08\/Custom-Cannabis-Concentrate-Containers-Packaging-Wholesale-7-300x300.jpg 300w, https:\/\/chinacustomboxes.com\/wp-content\/uploads\/2025\/08\/Custom-Cannabis-Concentrate-Containers-Packaging-Wholesale-7-150x150.jpg 150w, https:\/\/chinacustomboxes.com\/wp-content\/uploads\/2025\/08\/Custom-Cannabis-Concentrate-Containers-Packaging-Wholesale-7-768x768.jpg 768w, https:\/\/chinacustomboxes.com\/wp-content\/uploads\/2025\/08\/Custom-Cannabis-Concentrate-Containers-Packaging-Wholesale-7-12x12.jpg 12w, https:\/\/chinacustomboxes.com\/wp-content\/uploads\/2025\/08\/Custom-Cannabis-Concentrate-Containers-Packaging-Wholesale-7-600x600.jpg 600w, https:\/\/chinacustomboxes.com\/wp-content\/uploads\/2025\/08\/Custom-Cannabis-Concentrate-Containers-Packaging-Wholesale-7-100x100.jpg 100w\" sizes=\"(max-width: 1000px) 100vw, 1000px\" \/><\/p>\n<h2 id=\"6-custom-made-eva-foam-liner\">6. Forro de espuma EVA hecho a medida<\/h2>\n<p>El interior de la caja funciona un forro de espuma EVA personalizado a la forma del art\u00edculo. El EVA (copol\u00edmero de etilvinilacetato) es un material de alta densidad con excepcionales propiedades de acolchado y amortiguaci\u00f3n residencial, que ofrece la mejor defensa del producto. El forro est\u00e1 cortado espec\u00edficamente con ranuras circulares adaptadas al tama\u00f1o del contenedor de concentrados, salvaguardando el producto con firmeza y deteniendo eficazmente las vibraciones y los impactos durante el transporte. El forro blanco y negro mejora a\u00fan m\u00e1s el encanto est\u00e9tico del art\u00edculo al abrir las cajas.<\/p>\n<p><img loading=\"lazy\" decoding=\"async\" class=\"alignnone wp-image-2338 size-full\" src=\"https:\/\/chinacustomboxes.com\/wp-content\/uploads\/2025\/08\/Custom-Cannabis-Concentrate-Containers-Packaging-Wholesale-12.jpg\" alt=\"Envases personalizados para concentrados de cannabis al por mayor\" width=\"1000\" height=\"1000\" title=\"\" srcset=\"https:\/\/chinacustomboxes.com\/wp-content\/uploads\/2025\/08\/Custom-Cannabis-Concentrate-Containers-Packaging-Wholesale-12.jpg 1000w, https:\/\/chinacustomboxes.com\/wp-content\/uploads\/2025\/08\/Custom-Cannabis-Concentrate-Containers-Packaging-Wholesale-12-300x300.jpg 300w, https:\/\/chinacustomboxes.com\/wp-content\/uploads\/2025\/08\/Custom-Cannabis-Concentrate-Containers-Packaging-Wholesale-12-150x150.jpg 150w, https:\/\/chinacustomboxes.com\/wp-content\/uploads\/2025\/08\/Custom-Cannabis-Concentrate-Containers-Packaging-Wholesale-12-768x768.jpg 768w, https:\/\/chinacustomboxes.com\/wp-content\/uploads\/2025\/08\/Custom-Cannabis-Concentrate-Containers-Packaging-Wholesale-12-12x12.jpg 12w, https:\/\/chinacustomboxes.com\/wp-content\/uploads\/2025\/08\/Custom-Cannabis-Concentrate-Containers-Packaging-Wholesale-12-600x600.jpg 600w, https:\/\/chinacustomboxes.com\/wp-content\/uploads\/2025\/08\/Custom-Cannabis-Concentrate-Containers-Packaging-Wholesale-12-100x100.jpg 100w\" sizes=\"(max-width: 1000px) 100vw, 1000px\" \/><\/p>\n<h2 id=\"7-highly-adjustable-and-expert-solution\">7. Soluci\u00f3n altamente ajustable y experta<\/h2>\n<p>Comprendemos que cada marca tiene su propio car\u00e1cter y exigencias especiales. Este envase presenta un alto grado de personalizaci\u00f3n. Desde la distintiva forma de las cajas con cierre magn\u00e9tico abatible, pasando por la impresi\u00f3n arco iris personalizada y la terapia UV de \u00e1rea, hasta el forro celular EVA a medida, toda la informaci\u00f3n puede personalizarse seg\u00fan los requisitos de su marca, garantizando que el envase final se alinee a la perfecci\u00f3n con la foto de su marca y los atributos del art\u00edculo.<\/p>\n<p>Aprovechando a\u00f1os de experiencia en el sector, conocemos a fondo las propiedades residenciales de los materiales, las innovaciones de procesamiento y las tendencias del mercado. No s\u00f3lo podemos materializar adecuadamente sus ideas de dise\u00f1o, sino tambi\u00e9n ofrecerle recomendaciones especializadas para ayudarle a mejorar las opciones de envasado y evitar posibles problemas, garantizando as\u00ed la alta calidad y la fuerte competencia en el mercado de su producto final.<\/p>","protected":false},"excerpt":{"rendered":"<p>Este envase personalizado de primera calidad, hecho especialmente para concentrados de cannabis, presenta un marco de cajas con cierre magn\u00e9tico para una apertura suave, que irradia una sensaci\u00f3n suntuosa y ritual. La tapa presenta una impresi\u00f3n en degradado de arco iris y un estampado UV de hojas de cannabis, que producen un efecto visual llamativo y reconocible al instante. El interior est\u00e1 forrado con un revestimiento celular de espuma EVA espec\u00edficamente reducido, que proporciona una protecci\u00f3n a prueba de golpes suprema para su art\u00edculo. Completamente personalizable desde el dise\u00f1o exterior hasta el marco interior, es una selecci\u00f3n \u00f3ptima para potenciar la foto de su marca y garantizar la seguridad de sus art\u00edculos.<\/p>","protected":false},"featured_media":2334,"template":"","meta":{"_kad_post_transparent":"default","_kad_post_title":"","_kad_post_layout":"default","_kad_post_sidebar_id":"","_kad_post_content_style":"default","_kad_post_vertical_padding":"default","_kad_post_feature":"","_kad_post_feature_position":"","_kad_post_header":false,"_kad_post_footer":false,"_kad_post_classname":""},"product_brand":[],"product_cat":[15,17,39,18],"product_tag":[579,580,581],"class_list":{"0":"post-2332","1":"product","2":"type-product","3":"status-publish","4":"has-post-thumbnail","6":"product_cat-boxes-by-shapes","7":"product_cat-boxes-by-industries","8":"product_cat-cannabis-packaging","9":"product_cat-magnetic-closure-boxes","10":"product_tag-cannabis-concentrate-packaging","11":"product_tag-concentrate-containers-packaging","12":"product_tag-custom-concentrate-packaging","14":"first","15":"instock","16":"shipping-taxable","17":"product-type-simple","18":"entry","19":"content-bg","20":"loop-entry"},"_links":{"self":[{"href":"https:\/\/chinacustomboxes.com\/es\/wp-json\/wp\/v2\/product\/2332","targetHints":{"allow":["GET"]}}],"collection":[{"href":"https:\/\/chinacustomboxes.com\/es\/wp-json\/wp\/v2\/product"}],"about":[{"href":"https:\/\/chinacustomboxes.com\/es\/wp-json\/wp\/v2\/types\/product"}],"wp:featuredmedia":[{"embeddable":true,"href":"https:\/\/chinacustomboxes.com\/es\/wp-json\/wp\/v2\/media\/2334"}],"wp:attachment":[{"href":"https:\/\/chinacustomboxes.com\/es\/wp-json\/wp\/v2\/media?parent=2332"}],"wp:term":[{"taxonomy":"product_brand","embeddable":true,"href":"https:\/\/chinacustomboxes.com\/es\/wp-json\/wp\/v2\/product_brand?post=2332"},{"taxonomy":"product_cat","embeddable":true,"href":"https:\/\/chinacustomboxes.com\/es\/wp-json\/wp\/v2\/product_cat?post=2332"},{"taxonomy":"product_tag","embeddable":true,"href":"https:\/\/chinacustomboxes.com\/es\/wp-json\/wp\/v2\/product_tag?post=2332"}],"curies":[{"name":"wp","href":"https:\/\/api.w.org\/{rel}","templated":true}]}}