{"id":2356,"date":"2025-08-26T01:35:19","date_gmt":"2025-08-26T01:35:19","guid":{"rendered":"https:\/\/chinacustomboxes.com\/?post_type=product&#038;p=2356"},"modified":"2025-08-26T02:22:48","modified_gmt":"2025-08-26T02:22:48","slug":"concentrate-shatter-extract-wax-packaging-boxes-printing-oem","status":"publish","type":"product","link":"https:\/\/chinacustomboxes.com\/es\/concentrate-shatter-extract-wax-packaging-boxes-printing-oem\/","title":{"rendered":"Concentrado Shatter Extracto Cera Embalaje Cajas Impresi\u00f3n OEM"},"content":{"rendered":"<h2 id=\"-concentrate-shatter-extract-wax-packaging-boxes-printing-oem-\"><strong>Concentrado Shatter Extracto Cera Embalaje Cajas Impresi\u00f3n OEM\u00a0<\/strong><\/h2>\n<h2 id=\"-1-layout-and-experience-the-amazing-beauty-of-a-high-end-magnetic-flip-lid-box-book-shaped-box-\"><strong>1. Dise\u00f1o y experiencia: La asombrosa belleza de las cajas de cierre magn\u00e9tico de alta gama\u00a0<\/strong><\/h2>\n<p>Estas cajas de embalaje incluyen un <a href=\"https:\/\/chinacustomboxes.com\/es\/magnetic-closure-boxes\/\"><strong>Cierre magn\u00e9tico Cajas <\/strong><\/a>dise\u00f1o. Su aspecto recuerda al de una publicaci\u00f3n de tapa dura cuidadosamente elaborada, y la tapa se abre y cierra suave y c\u00f3modamente mediante imanes ingeniosamente integrados. Cada vez que se abre, el usuario vive una experiencia \u00fanica y ceremonial. Su robusto armaz\u00f3n ofrece una protecci\u00f3n excepcional para el art\u00edculo que contiene, por lo que es especialmente apropiado para art\u00edculos fr\u00e1giles o de gran valor, como concentrado, shatter, extracto y cera de cannabis. Este dise\u00f1o no s\u00f3lo combina funcionalidad y seguridad, sino que tambi\u00e9n aumenta sustancialmente la sensaci\u00f3n de coste global del producto y la imagen de marca especializada.<\/p>\n<p><img fetchpriority=\"high\" decoding=\"async\" class=\"alignnone wp-image-2363 size-full\" src=\"https:\/\/chinacustomboxes.com\/wp-content\/uploads\/2025\/08\/Concentrate-Shatter-Extract-Wax-Packaging-Boxes-Printing-OEM-7.jpg\" alt=\"Concentrado Shatter Extracto Cera Embalaje Cajas Impresi\u00f3n OEM\" width=\"1000\" height=\"1000\" title=\"\" srcset=\"https:\/\/chinacustomboxes.com\/wp-content\/uploads\/2025\/08\/Concentrate-Shatter-Extract-Wax-Packaging-Boxes-Printing-OEM-7.jpg 1000w, https:\/\/chinacustomboxes.com\/wp-content\/uploads\/2025\/08\/Concentrate-Shatter-Extract-Wax-Packaging-Boxes-Printing-OEM-7-300x300.jpg 300w, https:\/\/chinacustomboxes.com\/wp-content\/uploads\/2025\/08\/Concentrate-Shatter-Extract-Wax-Packaging-Boxes-Printing-OEM-7-150x150.jpg 150w, https:\/\/chinacustomboxes.com\/wp-content\/uploads\/2025\/08\/Concentrate-Shatter-Extract-Wax-Packaging-Boxes-Printing-OEM-7-768x768.jpg 768w, https:\/\/chinacustomboxes.com\/wp-content\/uploads\/2025\/08\/Concentrate-Shatter-Extract-Wax-Packaging-Boxes-Printing-OEM-7-12x12.jpg 12w, https:\/\/chinacustomboxes.com\/wp-content\/uploads\/2025\/08\/Concentrate-Shatter-Extract-Wax-Packaging-Boxes-Printing-OEM-7-600x600.jpg 600w, https:\/\/chinacustomboxes.com\/wp-content\/uploads\/2025\/08\/Concentrate-Shatter-Extract-Wax-Packaging-Boxes-Printing-OEM-7-100x100.jpg 100w\" sizes=\"(max-width: 1000px) 100vw, 1000px\" \/><\/p>\n<h2 id=\"-2-core-material-a-sturdy-and-eco-friendly-cardboard-composite-structure-\"><strong>2. Material del n\u00facleo: Una estructura compuesta de cart\u00f3n resistente y respetuosa con el medio ambiente.<\/strong><\/h2>\n<p>El marco b\u00e1sico de la <a href=\"https:\/\/chinacustomboxes.com\/es\/\">cajas de embalaje<\/a> se compone principalmente de <strong>papel r\u00edgido <\/strong>con una capa exterior de papel de revestimiento excepcional. Esta estructura de material compuesto no s\u00f3lo es fuerte y robusta, sino que tambi\u00e9n proporciona una excelente resistencia a la compresi\u00f3n y a la contorsi\u00f3n, protegiendo eficazmente el art\u00edculo en su interior de aplastamientos y da\u00f1os durante su transporte y almacenamiento. Adem\u00e1s, nuestra elecci\u00f3n de productos de papel tiene en cuenta factores ecol\u00f3gicos, en l\u00ednea con las tendencias actuales de los consumidores mundiales hacia el crecimiento duradero y dando a su art\u00edculo una mayor sensaci\u00f3n de obligaci\u00f3n social.<\/p>\n<p><img decoding=\"async\" class=\"alignnone wp-image-2362 size-full\" src=\"https:\/\/chinacustomboxes.com\/wp-content\/uploads\/2025\/08\/Concentrate-Shatter-Extract-Wax-Packaging-Boxes-Printing-OEM-6.jpg\" alt=\"Concentrado Shatter Extracto Cera Embalaje Cajas Impresi\u00f3n OEM\" width=\"1000\" height=\"1000\" title=\"\" srcset=\"https:\/\/chinacustomboxes.com\/wp-content\/uploads\/2025\/08\/Concentrate-Shatter-Extract-Wax-Packaging-Boxes-Printing-OEM-6.jpg 1000w, https:\/\/chinacustomboxes.com\/wp-content\/uploads\/2025\/08\/Concentrate-Shatter-Extract-Wax-Packaging-Boxes-Printing-OEM-6-300x300.jpg 300w, https:\/\/chinacustomboxes.com\/wp-content\/uploads\/2025\/08\/Concentrate-Shatter-Extract-Wax-Packaging-Boxes-Printing-OEM-6-150x150.jpg 150w, https:\/\/chinacustomboxes.com\/wp-content\/uploads\/2025\/08\/Concentrate-Shatter-Extract-Wax-Packaging-Boxes-Printing-OEM-6-768x768.jpg 768w, https:\/\/chinacustomboxes.com\/wp-content\/uploads\/2025\/08\/Concentrate-Shatter-Extract-Wax-Packaging-Boxes-Printing-OEM-6-12x12.jpg 12w, https:\/\/chinacustomboxes.com\/wp-content\/uploads\/2025\/08\/Concentrate-Shatter-Extract-Wax-Packaging-Boxes-Printing-OEM-6-600x600.jpg 600w, https:\/\/chinacustomboxes.com\/wp-content\/uploads\/2025\/08\/Concentrate-Shatter-Extract-Wax-Packaging-Boxes-Printing-OEM-6-100x100.jpg 100w\" sizes=\"(max-width: 1000px) 100vw, 1000px\" \/><\/p>\n<h2 id=\"-3-printing-modern-technology-exquisite-craftsmanship-for-superior-visual-and-tactile-experience-\"><strong>3. Tecnolog\u00eda de impresi\u00f3n moderna: Artesan\u00eda exquisita para una experiencia visual y t\u00e1ctil superior<\/strong><\/h2>\n<p>Utilizamos tecnolog\u00eda de impresi\u00f3n sofisticada para garantizar tonos abundantes y vivos y detalles visuales n\u00edtidos y definidos en la superficie del envase. Para resaltar el logotipo de su marca y aspectos de dise\u00f1o \u00fanicos, empleamos una selecci\u00f3n de procedimientos de acabado, como\u00a0<strong>UV puntual <\/strong>y\u00a0<strong>Laminado mate\u00a0<\/strong>. El UV de \u00e1rea produce un resultado vibrante y de alto brillo en determinadas zonas, creando una pieza central visual, mientras que el laminado mate imparte una calidad mate excepcional al envase. Esta ingeniosa combinaci\u00f3n de procesos no s\u00f3lo garantiza un aspecto muy llamativo en las estanter\u00edas, sino que tambi\u00e9n proporciona a los consumidores una notable experiencia t\u00e1ctil, aumentando el valor total del producto.<\/p>\n<p><img decoding=\"async\" class=\"alignnone wp-image-2361 size-full\" src=\"https:\/\/chinacustomboxes.com\/wp-content\/uploads\/2025\/08\/Concentrate-Shatter-Extract-Wax-Packaging-Boxes-Printing-OEM-5.jpg\" alt=\"Concentrado Shatter Extracto Cera Embalaje Cajas Impresi\u00f3n OEM\" width=\"1000\" height=\"1000\" title=\"\" srcset=\"https:\/\/chinacustomboxes.com\/wp-content\/uploads\/2025\/08\/Concentrate-Shatter-Extract-Wax-Packaging-Boxes-Printing-OEM-5.jpg 1000w, https:\/\/chinacustomboxes.com\/wp-content\/uploads\/2025\/08\/Concentrate-Shatter-Extract-Wax-Packaging-Boxes-Printing-OEM-5-300x300.jpg 300w, https:\/\/chinacustomboxes.com\/wp-content\/uploads\/2025\/08\/Concentrate-Shatter-Extract-Wax-Packaging-Boxes-Printing-OEM-5-150x150.jpg 150w, https:\/\/chinacustomboxes.com\/wp-content\/uploads\/2025\/08\/Concentrate-Shatter-Extract-Wax-Packaging-Boxes-Printing-OEM-5-768x768.jpg 768w, https:\/\/chinacustomboxes.com\/wp-content\/uploads\/2025\/08\/Concentrate-Shatter-Extract-Wax-Packaging-Boxes-Printing-OEM-5-12x12.jpg 12w, https:\/\/chinacustomboxes.com\/wp-content\/uploads\/2025\/08\/Concentrate-Shatter-Extract-Wax-Packaging-Boxes-Printing-OEM-5-600x600.jpg 600w, https:\/\/chinacustomboxes.com\/wp-content\/uploads\/2025\/08\/Concentrate-Shatter-Extract-Wax-Packaging-Boxes-Printing-OEM-5-100x100.jpg 100w\" sizes=\"(max-width: 1000px) 100vw, 1000px\" \/><\/p>\n<h2 id=\"-4-aesthetic-layout-a-perfect-blend-of-vibrant-shade-comparison-and-instinctive-graphics-\"><strong>4. Dise\u00f1o est\u00e9tico: Una mezcla perfecta de comparaci\u00f3n de tonos vibrantes y gr\u00e1ficos instintivos<\/strong><\/h2>\n<p>En cuanto a la disposici\u00f3n visual, estas cajas de envasado utilizan un dise\u00f1o crom\u00e1tico vibrante y din\u00e1mico. El naranja vivo contrasta con el tranquilizador marr\u00f3n oscuro, desarrollando una s\u00f3lida comparaci\u00f3n est\u00e9tica que capta al instante la atenci\u00f3n del consumidor. La secci\u00f3n naranja de las cajas est\u00e1 salpicada de un vivo dibujo de lim\u00f3n. Este dise\u00f1o no s\u00f3lo es visualmente agradable, sino que tambi\u00e9n comparte intuitivamente el sabor y las caracter\u00edsticas del art\u00edculo, logrando una comunicaci\u00f3n est\u00e9tica fiable.<\/p>\n<h2 id=\"-5-key-accessory-the-resourceful-and-made-use-of-concealed-magnets-\"><strong>5. Accesorio clave: El ingenioso y hecho uso de imanes ocultos<\/strong><\/h2>\n<p>El \u00e9nfasis de este<a href=\"https:\/\/chinacustomboxes.com\/es\/boxes-by-shapes\/\"> dise\u00f1o de cajas de embalaje<\/a> es su sistema de cierre magn\u00e9tico encubierto. El brillante uso de imanes garantiza un cierre protegido sin necesidad de una cerradura tradicional, preservando a la perfecci\u00f3n la sencillez del dise\u00f1o y la est\u00e9tica general. Este estilo \u00fatil y est\u00e9ticamente agradable no s\u00f3lo mejora la experiencia del usuario, sino que tambi\u00e9n se alinea con la moda de los envases premium contempor\u00e1neos que hacen hincapi\u00e9 en la sencillez y el refinamiento.<\/p>\n<p><img loading=\"lazy\" decoding=\"async\" class=\"alignnone wp-image-2359 size-full\" src=\"https:\/\/chinacustomboxes.com\/wp-content\/uploads\/2025\/08\/Concentrate-Shatter-Extract-Wax-Packaging-Boxes-Printing-OEM-3.jpg\" alt=\"Concentrado Shatter Extracto Cera Embalaje Cajas Impresi\u00f3n OEM\" width=\"1000\" height=\"1000\" title=\"\" srcset=\"https:\/\/chinacustomboxes.com\/wp-content\/uploads\/2025\/08\/Concentrate-Shatter-Extract-Wax-Packaging-Boxes-Printing-OEM-3.jpg 1000w, https:\/\/chinacustomboxes.com\/wp-content\/uploads\/2025\/08\/Concentrate-Shatter-Extract-Wax-Packaging-Boxes-Printing-OEM-3-300x300.jpg 300w, https:\/\/chinacustomboxes.com\/wp-content\/uploads\/2025\/08\/Concentrate-Shatter-Extract-Wax-Packaging-Boxes-Printing-OEM-3-150x150.jpg 150w, https:\/\/chinacustomboxes.com\/wp-content\/uploads\/2025\/08\/Concentrate-Shatter-Extract-Wax-Packaging-Boxes-Printing-OEM-3-768x768.jpg 768w, https:\/\/chinacustomboxes.com\/wp-content\/uploads\/2025\/08\/Concentrate-Shatter-Extract-Wax-Packaging-Boxes-Printing-OEM-3-12x12.jpg 12w, https:\/\/chinacustomboxes.com\/wp-content\/uploads\/2025\/08\/Concentrate-Shatter-Extract-Wax-Packaging-Boxes-Printing-OEM-3-600x600.jpg 600w, https:\/\/chinacustomboxes.com\/wp-content\/uploads\/2025\/08\/Concentrate-Shatter-Extract-Wax-Packaging-Boxes-Printing-OEM-3-100x100.jpg 100w\" sizes=\"(max-width: 1000px) 100vw, 1000px\" \/><\/p>\n<h2 id=\"-6-interior-defense-customized-eva-foam-lining-\"><strong>6. Defensa Interior: Forro de espuma EVA a medida<\/strong><\/h2>\n<p>Para garantizar que el producto que contiene (por ejemplo, un bote de concentrado) est\u00e1 firmemente colocado y protegido de forma \u00f3ptima dentro del envase, contamos con un\u00a0<strong>Forro de espuma EVA\u00a0<\/strong>adaptados a las medidas y la forma del producto. La espuma EVA no s\u00f3lo ofrece un tacto de primera calidad, sino que adem\u00e1s proporciona una amortiguaci\u00f3n y un acolchado excepcionales. El forro ideal evita con \u00e9xito que el art\u00edculo tiemble o choque dentro del paquete, reduciendo significativamente los da\u00f1os durante el transporte. Adem\u00e1s, el forro bien definido realza impecablemente la pantalla de visualizaci\u00f3n del producto al sacarlo de la caja, produciendo una impresi\u00f3n experta y memorable.<\/p>\n<p><img loading=\"lazy\" decoding=\"async\" class=\"alignnone wp-image-2357 size-full\" src=\"https:\/\/chinacustomboxes.com\/wp-content\/uploads\/2025\/08\/Concentrate-Shatter-Extract-Wax-Packaging-Boxes-Printing-OEM-1.jpg\" alt=\"Concentrado Shatter Extracto Cera Embalaje Cajas Impresi\u00f3n OEM\" width=\"1000\" height=\"1000\" title=\"\" srcset=\"https:\/\/chinacustomboxes.com\/wp-content\/uploads\/2025\/08\/Concentrate-Shatter-Extract-Wax-Packaging-Boxes-Printing-OEM-1.jpg 1000w, https:\/\/chinacustomboxes.com\/wp-content\/uploads\/2025\/08\/Concentrate-Shatter-Extract-Wax-Packaging-Boxes-Printing-OEM-1-300x300.jpg 300w, https:\/\/chinacustomboxes.com\/wp-content\/uploads\/2025\/08\/Concentrate-Shatter-Extract-Wax-Packaging-Boxes-Printing-OEM-1-150x150.jpg 150w, https:\/\/chinacustomboxes.com\/wp-content\/uploads\/2025\/08\/Concentrate-Shatter-Extract-Wax-Packaging-Boxes-Printing-OEM-1-768x768.jpg 768w, https:\/\/chinacustomboxes.com\/wp-content\/uploads\/2025\/08\/Concentrate-Shatter-Extract-Wax-Packaging-Boxes-Printing-OEM-1-12x12.jpg 12w, https:\/\/chinacustomboxes.com\/wp-content\/uploads\/2025\/08\/Concentrate-Shatter-Extract-Wax-Packaging-Boxes-Printing-OEM-1-600x600.jpg 600w, https:\/\/chinacustomboxes.com\/wp-content\/uploads\/2025\/08\/Concentrate-Shatter-Extract-Wax-Packaging-Boxes-Printing-OEM-1-100x100.jpg 100w\" sizes=\"(max-width: 1000px) 100vw, 1000px\" \/><\/p>\n<h2 id=\"-7-customization-flexible-and-versatile-oem-solutions-\"><strong>7. Personalizaci\u00f3n: Soluciones OEM flexibles y vers\u00e1tiles<\/strong><\/h2>\n<p>Como producto OEM (fabricante de equipos originales), estas cajas admiten una personalizaci\u00f3n detallada. Los clientes pueden elegir y personalizar f\u00e1cilmente la forma del envase, el tama\u00f1o, el producto, la impresi\u00f3n y el tratamiento de la superficie para adaptarlos al posicionamiento \u00fanico de su marca y a determinados requisitos del art\u00edculo. Este alto nivel de adaptabilidad y modificaci\u00f3n garantiza que el envase final realce por completo la imagen de su marca y los atributos del producto, ayud\u00e1ndole a establecer un reconocimiento de marca especial y a competir en un mercado competitivo.<\/p>","protected":false},"excerpt":{"rendered":"<p>Experimente un envase personalizado para Concentrate Shatter Extract Wax que integra un estilo elegante con una notable protecci\u00f3n. Utilizamos un\u00a0<strong>cajas con cierre magn\u00e9tico <\/strong>con un potente im\u00e1n integrado, que crea una sensaci\u00f3n \u00fanica y aut\u00e9ntica al abrirse y cerrarse. Las cajas de texto est\u00e1n fabricadas con <b>papel r\u00edgido<\/b>, superpuesto con papel estratificado, y editado a conciencia utilizando numerosos m\u00e9todos, entre ellos la laminaci\u00f3n Spot UV y mate, para obtener un aspecto rico y de alta calidad. La vibrante comparaci\u00f3n entre el naranja vivo y el tranquilizador marr\u00f3n oscuro desarrolla una llamativa influencia est\u00e9tica. Un dise\u00f1o personalizado\u00a0<strong>Forro de espuma EVA\u00a0<\/strong>proporciona una defensa a prueba de golpes para sus productos de alto valor, como focos, extractos de shatter y ceras. Como fabricante experto en OEM, ofrecemos una personalizaci\u00f3n detallada, desde el tama\u00f1o y el producto hasta el dise\u00f1o de impresi\u00f3n, para ayudarle a desarrollar envases que complementen a la perfecci\u00f3n la imagen de su marca y le aseguren una ventaja en el mercado.<\/p>","protected":false},"featured_media":2357,"template":"","meta":{"_kad_post_transparent":"default","_kad_post_title":"","_kad_post_layout":"default","_kad_post_sidebar_id":"","_kad_post_content_style":"default","_kad_post_vertical_padding":"default","_kad_post_feature":"","_kad_post_feature_position":"","_kad_post_header":false,"_kad_post_footer":false,"_kad_post_classname":""},"product_brand":[],"product_cat":[15,17,39,18],"product_tag":[475,583,582],"class_list":{"0":"post-2356","1":"product","2":"type-product","3":"status-publish","4":"has-post-thumbnail","6":"product_cat-boxes-by-shapes","7":"product_cat-boxes-by-industries","8":"product_cat-cannabis-packaging","9":"product_cat-magnetic-closure-boxes","10":"product_tag-concentrate-packaging","11":"product_tag-packaging-boxes-printing-oem","12":"product_tag-shatter-extract-packaging","14":"first","15":"instock","16":"shipping-taxable","17":"product-type-simple","18":"entry","19":"content-bg","20":"loop-entry"},"_links":{"self":[{"href":"https:\/\/chinacustomboxes.com\/es\/wp-json\/wp\/v2\/product\/2356","targetHints":{"allow":["GET"]}}],"collection":[{"href":"https:\/\/chinacustomboxes.com\/es\/wp-json\/wp\/v2\/product"}],"about":[{"href":"https:\/\/chinacustomboxes.com\/es\/wp-json\/wp\/v2\/types\/product"}],"wp:featuredmedia":[{"embeddable":true,"href":"https:\/\/chinacustomboxes.com\/es\/wp-json\/wp\/v2\/media\/2357"}],"wp:attachment":[{"href":"https:\/\/chinacustomboxes.com\/es\/wp-json\/wp\/v2\/media?parent=2356"}],"wp:term":[{"taxonomy":"product_brand","embeddable":true,"href":"https:\/\/chinacustomboxes.com\/es\/wp-json\/wp\/v2\/product_brand?post=2356"},{"taxonomy":"product_cat","embeddable":true,"href":"https:\/\/chinacustomboxes.com\/es\/wp-json\/wp\/v2\/product_cat?post=2356"},{"taxonomy":"product_tag","embeddable":true,"href":"https:\/\/chinacustomboxes.com\/es\/wp-json\/wp\/v2\/product_tag?post=2356"}],"curies":[{"name":"wp","href":"https:\/\/api.w.org\/{rel}","templated":true}]}}