{"id":2364,"date":"2025-08-26T02:23:22","date_gmt":"2025-08-26T02:23:22","guid":{"rendered":"https:\/\/chinacustomboxes.com\/?post_type=product&#038;p=2364"},"modified":"2025-08-26T02:51:33","modified_gmt":"2025-08-26T02:51:33","slug":"magnetic-closure-boxes-for-live-resin-crumble-wax-dab-hash","status":"publish","type":"product","link":"https:\/\/chinacustomboxes.com\/es\/magnetic-closure-boxes-for-live-resin-crumble-wax-dab-hash\/","title":{"rendered":"Cajas con Cierre Magn\u00e9tico para Resina Viva Crumble Wax Dab Hash"},"content":{"rendered":"<h2 id=\"magnetic-closure-boxes-for-live-resin-crumble-wax-dab-and-hash\">Cajas con cierre magn\u00e9tico para resina viva, crumble, cera, dab y hach\u00eds<\/h2>\n<p>Creado para productos de coste como Live Resin, Crumble, Wax, Dab y Hash, este <a href=\"https:\/\/chinacustomboxes.com\/es\/magnetic-closure-boxes\/\">cajas con cierre magn\u00e9tico<\/a> es la elecci\u00f3n excelente para mejorar la imagen de su marca y la experiencia del usuario. Incorpora un dise\u00f1o con clase, una construcci\u00f3n duradera y una cuidada atenci\u00f3n a la informaci\u00f3n, desarrollando una incomparable sensaci\u00f3n de alta gama desde el minuto en que sus clientes abren las cajas.<\/p>\n<p><img fetchpriority=\"high\" decoding=\"async\" class=\"alignnone wp-image-2366 size-full\" src=\"https:\/\/chinacustomboxes.com\/wp-content\/uploads\/2025\/08\/Marijuana-Concentrate-Containers-Packaging-Magnetic-Boxes-3.jpg\" alt=\"Envases para concentrados de marihuana Cajas magn\u00e9ticas\" width=\"1000\" height=\"1000\" title=\"\" srcset=\"https:\/\/chinacustomboxes.com\/wp-content\/uploads\/2025\/08\/Marijuana-Concentrate-Containers-Packaging-Magnetic-Boxes-3.jpg 1000w, https:\/\/chinacustomboxes.com\/wp-content\/uploads\/2025\/08\/Marijuana-Concentrate-Containers-Packaging-Magnetic-Boxes-3-300x300.jpg 300w, https:\/\/chinacustomboxes.com\/wp-content\/uploads\/2025\/08\/Marijuana-Concentrate-Containers-Packaging-Magnetic-Boxes-3-150x150.jpg 150w, https:\/\/chinacustomboxes.com\/wp-content\/uploads\/2025\/08\/Marijuana-Concentrate-Containers-Packaging-Magnetic-Boxes-3-768x768.jpg 768w, https:\/\/chinacustomboxes.com\/wp-content\/uploads\/2025\/08\/Marijuana-Concentrate-Containers-Packaging-Magnetic-Boxes-3-12x12.jpg 12w, https:\/\/chinacustomboxes.com\/wp-content\/uploads\/2025\/08\/Marijuana-Concentrate-Containers-Packaging-Magnetic-Boxes-3-600x600.jpg 600w, https:\/\/chinacustomboxes.com\/wp-content\/uploads\/2025\/08\/Marijuana-Concentrate-Containers-Packaging-Magnetic-Boxes-3-100x100.jpg 100w\" sizes=\"(max-width: 1000px) 100vw, 1000px\" \/><\/p>\n<h2 id=\"-1-timeless-book-shaped-framework-and-a-pleasant-opening-and-closing-experience-\"><strong>1. Un marco atemporal en forma de libro y una agradable experiencia de apertura y cierre<\/strong><\/h2>\n<p>El envase de este producto presenta una estructura tradicional de \"cajas de cierre magn\u00e9tico\" con un avanzado cierre magn\u00e9tico. Este dise\u00f1o no s\u00f3lo tiene un aspecto sofisticado y de primera calidad, sino que tambi\u00e9n produce un agradable y n\u00edtido sonido de \"clic\" al abrirse, lo que aumenta considerablemente la sensaci\u00f3n de calidad del producto y la sensaci\u00f3n de rutina del cliente. El dise\u00f1o abatible permite un amplio acceso y espacio de almacenamiento, mientras que unos imanes ingeniosamente ocultos garantizan que la tapa permanezca firmemente cerrada, protegiendo eficazmente el valioso objeto que contiene y evitando su apertura involuntaria.<\/p>\n<p><img decoding=\"async\" class=\"alignnone wp-image-2368 size-full\" src=\"https:\/\/chinacustomboxes.com\/wp-content\/uploads\/2025\/08\/Marijuana-Concentrate-Containers-Packaging-Magnetic-Boxes-5.jpg\" alt=\"Envases para concentrados de marihuana Cajas magn\u00e9ticas\" width=\"1000\" height=\"1000\" title=\"\" srcset=\"https:\/\/chinacustomboxes.com\/wp-content\/uploads\/2025\/08\/Marijuana-Concentrate-Containers-Packaging-Magnetic-Boxes-5.jpg 1000w, https:\/\/chinacustomboxes.com\/wp-content\/uploads\/2025\/08\/Marijuana-Concentrate-Containers-Packaging-Magnetic-Boxes-5-300x300.jpg 300w, https:\/\/chinacustomboxes.com\/wp-content\/uploads\/2025\/08\/Marijuana-Concentrate-Containers-Packaging-Magnetic-Boxes-5-150x150.jpg 150w, https:\/\/chinacustomboxes.com\/wp-content\/uploads\/2025\/08\/Marijuana-Concentrate-Containers-Packaging-Magnetic-Boxes-5-768x768.jpg 768w, https:\/\/chinacustomboxes.com\/wp-content\/uploads\/2025\/08\/Marijuana-Concentrate-Containers-Packaging-Magnetic-Boxes-5-12x12.jpg 12w, https:\/\/chinacustomboxes.com\/wp-content\/uploads\/2025\/08\/Marijuana-Concentrate-Containers-Packaging-Magnetic-Boxes-5-600x600.jpg 600w, https:\/\/chinacustomboxes.com\/wp-content\/uploads\/2025\/08\/Marijuana-Concentrate-Containers-Packaging-Magnetic-Boxes-5-100x100.jpg 100w\" sizes=\"(max-width: 1000px) 100vw, 1000px\" \/><\/p>\n<h2 id=\"-2-tough-and-reputable-high-quality-materials-\"><strong>2. Materiales resistentes y reputados de alta calidad<\/strong><\/h2>\n<p>El n\u00facleo del envase est\u00e1 fabricado con papel r\u00edgido de alta densidad, que proporciona una estructura fuerte y una gran resistencia a la tensi\u00f3n, protegiendo con \u00e9xito el producto de aplastamientos y efectos a lo largo del complicado transporte y almacenamiento. La capa exterior est\u00e1 recubierta de papel de primera calidad, con una superficie suave y fr\u00e1gil, que proporciona una base excelente para una impresi\u00f3n exquisita y garantiza la reproducci\u00f3n exacta de colores y dise\u00f1os.<\/p>\n<h2 id=\"-3-continually-fine-tuned-craftsmanship-\"><strong>3. Artesan\u00eda continuamente perfeccionada<\/strong><\/h2>\n<p>Perseguimos la excelencia en cada detalle. Los bordes del envase se rematan f\u00e1cilmente, y el papel del suelo laminado es liso y sin burbujas, lo que demuestra completamente el alto nivel de artesan\u00eda. El dise\u00f1o de la tapa del envase se imprime con tecnolog\u00eda de impresi\u00f3n a todo color de alta calidad, lo que proporciona colores saturados e im\u00e1genes n\u00edtidas que captan a la perfecci\u00f3n los complicados dise\u00f1os de logotipos y dise\u00f1os de las marcas.<\/p>\n<p><img decoding=\"async\" class=\"alignnone wp-image-2369 size-full\" src=\"https:\/\/chinacustomboxes.com\/wp-content\/uploads\/2025\/08\/Marijuana-Concentrate-Containers-Packaging-Magnetic-Boxes-6.jpg\" alt=\"Envases para concentrados de marihuana Cajas magn\u00e9ticas\" width=\"1000\" height=\"1000\" title=\"\" srcset=\"https:\/\/chinacustomboxes.com\/wp-content\/uploads\/2025\/08\/Marijuana-Concentrate-Containers-Packaging-Magnetic-Boxes-6.jpg 1000w, https:\/\/chinacustomboxes.com\/wp-content\/uploads\/2025\/08\/Marijuana-Concentrate-Containers-Packaging-Magnetic-Boxes-6-300x300.jpg 300w, https:\/\/chinacustomboxes.com\/wp-content\/uploads\/2025\/08\/Marijuana-Concentrate-Containers-Packaging-Magnetic-Boxes-6-150x150.jpg 150w, https:\/\/chinacustomboxes.com\/wp-content\/uploads\/2025\/08\/Marijuana-Concentrate-Containers-Packaging-Magnetic-Boxes-6-768x768.jpg 768w, https:\/\/chinacustomboxes.com\/wp-content\/uploads\/2025\/08\/Marijuana-Concentrate-Containers-Packaging-Magnetic-Boxes-6-12x12.jpg 12w, https:\/\/chinacustomboxes.com\/wp-content\/uploads\/2025\/08\/Marijuana-Concentrate-Containers-Packaging-Magnetic-Boxes-6-600x600.jpg 600w, https:\/\/chinacustomboxes.com\/wp-content\/uploads\/2025\/08\/Marijuana-Concentrate-Containers-Packaging-Magnetic-Boxes-6-100x100.jpg 100w\" sizes=\"(max-width: 1000px) 100vw, 1000px\" \/><\/p>\n<h2 id=\"-4-vibrant-and-trendy-aesthetic-layout-\"><strong>4. Est\u00e9tica vibrante y moderna<\/strong><\/h2>\n<p>El dise\u00f1o general del envase del producto es juvenil, moderno y animado. El fondo a rayas de color verde caramelo, junto con un impresionante dibujo animado de una sand\u00eda con gafas de sol, crea un ambiente elegante y desenfadado. Este llamativo dise\u00f1o est\u00e9tico capta inmediatamente el inter\u00e9s de los clientes, lo que ayuda a su producto a llamar la atenci\u00f3n en el estante y se ajusta perfectamente a su elegante posicionamiento en el mercado.<\/p>\n<h2 id=\"-5-hassle-free-and-high-end-magnetic-clamp-\"><strong>5. Abrazadera magn\u00e9tica de alta gama y sin complicaciones<\/strong><\/h2>\n<p>Eficaces imanes integrados en la tapa y <a href=\"https:\/\/chinacustomboxes.com\/es\/\">cajas<\/a> cuerpo son una funci\u00f3n esencial de este envase. No s\u00f3lo son un cierre pr\u00e1ctico, sino tambi\u00e9n un componente de dise\u00f1o que mejora el valor incluido del art\u00edculo. En comparaci\u00f3n con los t\u00edpicos envases de productos con leng\u00fceta o a presi\u00f3n, el estilo magn\u00e9tico es m\u00e1s avanzado y sencillo, lo que aumenta sustancialmente el valor total y la experiencia de uso del envase.<\/p>\n<p><img loading=\"lazy\" decoding=\"async\" class=\"alignnone wp-image-2367 size-full\" src=\"https:\/\/chinacustomboxes.com\/wp-content\/uploads\/2025\/08\/Marijuana-Concentrate-Containers-Packaging-Magnetic-Boxes-4.jpg\" alt=\"Envases para concentrados de marihuana Cajas magn\u00e9ticas\" width=\"1000\" height=\"1000\" title=\"\" srcset=\"https:\/\/chinacustomboxes.com\/wp-content\/uploads\/2025\/08\/Marijuana-Concentrate-Containers-Packaging-Magnetic-Boxes-4.jpg 1000w, https:\/\/chinacustomboxes.com\/wp-content\/uploads\/2025\/08\/Marijuana-Concentrate-Containers-Packaging-Magnetic-Boxes-4-300x300.jpg 300w, https:\/\/chinacustomboxes.com\/wp-content\/uploads\/2025\/08\/Marijuana-Concentrate-Containers-Packaging-Magnetic-Boxes-4-150x150.jpg 150w, https:\/\/chinacustomboxes.com\/wp-content\/uploads\/2025\/08\/Marijuana-Concentrate-Containers-Packaging-Magnetic-Boxes-4-768x768.jpg 768w, https:\/\/chinacustomboxes.com\/wp-content\/uploads\/2025\/08\/Marijuana-Concentrate-Containers-Packaging-Magnetic-Boxes-4-12x12.jpg 12w, https:\/\/chinacustomboxes.com\/wp-content\/uploads\/2025\/08\/Marijuana-Concentrate-Containers-Packaging-Magnetic-Boxes-4-600x600.jpg 600w, https:\/\/chinacustomboxes.com\/wp-content\/uploads\/2025\/08\/Marijuana-Concentrate-Containers-Packaging-Magnetic-Boxes-4-100x100.jpg 100w\" sizes=\"(max-width: 1000px) 100vw, 1000px\" \/><\/p>\n<h2 id=\"-6-customized-inside-protection-\"><strong>6. Protecci\u00f3n interior personalizada<\/strong><\/h2>\n<p>Para proporcionar una defensa ideal del producto, el interior del paquete incluye un forro personalizado de espuma EVA. Este forro, adaptado al tama\u00f1o y la forma espec\u00edficos del contenedor de su art\u00edculo (como un contenedor de silicona o cristal), sujeta firmemente su art\u00edculo en su lugar, proporcion\u00e1ndole un excelente acolchado y protecci\u00f3n, deteniendo con \u00e9xito la resonancia y el impacto, garantizando que su art\u00edculo aparezca intacto.<\/p>\n<p><img loading=\"lazy\" decoding=\"async\" class=\"alignnone wp-image-2365 size-full\" src=\"https:\/\/chinacustomboxes.com\/wp-content\/uploads\/2025\/08\/Marijuana-Concentrate-Containers-Packaging-Magnetic-Boxes-2.jpg\" alt=\"Envases para concentrados de marihuana Cajas magn\u00e9ticas\" width=\"1000\" height=\"1000\" title=\"\" srcset=\"https:\/\/chinacustomboxes.com\/wp-content\/uploads\/2025\/08\/Marijuana-Concentrate-Containers-Packaging-Magnetic-Boxes-2.jpg 1000w, https:\/\/chinacustomboxes.com\/wp-content\/uploads\/2025\/08\/Marijuana-Concentrate-Containers-Packaging-Magnetic-Boxes-2-300x300.jpg 300w, https:\/\/chinacustomboxes.com\/wp-content\/uploads\/2025\/08\/Marijuana-Concentrate-Containers-Packaging-Magnetic-Boxes-2-150x150.jpg 150w, https:\/\/chinacustomboxes.com\/wp-content\/uploads\/2025\/08\/Marijuana-Concentrate-Containers-Packaging-Magnetic-Boxes-2-768x768.jpg 768w, https:\/\/chinacustomboxes.com\/wp-content\/uploads\/2025\/08\/Marijuana-Concentrate-Containers-Packaging-Magnetic-Boxes-2-12x12.jpg 12w, https:\/\/chinacustomboxes.com\/wp-content\/uploads\/2025\/08\/Marijuana-Concentrate-Containers-Packaging-Magnetic-Boxes-2-600x600.jpg 600w, https:\/\/chinacustomboxes.com\/wp-content\/uploads\/2025\/08\/Marijuana-Concentrate-Containers-Packaging-Magnetic-Boxes-2-100x100.jpg 100w\" sizes=\"(max-width: 1000px) 100vw, 1000px\" \/><\/p>\n<h2 id=\"-7-comprehensive-personalization-solutions-\"><strong>7. Soluciones integrales de personalizaci\u00f3n<\/strong><\/h2>\n<p>Comprendemos la originalidad de cada marca y ofrecemos soluciones de personalizaci\u00f3n detalladas:.<\/p>\n<ul>\n<li><strong>Tama\u00f1o y forma\u00a0<\/strong>: Podemos personalizar cualquier tipo de tama\u00f1o de cajas de cierre magn\u00e9tico u otros innovadores <a href=\"https:\/\/chinacustomboxes.com\/es\/boxes-by-shapes\/\">formas de cajas<\/a> para adaptarse a las formas y tama\u00f1os de sus productos.<\/li>\n<li><strong>Opciones de productos\u00a0<\/strong>: Ofrecemos una amplia variedad de alternativas de papel, desde cart\u00f3n normal hasta documentos especiales en numerosas densidades y colores, consistentes en documentos con capacidad de respuesta.<\/li>\n<li><strong>Completar el proceso\u00a0<\/strong>: Contamos con una serie de procesos, como el marcado en caliente, el gofrado UV, el estampado en relieve y el laminado (brillante o mate), para mejorar a\u00fan m\u00e1s la calidad y el efecto est\u00e9tico del envase.<\/li>\n<li><strong>Publicaci\u00f3n de contenidos\u00a0<\/strong>: Imprimimos con precisi\u00f3n el estilo de su marca, mostrando a la perfecci\u00f3n su logotipo, la informaci\u00f3n del producto y el dise\u00f1o est\u00e9tico.<\/li>\n<\/ul>","protected":false},"excerpt":{"rendered":"<p>Hecho para productos como Live Resin y Crumble, este envase magn\u00e9tico de alta calidad incluye un dise\u00f1o tradicional en forma de libro y se abre y recoge con un clic, creando una experiencia realmente memorable. El envase incluye un resistente marco de cart\u00f3n, recubierto de suave papel estratificado, y un moderno e impresionante dise\u00f1o anime de sand\u00eda para lograr un llamativo efecto est\u00e9tico. En el interior, la espuma EVA, adaptada espec\u00edficamente a la forma del producto, proporciona la mejor protecci\u00f3n. Este sofisticado, animado y \u00fatil envase est\u00e1 completamente personalizado, desde el tama\u00f1o y el producto hasta el marcado en caliente y los tratamientos UV, lo que lo convierte en una opci\u00f3n perfecta para mostrar el valor de su marca.<\/p>","protected":false},"featured_media":2368,"template":"","meta":{"_kad_post_transparent":"default","_kad_post_title":"","_kad_post_layout":"default","_kad_post_sidebar_id":"","_kad_post_content_style":"default","_kad_post_vertical_padding":"default","_kad_post_feature":"","_kad_post_feature_position":"","_kad_post_header":false,"_kad_post_footer":false,"_kad_post_classname":""},"product_brand":[],"product_cat":[15,17,39,18],"product_tag":[584,585,581],"class_list":{"0":"post-2364","1":"product","2":"type-product","3":"status-publish","4":"has-post-thumbnail","6":"product_cat-boxes-by-shapes","7":"product_cat-boxes-by-industries","8":"product_cat-cannabis-packaging","9":"product_cat-magnetic-closure-boxes","10":"product_tag-concentrate-container-boxes","11":"product_tag-concentrate-packaging-boxes","12":"product_tag-custom-concentrate-packaging","14":"first","15":"instock","16":"shipping-taxable","17":"product-type-simple","18":"entry","19":"content-bg","20":"loop-entry"},"_links":{"self":[{"href":"https:\/\/chinacustomboxes.com\/es\/wp-json\/wp\/v2\/product\/2364","targetHints":{"allow":["GET"]}}],"collection":[{"href":"https:\/\/chinacustomboxes.com\/es\/wp-json\/wp\/v2\/product"}],"about":[{"href":"https:\/\/chinacustomboxes.com\/es\/wp-json\/wp\/v2\/types\/product"}],"wp:featuredmedia":[{"embeddable":true,"href":"https:\/\/chinacustomboxes.com\/es\/wp-json\/wp\/v2\/media\/2368"}],"wp:attachment":[{"href":"https:\/\/chinacustomboxes.com\/es\/wp-json\/wp\/v2\/media?parent=2364"}],"wp:term":[{"taxonomy":"product_brand","embeddable":true,"href":"https:\/\/chinacustomboxes.com\/es\/wp-json\/wp\/v2\/product_brand?post=2364"},{"taxonomy":"product_cat","embeddable":true,"href":"https:\/\/chinacustomboxes.com\/es\/wp-json\/wp\/v2\/product_cat?post=2364"},{"taxonomy":"product_tag","embeddable":true,"href":"https:\/\/chinacustomboxes.com\/es\/wp-json\/wp\/v2\/product_tag?post=2364"}],"curies":[{"name":"wp","href":"https:\/\/api.w.org\/{rel}","templated":true}]}}