{"id":2370,"date":"2025-08-27T03:23:55","date_gmt":"2025-08-27T03:23:55","guid":{"rendered":"https:\/\/chinacustomboxes.com\/?post_type=product&#038;p=2370"},"modified":"2025-09-03T07:49:16","modified_gmt":"2025-09-03T07:49:16","slug":"custom-magnetic-lid-eyeshadow-palette-packaging-wholesale","status":"publish","type":"product","link":"https:\/\/chinacustomboxes.com\/es\/custom-magnetic-lid-eyeshadow-palette-packaging-wholesale\/","title":{"rendered":"Embalaje personalizado de paleta de sombras de ojos con tapa magn\u00e9tica al por mayor"},"content":{"rendered":"<h2 id=\"custom-magnetic-lid-eyeshadow-palette-packaging-wholesale\">Embalaje personalizado de paleta de sombras de ojos con tapa magn\u00e9tica al por mayor<\/h2>\n<p>Nos complace presentar nuestro nuevo envase personalizado de paleta de sombras de ojos con tapa magn\u00e9tica. Motivados por la combinaci\u00f3n de libros cl\u00e1sicos y est\u00e9tica actual, nuestro objetivo es ofrecer a las marcas de cosm\u00e9ticos de primera calidad un envase que integre el atractivo art\u00edstico y la practicidad.<\/p>\n<h2 id=\"-1-timeless-magnetic-book-shaped-box-style-a-blend-of-sophistication-and-safety-\"><strong>1. Estilo atemporal de las cajas con cierre de tapa magn\u00e9tica: Una mezcla de sofisticaci\u00f3n y seguridad <\/strong>.<\/h2>\n<p>El envase de esta paleta de sombras de ojos incluye un <a href=\"https:\/\/chinacustomboxes.com\/es\/magnetic-closure-boxes\/\">cajas con cierre magn\u00e9tico<\/a> con l\u00edneas elegantes, que recuerdan a un fr\u00e1gil bloc de notas o a un elegante bolso de mano. El soporte magn\u00e9tico oculto integrado permite abrir y cerrar la tapa sin esfuerzo con un clic, lo que mejora notablemente la experiencia del usuario y garantiza que la paleta permanezca en su posici\u00f3n durante el transporte, protegiendo el delicado producto de sombra de ojos que contiene.<\/p>\n<p><img fetchpriority=\"high\" decoding=\"async\" class=\"alignnone wp-image-2376 size-full\" src=\"https:\/\/chinacustomboxes.com\/wp-content\/uploads\/2025\/08\/Custom-Magnetic-Lid-Eyeshadow-Palette-Packaging-Wholesale-5.jpg\" alt=\"Embalaje personalizado de paleta de sombras de ojos con tapa magn\u00e9tica al por mayor\" width=\"1000\" height=\"1000\" title=\"\" srcset=\"https:\/\/chinacustomboxes.com\/wp-content\/uploads\/2025\/08\/Custom-Magnetic-Lid-Eyeshadow-Palette-Packaging-Wholesale-5.jpg 1000w, https:\/\/chinacustomboxes.com\/wp-content\/uploads\/2025\/08\/Custom-Magnetic-Lid-Eyeshadow-Palette-Packaging-Wholesale-5-300x300.jpg 300w, https:\/\/chinacustomboxes.com\/wp-content\/uploads\/2025\/08\/Custom-Magnetic-Lid-Eyeshadow-Palette-Packaging-Wholesale-5-150x150.jpg 150w, https:\/\/chinacustomboxes.com\/wp-content\/uploads\/2025\/08\/Custom-Magnetic-Lid-Eyeshadow-Palette-Packaging-Wholesale-5-768x768.jpg 768w, https:\/\/chinacustomboxes.com\/wp-content\/uploads\/2025\/08\/Custom-Magnetic-Lid-Eyeshadow-Palette-Packaging-Wholesale-5-12x12.jpg 12w, https:\/\/chinacustomboxes.com\/wp-content\/uploads\/2025\/08\/Custom-Magnetic-Lid-Eyeshadow-Palette-Packaging-Wholesale-5-600x600.jpg 600w, https:\/\/chinacustomboxes.com\/wp-content\/uploads\/2025\/08\/Custom-Magnetic-Lid-Eyeshadow-Palette-Packaging-Wholesale-5-100x100.jpg 100w\" sizes=\"(max-width: 1000px) 100vw, 1000px\" \/><\/p>\n<h2 id=\"-2-premium-product-choice-durability-and-quality-\"><strong>2. Elecci\u00f3n de productos de primera calidad: Durabilidad y calidad\u00a0<\/strong>.<\/h2>\n<p>El embalaje principal est\u00e1 fabricado con papel r\u00edgido de alta densidad, que garantiza una caja robusta y resistente a la presi\u00f3n, protegiendo eficazmente el art\u00edculo de da\u00f1os involuntarios durante el transporte y el uso diario. La capa exterior est\u00e1 revestida con papel especializado o papel estratificado de alto gramaje, que produce un tacto suave y pulido, ofreciendo al envase una sensaci\u00f3n inigualable de alta gama. La rica estructura total de los productos refleja a la perfecci\u00f3n el posicionamiento premium de la marca.<\/p>\n<p><img decoding=\"async\" class=\"alignnone wp-image-2375 size-full\" src=\"https:\/\/chinacustomboxes.com\/wp-content\/uploads\/2025\/08\/Custom-Magnetic-Lid-Eyeshadow-Palette-Packaging-Wholesale-4.jpg\" alt=\"Embalaje personalizado de paleta de sombras de ojos con tapa magn\u00e9tica al por mayor\" width=\"1000\" height=\"1000\" title=\"\" srcset=\"https:\/\/chinacustomboxes.com\/wp-content\/uploads\/2025\/08\/Custom-Magnetic-Lid-Eyeshadow-Palette-Packaging-Wholesale-4.jpg 1000w, https:\/\/chinacustomboxes.com\/wp-content\/uploads\/2025\/08\/Custom-Magnetic-Lid-Eyeshadow-Palette-Packaging-Wholesale-4-300x300.jpg 300w, https:\/\/chinacustomboxes.com\/wp-content\/uploads\/2025\/08\/Custom-Magnetic-Lid-Eyeshadow-Palette-Packaging-Wholesale-4-150x150.jpg 150w, https:\/\/chinacustomboxes.com\/wp-content\/uploads\/2025\/08\/Custom-Magnetic-Lid-Eyeshadow-Palette-Packaging-Wholesale-4-768x768.jpg 768w, https:\/\/chinacustomboxes.com\/wp-content\/uploads\/2025\/08\/Custom-Magnetic-Lid-Eyeshadow-Palette-Packaging-Wholesale-4-12x12.jpg 12w, https:\/\/chinacustomboxes.com\/wp-content\/uploads\/2025\/08\/Custom-Magnetic-Lid-Eyeshadow-Palette-Packaging-Wholesale-4-600x600.jpg 600w, https:\/\/chinacustomboxes.com\/wp-content\/uploads\/2025\/08\/Custom-Magnetic-Lid-Eyeshadow-Palette-Packaging-Wholesale-4-100x100.jpg 100w\" sizes=\"(max-width: 1000px) 100vw, 1000px\" \/><\/p>\n<h2 id=\"-3-stunning-surface-area-workmanship-a-three-dimensional-feast-for-the-tactile-and-visual-picks-up-\"><strong>3. Impresionante trabajo de superficie: Un fest\u00edn tridimensional para la vista y el tacto\u00a0<\/strong>.<\/h2>\n<p>El atributo m\u00e1s llamativo de este envase es su notable terapia de superficie. El desarrollador utiliz\u00f3 h\u00e1bilmente estrategias de gofrado 3D o pegamento\/adhesivo de cristal para desarrollar un resultado tridimensional realista de los motivos florales de perlas y rub\u00edes que se muestran en la foto. Al deslizarse sobre la superficie, la delicada estructura deja al descubierto una singular estructura ondulada, creando un impacto asombroso. La impresi\u00f3n espec\u00edfica en cuatricrom\u00eda (CMYK) o tintas planas recrea a la perfecci\u00f3n el suave resplandor y los fr\u00e1giles pliegues de la historia de la seda, dando vida a todo el dise\u00f1o como si fuera una obra de arte.<\/p>\n<p><img decoding=\"async\" class=\"alignnone wp-image-2374 size-full\" src=\"https:\/\/chinacustomboxes.com\/wp-content\/uploads\/2025\/08\/Custom-Magnetic-Lid-Eyeshadow-Palette-Packaging-Wholesale-3.jpg\" alt=\"Embalaje personalizado de paleta de sombras de ojos con tapa magn\u00e9tica al por mayor\" width=\"1000\" height=\"1000\" title=\"\" srcset=\"https:\/\/chinacustomboxes.com\/wp-content\/uploads\/2025\/08\/Custom-Magnetic-Lid-Eyeshadow-Palette-Packaging-Wholesale-3.jpg 1000w, https:\/\/chinacustomboxes.com\/wp-content\/uploads\/2025\/08\/Custom-Magnetic-Lid-Eyeshadow-Palette-Packaging-Wholesale-3-300x300.jpg 300w, https:\/\/chinacustomboxes.com\/wp-content\/uploads\/2025\/08\/Custom-Magnetic-Lid-Eyeshadow-Palette-Packaging-Wholesale-3-150x150.jpg 150w, https:\/\/chinacustomboxes.com\/wp-content\/uploads\/2025\/08\/Custom-Magnetic-Lid-Eyeshadow-Palette-Packaging-Wholesale-3-768x768.jpg 768w, https:\/\/chinacustomboxes.com\/wp-content\/uploads\/2025\/08\/Custom-Magnetic-Lid-Eyeshadow-Palette-Packaging-Wholesale-3-12x12.jpg 12w, https:\/\/chinacustomboxes.com\/wp-content\/uploads\/2025\/08\/Custom-Magnetic-Lid-Eyeshadow-Palette-Packaging-Wholesale-3-600x600.jpg 600w, https:\/\/chinacustomboxes.com\/wp-content\/uploads\/2025\/08\/Custom-Magnetic-Lid-Eyeshadow-Palette-Packaging-Wholesale-3-100x100.jpg 100w\" sizes=\"(max-width: 1000px) 100vw, 1000px\" \/><\/p>\n<h2 id=\"-4-glamorous-shade-looks-a-visual-discussion-of-the-aristocracy-and-beauty-\"><strong>4. Glamurosos looks de sombra: Un debate visual sobre la aristocracia y la belleza<\/strong><\/h2>\n<p>El envase general utiliza un suave tono dorado champ\u00e1n y blanco roto, creando una atm\u00f3sfera est\u00e9tica acogedora, elegante y femenina. Los cambios de tono naturales y el brillo extremo, evocadores de la seda fluida, resaltan impecablemente el brillo de la bisuter\u00eda, captando r\u00e1pidamente la atenci\u00f3n de los consumidores y estimulando una fuerte necesidad de compra.<\/p>\n<h2 id=\"-5-user-friendly-internal-layout-taken-into-consideration-for-functionality-and-mobility-\"><strong>5. Disposici\u00f3n interna f\u00e1cil de usar: Teniendo en cuenta la funcionalidad y la movilidad\u00a0<\/strong>.<\/h2>\n<p>Para aumentar el valor a\u00f1adido y la practicidad del producto, en el interior de la tapa se ha incrustado cuidadosamente un espejo de maquillaje de alta definici\u00f3n. El tama\u00f1o ideal del espejo y su gran nitidez permiten una aplicaci\u00f3n y unos retoques sencillos en cualquier momento y lugar. Este ingenioso dise\u00f1o aumenta considerablemente la funcionalidad y movilidad del producto, convirti\u00e9ndolo en un excelente compa\u00f1ero de viaje o para el d\u00eda a d\u00eda de las bellezas metropolitanas.<\/p>\n<p><img loading=\"lazy\" decoding=\"async\" class=\"alignnone wp-image-2373 size-full\" src=\"https:\/\/chinacustomboxes.com\/wp-content\/uploads\/2025\/08\/Custom-Magnetic-Lid-Eyeshadow-Palette-Packaging-Wholesale-2.jpg\" alt=\"Embalaje personalizado de paleta de sombras de ojos con tapa magn\u00e9tica al por mayor\" width=\"1000\" height=\"1000\" title=\"\" srcset=\"https:\/\/chinacustomboxes.com\/wp-content\/uploads\/2025\/08\/Custom-Magnetic-Lid-Eyeshadow-Palette-Packaging-Wholesale-2.jpg 1000w, https:\/\/chinacustomboxes.com\/wp-content\/uploads\/2025\/08\/Custom-Magnetic-Lid-Eyeshadow-Palette-Packaging-Wholesale-2-300x300.jpg 300w, https:\/\/chinacustomboxes.com\/wp-content\/uploads\/2025\/08\/Custom-Magnetic-Lid-Eyeshadow-Palette-Packaging-Wholesale-2-150x150.jpg 150w, https:\/\/chinacustomboxes.com\/wp-content\/uploads\/2025\/08\/Custom-Magnetic-Lid-Eyeshadow-Palette-Packaging-Wholesale-2-768x768.jpg 768w, https:\/\/chinacustomboxes.com\/wp-content\/uploads\/2025\/08\/Custom-Magnetic-Lid-Eyeshadow-Palette-Packaging-Wholesale-2-12x12.jpg 12w, https:\/\/chinacustomboxes.com\/wp-content\/uploads\/2025\/08\/Custom-Magnetic-Lid-Eyeshadow-Palette-Packaging-Wholesale-2-600x600.jpg 600w, https:\/\/chinacustomboxes.com\/wp-content\/uploads\/2025\/08\/Custom-Magnetic-Lid-Eyeshadow-Palette-Packaging-Wholesale-2-100x100.jpg 100w\" sizes=\"(max-width: 1000px) 100vw, 1000px\" \/><\/p>\n<h2 id=\"-6-accuracy-lined-security-a-guarantee-of-stability-and-security-\"><strong>6. Seguridad alineada con la precisi\u00f3n: Una garant\u00eda de estabilidad y seguridad\u00a0<\/strong>.<\/h2>\n<p>La base de la paleta de sombras de ojos dentro del envase est\u00e1 troquelada espec\u00edficamente, con una ranura circular hecha a medida para cada polvera de sombras de ojos. Este estilo mantiene la paleta en su posici\u00f3n de forma segura, evitando eficazmente que el polvo se da\u00f1e por temblores, golpes o ca\u00eddas inesperadas, proporcionando la protecci\u00f3n m\u00e1s fiable y completa para el producto.<\/p>\n<h2 id=\"-7-full-customization-produce-your-special-brand-stamp-\"><strong>7. Personalizaci\u00f3n completa: Produzca su sello de marca especial\u00a0<\/strong>.<\/h2>\n<p>Comprendemos la singularidad de cada marca y ofrecemos amplios servicios de personalizaci\u00f3n:.<\/p>\n<ul>\n<li><strong>Tama\u00f1os y especificaciones\u00a0<\/strong>: Las marcas pueden<a href=\"https:\/\/chinacustomboxes.com\/es\/\"> personalizar cajas de embalaje<\/a> de cualquier tipo de dimensi\u00f3n en funci\u00f3n de la cantidad y dimensi\u00f3n de sus sombras de ojos.<\/li>\n<li><strong>Selecci\u00f3n de materiales\u00a0<\/strong>: Ofrecemos una amplia gama de papeles especiales, documentos receptivos y papeles ecol\u00f3gicos que se adaptan a cualquier dise\u00f1o y plan de gastos.<\/li>\n<li><strong>Combinaciones artesanales\u00a0<\/strong>: Puede combinar abiertamente artesan\u00edas de primera calidad como el marcado en caliente, los tratamientos UV, el gofrado y el laminado para desarrollar efectos visuales y de respuesta especiales.<\/li>\n<li><strong>Reproducci\u00f3n de dise\u00f1os\u00a0<\/strong>: Nos comprometemos a imprimir con precisi\u00f3n de acuerdo con el estilo de su marca, haciendo uso de un avanzado sistema de control de tonos para duplicar con precisi\u00f3n cada informaci\u00f3n de color y patr\u00f3n.<\/li>\n<\/ul>\n<p><img loading=\"lazy\" decoding=\"async\" class=\"alignnone wp-image-2372 size-full\" src=\"https:\/\/chinacustomboxes.com\/wp-content\/uploads\/2025\/08\/Custom-Magnetic-Lid-Eyeshadow-Palette-Packaging-Wholesale-1.jpg\" alt=\"Embalaje personalizado de paleta de sombras de ojos con tapa magn\u00e9tica al por mayor\" width=\"1000\" height=\"1000\" title=\"\" srcset=\"https:\/\/chinacustomboxes.com\/wp-content\/uploads\/2025\/08\/Custom-Magnetic-Lid-Eyeshadow-Palette-Packaging-Wholesale-1.jpg 1000w, https:\/\/chinacustomboxes.com\/wp-content\/uploads\/2025\/08\/Custom-Magnetic-Lid-Eyeshadow-Palette-Packaging-Wholesale-1-300x300.jpg 300w, https:\/\/chinacustomboxes.com\/wp-content\/uploads\/2025\/08\/Custom-Magnetic-Lid-Eyeshadow-Palette-Packaging-Wholesale-1-150x150.jpg 150w, https:\/\/chinacustomboxes.com\/wp-content\/uploads\/2025\/08\/Custom-Magnetic-Lid-Eyeshadow-Palette-Packaging-Wholesale-1-768x768.jpg 768w, https:\/\/chinacustomboxes.com\/wp-content\/uploads\/2025\/08\/Custom-Magnetic-Lid-Eyeshadow-Palette-Packaging-Wholesale-1-12x12.jpg 12w, https:\/\/chinacustomboxes.com\/wp-content\/uploads\/2025\/08\/Custom-Magnetic-Lid-Eyeshadow-Palette-Packaging-Wholesale-1-600x600.jpg 600w, https:\/\/chinacustomboxes.com\/wp-content\/uploads\/2025\/08\/Custom-Magnetic-Lid-Eyeshadow-Palette-Packaging-Wholesale-1-100x100.jpg 100w\" sizes=\"(max-width: 1000px) 100vw, 1000px\" \/><\/p>\n<h2 id=\"-8-ultra-fast-digital-proofing-take-the-market-opportunity-\"><strong>8. Pruebas digitales ultrarr\u00e1pidas: Aprovechar la oportunidad del mercado<\/strong><\/h2>\n<p>Gracias a un avanzado equipo de pruebas electr\u00f3nicas y a un eficaz trabajo en equipo, garantizamos la fabricaci\u00f3n de ejemplos en tan solo una hora. Este servicio de \"lo que ve es lo que obtiene\" le permite validar r\u00e1pidamente su dise\u00f1o y visualizar el producto final en el menor tiempo posible, lo que aumenta el avance del art\u00edculo y el lanzamiento al mercado, ayud\u00e1ndole a obtener ventajas en un mercado tan competitivo.<\/p>","protected":false},"excerpt":{"rendered":"<p>Esta elegante paleta magn\u00e9tica personalizada para sombras de ojos presenta un elegante estilo de tapa con cierre magn\u00e9tico oculto, que produce una apertura y cierre de moda. Su resistente construcci\u00f3n en cart\u00f3n gris y su fr\u00e1gil soporte de papel especial encarnan su excepcional calidad. Su funci\u00f3n m\u00e1s llamativa es el espl\u00e9ndido gofrado 3D, que crea un motivo floral tridimensional de perlas y diamantes, creando un sensacional impacto t\u00e1ctil y est\u00e9tico. Los suaves tonos dorado vino espumoso y blanco roto crean un ambiente glamuroso y c\u00e1lido. Un espejo de maquillaje de alta definici\u00f3n incorporado y un forro troquelado de gran precisi\u00f3n garantizan tanto la movilidad como la seguridad del producto. Ofrecemos soluciones integrales de personalizaci\u00f3n, desde la dimensi\u00f3n, el producto y la artesan\u00eda, y garantizamos pruebas r\u00e1pidas en una hora, ayud\u00e1ndole a dar vida r\u00e1pidamente a sus conceptos de dise\u00f1o y a producir un nuevo \u00e9xito especial.<\/p>","protected":false},"featured_media":2375,"template":"","meta":{"_kad_post_transparent":"default","_kad_post_title":"","_kad_post_layout":"default","_kad_post_sidebar_id":"","_kad_post_content_style":"default","_kad_post_vertical_padding":"default","_kad_post_feature":"","_kad_post_feature_position":"","_kad_post_header":false,"_kad_post_footer":false,"_kad_post_classname":""},"product_brand":[],"product_cat":[15,17,28,18],"product_tag":[588,590,589],"class_list":{"0":"post-2370","1":"product","2":"type-product","3":"status-publish","4":"has-post-thumbnail","6":"product_cat-boxes-by-shapes","7":"product_cat-boxes-by-industries","8":"product_cat-cosmetic-packaging-boxes","9":"product_cat-magnetic-closure-boxes","10":"product_tag-custom-magnetic-lid-boxes","11":"product_tag-custom-packaging-boxes-wholesale","12":"product_tag-eyeshadow-palette-packaging","14":"first","15":"instock","16":"shipping-taxable","17":"product-type-simple","18":"entry","19":"content-bg","20":"loop-entry"},"_links":{"self":[{"href":"https:\/\/chinacustomboxes.com\/es\/wp-json\/wp\/v2\/product\/2370","targetHints":{"allow":["GET"]}}],"collection":[{"href":"https:\/\/chinacustomboxes.com\/es\/wp-json\/wp\/v2\/product"}],"about":[{"href":"https:\/\/chinacustomboxes.com\/es\/wp-json\/wp\/v2\/types\/product"}],"wp:featuredmedia":[{"embeddable":true,"href":"https:\/\/chinacustomboxes.com\/es\/wp-json\/wp\/v2\/media\/2375"}],"wp:attachment":[{"href":"https:\/\/chinacustomboxes.com\/es\/wp-json\/wp\/v2\/media?parent=2370"}],"wp:term":[{"taxonomy":"product_brand","embeddable":true,"href":"https:\/\/chinacustomboxes.com\/es\/wp-json\/wp\/v2\/product_brand?post=2370"},{"taxonomy":"product_cat","embeddable":true,"href":"https:\/\/chinacustomboxes.com\/es\/wp-json\/wp\/v2\/product_cat?post=2370"},{"taxonomy":"product_tag","embeddable":true,"href":"https:\/\/chinacustomboxes.com\/es\/wp-json\/wp\/v2\/product_tag?post=2370"}],"curies":[{"name":"wp","href":"https:\/\/api.w.org\/{rel}","templated":true}]}}