{"id":2384,"date":"2025-09-08T02:34:47","date_gmt":"2025-09-08T02:34:47","guid":{"rendered":"https:\/\/chinacustomboxes.com\/?post_type=product&#038;p=2384"},"modified":"2025-09-08T02:34:47","modified_gmt":"2025-09-08T02:34:47","slug":"neck-lid-and-base-boxes-for-candle-perfume-cosmetic-china","status":"publish","type":"product","link":"https:\/\/chinacustomboxes.com\/es\/neck-lid-and-base-boxes-for-candle-perfume-cosmetic-china\/","title":{"rendered":"Cuello Tapa y Base Cajas para Vela Perfume Cosm\u00e9tica China"},"content":{"rendered":"<h2 id=\"-luxury-and-style-a-tasteful-choice-neck-boxes-for-candles-perfumes-and-cosmetics-\">Cuello Tapa y Base Cajas para Vela Perfume Cosm\u00e9tica China<\/h2>\n<p>Dise\u00f1adas para velas, perfumes y cosm\u00e9ticos de primera calidad, estas cajas inflexibles para el envasado de productos presentan un cuello cl\u00e1sico y encantador (adicionalmente denominado <a href=\"https:\/\/chinacustomboxes.com\/es\/lid-and-base-boxes\/\">cajas de tapa y base de hombro<\/a>). Su estilo \u00fanico no s\u00f3lo ofrece una protecci\u00f3n excepcional de los art\u00edculos, sino que tambi\u00e9n realza la sensaci\u00f3n de lujo y valor de la marca mediante una experiencia de apertura ceremonial. Seleccionamos productos de primera calidad e incorporamos una mano de obra espl\u00e9ndida para producir envases de marca extraordinarios.<\/p>\n<p><img fetchpriority=\"high\" decoding=\"async\" class=\"alignnone wp-image-2385 size-large\" src=\"https:\/\/chinacustomboxes.com\/wp-content\/uploads\/2025\/09\/Lid-and-Baase-for-Candle-1-1024x1024.jpg\" alt=\"Tapa y base para vela de perfume\" width=\"1024\" height=\"1024\" title=\"\" srcset=\"https:\/\/chinacustomboxes.com\/wp-content\/uploads\/2025\/09\/Lid-and-Baase-for-Candle-1-1024x1024.jpg 1024w, https:\/\/chinacustomboxes.com\/wp-content\/uploads\/2025\/09\/Lid-and-Baase-for-Candle-1-300x300.jpg 300w, https:\/\/chinacustomboxes.com\/wp-content\/uploads\/2025\/09\/Lid-and-Baase-for-Candle-1-150x150.jpg 150w, https:\/\/chinacustomboxes.com\/wp-content\/uploads\/2025\/09\/Lid-and-Baase-for-Candle-1-768x768.jpg 768w, https:\/\/chinacustomboxes.com\/wp-content\/uploads\/2025\/09\/Lid-and-Baase-for-Candle-1-1536x1536.jpg 1536w, https:\/\/chinacustomboxes.com\/wp-content\/uploads\/2025\/09\/Lid-and-Baase-for-Candle-1-12x12.jpg 12w, https:\/\/chinacustomboxes.com\/wp-content\/uploads\/2025\/09\/Lid-and-Baase-for-Candle-1-600x600.jpg 600w, https:\/\/chinacustomboxes.com\/wp-content\/uploads\/2025\/09\/Lid-and-Baase-for-Candle-1-100x100.jpg 100w, https:\/\/chinacustomboxes.com\/wp-content\/uploads\/2025\/09\/Lid-and-Baase-for-Candle-1.jpg 1920w\" sizes=\"(max-width: 1024px) 100vw, 1024px\" \/><\/p>\n<h2 id=\"1-standard-neck-box-framework-\">1.\u00a0<strong>Cajas de cuello est\u00e1ndar Marco\u00a0<\/strong><\/h2>\n<p>Esta vela, fragancia y <a href=\"https:\/\/chinacustomboxes.com\/es\/cosmetic-packaging-boxes\/\">cajas de cosm\u00e9ticos<\/a> cuenta con un armaz\u00f3n de cajas de cuello tradicional. Esta caja consta de una tapa, una base y un \"cuello\" integrado (tambi\u00e9n denominado \"hombro\"), que permite que la tapa y la base encajen a la perfecci\u00f3n. El ligero efecto de amortiguaci\u00f3n que se produce al abrir la caja mejora la experiencia de desembalaje, produciendo una sensaci\u00f3n de emoci\u00f3n y valor, a la vez que incluye un toque de alta gama al producto. Este marco estable proporciona una excelente defensa para el producto que contiene.<\/p>\n<p><img decoding=\"async\" class=\"alignnone wp-image-2386 size-full\" src=\"https:\/\/chinacustomboxes.com\/wp-content\/uploads\/2025\/09\/Lid-and-Baase-for-Candle-2.jpg\" alt=\"Tapa y base para vela de perfume\" width=\"1919\" height=\"1919\" title=\"\" srcset=\"https:\/\/chinacustomboxes.com\/wp-content\/uploads\/2025\/09\/Lid-and-Baase-for-Candle-2.jpg 1919w, https:\/\/chinacustomboxes.com\/wp-content\/uploads\/2025\/09\/Lid-and-Baase-for-Candle-2-300x300.jpg 300w, https:\/\/chinacustomboxes.com\/wp-content\/uploads\/2025\/09\/Lid-and-Baase-for-Candle-2-1024x1024.jpg 1024w, https:\/\/chinacustomboxes.com\/wp-content\/uploads\/2025\/09\/Lid-and-Baase-for-Candle-2-150x150.jpg 150w, https:\/\/chinacustomboxes.com\/wp-content\/uploads\/2025\/09\/Lid-and-Baase-for-Candle-2-768x768.jpg 768w, https:\/\/chinacustomboxes.com\/wp-content\/uploads\/2025\/09\/Lid-and-Baase-for-Candle-2-1536x1536.jpg 1536w, https:\/\/chinacustomboxes.com\/wp-content\/uploads\/2025\/09\/Lid-and-Baase-for-Candle-2-12x12.jpg 12w, https:\/\/chinacustomboxes.com\/wp-content\/uploads\/2025\/09\/Lid-and-Baase-for-Candle-2-600x600.jpg 600w, https:\/\/chinacustomboxes.com\/wp-content\/uploads\/2025\/09\/Lid-and-Baase-for-Candle-2-100x100.jpg 100w\" sizes=\"(max-width: 1919px) 100vw, 1919px\" \/><\/p>\n<h2 id=\"2-carefully-picked-high-quality-products-\">2.\u00a0<strong>Productos de alta calidad cuidadosamente seleccionados<\/strong><\/h2>\n<p>Estas cajas utilizan una base de cart\u00f3n grueso, que garantiza su durabilidad y longevidad. La capa exterior est\u00e1 recubierta de papel art\u00edstico meticulosamente elegido, que tiene un aspecto especial y una sensaci\u00f3n de respuesta que mejora notablemente la calidad general del embalaje del producto. El forro interior es de suave terciopelo negro, que protege y asegura con \u00e9xito los art\u00edculos fr\u00e1giles, evitando que se muevan o se da\u00f1en durante el transporte y la pantalla de exposici\u00f3n. Actualmente, muchos proveedores chinos dan prioridad a la protecci\u00f3n del medio ambiente y utilizan materiales reciclables y respetuosos con el medio ambiente.<\/p>\n<p><img decoding=\"async\" class=\"alignnone wp-image-2387 size-large\" src=\"https:\/\/chinacustomboxes.com\/wp-content\/uploads\/2025\/09\/Lid-and-Baase-for-Candle-3-1024x1024.jpg\" alt=\"Tapa y base para vela de perfume\" width=\"1024\" height=\"1024\" title=\"\" srcset=\"https:\/\/chinacustomboxes.com\/wp-content\/uploads\/2025\/09\/Lid-and-Baase-for-Candle-3-1024x1024.jpg 1024w, https:\/\/chinacustomboxes.com\/wp-content\/uploads\/2025\/09\/Lid-and-Baase-for-Candle-3-300x300.jpg 300w, https:\/\/chinacustomboxes.com\/wp-content\/uploads\/2025\/09\/Lid-and-Baase-for-Candle-3-150x150.jpg 150w, https:\/\/chinacustomboxes.com\/wp-content\/uploads\/2025\/09\/Lid-and-Baase-for-Candle-3-768x768.jpg 768w, https:\/\/chinacustomboxes.com\/wp-content\/uploads\/2025\/09\/Lid-and-Baase-for-Candle-3-1536x1536.jpg 1536w, https:\/\/chinacustomboxes.com\/wp-content\/uploads\/2025\/09\/Lid-and-Baase-for-Candle-3-12x12.jpg 12w, https:\/\/chinacustomboxes.com\/wp-content\/uploads\/2025\/09\/Lid-and-Baase-for-Candle-3-600x600.jpg 600w, https:\/\/chinacustomboxes.com\/wp-content\/uploads\/2025\/09\/Lid-and-Baase-for-Candle-3-100x100.jpg 100w, https:\/\/chinacustomboxes.com\/wp-content\/uploads\/2025\/09\/Lid-and-Baase-for-Candle-3.jpg 1919w\" sizes=\"(max-width: 1024px) 100vw, 1024px\" \/><\/p>\n<h2 id=\"3-exquisite-craftsmanship-\">3.\u00a0<strong>Artesan\u00eda exquisita\u00a0<\/strong><\/h2>\n<p>Este producto r\u00edgido<a href=\"https:\/\/chinacustomboxes.com\/es\/\"> cajas de embalaje<\/a> muestra un alto grado de artesan\u00eda. La superficie del envase es lisa, con laterales ordenados y sin imperfecciones. El logotipo de la marca y otros textos de la cubierta se aplican mediante un procedimiento de estampaci\u00f3n en caliente de alta precisi\u00f3n. La tipograf\u00eda clara y brillante crea un llamativo contraste est\u00e9tico con las cajas negras mate, creando un impacto impactante y atractivo. La estampaci\u00f3n en caliente, el gofrado y la impresi\u00f3n UV son t\u00e9cnicas de valor a\u00f1adido que se suelen utilizar para el envasado est\u00e9tico de productos, potenciando adecuadamente el valor percibido del producto.<\/p>\n<h2 id=\"4-downplayed-luxury-shade-combination-\">4.\u00a0<strong>Combinaci\u00f3n de sombra de lujo rebajada\u00a0<\/strong><\/h2>\n<p>El texto de las cajas de embalaje del producto presenta un profundo negro mate, que produce un misterioso ambiente de subestimada gama alta. El cuello, un llamativo toque final, se realza con un deslumbrante dorado. Esta combinaci\u00f3n tradicional de negro y dorado refuerza a\u00fan m\u00e1s el posicionamiento premium del art\u00edculo y muestra una preferencia sobresaliente. Esta mezcla de tonos no s\u00f3lo tiene un fuerte efecto est\u00e9tico, sino que adem\u00e1s combina a la perfecci\u00f3n con el aspecto comercial de los cosm\u00e9ticos de gama alta, las fragancias y las grandes velas.<\/p>\n<p><img loading=\"lazy\" decoding=\"async\" class=\"alignnone wp-image-2388 size-large\" src=\"https:\/\/chinacustomboxes.com\/wp-content\/uploads\/2025\/09\/Lid-and-Baase-for-Candle-4-1024x1024.jpg\" alt=\"Tapa y base para vela de perfume\" width=\"1024\" height=\"1024\" title=\"\" srcset=\"https:\/\/chinacustomboxes.com\/wp-content\/uploads\/2025\/09\/Lid-and-Baase-for-Candle-4-1024x1024.jpg 1024w, https:\/\/chinacustomboxes.com\/wp-content\/uploads\/2025\/09\/Lid-and-Baase-for-Candle-4-300x300.jpg 300w, https:\/\/chinacustomboxes.com\/wp-content\/uploads\/2025\/09\/Lid-and-Baase-for-Candle-4-150x150.jpg 150w, https:\/\/chinacustomboxes.com\/wp-content\/uploads\/2025\/09\/Lid-and-Baase-for-Candle-4-768x768.jpg 768w, https:\/\/chinacustomboxes.com\/wp-content\/uploads\/2025\/09\/Lid-and-Baase-for-Candle-4-1536x1536.jpg 1536w, https:\/\/chinacustomboxes.com\/wp-content\/uploads\/2025\/09\/Lid-and-Baase-for-Candle-4-12x12.jpg 12w, https:\/\/chinacustomboxes.com\/wp-content\/uploads\/2025\/09\/Lid-and-Baase-for-Candle-4-600x600.jpg 600w, https:\/\/chinacustomboxes.com\/wp-content\/uploads\/2025\/09\/Lid-and-Baase-for-Candle-4-100x100.jpg 100w, https:\/\/chinacustomboxes.com\/wp-content\/uploads\/2025\/09\/Lid-and-Baase-for-Candle-4.jpg 1920w\" sizes=\"(max-width: 1024px) 100vw, 1024px\" \/><\/p>\n<h2 id=\"5-simple-yet-amazing-design-aesthetic-\">5.\u00a0<strong>Est\u00e9tica de dise\u00f1o sencilla pero sorprendente\u00a0<\/strong><\/h2>\n<p>El dise\u00f1o general se atiene a principios m\u00ednimos, evitando demasiados adornos. En su lugar, destaca la calidad superior integral del art\u00edculo con materiales de primera calidad y una cuidada artesan\u00eda. El \u00fanico \"dispositivo\" es el brillante logotipo dorado de la marca en la cubierta. Este sencillo dise\u00f1o se concentra eficazmente en la propia marca, ayudando a captar r\u00e1pidamente la atenci\u00f3n de los consumidores y a mejorar el reconocimiento de la marca.<\/p>\n<h2 id=\"6-personalized-protective-lining-\">6.\u00a0<strong>Forro protector personalizado\u00a0<\/strong><\/h2>\n<p>El forro celular es un elemento importante del embalaje de alta gama, ya que su funci\u00f3n principal es mantener y salvaguardar el art\u00edculo. Podemos troquelarlo y adaptarlo con precisi\u00f3n a la forma y el tama\u00f1o espec\u00edficos de su producto, garantizando un ajuste perfecto dentro de las cajas y deteniendo eficazmente el movimiento, minimizando as\u00ed el riesgo de da\u00f1os durante el transporte. Adem\u00e1s, el suave material del forro mejora significativamente la experiencia total de desembalaje y el valor percibido del art\u00edculo.<\/p>\n<p><img loading=\"lazy\" decoding=\"async\" class=\"alignnone wp-image-2389 size-large\" src=\"https:\/\/chinacustomboxes.com\/wp-content\/uploads\/2025\/09\/Lid-and-Baase-for-Candle-5-1024x1024.jpg\" alt=\"Tapa y base para vela de perfume\" width=\"1024\" height=\"1024\" title=\"\" srcset=\"https:\/\/chinacustomboxes.com\/wp-content\/uploads\/2025\/09\/Lid-and-Baase-for-Candle-5-1024x1024.jpg 1024w, https:\/\/chinacustomboxes.com\/wp-content\/uploads\/2025\/09\/Lid-and-Baase-for-Candle-5-300x300.jpg 300w, https:\/\/chinacustomboxes.com\/wp-content\/uploads\/2025\/09\/Lid-and-Baase-for-Candle-5-150x150.jpg 150w, https:\/\/chinacustomboxes.com\/wp-content\/uploads\/2025\/09\/Lid-and-Baase-for-Candle-5-768x768.jpg 768w, https:\/\/chinacustomboxes.com\/wp-content\/uploads\/2025\/09\/Lid-and-Baase-for-Candle-5-1536x1536.jpg 1536w, https:\/\/chinacustomboxes.com\/wp-content\/uploads\/2025\/09\/Lid-and-Baase-for-Candle-5-12x12.jpg 12w, https:\/\/chinacustomboxes.com\/wp-content\/uploads\/2025\/09\/Lid-and-Baase-for-Candle-5-600x600.jpg 600w, https:\/\/chinacustomboxes.com\/wp-content\/uploads\/2025\/09\/Lid-and-Baase-for-Candle-5-100x100.jpg 100w, https:\/\/chinacustomboxes.com\/wp-content\/uploads\/2025\/09\/Lid-and-Baase-for-Candle-5.jpg 1920w\" sizes=\"(max-width: 1024px) 100vw, 1024px\" \/><\/p>\n<h2 id=\"7-flexible-and-diverse-customization-services-\">7.\u00a0<strong>Servicios de personalizaci\u00f3n flexibles y variados\u00a0<\/strong><\/h2>\n<p>Como importante base internacional de fabricaci\u00f3n de envases de productos, los productores chinos suelen utilizar servicios de modificaci\u00f3n extremadamente adaptables. Los clientes pueden personalizar completamente la forma, las dimensiones, el material, el proceso de impresi\u00f3n de las cajas (como impresi\u00f3n en colores planos, estampaci\u00f3n en caliente, UV plano, etc.) y la elecci\u00f3n del forro para satisfacer sus necesidades de marca especiales, produciendo un servicio de envasado personalizado que se adapte mejor a la imagen de su marca y a las cualidades del producto.<\/p>","protected":false},"excerpt":{"rendered":"<p>Dise\u00f1ado para velas, perfumes y cosm\u00e9ticos, este envase para productos de cuello r\u00edgido, con su cl\u00e1sica estructura de tapa superior e inferior, productos de primera calidad y exquisita artesan\u00eda, personifica a la perfecci\u00f3n la gama alta y la clase. La combinaci\u00f3n de tonos cl\u00e1sicos de negro mate y estampado c\u00e1lido, el dise\u00f1o sencillo pero llamativo y el forro de seguridad a medida no s\u00f3lo proporcionan una s\u00f3lida defensa para sus productos, sino que adem\u00e1s mejoran el valor de su marca y la experiencia del consumidor desde el punto de vista est\u00e9tico y t\u00e1ctil. Ofrecemos soluciones de personalizaci\u00f3n completas para ayudarle a crear envases de marca \u00fanicos.<\/p>","protected":false},"featured_media":2385,"template":"","meta":{"_kad_post_transparent":"default","_kad_post_title":"","_kad_post_layout":"default","_kad_post_sidebar_id":"","_kad_post_content_style":"default","_kad_post_vertical_padding":"default","_kad_post_feature":"","_kad_post_feature_position":"","_kad_post_header":false,"_kad_post_footer":false,"_kad_post_classname":""},"product_brand":[],"product_cat":[15,17,33,28,19,34],"product_tag":[595,594,596],"class_list":{"0":"post-2384","1":"product","2":"type-product","3":"status-publish","4":"has-post-thumbnail","6":"product_cat-boxes-by-shapes","7":"product_cat-boxes-by-industries","8":"product_cat-candle-packaging-boxes","9":"product_cat-cosmetic-packaging-boxes","10":"product_cat-lid-and-base-boxes","11":"product_cat-perfume-packaging-boxes","12":"product_tag-lid-and-base-boxes-for-candle","13":"product_tag-neck-lid-and-base-boxes","14":"product_tag-perfume-boxes-china","16":"first","17":"instock","18":"shipping-taxable","19":"product-type-simple","20":"entry","21":"content-bg","22":"loop-entry"},"_links":{"self":[{"href":"https:\/\/chinacustomboxes.com\/es\/wp-json\/wp\/v2\/product\/2384","targetHints":{"allow":["GET"]}}],"collection":[{"href":"https:\/\/chinacustomboxes.com\/es\/wp-json\/wp\/v2\/product"}],"about":[{"href":"https:\/\/chinacustomboxes.com\/es\/wp-json\/wp\/v2\/types\/product"}],"wp:featuredmedia":[{"embeddable":true,"href":"https:\/\/chinacustomboxes.com\/es\/wp-json\/wp\/v2\/media\/2385"}],"wp:attachment":[{"href":"https:\/\/chinacustomboxes.com\/es\/wp-json\/wp\/v2\/media?parent=2384"}],"wp:term":[{"taxonomy":"product_brand","embeddable":true,"href":"https:\/\/chinacustomboxes.com\/es\/wp-json\/wp\/v2\/product_brand?post=2384"},{"taxonomy":"product_cat","embeddable":true,"href":"https:\/\/chinacustomboxes.com\/es\/wp-json\/wp\/v2\/product_cat?post=2384"},{"taxonomy":"product_tag","embeddable":true,"href":"https:\/\/chinacustomboxes.com\/es\/wp-json\/wp\/v2\/product_tag?post=2384"}],"curies":[{"name":"wp","href":"https:\/\/api.w.org\/{rel}","templated":true}]}}