{"id":2390,"date":"2025-09-08T02:19:02","date_gmt":"2025-09-08T02:19:02","guid":{"rendered":"https:\/\/chinacustomboxes.com\/?post_type=product&#038;p=2390"},"modified":"2025-09-08T02:19:02","modified_gmt":"2025-09-08T02:19:02","slug":"custom-makeup-cosmetic-set-packaging-rigid-boxes-wholesale","status":"publish","type":"product","link":"https:\/\/chinacustomboxes.com\/es\/custom-makeup-cosmetic-set-packaging-rigid-boxes-wholesale\/","title":{"rendered":"Maquillaje personalizado Set de Cosm\u00e9ticos Embalaje Cajas R\u00edgidas Venta al por mayor"},"content":{"rendered":"<h2 id=\"custom-makeup-cosmetic-establish-packaging-inflexible-boxes-wholesale\">Maquillaje personalizado Set de Cosm\u00e9ticos Embalaje Cajas R\u00edgidas Venta al por mayor<\/h2>\n<p>Estas cajas de cart\u00f3n de dise\u00f1o personalizado para colecciones est\u00e9ticas est\u00e1n pensadas para potenciar la imagen de marca y la experiencia del cliente. Su exclusivo marco con puerta de doble pliegue no s\u00f3lo produce una sensaci\u00f3n de rutina durante el desembalaje, sino que tambi\u00e9n ofrece impecablemente los art\u00edculos a los consumidores. Elegimos cuidadosamente cart\u00f3n de primera calidad como producto principal, incorporado con un forro celular de EVA de alta densidad, para ofrecer una seguridad robusta y fiable a sus art\u00edculos. Desde el elegante patr\u00f3n de colores blanco y rosa hasta el exquisito estampado en caliente y el preciso corte en V, cada detalle demuestra la artesan\u00eda de primera calidad de un trabajo personalizado. Mantenemos una personalizaci\u00f3n exhaustiva, desde el tama\u00f1o y el material hasta el material de publicaci\u00f3n, y garantizamos un tiempo de respuesta r\u00e1pido de \"1 hora de respuesta de ejemplo\", lo que ayuda a su marca a llamar la atenci\u00f3n en la feroz competencia del mercado.<\/p>\n<p><img fetchpriority=\"high\" decoding=\"async\" class=\"alignnone wp-image-2395 size-large\" src=\"https:\/\/chinacustomboxes.com\/wp-content\/uploads\/2025\/09\/Cosmetic-Paackaging-boxes-5-1024x1024.jpg\" alt=\"Maquillaje Cosm\u00e9ticos Cajas de embalaje\" width=\"1024\" height=\"1024\" title=\"\" srcset=\"https:\/\/chinacustomboxes.com\/wp-content\/uploads\/2025\/09\/Cosmetic-Paackaging-boxes-5-1024x1024.jpg 1024w, https:\/\/chinacustomboxes.com\/wp-content\/uploads\/2025\/09\/Cosmetic-Paackaging-boxes-5-300x300.jpg 300w, https:\/\/chinacustomboxes.com\/wp-content\/uploads\/2025\/09\/Cosmetic-Paackaging-boxes-5-150x150.jpg 150w, https:\/\/chinacustomboxes.com\/wp-content\/uploads\/2025\/09\/Cosmetic-Paackaging-boxes-5-768x768.jpg 768w, https:\/\/chinacustomboxes.com\/wp-content\/uploads\/2025\/09\/Cosmetic-Paackaging-boxes-5-1536x1536.jpg 1536w, https:\/\/chinacustomboxes.com\/wp-content\/uploads\/2025\/09\/Cosmetic-Paackaging-boxes-5-12x12.jpg 12w, https:\/\/chinacustomboxes.com\/wp-content\/uploads\/2025\/09\/Cosmetic-Paackaging-boxes-5-600x600.jpg 600w, https:\/\/chinacustomboxes.com\/wp-content\/uploads\/2025\/09\/Cosmetic-Paackaging-boxes-5-100x100.jpg 100w, https:\/\/chinacustomboxes.com\/wp-content\/uploads\/2025\/09\/Cosmetic-Paackaging-boxes-5.jpg 1920w\" sizes=\"(max-width: 1024px) 100vw, 1024px\" \/><\/p>\n<h2 id=\"-1-cutting-edge-bi-fold-door-framework-develops-a-phenomenal-unboxing-experience-\"><strong>1. El marco de vanguardia de la puerta plegable desarrolla una experiencia de apertura fenomenal.\u00a0<\/strong><\/h2>\n<p>Este est\u00e9tico conjunto de envases adopta la estructura de cajas plegables que suele encontrarse en <a href=\"https:\/\/chinacustomboxes.com\/es\/\">cajas regalo premium<\/a>El dise\u00f1o de doble puerta permite que los art\u00edculos del interior se muestren completa y claramente a los clientes, ofreciendo un formato claro y un c\u00f3modo acceso, mejorando la experiencia de visualizaci\u00f3n de los art\u00edculos. El dise\u00f1o de doble puerta permite que los art\u00edculos del interior se muestren completa y claramente a los clientes, ofreciendo un formato claro y un c\u00f3modo acceso, mejorando la experiencia de visualizaci\u00f3n del art\u00edculo en la pantalla. El material de cart\u00f3n, combinado con el innovador estilo estructural, hace que el envase sea incre\u00edblemente resistente, protegiendo eficazmente los fr\u00e1giles cosm\u00e9ticos del interior de da\u00f1os durante el transporte y el almacenamiento.<\/p>\n<h2 id=\"-2-meticulously-picked-high-quality-base-materials-develop-a-premium-appearance-\"><strong>2. Los materiales de base de alta calidad, meticulosamente seleccionados, crean un aspecto de primera calidad.\u00a0<\/strong><\/h2>\n<p>La selecci\u00f3n de productos para<a href=\"https:\/\/chinacustomboxes.com\/es\/boxes-by-shapes\/\"> cajas r\u00edgidas<\/a> para el envasado de cosm\u00e9ticos de maquillaje establecido es la base de su aspecto de primera calidad y la caracter\u00edstica de protecci\u00f3n. El armaz\u00f3n primario de las cajas est\u00e1 fabricado con cart\u00f3n o cartulina gris de alta resistencia y gran gramaje, lo que garantiza su solidez y resistencia a la tensi\u00f3n, haci\u00e9ndola mucho menos vulnerable a la contorsi\u00f3n. La capa exterior puede estar recubierta de papel estucado de alta calidad, papel mate o papel especial. Estos documentos proporcionan una superficie lisa y fr\u00e1gil, una reproducci\u00f3n de alta tonalidad y una sensaci\u00f3n agradable, sentando una base excelente para su posterior manipulaci\u00f3n.<\/p>\n<p><img decoding=\"async\" class=\"alignnone wp-image-2394 size-large\" src=\"https:\/\/chinacustomboxes.com\/wp-content\/uploads\/2025\/09\/Cosmetic-Paackaging-boxes-4-1024x1024.jpg\" alt=\"Maquillaje Cosm\u00e9ticos Cajas de embalaje\" width=\"1024\" height=\"1024\" title=\"\" srcset=\"https:\/\/chinacustomboxes.com\/wp-content\/uploads\/2025\/09\/Cosmetic-Paackaging-boxes-4-1024x1024.jpg 1024w, https:\/\/chinacustomboxes.com\/wp-content\/uploads\/2025\/09\/Cosmetic-Paackaging-boxes-4-300x300.jpg 300w, https:\/\/chinacustomboxes.com\/wp-content\/uploads\/2025\/09\/Cosmetic-Paackaging-boxes-4-150x150.jpg 150w, https:\/\/chinacustomboxes.com\/wp-content\/uploads\/2025\/09\/Cosmetic-Paackaging-boxes-4-768x768.jpg 768w, https:\/\/chinacustomboxes.com\/wp-content\/uploads\/2025\/09\/Cosmetic-Paackaging-boxes-4-1536x1536.jpg 1536w, https:\/\/chinacustomboxes.com\/wp-content\/uploads\/2025\/09\/Cosmetic-Paackaging-boxes-4-12x12.jpg 12w, https:\/\/chinacustomboxes.com\/wp-content\/uploads\/2025\/09\/Cosmetic-Paackaging-boxes-4-600x600.jpg 600w, https:\/\/chinacustomboxes.com\/wp-content\/uploads\/2025\/09\/Cosmetic-Paackaging-boxes-4-100x100.jpg 100w, https:\/\/chinacustomboxes.com\/wp-content\/uploads\/2025\/09\/Cosmetic-Paackaging-boxes-4.jpg 1920w\" sizes=\"(max-width: 1024px) 100vw, 1024px\" \/><\/p>\n<h2 id=\"-3-charming-craftsmanship-builds-a-brand-s-distinctive-taste-\"><strong>3. La artesan\u00eda con encanto construye el sabor distintivo de una marca\u00a0<\/strong><\/h2>\n<p>La artesan\u00eda es vital para conseguir efectos de dise\u00f1o y mejorar la calidad del envase. Estas cajas r\u00edgidas para envases de productos cosm\u00e9ticos de maquillaje utilizan una serie de innovadores procedimientos de impresi\u00f3n y acabado:.<\/p>\n<ul>\n<li><strong>Impresi\u00f3n de alta definici\u00f3n:\u00a0<\/strong>La introducci\u00f3n del art\u00edculo y el retrato en la parte posterior del envase funcionan con delicados tonos y transiciones suaves, demostrando una impresi\u00f3n de alta precisi\u00f3n.<\/li>\n<li><strong>Estampaci\u00f3n en caliente:\u00a0<\/strong>Los componentes del texto se estampan en caliente, lo que produce un elegante brillo met\u00e1lico que mejora considerablemente el reconocimiento de la marca y la sensaci\u00f3n de lujo.<\/li>\n<li><strong>Conformado de precisi\u00f3n:\u00a0<\/strong>Los bordes y las esquinas de las cajas son n\u00edtidos y angulosos, gracias a un troquelado y un ranurado en V precisos, que permiten que el cart\u00f3n desarrolle \u00e1ngulos ideales de 90 grados tras el plegado, lo que da lugar a un aspecto limpio y magn\u00edfico.<\/li>\n<\/ul>\n<h2 id=\"-4-timeless-color-combination-catches-consumers-focus-\"><strong>4. La intemporal combinaci\u00f3n de colores capta la atenci\u00f3n de los consumidores\u00a0<\/strong><\/h2>\n<p>Este <a href=\"https:\/\/chinacustomboxes.com\/es\/boxes-by-industries\/\">cajas de embalaje<\/a> utiliza una combinaci\u00f3n cl\u00e1sica de blanco y rosa. El blanco, como color principal, crea un aspecto puro, b\u00e1sico e innovador. El rosa, como tono de acento en el forro celular y los laterales, incluye un toque suave, encantador y femenino, que registra a la perfecci\u00f3n las opciones visuales del consumidor objetivo. El esquema constante de tonos rosas, desde los laterales de las cajas externas hasta el borde de la cubierta interior y el forro, produce un dise\u00f1o total armonioso y constante, dando lugar a un aspecto est\u00e9ticamente agradable y profesional.<\/p>\n<p><img decoding=\"async\" class=\"alignnone wp-image-2393 size-large\" src=\"https:\/\/chinacustomboxes.com\/wp-content\/uploads\/2025\/09\/Cosmetic-Paackaging-boxes-3-1024x1024.jpg\" alt=\"Maquillaje Cosm\u00e9ticos Cajas de embalaje\" width=\"1024\" height=\"1024\" title=\"\" srcset=\"https:\/\/chinacustomboxes.com\/wp-content\/uploads\/2025\/09\/Cosmetic-Paackaging-boxes-3-1024x1024.jpg 1024w, https:\/\/chinacustomboxes.com\/wp-content\/uploads\/2025\/09\/Cosmetic-Paackaging-boxes-3-300x300.jpg 300w, https:\/\/chinacustomboxes.com\/wp-content\/uploads\/2025\/09\/Cosmetic-Paackaging-boxes-3-150x150.jpg 150w, https:\/\/chinacustomboxes.com\/wp-content\/uploads\/2025\/09\/Cosmetic-Paackaging-boxes-3-768x768.jpg 768w, https:\/\/chinacustomboxes.com\/wp-content\/uploads\/2025\/09\/Cosmetic-Paackaging-boxes-3-1536x1536.jpg 1536w, https:\/\/chinacustomboxes.com\/wp-content\/uploads\/2025\/09\/Cosmetic-Paackaging-boxes-3-12x12.jpg 12w, https:\/\/chinacustomboxes.com\/wp-content\/uploads\/2025\/09\/Cosmetic-Paackaging-boxes-3-600x600.jpg 600w, https:\/\/chinacustomboxes.com\/wp-content\/uploads\/2025\/09\/Cosmetic-Paackaging-boxes-3-100x100.jpg 100w, https:\/\/chinacustomboxes.com\/wp-content\/uploads\/2025\/09\/Cosmetic-Paackaging-boxes-3.jpg 1919w\" sizes=\"(max-width: 1024px) 100vw, 1024px\" \/><\/p>\n<h2 id=\"-5-inventive-design-information-enhance-interaction-and-link-\"><strong>5. Dise\u00f1o inventivo La informaci\u00f3n mejora la interacci\u00f3n y el v\u00ednculo\u00a0<\/strong><\/h2>\n<ul>\n<li><strong>Apertura tipo sobre:\u00a0<\/strong>El estilo anguloso en forma de sobre de la parte frontal de las cajas exteriores es sencillo pero moderno, dirige a los clientes a abrir las cajas e incluye interactividad y diversi\u00f3n.<\/li>\n<li><strong>C\u00f3digo QR integrado:\u00a0<\/strong>Un c\u00f3digo QR impreso en el interior de las cajas, un atributo habitual de los envases modernos, gu\u00eda a los consumidores para que escaneen y obtengan m\u00e1s detalles sobre el producto, tutoriales educativos o eventos de la marca, funcionando como un puente vital entre online y offline.<\/li>\n<\/ul>\n<p><img loading=\"lazy\" decoding=\"async\" class=\"alignnone wp-image-2392 size-large\" src=\"https:\/\/chinacustomboxes.com\/wp-content\/uploads\/2025\/09\/Cosmetic-Paackaging-boxes-2-1024x1024.jpg\" alt=\"Maquillaje Cosm\u00e9ticos Cajas de embalaje\" width=\"1024\" height=\"1024\" title=\"\" srcset=\"https:\/\/chinacustomboxes.com\/wp-content\/uploads\/2025\/09\/Cosmetic-Paackaging-boxes-2-1024x1024.jpg 1024w, https:\/\/chinacustomboxes.com\/wp-content\/uploads\/2025\/09\/Cosmetic-Paackaging-boxes-2-300x300.jpg 300w, https:\/\/chinacustomboxes.com\/wp-content\/uploads\/2025\/09\/Cosmetic-Paackaging-boxes-2-150x150.jpg 150w, https:\/\/chinacustomboxes.com\/wp-content\/uploads\/2025\/09\/Cosmetic-Paackaging-boxes-2-768x768.jpg 768w, https:\/\/chinacustomboxes.com\/wp-content\/uploads\/2025\/09\/Cosmetic-Paackaging-boxes-2-1536x1536.jpg 1536w, https:\/\/chinacustomboxes.com\/wp-content\/uploads\/2025\/09\/Cosmetic-Paackaging-boxes-2-12x12.jpg 12w, https:\/\/chinacustomboxes.com\/wp-content\/uploads\/2025\/09\/Cosmetic-Paackaging-boxes-2-600x600.jpg 600w, https:\/\/chinacustomboxes.com\/wp-content\/uploads\/2025\/09\/Cosmetic-Paackaging-boxes-2-100x100.jpg 100w, https:\/\/chinacustomboxes.com\/wp-content\/uploads\/2025\/09\/Cosmetic-Paackaging-boxes-2.jpg 1920w\" sizes=\"(max-width: 1024px) 100vw, 1024px\" \/><\/p>\n<h2 id=\"-6-specialist-lining-for-product-protection-\"><strong>6. Revestimiento especializado para la protecci\u00f3n del producto\u00a0<\/strong><\/h2>\n<p>El revestimiento interno de estos <a href=\"https:\/\/chinacustomboxes.com\/es\/cosmetic-packaging-boxes\/\">maquillaje conjunto cosm\u00e9tico producto cajas de embalaje<\/a> est\u00e1 fabricado con EVA de alta densidad, construido con precisi\u00f3n seg\u00fan la forma del art\u00edculo. Este material proporciona unas magn\u00edficas propiedades de acolchado y absorci\u00f3n de impactos, fijando firmemente cada producto en su posici\u00f3n y protegi\u00e9ndolo contra resonancias y efectos.<\/p>\n<h2 id=\"-7-comprehensive-and-highly-personalized-to-meet-private-demands-\"><strong>7. Completo y altamente personalizado para satisfacer las demandas privadas\u00a0<\/strong><\/h2>\n<p>Estas cajas r\u00edgidas para envases de cosm\u00e9ticos de maquillaje son un excelente ejemplo de gran modificaci\u00f3n. Ya se trate del marco del envase, las dimensiones, la opci\u00f3n de material, el contenido impreso (dise\u00f1o del logotipo de la marca, eslogan, informaci\u00f3n del art\u00edculo, etc.) o el ranurado del forro, podemos adaptarlo a sus necesidades espec\u00edficas, satisfaciendo totalmente las demandas individualizadas de diversas marcas y productos.<\/p>\n<p><img loading=\"lazy\" decoding=\"async\" class=\"alignnone wp-image-2391 size-large\" src=\"https:\/\/chinacustomboxes.com\/wp-content\/uploads\/2025\/09\/Cosmetic-Paackaging-boxes-1-1024x1024.jpg\" alt=\"Maquillaje Cosm\u00e9ticos Cajas de embalaje\" width=\"1024\" height=\"1024\" title=\"\" srcset=\"https:\/\/chinacustomboxes.com\/wp-content\/uploads\/2025\/09\/Cosmetic-Paackaging-boxes-1-1024x1024.jpg 1024w, https:\/\/chinacustomboxes.com\/wp-content\/uploads\/2025\/09\/Cosmetic-Paackaging-boxes-1-300x300.jpg 300w, https:\/\/chinacustomboxes.com\/wp-content\/uploads\/2025\/09\/Cosmetic-Paackaging-boxes-1-150x150.jpg 150w, https:\/\/chinacustomboxes.com\/wp-content\/uploads\/2025\/09\/Cosmetic-Paackaging-boxes-1-768x768.jpg 768w, https:\/\/chinacustomboxes.com\/wp-content\/uploads\/2025\/09\/Cosmetic-Paackaging-boxes-1-1536x1536.jpg 1536w, https:\/\/chinacustomboxes.com\/wp-content\/uploads\/2025\/09\/Cosmetic-Paackaging-boxes-1-12x12.jpg 12w, https:\/\/chinacustomboxes.com\/wp-content\/uploads\/2025\/09\/Cosmetic-Paackaging-boxes-1-600x600.jpg 600w, https:\/\/chinacustomboxes.com\/wp-content\/uploads\/2025\/09\/Cosmetic-Paackaging-boxes-1-100x100.jpg 100w, https:\/\/chinacustomboxes.com\/wp-content\/uploads\/2025\/09\/Cosmetic-Paackaging-boxes-1.jpg 1919w\" sizes=\"(max-width: 1024px) 100vw, 1024px\" \/><\/p>\n<h2 id=\"-8-1-hour-sample-turnaround-shows-superior-manufacturing-capabilities-\"><strong>8. La \"entrega de muestras en 1 hora\" demuestra la superioridad de las capacidades de fabricaci\u00f3n\u00a0<\/strong><\/h2>\n<p>\"El plazo de entrega de un ejemplo de 1 hora demuestra la gran capacidad de respuesta y de pruebas del fabricante. Esto indica que la planta de fabricaci\u00f3n cuenta con un equipo de estilo fiable, dispositivos de pruebas digitales y procedimientos de fabricaci\u00f3n innovadores, lo que nos permite convertir los principios de dise\u00f1o del cliente en muestras f\u00edsicas en tiempo de documento, reduciendo considerablemente su ciclo de toma de decisiones y aumentando el tiempo de comercializaci\u00f3n.<\/p>","protected":false},"excerpt":{"rendered":"<p>Descubra nuestras cajas de cart\u00f3n personalizadas al por mayor para el embalaje de productos, especialmente dise\u00f1adas para marcas con encanto. Estas cajas de regalo, con su dise\u00f1o especial de puerta abatible, no s\u00f3lo producen una experiencia excepcional al abrir la caja de su set de cosm\u00e9ticos, sino que adem\u00e1s proporcionan una seguridad excepcional a los art\u00edculos gracias a su estructura resistente y a su preciso forro celular de EVA. Utilizamos diversas t\u00e9cnicas sofisticadas, como la impresi\u00f3n en alta definici\u00f3n y el marcaje en caliente, integradas con un sofisticado patr\u00f3n de colores blanco y rosa, para mostrar por completo la calidad superior de su marca. Podemos modificar totalmente las dimensiones, el producto y la impresi\u00f3n, y ofrecemos una soluci\u00f3n r\u00e1pida de \"producci\u00f3n de ejemplo en 1 hora\", que es un excelente servicio de envasado para que aumente el valor de su marca y atraiga a los clientes.<\/p>","protected":false},"featured_media":2391,"template":"","meta":{"_kad_post_transparent":"default","_kad_post_title":"","_kad_post_layout":"default","_kad_post_sidebar_id":"","_kad_post_content_style":"default","_kad_post_vertical_padding":"default","_kad_post_feature":"","_kad_post_feature_position":"","_kad_post_header":false,"_kad_post_footer":false,"_kad_post_classname":""},"product_brand":[],"product_cat":[15,17,28,23],"product_tag":[593,591,592],"class_list":{"0":"post-2390","1":"product","2":"type-product","3":"status-publish","4":"has-post-thumbnail","6":"product_cat-boxes-by-shapes","7":"product_cat-boxes-by-industries","8":"product_cat-cosmetic-packaging-boxes","9":"product_cat-unusual-shaped-boxes","10":"product_tag-cosmetic-set-boxes-wholesale","11":"product_tag-custom-makeup-boxes","12":"product_tag-packaging-rigid-boxes","14":"first","15":"instock","16":"shipping-taxable","17":"product-type-simple","18":"entry","19":"content-bg","20":"loop-entry"},"_links":{"self":[{"href":"https:\/\/chinacustomboxes.com\/es\/wp-json\/wp\/v2\/product\/2390","targetHints":{"allow":["GET"]}}],"collection":[{"href":"https:\/\/chinacustomboxes.com\/es\/wp-json\/wp\/v2\/product"}],"about":[{"href":"https:\/\/chinacustomboxes.com\/es\/wp-json\/wp\/v2\/types\/product"}],"wp:featuredmedia":[{"embeddable":true,"href":"https:\/\/chinacustomboxes.com\/es\/wp-json\/wp\/v2\/media\/2391"}],"wp:attachment":[{"href":"https:\/\/chinacustomboxes.com\/es\/wp-json\/wp\/v2\/media?parent=2390"}],"wp:term":[{"taxonomy":"product_brand","embeddable":true,"href":"https:\/\/chinacustomboxes.com\/es\/wp-json\/wp\/v2\/product_brand?post=2390"},{"taxonomy":"product_cat","embeddable":true,"href":"https:\/\/chinacustomboxes.com\/es\/wp-json\/wp\/v2\/product_cat?post=2390"},{"taxonomy":"product_tag","embeddable":true,"href":"https:\/\/chinacustomboxes.com\/es\/wp-json\/wp\/v2\/product_tag?post=2390"}],"curies":[{"name":"wp","href":"https:\/\/api.w.org\/{rel}","templated":true}]}}