{"id":290,"date":"2025-04-10T14:24:46","date_gmt":"2025-04-10T14:24:46","guid":{"rendered":"https:\/\/chinacustomboxes.com\/?post_type=product&#038;p=290"},"modified":"2025-04-30T09:00:01","modified_gmt":"2025-04-30T09:00:01","slug":"custom-beauty-cosmetics-eyelash-serum-packaging-box-oem-odm","status":"publish","type":"product","link":"https:\/\/chinacustomboxes.com\/es\/custom-beauty-cosmetics-eyelash-serum-packaging-box-oem-odm\/","title":{"rendered":"Personalizado Belleza Cosm\u00e9ticos Suero de pesta\u00f1as Caja de embalaje OEM ODM"},"content":{"rendered":"<h2 id=\"obsidian-luxury-series-magnetic-book-shaped-eyelash-essence-gift-box-oem-odm-customized-version-\">Personalizado Belleza Cosm\u00e9ticos Suero de pesta\u00f1as Caja de embalaje OEM ODM<\/h2>\n<h2 id=\"-core-parameters-and-technical-specifications-\"><strong>Par\u00e1metros fundamentales y especificaciones t\u00e9cnicas<\/strong><\/h2>\n<ol>\n<li><strong>Material y estructura<\/strong><\/li>\n<li><strong>Papel de superficie<\/strong>: Papel estucado de alto brillo 157G seleccionado, con pel\u00edcula mate en la superficie, de tacto delicado y resistente al desgaste y a la suciedad.<\/li>\n<li><strong>Sustrato<\/strong>: Adoptar 1200GSM cart\u00f3n gris de alta densidad, procesado por el proceso de depresi\u00f3n para garantizar la planitud del cuerpo de la caja, y aumentar la resistencia a la compresi\u00f3n por 30%, perfectamente apoyar el producto y evitar la deformaci\u00f3n durante el transporte.<\/li>\n<li><strong>Sistema de aspiraci\u00f3n magn\u00e9tica<\/strong>: Construido en NdFeB fuerte im\u00e1n, la fuerza de succi\u00f3n es exacta a 0,8-1,2N, la apertura y el cierre suave y firme cierre, dando una sensaci\u00f3n de ritual al abrir el <a href=\"https:\/\/chinacustomboxes.com\/es\/gold-glitter-magnetic-closure-collapsible-watch-box-dealer\/\">caja<\/a>.<\/li>\n<li><strong>Dise\u00f1o y artesan\u00eda<\/strong><\/li>\n<li><strong>Tono de color<\/strong>: Fondo negro mate puro, textura de obsidiana profunda lograda mediante tecnolog\u00eda de impresi\u00f3n de colores planos, combinada con el logotipo de la marca en plata caliente (color plano Pantone 877C) y oro rojo caliente (color plano Pantone 871C), el contraste de brillo met\u00e1lico es n\u00edtido y el impacto visual es fuerte.<\/li>\n<li><strong>Precisi\u00f3n de estampaci\u00f3n en caliente<\/strong>\u22640,1 mm de error, el apoyo de m\u00faltiples niveles tridimensional efecto de estampaci\u00f3n en caliente, como el logotipo de la marca adopta en relieve caliente de plata + plana caliente de oro rojo proceso de superposici\u00f3n para resaltar el nivel tridimensional.<\/li>\n<li><strong>Tipo de caja y dise\u00f1o funcional<\/strong><\/li>\n<li><strong>Estructura tipo libro<\/strong>: Dise\u00f1o abatible de la tapa superior e inferior, el \u00e1ngulo de apertura de la tapa de la caja es \u2265150\u00b0, y se maximiza la superficie de visualizaci\u00f3n; el interior <a href=\"https:\/\/chinacustomboxes.com\/es\/factory-supply-glitter-paper-custom-eyelash-magnetic-lid-box\/\">caja<\/a> se empotra con una profundidad de 5 mm para evitar que el frasco de esencias se agite.<\/li>\n<li><strong>Personalizaci\u00f3n de la impresi\u00f3n<\/strong>: Admite la impresi\u00f3n en cuatricrom\u00eda CMYK, la correspondencia de n\u00fameros de colores planos Pantone y el barniz local UV, y puede imprimir de forma flexible historias de marca, descripciones de ingredientes o ilustraciones art\u00edsticas, adecuadas para ediciones limitadas de vacaciones, modelos conjuntos y otros temas m\u00faltiples.<\/li>\n<li><strong>Plano de configuraci\u00f3n de la bandeja interior<\/strong><\/li>\n<li><strong>Opciones de material<\/strong>:<\/li>\n<li><strong>Flocado EVA<\/strong>: Grosor de 3 mm, flocado corto negro en la superficie, antideslizante y resistente a los golpes con un tacto lujoso.<\/li>\n<li><strong>Forro de tela de seda<\/strong>: Tejido de seda de morera 100%, color opcional rojo vino\/verde oscuro\/champ\u00e1n, con tecnolog\u00eda de plisado a mano, destacando el posicionamiento de gama alta.<\/li>\n<li><strong>Bandeja de papel respetuosa con el medio ambiente<\/strong>: Tarjeta gris degradable troquelada, soporta dise\u00f1o de ranura de tarjeta de botella simple\/doble, adecuada para 15-30ml varias especificaciones de botella de esencia.<\/li>\n<li><strong>Ampliaci\u00f3n de funciones<\/strong>: Puede integrar cajones invisibles y estructuras en capas para alojar instrucciones, cepillos de r\u00edmel y otros accesorios.<\/li>\n<\/ol>\n<p><a href=\"http:\/\/chinacustomboxes.com\/es\/magnetic-closure-boxes\/\"><img fetchpriority=\"high\" decoding=\"async\" class=\"alignnone wp-image-2208 size-full\" src=\"https:\/\/chinacustomboxes.com\/wp-content\/uploads\/2025\/04\/Magnetic-Closure-Box-11.jpg\" alt=\"Caja con cierre magn\u00e9tico\" width=\"1000\" height=\"1000\" title=\"\" srcset=\"https:\/\/chinacustomboxes.com\/wp-content\/uploads\/2025\/04\/Magnetic-Closure-Box-11.jpg 1000w, https:\/\/chinacustomboxes.com\/wp-content\/uploads\/2025\/04\/Magnetic-Closure-Box-11-300x300.jpg 300w, https:\/\/chinacustomboxes.com\/wp-content\/uploads\/2025\/04\/Magnetic-Closure-Box-11-150x150.jpg 150w, https:\/\/chinacustomboxes.com\/wp-content\/uploads\/2025\/04\/Magnetic-Closure-Box-11-768x768.jpg 768w, https:\/\/chinacustomboxes.com\/wp-content\/uploads\/2025\/04\/Magnetic-Closure-Box-11-12x12.jpg 12w, https:\/\/chinacustomboxes.com\/wp-content\/uploads\/2025\/04\/Magnetic-Closure-Box-11-600x600.jpg 600w, https:\/\/chinacustomboxes.com\/wp-content\/uploads\/2025\/04\/Magnetic-Closure-Box-11-100x100.jpg 100w\" sizes=\"(max-width: 1000px) 100vw, 1000px\" \/><\/a><\/p>\n<h2 id=\"-customized-service-advantages-\"><strong>Ventajas del servicio personalizado<\/strong><\/h2>\n<ul>\n<li><strong>Adaptaci\u00f3n del dise\u00f1o<\/strong>: Proporcionar 8+ biblioteca b\u00e1sica de la caja, tales como <a href=\"https:\/\/chinacustomboxes.com\/es\/dealers-glitter-gift-paper-magnetic-closure-boxes-for-shoe\/\">cajas con cierre magn\u00e9tico<\/a>, cajas superiores e inferiores, cajas de papel para cajones, etc., admiten troquelados de formas especiales (como esquinas curvas, ventanas huecas) y combinaciones de procesos de superficie (estampado en relieve + estampado en caliente + serigraf\u00eda).<\/li>\n<li><strong>Ciclo de producci\u00f3n<\/strong>: 5-7 d\u00edas para la fabricaci\u00f3n de muestras, 15-20 d\u00edas para la entrega de la producci\u00f3n en masa (1000-5000 juegos de pedido m\u00ednimo), el apoyo a la producci\u00f3n flexible de peque\u00f1os lotes.<\/li>\n<li><strong>Certificaci\u00f3n medioambiental<\/strong>: Ha superado la certificaci\u00f3n forestal FSC, el material de la bandeja interior cumple las normas REACH y RoHS, y se puede facilitar un informe sobre la huella de carbono.<\/li>\n<\/ul>\n<h2 id=\"-application-scenarios-and-value-enhancement-\"><strong>Escenarios de aplicaci\u00f3n y aumento del valor<\/strong><\/h2>\n<ul>\n<li><strong>Imagen de marca<\/strong>: A trav\u00e9s de la est\u00e9tica negra y dorada y el dise\u00f1o interactivo de apertura y cierre magn\u00e9ticos, refuerza el tono de marca de \"profesional, de gama alta y exquisito\", y mejora la experiencia de unboxing y los puntos de recuerdo del usuario.<\/li>\n<li><strong>Potenciaci\u00f3n de la comercializaci\u00f3n<\/strong>: Admite la estampaci\u00f3n en caliente de c\u00f3digos QR, la impresi\u00f3n de capas interactivas AR, la vinculaci\u00f3n de contenidos digitales en l\u00ednea y la integraci\u00f3n de productos y efectos.<\/li>\n<\/ul>\n<h2 id=\"-service-commitment-\"><strong>Compromiso de servicio<\/strong><\/h2>\n<p>Proporcionar apoyo ODM en todo el proceso, desde el dise\u00f1o estructural y la selecci\u00f3n de materiales hasta la implementaci\u00f3n del proceso, garantizando que cada eslab\u00f3n est\u00e9 profundamente en l\u00ednea con el ADN de la marca, ayudando a que el producto destaque en el mercado de la belleza de gama alta.<\/p>","protected":false},"excerpt":{"rendered":"<p>Esta caja de cierre magn\u00e9tico tiene un solemne m\u00e9todo de apertura y cierre. La exquisita artesan\u00eda de plata y oro rojo estampado en caliente a\u00f1ade un encanto \u00fanico y un estilo excepcional.<\/p>","protected":false},"featured_media":292,"template":"","meta":{"_kad_post_transparent":"default","_kad_post_title":"","_kad_post_layout":"default","_kad_post_sidebar_id":"","_kad_post_content_style":"default","_kad_post_vertical_padding":"default","_kad_post_feature":"","_kad_post_feature_position":"","_kad_post_header":false,"_kad_post_footer":false,"_kad_post_classname":""},"product_brand":[],"product_cat":[15,17,28,18],"product_tag":[87,89,88],"class_list":{"0":"post-290","1":"product","2":"type-product","3":"status-publish","4":"has-post-thumbnail","6":"product_cat-boxes-by-shapes","7":"product_cat-boxes-by-industries","8":"product_cat-cosmetic-packaging-boxes","9":"product_cat-magnetic-closure-boxes","10":"product_tag-custom-beauty-packaging","11":"product_tag-custom-cosmetics-packaging","12":"product_tag-eyelash-serum-packaging-box","14":"first","15":"instock","16":"shipping-taxable","17":"product-type-simple","18":"entry","19":"content-bg","20":"loop-entry"},"_links":{"self":[{"href":"https:\/\/chinacustomboxes.com\/es\/wp-json\/wp\/v2\/product\/290","targetHints":{"allow":["GET"]}}],"collection":[{"href":"https:\/\/chinacustomboxes.com\/es\/wp-json\/wp\/v2\/product"}],"about":[{"href":"https:\/\/chinacustomboxes.com\/es\/wp-json\/wp\/v2\/types\/product"}],"wp:featuredmedia":[{"embeddable":true,"href":"https:\/\/chinacustomboxes.com\/es\/wp-json\/wp\/v2\/media\/292"}],"wp:attachment":[{"href":"https:\/\/chinacustomboxes.com\/es\/wp-json\/wp\/v2\/media?parent=290"}],"wp:term":[{"taxonomy":"product_brand","embeddable":true,"href":"https:\/\/chinacustomboxes.com\/es\/wp-json\/wp\/v2\/product_brand?post=290"},{"taxonomy":"product_cat","embeddable":true,"href":"https:\/\/chinacustomboxes.com\/es\/wp-json\/wp\/v2\/product_cat?post=290"},{"taxonomy":"product_tag","embeddable":true,"href":"https:\/\/chinacustomboxes.com\/es\/wp-json\/wp\/v2\/product_tag?post=290"}],"curies":[{"name":"wp","href":"https:\/\/api.w.org\/{rel}","templated":true}]}}