{"id":466,"date":"2025-04-12T01:53:16","date_gmt":"2025-04-12T01:53:16","guid":{"rendered":"https:\/\/chinacustomboxes.com\/?post_type=product&#038;p=466"},"modified":"2025-04-30T08:43:05","modified_gmt":"2025-04-30T08:43:05","slug":"custom-luxury-apparel-clothing-shirt-packaging-box-wholesale","status":"publish","type":"product","link":"https:\/\/chinacustomboxes.com\/es\/custom-luxury-apparel-clothing-shirt-packaging-box-wholesale\/","title":{"rendered":"Ropa de lujo personalizada Camisa Caja de embalaje al por mayor"},"content":{"rendered":"<h2 id=\"-customized-product-description-of-magnetic-packaging-box-for-luxury-clothing-shirts-\"><strong>Descripci\u00f3n de producto modificado para requisitos particulares de la caja de empaquetado magn\u00e9tica del cierre para las camisas de lujo de la ropa<\/strong><\/h2>\n<h2 id=\"-i-color-psychology-design-lavender-tone-soothing-and-elegant-coexist-\"><strong>1. Dise\u00f1o de la psicolog\u00eda del color: tono lavanda, calmante y elegante coexisten.<\/strong><\/h2>\n<ol>\n<li><strong>Est\u00e9tica de lavanda<\/strong>: La <a href=\"https:\/\/chinacustomboxes.com\/es\/wholesale-cannabis-concentrate-magnetic-lid-packaging-boxes\/\">caja de embalaje<\/a> adopta el color lavanda de bajo brillo y baja saturaci\u00f3n, inspirado en la investigaci\u00f3n de la psicolog\u00eda del color. Los tonos suaves pueden aliviar eficazmente la fatiga visual y reducir la ansiedad, al tiempo que transmiten un temperamento de marca elegante y noble, especialmente adecuado para escenas de envasado de ropa de gama alta.<\/li>\n<li><strong>Escenarios aplicables<\/strong>: Satisface las necesidades de embalaje de regalos de empresa y camisas de lujo, realza la sensaci\u00f3n de ceremonia de desembalaje y es adecuado para la venta al por menor de gama alta, tiendas insignia de marcas y mercados de regalos personalizados.<\/li>\n<\/ol>\n<h2 id=\"-ii-magnetic-box-design-exquisite-opening-and-closing-minimalist-aesthetics-\"><strong>2. Dise\u00f1o de caja con cierre magn\u00e9tico: apertura y cierre exquisitos, est\u00e9tica minimalista.<\/strong><\/h2>\n<ol>\n<li><strong>Sistema de cierre magn\u00e9tico<\/strong>: Adopta un dise\u00f1o de hebilla magn\u00e9tica incrustada, que se abre y se cierra suave y silenciosamente, se cierra herm\u00e9ticamente, evita los defectos de las cajas abatibles tradicionales que son f\u00e1ciles de aflojar, y mejora la experiencia del usuario.<\/li>\n<li><strong>Optimizaci\u00f3n estructural<\/strong>: Las l\u00edneas en forma de caja de papel son sencillas y ordenadas, sin decoraci\u00f3n redundante, adecuadas para el estilo minimalista moderno, y la textura de los detalles se realza mediante el tratamiento mate de la superficie y el proceso de estampaci\u00f3n en caliente\/UV (opcional).<\/li>\n<\/ol>\n<p><a href=\"http:\/\/chinacustomboxes.com\/es\/magnetic-closure-boxes\/\"><img fetchpriority=\"high\" decoding=\"async\" class=\"alignnone wp-image-2201 size-full\" src=\"https:\/\/chinacustomboxes.com\/wp-content\/uploads\/2025\/04\/Magnetic-Closure-Box-13.jpg\" alt=\"Caja con cierre magn\u00e9tico\" width=\"1000\" height=\"1000\" title=\"\" srcset=\"https:\/\/chinacustomboxes.com\/wp-content\/uploads\/2025\/04\/Magnetic-Closure-Box-13.jpg 1000w, https:\/\/chinacustomboxes.com\/wp-content\/uploads\/2025\/04\/Magnetic-Closure-Box-13-300x300.jpg 300w, https:\/\/chinacustomboxes.com\/wp-content\/uploads\/2025\/04\/Magnetic-Closure-Box-13-150x150.jpg 150w, https:\/\/chinacustomboxes.com\/wp-content\/uploads\/2025\/04\/Magnetic-Closure-Box-13-768x768.jpg 768w, https:\/\/chinacustomboxes.com\/wp-content\/uploads\/2025\/04\/Magnetic-Closure-Box-13-12x12.jpg 12w, https:\/\/chinacustomboxes.com\/wp-content\/uploads\/2025\/04\/Magnetic-Closure-Box-13-600x600.jpg 600w, https:\/\/chinacustomboxes.com\/wp-content\/uploads\/2025\/04\/Magnetic-Closure-Box-13-100x100.jpg 100w\" sizes=\"(max-width: 1000px) 100vw, 1000px\" \/><\/a><\/p>\n<h2 id=\"-iii-materials-and-processes-professional-grade-protection-stable-and-durable-\"><strong>3. Materiales y procesos: protecci\u00f3n de calidad profesional, estable y duradera.<\/strong><\/h2>\n<ol>\n<li><strong>Materiales b\u00e1sicos<\/strong>:<\/li>\n<li><strong>Cart\u00f3n gris de alta densidad 1200 GSM<\/strong>: Tiene una excelente resistencia a la compresi\u00f3n y puede soportar m\u00e1s de 15 kg tras las pruebas, lo que garantiza que no se deformar\u00e1 durante el transporte y cumplir\u00e1 las normas internacionales de embalaje.<\/li>\n<li><strong>Laminado de papel estucado 157 GSM<\/strong>: La superficie es mate aceitado o UV-procesado, con un toque delicado y alta saturaci\u00f3n de color de impresi\u00f3n, que puede restaurar con precisi\u00f3n el logotipo de la marca y el patr\u00f3n.<\/li>\n<li><strong>Forro a medida<\/strong>:<\/li>\n<li><strong>Forro troquelado de EVA\/papel<\/strong>: De acuerdo con el tama\u00f1o de la camisa, el molde se abre 1:1 para lograr una fijaci\u00f3n de desplazamiento cero, evitar la fricci\u00f3n y las arrugas, y adaptarse a diversas formas de camisa, como cuello alto y plegado.<\/li>\n<li><strong>Dise\u00f1o de tabiques<\/strong>: Dispone de ranuras para accesorios independientes opcionales (como gemelos y pasadores de corbata) para mejorar la funcionalidad y la eficacia del almacenamiento.<\/li>\n<\/ol>\n<h2 id=\"-fourth-brand-empowerment-texture-upgrade-added-value-doubled-\"><strong>4. Potenciaci\u00f3n de la marca: mejora de la textura, duplicaci\u00f3n del valor a\u00f1adido<\/strong><\/h2>\n<ol>\n<li><strong>Identidad visual unificada<\/strong>: Admite la impresi\u00f3n de colores planos Pantone y el proceso de estampaci\u00f3n en caliente\/gofrado, integra elementos de marca VI en el dise\u00f1o de la caja y refuerza los puntos de recuerdo del consumidor.<\/li>\n<li><strong>Concepto de protecci\u00f3n del medio ambiente<\/strong>: Utiliza papel certificado FSC y cola degradable para responder a la tendencia de la moda sostenible y reforzar la imagen de responsabilidad social de la marca.<\/li>\n<\/ol>\n<h2 id=\"-five-flexible-customization-service-one-stop-solution-\"><strong>5. Servicio de personalizaci\u00f3n flexible: soluci\u00f3n integral<\/strong><\/h2>\n<ol>\n<li><strong>Tama\u00f1o flexible<\/strong>: Admite diversos tipos de cajas, como cajas superiores e inferiores, <a href=\"https:\/\/chinacustomboxes.com\/es\/trading-textured-paper-portable-power-bank-drawer-boxes\/\">cajas de papel para cajones<\/a>cajas de cierre magn\u00e9tico, etc., con tama\u00f1os altamente personalizados para satisfacer los requisitos de pieza \u00fanica\/conjunto.<\/li>\n<li><strong>Combinaci\u00f3n de procesos<\/strong>: Serigraf\u00eda opcional, flocado, UV local, estampaci\u00f3n en caliente plateada y m\u00e1s de 20 procesos m\u00e1s para conseguir efectos visuales diferenciados.<\/li>\n<li><strong>Servicio de valor a\u00f1adido<\/strong>: Previsualizaci\u00f3n gratuita de borradores de dise\u00f1o en 3D, confirmaci\u00f3n de pruebas, almacenamiento y apoyo log\u00edstico global (FOB\/DDP y otros t\u00e9rminos).<\/li>\n<\/ol>\n<h2 id=\"-six-the-advantages-of-the-source-factory-16-years-of-accumulation-quality-control-\"><strong>6. Las ventajas de la f\u00e1brica de origen: 16 a\u00f1os de acumulaci\u00f3n, control de calidad<\/strong><\/h2>\n<ol>\n<li><strong>Integraci\u00f3n de la cadena de suministro<\/strong>Adquisici\u00f3n de pulpa autogestionada, l\u00ednea de producci\u00f3n de troquelado totalmente autom\u00e1tica y sistema de inspecci\u00f3n de calidad, 30%-50% inferior al coste de adquisici\u00f3n de los intermediarios.<\/li>\n<li><strong>Garant\u00eda de control de calidad<\/strong>: pas\u00f3 la certificaci\u00f3n ISO9001, proporcionando informes de inspecci\u00f3n de calidad de los lotes, la tasa de defectos inferior a 0,5%, apoyar la indemnizaci\u00f3n por da\u00f1os y perjuicios.<\/li>\n<li><strong>Respuesta r\u00e1pida<\/strong>: Cantidad m\u00ednima de pedido de 500, ciclo de entrega de 7-15 d\u00edas, admite pedidos de prueba de lotes peque\u00f1os, reduce el riesgo de inventario del cliente.<\/li>\n<\/ol>","protected":false},"excerpt":{"rendered":"<p>La caja de embalaje con cierre magn\u00e9tico para ropa f lavanda, especialmente dise\u00f1ada para marcas de gama alta, adopta un dise\u00f1o de tonos suaves con poco brillo y baja saturaci\u00f3n, combinado con cart\u00f3n r\u00edgido de alta densidad 1200 GSM y papel estucado art\u00edstico 157 GSM para garantizar una estructura estable y un tacto delicado.<\/p>","protected":false},"featured_media":470,"template":"","meta":{"_kad_post_transparent":"default","_kad_post_title":"","_kad_post_layout":"default","_kad_post_sidebar_id":"","_kad_post_content_style":"default","_kad_post_vertical_padding":"default","_kad_post_feature":"","_kad_post_feature_position":"","_kad_post_header":false,"_kad_post_footer":false,"_kad_post_classname":""},"product_brand":[],"product_cat":[15,17,30,18],"product_tag":[144,143,145],"class_list":{"0":"post-466","1":"product","2":"type-product","3":"status-publish","4":"has-post-thumbnail","6":"product_cat-boxes-by-shapes","7":"product_cat-boxes-by-industries","8":"product_cat-clothing-packaging-boxes","9":"product_cat-magnetic-closure-boxes","10":"product_tag-custom-clothing-boxes","11":"product_tag-custom-luxury-clothing-packaging","12":"product_tag-shirt-boxes-wholesale","14":"first","15":"instock","16":"shipping-taxable","17":"product-type-simple","18":"entry","19":"content-bg","20":"loop-entry"},"_links":{"self":[{"href":"https:\/\/chinacustomboxes.com\/es\/wp-json\/wp\/v2\/product\/466","targetHints":{"allow":["GET"]}}],"collection":[{"href":"https:\/\/chinacustomboxes.com\/es\/wp-json\/wp\/v2\/product"}],"about":[{"href":"https:\/\/chinacustomboxes.com\/es\/wp-json\/wp\/v2\/types\/product"}],"wp:featuredmedia":[{"embeddable":true,"href":"https:\/\/chinacustomboxes.com\/es\/wp-json\/wp\/v2\/media\/470"}],"wp:attachment":[{"href":"https:\/\/chinacustomboxes.com\/es\/wp-json\/wp\/v2\/media?parent=466"}],"wp:term":[{"taxonomy":"product_brand","embeddable":true,"href":"https:\/\/chinacustomboxes.com\/es\/wp-json\/wp\/v2\/product_brand?post=466"},{"taxonomy":"product_cat","embeddable":true,"href":"https:\/\/chinacustomboxes.com\/es\/wp-json\/wp\/v2\/product_cat?post=466"},{"taxonomy":"product_tag","embeddable":true,"href":"https:\/\/chinacustomboxes.com\/es\/wp-json\/wp\/v2\/product_tag?post=466"}],"curies":[{"name":"wp","href":"https:\/\/api.w.org\/{rel}","templated":true}]}}