{"id":812,"date":"2025-04-15T02:51:47","date_gmt":"2025-04-15T02:51:47","guid":{"rendered":"https:\/\/chinacustomboxes.com\/?post_type=product&#038;p=812"},"modified":"2025-04-30T03:05:09","modified_gmt":"2025-04-30T03:05:09","slug":"bespoke-soft-touch-lamination-match-style-necklaces-box","status":"publish","type":"product","link":"https:\/\/chinacustomboxes.com\/es\/bespoke-soft-touch-lamination-match-style-necklaces-box\/","title":{"rendered":"Caja de collares a medida con laminaci\u00f3n suave al tacto estilo f\u00f3sforo"},"content":{"rendered":"<h2 id=\"customized-soft-touch-coating-matching-style-necklace-box-product-description\">Caja para collar a juego con revestimiento suave al tacto hecha a medida descripci\u00f3n del producto<\/h2>\n<h2 id=\"1-cuboid-drawer-structure-\">1. Papel<strong> estructura de la caja del caj\u00f3n<\/strong><\/h2>\n<ul>\n<li>La adopci\u00f3n de un rect\u00e1ngulo calculado con precisi\u00f3n <a href=\"https:\/\/chinacustomboxes.com\/es\/large-silver-glitter-magnetic-closure-gift-box-for-promotion\/\">caja<\/a> forma, la tasa de utilizaci\u00f3n del espacio interno se incrementa en 30%, que es adecuado para la exhibici\u00f3n en el mostrador de la joyer\u00eda y las escenas de almacenamiento en el tocador de casa. El dise\u00f1o en capas de tipo caj\u00f3n puede almacenar diferentes joyas como collares, anillos, pendientes, etc. en categor\u00edas para evitar el enredo y el desgaste.<\/li>\n<li>El cuerpo de la caja se ha\u00a0<strong>optimizado geom\u00e9tricamente<\/strong>, y los bordes se procesan con esquinas redondeadas de 0,5 mm, lo que no s\u00f3lo conserva el sentido tridimensional, sino que tambi\u00e9n mejora la estabilidad de apilamiento. Puede soportar 5 capas de presi\u00f3n superpuesta durante el transporte, y coopera con materiales amortiguadores anticolisi\u00f3n (como el algod\u00f3n perlado EPE) para lograr una seguridad de transporte de enlace completo.<\/li>\n<\/ul>\n<h2 id=\"2-slide-rail-pull-out-one-hand-operation-\">2.\u00a0<strong>Gu\u00eda de deslizamiento extra\u00edble con una sola mano<\/strong><\/h2>\n<ul>\n<li>Equipado con\u00a0<strong>gu\u00eda de deslizamiento con amortiguaci\u00f3n silenciosa<\/strong>, la resistencia de apertura y cierre es \u22641,5N, y se puede abrir suavemente con un solo empuje de la mano, lo que es 40% m\u00e1s eficiente que la operaci\u00f3n tradicional flip-top. La prueba de vida de la gu\u00eda deslizante es de m\u00e1s de 100.000 veces, lo que es adecuado para escenarios de uso de alta frecuencia.<\/li>\n<li>El caj\u00f3n est\u00e1 empotrado con un\u00a0<strong>sistema de posicionamiento magn\u00e9tico<\/strong>\u00a0que se alinea autom\u00e1ticamente al cerrarse para evitar deslizamientos accidentales debidos a las vibraciones.<\/li>\n<\/ul>\n<h2 id=\"-second-surface-technology-and-visual-presentation-\"><strong>3. Tecnolog\u00eda de superficies y presentaci\u00f3n visual<\/strong><\/h2>\n<ol>\n<li><strong>Revestimiento suave al tacto y textura tridimensional<\/strong><\/li>\n<li>El cuerpo de la caja adopta\u00a0<strong>Tecnolog\u00eda de revestimiento PU<\/strong>\u00a0La superficie es tan delicada como el terciopelo y tiene propiedades antiara\u00f1azos y antihuellas. A trav\u00e9s de\u00a0<strong>Tecnolog\u00eda de gofrado 3D<\/strong>\u00a0Se forma una textura tridimensional de patr\u00f3n diamante\/cocodrilo para realzar la estratificaci\u00f3n visual y el reconocimiento de la marca.<\/li>\n<\/ol>\n<h2 id=\"4-dark-blue-main-color-and-hot-stamping-luxury-\">4.\u00a0<strong>Color principal azul oscuro y estampado en caliente de lujo<\/strong><\/h2>\n<ul>\n<li>El cuerpo de la caja est\u00e1 principalmente en\u00a0<strong>Pantone 19-4052 azul oscuro cl\u00e1sico<\/strong>\u00a0que simboliza la confianza y la eternidad, y es muy coherente con el lenguaje visual de los art\u00edculos de lujo. Con\u00a0<strong>tecnolog\u00eda de estampaci\u00f3n en caliente parcial<\/strong>\u00a0Se utilizan l\u00e1minas de oro de 24 quilates y tecnolog\u00eda de posicionamiento por l\u00e1ser, el brillo del metal \u0394E\u22641,5, y la precisi\u00f3n del borde del texto\/logo alcanza \u00b10,1 mm, resaltando la noble textura.<\/li>\n<\/ul>\n<h2 id=\"5-eva-velvet-composite-inner-support-\">5.\u00a0<strong>Soporte interior compuesto de terciopelo EVA<\/strong><\/h2>\n<ul>\n<li>El revestimiento interior adopta\u00a0<strong>esponja EVA de alta densidad<\/strong>\u00a0(dureza 40\u00b15 Shore C) y\u00a0<strong>Terciopelo 600D<\/strong>\u00a0Estructura de material compuesto, suave al tacto y con gran resistencia a la presi\u00f3n, que protege las joyas de los golpes.<\/li>\n<li><strong>Dise\u00f1o modular de ranuras para tarjetas<\/strong>:<\/li>\n<li><strong>Ranura para collar<\/strong>: Ranura en forma de U de 15 mm de profundidad, adecuada para collares con cadena de 40-70 cm de longitud;<\/li>\n<li><strong>Soporte para anillos<\/strong>: Posici\u00f3n de fijaci\u00f3n del anillo de silicona ajustable, compatible con los anillos 4-20;<\/li>\n<li><strong>Clavija para joyer\u00eda de oreja<\/strong>: Dise\u00f1o combinado de orificio para clavija de 2 mm de di\u00e1metro y ranura magn\u00e9tica para guardar la clavija.<\/li>\n<\/ul>\n<h2 id=\"6-highly-customized-solutions-\">6.\u00a0<strong>Soluciones altamente personalizadas<\/strong><\/h2>\n<ul>\n<li><strong>Personalizaci\u00f3n del tama\u00f1o<\/strong>: Admite el ajuste del tama\u00f1o de la caja de 5cm\u00d75cm a 30cm\u00d730cm, adecuado para conjuntos de boda, art\u00edculo \u00fanico <a href=\"https:\/\/chinacustomboxes.com\/es\/durable-cannabis-wax-concentrate-packaging-paper-drawer-box\/\">cajas de regalo<\/a> y otros escenarios;<\/li>\n<li><strong>Integraci\u00f3n de elementos de marca<\/strong>: Puede incrustar chips RFID, grabar con l\u00e1ser logotipos de marca o ajustar patrones de relieve y posiciones de estampaci\u00f3n en caliente en combinaci\u00f3n con los sistemas VI del cliente;<\/li>\n<li><strong>Producci\u00f3n en serie y envasado<\/strong>: Admite un pedido m\u00ednimo de 500 unidades y ofrece soluciones de embalaje integradas, como bolsas antipolvo, cajas de regalo y pal\u00e9s de transporte.<\/li>\n<\/ul>\n<h2 id=\"7-technical-parameters-and-environmental-standards-\">7.\u00a0<strong>Par\u00e1metros t\u00e9cnicos y normas medioambientales<\/strong><\/h2>\n<ul>\n<li><strong>Material<\/strong>: Sustrato de pl\u00e1stico ABS de calidad alimentaria + revestimiento de PU respetuoso con el medio ambiente (certificado REACH\/SVHC);<\/li>\n<li><strong>Normas de procedimiento<\/strong>: Sistema de gesti\u00f3n de calidad ISO 9001, error de precisi\u00f3n de estampaci\u00f3n en caliente \u22640,2mm;<\/li>\n<li><strong>Escenarios aplicables<\/strong>: Tiendas insignia de marcas de joyer\u00eda, personalizaci\u00f3n de regalos de alta gama, casa de subastas <a href=\"https:\/\/chinacustomboxes.com\/es\/vendor-order-custom-rigid-drawer-box-sigwarjewelry-packaging\/\">embalaje de joyas<\/a>.<\/li>\n<\/ul>","protected":false},"excerpt":{"rendered":"<p>Cree una soluci\u00f3n de caj\u00f3n de papel para joyer\u00eda que sea a la vez pr\u00e1ctica y art\u00edstica, satisfaciendo las necesidades de las marcas de joyer\u00eda de alta gama de un embalaje refinado, funcional y personalizado.<\/p>","protected":false},"featured_media":813,"template":"","meta":{"_kad_post_transparent":"default","_kad_post_title":"","_kad_post_layout":"default","_kad_post_sidebar_id":"","_kad_post_content_style":"default","_kad_post_vertical_padding":"default","_kad_post_feature":"","_kad_post_feature_position":"","_kad_post_header":false,"_kad_post_footer":false,"_kad_post_classname":""},"product_brand":[],"product_cat":[15,17,20,31],"product_tag":[303,305,304],"class_list":{"0":"post-812","1":"product","2":"type-product","3":"status-publish","4":"has-post-thumbnail","6":"product_cat-boxes-by-shapes","7":"product_cat-boxes-by-industries","8":"product_cat-drawer-style-boxes","9":"product_cat-jewelry-packaging-boxes","10":"product_tag-bespoke-necklaces-box","11":"product_tag-match-style-necklaces-box","12":"product_tag-soft-touch-lamination-necklaces-box","14":"first","15":"instock","16":"shipping-taxable","17":"product-type-simple","18":"entry","19":"content-bg","20":"loop-entry"},"_links":{"self":[{"href":"https:\/\/chinacustomboxes.com\/es\/wp-json\/wp\/v2\/product\/812","targetHints":{"allow":["GET"]}}],"collection":[{"href":"https:\/\/chinacustomboxes.com\/es\/wp-json\/wp\/v2\/product"}],"about":[{"href":"https:\/\/chinacustomboxes.com\/es\/wp-json\/wp\/v2\/types\/product"}],"wp:featuredmedia":[{"embeddable":true,"href":"https:\/\/chinacustomboxes.com\/es\/wp-json\/wp\/v2\/media\/813"}],"wp:attachment":[{"href":"https:\/\/chinacustomboxes.com\/es\/wp-json\/wp\/v2\/media?parent=812"}],"wp:term":[{"taxonomy":"product_brand","embeddable":true,"href":"https:\/\/chinacustomboxes.com\/es\/wp-json\/wp\/v2\/product_brand?post=812"},{"taxonomy":"product_cat","embeddable":true,"href":"https:\/\/chinacustomboxes.com\/es\/wp-json\/wp\/v2\/product_cat?post=812"},{"taxonomy":"product_tag","embeddable":true,"href":"https:\/\/chinacustomboxes.com\/es\/wp-json\/wp\/v2\/product_tag?post=812"}],"curies":[{"name":"wp","href":"https:\/\/api.w.org\/{rel}","templated":true}]}}