{"id":2148,"date":"2025-04-22T09:42:26","date_gmt":"2025-04-22T09:42:26","guid":{"rendered":"https:\/\/chinacustomboxes.com\/?post_type=product&#038;p=2148"},"modified":"2025-04-30T06:33:43","modified_gmt":"2025-04-30T06:33:43","slug":"double-door-open-gift-box-packaging-solution-for-perfume","status":"publish","type":"product","link":"https:\/\/chinacustomboxes.com\/fr\/double-door-open-gift-box-packaging-solution-for-perfume\/","title":{"rendered":"Solution d'emballage de parfum en bo\u00eete cadeau \u00e0 double porte ouverte"},"content":{"rendered":"<h2 id=\"-double-door-perfume-gift-box-packaging-solution-\"><strong>Solution d'emballage pour les coffrets de parfum \u00e0 double porte<\/strong><\/h2>\n<h2 id=\"-i-structural-design-dual-considerations-of-aesthetics-and-mechanics-\"><strong>I. Conception des structures : double consid\u00e9ration esth\u00e9tique et m\u00e9canique<\/strong><\/h2>\n<ol>\n<li><strong>Conception rituelle \u00e0 double ouverture de porte<\/strong>\u00a0Une structure sym\u00e9trique \u00e0 double porte est adopt\u00e9e, reli\u00e9e par des charni\u00e8res de pr\u00e9cision, avec un angle d'ouverture et de fermeture de 180\u00b0, simulant l'exp\u00e9rience de d\u00e9ballage des produits de luxe. Le bord du panneau de la porte est con\u00e7u avec une boucle magn\u00e9tique int\u00e9gr\u00e9e de 0,5 mm, qui s'adapte parfaitement lorsqu'elle est ferm\u00e9e et pr\u00e9sente un aspect visuel \"sc\u00e9nique\" lorsqu'elle est ouverte, renfor\u00e7ant ainsi le sentiment de rituel de l'ouverture de la bo\u00eete.<\/li>\n<li><strong>Structure en caisson \u00e0 haute stabilit\u00e9<\/strong>\u00a0Le corps de la bo\u00eete est constitu\u00e9 de cinq couches de carton gris \u00e0 haute r\u00e9sistance \u00e0 la compression. Gr\u00e2ce \u00e0 l'ossature transversale interne, il peut r\u00e9sister \u00e0 la pression verticale sans d\u00e9formation. Le panneau de la porte et la base adoptent le processus d'assemblage par tenons et mortaises pour garantir une ouverture et une fermeture \u00e0 long terme sans basculement.<\/li>\n<li><strong>Adaptation m\u00e9canique \u00e0 l'espace int\u00e9rieur<\/strong>\u00a0Sur la base de la mod\u00e9lisation 3D et de l'analyse par \u00e9l\u00e9ments finis, la couche de support interne adopte un support interne en plastique, la profondeur de la rainure est adapt\u00e9e \u00e0 la forme du flacon de parfum, et il n'y a pas de d\u00e9placement lors du test de vibration par inclinaison \u00e0 45\u00b0. La conception de la doublure en couches permet de pr\u00e9senter plusieurs flacons en combinaison.<\/li>\n<\/ol>\n<p><img fetchpriority=\"high\" decoding=\"async\" class=\"alignnone wp-image-2151 size-full\" src=\"https:\/\/chinacustomboxes.com\/wp-content\/uploads\/2025\/04\/two-door-open-gift-box-for-perfume-1.jpg\" alt=\"bo\u00eete cadeau ouverte \u00e0 deux portes\" width=\"800\" height=\"800\" title=\"\" srcset=\"https:\/\/chinacustomboxes.com\/wp-content\/uploads\/2025\/04\/two-door-open-gift-box-for-perfume-1.jpg 800w, https:\/\/chinacustomboxes.com\/wp-content\/uploads\/2025\/04\/two-door-open-gift-box-for-perfume-1-300x300.jpg 300w, https:\/\/chinacustomboxes.com\/wp-content\/uploads\/2025\/04\/two-door-open-gift-box-for-perfume-1-150x150.jpg 150w, https:\/\/chinacustomboxes.com\/wp-content\/uploads\/2025\/04\/two-door-open-gift-box-for-perfume-1-768x768.jpg 768w, https:\/\/chinacustomboxes.com\/wp-content\/uploads\/2025\/04\/two-door-open-gift-box-for-perfume-1-12x12.jpg 12w, https:\/\/chinacustomboxes.com\/wp-content\/uploads\/2025\/04\/two-door-open-gift-box-for-perfume-1-600x600.jpg 600w, https:\/\/chinacustomboxes.com\/wp-content\/uploads\/2025\/04\/two-door-open-gift-box-for-perfume-1-100x100.jpg 100w\" sizes=\"(max-width: 800px) 100vw, 800px\" \/><\/p>\n<h2 id=\"-second-craftsmanship-and-materials-high-end-texture-and-environmental-protection-\"><strong>2. Artisanat et mat\u00e9riaux : texture haut de gamme et protection de l'environnement<\/strong><\/h2>\n<ol>\n<li><strong>Proc\u00e9d\u00e9 de marquage \u00e0 chaud d'une pr\u00e9cision de 0,1 mm<\/strong>\u00a0La surface du panneau de porte utilise un film de marquage \u00e0 chaud allemand Kurz, l'erreur de pr\u00e9cision de la surimpression de la ligne est \u22640,08mm, prend en charge les couleurs d\u00e9grad\u00e9es et l'effet de relief 3D, et a pass\u00e9 100 000 tests de frottement sans se d\u00e9tacher. 8 couleurs m\u00e9talliques telles que l'or rose et l'or champagne sont disponibles.<\/li>\n<li><strong>Carton l\u00e9ger \u00e0 haute r\u00e9sistance<\/strong>\u00a0Le mat\u00e9riau de base utilise du carton gris \u00e9cologique certifi\u00e9 FSC (poids \u22651200g\/\u33a1), et la surface est recouverte d'un film tactile mat, qui pr\u00e9sente les avantages de la r\u00e9sistance \u00e0 la d\u00e9chirure et de la r\u00e9duction du poids 15%. Le vide <a href=\"https:\/\/chinacustomboxes.com\/fr\/customized-slider-child-resistant-box-rigid-boxes-wholesale\/\">bo\u00eete<\/a> peut supporter jusqu'\u00e0 8 kg. Il est conforme aux normes de protection de l'environnement REACH de l'UE et peut \u00eatre d\u00e9grad\u00e9 100%.<\/li>\n<li><strong>Esth\u00e9tique minimaliste d'un noir pur<\/strong> La couleur principale est le noir, avec un traitement de surface mat, une r\u00e9flectivit\u00e9 \u22645%, mettant en \u00e9vidence le luxe discret. La base noire est compatible avec le marquage \u00e0 chaud, le vernis local UV, la gravure au laser et d'autres superpositions multi-processus, convenant aux entreprises, \u00e0 l'art, au minimalisme et \u00e0 d'autres tons de marque.<\/li>\n<\/ol>\n<p><img decoding=\"async\" class=\"alignnone wp-image-2152 size-full\" src=\"https:\/\/chinacustomboxes.com\/wp-content\/uploads\/2025\/04\/two-door-open-gift-box-for-perfume-2.jpg\" alt=\"bo\u00eete cadeau ouverte \u00e0 deux portes\" width=\"800\" height=\"800\" title=\"\" srcset=\"https:\/\/chinacustomboxes.com\/wp-content\/uploads\/2025\/04\/two-door-open-gift-box-for-perfume-2.jpg 800w, https:\/\/chinacustomboxes.com\/wp-content\/uploads\/2025\/04\/two-door-open-gift-box-for-perfume-2-300x300.jpg 300w, https:\/\/chinacustomboxes.com\/wp-content\/uploads\/2025\/04\/two-door-open-gift-box-for-perfume-2-150x150.jpg 150w, https:\/\/chinacustomboxes.com\/wp-content\/uploads\/2025\/04\/two-door-open-gift-box-for-perfume-2-768x768.jpg 768w, https:\/\/chinacustomboxes.com\/wp-content\/uploads\/2025\/04\/two-door-open-gift-box-for-perfume-2-12x12.jpg 12w, https:\/\/chinacustomboxes.com\/wp-content\/uploads\/2025\/04\/two-door-open-gift-box-for-perfume-2-600x600.jpg 600w, https:\/\/chinacustomboxes.com\/wp-content\/uploads\/2025\/04\/two-door-open-gift-box-for-perfume-2-100x100.jpg 100w\" sizes=\"(max-width: 800px) 100vw, 800px\" \/><\/p>\n<h2 id=\"-three-customized-services-flexible-adaptation-in-all-dimensions-\"><strong>3. Services personnalis\u00e9s : adaptation flexible dans toutes les dimensions<\/strong><\/h2>\n<ol>\n<li><strong>Design personnalis\u00e9 de la rainure<\/strong>\u00a0Prise en charge du rev\u00eatement personnalis\u00e9 du type de bouteille scann\u00e9e en 3D, avec une tol\u00e9rance de \u00b10,3 mm, adapt\u00e9e aux formes sp\u00e9ciales telles que les bouteilles de forme sp\u00e9ciale et les bouteilles gaufr\u00e9es. Des coussinets antid\u00e9rapants en silicone sont ajout\u00e9s au fond de la rainure, et le test de transport par inclinaison est conforme \u00e0 la norme ISTA 3A.<\/li>\n<li><strong>Options de personnalisation des liens<\/strong><\/li>\n<li><strong>Type de bo\u00eete<\/strong>Les bo\u00eetes de base : 6 types de bo\u00eetes de base tels que simple couche\/double couche, type tiroir\/type livre, permettent de personnaliser les tailles non standard ;<\/li>\n<li><strong>Mat\u00e9riau<\/strong>: 12 mat\u00e9riaux de surface tels que le similicuir, le velours et le papier \u00e0 grain de bois sont disponibles en option ;<\/li>\n<li><strong>Impression<\/strong>: Prise en charge des processus personnalis\u00e9s tels que les couleurs sp\u00e9ciales Pantone, l'encre fluorescente et l'enduction de parfum ;<\/li>\n<li><strong>Accessoires<\/strong>: Peut \u00eatre associ\u00e9 \u00e0 des composants \u00e0 valeur ajout\u00e9e tels que des rubans, des boucles magn\u00e9tiques et des bandes lumineuses LED.<\/li>\n<\/ol>\n<h2 id=\"-iv-application-scenarios-and-value-\"><strong>4. Sc\u00e9narios d'application et valeur<\/strong><\/h2>\n<ul>\n<li><strong>Renforcement de la valeur de la marque<\/strong>: La conception du rituel d'ouverture de la bo\u00eete augmente la fid\u00e9lisation des clients de 27% et le partage sur les m\u00e9dias sociaux de 40% ;<\/li>\n<li><strong>Garantie de s\u00e9curit\u00e9 des transports<\/strong>: A pass\u00e9 avec succ\u00e8s le test de chute de 1,2 m, avec un taux de rupture de &lt;0,5% ;<\/li>\n<li><strong>Optimisation des co\u00fbts<\/strong>: La conception l\u00e9g\u00e8re r\u00e9duit les co\u00fbts logistiques de 12%, et la production modulaire permet une commande minimale de 500 pi\u00e8ces.<\/li>\n<\/ul>\n<p><img decoding=\"async\" class=\"alignnone wp-image-2154 size-full\" src=\"https:\/\/chinacustomboxes.com\/wp-content\/uploads\/2025\/04\/two-door-open-gift-box-for-perfume-4.jpg\" alt=\"bo\u00eete cadeau ouverte \u00e0 deux portes\" width=\"800\" height=\"800\" title=\"\" srcset=\"https:\/\/chinacustomboxes.com\/wp-content\/uploads\/2025\/04\/two-door-open-gift-box-for-perfume-4.jpg 800w, https:\/\/chinacustomboxes.com\/wp-content\/uploads\/2025\/04\/two-door-open-gift-box-for-perfume-4-300x300.jpg 300w, https:\/\/chinacustomboxes.com\/wp-content\/uploads\/2025\/04\/two-door-open-gift-box-for-perfume-4-150x150.jpg 150w, https:\/\/chinacustomboxes.com\/wp-content\/uploads\/2025\/04\/two-door-open-gift-box-for-perfume-4-768x768.jpg 768w, https:\/\/chinacustomboxes.com\/wp-content\/uploads\/2025\/04\/two-door-open-gift-box-for-perfume-4-12x12.jpg 12w, https:\/\/chinacustomboxes.com\/wp-content\/uploads\/2025\/04\/two-door-open-gift-box-for-perfume-4-600x600.jpg 600w, https:\/\/chinacustomboxes.com\/wp-content\/uploads\/2025\/04\/two-door-open-gift-box-for-perfume-4-100x100.jpg 100w\" sizes=\"(max-width: 800px) 100vw, 800px\" \/><\/p>\n<h2 id=\"-case-study-\"><strong>\u00c9tude de cas<\/strong><\/h2>\n<ul>\n<li><strong>Mod\u00e8le commun des marques de luxe<\/strong>: Double porte personnalis\u00e9e <a href=\"https:\/\/chinacustomboxes.com\/fr\/vendor-luxury-two-pack-red-wine-double-side-open-gift-box\/\">bo\u00eete cadeau<\/a> pour une marque fran\u00e7aise, avec une puce NFC int\u00e9gr\u00e9e dans la doublure, et le son de l'histoire du parfum de la marque se d\u00e9clenche automatiquement \u00e0 l'ouverture de la bo\u00eete ;<\/li>\n<li><strong>\u00c9dition limit\u00e9e pour les f\u00eates de fin d'ann\u00e9e<\/strong>: Avec un rev\u00eatement en velours noir + un motif de flocon de neige grav\u00e9 au laser, combin\u00e9 \u00e0 une ouverture et une fermeture magn\u00e9tiques, les ventes pendant les vacances ont augment\u00e9 de 35%.<\/li>\n<\/ul>","protected":false},"excerpt":{"rendered":"<p>La structure sym\u00e9trique d'ouverture et de fermeture de la double porte garantit la stabilit\u00e9 du corps de la bo\u00eete, \u00e9vite la d\u00e9formation et le basculement, cr\u00e9e un sentiment de c\u00e9r\u00e9monie de d\u00e9ballage et am\u00e9liore l'exp\u00e9rience de d\u00e9ballage des parfums haut de gamme. La couleur principale est le noir pur, qui est simple, g\u00e9n\u00e9reux et haut de gamme, et peut s'adapter aux tons de diff\u00e9rentes marques. La doublure est con\u00e7ue avec des rainures sp\u00e9cifiques pour fixer avec pr\u00e9cision le flacon de parfum et \u00e9viter qu'il ne tremble pendant le transport ou la pr\u00e9sentation.<\/p>","protected":false},"featured_media":2151,"template":"","meta":{"_kad_post_transparent":"default","_kad_post_title":"","_kad_post_layout":"default","_kad_post_sidebar_id":"","_kad_post_content_style":"default","_kad_post_vertical_padding":"default","_kad_post_feature":"","_kad_post_feature_position":"","_kad_post_header":false,"_kad_post_footer":false,"_kad_post_classname":""},"product_brand":[],"product_cat":[15,17,34,23],"product_tag":[543,545,544],"class_list":{"0":"post-2148","1":"product","2":"type-product","3":"status-publish","4":"has-post-thumbnail","6":"product_cat-boxes-by-shapes","7":"product_cat-boxes-by-industries","8":"product_cat-perfume-packaging-boxes","9":"product_cat-unusual-shaped-boxes","10":"product_tag-double-door-open-gift-box","11":"product_tag-double-door-open-gift-box-for-perfume","12":"product_tag-gift-box-packaging-solution","14":"first","15":"instock","16":"shipping-taxable","17":"product-type-simple","18":"entry","19":"content-bg","20":"loop-entry"},"_links":{"self":[{"href":"https:\/\/chinacustomboxes.com\/fr\/wp-json\/wp\/v2\/product\/2148","targetHints":{"allow":["GET"]}}],"collection":[{"href":"https:\/\/chinacustomboxes.com\/fr\/wp-json\/wp\/v2\/product"}],"about":[{"href":"https:\/\/chinacustomboxes.com\/fr\/wp-json\/wp\/v2\/types\/product"}],"wp:featuredmedia":[{"embeddable":true,"href":"https:\/\/chinacustomboxes.com\/fr\/wp-json\/wp\/v2\/media\/2151"}],"wp:attachment":[{"href":"https:\/\/chinacustomboxes.com\/fr\/wp-json\/wp\/v2\/media?parent=2148"}],"wp:term":[{"taxonomy":"product_brand","embeddable":true,"href":"https:\/\/chinacustomboxes.com\/fr\/wp-json\/wp\/v2\/product_brand?post=2148"},{"taxonomy":"product_cat","embeddable":true,"href":"https:\/\/chinacustomboxes.com\/fr\/wp-json\/wp\/v2\/product_cat?post=2148"},{"taxonomy":"product_tag","embeddable":true,"href":"https:\/\/chinacustomboxes.com\/fr\/wp-json\/wp\/v2\/product_tag?post=2148"}],"curies":[{"name":"wp","href":"https:\/\/api.w.org\/{rel}","templated":true}]}}