{"id":2251,"date":"2025-08-15T03:00:43","date_gmt":"2025-08-15T03:00:43","guid":{"rendered":"https:\/\/chinacustomboxes.com\/?post_type=product&#038;p=2251"},"modified":"2025-08-15T05:50:23","modified_gmt":"2025-08-15T05:50:23","slug":"luxury-perfume-drawer-packaging-gift-boxes-manufacturer","status":"publish","type":"product","link":"https:\/\/chinacustomboxes.com\/fr\/luxury-perfume-drawer-packaging-gift-boxes-manufacturer\/","title":{"rendered":"Emballage de tiroir \u00e0 parfum de luxe Bo\u00eetes \u00e0 cadeaux Fabricant"},"content":{"rendered":"<h2 id=\"deluxe-fragrance-drawer-packaging-gift-boxes-accuracy-workmanship-fulfills-classic-beauty\">Bo\u00eetes-cadeaux de luxe pour tiroirs de parfum : Un travail de pr\u00e9cision pour une beaut\u00e9 classique<\/h2>\n<p>Fabriqu\u00e9e avec un grand souci du d\u00e9tail, notre armoire \u00e0 parfum de luxe est un produit de qualit\u00e9. <a href=\"https:\/\/chinacustomboxes.com\/fr\/luxury-paper-gift-bags-for-cosmetics-perfume-distributors\/\">bo\u00eetes d'emballage<\/a> int\u00e8grent un design innovant et des attraits visuels opulents pour red\u00e9finir la pr\u00e9sentation des parfums. Vous trouverez ci-dessous une sp\u00e9cification compl\u00e8te de l'article, adapt\u00e9e \u00e0 vos besoins :<\/p>\n<h2 id=\"1-smooth-drawer-device\">1. Dispositif \u00e0 tiroir lisse<\/h2>\n<ul>\n<li>Style \"push-pull\" (pousser-tirer) : L'utilisation d'une combinaison avanc\u00e9e d'une bo\u00eete ext\u00e9rieure (espace ext\u00e9rieur) et d'un tiroir int\u00e9rieur (tiroir int\u00e9rieur), associ\u00e9e \u00e0 une base de rail mobile, garantit une ouverture et une fermeture en douceur, personnifiant parfaitement le rituel de d\u00e9ballage des parfums haut de gamme. Les c\u00f4t\u00e9s du rail sont polis au millim\u00e8tre pr\u00e8s afin d'\u00e9liminer les bavures et d'offrir une exp\u00e9rience de r\u00e9ponse douce et soyeuse.<\/li>\n<li>Ouverture et fermeture ing\u00e9nieuses : L'ouverture et la fermeture ing\u00e9nieuses de la porte. <a href=\"https:\/\/chinacustomboxes.com\/fr\/custom-child-proof-5-pre-roll-drawer-box-divider-boxes-consultant\/\">bo\u00eete<\/a> comprend un syst\u00e8me optionnel \u00e0 ressort pour un toucher l\u00e9ger, \u00e9liminant le risque que le flacon de parfum tremble sous l'effet d'une force excessive.<\/li>\n<\/ul>\n<p><img fetchpriority=\"high\" decoding=\"async\" class=\"alignnone wp-image-2252 size-full\" src=\"https:\/\/chinacustomboxes.com\/wp-content\/uploads\/2025\/08\/Luxury-Perfume-Drawer-Packaging-Gift-Boxes-Manufacturer-1.jpg\" alt=\"Emballage de tiroir \u00e0 parfum de luxe Bo\u00eetes \u00e0 cadeaux Fabricant\" width=\"1000\" height=\"1000\" title=\"\" srcset=\"https:\/\/chinacustomboxes.com\/wp-content\/uploads\/2025\/08\/Luxury-Perfume-Drawer-Packaging-Gift-Boxes-Manufacturer-1.jpg 1000w, https:\/\/chinacustomboxes.com\/wp-content\/uploads\/2025\/08\/Luxury-Perfume-Drawer-Packaging-Gift-Boxes-Manufacturer-1-300x300.jpg 300w, https:\/\/chinacustomboxes.com\/wp-content\/uploads\/2025\/08\/Luxury-Perfume-Drawer-Packaging-Gift-Boxes-Manufacturer-1-150x150.jpg 150w, https:\/\/chinacustomboxes.com\/wp-content\/uploads\/2025\/08\/Luxury-Perfume-Drawer-Packaging-Gift-Boxes-Manufacturer-1-768x768.jpg 768w, https:\/\/chinacustomboxes.com\/wp-content\/uploads\/2025\/08\/Luxury-Perfume-Drawer-Packaging-Gift-Boxes-Manufacturer-1-12x12.jpg 12w, https:\/\/chinacustomboxes.com\/wp-content\/uploads\/2025\/08\/Luxury-Perfume-Drawer-Packaging-Gift-Boxes-Manufacturer-1-600x600.jpg 600w, https:\/\/chinacustomboxes.com\/wp-content\/uploads\/2025\/08\/Luxury-Perfume-Drawer-Packaging-Gift-Boxes-Manufacturer-1-100x100.jpg 100w\" sizes=\"(max-width: 1000px) 100vw, 1000px\" \/><\/p>\n<h2 id=\"2-internal-protection-system-precision-cradle-defense\">2. Syst\u00e8me de protection interne - berceau de pr\u00e9cision et d\u00e9fense<\/h2>\n<ul>\n<li>Rainure personnalis\u00e9e : sur la base d'informations de mod\u00e9lisation 3D, une rainure sp\u00e9cifique est d\u00e9coup\u00e9e dans la bo\u00eete interne du tiroir, recouvrant fermement le contenant de parfum pour un ajustement s\u00fbr et \"flottant\". La rainure est doubl\u00e9e d'une mousse EVA \u00e9cologique de haute densit\u00e9 (densit\u00e9 r\u00e9glable) afin d'absorber correctement les vibrations dues au transport et d'\u00e9viter les rayures et les fuites.<\/li>\n<li>Conception \u00e0 double d\u00e9fense : Un cadre creux au fond de la rainure permet d'acc\u00e9der tr\u00e8s facilement d'une seule main au flacon de parfum. Une finition antistatique peut \u00e9galement \u00eatre incluse afin de pr\u00e9venir les \u00e9tincelles fixes d\u00e9clench\u00e9es par le frottement avec le contenant.<\/li>\n<\/ul>\n<p><img decoding=\"async\" class=\"alignnone wp-image-2253 size-full\" src=\"https:\/\/chinacustomboxes.com\/wp-content\/uploads\/2025\/08\/Luxury-Perfume-Drawer-Packaging-Gift-Boxes-Manufacturer-2.jpg\" alt=\"Emballage de tiroir \u00e0 parfum de luxe Bo\u00eetes \u00e0 cadeaux Fabricant\" width=\"1000\" height=\"1000\" title=\"\" srcset=\"https:\/\/chinacustomboxes.com\/wp-content\/uploads\/2025\/08\/Luxury-Perfume-Drawer-Packaging-Gift-Boxes-Manufacturer-2.jpg 1000w, https:\/\/chinacustomboxes.com\/wp-content\/uploads\/2025\/08\/Luxury-Perfume-Drawer-Packaging-Gift-Boxes-Manufacturer-2-300x300.jpg 300w, https:\/\/chinacustomboxes.com\/wp-content\/uploads\/2025\/08\/Luxury-Perfume-Drawer-Packaging-Gift-Boxes-Manufacturer-2-150x150.jpg 150w, https:\/\/chinacustomboxes.com\/wp-content\/uploads\/2025\/08\/Luxury-Perfume-Drawer-Packaging-Gift-Boxes-Manufacturer-2-768x768.jpg 768w, https:\/\/chinacustomboxes.com\/wp-content\/uploads\/2025\/08\/Luxury-Perfume-Drawer-Packaging-Gift-Boxes-Manufacturer-2-12x12.jpg 12w, https:\/\/chinacustomboxes.com\/wp-content\/uploads\/2025\/08\/Luxury-Perfume-Drawer-Packaging-Gift-Boxes-Manufacturer-2-600x600.jpg 600w, https:\/\/chinacustomboxes.com\/wp-content\/uploads\/2025\/08\/Luxury-Perfume-Drawer-Packaging-Gift-Boxes-Manufacturer-2-100x100.jpg 100w\" sizes=\"(max-width: 1000px) 100vw, 1000px\" \/><\/p>\n<h2 id=\"3-box-product-feeling-natural-appearance-tactile-luxury\">3. Produit et sensation de la bo\u00eete | Aspect naturel et luxe tactile<\/h2>\n<ul>\n<li>Surface d'aspect naturel : Fabriqu\u00e9 \u00e0 partir de papier parfum\u00e9 aux herbes import\u00e9 ou artistiquement gaufr\u00e9 <a href=\"https:\/\/chinacustomboxes.com\/fr\/exporter-unique-marble-paper-shopping-gift-bag-for-hair-wigs\/\">papier<\/a>L'aspect de la fibre naturelle est prot\u00e9g\u00e9, offrant \u00e0 l'ensemble une finition mate et un toucher chaleureux. La surface est trait\u00e9e avec une finition \u00e0 base d'eau pour r\u00e9sister \u00e0 l'humidit\u00e9 et aux empreintes digitales.<\/li>\n<li>Fabrication d\u00e9corative en 3D : Des textures jaunes et blanches irr\u00e9guli\u00e8res sont obtenues gr\u00e2ce \u00e0 un gaufrage imaginatif et \u00e0 une impression d'affichage, cr\u00e9ant une texture tridimensionnelle (profondeur concave et convexe de 0,3 \u00e0 0,5 mm) et offrant une r\u00e9sistance \u00e0 l'usure allant jusqu'\u00e0 10 000 cycles de frottement sans s'\u00e9cailler.<\/li>\n<\/ul>\n<p><img decoding=\"async\" class=\"alignnone wp-image-2254 size-full\" src=\"https:\/\/chinacustomboxes.com\/wp-content\/uploads\/2025\/08\/Luxury-Perfume-Drawer-Packaging-Gift-Boxes-Manufacturer-3.jpg\" alt=\"Emballage de tiroir \u00e0 parfum de luxe Bo\u00eetes \u00e0 cadeaux Fabricant\" width=\"1000\" height=\"1000\" title=\"\" srcset=\"https:\/\/chinacustomboxes.com\/wp-content\/uploads\/2025\/08\/Luxury-Perfume-Drawer-Packaging-Gift-Boxes-Manufacturer-3.jpg 1000w, https:\/\/chinacustomboxes.com\/wp-content\/uploads\/2025\/08\/Luxury-Perfume-Drawer-Packaging-Gift-Boxes-Manufacturer-3-300x300.jpg 300w, https:\/\/chinacustomboxes.com\/wp-content\/uploads\/2025\/08\/Luxury-Perfume-Drawer-Packaging-Gift-Boxes-Manufacturer-3-150x150.jpg 150w, https:\/\/chinacustomboxes.com\/wp-content\/uploads\/2025\/08\/Luxury-Perfume-Drawer-Packaging-Gift-Boxes-Manufacturer-3-768x768.jpg 768w, https:\/\/chinacustomboxes.com\/wp-content\/uploads\/2025\/08\/Luxury-Perfume-Drawer-Packaging-Gift-Boxes-Manufacturer-3-12x12.jpg 12w, https:\/\/chinacustomboxes.com\/wp-content\/uploads\/2025\/08\/Luxury-Perfume-Drawer-Packaging-Gift-Boxes-Manufacturer-3-600x600.jpg 600w, https:\/\/chinacustomboxes.com\/wp-content\/uploads\/2025\/08\/Luxury-Perfume-Drawer-Packaging-Gift-Boxes-Manufacturer-3-100x100.jpg 100w\" sizes=\"(max-width: 1000px) 100vw, 1000px\" \/><\/p>\n<h2 id=\"4-user-friendly-information-fine-tuned-useful-aspects\">4. Information conviviale - Aspects utiles affin\u00e9s<\/h2>\n<ul>\n<li>Support d'ouverture : Une poign\u00e9e en coton tiss\u00e9 noir (largeur \u2265 15 mm) am\u00e9liore la facilit\u00e9 d'ouverture de l'armoire ; la poign\u00e9e est prot\u00e9g\u00e9e par un rivet en acier \u00e0 l'extr\u00e9mit\u00e9 pour garantir une d\u00e9formation durable.<\/li>\n<li>Logo haut de gamme : Le badge en m\u00e9tal est galvanis\u00e9 avec un alliage de zinc, disponible en or, platine ou bronze. La technologie de microgravure permet d'obtenir une profondeur de dessin du logo de \u2264 0,1 mm.<\/li>\n<\/ul>\n<h2 id=\"5-shade-and-aesthetic-logic-iconic-shade-strategy\">5. Ombrage et logique esth\u00e9tique | Strat\u00e9gie d'ombrage iconique<\/h2>\n<ul>\n<li>Couleur de luxe standard : un vert fonc\u00e9 profond (Pantone 627C) est la couleur principale, habitant \u2265 85% de l'espace. <a href=\"https:\/\/chinacustomboxes.com\/fr\/customized-slider-child-resistant-box-rigid-boxes-wholesale\/\">la bo\u00eete<\/a> Les tiroirs sont en acier inoxydable, ce qui signifie la nature et l'\u00e9ternit\u00e9. Les plateaux de tiroirs et les \u00e9tiquettes en acier noir mat cr\u00e9ent un contraste entre la lumi\u00e8re et l'obscurit\u00e9, am\u00e9liorant ainsi la structure du pouvoir esth\u00e9tique.<\/li>\n<li>Manipulation durable des teintes : Imprim\u00e9 \u00e0 l'aide d'une encre v\u00e9g\u00e9tale \u00e0 base d'eau, l'\u00e9cart de teinte est \u2264 0,5 \u0394E (exigence mondiale), et il est conforme \u00e0 la certification environnementale FSC.<\/li>\n<\/ul>\n<p><img loading=\"lazy\" decoding=\"async\" class=\"alignnone wp-image-2255 size-full\" src=\"https:\/\/chinacustomboxes.com\/wp-content\/uploads\/2025\/08\/Luxury-Perfume-Drawer-Packaging-Gift-Boxes-Manufacturer-4.jpg\" alt=\"Emballage de tiroir \u00e0 parfum de luxe Bo\u00eetes \u00e0 cadeaux Fabricant\" width=\"1000\" height=\"1000\" title=\"\" srcset=\"https:\/\/chinacustomboxes.com\/wp-content\/uploads\/2025\/08\/Luxury-Perfume-Drawer-Packaging-Gift-Boxes-Manufacturer-4.jpg 1000w, https:\/\/chinacustomboxes.com\/wp-content\/uploads\/2025\/08\/Luxury-Perfume-Drawer-Packaging-Gift-Boxes-Manufacturer-4-300x300.jpg 300w, https:\/\/chinacustomboxes.com\/wp-content\/uploads\/2025\/08\/Luxury-Perfume-Drawer-Packaging-Gift-Boxes-Manufacturer-4-150x150.jpg 150w, https:\/\/chinacustomboxes.com\/wp-content\/uploads\/2025\/08\/Luxury-Perfume-Drawer-Packaging-Gift-Boxes-Manufacturer-4-768x768.jpg 768w, https:\/\/chinacustomboxes.com\/wp-content\/uploads\/2025\/08\/Luxury-Perfume-Drawer-Packaging-Gift-Boxes-Manufacturer-4-12x12.jpg 12w, https:\/\/chinacustomboxes.com\/wp-content\/uploads\/2025\/08\/Luxury-Perfume-Drawer-Packaging-Gift-Boxes-Manufacturer-4-600x600.jpg 600w, https:\/\/chinacustomboxes.com\/wp-content\/uploads\/2025\/08\/Luxury-Perfume-Drawer-Packaging-Gift-Boxes-Manufacturer-4-100x100.jpg 100w\" sizes=\"(max-width: 1000px) 100vw, 1000px\" \/><\/p>\n<h2 id=\"6-precision-production-criteria-millimeter-perfect-design\">6. Crit\u00e8res de production de pr\u00e9cision - Conception au millim\u00e8tre pr\u00e8s<\/h2>\n<ul>\n<li>Contr\u00f4le de la pr\u00e9cision du moule : Le corps de l'emballage utilise un moule CNC sculpt\u00e9 avec pr\u00e9cision et de la moisissure (r\u00e9sistance \u00b1 0,05 mm), ce qui permet d'obtenir des angles vifs et d'\u00e9viter l'\u00e9caillage. Le jeu du rail de l'armoire est \u2264 0,2 mm, ce qui garantit un d\u00e9placement et un dessin en douceur.<\/li>\n<li>Environnement de fabrication sans poussi\u00e8re : L'ensemble de la proc\u00e9dure est r\u00e9alis\u00e9 dans une salle blanche Course 10 000, ce qui permet d'\u00e9liminer la contamination par la poussi\u00e8re et de garantir une belle texture de la surface.<\/li>\n<\/ul>\n<p><img loading=\"lazy\" decoding=\"async\" class=\"alignnone wp-image-2256 size-full\" src=\"https:\/\/chinacustomboxes.com\/wp-content\/uploads\/2025\/08\/Luxury-Perfume-Drawer-Packaging-Gift-Boxes-Manufacturer-5.jpg\" alt=\"Emballage de tiroir \u00e0 parfum de luxe Bo\u00eetes \u00e0 cadeaux Fabricant\" width=\"1000\" height=\"1000\" title=\"\" srcset=\"https:\/\/chinacustomboxes.com\/wp-content\/uploads\/2025\/08\/Luxury-Perfume-Drawer-Packaging-Gift-Boxes-Manufacturer-5.jpg 1000w, https:\/\/chinacustomboxes.com\/wp-content\/uploads\/2025\/08\/Luxury-Perfume-Drawer-Packaging-Gift-Boxes-Manufacturer-5-300x300.jpg 300w, https:\/\/chinacustomboxes.com\/wp-content\/uploads\/2025\/08\/Luxury-Perfume-Drawer-Packaging-Gift-Boxes-Manufacturer-5-150x150.jpg 150w, https:\/\/chinacustomboxes.com\/wp-content\/uploads\/2025\/08\/Luxury-Perfume-Drawer-Packaging-Gift-Boxes-Manufacturer-5-768x768.jpg 768w, https:\/\/chinacustomboxes.com\/wp-content\/uploads\/2025\/08\/Luxury-Perfume-Drawer-Packaging-Gift-Boxes-Manufacturer-5-12x12.jpg 12w, https:\/\/chinacustomboxes.com\/wp-content\/uploads\/2025\/08\/Luxury-Perfume-Drawer-Packaging-Gift-Boxes-Manufacturer-5-600x600.jpg 600w, https:\/\/chinacustomboxes.com\/wp-content\/uploads\/2025\/08\/Luxury-Perfume-Drawer-Packaging-Gift-Boxes-Manufacturer-5-100x100.jpg 100w\" sizes=\"(max-width: 1000px) 100vw, 1000px\" \/><\/p>\n<h2 id=\"7-rapid-development-capabilities-agile-prototyping-manufacturing\">7. Capacit\u00e9s de d\u00e9veloppement rapide - Prototypage et fabrication agiles<\/h2>\n<ul>\n<li>Processus de d\u00e9veloppement num\u00e9rique : Prise en charge de la mod\u00e9lisation 3D (Rhino\/SolidWorks) pour une simulation en temps r\u00e9el du cadre de la bo\u00eete. Les exemples d\u00e9coup\u00e9s au laser peuvent \u00eatre v\u00e9rifi\u00e9s en 8 heures, ce qui permet d'acc\u00e9l\u00e9rer les versions de style.<\/li>\n<li>Retour d'information polyvalent sur la production : Le cycle d'automatisation est de 15 \u00e0 20 jours (il consiste en des processus personnalis\u00e9s), le MOQ est de 500 pi\u00e8ces et les demandes OEM\/ODM sont prises en compte.<\/li>\n<\/ul>","protected":false},"excerpt":{"rendered":"<p>Le coffret \u00e0 tiroirs pour parfums est dot\u00e9 d'un rail coulissant qui cr\u00e9e un sentiment de rituel lorsqu'on l'ouvre. Des rainures en EVA de haute pr\u00e9cision sont int\u00e9gr\u00e9es pour permettre au flacon de parfum d'\u00eatre \"suspendu\" et fix\u00e9. La texture naturelle du papier parfum\u00e9 aux herbes et l'\u00e9tiquette m\u00e9tallique d\u00e9taill\u00e9e cr\u00e9ent une exp\u00e9rience paisible et luxueuse. La bo\u00eete est d\u00e9coup\u00e9e \u00e0 l'emporte-pi\u00e8ce au millim\u00e8tre pr\u00e8s, ce qui permet d'obtenir des bords et des angles nets. Sa couleur primaire vert fonc\u00e9 est compl\u00e9t\u00e9e par une s\u00e9rigraphie artistique en relief, cr\u00e9ant ainsi un classique visuel durable. La mod\u00e9lisation 3D est prise en charge pour un \u00e9preuvage rapide, avec une livraison mondiale sous 15 jours.<\/p>","protected":false},"featured_media":2252,"template":"","meta":{"_kad_post_transparent":"default","_kad_post_title":"","_kad_post_layout":"default","_kad_post_sidebar_id":"","_kad_post_content_style":"default","_kad_post_vertical_padding":"default","_kad_post_feature":"","_kad_post_feature_position":"","_kad_post_header":false,"_kad_post_footer":false,"_kad_post_classname":""},"product_brand":[],"product_cat":[15,17,20,34],"product_tag":[551,549,550],"class_list":{"0":"post-2251","1":"product","2":"type-product","3":"status-publish","4":"has-post-thumbnail","6":"product_cat-boxes-by-shapes","7":"product_cat-boxes-by-industries","8":"product_cat-drawer-style-boxes","9":"product_cat-perfume-packaging-boxes","10":"product_tag-gift-boxes-manufacturer","11":"product_tag-luxury-perfume-packaging","12":"product_tag-perfume-drawer-boxes","14":"first","15":"instock","16":"shipping-taxable","17":"product-type-simple","18":"entry","19":"content-bg","20":"loop-entry"},"_links":{"self":[{"href":"https:\/\/chinacustomboxes.com\/fr\/wp-json\/wp\/v2\/product\/2251","targetHints":{"allow":["GET"]}}],"collection":[{"href":"https:\/\/chinacustomboxes.com\/fr\/wp-json\/wp\/v2\/product"}],"about":[{"href":"https:\/\/chinacustomboxes.com\/fr\/wp-json\/wp\/v2\/types\/product"}],"wp:featuredmedia":[{"embeddable":true,"href":"https:\/\/chinacustomboxes.com\/fr\/wp-json\/wp\/v2\/media\/2252"}],"wp:attachment":[{"href":"https:\/\/chinacustomboxes.com\/fr\/wp-json\/wp\/v2\/media?parent=2251"}],"wp:term":[{"taxonomy":"product_brand","embeddable":true,"href":"https:\/\/chinacustomboxes.com\/fr\/wp-json\/wp\/v2\/product_brand?post=2251"},{"taxonomy":"product_cat","embeddable":true,"href":"https:\/\/chinacustomboxes.com\/fr\/wp-json\/wp\/v2\/product_cat?post=2251"},{"taxonomy":"product_tag","embeddable":true,"href":"https:\/\/chinacustomboxes.com\/fr\/wp-json\/wp\/v2\/product_tag?post=2251"}],"curies":[{"name":"wp","href":"https:\/\/api.w.org\/{rel}","templated":true}]}}