{"id":2259,"date":"2025-08-19T02:29:33","date_gmt":"2025-08-19T02:29:33","guid":{"rendered":"https:\/\/chinacustomboxes.com\/?post_type=product&#038;p=2259"},"modified":"2025-08-19T03:48:14","modified_gmt":"2025-08-19T03:48:14","slug":"body-lotion-essential-oil-perfume-paper-drawer-boxes-dealer","status":"publish","type":"product","link":"https:\/\/chinacustomboxes.com\/fr\/body-lotion-essential-oil-perfume-paper-drawer-boxes-dealer\/","title":{"rendered":"Bo\u00eetes \u00e0 tiroirs en papier pour lotions corporelles huiles essentielles parfums Distributeur"},"content":{"rendered":"<h2 id=\"1-the-costs-paper-drawer-boxes-for-cosmetics-oils-and-perfumes-\">1.\u00a0<strong>Les co\u00fbts des bo\u00eetes \u00e0 tiroirs en papier pour les cosm\u00e9tiques, les huiles essentielles, les lotions corporelles et les parfums<\/strong><\/h2>\n<p>Pour les marques exigeantes des secteurs des lotions corporelles, des huiles essentielles et des parfums, l'emballage du produit n'est pas un simple contenant ; c'est un \u00e9l\u00e9ment essentiel de l'histoire de la marque et de l'exp\u00e9rience du consommateur. Nous fournissons le service supr\u00eame pour rehausser cette histoire : la bo\u00eete en papier personnalis\u00e9e, incarnation de la classe, de la s\u00e9curit\u00e9 et de la joie sensorielle.<\/p>\n<p>En tant que premier distributeur et partenaire en mati\u00e8re d'emballage de produits haut de gamme, nous reconnaissons que votre produit m\u00e9rite une pr\u00e9sentation aussi soign\u00e9e que son contenu. Les <a href=\"https:\/\/chinacustomboxes.com\/fr\/drawer-style-boxes\/\">bo\u00eetes \u00e0 tiroirs<\/a>La bo\u00eete \u00e0 glissi\u00e8re, \u00e9galement appel\u00e9e bo\u00eete \u00e0 glissi\u00e8re ou bo\u00eete \u00e0 glissi\u00e8re et plateau, offre une exp\u00e9rience d'ouverture interactive et remarquable qui \u00e9tablit un ton de co\u00fbts d\u00e8s le d\u00e9but. Le l\u00e9ger glissement de l'armoire, la r\u00e9v\u00e9lation progressive du produit bien prot\u00e9g\u00e9 \u00e0 l'int\u00e9rieur - c'est plus qu'une simple ouverture de bo\u00eete ; c'est un moment d'exploration et d'anticipation qui augmente consid\u00e9rablement la valeur per\u00e7ue de votre marque.<\/p>\n<p><img fetchpriority=\"high\" decoding=\"async\" class=\"alignnone wp-image-2261 size-full\" src=\"https:\/\/chinacustomboxes.com\/wp-content\/uploads\/2025\/08\/Body-Lotion-Essential-Oil-Perfume-Paper-Drawer-Boxes-Dealer-2.jpg\" alt=\"Bo\u00eetes \u00e0 tiroirs en papier pour lotions corporelles huiles essentielles parfums Distributeur\" width=\"1000\" height=\"1000\" title=\"\" srcset=\"https:\/\/chinacustomboxes.com\/wp-content\/uploads\/2025\/08\/Body-Lotion-Essential-Oil-Perfume-Paper-Drawer-Boxes-Dealer-2.jpg 1000w, https:\/\/chinacustomboxes.com\/wp-content\/uploads\/2025\/08\/Body-Lotion-Essential-Oil-Perfume-Paper-Drawer-Boxes-Dealer-2-300x300.jpg 300w, https:\/\/chinacustomboxes.com\/wp-content\/uploads\/2025\/08\/Body-Lotion-Essential-Oil-Perfume-Paper-Drawer-Boxes-Dealer-2-150x150.jpg 150w, https:\/\/chinacustomboxes.com\/wp-content\/uploads\/2025\/08\/Body-Lotion-Essential-Oil-Perfume-Paper-Drawer-Boxes-Dealer-2-768x768.jpg 768w, https:\/\/chinacustomboxes.com\/wp-content\/uploads\/2025\/08\/Body-Lotion-Essential-Oil-Perfume-Paper-Drawer-Boxes-Dealer-2-12x12.jpg 12w, https:\/\/chinacustomboxes.com\/wp-content\/uploads\/2025\/08\/Body-Lotion-Essential-Oil-Perfume-Paper-Drawer-Boxes-Dealer-2-600x600.jpg 600w, https:\/\/chinacustomboxes.com\/wp-content\/uploads\/2025\/08\/Body-Lotion-Essential-Oil-Perfume-Paper-Drawer-Boxes-Dealer-2-100x100.jpg 100w\" sizes=\"(max-width: 1000px) 100vw, 1000px\" \/><\/p>\n<h2 id=\"2-the-art-of-presentation-why-a-paper-drawer-boxes-is-the-superior-selection-\">2.\u00a0<strong>L'art de la pr\u00e9sentation : Pourquoi les bo\u00eetes \u00e0 tiroirs en papier sont-elles le meilleur choix ?\u00a0<\/strong>.<\/h2>\n<ul>\n<li><strong>Un voyage inoubliable de mise en bo\u00eete :\u00a0<\/strong>Le principal avantage de la bo\u00eete \u00e0 tiroirs est le d\u00e9ballage avanc\u00e9 qu'elle permet. L'activit\u00e9 douce et contr\u00f4l\u00e9e qui consiste \u00e0 faire glisser le plateau interne hors de sa pochette produit une exp\u00e9rience tactile \u00e0 la fois satisfaisante et \u00e9l\u00e9gante.<\/li>\n<li><strong>Cultiver une image de marque co\u00fbteuse :\u00a0<\/strong>La robustesse et la rigidit\u00e9 des bo\u00eetes \u00e0 tiroirs indiquent rapidement qu'elles sont de grande qualit\u00e9. Ce design est synonyme de produits haut de gamme, qu'il s'agisse de produits \u00e9lectroniques ou de bijoux de mode. En adoptant ce type d'emballage pour vos lotions, huiles ou parfums, vous associez le nom de votre marque \u00e0 ce sentiment de qualit\u00e9 et d'int\u00e9r\u00eat m\u00e9ticuleux pour l'information.<\/li>\n<li><strong>La fonctionnalit\u00e9 rencontre la long\u00e9vit\u00e9 :\u00a0<\/strong>Les bo\u00eetes \u00e0 tiroirs sont intrins\u00e8quement utiles et durables. De nombreux clients r\u00e9utilisent ces attrayantes bo\u00eetes \u00e0 tiroirs. <a href=\"https:\/\/chinacustomboxes.com\/fr\/luxury-quality-double-door-box-for-arab-perfume-skincare\/\">bo\u00eetes<\/a> pour conserver des bijoux, des souvenirs ou des articles de papeterie, transformant ainsi votre emballage en un objet de valeur durable. Cette r\u00e9utilisation n'est pas seulement un avantage \u00e9cologique, c'est aussi un moyen de publicit\u00e9 subtil et efficace, qui permet \u00e0 votre marque de rester visible longtemps apr\u00e8s que l'article a \u00e9t\u00e9 utilis\u00e9.<\/li>\n<li><strong>Une d\u00e9fense inflexible pour des produits d\u00e9licats :\u00a0<\/strong>Les parfums, les huiles vitales et les cr\u00e8mes sont souvent conserv\u00e9s dans des flacons en verre fragiles ou des conteneurs d\u00e9licats. La structure robuste d'une bo\u00eete d'armoire inflexible, int\u00e9gr\u00e9e \u00e0 des installations int\u00e9rieures con\u00e7ues avec pr\u00e9cision, offre une s\u00e9curit\u00e9 in\u00e9gal\u00e9e contre les chocs, les vibrations et les d\u00e9placements pendant le transport. Cela garantit que votre article arrivera dans l'\u00e9tat impeccable attendu par vos clients, assurant ainsi la cr\u00e9dibilit\u00e9 de l'article et de votre marque.<\/li>\n<\/ul>\n<p><img decoding=\"async\" class=\"alignnone wp-image-2260 size-full\" src=\"https:\/\/chinacustomboxes.com\/wp-content\/uploads\/2025\/08\/Body-Lotion-Essential-Oil-Perfume-Paper-Drawer-Boxes-Dealer-1.jpg\" alt=\"Bo\u00eetes \u00e0 tiroirs en papier pour lotions corporelles huiles essentielles parfums Distributeur\" width=\"1000\" height=\"1000\" title=\"\" srcset=\"https:\/\/chinacustomboxes.com\/wp-content\/uploads\/2025\/08\/Body-Lotion-Essential-Oil-Perfume-Paper-Drawer-Boxes-Dealer-1.jpg 1000w, https:\/\/chinacustomboxes.com\/wp-content\/uploads\/2025\/08\/Body-Lotion-Essential-Oil-Perfume-Paper-Drawer-Boxes-Dealer-1-300x300.jpg 300w, https:\/\/chinacustomboxes.com\/wp-content\/uploads\/2025\/08\/Body-Lotion-Essential-Oil-Perfume-Paper-Drawer-Boxes-Dealer-1-150x150.jpg 150w, https:\/\/chinacustomboxes.com\/wp-content\/uploads\/2025\/08\/Body-Lotion-Essential-Oil-Perfume-Paper-Drawer-Boxes-Dealer-1-768x768.jpg 768w, https:\/\/chinacustomboxes.com\/wp-content\/uploads\/2025\/08\/Body-Lotion-Essential-Oil-Perfume-Paper-Drawer-Boxes-Dealer-1-12x12.jpg 12w, https:\/\/chinacustomboxes.com\/wp-content\/uploads\/2025\/08\/Body-Lotion-Essential-Oil-Perfume-Paper-Drawer-Boxes-Dealer-1-600x600.jpg 600w, https:\/\/chinacustomboxes.com\/wp-content\/uploads\/2025\/08\/Body-Lotion-Essential-Oil-Perfume-Paper-Drawer-Boxes-Dealer-1-100x100.jpg 100w\" sizes=\"(max-width: 1000px) 100vw, 1000px\" \/><\/p>\n<h2 id=\"3-uncompromising-quality-a-deep-dive-into-our-materials-\">3.\u00a0<strong>Une qualit\u00e9 sans compromis : Une plong\u00e9e en profondeur dans nos mat\u00e9riaux\u00a0<\/strong>.<\/h2>\n<p>L'\u00e9l\u00e9gance de nos bo\u00eetes \u00e0 tiroirs commence par la s\u00e9lection de mati\u00e8res premi\u00e8res de qualit\u00e9 sup\u00e9rieure. Nous construisons chaque bo\u00eete de l'int\u00e9rieur vers l'ext\u00e9rieur, en veillant \u00e0 ce que chaque couche contribue \u00e0 un produit final \u00e0 la fois solide sur le plan structurel et spectaculaire sur le plan esth\u00e9tique.<\/p>\n<p><strong>Le cadre de r\u00e9f\u00e9rence : La force int\u00e9rieure\u00a0<\/strong>. La base de nos bo\u00eetes \u00e0 tiroirs est un carton rigide de haute densit\u00e9, g\u00e9n\u00e9ralement appel\u00e9 carton gris ou agglom\u00e9r\u00e9. Ce produit, fabriqu\u00e9 \u00e0 partir de papier recycl\u00e9, offre une robustesse ph\u00e9nom\u00e9nale et une r\u00e9sistance \u00e0 la flexion et \u00e0 la rupture. Nous proposons une gamme de densit\u00e9s, g\u00e9n\u00e9ralement de 1,5 mm \u00e0 3 mm (environ 800 g\/m\u00b2 \u00e0 2000 g\/m\u00b2), ce qui vous permet de choisir l'excellent niveau de rigidit\u00e9 et de solidit\u00e9 pour votre article. Ce noyau solide est le h\u00e9ros cach\u00e9 qui conf\u00e8re \u00e0 la bo\u00eete sa qualit\u00e9 durable.<\/p>\n<p><strong>La couverture ext\u00e9rieure : Une toile pour votre nom de marque\u00a0<\/strong>. Le noyau inflexible est ensuite enti\u00e8rement recouvert d'un papier de votre choix, qui devient l'expression visuelle et tactile de l'identification de votre marque. Notre vaste choix comprend :.<\/p>\n<ul>\n<li><strong>Papiers sp\u00e9cialis\u00e9s et textur\u00e9s :\u00a0<\/strong>Le papier d'emballage textur\u00e9 est une surface intemporelle, sophistiqu\u00e9e et agr\u00e9able au toucher, qui donne une impression de luxe. Nous proposons une large gamme d'apparences, allant du linge de lit subtil au similicuir robuste.<\/li>\n<li><strong>Papier d'art :\u00a0<\/strong>Un choix lisse et flexible avec une finition haut de gamme, adapt\u00e9 \u00e0 l'impression de teintes haute fid\u00e9lit\u00e9 et aux graphiques dynamiques.<\/li>\n<li><strong>Papier kraft :\u00a0<\/strong>Pour les marques qui mettent en avant des produits naturels, biologiques ou respectueux de l'environnement, le papier Kraft offre une esth\u00e9tique rustique et naturelle. Il est \u00e0 la fois recyclable et naturellement d\u00e9gradable.<\/li>\n<li><strong>Noir mat Papier :\u00a0<\/strong>L'incarnation de l'\u00e9l\u00e9gance moderne et du minimalisme. La finition noire mate, profonde et non r\u00e9fl\u00e9chissante, produit une d\u00e9claration puissante de haut de gamme et constitue un choix populaire pour les lignes de cosm\u00e9tiques et de parfums haut de gamme.<\/li>\n<\/ul>\n<p><strong>L'int\u00e9rieur : Prot\u00e9ger votre produit en toute s\u00e9curit\u00e9 et avec style\u00a0<\/strong>. Ce qui se trouve \u00e0 l'int\u00e9rieur de l'emballage est tout aussi important que l'ext\u00e9rieur. Des inserts sur mesure sont n\u00e9cessaires pour s\u00e9curiser et fournir vos produits \u00e0 la perfection. Nos options comprennent :.<\/p>\n<ul>\n<li><strong>Mousse EVA (\u00e9thyl\u00e8ne-ac\u00e9tate de vinyle) :\u00a0<\/strong>Commun\u00e9ment consid\u00e9r\u00e9e comme l'\u00e9talon-or de la s\u00e9curit\u00e9, la mousse EVA est une mousse \u00e9paisse et lisse qui offre un excellent support contre les chocs et les effets. Elle peut \u00eatre d\u00e9coup\u00e9e avec pr\u00e9cision pour s'adapter aux contours sp\u00e9cifiques de n'importe quel type de bouteille ou de conteneur et le maintenir fermement en place. Disponible en diff\u00e9rentes couleurs, comme le noir ou le blanc, elle offre un arri\u00e8re-plan propre et professionnel qui met en valeur votre article.<\/li>\n<li><strong>Velours et textile Doublures :\u00a0<\/strong>Pour une touche de luxe suppl\u00e9mentaire, les inserts en mousse peuvent \u00eatre recouverts de velours doux ou d'autres mat\u00e9riaux, am\u00e9liorant ainsi l'exp\u00e9rience sensorielle du d\u00e9ballage.<\/li>\n<li><strong>P\u00e2te \u00e0 papier moul\u00e9e :\u00a0<\/strong>Option durable et \u00e9cologique, les encarts en p\u00e2te \u00e0 papier sont fabriqu\u00e9s \u00e0 partir de papier recycl\u00e9 et peuvent \u00eatre fa\u00e7onn\u00e9s dans n'importe quelle forme, en utilisant une grande d\u00e9fense avec un toucher naturel.<\/li>\n<li><strong>Carton d\u00e9coup\u00e9 :\u00a0<\/strong>Option rentable et recyclable, les encarts en carton peuvent \u00eatre superpos\u00e9s et d\u00e9coup\u00e9s pour obtenir une protection adapt\u00e9e \u00e0 vos produits.<\/li>\n<\/ul>\n<p><img decoding=\"async\" class=\"alignnone wp-image-2262 size-full\" src=\"https:\/\/chinacustomboxes.com\/wp-content\/uploads\/2025\/08\/Body-Lotion-Essential-Oil-Perfume-Paper-Drawer-Boxes-Dealer-3.jpg\" alt=\"Bo\u00eetes \u00e0 tiroirs en papier pour lotions corporelles huiles essentielles parfums Distributeur\" width=\"1000\" height=\"1000\" title=\"\" srcset=\"https:\/\/chinacustomboxes.com\/wp-content\/uploads\/2025\/08\/Body-Lotion-Essential-Oil-Perfume-Paper-Drawer-Boxes-Dealer-3.jpg 1000w, https:\/\/chinacustomboxes.com\/wp-content\/uploads\/2025\/08\/Body-Lotion-Essential-Oil-Perfume-Paper-Drawer-Boxes-Dealer-3-300x300.jpg 300w, https:\/\/chinacustomboxes.com\/wp-content\/uploads\/2025\/08\/Body-Lotion-Essential-Oil-Perfume-Paper-Drawer-Boxes-Dealer-3-150x150.jpg 150w, https:\/\/chinacustomboxes.com\/wp-content\/uploads\/2025\/08\/Body-Lotion-Essential-Oil-Perfume-Paper-Drawer-Boxes-Dealer-3-768x768.jpg 768w, https:\/\/chinacustomboxes.com\/wp-content\/uploads\/2025\/08\/Body-Lotion-Essential-Oil-Perfume-Paper-Drawer-Boxes-Dealer-3-12x12.jpg 12w, https:\/\/chinacustomboxes.com\/wp-content\/uploads\/2025\/08\/Body-Lotion-Essential-Oil-Perfume-Paper-Drawer-Boxes-Dealer-3-600x600.jpg 600w, https:\/\/chinacustomboxes.com\/wp-content\/uploads\/2025\/08\/Body-Lotion-Essential-Oil-Perfume-Paper-Drawer-Boxes-Dealer-3-100x100.jpg 100w\" sizes=\"(max-width: 1000px) 100vw, 1000px\" \/><\/p>\n<h2 id=\"4-infinite-opportunities-customization-that-tells-your-tale-\">4.\u00a0<strong>Des possibilit\u00e9s infinies : Une personnalisation qui raconte votre histoire\u00a0<\/strong>.<\/h2>\n<p>Votre nom de marque est unique et votre produit <a href=\"https:\/\/chinacustomboxes.com\/fr\/holographic-laser-paper-rainbow-a5-deep-gift-box-with-ribbon\/\">l'emballage<\/a> doit l'\u00eatre \u00e9galement. Nous proposons un ensemble d\u00e9taill\u00e9 d'options de personnalisation afin de garantir que votre vision se concr\u00e9tise parfaitement. Chaque \u00e9l\u00e9ment du coffret peut \u00eatre personnalis\u00e9 pour refl\u00e9ter l'essence de votre marque.<\/p>\n<p><strong>Techniques d'impression et de finition pour un impact visuel :\u00a0<\/strong>.<\/p>\n<ul>\n<li><strong>Feuille d'aluminium Estampage :\u00a0<\/strong>Ajoutez une touche de brillance m\u00e9tallique gr\u00e2ce \u00e0 la dorure \u00e0 chaud sur feuille d'aluminium. Les feuilles d'aluminium or et argent intemporelles sont d'un luxe ind\u00e9modable, tandis que les feuilles d'aluminium or rose, cuivre et holographique offrent une allure moderne et \u00e0 la mode. Cette technique est excellente pour les logos et les \u00e9l\u00e9ments cl\u00e9s de la mise en page.<\/li>\n<li><strong>Gaufrage et d\u00e9bossage :\u00a0<\/strong>Cr\u00e9ez un effet subtil et tridimensionnel en sur\u00e9levant (gaufrage) ou en d\u00e9cevant (d\u00e9bossage) votre logo ou votre motif dans le papier. Cela donne un aspect sophistiqu\u00e9 qui invite au toucher.<\/li>\n<li><strong>Zone Vernis UV :\u00a0<\/strong>Utilisez un vernis tr\u00e8s brillant pour d\u00e9tailler les zones d'une bo\u00eete \u00e0 la finition mate afin de cr\u00e9er un contraste saisissant entre les structures. Cette m\u00e9thode permet de mettre en valeur un logo, un motif ou une marque et de les faire ressortir visuellement.<\/li>\n<li><strong>Coh\u00e9rence de la couleur et de la marque :\u00a0<\/strong>Nous utilisons des syst\u00e8mes innovants de correspondance des teintes CMYK et Pantone (PMS) pour nous assurer que les couleurs de votre marque sont recr\u00e9\u00e9es avec une excellente pr\u00e9cision, pr\u00e9servant ainsi l'int\u00e9grit\u00e9 de votre marque sur l'ensemble de vos emballages.<\/li>\n<\/ul>\n<p><strong>Des embellissements pratiques pour une touche d'\u00e9l\u00e9gance :\u00a0<\/strong>.<\/p>\n<ul>\n<li><strong>Tirette d'arc :\u00a0<\/strong>La tirette \u00e0 la fois \u00e9l\u00e9gante et pratique, pr\u00e9sent\u00e9e dans les images, est une marque de fabrique des bo\u00eetes \u00e0 tiroirs haut de gamme. Elle permet d'ouvrir le tiroir de mani\u00e8re transparente tout en apportant une touche d'ombre et un \u00e9l\u00e9ment doux et sensible. Les rubans peuvent \u00eatre personnalis\u00e9s dans une large gamme de couleurs et peuvent m\u00eame \u00eatre imprim\u00e9s avec le nom de votre marque.<\/li>\n<li><strong>Fermetures magn\u00e9tiques :\u00a0<\/strong>Pour une exp\u00e9rience de luxe diff\u00e9rente, des fermetures magn\u00e9tiques peuvent \u00eatre install\u00e9es \u00e0 l'int\u00e9rieur du manchon et du plateau, offrant une sensation agr\u00e9able et s\u00fbre de fermeture instantan\u00e9e qui renforce la qualit\u00e9 sup\u00e9rieure de l'emballage du produit.<\/li>\n<\/ul>\n<p><img loading=\"lazy\" decoding=\"async\" class=\"alignnone wp-image-2263 size-full\" src=\"https:\/\/chinacustomboxes.com\/wp-content\/uploads\/2025\/08\/Body-Lotion-Essential-Oil-Perfume-Paper-Drawer-Boxes-Dealer-4.jpg\" alt=\"Bo\u00eetes \u00e0 tiroirs en papier pour lotions corporelles huiles essentielles parfums Distributeur\" width=\"1000\" height=\"1000\" title=\"\" srcset=\"https:\/\/chinacustomboxes.com\/wp-content\/uploads\/2025\/08\/Body-Lotion-Essential-Oil-Perfume-Paper-Drawer-Boxes-Dealer-4.jpg 1000w, https:\/\/chinacustomboxes.com\/wp-content\/uploads\/2025\/08\/Body-Lotion-Essential-Oil-Perfume-Paper-Drawer-Boxes-Dealer-4-300x300.jpg 300w, https:\/\/chinacustomboxes.com\/wp-content\/uploads\/2025\/08\/Body-Lotion-Essential-Oil-Perfume-Paper-Drawer-Boxes-Dealer-4-150x150.jpg 150w, https:\/\/chinacustomboxes.com\/wp-content\/uploads\/2025\/08\/Body-Lotion-Essential-Oil-Perfume-Paper-Drawer-Boxes-Dealer-4-768x768.jpg 768w, https:\/\/chinacustomboxes.com\/wp-content\/uploads\/2025\/08\/Body-Lotion-Essential-Oil-Perfume-Paper-Drawer-Boxes-Dealer-4-12x12.jpg 12w, https:\/\/chinacustomboxes.com\/wp-content\/uploads\/2025\/08\/Body-Lotion-Essential-Oil-Perfume-Paper-Drawer-Boxes-Dealer-4-600x600.jpg 600w, https:\/\/chinacustomboxes.com\/wp-content\/uploads\/2025\/08\/Body-Lotion-Essential-Oil-Perfume-Paper-Drawer-Boxes-Dealer-4-100x100.jpg 100w\" sizes=\"(max-width: 1000px) 100vw, 1000px\" \/><\/p>\n<h2 id=\"5-your-partner-in-product-packaging-quality-the-dealer-advantage-\">5.\u00a0<strong>Votre partenaire pour la qualit\u00e9 de l'emballage des produits : L'avantage du distributeur\u00a0<\/strong>.<\/h2>\n<p>Naviguer dans le monde des <a href=\"https:\/\/chinacustomboxes.com\/fr\/silver-hologram-paper-folding-gift-sephora-packaging-boxes\/\">emballage sur mesure<\/a> peut \u00eatre compliqu\u00e9. En tant que fournisseur sp\u00e9cialis\u00e9 dans l'emballage de produits, notre fonction va bien au-del\u00e0 de la simple fourniture de bo\u00eetes. Nous jouons le r\u00f4le de consultant, de gestionnaire de projet et d'expert en assurance qualit\u00e9, en simplifiant l'ensemble du processus, de l'id\u00e9e \u00e0 la distribution.<\/p>\n<ul>\n<li><strong>Orientation professionnelle :\u00a0<\/strong>Notre \u00e9quipe de professionnels offre des conseils tr\u00e8s utiles sur l'option produit, la conception architecturale et les choix de finition pour vous aider \u00e0 d\u00e9velopper l'un des emballages de produits les plus efficaces et les moins chers pour vos besoins d\u00e9taill\u00e9s.<\/li>\n<li><strong>Suivi sans faille de la cha\u00eene d'approvisionnement :\u00a0<\/strong>Nous utilisons notre important r\u00e9seau de partenaires de fabrication de premier plan pour garantir une fabrication de qualit\u00e9. Nous nous occupons de toute la logistique, du prototypage et de l'organisation de la production \u00e0 l'exp\u00e9dition finale, ce qui garantit une distribution rapide et vous permet de vous concentrer sur votre activit\u00e9 principale.<\/li>\n<li><strong>Une qualit\u00e9 sup\u00e9rieure sur laquelle vous pouvez compter :\u00a0<\/strong>Nous appliquons des crit\u00e8res rigoureux d'assurance qualit\u00e9 \u00e0 chaque \u00e9tape de la fabrication. De la pr\u00e9cision des d\u00e9coupes \u00e0 la constance des couleurs, nous nous assurons que chaque bo\u00eete que vous obtenez est parfaite.<\/li>\n<li><strong>Solutions pour chaque gamme :\u00a0<\/strong>Que vous soyez une marque de magasin lan\u00e7ant un tout nouveau produit ou une entreprise reconnue planifiant un tirage \u00e0 grande \u00e9chelle, nous avons la capacit\u00e9 d'adaptation et les ressources n\u00e9cessaires pour traiter des commandes de toutes tailles, en vous garantissant des prix abordables et une solution d\u00e9di\u00e9e.<\/li>\n<\/ul>","protected":false},"excerpt":{"rendered":"<p>Les distributeurs de bo\u00eetes \u00e0 tiroirs en papier pour lotions corporelles et huiles essentielles d\u00e9crivent des solutions d'emballage de produits qui int\u00e8grent des lotions corporelles et des huiles essentielles, souvent d'une mani\u00e8re qui permet de personnaliser l'ar\u00f4me. Ces bo\u00eetes peuvent contenir \u00e0 la fois la lotion corporelle et les huiles essentielles, ou elles peuvent \u00eatre con\u00e7ues pour contenir \u00e0 la fois la cr\u00e8me et un contenant s\u00e9par\u00e9 d'huiles essentielles que l'utilisateur peut m\u00e9langer et assortir. L'emballage contient souvent des instructions ou des conseils pour cr\u00e9er des m\u00e9langes de senteurs personnalis\u00e9s.<\/p>","protected":false},"featured_media":2261,"template":"","meta":{"_kad_post_transparent":"default","_kad_post_title":"","_kad_post_layout":"default","_kad_post_sidebar_id":"","_kad_post_content_style":"default","_kad_post_vertical_padding":"default","_kad_post_feature":"","_kad_post_feature_position":"","_kad_post_header":false,"_kad_post_footer":false,"_kad_post_classname":""},"product_brand":[],"product_cat":[15,17,28,20,34],"product_tag":[552,553,554],"class_list":{"0":"post-2259","1":"product","2":"type-product","3":"status-publish","4":"has-post-thumbnail","6":"product_cat-boxes-by-shapes","7":"product_cat-boxes-by-industries","8":"product_cat-cosmetic-packaging-boxes","9":"product_cat-drawer-style-boxes","10":"product_cat-perfume-packaging-boxes","11":"product_tag-body-lotion-boxes","12":"product_tag-essential-oil-boxes","13":"product_tag-paper-drawer-boxes","15":"first","16":"instock","17":"shipping-taxable","18":"product-type-simple","19":"entry","20":"content-bg","21":"loop-entry"},"_links":{"self":[{"href":"https:\/\/chinacustomboxes.com\/fr\/wp-json\/wp\/v2\/product\/2259","targetHints":{"allow":["GET"]}}],"collection":[{"href":"https:\/\/chinacustomboxes.com\/fr\/wp-json\/wp\/v2\/product"}],"about":[{"href":"https:\/\/chinacustomboxes.com\/fr\/wp-json\/wp\/v2\/types\/product"}],"wp:featuredmedia":[{"embeddable":true,"href":"https:\/\/chinacustomboxes.com\/fr\/wp-json\/wp\/v2\/media\/2261"}],"wp:attachment":[{"href":"https:\/\/chinacustomboxes.com\/fr\/wp-json\/wp\/v2\/media?parent=2259"}],"wp:term":[{"taxonomy":"product_brand","embeddable":true,"href":"https:\/\/chinacustomboxes.com\/fr\/wp-json\/wp\/v2\/product_brand?post=2259"},{"taxonomy":"product_cat","embeddable":true,"href":"https:\/\/chinacustomboxes.com\/fr\/wp-json\/wp\/v2\/product_cat?post=2259"},{"taxonomy":"product_tag","embeddable":true,"href":"https:\/\/chinacustomboxes.com\/fr\/wp-json\/wp\/v2\/product_tag?post=2259"}],"curies":[{"name":"wp","href":"https:\/\/api.w.org\/{rel}","templated":true}]}}