{"id":2273,"date":"2025-08-20T03:15:00","date_gmt":"2025-08-20T03:15:00","guid":{"rendered":"https:\/\/chinacustomboxes.com\/?post_type=product&#038;p=2273"},"modified":"2025-08-20T03:44:20","modified_gmt":"2025-08-20T03:44:20","slug":"eye-cream-carrier-oil-cosmetic-magnetic-lid-boxes-factory","status":"publish","type":"product","link":"https:\/\/chinacustomboxes.com\/fr\/eye-cream-carrier-oil-cosmetic-magnetic-lid-boxes-factory\/","title":{"rendered":"Cr\u00e8me pour les yeux Huile de Porteuse Cosm\u00e9tique Bo\u00eetes \u00e0 Couvercle Magn\u00e9tique Factory"},"content":{"rendered":"<h2 id=\"premium-custom-made-magnetic-lid-eye-cream-essence-freeze-dried-powder-appeal-boxes\">Premium Custom-made Magnetic Lid Eye Cream Essence Freeze-Dried Powder Appeal Boxes<br \/>\n<span style=\"font-size: 17px; font-weight: 400;\">Nous savons que sur le march\u00e9 tr\u00e8s concurrentiel des cosm\u00e9tiques, l'emballage n'est pas seulement un contenant pour le produit, mais aussi le support de la premi\u00e8re connexion \u00e9motionnelle entre la marque et le consommateur. Il v\u00e9hicule la philosophie de la marque, transmet le professionnalisme du produit et, en fin de compte, influence la d\u00e9cision d'achat du consommateur. C'est pourquoi nous avons consacr\u00e9 nos efforts \u00e0 la cr\u00e9ation de ce produit. <a href=\"https:\/\/chinacustomboxes.com\/fr\/exporting-custom-luxury-magnetic-closure-rigid-shoes-boxes\/\">bo\u00eete de beaut\u00e9 \u00e0 couvercle magn\u00e9tique<\/a>L'objectif est d'offrir un abri parfait \u00e0 vos produits en soignant chaque d\u00e9tail, en combinant protection, fonctionnalit\u00e9 et art.<\/span><\/h2>\n<h2 id=\"1-ingenious-magnetic-structure-elegant-opening-and-closing-exuding-high-end\">1. Structure magn\u00e9tique ing\u00e9nieuse : Ouverture et fermeture \u00e9l\u00e9gantes et haut de gamme<\/h2>\n<p>Nous avons abandonn\u00e9 les mod\u00e8les conventionnels de type \"snap\" ou \"flip-top\" et nous avons innov\u00e9 en adoptant un syst\u00e8me int\u00e9gr\u00e9 et puissant d'alimentation en eau potable. <a href=\"https:\/\/chinacustomboxes.com\/fr\/magnetic-closure-boxes\/\">fermeture magn\u00e9tique Bo\u00eetes<\/a>. Lorsque le couvercle est d\u00e9licatement referm\u00e9, les aimants s'enclenchent avec pr\u00e9cision, produisant un clic net et r\u00e9gulier, qui donne un sentiment de routine et d'accomplissement. Ce style ne garantit pas seulement l'avantage et la s\u00e9curit\u00e9 de la bo\u00eete, en emp\u00eachant toute ouverture accidentelle pendant la mobilit\u00e9 ou le transport, mais son ouverture et sa fermeture en douceur personnifient parfaitement la sophistication et le luxe recherch\u00e9s par les produits cosm\u00e9tiques haut de gamme. Chaque ouverture est une communication de marque de grande classe.<\/p>\n<p><img fetchpriority=\"high\" decoding=\"async\" class=\"alignnone wp-image-2276 size-full\" src=\"https:\/\/chinacustomboxes.com\/wp-content\/uploads\/2025\/08\/Eye-Cream-Carrier-Oil-Cosmetic-Magnetic-Lid-Boxes-Factory-3.jpg\" alt=\"Cr\u00e8me pour les yeux Huile de Porteuse Cosm\u00e9tique Bo\u00eetes \u00e0 Couvercle Magn\u00e9tique Factory\" width=\"1000\" height=\"1000\" title=\"\" srcset=\"https:\/\/chinacustomboxes.com\/wp-content\/uploads\/2025\/08\/Eye-Cream-Carrier-Oil-Cosmetic-Magnetic-Lid-Boxes-Factory-3.jpg 1000w, https:\/\/chinacustomboxes.com\/wp-content\/uploads\/2025\/08\/Eye-Cream-Carrier-Oil-Cosmetic-Magnetic-Lid-Boxes-Factory-3-300x300.jpg 300w, https:\/\/chinacustomboxes.com\/wp-content\/uploads\/2025\/08\/Eye-Cream-Carrier-Oil-Cosmetic-Magnetic-Lid-Boxes-Factory-3-150x150.jpg 150w, https:\/\/chinacustomboxes.com\/wp-content\/uploads\/2025\/08\/Eye-Cream-Carrier-Oil-Cosmetic-Magnetic-Lid-Boxes-Factory-3-768x768.jpg 768w, https:\/\/chinacustomboxes.com\/wp-content\/uploads\/2025\/08\/Eye-Cream-Carrier-Oil-Cosmetic-Magnetic-Lid-Boxes-Factory-3-12x12.jpg 12w, https:\/\/chinacustomboxes.com\/wp-content\/uploads\/2025\/08\/Eye-Cream-Carrier-Oil-Cosmetic-Magnetic-Lid-Boxes-Factory-3-600x600.jpg 600w, https:\/\/chinacustomboxes.com\/wp-content\/uploads\/2025\/08\/Eye-Cream-Carrier-Oil-Cosmetic-Magnetic-Lid-Boxes-Factory-3-100x100.jpg 100w\" sizes=\"(max-width: 1000px) 100vw, 1000px\" \/><\/p>\n<h2 id=\"2-scientific-interior-format-customized-and-organized\">2. Format int\u00e9rieur scientifique : Personnalis\u00e9 et organis\u00e9<\/h2>\n<p>Nous comprenons parfaitement les diff\u00e9rences de dimension et de nature entre les divers produits cosm\u00e9tiques (poudre lyophilis\u00e9e, ampoules, lotions, lotions pour les yeux, etc.) C'est pourquoi nous proposons des solutions totalement personnalis\u00e9es en mati\u00e8re d'espace int\u00e9rieur. Qu'il s'agisse d'un flacon unique n\u00e9cessitant un positionnement sp\u00e9cifique ou d'un ensemble n\u00e9cessitant un stockage en couches, nous pouvons d\u00e9velopper avec pr\u00e9cision. Cet agencement tr\u00e8s adaptable permet non seulement de pr\u00e9senter les produits de mani\u00e8re nette et parfaite, mais aussi d'am\u00e9liorer consid\u00e9rablement l'aspect pratique de l'emballage et l'utilisation de l'espace gr\u00e2ce \u00e0 son style de stockage en couches, ce qui permet aux clients de d\u00e9couvrir et d'acc\u00e9der facilement aux produits d'un seul coup d'\u0153il.<\/p>\n<h2 id=\"3-eco-friendly-lamination-lightweight-and-sturdy-with-a-phenomenal-touch\">3. Lamination \u00e9cologique : L\u00e9ger et robuste, avec un toucher ph\u00e9nom\u00e9nal<\/h2>\n<p>Cette bo\u00eete d'emballage de produits atteint le meilleur \u00e9quilibre entre le respect de l'environnement et la robustesse dans sa s\u00e9lection de produits. La bo\u00eete est fabriqu\u00e9e \u00e0 partir d'un papier de haute qualit\u00e9, qui conserve son agilit\u00e9 inh\u00e9rente pour faciliter le transport et la transportabilit\u00e9. En outre, la surface est soumise \u00e0 un processus de laminage innovant, qui lui conf\u00e8re une sensation de douceur soyeuse tout en am\u00e9liorant consid\u00e9rablement sa r\u00e9sistance \u00e0 l'enfilage, aux \u00e9raflures et \u00e0 l'humidit\u00e9. Cela signifie que la bo\u00eete conserve sa stabilit\u00e9 m\u00eame en cas d'humidit\u00e9, prot\u00e9geant ainsi correctement les produits qu'elle contient. Il s'agit d'une option respectueuse de l'environnement et des produits.<\/p>\n<p><img decoding=\"async\" class=\"alignnone wp-image-2275 size-full\" src=\"https:\/\/chinacustomboxes.com\/wp-content\/uploads\/2025\/08\/Eye-Cream-Carrier-Oil-Cosmetic-Magnetic-Lid-Boxes-Factory-2.jpg\" alt=\"Cr\u00e8me pour les yeux Huile de Porteuse Cosm\u00e9tique Bo\u00eetes \u00e0 Couvercle Magn\u00e9tique Factory\" width=\"1000\" height=\"1000\" title=\"\" srcset=\"https:\/\/chinacustomboxes.com\/wp-content\/uploads\/2025\/08\/Eye-Cream-Carrier-Oil-Cosmetic-Magnetic-Lid-Boxes-Factory-2.jpg 1000w, https:\/\/chinacustomboxes.com\/wp-content\/uploads\/2025\/08\/Eye-Cream-Carrier-Oil-Cosmetic-Magnetic-Lid-Boxes-Factory-2-300x300.jpg 300w, https:\/\/chinacustomboxes.com\/wp-content\/uploads\/2025\/08\/Eye-Cream-Carrier-Oil-Cosmetic-Magnetic-Lid-Boxes-Factory-2-150x150.jpg 150w, https:\/\/chinacustomboxes.com\/wp-content\/uploads\/2025\/08\/Eye-Cream-Carrier-Oil-Cosmetic-Magnetic-Lid-Boxes-Factory-2-768x768.jpg 768w, https:\/\/chinacustomboxes.com\/wp-content\/uploads\/2025\/08\/Eye-Cream-Carrier-Oil-Cosmetic-Magnetic-Lid-Boxes-Factory-2-12x12.jpg 12w, https:\/\/chinacustomboxes.com\/wp-content\/uploads\/2025\/08\/Eye-Cream-Carrier-Oil-Cosmetic-Magnetic-Lid-Boxes-Factory-2-600x600.jpg 600w, https:\/\/chinacustomboxes.com\/wp-content\/uploads\/2025\/08\/Eye-Cream-Carrier-Oil-Cosmetic-Magnetic-Lid-Boxes-Factory-2-100x100.jpg 100w\" sizes=\"(max-width: 1000px) 100vw, 1000px\" \/><\/p>\n<h2 id=\"4-eva-cellular-lining-security-thorough-interest-to-shielding\">4. Doublure cellulaire EVA S\u00e9curit\u00e9 : Un int\u00e9r\u00eat particulier pour le blindage<\/h2>\n<p>La s\u00e9curit\u00e9 des produits est une pr\u00e9occupation majeure dans notre style. Pour le rev\u00eatement cellulaire, nous utilisons de la mousse EVA de haute densit\u00e9, cr\u00e9\u00e9e intacte \u00e0 l'aide d'une proc\u00e9dure de d\u00e9coupe de pr\u00e9cision. Le rev\u00eatement cellulaire fini pr\u00e9sente une surface lisse et sans bavure, ce qui \u00e9vite de rayer ou d'endommager le contenant ou l'\u00e9tiquette lors de la mise en place ou de l'enl\u00e8vement des produits. L'excellente durabilit\u00e9 du mat\u00e9riau EVA et les constructions amortissantes absorbent efficacement les chocs et les r\u00e9sonances ext\u00e9rieurs, offrant une s\u00e9curit\u00e9 durable et compl\u00e8te \u00e0 vos produits pendant les transports complexes et les espaces de stockage, garantissant qu'ils parviennent aux clients dans un \u00e9tat impeccable.<\/p>\n<h2 id=\"5-modern-aesthetic-style-technological-structure-basic-beauty\">5. Style esth\u00e9tique moderne : Structure technologique, beaut\u00e9 de base<\/h2>\n<p>Pour le design ext\u00e9rieur, nous avons choisi une palette de couleurs argent\u00e9es qui d\u00e9gage une impression de technicit\u00e9 et d'avanc\u00e9e, acceptant parfaitement les id\u00e9es de \"soins cliniques\" et de \"pr\u00e9cision et efficacit\u00e9\" mises en avant dans les soins de la peau contemporains. La surface de l'emballage est d\u00e9cor\u00e9e de lignes tonales, qui nuisent \u00e0 l'uniformit\u00e9 de la conception fastidieuse des couleurs et ajoutent une sensation de superposition et de dynamisme. Le design global est minimaliste et \u00e9l\u00e9gant, tout en conservant des d\u00e9tails raffin\u00e9s. Ce langage de pr\u00e9sentation attire rapidement l'attention des consommateurs cibles et transmet le sentiment unique de professionnalisme et d'efficacit\u00e9 de la marque.<\/p>\n<p><img decoding=\"async\" class=\"alignnone wp-image-2274 size-full\" src=\"https:\/\/chinacustomboxes.com\/wp-content\/uploads\/2025\/08\/Eye-Cream-Carrier-Oil-Cosmetic-Magnetic-Lid-Boxes-Factory-1.jpg\" alt=\"Cr\u00e8me pour les yeux Huile de Porteuse Cosm\u00e9tique Bo\u00eetes \u00e0 Couvercle Magn\u00e9tique Factory\" width=\"1000\" height=\"1000\" title=\"\" srcset=\"https:\/\/chinacustomboxes.com\/wp-content\/uploads\/2025\/08\/Eye-Cream-Carrier-Oil-Cosmetic-Magnetic-Lid-Boxes-Factory-1.jpg 1000w, https:\/\/chinacustomboxes.com\/wp-content\/uploads\/2025\/08\/Eye-Cream-Carrier-Oil-Cosmetic-Magnetic-Lid-Boxes-Factory-1-300x300.jpg 300w, https:\/\/chinacustomboxes.com\/wp-content\/uploads\/2025\/08\/Eye-Cream-Carrier-Oil-Cosmetic-Magnetic-Lid-Boxes-Factory-1-150x150.jpg 150w, https:\/\/chinacustomboxes.com\/wp-content\/uploads\/2025\/08\/Eye-Cream-Carrier-Oil-Cosmetic-Magnetic-Lid-Boxes-Factory-1-768x768.jpg 768w, https:\/\/chinacustomboxes.com\/wp-content\/uploads\/2025\/08\/Eye-Cream-Carrier-Oil-Cosmetic-Magnetic-Lid-Boxes-Factory-1-12x12.jpg 12w, https:\/\/chinacustomboxes.com\/wp-content\/uploads\/2025\/08\/Eye-Cream-Carrier-Oil-Cosmetic-Magnetic-Lid-Boxes-Factory-1-600x600.jpg 600w, https:\/\/chinacustomboxes.com\/wp-content\/uploads\/2025\/08\/Eye-Cream-Carrier-Oil-Cosmetic-Magnetic-Lid-Boxes-Factory-1-100x100.jpg 100w\" sizes=\"(max-width: 1000px) 100vw, 1000px\" \/><\/p>\n<h2 id=\"6-high-definition-printing-innovation-accurate-interaction-showing-professionalism-and-reliability\">6. Innovation en mati\u00e8re d'impression haute d\u00e9finition : Interaction pr\u00e9cise, preuve de professionnalisme et de fiabilit\u00e9<\/h2>\n<p>Nous utilisons des outils d'impression de pointe et des technologies modernes pour garantir que chaque mot et chaque logo sont d'une qualit\u00e9 exceptionnelle, sans d\u00e9nigrement ni flou. Nous respectons des exigences strictes en mati\u00e8re de gestion des teintes, garantissant la plus grande fid\u00e9lit\u00e9 des couleurs dans le produit imprim\u00e9 final, qui correspond parfaitement \u00e0 l'identit\u00e9 esth\u00e9tique (VI) de votre nom de marque. L'int\u00e9r\u00eat que nous portons \u00e0 l'information est un t\u00e9moignage puissant de notre professionnalisme et un engagement solennel \u00e0 respecter les normes professionnelles de la communication esth\u00e9tique des marques.<\/p>\n<h2 id=\"7-full-service-modification-flexible-and-versatile-for-a-tailored-experience\">7. Modification de l'ensemble du service : Souplesse et polyvalence pour une exp\u00e9rience sur mesure<\/h2>\n<p>Nous croyons fermement que chaque marque efficace m\u00e9rite une signature unique. C'est pourquoi nous offrons un service complet de personnalisation, du concept \u00e0 l'article complet. Vous pouvez facilement choisir le cadre de la bo\u00eete, le mat\u00e9riau du corps principal (comme le papier sp\u00e9cialis\u00e9, le papier d'art, le papier \u00e0 texture de cuir), le traitement de la surface (comme le marquage \u00e0 chaud or\/argent, le gaufrage UV, le d\u00e9bossage, le gaufrage) et les choix d'impression. Notre \u00e9quipe d\u00e9vou\u00e9e travaillera en \u00e9troite collaboration avec vous pour transformer le concept de votre marque et vos id\u00e9es novatrices en emballages sp\u00e9ciaux, r\u00e9pondant de mani\u00e8re flexible aux exigences sp\u00e9cifiques du march\u00e9 de votre marque.<\/p>\n<p><img loading=\"lazy\" decoding=\"async\" class=\"alignnone wp-image-2277 size-full\" src=\"https:\/\/chinacustomboxes.com\/wp-content\/uploads\/2025\/08\/Eye-Cream-Carrier-Oil-Cosmetic-Magnetic-Lid-Boxes-Factory-4.jpg\" alt=\"Cr\u00e8me pour les yeux Huile de Porteuse Cosm\u00e9tique Bo\u00eetes \u00e0 Couvercle Magn\u00e9tique Factory\" width=\"1000\" height=\"1000\" title=\"\" srcset=\"https:\/\/chinacustomboxes.com\/wp-content\/uploads\/2025\/08\/Eye-Cream-Carrier-Oil-Cosmetic-Magnetic-Lid-Boxes-Factory-4.jpg 1000w, https:\/\/chinacustomboxes.com\/wp-content\/uploads\/2025\/08\/Eye-Cream-Carrier-Oil-Cosmetic-Magnetic-Lid-Boxes-Factory-4-300x300.jpg 300w, https:\/\/chinacustomboxes.com\/wp-content\/uploads\/2025\/08\/Eye-Cream-Carrier-Oil-Cosmetic-Magnetic-Lid-Boxes-Factory-4-150x150.jpg 150w, https:\/\/chinacustomboxes.com\/wp-content\/uploads\/2025\/08\/Eye-Cream-Carrier-Oil-Cosmetic-Magnetic-Lid-Boxes-Factory-4-768x768.jpg 768w, https:\/\/chinacustomboxes.com\/wp-content\/uploads\/2025\/08\/Eye-Cream-Carrier-Oil-Cosmetic-Magnetic-Lid-Boxes-Factory-4-12x12.jpg 12w, https:\/\/chinacustomboxes.com\/wp-content\/uploads\/2025\/08\/Eye-Cream-Carrier-Oil-Cosmetic-Magnetic-Lid-Boxes-Factory-4-600x600.jpg 600w, https:\/\/chinacustomboxes.com\/wp-content\/uploads\/2025\/08\/Eye-Cream-Carrier-Oil-Cosmetic-Magnetic-Lid-Boxes-Factory-4-100x100.jpg 100w\" sizes=\"(max-width: 1000px) 100vw, 1000px\" \/><\/p>\n<h2 id=\"8-1-hour-express-prototyping-seize-the-opportunity-and-win-the-marketplace\">8. Prototypage express en 1 heure : Saisir l'opportunit\u00e9 et gagner le march\u00e9<\/h2>\n<p>Dans un march\u00e9 en constante \u00e9volution, la rapidit\u00e9 est un atout. Notre solution de prototypage express en une heure est con\u00e7ue pour raccourcir consid\u00e9rablement le cycle de d\u00e9veloppement et d'impression de vos nouveaux produits. Une fois la mise en page termin\u00e9e, nous vous fournirons des \u00e9chantillons physiques haute fid\u00e9lit\u00e9 dans le temps imparti pour l'examen de la structure, du produit et de l'impression. Ce service fiable vous permet de choisir et d'ajuster vos strat\u00e9gies beaucoup plus rapidement, ce qui aide votre marque \u00e0 saisir les possibilit\u00e9s du march\u00e9 et \u00e0 garder une longueur d'avance.<\/p>","protected":false},"excerpt":{"rendered":"<p>Les bo\u00eetes \u00e0 couvercle \u00e0 fermeture magn\u00e9tique sont un type d'emballage con\u00e7u pour les produits de beaut\u00e9, dot\u00e9 d'une fermeture magn\u00e9tique pour une ouverture et une fermeture s\u00fbres et pratiques. Elles sont g\u00e9n\u00e9ralement fabriqu\u00e9es \u00e0 partir de mat\u00e9riaux robustes tels que le carton rigide et peuvent \u00eatre personnalis\u00e9es avec diff\u00e9rentes finitions et options d'impression pour am\u00e9liorer la pr\u00e9sentation du produit.<\/p>","protected":false},"featured_media":2277,"template":"","meta":{"_kad_post_transparent":"default","_kad_post_title":"","_kad_post_layout":"default","_kad_post_sidebar_id":"","_kad_post_content_style":"default","_kad_post_vertical_padding":"default","_kad_post_feature":"","_kad_post_feature_position":"","_kad_post_header":false,"_kad_post_footer":false,"_kad_post_classname":""},"product_brand":[],"product_cat":[15,17,28,18],"product_tag":[559,558,458],"class_list":{"0":"post-2273","1":"product","2":"type-product","3":"status-publish","4":"has-post-thumbnail","6":"product_cat-boxes-by-shapes","7":"product_cat-boxes-by-industries","8":"product_cat-cosmetic-packaging-boxes","9":"product_cat-magnetic-closure-boxes","10":"product_tag-carrier-oil-cosmetic-boxes","11":"product_tag-eye-cream-boxes","12":"product_tag-magnetic-lid-boxes","14":"first","15":"instock","16":"shipping-taxable","17":"product-type-simple","18":"entry","19":"content-bg","20":"loop-entry"},"_links":{"self":[{"href":"https:\/\/chinacustomboxes.com\/fr\/wp-json\/wp\/v2\/product\/2273","targetHints":{"allow":["GET"]}}],"collection":[{"href":"https:\/\/chinacustomboxes.com\/fr\/wp-json\/wp\/v2\/product"}],"about":[{"href":"https:\/\/chinacustomboxes.com\/fr\/wp-json\/wp\/v2\/types\/product"}],"wp:featuredmedia":[{"embeddable":true,"href":"https:\/\/chinacustomboxes.com\/fr\/wp-json\/wp\/v2\/media\/2277"}],"wp:attachment":[{"href":"https:\/\/chinacustomboxes.com\/fr\/wp-json\/wp\/v2\/media?parent=2273"}],"wp:term":[{"taxonomy":"product_brand","embeddable":true,"href":"https:\/\/chinacustomboxes.com\/fr\/wp-json\/wp\/v2\/product_brand?post=2273"},{"taxonomy":"product_cat","embeddable":true,"href":"https:\/\/chinacustomboxes.com\/fr\/wp-json\/wp\/v2\/product_cat?post=2273"},{"taxonomy":"product_tag","embeddable":true,"href":"https:\/\/chinacustomboxes.com\/fr\/wp-json\/wp\/v2\/product_tag?post=2273"}],"curies":[{"name":"wp","href":"https:\/\/api.w.org\/{rel}","templated":true}]}}