{"id":2278,"date":"2025-08-20T03:45:08","date_gmt":"2025-08-20T03:45:08","guid":{"rendered":"https:\/\/chinacustomboxes.com\/?post_type=product&#038;p=2278"},"modified":"2025-08-20T05:37:21","modified_gmt":"2025-08-20T05:37:21","slug":"callus-remover-nail-brush-paper-drawer-boxes-manufacturer","status":"publish","type":"product","link":"https:\/\/chinacustomboxes.com\/fr\/callus-remover-nail-brush-paper-drawer-boxes-manufacturer\/","title":{"rendered":"Brosse \u00e0 ongles Callus Remover Paper Drawer Boxes Manufacturer"},"content":{"rendered":"<h2 id=\"high-end-exfoliating-brush-nail-brush-drawer-style-paper-product-packaging\">Brosse exfoliante haut de gamme\/Brosse \u00e0 ongles Emballage de produits en papier de type tiroir<\/h2>\n<p>Sur le march\u00e9 de plus en plus concurrentiel des traitements individuels, les articles exceptionnels n\u00e9cessitent des produits tout aussi ph\u00e9nom\u00e9naux <a href=\"https:\/\/chinacustomboxes.com\/fr\/valentines-day-heart-shaped-gift-box-packaging-for-jewelry\/\">l'emballage<\/a> pour communiquer leur valeur. Nos emballages en papier de qualit\u00e9 sup\u00e9rieure sp\u00e9cialement con\u00e7us pour les brosses \u00e0 r\u00e9curer et les brosses \u00e0 ongles sont plus qu'une simple protection ; ils constituent \u00e9galement un point de contact vital qui am\u00e9liore l'image de la marque et maximise l'exp\u00e9rience du client.<\/p>\n<p><img fetchpriority=\"high\" decoding=\"async\" class=\"alignnone wp-image-2282 size-full\" src=\"https:\/\/chinacustomboxes.com\/wp-content\/uploads\/2025\/08\/Callus-Remover-Nail-Brush-Paper-Drawer-Supplies-Manufacturer-4.jpg\" alt=\"Dissolvant de callosit\u00e9s Brosse \u00e0 ongles Tiroir \u00e0 papier Fournitures fabricant\" width=\"1000\" height=\"1000\" title=\"\" srcset=\"https:\/\/chinacustomboxes.com\/wp-content\/uploads\/2025\/08\/Callus-Remover-Nail-Brush-Paper-Drawer-Supplies-Manufacturer-4.jpg 1000w, https:\/\/chinacustomboxes.com\/wp-content\/uploads\/2025\/08\/Callus-Remover-Nail-Brush-Paper-Drawer-Supplies-Manufacturer-4-300x300.jpg 300w, https:\/\/chinacustomboxes.com\/wp-content\/uploads\/2025\/08\/Callus-Remover-Nail-Brush-Paper-Drawer-Supplies-Manufacturer-4-150x150.jpg 150w, https:\/\/chinacustomboxes.com\/wp-content\/uploads\/2025\/08\/Callus-Remover-Nail-Brush-Paper-Drawer-Supplies-Manufacturer-4-768x768.jpg 768w, https:\/\/chinacustomboxes.com\/wp-content\/uploads\/2025\/08\/Callus-Remover-Nail-Brush-Paper-Drawer-Supplies-Manufacturer-4-12x12.jpg 12w, https:\/\/chinacustomboxes.com\/wp-content\/uploads\/2025\/08\/Callus-Remover-Nail-Brush-Paper-Drawer-Supplies-Manufacturer-4-600x600.jpg 600w, https:\/\/chinacustomboxes.com\/wp-content\/uploads\/2025\/08\/Callus-Remover-Nail-Brush-Paper-Drawer-Supplies-Manufacturer-4-100x100.jpg 100w\" sizes=\"(max-width: 1000px) 100vw, 1000px\" \/><\/p>\n<h2 id=\"1-ingenious-pull-out-framework-reinforces-brand-name-memorability\">1. Un cadre ing\u00e9nieux et extractible renforce la m\u00e9morisation du nom de la marque<\/h2>\n<p>Notre syst\u00e8me innovant d'ouverture et de fermeture des tiroirs a \u00e9t\u00e9 con\u00e7u pour vous offrir, ainsi qu'\u00e0 vos clients, une exp\u00e9rience de d\u00e9ballage remarquablement fluide. Le r\u00e9glage pr\u00e9cis de l'amortissement donne une impression de routine \u00e0 chaque ouverture, r\u00e9duisant ainsi efficacement les frottements li\u00e9s \u00e0 l'emballage traditionnel des produits. Cette exp\u00e9rience interactive unique capte rapidement l'attention des clients, en combinant parfaitement la capacit\u00e9 et le plaisir, et en d\u00e9veloppant un lien profond et sp\u00e9cial avec le nom de la marque dans leur esprit.<\/p>\n<p><img decoding=\"async\" class=\"alignnone wp-image-2279 size-full\" src=\"https:\/\/chinacustomboxes.com\/wp-content\/uploads\/2025\/08\/Callus-Remover-Nail-Brush-Paper-Drawer-Supplies-Manufacturer-1.jpg\" alt=\"Dissolvant de callosit\u00e9s Brosse \u00e0 ongles Tiroir \u00e0 papier Fournitures fabricant\" width=\"1000\" height=\"1000\" title=\"\" srcset=\"https:\/\/chinacustomboxes.com\/wp-content\/uploads\/2025\/08\/Callus-Remover-Nail-Brush-Paper-Drawer-Supplies-Manufacturer-1.jpg 1000w, https:\/\/chinacustomboxes.com\/wp-content\/uploads\/2025\/08\/Callus-Remover-Nail-Brush-Paper-Drawer-Supplies-Manufacturer-1-300x300.jpg 300w, https:\/\/chinacustomboxes.com\/wp-content\/uploads\/2025\/08\/Callus-Remover-Nail-Brush-Paper-Drawer-Supplies-Manufacturer-1-150x150.jpg 150w, https:\/\/chinacustomboxes.com\/wp-content\/uploads\/2025\/08\/Callus-Remover-Nail-Brush-Paper-Drawer-Supplies-Manufacturer-1-768x768.jpg 768w, https:\/\/chinacustomboxes.com\/wp-content\/uploads\/2025\/08\/Callus-Remover-Nail-Brush-Paper-Drawer-Supplies-Manufacturer-1-12x12.jpg 12w, https:\/\/chinacustomboxes.com\/wp-content\/uploads\/2025\/08\/Callus-Remover-Nail-Brush-Paper-Drawer-Supplies-Manufacturer-1-600x600.jpg 600w, https:\/\/chinacustomboxes.com\/wp-content\/uploads\/2025\/08\/Callus-Remover-Nail-Brush-Paper-Drawer-Supplies-Manufacturer-1-100x100.jpg 100w\" sizes=\"(max-width: 1000px) 100vw, 1000px\" \/><\/p>\n<h2 id=\"2-accurate-cellular-lining-matching-guarantees-hassle-free-transport\">2. La correspondance pr\u00e9cise des doublures cellulaires garantit un transport sans probl\u00e8me.<\/h2>\n<p>La s\u00e9curit\u00e9 des objets pendant le transport est une priorit\u00e9 absolue dans notre conception. L'int\u00e9rieur du <a href=\"https:\/\/chinacustomboxes.com\/fr\/\">bo\u00eete<\/a> utilise une doublure cellulaire en EVA haute densit\u00e9, qui offre une absorption des chocs, un rembourrage et une conservation de la forme exceptionnels. Gr\u00e2ce \u00e0 des calculs sp\u00e9cifiques et \u00e0 la fabrication de moules, nous garantissons que les formes de la doublure rainur\u00e9e s'adaptent parfaitement \u00e0 vos produits de forme unique (tels que les brosses \u00e0 r\u00e9curer et les brosses \u00e0 ongles), et que la profondeur est sp\u00e9cifiquement adapt\u00e9e \u00e0 la bo\u00eete elle-m\u00eame. Cela permet d'\u00e9viter tout d\u00e9placement ou tremblement pendant le transport, r\u00e9duisant ainsi les risques de dommages.<\/p>\n<h2 id=\"3-elegant-hot-marking-workmanship-emphasizes-brand-costs\">3. L'\u00e9l\u00e9gance du marquage \u00e0 chaud met en valeur les co\u00fbts de la marque<\/h2>\n<p>Pour mettre en valeur votre marque, nous utilisons un proc\u00e9d\u00e9 exquis d'estampage \u00e0 chaud sur la surface de la bo\u00eete. Cette technique permet d'obtenir un \u00e9clat m\u00e9tallique net et abondant pour le logo de la marque et les d\u00e9tails essentiels, tout en produisant des motifs clairs et magnifiques et des couleurs vibrantes et captivantes pour une influence esth\u00e9tique efficace. Le magnifique marquage \u00e0 chaud ne se contente pas d'am\u00e9liorer la qualit\u00e9 globale de l'emballage du produit, il communique \u00e9galement aux clients le positionnement haut de gamme et professionnel de la marque, ce qui renforce avec succ\u00e8s la valeur de la marque.<\/p>\n<p><img decoding=\"async\" class=\"alignnone wp-image-2280 size-full\" src=\"https:\/\/chinacustomboxes.com\/wp-content\/uploads\/2025\/08\/Callus-Remover-Nail-Brush-Paper-Drawer-Supplies-Manufacturer-2.jpg\" alt=\"Dissolvant de callosit\u00e9s Brosse \u00e0 ongles Tiroir \u00e0 papier Fournitures fabricant\" width=\"1000\" height=\"1000\" title=\"\" srcset=\"https:\/\/chinacustomboxes.com\/wp-content\/uploads\/2025\/08\/Callus-Remover-Nail-Brush-Paper-Drawer-Supplies-Manufacturer-2.jpg 1000w, https:\/\/chinacustomboxes.com\/wp-content\/uploads\/2025\/08\/Callus-Remover-Nail-Brush-Paper-Drawer-Supplies-Manufacturer-2-300x300.jpg 300w, https:\/\/chinacustomboxes.com\/wp-content\/uploads\/2025\/08\/Callus-Remover-Nail-Brush-Paper-Drawer-Supplies-Manufacturer-2-150x150.jpg 150w, https:\/\/chinacustomboxes.com\/wp-content\/uploads\/2025\/08\/Callus-Remover-Nail-Brush-Paper-Drawer-Supplies-Manufacturer-2-768x768.jpg 768w, https:\/\/chinacustomboxes.com\/wp-content\/uploads\/2025\/08\/Callus-Remover-Nail-Brush-Paper-Drawer-Supplies-Manufacturer-2-12x12.jpg 12w, https:\/\/chinacustomboxes.com\/wp-content\/uploads\/2025\/08\/Callus-Remover-Nail-Brush-Paper-Drawer-Supplies-Manufacturer-2-600x600.jpg 600w, https:\/\/chinacustomboxes.com\/wp-content\/uploads\/2025\/08\/Callus-Remover-Nail-Brush-Paper-Drawer-Supplies-Manufacturer-2-100x100.jpg 100w\" sizes=\"(max-width: 1000px) 100vw, 1000px\" \/><\/p>\n<h2 id=\"4-sophisticated-purple-appearances-sparks-expectancy\">4. La sophistication des apparences violettes suscite l'espoir<\/h2>\n<p>L'emballage du produit utilise un violet sophistiqu\u00e9 comme couleur principale. Du point de vue de la psychologie des couleurs, le violet est souvent associ\u00e9 au luxe, \u00e0 la cr\u00e9ativit\u00e9 et \u00e0 l'aristocratie. Cette teinte douce mais profonde diminue la fatigue visuelle provoqu\u00e9e par une observation prolong\u00e9e, produisant une ambiance calme et \u00e9trange qui suscite la curiosit\u00e9 pour les produits qu'elle contient et un sentiment d'attente au moment de l'ouverture.<\/p>\n<h2 id=\"5-long-lasting-bow-pull-ring-in-depth-high-quality\">5. Anneau de tir \u00e0 l'arc de longue dur\u00e9e : une qualit\u00e9 sup\u00e9rieure en profondeur<\/h2>\n<p>L'anneau de traction du <a href=\"https:\/\/chinacustomboxes.com\/fr\/drawer-style-boxes\/\">bo\u00eete \u00e0 tiroirs<\/a> est fabriqu\u00e9 \u00e0 partir d'un arc de qualit\u00e9 sup\u00e9rieure et est solidement fix\u00e9 au corps de l'emballage gr\u00e2ce \u00e0 une proc\u00e9dure renforc\u00e9e. Nous savons que ce d\u00e9tail est l'endroit o\u00f9 les consommateurs interagissent le plus souvent avec l'emballage du produit, c'est pourquoi nous l'avons con\u00e7u pour qu'il soit incroyablement r\u00e9sistant. M\u00eame apr\u00e8s des milliers de tractions, l'anneau de traction du ruban conserve sa forme initiale, restant ferme et immobile, soulignant ainsi la qualit\u00e9 sup\u00e9rieure de la marque dans chaque d\u00e9tail.<\/p>\n<p><img loading=\"lazy\" decoding=\"async\" class=\"alignnone wp-image-2281 size-full\" src=\"https:\/\/chinacustomboxes.com\/wp-content\/uploads\/2025\/08\/Callus-Remover-Nail-Brush-Paper-Drawer-Supplies-Manufacturer-3.jpg\" alt=\"Dissolvant de callosit\u00e9s Brosse \u00e0 ongles Tiroir \u00e0 papier Fournitures fabricant\" width=\"1000\" height=\"1000\" title=\"\" srcset=\"https:\/\/chinacustomboxes.com\/wp-content\/uploads\/2025\/08\/Callus-Remover-Nail-Brush-Paper-Drawer-Supplies-Manufacturer-3.jpg 1000w, https:\/\/chinacustomboxes.com\/wp-content\/uploads\/2025\/08\/Callus-Remover-Nail-Brush-Paper-Drawer-Supplies-Manufacturer-3-300x300.jpg 300w, https:\/\/chinacustomboxes.com\/wp-content\/uploads\/2025\/08\/Callus-Remover-Nail-Brush-Paper-Drawer-Supplies-Manufacturer-3-150x150.jpg 150w, https:\/\/chinacustomboxes.com\/wp-content\/uploads\/2025\/08\/Callus-Remover-Nail-Brush-Paper-Drawer-Supplies-Manufacturer-3-768x768.jpg 768w, https:\/\/chinacustomboxes.com\/wp-content\/uploads\/2025\/08\/Callus-Remover-Nail-Brush-Paper-Drawer-Supplies-Manufacturer-3-12x12.jpg 12w, https:\/\/chinacustomboxes.com\/wp-content\/uploads\/2025\/08\/Callus-Remover-Nail-Brush-Paper-Drawer-Supplies-Manufacturer-3-600x600.jpg 600w, https:\/\/chinacustomboxes.com\/wp-content\/uploads\/2025\/08\/Callus-Remover-Nail-Brush-Paper-Drawer-Supplies-Manufacturer-3-100x100.jpg 100w\" sizes=\"(max-width: 1000px) 100vw, 1000px\" \/><\/p>\n<h2 id=\"6-high-performance-eva-lining-suitable-for-odd-shaped-products\">6. Doublure en EVA haute performance : Convient aux produits de forme irr\u00e9guli\u00e8re<\/h2>\n<p>Pour r\u00e9pondre aux formes irr\u00e9guli\u00e8res des outils de soins personnels, nous avons choisi l'EVA comme produit de rev\u00eatement interne. En tant que nouveau mat\u00e9riau d'emballage plastique respectueux de l'environnement, l'EVA offre des propri\u00e9t\u00e9s exceptionnelles d'amortissement, d'absorption des chocs, d'isolation thermique, de r\u00e9sistance \u00e0 l'humidit\u00e9 et de r\u00e9sistance aux produits chimiques. Il peut \u00eatre fix\u00e9 et d\u00e9coup\u00e9 \u00e0 n'importe quelle forme, s'adaptant parfaitement aux besoins des produits de forme irr\u00e9guli\u00e8re et fournissant la d\u00e9fense la plus s\u00fbre et la plus s\u00e9curis\u00e9e pour vos articles.<\/p>\n<p><img loading=\"lazy\" decoding=\"async\" class=\"alignnone wp-image-2283 size-full\" src=\"https:\/\/chinacustomboxes.com\/wp-content\/uploads\/2025\/08\/Callus-Remover-Nail-Brush-Paper-Drawer-Supplies-Manufacturer-5.jpg\" alt=\"Dissolvant de callosit\u00e9s Brosse \u00e0 ongles Tiroir \u00e0 papier Fournitures fabricant\" width=\"1000\" height=\"1000\" title=\"\" srcset=\"https:\/\/chinacustomboxes.com\/wp-content\/uploads\/2025\/08\/Callus-Remover-Nail-Brush-Paper-Drawer-Supplies-Manufacturer-5.jpg 1000w, https:\/\/chinacustomboxes.com\/wp-content\/uploads\/2025\/08\/Callus-Remover-Nail-Brush-Paper-Drawer-Supplies-Manufacturer-5-300x300.jpg 300w, https:\/\/chinacustomboxes.com\/wp-content\/uploads\/2025\/08\/Callus-Remover-Nail-Brush-Paper-Drawer-Supplies-Manufacturer-5-150x150.jpg 150w, https:\/\/chinacustomboxes.com\/wp-content\/uploads\/2025\/08\/Callus-Remover-Nail-Brush-Paper-Drawer-Supplies-Manufacturer-5-768x768.jpg 768w, https:\/\/chinacustomboxes.com\/wp-content\/uploads\/2025\/08\/Callus-Remover-Nail-Brush-Paper-Drawer-Supplies-Manufacturer-5-12x12.jpg 12w, https:\/\/chinacustomboxes.com\/wp-content\/uploads\/2025\/08\/Callus-Remover-Nail-Brush-Paper-Drawer-Supplies-Manufacturer-5-600x600.jpg 600w, https:\/\/chinacustomboxes.com\/wp-content\/uploads\/2025\/08\/Callus-Remover-Nail-Brush-Paper-Drawer-Supplies-Manufacturer-5-100x100.jpg 100w\" sizes=\"(max-width: 1000px) 100vw, 1000px\" \/><\/p>\n<h2 id=\"7-72-hour-speedy-prototyping-performance-and-high-quality\">7. Prototypage rapide en 72 heures, performance et haute qualit\u00e9<\/h2>\n<p>Nous sommes conscients que le march\u00e9 \u00e9volue r\u00e9guli\u00e8rement et que l'efficacit\u00e9 est cruciale. C'est pourquoi nous nous engageons \u00e0 fournir un service de prototypage d\u00e9taill\u00e9 et rapide. \u00c0 partir du moment o\u00f9 vous confirmez votre conception, nous terminons la production et la v\u00e9rification de tous les \u00e9chantillons n\u00e9cessaires, c'est-\u00e0-dire la s\u00e9lection des mat\u00e9riaux, l'application de la proc\u00e9dure et la teinte d'impression, dans un d\u00e9lai de 72 heures, ce qui garantit que votre article sera mis sur le march\u00e9 le plus rapidement et le mieux possible.<\/p>","protected":false},"excerpt":{"rendered":"<p>Les bo\u00eetes \u00e0 tiroirs en papier pour les brosses \u00e0 ongles sont des contenants con\u00e7us pour ranger et organiser les brosses \u00e0 ongles, afin qu'elles restent propres, prot\u00e9g\u00e9es et facilement accessibles. Elles sont disponibles dans diff\u00e9rents styles et mat\u00e9riaux, allant de simples bo\u00eetes en plastique \u00e0 des bo\u00eetes plus \u00e9labor\u00e9es avec des compartiments individuels ou des finitions iris\u00e9es. Ces bo\u00eetes sont utiles \u00e0 la fois pour les proth\u00e9sistes ongulaires professionnels et pour les personnes qui aiment faire leur propre nail art \u00e0 la maison.<\/p>","protected":false},"featured_media":2281,"template":"","meta":{"_kad_post_transparent":"default","_kad_post_title":"","_kad_post_layout":"default","_kad_post_sidebar_id":"","_kad_post_content_style":"default","_kad_post_vertical_padding":"default","_kad_post_feature":"","_kad_post_feature_position":"","_kad_post_header":false,"_kad_post_footer":false,"_kad_post_classname":""},"product_brand":[],"product_cat":[15,17,28,20],"product_tag":[560,562,561],"class_list":{"0":"post-2278","1":"product","2":"type-product","3":"status-publish","4":"has-post-thumbnail","6":"product_cat-boxes-by-shapes","7":"product_cat-boxes-by-industries","8":"product_cat-cosmetic-packaging-boxes","9":"product_cat-drawer-style-boxes","10":"product_tag-callus-remover-drawer-boxes","11":"product_tag-nail-brush-paper-boxes","12":"product_tag-paper-drawer-boxes-manufacturer","14":"first","15":"instock","16":"shipping-taxable","17":"product-type-simple","18":"entry","19":"content-bg","20":"loop-entry"},"_links":{"self":[{"href":"https:\/\/chinacustomboxes.com\/fr\/wp-json\/wp\/v2\/product\/2278","targetHints":{"allow":["GET"]}}],"collection":[{"href":"https:\/\/chinacustomboxes.com\/fr\/wp-json\/wp\/v2\/product"}],"about":[{"href":"https:\/\/chinacustomboxes.com\/fr\/wp-json\/wp\/v2\/types\/product"}],"wp:featuredmedia":[{"embeddable":true,"href":"https:\/\/chinacustomboxes.com\/fr\/wp-json\/wp\/v2\/media\/2281"}],"wp:attachment":[{"href":"https:\/\/chinacustomboxes.com\/fr\/wp-json\/wp\/v2\/media?parent=2278"}],"wp:term":[{"taxonomy":"product_brand","embeddable":true,"href":"https:\/\/chinacustomboxes.com\/fr\/wp-json\/wp\/v2\/product_brand?post=2278"},{"taxonomy":"product_cat","embeddable":true,"href":"https:\/\/chinacustomboxes.com\/fr\/wp-json\/wp\/v2\/product_cat?post=2278"},{"taxonomy":"product_tag","embeddable":true,"href":"https:\/\/chinacustomboxes.com\/fr\/wp-json\/wp\/v2\/product_tag?post=2278"}],"curies":[{"name":"wp","href":"https:\/\/api.w.org\/{rel}","templated":true}]}}