{"id":2291,"date":"2025-08-21T03:44:11","date_gmt":"2025-08-21T03:44:11","guid":{"rendered":"https:\/\/chinacustomboxes.com\/?post_type=product&#038;p=2291"},"modified":"2025-08-21T05:56:24","modified_gmt":"2025-08-21T05:56:24","slug":"face-mask-cream-lotion-eye-mask-top-and-bottom-boxes-oem","status":"publish","type":"product","link":"https:\/\/chinacustomboxes.com\/fr\/face-mask-cream-lotion-eye-mask-top-and-bottom-boxes-oem\/","title":{"rendered":"Masque facial Cr\u00e8me Lotion Masque pour les yeux Bo\u00eetes sup\u00e9rieures et inf\u00e9rieures OEM"},"content":{"rendered":"<h2 id=\"face-mask-lotion-lotion-eye-mask-series-high-end-customized-skin-care-top-and-bottom-boxes-oem\">Masque pour le visage Lotion Lotion Masque pour les yeux Series High-End Customized Skin Care Top and Bottom Boxes OEM<\/h2>\n<h2 id=\"item-overview\">Aper\u00e7u des articles<\/h2>\n<p>Cette collection d'emballages en bo\u00eete, qui comprend <a href=\"https:\/\/chinacustomboxes.com\/fr\/lid-and-base-boxes\/\">bo\u00eetes sup\u00e9rieures et inf\u00e9rieures<\/a>La gamme de masques, de lotions, de masques pour les yeux et d'autres produits de soin et d'\u00e9l\u00e9gance est sp\u00e9cialement con\u00e7ue pour les masques, les lotions, les masques pour les yeux et d'autres produits de soin et d'\u00e9l\u00e9gance. Il allie sans effort une esth\u00e9tique minimaliste \u00e0 un savoir-faire artisanal splendide. Plus qu'un simple rev\u00eatement ext\u00e9rieur de s\u00e9curit\u00e9, il agit comme une expansion de la haute qualit\u00e9 de la marque et de l'exp\u00e9rience du client.<\/p>\n<h2 id=\"1-integrated-precision-opening-and-closing-structure\">1. Structure int\u00e9gr\u00e9e d'ouverture et de fermeture de pr\u00e9cision<\/h2>\n<p>La conception classique \"haut et bas\" offre une exp\u00e9rience d'ouverture et de fermeture int\u00e9gr\u00e9e in\u00e9gal\u00e9e. La d\u00e9coupe et le moulage de haute pr\u00e9cision garantissent que le couvercle et le corps s'embo\u00eetent sp\u00e9cifiquement, d\u00e9veloppant un ajustement en douceur lorsqu'ils sont ferm\u00e9s, ce qui donne un aspect lisse et int\u00e9gr\u00e9. La proc\u00e9dure d'ouverture et de fermeture est extr\u00eamement douce, avec simplement la bonne quantit\u00e9 d'amortissement, assurant un acc\u00e8s sans probl\u00e8me tout en fournissant une s\u00e9curit\u00e9 prot\u00e9g\u00e9e lorsqu'il est ferm\u00e9, stimulant un sentiment de qualit\u00e9 sup\u00e9rieure et de confiance.<\/p>\n<p><img fetchpriority=\"high\" decoding=\"async\" class=\"alignnone wp-image-2292 size-full\" src=\"https:\/\/chinacustomboxes.com\/wp-content\/uploads\/2025\/08\/Face-Mask-Cream-Lotion-Eye-Mask-Top-and-Bottom-Boxes-OEM-1.jpg\" alt=\"Masque facial Cr\u00e8me Lotion Masque pour les yeux Bo\u00eetes sup\u00e9rieures et inf\u00e9rieures OEM\" width=\"1000\" height=\"1000\" title=\"\" srcset=\"https:\/\/chinacustomboxes.com\/wp-content\/uploads\/2025\/08\/Face-Mask-Cream-Lotion-Eye-Mask-Top-and-Bottom-Boxes-OEM-1.jpg 1000w, https:\/\/chinacustomboxes.com\/wp-content\/uploads\/2025\/08\/Face-Mask-Cream-Lotion-Eye-Mask-Top-and-Bottom-Boxes-OEM-1-300x300.jpg 300w, https:\/\/chinacustomboxes.com\/wp-content\/uploads\/2025\/08\/Face-Mask-Cream-Lotion-Eye-Mask-Top-and-Bottom-Boxes-OEM-1-150x150.jpg 150w, https:\/\/chinacustomboxes.com\/wp-content\/uploads\/2025\/08\/Face-Mask-Cream-Lotion-Eye-Mask-Top-and-Bottom-Boxes-OEM-1-768x768.jpg 768w, https:\/\/chinacustomboxes.com\/wp-content\/uploads\/2025\/08\/Face-Mask-Cream-Lotion-Eye-Mask-Top-and-Bottom-Boxes-OEM-1-12x12.jpg 12w, https:\/\/chinacustomboxes.com\/wp-content\/uploads\/2025\/08\/Face-Mask-Cream-Lotion-Eye-Mask-Top-and-Bottom-Boxes-OEM-1-600x600.jpg 600w, https:\/\/chinacustomboxes.com\/wp-content\/uploads\/2025\/08\/Face-Mask-Cream-Lotion-Eye-Mask-Top-and-Bottom-Boxes-OEM-1-100x100.jpg 100w\" sizes=\"(max-width: 1000px) 100vw, 1000px\" \/><\/p>\n<h2 id=\"2-straightforward-smooth-modern-aesthetic-layout\">2. Une mise en page simple, lisse et moderne<\/h2>\n<p>Les lignes \u00e9pur\u00e9es de l'emballage \u00e9vitent toute fioriture inutile, symbolisant un sentiment de force et de haut de gamme dans sa forme la plus pure. Ce style minimal le rend extr\u00eamement polyvalent et parfaitement adapt\u00e9 aux besoins d'emballage des produits de luxe, des cosm\u00e9tiques haut de gamme et des cadeaux haut de gamme, qui exigent un niveau \u00e9lev\u00e9 de qualit\u00e9, am\u00e9liorant ainsi la notori\u00e9t\u00e9 de la marque.<\/p>\n<h2 id=\"3-excellent-load-bearing-capacity-and-storage-stability\">3. Excellente capacit\u00e9 de charge et stabilit\u00e9 de stockage<\/h2>\n<p>Le style architectural tient compte de l'aspect pratique. Le fond renforc\u00e9 offre une excellente capacit\u00e9 de charge, prot\u00e9geant efficacement l'int\u00e9rieur du produit contre l'\u00e9crasement. M\u00eame lorsqu'il est empil\u00e9 en plusieurs couches pendant le stockage ou le transport, le <a href=\"https:\/\/chinacustomboxes.com\/fr\/\">bo\u00eete<\/a> reste robuste et r\u00e9siste \u00e0 la d\u00e9formation, ce qui r\u00e9pond parfaitement aux crit\u00e8res \u00e9lev\u00e9s de stabilit\u00e9 des emballages exig\u00e9s par la logistique contemporaine.<\/p>\n<p><img decoding=\"async\" class=\"alignnone wp-image-2294 size-full\" src=\"https:\/\/chinacustomboxes.com\/wp-content\/uploads\/2025\/08\/Face-Mask-Cream-Lotion-Eye-Mask-Top-and-Bottom-Boxes-OEM-3.jpg\" alt=\"Masque facial Cr\u00e8me Lotion Masque pour les yeux Bo\u00eetes sup\u00e9rieures et inf\u00e9rieures OEM\" width=\"1000\" height=\"1000\" title=\"\" srcset=\"https:\/\/chinacustomboxes.com\/wp-content\/uploads\/2025\/08\/Face-Mask-Cream-Lotion-Eye-Mask-Top-and-Bottom-Boxes-OEM-3.jpg 1000w, https:\/\/chinacustomboxes.com\/wp-content\/uploads\/2025\/08\/Face-Mask-Cream-Lotion-Eye-Mask-Top-and-Bottom-Boxes-OEM-3-300x300.jpg 300w, https:\/\/chinacustomboxes.com\/wp-content\/uploads\/2025\/08\/Face-Mask-Cream-Lotion-Eye-Mask-Top-and-Bottom-Boxes-OEM-3-150x150.jpg 150w, https:\/\/chinacustomboxes.com\/wp-content\/uploads\/2025\/08\/Face-Mask-Cream-Lotion-Eye-Mask-Top-and-Bottom-Boxes-OEM-3-768x768.jpg 768w, https:\/\/chinacustomboxes.com\/wp-content\/uploads\/2025\/08\/Face-Mask-Cream-Lotion-Eye-Mask-Top-and-Bottom-Boxes-OEM-3-12x12.jpg 12w, https:\/\/chinacustomboxes.com\/wp-content\/uploads\/2025\/08\/Face-Mask-Cream-Lotion-Eye-Mask-Top-and-Bottom-Boxes-OEM-3-600x600.jpg 600w, https:\/\/chinacustomboxes.com\/wp-content\/uploads\/2025\/08\/Face-Mask-Cream-Lotion-Eye-Mask-Top-and-Bottom-Boxes-OEM-3-100x100.jpg 100w\" sizes=\"(max-width: 1000px) 100vw, 1000px\" \/><\/p>\n<h2 id=\"4-picked-composite-products-for-resilience\">4. Choix de produits composites pour leur r\u00e9silience<\/h2>\n<p>Nous utilisons du papier couch\u00e9 double face C2S de 157 g comme papier frontal, qui pr\u00e9sente une grande surface lisse et une grande recr\u00e9ation des couleurs. La doublure interne est constitu\u00e9e d'un carton haute densit\u00e9 de 1200 g. Le meilleur m\u00e9lange de ces deux mat\u00e9riaux offre au produit <a href=\"https:\/\/chinacustomboxes.com\/fr\/brand-double-door-box-for-skincare-bottle-fragrance-perfume\/\">l'emballage<\/a> Une r\u00e9sistance et une durabilit\u00e9 exceptionnelles, offrant une protection supr\u00eame \u00e0 votre article.<\/p>\n<h2 id=\"5-warm-stamping-in-red-gold-for-an-extravagant-and-celebratory-sense\">5. Un marquage chaleureux en or rouge pour un sens de l'extravagance et de la c\u00e9l\u00e9bration<\/h2>\n<p>L'inscription \"Logo\" et le c\u00e9l\u00e8bre motif augment\u00e9 sur la couverture sont exceptionnellement estamp\u00e9s \u00e0 chaud en or rouge. Cette technique cr\u00e9e non seulement une influence visuelle solide et un sentiment d'extravagance et de haut de gamme, mais son \u00e9clat m\u00e9tallique unique maintient une qualit\u00e9 et une beaut\u00e9 remarquables, m\u00eame sous une lumi\u00e8re intense. Chaque ouverture de l'emballage est une exp\u00e9rience c\u00e9r\u00e9monielle de la marque.<\/p>\n<p><img decoding=\"async\" class=\"alignnone wp-image-2295 size-full\" src=\"https:\/\/chinacustomboxes.com\/wp-content\/uploads\/2025\/08\/Face-Mask-Cream-Lotion-Eye-Mask-Top-and-Bottom-Boxes-OEM-4.jpg\" alt=\"Masque facial Cr\u00e8me Lotion Masque pour les yeux Bo\u00eetes sup\u00e9rieures et inf\u00e9rieures OEM\" width=\"800\" height=\"800\" title=\"\" srcset=\"https:\/\/chinacustomboxes.com\/wp-content\/uploads\/2025\/08\/Face-Mask-Cream-Lotion-Eye-Mask-Top-and-Bottom-Boxes-OEM-4.jpg 800w, https:\/\/chinacustomboxes.com\/wp-content\/uploads\/2025\/08\/Face-Mask-Cream-Lotion-Eye-Mask-Top-and-Bottom-Boxes-OEM-4-300x300.jpg 300w, https:\/\/chinacustomboxes.com\/wp-content\/uploads\/2025\/08\/Face-Mask-Cream-Lotion-Eye-Mask-Top-and-Bottom-Boxes-OEM-4-150x150.jpg 150w, https:\/\/chinacustomboxes.com\/wp-content\/uploads\/2025\/08\/Face-Mask-Cream-Lotion-Eye-Mask-Top-and-Bottom-Boxes-OEM-4-768x768.jpg 768w, https:\/\/chinacustomboxes.com\/wp-content\/uploads\/2025\/08\/Face-Mask-Cream-Lotion-Eye-Mask-Top-and-Bottom-Boxes-OEM-4-12x12.jpg 12w, https:\/\/chinacustomboxes.com\/wp-content\/uploads\/2025\/08\/Face-Mask-Cream-Lotion-Eye-Mask-Top-and-Bottom-Boxes-OEM-4-600x600.jpg 600w, https:\/\/chinacustomboxes.com\/wp-content\/uploads\/2025\/08\/Face-Mask-Cream-Lotion-Eye-Mask-Top-and-Bottom-Boxes-OEM-4-100x100.jpg 100w\" sizes=\"(max-width: 800px) 100vw, 800px\" \/><\/p>\n<h2 id=\"6-ultra-fast-oem-modification-solution\">6. Solution de modification OEM ultra-rapide<\/h2>\n<p>Nous comprenons l'importance du temps pour les marques. C'est pourquoi nous nous engageons \u00e0 fournir des solutions de r\u00e9ponse rapide \u00e0 la pointe de l'industrie :.<\/p>\n<p>Fabrication d'un exemple en une heure : Apr\u00e8s autorisation de la mise en page, nous pouvons cr\u00e9er le premier exemple en une heure seulement.<\/p>\n<p>Assistance \u00e0 la v\u00e9rification en 3 heures : La combinaison de mat\u00e9riaux et de proc\u00e9d\u00e9s que vous avez choisie peut \u00eatre v\u00e9rifi\u00e9e en 3 heures afin de garantir la qualit\u00e9 et l'efficacit\u00e9 de la derni\u00e8re fabrication.<\/p>","protected":false},"excerpt":{"rendered":"<p>Cette bo\u00eete d'emballage de produits de premi\u00e8re qualit\u00e9, fabriqu\u00e9e sur mesure, pr\u00e9sente une structure intemporelle de couverture de bo\u00eetes sup\u00e9rieure et inf\u00e9rieure, fabriqu\u00e9e \u00e0 partir de carton haute densit\u00e9 de 1200 g et de papier d'art de 157 g. Elle est durable et r\u00e9sistante, id\u00e9ale pour l'empilage et l'exp\u00e9dition. Elle est durable et r\u00e9sistante, id\u00e9ale pour l'empilage et l'exp\u00e9dition. Ses lignes \u00e9pur\u00e9es et sa pr\u00e9sentation minimaliste et haut de gamme en font une excellente solution pour l'emballage de produits de beaut\u00e9 et de produits haut de gamme. Le motif unique d'or grav\u00e9 \u00e0 chaud sur le couvercle apporte une touche de haut de gamme, renfor\u00e7ant le sentiment de f\u00eate lors de l'ouverture de l'emballage. Nous fournissons des services OEM efficaces, comprenant la production d'\u00e9chantillons en une heure et la v\u00e9rification de la proc\u00e9dure en trois heures, ce qui en fait l'option parfaite pour d\u00e9velopper une exp\u00e9rience de marque haut de gamme.<\/p>","protected":false},"featured_media":2292,"template":"","meta":{"_kad_post_transparent":"default","_kad_post_title":"","_kad_post_layout":"default","_kad_post_sidebar_id":"","_kad_post_content_style":"default","_kad_post_vertical_padding":"default","_kad_post_feature":"","_kad_post_feature_position":"","_kad_post_header":false,"_kad_post_footer":false,"_kad_post_classname":""},"product_brand":[],"product_cat":[15,17,28,20],"product_tag":[567,566,565],"class_list":{"0":"post-2291","1":"product","2":"type-product","3":"status-publish","4":"has-post-thumbnail","6":"product_cat-boxes-by-shapes","7":"product_cat-boxes-by-industries","8":"product_cat-cosmetic-packaging-boxes","9":"product_cat-drawer-style-boxes","10":"product_tag-eye-mask-top-and-bottom-boxes","11":"product_tag-face-cream-lotion-boxes","12":"product_tag-face-mask-boxes","14":"first","15":"instock","16":"shipping-taxable","17":"product-type-simple","18":"entry","19":"content-bg","20":"loop-entry"},"_links":{"self":[{"href":"https:\/\/chinacustomboxes.com\/fr\/wp-json\/wp\/v2\/product\/2291","targetHints":{"allow":["GET"]}}],"collection":[{"href":"https:\/\/chinacustomboxes.com\/fr\/wp-json\/wp\/v2\/product"}],"about":[{"href":"https:\/\/chinacustomboxes.com\/fr\/wp-json\/wp\/v2\/types\/product"}],"wp:featuredmedia":[{"embeddable":true,"href":"https:\/\/chinacustomboxes.com\/fr\/wp-json\/wp\/v2\/media\/2292"}],"wp:attachment":[{"href":"https:\/\/chinacustomboxes.com\/fr\/wp-json\/wp\/v2\/media?parent=2291"}],"wp:term":[{"taxonomy":"product_brand","embeddable":true,"href":"https:\/\/chinacustomboxes.com\/fr\/wp-json\/wp\/v2\/product_brand?post=2291"},{"taxonomy":"product_cat","embeddable":true,"href":"https:\/\/chinacustomboxes.com\/fr\/wp-json\/wp\/v2\/product_cat?post=2291"},{"taxonomy":"product_tag","embeddable":true,"href":"https:\/\/chinacustomboxes.com\/fr\/wp-json\/wp\/v2\/product_tag?post=2291"}],"curies":[{"name":"wp","href":"https:\/\/api.w.org\/{rel}","templated":true}]}}