{"id":2297,"date":"2025-08-21T05:57:01","date_gmt":"2025-08-21T05:57:01","guid":{"rendered":"https:\/\/chinacustomboxes.com\/?post_type=product&#038;p=2297"},"modified":"2025-08-21T06:22:12","modified_gmt":"2025-08-21T06:22:12","slug":"hydrosol-derma-rolling-system-magnetic-closure-boxes-factory","status":"publish","type":"product","link":"https:\/\/chinacustomboxes.com\/fr\/hydrosol-derma-rolling-system-magnetic-closure-boxes-factory\/","title":{"rendered":"Hydrosol Derma Rolling System Bo\u00eetes \u00e0 fermeture magn\u00e9tique Factory"},"content":{"rendered":"<h2 id=\"hydrosol-derma-rolling-system-magnetic-closure-box\">Bo\u00eetes \u00e0 fermeture magn\u00e9tique Hydrosol Derma Rolling System<\/h2>\n<p>Le syst\u00e8me Hydrosol Derma Rolling est unique en son genre. <a href=\"https:\/\/chinacustomboxes.com\/fr\/magnetic-closure-boxes\/\">bo\u00eetes \u00e0 fermeture magn\u00e9tique<\/a>Cette bo\u00eete int\u00e8gre un style \u00e9l\u00e9gant, une capacit\u00e9 sup\u00e9rieure et un savoir-faire splendide pour renforcer l'image de votre marque et l'exp\u00e9rience de vos clients. Sa qualit\u00e9 extraordinaire est \u00e9vidente d\u00e8s que vous l'ouvrez.<\/p>\n<h2 id=\"1-easy-opening-and-closing-smooth-experience-\">1.\u00a0<strong>Ouverture et fermeture faciles, exp\u00e9rience fluide<\/strong><\/h2>\n<p>Le syst\u00e8me de fermeture magn\u00e9tique unique permet d'ouvrir et de fermer le couvercle en toute simplicit\u00e9. Facile \u00e0 manipuler d'une seule main, le couvercle se met en place avec pr\u00e9cision et se referme rapidement. Cela permet non seulement d'obtenir une exp\u00e9rience fluide, mais aussi de garantir la s\u00e9curit\u00e9 et la commodit\u00e9 des outils de charme \u00e0 l'int\u00e9rieur pendant le transport et le stockage.<\/p>\n<p><img fetchpriority=\"high\" decoding=\"async\" class=\"alignnone wp-image-2299 size-full\" src=\"https:\/\/chinacustomboxes.com\/wp-content\/uploads\/2025\/08\/Hydrosol-Derma-Rolling-System-Magnetic-Closure-Boxes-Factory-2.jpg\" alt=\"Hydrosol Derma Rolling System Bo\u00eetes \u00e0 fermeture magn\u00e9tique Factory\" width=\"1000\" height=\"1000\" title=\"\" srcset=\"https:\/\/chinacustomboxes.com\/wp-content\/uploads\/2025\/08\/Hydrosol-Derma-Rolling-System-Magnetic-Closure-Boxes-Factory-2.jpg 1000w, https:\/\/chinacustomboxes.com\/wp-content\/uploads\/2025\/08\/Hydrosol-Derma-Rolling-System-Magnetic-Closure-Boxes-Factory-2-300x300.jpg 300w, https:\/\/chinacustomboxes.com\/wp-content\/uploads\/2025\/08\/Hydrosol-Derma-Rolling-System-Magnetic-Closure-Boxes-Factory-2-150x150.jpg 150w, https:\/\/chinacustomboxes.com\/wp-content\/uploads\/2025\/08\/Hydrosol-Derma-Rolling-System-Magnetic-Closure-Boxes-Factory-2-768x768.jpg 768w, https:\/\/chinacustomboxes.com\/wp-content\/uploads\/2025\/08\/Hydrosol-Derma-Rolling-System-Magnetic-Closure-Boxes-Factory-2-12x12.jpg 12w, https:\/\/chinacustomboxes.com\/wp-content\/uploads\/2025\/08\/Hydrosol-Derma-Rolling-System-Magnetic-Closure-Boxes-Factory-2-600x600.jpg 600w, https:\/\/chinacustomboxes.com\/wp-content\/uploads\/2025\/08\/Hydrosol-Derma-Rolling-System-Magnetic-Closure-Boxes-Factory-2-100x100.jpg 100w\" sizes=\"(max-width: 1000px) 100vw, 1000px\" \/><\/p>\n<h2 id=\"2-multifunctional-storage-space-neat-and-organized-\">2.\u00a0<strong>Espace de rangement multifonctionnel, propre et organis\u00e9<\/strong><\/h2>\n<p>Le pr\u00e9sent <a href=\"https:\/\/chinacustomboxes.com\/fr\/\">bo\u00eetes<\/a> comprend un cadre robuste mais de petite taille qui permet de tirer le meilleur parti de l'espace int\u00e9rieur. Il permet de ranger proprement un rouleau Derma, une planche de gua sha, une \u00e9ponge de beaut\u00e9 et d'autres outils \u00e9l\u00e9gants. Qu'il s'agisse d'un rangement quotidien ou d'un voyage, il permet de tout ranger et d'embellir.<\/p>\n<h2 id=\"3-eco-friendly-products-durable-and-strong-\">3.\u00a0<strong>Produits respectueux de l'environnement, durables et solides<\/strong><\/h2>\n<p>Les bo\u00eetes sont fabriqu\u00e9es \u00e0 partir de papier couvert \u00e0 haute r\u00e9sistance et am\u00e9lior\u00e9es pour atteindre l'\u00e9quilibre parfait entre la l\u00e9g\u00e8ret\u00e9 et une capacit\u00e9 de charge exceptionnelle. Sa superbe r\u00e9sistance \u00e0 la pression et \u00e0 la d\u00e9formation prot\u00e8ge efficacement les composants des forces ext\u00e9rieures. En outre, nous choisissons des mat\u00e9riaux qui respectent des m\u00e9thodes durables, ce qui t\u00e9moigne de notre engagement en faveur de l'\u00e9cologie.<\/p>\n<p><img decoding=\"async\" class=\"alignnone wp-image-2301 size-full\" src=\"https:\/\/chinacustomboxes.com\/wp-content\/uploads\/2025\/08\/Hydrosol-Derma-Rolling-System-Magnetic-Closure-Boxes-Factory-4.jpg\" alt=\"Hydrosol Derma Rolling System Bo\u00eetes \u00e0 fermeture magn\u00e9tique Factory\" width=\"1000\" height=\"1000\" title=\"\" srcset=\"https:\/\/chinacustomboxes.com\/wp-content\/uploads\/2025\/08\/Hydrosol-Derma-Rolling-System-Magnetic-Closure-Boxes-Factory-4.jpg 1000w, https:\/\/chinacustomboxes.com\/wp-content\/uploads\/2025\/08\/Hydrosol-Derma-Rolling-System-Magnetic-Closure-Boxes-Factory-4-300x300.jpg 300w, https:\/\/chinacustomboxes.com\/wp-content\/uploads\/2025\/08\/Hydrosol-Derma-Rolling-System-Magnetic-Closure-Boxes-Factory-4-150x150.jpg 150w, https:\/\/chinacustomboxes.com\/wp-content\/uploads\/2025\/08\/Hydrosol-Derma-Rolling-System-Magnetic-Closure-Boxes-Factory-4-768x768.jpg 768w, https:\/\/chinacustomboxes.com\/wp-content\/uploads\/2025\/08\/Hydrosol-Derma-Rolling-System-Magnetic-Closure-Boxes-Factory-4-12x12.jpg 12w, https:\/\/chinacustomboxes.com\/wp-content\/uploads\/2025\/08\/Hydrosol-Derma-Rolling-System-Magnetic-Closure-Boxes-Factory-4-600x600.jpg 600w, https:\/\/chinacustomboxes.com\/wp-content\/uploads\/2025\/08\/Hydrosol-Derma-Rolling-System-Magnetic-Closure-Boxes-Factory-4-100x100.jpg 100w\" sizes=\"(max-width: 1000px) 100vw, 1000px\" \/><\/p>\n<h2 id=\"4-accuracy-molding-charming-craftsmanship-\">4.\u00a0<strong>Moulage de pr\u00e9cision, artisanat de charme<\/strong><\/h2>\n<p>Gr\u00e2ce \u00e0 des proc\u00e9dures sophistiqu\u00e9es de d\u00e9coupe au laser et de moulage de haute pr\u00e9cision, nous veillons \u00e0 ce que chaque centim\u00e8tre carr\u00e9 de l'emballage soit lisse et parfaitement construit. Cela permet non seulement d'ouvrir et de fermer le couvercle en douceur, mais aussi d'adapter parfaitement le cadre int\u00e9rieur aux formes particuli\u00e8res des diff\u00e9rents appareils, afin de les prot\u00e9ger.<\/p>\n<h2 id=\"5-soft-and-luxurious-a-visual-feast-\">5.\u00a0<strong>Douceur et luxe, un r\u00e9gal visuel<\/strong><\/h2>\n<p>Le style est le c\u0153ur et l'\u00e2me de cette <a href=\"https:\/\/chinacustomboxes.com\/fr\/luxury-paper-gift-bags-for-cosmetics-perfume-distributors\/\">l'emballage<\/a>. L'ensemble des bo\u00eetes est habill\u00e9 d'un doux motif de marbre rose-violet. Sa circulation naturelle et sa couleur \u00e9l\u00e9gante r\u00e9pondent parfaitement aux choix esth\u00e9tiques des consommatrices. Des accents g\u00e9om\u00e9triques dor\u00e9s ajoutent une touche contemporaine haut de gamme \u00e0 la base douce, produisant un visuel \u00e0 la fois simple et raffin\u00e9.<\/p>\n<p><img decoding=\"async\" class=\"alignnone wp-image-2300 size-full\" src=\"https:\/\/chinacustomboxes.com\/wp-content\/uploads\/2025\/08\/Hydrosol-Derma-Rolling-System-Magnetic-Closure-Boxes-Factory-3.jpg\" alt=\"Hydrosol Derma Rolling System Bo\u00eetes \u00e0 fermeture magn\u00e9tique Factory\" width=\"1000\" height=\"1000\" title=\"\" srcset=\"https:\/\/chinacustomboxes.com\/wp-content\/uploads\/2025\/08\/Hydrosol-Derma-Rolling-System-Magnetic-Closure-Boxes-Factory-3.jpg 1000w, https:\/\/chinacustomboxes.com\/wp-content\/uploads\/2025\/08\/Hydrosol-Derma-Rolling-System-Magnetic-Closure-Boxes-Factory-3-300x300.jpg 300w, https:\/\/chinacustomboxes.com\/wp-content\/uploads\/2025\/08\/Hydrosol-Derma-Rolling-System-Magnetic-Closure-Boxes-Factory-3-150x150.jpg 150w, https:\/\/chinacustomboxes.com\/wp-content\/uploads\/2025\/08\/Hydrosol-Derma-Rolling-System-Magnetic-Closure-Boxes-Factory-3-768x768.jpg 768w, https:\/\/chinacustomboxes.com\/wp-content\/uploads\/2025\/08\/Hydrosol-Derma-Rolling-System-Magnetic-Closure-Boxes-Factory-3-12x12.jpg 12w, https:\/\/chinacustomboxes.com\/wp-content\/uploads\/2025\/08\/Hydrosol-Derma-Rolling-System-Magnetic-Closure-Boxes-Factory-3-600x600.jpg 600w, https:\/\/chinacustomboxes.com\/wp-content\/uploads\/2025\/08\/Hydrosol-Derma-Rolling-System-Magnetic-Closure-Boxes-Factory-3-100x100.jpg 100w\" sizes=\"(max-width: 1000px) 100vw, 1000px\" \/><\/p>\n<h2 id=\"6-hot-stamping-highlights-superior-top-quality-\">6.\u00a0<strong>L'estampage \u00e0 chaud souligne la qualit\u00e9 sup\u00e9rieure<\/strong><\/h2>\n<p>Pour renforcer encore l'impact visuel et la valeur de la marque, nous utilisons une technologie de marquage \u00e0 chaud de pr\u00e9cision sur les logos et les lignes de style essentiels. L'\u00e9clat du m\u00e9tal et le relief tridimensionnel cr\u00e9\u00e9s par le marquage \u00e0 chaud augmentent non seulement la qualit\u00e9 totale de l'emballage du produit, mais le diff\u00e9rencient \u00e9galement des autres produits, ce qui en fait un choix optimal pour la pr\u00e9sentation de produits cosm\u00e9tiques haut de gamme.<\/p>\n<h2 id=\"7-flexible-modification-to-fulfill-your-demands-\">7.\u00a0<strong>Des modifications souples pour r\u00e9pondre \u00e0 vos besoins<\/strong><\/h2>\n<p>Nous comprenons les divers besoins des diff\u00e9rentes marques et des diff\u00e9rents produits. Par cons\u00e9quent, le cadre du rev\u00eatement de l'emballage peut \u00eatre enti\u00e8rement adapt\u00e9 pour r\u00e9pondre \u00e0 vos exigences particuli\u00e8res. Qu'il s'agisse de rouleaux de diff\u00e9rentes tailles, de lames de gua sha de forme personnalis\u00e9e ou d'autres produits cosm\u00e9tiques ou dispositifs, nous fournissons des services personnalis\u00e9s pour assurer une compatibilit\u00e9 parfaite.<\/p>","protected":false},"excerpt":{"rendered":"<p>La bo\u00eete \u00e0 fermeture magn\u00e9tique Hydrosol Derma Rolling System est une solution de rangement sp\u00e9cialement con\u00e7ue pour les appareils \u00e9l\u00e9gants haut de gamme. Sa fermeture magn\u00e9tique permet de l'ouvrir et de la fermer tr\u00e8s facilement d'une seule main, tout en garantissant la s\u00e9curit\u00e9 et les avantages. La bo\u00eete durable et portable est fabriqu\u00e9e \u00e0 partir de papier stratifi\u00e9 tr\u00e8s r\u00e9sistant, ce qui la rend l\u00e9g\u00e8re et r\u00e9sistante \u00e0 la pression, et permet de ranger toute une s\u00e9rie d'appareils, y compris les rouleaux de massage et les planches de guasha. Son doux motif de marbre rose-violet, compl\u00e9t\u00e9 par des lignes g\u00e9om\u00e9triques dor\u00e9es, donne une impression de luxe qui met parfaitement en valeur l'aspect f\u00e9minin. La r\u00e9duction au laser et le moulage de pr\u00e9cision garantissent une exp\u00e9rience d'utilisation sans faille et un ajustement pr\u00e9cis \u00e0 l'int\u00e9rieur de l'emballage. La doublure peut \u00e9galement \u00eatre personnalis\u00e9e en fonction de vos besoins, ce qui en fait un excellent choix pour am\u00e9liorer l'image de votre marque.<\/p>","protected":false},"featured_media":2299,"template":"","meta":{"_kad_post_transparent":"default","_kad_post_title":"","_kad_post_layout":"default","_kad_post_sidebar_id":"","_kad_post_content_style":"default","_kad_post_vertical_padding":"default","_kad_post_feature":"","_kad_post_feature_position":"","_kad_post_header":false,"_kad_post_footer":false,"_kad_post_classname":""},"product_brand":[],"product_cat":[15,17,28,18],"product_tag":[569,568,570],"class_list":{"0":"post-2297","1":"product","2":"type-product","3":"status-publish","4":"has-post-thumbnail","6":"product_cat-boxes-by-shapes","7":"product_cat-boxes-by-industries","8":"product_cat-cosmetic-packaging-boxes","9":"product_cat-magnetic-closure-boxes","10":"product_tag-derma-rolling-system-boxes","11":"product_tag-hydrosol-magnetic-closure-boxes","12":"product_tag-magnetic-closure-boxes-factory","14":"first","15":"instock","16":"shipping-taxable","17":"product-type-simple","18":"entry","19":"content-bg","20":"loop-entry"},"_links":{"self":[{"href":"https:\/\/chinacustomboxes.com\/fr\/wp-json\/wp\/v2\/product\/2297","targetHints":{"allow":["GET"]}}],"collection":[{"href":"https:\/\/chinacustomboxes.com\/fr\/wp-json\/wp\/v2\/product"}],"about":[{"href":"https:\/\/chinacustomboxes.com\/fr\/wp-json\/wp\/v2\/types\/product"}],"wp:featuredmedia":[{"embeddable":true,"href":"https:\/\/chinacustomboxes.com\/fr\/wp-json\/wp\/v2\/media\/2299"}],"wp:attachment":[{"href":"https:\/\/chinacustomboxes.com\/fr\/wp-json\/wp\/v2\/media?parent=2297"}],"wp:term":[{"taxonomy":"product_brand","embeddable":true,"href":"https:\/\/chinacustomboxes.com\/fr\/wp-json\/wp\/v2\/product_brand?post=2297"},{"taxonomy":"product_cat","embeddable":true,"href":"https:\/\/chinacustomboxes.com\/fr\/wp-json\/wp\/v2\/product_cat?post=2297"},{"taxonomy":"product_tag","embeddable":true,"href":"https:\/\/chinacustomboxes.com\/fr\/wp-json\/wp\/v2\/product_tag?post=2297"}],"curies":[{"name":"wp","href":"https:\/\/api.w.org\/{rel}","templated":true}]}}